{"id":10074,"date":"2025-05-11T09:39:42","date_gmt":"2025-05-11T09:39:42","guid":{"rendered":"https:\/\/iberoid.com\/?post_type=product&#038;p=10074"},"modified":"2026-01-25T12:35:57","modified_gmt":"2026-01-25T12:35:57","slug":"boldenon-onatario-pharma","status":"publish","type":"product","link":"https:\/\/iberoid.com\/pt\/product\/boldenon-onatario-pharma\/","title":{"rendered":"Boldenone Undecylenate 200mg\/ml"},"content":{"rendered":"<p><\/p>\n<p data-sourcepos=\"1:1-1:1270\">A <strong>Boldenona Undecilenato<\/strong> \u00e9 um esteroide injet\u00e1vel de uso veterin<span class=\"citation-34\">\u00e1rio. \u00c9 um derivado da testosterona que exibe <\/span><strong><span class=\"citation-34\">fortes propriedades anab\u00f3licas e moderadamente androg\u00eanicas<\/span><\/strong><span class=\"citation-34 citation-end-34\">. O \u00e9ster undecilenato<\/span> prolonga significativamente a atividade da droga (o \u00e9ster undecilenato \u00e9 apenas um \u00e1tomo de carbono mais longo <span class=\"citation-33 citation-end-33\">que o decanoato), de modo que, clinicamente, as inje\u00e7\u00f5es precisam ser repetidas a cada tr\u00eas ou quatro semanas. No campo veterin\u00e1rio, o Equipoise<\/span> \u00e9 mais utilizado em cavalos, exibindo um efeito pronunciado no peso corporal magro, apetite e disposi\u00e7\u00e3o geral do animal. Como todos os esteroides, este composto demonstra uma not\u00e1vel capacidade de <strong><span class=\"citation-32\">aumentar a produ\u00e7\u00e3o de gl\u00f3bulos vermelhos<\/span><\/strong><span class=\"citation-32 citation-end-32\">. Nos \u00faltimos anos, este composto tornou-se um favorito entre os atletas. Muitos o consideram um substituto ideal<\/span> para o Deca-Durabolin. O Equipoise n\u00e3o \u00e9 um construtor de massa r\u00e1pido, mas proporcionar\u00e1 <strong>ganhos lentos e constantes de for\u00e7a e massa muscular de alta qualidade<\/strong>. Os efeitos mais positivos desta droga s\u00e3o observados quando utilizada em ciclos mais longos, geralmente com dura\u00e7\u00e3o m\u00ednima de 10 semanas. O m\u00fasculo ganho n\u00e3o deve ser o volume liso visto com andr\u00f3genos, mas sim um aspecto muito definido e s\u00f3lido.<\/p>\n<hr data-sourcepos=\"3:1-3:3\" \/>\n<h3 data-sourcepos=\"5:1-5:12\">Conte\u00fado<\/h3>\n<p data-sourcepos=\"6:1-6:47\">200mg\/ml de Boldenona Undecilenato (10 ampolas)<\/p>\n<hr data-sourcepos=\"8:1-8:3\" \/>\n<h3 data-sourcepos=\"10:1-10:25\">Nomes Qu\u00ed<span class=\"citation-31\">micos<\/span><\/h3>\n<p data-sourcepos=\"11:1-11:57\"><span class=\"citation-31\">1,4 androstadieno-3-ona, 17beta-ol, 1-desidrotestosterona<\/span><\/p>\n<hr data-sourcepos=\"13:1-13:3\" \/>\n<h3 data-sourcepos=\"15:1-15:22\"><span class=\"citation-31\">Efeitos Colaterais<\/span><\/h3>\n<p data-sourcepos=\"16:1-16:1167\"><span class=\"citation-31\">Os <\/span><strong><span class=\"citation-31\">efeitos colaterais<\/span><\/strong><span class=\"citation-31 citation-end-31\"> do Equipoise s\u00e3o geralmente leves. A estrutura da boldenona<\/span> permite sua convers\u00e3o em estrog\u00eanio, mas n\u00e3o possui uma afinidade extremamente alta para isso. Se analisarmos estudos de aromatiza\u00e7\u00e3o, eles sugerem que sua taxa de convers\u00e3o em estrog\u00eanio deve ser cerca da metade da testosterona. A <strong>reten\u00e7\u00e3o h\u00eddrica<\/strong> com esta droga <span class=\"citation-30 citation-end-30\">seria, portanto, ligeiramente superior \u00e0 do Deca-Durabolin (com uma convers\u00e3o estimada de 20%), mas muito menor do que encontrar\u00edamos com um composto mais forte como a Testosterona. Embora ainda haja uma chance de encontrar<\/span> efeitos colaterais relacionados ao estrog\u00eanio ao usar Equipoise, problemas geralmente n\u00e3o s\u00e3o encontrados em dosagens moderadas. <span class=\"citation-29\">A <\/span><strong><span class=\"citation-29\">ginecomastia<\/span><\/strong><span class=\"citation-29\"> pode se tornar um problema, mas geralmente apenas em indiv\u00edduos muito sens\u00edveis ou (novamente) naqueles <\/span><span class=\"citation-28 citation-29 citation-end-29\">que usam dosagens mais<\/span><span class=\"citation-28 citation-end-28\"> altas. Se os efeitos estrog\u00eanicos se tornarem um problema, a adi\u00e7\u00e3o de Nolvadex deve tornar o ciclo mais toler\u00e1vel. Um antiaromatase<\/span> como Arimidex, Femara ou Aromasin seria uma op\u00e7\u00e3o mais forte, embora provavelmente n\u00e3o seja necess\u00e1ria com uma droga t\u00e3o branda.<\/p>\n<hr data-sourcepos=\"18:1-18:3\" \/>\n<h3 data-sourcepos=\"20:1-20:17\">Administra\u00e7\u00e3o<\/h3>\n<p data-sourcepos=\"21:1-21:237\">Para manter n\u00edveis sangu\u00edneos est\u00e1veis, o <span class=\"citation-27\">Equipoise deve ser injetado pelo menos uma vez por semana. \u00c9 mais comumente usado em uma dosagem de <\/span><strong><span class=\"citation-27\">400-600mg por semana para homens<\/span><\/strong> e <strong>50-150 mg semanalmente para mulheres<\/strong>.<\/p>\n<p><\/p>","protected":false},"excerpt":{"rendered":"<p>A Boldenona Undecilenato \u00e9 um esteroide injet\u00e1vel de uso veterin\u00e1rio. \u00c9 um derivado da testosterona que exibe fortes propriedades anab\u00f3licas<\/p>\n","protected":false},"featured_media":10075,"comment_status":"open","ping_status":"closed","template":"","meta":[],"product_brand":[],"product_cat":[69],"product_tag":[],"class_list":{"0":"post-10074","1":"product","2":"type-product","3":"status-publish","4":"has-post-thumbnail","6":"product_cat-esteroides_inyectables","8":"first","9":"outofstock","10":"shipping-taxable","11":"purchasable","12":"product-type-simple"},"yoast_head":"<!-- This site is optimized with the Yoast SEO Premium plugin v24.4 (Yoast SEO v27.3) - https:\/\/yoast.com\/product\/yoast-seo-premium-wordpress\/ -->\n<title>Boldenone Undecylenate 200mg\/ml - Ester\u00f3ides Online<\/title>\n<meta name=\"description\" content=\"Undecilenato de Boldenona (Equipoise) \u00e9 um esteroide veterin\u00e1rio para ganhos constantes de for\u00e7a e massa muscular de qualidade, com efeitos colaterais leves.\" \/>\n<meta name=\"robots\" content=\"index, follow, max-snippet:-1, max-image-preview:large, max-video-preview:-1\" \/>\n<link rel=\"canonical\" href=\"https:\/\/iberoid.com\/pt\/product\/boldenon-onatario-pharma\/\" \/>\n<meta property=\"og:locale\" content=\"pt_PT\" \/>\n<meta property=\"og:type\" content=\"article\" \/>\n<meta property=\"og:title\" content=\"Boldenone Undecylenate 200mg\/ml\" \/>\n<meta property=\"og:description\" content=\"Undecilenato de Boldenona (Equipoise) \u00e9 um esteroide veterin\u00e1rio para ganhos constantes de for\u00e7a e massa muscular de qualidade, com efeitos colaterais leves.\" \/>\n<meta property=\"og:url\" content=\"https:\/\/iberoid.com\/pt\/product\/boldenon-onatario-pharma\/\" \/>\n<meta property=\"og:site_name\" content=\"Ester\u00f3ides Online\" \/>\n<meta property=\"article:modified_time\" content=\"2026-01-25T12:35:57+00:00\" \/>\n<meta property=\"og:image\" content=\"https:\/\/iberoid.com\/wp-content\/uploads\/2025\/05\/ontariobolde.jpg?v=1746956365\" \/>\n\t<meta property=\"og:image:width\" content=\"800\" \/>\n\t<meta property=\"og:image:height\" content=\"800\" \/>\n\t<meta property=\"og:image:type\" content=\"image\/jpeg\" \/>\n<meta name=\"twitter:card\" content=\"summary_large_image\" \/>\n<meta name=\"twitter:label1\" content=\"pre\u00e7o\" \/>\n\t<meta name=\"twitter:data1\" content=\"&euro;30.00\" \/>\n\t<meta name=\"twitter:label2\" content=\"Disponibilidade\" \/>\n\t<meta name=\"twitter:data2\" content=\"Esgotado\" \/>\n<script type=\"application\/ld+json\" class=\"yoast-schema-graph\">{\"@context\":\"https:\\\/\\\/schema.org\",\"@graph\":[{\"@type\":\"WebPage\",\"@id\":\"https:\\\/\\\/iberoid.com\\\/pt\\\/product\\\/boldenon-onatario-pharma\\\/\",\"url\":\"https:\\\/\\\/iberoid.com\\\/pt\\\/product\\\/boldenon-onatario-pharma\\\/\",\"name\":\"Boldenone Undecylenate 200mg\\\/ml - Ester\u00f3ides Online\",\"isPartOf\":{\"@id\":\"https:\\\/\\\/iberoid.com\\\/pt\\\/#website\"},\"primaryImageOfPage\":{\"@id\":\"https:\\\/\\\/iberoid.com\\\/pt\\\/product\\\/boldenon-onatario-pharma\\\/#primaryimage\"},\"image\":{\"@id\":\"https:\\\/\\\/iberoid.com\\\/pt\\\/product\\\/boldenon-onatario-pharma\\\/#primaryimage\"},\"thumbnailUrl\":\"https:\\\/\\\/iberoid.com\\\/wp-content\\\/uploads\\\/2025\\\/05\\\/ontariobolde.jpg?v=1746956365\",\"datePublished\":\"2025-05-11T09:39:42+00:00\",\"dateModified\":\"2026-01-25T12:35:57+00:00\",\"description\":\"Undecilenato de Boldenona (Equipoise) \u00e9 um esteroide veterin\u00e1rio para ganhos constantes de for\u00e7a e massa muscular de qualidade, com efeitos colaterais leves.\",\"breadcrumb\":{\"@id\":\"https:\\\/\\\/iberoid.com\\\/pt\\\/product\\\/boldenon-onatario-pharma\\\/#breadcrumb\"},\"inLanguage\":\"pt-PT\",\"potentialAction\":[{\"@type\":\"ReadAction\",\"target\":[[\"https:\\\/\\\/iberoid.com\\\/pt\\\/product\\\/boldenon-onatario-pharma\\\/\"]]}]},{\"@type\":\"ImageObject\",\"inLanguage\":\"pt-PT\",\"@id\":\"https:\\\/\\\/iberoid.com\\\/pt\\\/product\\\/boldenon-onatario-pharma\\\/#primaryimage\",\"url\":\"https:\\\/\\\/iberoid.com\\\/wp-content\\\/uploads\\\/2025\\\/05\\\/ontariobolde.jpg?v=1746956365\",\"contentUrl\":\"https:\\\/\\\/iberoid.com\\\/wp-content\\\/uploads\\\/2025\\\/05\\\/ontariobolde.jpg?v=1746956365\",\"width\":800,\"height\":800},{\"@type\":\"BreadcrumbList\",\"@id\":\"https:\\\/\\\/iberoid.com\\\/pt\\\/product\\\/boldenon-onatario-pharma\\\/#breadcrumb\",\"itemListElement\":[{\"@type\":\"ListItem\",\"position\":1,\"name\":\"Portada\",\"item\":\"https:\\\/\\\/iberoid.com\\\/pt\\\/\"},{\"@type\":\"ListItem\",\"position\":2,\"name\":\"Loja\",\"item\":\"https:\\\/\\\/iberoid.com\\\/pt\\\/shop\\\/\"},{\"@type\":\"ListItem\",\"position\":3,\"name\":\"Boldenone Undecylenate 200mg\\\/ml\"}]},{\"@type\":\"WebSite\",\"@id\":\"https:\\\/\\\/iberoid.com\\\/pt\\\/#website\",\"url\":\"https:\\\/\\\/iberoid.com\\\/pt\\\/\",\"name\":\"Ester\u00f3ides Online\",\"description\":\"Compre ester\u00f3ides online hoje em Espanha e Portugal. Temos o melhor servi\u00e7o ao cliente do setor e produtos da mais alta qualidade\",\"potentialAction\":[{\"@type\":\"SearchAction\",\"target\":{\"@type\":\"EntryPoint\",\"urlTemplate\":\"https:\\\/\\\/iberoid.com\\\/pt\\\/?s={search_term_string}\"},\"query-input\":{\"@type\":\"PropertyValueSpecification\",\"valueRequired\":true,\"valueName\":\"search_term_string\"}}],\"inLanguage\":\"pt-PT\"}]}<\/script>\n<meta property=\"product:price:amount\" content=\"30.00\" \/>\n<meta property=\"product:price:currency\" content=\"EUR\" \/>\n<meta property=\"og:availability\" content=\"out of stock\" \/>\n<meta property=\"product:availability\" content=\"out of stock\" \/>\n<meta property=\"product:condition\" content=\"new\" \/>\n<!-- \/ Yoast SEO Premium plugin. -->","yoast_head_json":{"title":"Boldenone Undecylenate 200mg\/ml - Ester\u00f3ides Online","description":"Undecilenato de Boldenona (Equipoise) \u00e9 um esteroide veterin\u00e1rio para ganhos constantes de for\u00e7a e massa muscular de qualidade, com efeitos colaterais leves.","robots":{"index":"index","follow":"follow","max-snippet":"max-snippet:-1","max-image-preview":"max-image-preview:large","max-video-preview":"max-video-preview:-1"},"canonical":"https:\/\/iberoid.com\/pt\/product\/boldenon-onatario-pharma\/","og_locale":"pt_PT","og_type":"article","og_title":"Boldenone Undecylenate 200mg\/ml","og_description":"Undecilenato de Boldenona (Equipoise) \u00e9 um esteroide veterin\u00e1rio para ganhos constantes de for\u00e7a e massa muscular de qualidade, com efeitos colaterais leves.","og_url":"https:\/\/iberoid.com\/pt\/product\/boldenon-onatario-pharma\/","og_site_name":"Ester\u00f3ides Online","article_modified_time":"2026-01-25T12:35:57+00:00","og_image":[{"width":800,"height":800,"url":"https:\/\/iberoid.com\/wp-content\/uploads\/2025\/05\/ontariobolde.jpg?v=1746956365","type":"image\/jpeg"}],"twitter_card":"summary_large_image","twitter_misc":{"pre\u00e7o":"&euro;30.00","Disponibilidade":"Esgotado"},"schema":{"@context":"https:\/\/schema.org","@graph":[{"@type":"WebPage","@id":"https:\/\/iberoid.com\/pt\/product\/boldenon-onatario-pharma\/","url":"https:\/\/iberoid.com\/pt\/product\/boldenon-onatario-pharma\/","name":"Boldenone Undecylenate 200mg\/ml - Ester\u00f3ides Online","isPartOf":{"@id":"https:\/\/iberoid.com\/pt\/#website"},"primaryImageOfPage":{"@id":"https:\/\/iberoid.com\/pt\/product\/boldenon-onatario-pharma\/#primaryimage"},"image":{"@id":"https:\/\/iberoid.com\/pt\/product\/boldenon-onatario-pharma\/#primaryimage"},"thumbnailUrl":"https:\/\/iberoid.com\/wp-content\/uploads\/2025\/05\/ontariobolde.jpg?v=1746956365","datePublished":"2025-05-11T09:39:42+00:00","dateModified":"2026-01-25T12:35:57+00:00","description":"Undecilenato de Boldenona (Equipoise) \u00e9 um esteroide veterin\u00e1rio para ganhos constantes de for\u00e7a e massa muscular de qualidade, com efeitos colaterais leves.","breadcrumb":{"@id":"https:\/\/iberoid.com\/pt\/product\/boldenon-onatario-pharma\/#breadcrumb"},"inLanguage":"pt-PT","potentialAction":[{"@type":"ReadAction","target":[["https:\/\/iberoid.com\/pt\/product\/boldenon-onatario-pharma\/"]]}]},{"@type":"ImageObject","inLanguage":"pt-PT","@id":"https:\/\/iberoid.com\/pt\/product\/boldenon-onatario-pharma\/#primaryimage","url":"https:\/\/iberoid.com\/wp-content\/uploads\/2025\/05\/ontariobolde.jpg?v=1746956365","contentUrl":"https:\/\/iberoid.com\/wp-content\/uploads\/2025\/05\/ontariobolde.jpg?v=1746956365","width":800,"height":800},{"@type":"BreadcrumbList","@id":"https:\/\/iberoid.com\/pt\/product\/boldenon-onatario-pharma\/#breadcrumb","itemListElement":[{"@type":"ListItem","position":1,"name":"Portada","item":"https:\/\/iberoid.com\/pt\/"},{"@type":"ListItem","position":2,"name":"Loja","item":"https:\/\/iberoid.com\/pt\/shop\/"},{"@type":"ListItem","position":3,"name":"Boldenone Undecylenate 200mg\/ml"}]},{"@type":"WebSite","@id":"https:\/\/iberoid.com\/pt\/#website","url":"https:\/\/iberoid.com\/pt\/","name":"Ester\u00f3ides Online","description":"Compre ester\u00f3ides online hoje em Espanha e Portugal. Temos o melhor servi\u00e7o ao cliente do setor e produtos da mais alta qualidade","potentialAction":[{"@type":"SearchAction","target":{"@type":"EntryPoint","urlTemplate":"https:\/\/iberoid.com\/pt\/?s={search_term_string}"},"query-input":{"@type":"PropertyValueSpecification","valueRequired":true,"valueName":"search_term_string"}}],"inLanguage":"pt-PT"}]},"product_price_amount":"30.00","product_price_currency":"EUR","og_availability":"out of stock","product_availability":"out of stock","product_condition":"new"},"_links":{"self":[{"href":"https:\/\/iberoid.com\/pt\/wp-json\/wp\/v2\/product\/10074","targetHints":{"allow":["GET"]}}],"collection":[{"href":"https:\/\/iberoid.com\/pt\/wp-json\/wp\/v2\/product"}],"about":[{"href":"https:\/\/iberoid.com\/pt\/wp-json\/wp\/v2\/types\/product"}],"replies":[{"embeddable":true,"href":"https:\/\/iberoid.com\/pt\/wp-json\/wp\/v2\/comments?post=10074"}],"wp:featuredmedia":[{"embeddable":true,"href":"https:\/\/iberoid.com\/pt\/wp-json\/wp\/v2\/media\/10075"}],"wp:attachment":[{"href":"https:\/\/iberoid.com\/pt\/wp-json\/wp\/v2\/media?parent=10074"}],"wp:term":[{"taxonomy":"product_brand","embeddable":true,"href":"https:\/\/iberoid.com\/pt\/wp-json\/wp\/v2\/product_brand?post=10074"},{"taxonomy":"product_cat","embeddable":true,"href":"https:\/\/iberoid.com\/pt\/wp-json\/wp\/v2\/product_cat?post=10074"},{"taxonomy":"product_tag","embeddable":true,"href":"https:\/\/iberoid.com\/pt\/wp-json\/wp\/v2\/product_tag?post=10074"}],"curies":[{"name":"wp","href":"https:\/\/api.w.org\/{rel}","templated":true}]}}