{"id":10076,"date":"2025-05-11T09:41:04","date_gmt":"2025-05-11T09:41:04","guid":{"rendered":"https:\/\/iberoid.com\/?post_type=product&#038;p=10076"},"modified":"2025-09-14T18:08:12","modified_gmt":"2025-09-14T18:08:12","slug":"winstrol-agua-ontario-pharma","status":"publish","type":"product","link":"https:\/\/iberoid.com\/pt\/product\/winstrol-agua-ontario-pharma\/","title":{"rendered":"WINSTROL AGUA (Stanozolol)"},"content":{"rendered":"<p><\/p>\n<p data-sourcepos=\"1:1-1:1361\">O <strong>Winstrol<\/strong> \u00e9 o nome comercial mais conhecido para a droga <strong>Estanozolol<\/strong>. O Estanozolol \u00e9 um derivado da diidrotestosterona, quimicamente alterado para que as propriedades anab\u00f3licas (de constru\u00e7\u00e3o de tecido) do horm\u00f4nio sejam amplificadas e sua atividade androg\u00eanica minimizada. O Estanozolol \u00e9 classificado como um esteroide &#8220;anab\u00f3lico&#8221; e exibe uma das mais fortes dissocia\u00e7\u00f5es de efeito anab\u00f3lico para androg\u00eanico entre os agentes comercialmente dispon\u00edveis. Ele tamb\u00e9m n\u00e3o pode ser aromatizado em estrog\u00eanios. O Estanozolol \u00e9 o segundo esteroide oral mais utilizado, superado em popularidade apenas pelo Dianabol (metandrostenolona). \u00c9 conhecido <span class=\"citation-10 citation-end-10\">por sua capacidade de promover o crescimento muscular sem reten\u00e7\u00e3o de \u00e1gua, tornando-o altamente valorizado por fisiculturistas em dieta e atletas<\/span> de competi\u00e7\u00e3o. O Estanozolol \u00e9 uma forma modificada de diidrotestosterona. Ele difere pela adi\u00e7\u00e3o de um grupo metil no carbono 17-alfa para proteger o horm\u00f4nio durante a ingest\u00e3o oral e a liga\u00e7\u00e3o de um grupo pirazol ao anel A, substituindo o grupo 3-ceto normal (isso confere ao estanozolol a classifica\u00e7\u00e3o qu\u00edmica de um esteroide heteroc\u00edclico). Quando visto sob a luz da 17-alfa metildiidrotestosterona, a modifica\u00e7\u00e3o do anel A no estanozolol parece aumentar consideravelmente sua for\u00e7a anab\u00f3lica, enquanto reduz sua androgenicidade relativa.<\/p>\n<hr data-sourcepos=\"3:1-3:3\" \/>\n<h3 data-sourcepos=\"5:1-5:12\">Conte\u00fado<\/h3>\n<p data-sourcepos=\"6:1-6:21\">50mg\/1ml (10 ampolas)<\/p>\n<hr data-sourcepos=\"8:1-8:3\" \/>\n<h3 data-sourcepos=\"10:1-10:18\">Nomes Qu\u00edmicos<\/h3>\n<p data-sourcepos=\"11:1-11:97\">Cloridrato monohidratado de 1-(4-clorofenil)-N,N-dimetil-\u03b1-(2-metilpropil)-ciclobutano metanamina<\/p>\n<hr data-sourcepos=\"13:1-13:3\" \/>\n<h3 data-sourcepos=\"15:1-15:22\">Efeitos Colaterais<\/h3>\n<p data-sourcepos=\"16:1-16:818\">Embora classificado como um esteroide anab\u00f3lico, os <strong>efeitos colaterais androg\u00eanicos<\/strong> ainda s\u00e3o comuns com esta subst\u00e2ncia. Isso pode incluir epis\u00f3dios de pele oleosa, acne e crescimento de pelos corporais\/faciais. Esteroides anab\u00f3licos\/androg\u00eanicos tamb\u00e9m podem agravar a <strong>queda de cabelo de padr\u00e3o masculino<\/strong>. Mulheres devem estar cientes dos potenciais efeitos ligados \u00e0 <strong>viriliza\u00e7\u00e3o<\/strong>, comuns em esteroides anab\u00f3licos\/androg\u00eanicos. O Estanozolol \u00e9 um composto <strong>c17-alfa alquilado<\/strong>. Essa altera\u00e7\u00e3o protege a droga da desativa\u00e7\u00e3o pelo f\u00edgado, permitindo uma porcentagem muito alta de entrada da droga na corrente sangu\u00ednea quando tomada por via oral. Al\u00e9m disso, esteroides anab\u00f3licos\/androg\u00eanicos c17-alfa alquilados podem ser <strong>hepatot\u00f3xicos<\/strong>. A exposi\u00e7\u00e3o prolongada ou alta pode resultar em dano hep\u00e1tico.<\/p>\n<hr data-sourcepos=\"18:1-18:3\" \/>\n<h3 data-sourcepos=\"20:1-20:17\">Administra\u00e7\u00e3o<\/h3>\n<p data-sourcepos=\"21:1-21:126\">Quando usado para fins de melhoria f\u00edsica ou de desempenho, a dosagem mais comumente aplicada \u00e9 de <strong>50 mg a cada dois dias<\/strong>.<\/p>\n<p><\/p>","protected":false},"excerpt":{"rendered":"<p>O Winstrol \u00e9 o nome comercial mais conhecido para a droga Estanozolol. O Estanozolol \u00e9 um derivado da diidrotestosterona, quimicamente<\/p>\n","protected":false},"featured_media":10077,"comment_status":"open","ping_status":"closed","template":"","meta":[],"product_brand":[],"product_cat":[69],"product_tag":[],"class_list":{"0":"post-10076","1":"product","2":"type-product","3":"status-publish","4":"has-post-thumbnail","6":"product_cat-esteroides_inyectables","8":"first","9":"outofstock","10":"shipping-taxable","11":"purchasable","12":"product-type-simple"},"yoast_head":"<!-- This site is optimized with the Yoast SEO Premium plugin v24.4 (Yoast SEO v27.0) - https:\/\/yoast.com\/product\/yoast-seo-premium-wordpress\/ -->\n<title>WINSTROL AGUA (Stanozolol) - Ester\u00f3ides Online<\/title>\n<meta name=\"description\" content=\"Winstrol (Estanozolol): Ester\u00f3ide anabolizante que aumenta o m\u00fasculo sem reten\u00e7\u00e3o de \u00e1gua. Alto anabolismo, baixo androgenismo. Sem convers\u00e3o em estrog\u00eanio.\" \/>\n<meta name=\"robots\" content=\"index, follow, max-snippet:-1, max-image-preview:large, max-video-preview:-1\" \/>\n<link rel=\"canonical\" href=\"https:\/\/iberoid.com\/pt\/product\/winstrol-agua-ontario-pharma\/\" \/>\n<meta property=\"og:locale\" content=\"pt_PT\" \/>\n<meta property=\"og:type\" content=\"article\" \/>\n<meta property=\"og:title\" content=\"WINSTROL AGUA (Stanozolol)\" \/>\n<meta property=\"og:description\" content=\"Winstrol (Estanozolol): Ester\u00f3ide anabolizante que aumenta o m\u00fasculo sem reten\u00e7\u00e3o de \u00e1gua. Alto anabolismo, baixo androgenismo. Sem convers\u00e3o em estrog\u00eanio.\" \/>\n<meta property=\"og:url\" content=\"https:\/\/iberoid.com\/pt\/product\/winstrol-agua-ontario-pharma\/\" \/>\n<meta property=\"og:site_name\" content=\"Ester\u00f3ides Online\" \/>\n<meta property=\"article:modified_time\" content=\"2025-09-14T18:08:12+00:00\" \/>\n<meta property=\"og:image\" content=\"https:\/\/iberoid.com\/wp-content\/uploads\/2025\/05\/Ontario-winstrol-50.jpg?v=1746956445\" \/>\n\t<meta property=\"og:image:width\" content=\"699\" \/>\n\t<meta property=\"og:image:height\" content=\"515\" \/>\n\t<meta property=\"og:image:type\" content=\"image\/jpeg\" \/>\n<meta name=\"twitter:card\" content=\"summary_large_image\" \/>\n<meta name=\"twitter:label1\" content=\"pre\u00e7o\" \/>\n\t<meta name=\"twitter:data1\" content=\"&euro;30.00\" \/>\n\t<meta name=\"twitter:label2\" content=\"Disponibilidade\" \/>\n\t<meta name=\"twitter:data2\" content=\"Esgotado\" \/>\n<script type=\"application\/ld+json\" class=\"yoast-schema-graph\">{\"@context\":\"https:\/\/schema.org\",\"@graph\":[{\"@type\":\"WebPage\",\"@id\":\"https:\/\/iberoid.com\/pt\/product\/winstrol-agua-ontario-pharma\/\",\"url\":\"https:\/\/iberoid.com\/pt\/product\/winstrol-agua-ontario-pharma\/\",\"name\":\"WINSTROL AGUA (Stanozolol) - Ester\u00f3ides Online\",\"isPartOf\":{\"@id\":\"https:\/\/iberoid.com\/pt\/#website\"},\"primaryImageOfPage\":{\"@id\":\"https:\/\/iberoid.com\/pt\/product\/winstrol-agua-ontario-pharma\/#primaryimage\"},\"image\":{\"@id\":\"https:\/\/iberoid.com\/pt\/product\/winstrol-agua-ontario-pharma\/#primaryimage\"},\"thumbnailUrl\":\"https:\/\/iberoid.com\/wp-content\/uploads\/2025\/05\/Ontario-winstrol-50.jpg?v=1746956445\",\"datePublished\":\"2025-05-11T09:41:04+00:00\",\"dateModified\":\"2025-09-14T18:08:12+00:00\",\"description\":\"Winstrol (Estanozolol): Ester\u00f3ide anabolizante que aumenta o m\u00fasculo sem reten\u00e7\u00e3o de \u00e1gua. Alto anabolismo, baixo androgenismo. Sem convers\u00e3o em estrog\u00eanio.\",\"breadcrumb\":{\"@id\":\"https:\/\/iberoid.com\/pt\/product\/winstrol-agua-ontario-pharma\/#breadcrumb\"},\"inLanguage\":\"pt-PT\",\"potentialAction\":[{\"@type\":\"ReadAction\",\"target\":[[\"https:\/\/iberoid.com\/pt\/product\/winstrol-agua-ontario-pharma\/\"]]}]},{\"@type\":\"ImageObject\",\"inLanguage\":\"pt-PT\",\"@id\":\"https:\/\/iberoid.com\/pt\/product\/winstrol-agua-ontario-pharma\/#primaryimage\",\"url\":\"https:\/\/iberoid.com\/wp-content\/uploads\/2025\/05\/Ontario-winstrol-50.jpg?v=1746956445\",\"contentUrl\":\"https:\/\/iberoid.com\/wp-content\/uploads\/2025\/05\/Ontario-winstrol-50.jpg?v=1746956445\",\"width\":699,\"height\":515},{\"@type\":\"BreadcrumbList\",\"@id\":\"https:\/\/iberoid.com\/pt\/product\/winstrol-agua-ontario-pharma\/#breadcrumb\",\"itemListElement\":[{\"@type\":\"ListItem\",\"position\":1,\"name\":\"Portada\",\"item\":\"https:\/\/iberoid.com\/pt\/\"},{\"@type\":\"ListItem\",\"position\":2,\"name\":\"Loja\",\"item\":\"https:\/\/iberoid.com\/pt\/shop\/\"},{\"@type\":\"ListItem\",\"position\":3,\"name\":\"WINSTROL AGUA (Stanozolol)\"}]},{\"@type\":\"WebSite\",\"@id\":\"https:\/\/iberoid.com\/pt\/#website\",\"url\":\"https:\/\/iberoid.com\/pt\/\",\"name\":\"Ester\u00f3ides Online\",\"description\":\"Compre ester\u00f3ides online hoje em Espanha e Portugal. Temos o melhor servi\u00e7o ao cliente do setor e produtos da mais alta qualidade\",\"potentialAction\":[{\"@type\":\"SearchAction\",\"target\":{\"@type\":\"EntryPoint\",\"urlTemplate\":\"https:\/\/iberoid.com\/pt\/?s={search_term_string}\"},\"query-input\":{\"@type\":\"PropertyValueSpecification\",\"valueRequired\":true,\"valueName\":\"search_term_string\"}}],\"inLanguage\":\"pt-PT\"}]}<\/script>\n<meta property=\"product:brand\" content=\"Ontario Pharma\" \/>\n<meta property=\"product:price:amount\" content=\"30.00\" \/>\n<meta property=\"product:price:currency\" content=\"EUR\" \/>\n<meta property=\"og:availability\" content=\"out of stock\" \/>\n<meta property=\"product:availability\" content=\"out of stock\" \/>\n<meta property=\"product:condition\" content=\"new\" \/>\n<!-- \/ Yoast SEO Premium plugin. -->","yoast_head_json":{"title":"WINSTROL AGUA (Stanozolol) - Ester\u00f3ides Online","description":"Winstrol (Estanozolol): Ester\u00f3ide anabolizante que aumenta o m\u00fasculo sem reten\u00e7\u00e3o de \u00e1gua. Alto anabolismo, baixo androgenismo. Sem convers\u00e3o em estrog\u00eanio.","robots":{"index":"index","follow":"follow","max-snippet":"max-snippet:-1","max-image-preview":"max-image-preview:large","max-video-preview":"max-video-preview:-1"},"canonical":"https:\/\/iberoid.com\/pt\/product\/winstrol-agua-ontario-pharma\/","og_locale":"pt_PT","og_type":"article","og_title":"WINSTROL AGUA (Stanozolol)","og_description":"Winstrol (Estanozolol): Ester\u00f3ide anabolizante que aumenta o m\u00fasculo sem reten\u00e7\u00e3o de \u00e1gua. Alto anabolismo, baixo androgenismo. Sem convers\u00e3o em estrog\u00eanio.","og_url":"https:\/\/iberoid.com\/pt\/product\/winstrol-agua-ontario-pharma\/","og_site_name":"Ester\u00f3ides Online","article_modified_time":"2025-09-14T18:08:12+00:00","og_image":[{"width":699,"height":515,"url":"https:\/\/iberoid.com\/wp-content\/uploads\/2025\/05\/Ontario-winstrol-50.jpg?v=1746956445","type":"image\/jpeg"}],"twitter_card":"summary_large_image","twitter_misc":{"pre\u00e7o":"&euro;30.00","Disponibilidade":"Esgotado"},"schema":{"@context":"https:\/\/schema.org","@graph":[{"@type":"WebPage","@id":"https:\/\/iberoid.com\/pt\/product\/winstrol-agua-ontario-pharma\/","url":"https:\/\/iberoid.com\/pt\/product\/winstrol-agua-ontario-pharma\/","name":"WINSTROL AGUA (Stanozolol) - Ester\u00f3ides Online","isPartOf":{"@id":"https:\/\/iberoid.com\/pt\/#website"},"primaryImageOfPage":{"@id":"https:\/\/iberoid.com\/pt\/product\/winstrol-agua-ontario-pharma\/#primaryimage"},"image":{"@id":"https:\/\/iberoid.com\/pt\/product\/winstrol-agua-ontario-pharma\/#primaryimage"},"thumbnailUrl":"https:\/\/iberoid.com\/wp-content\/uploads\/2025\/05\/Ontario-winstrol-50.jpg?v=1746956445","datePublished":"2025-05-11T09:41:04+00:00","dateModified":"2025-09-14T18:08:12+00:00","description":"Winstrol (Estanozolol): Ester\u00f3ide anabolizante que aumenta o m\u00fasculo sem reten\u00e7\u00e3o de \u00e1gua. Alto anabolismo, baixo androgenismo. Sem convers\u00e3o em estrog\u00eanio.","breadcrumb":{"@id":"https:\/\/iberoid.com\/pt\/product\/winstrol-agua-ontario-pharma\/#breadcrumb"},"inLanguage":"pt-PT","potentialAction":[{"@type":"ReadAction","target":[["https:\/\/iberoid.com\/pt\/product\/winstrol-agua-ontario-pharma\/"]]}]},{"@type":"ImageObject","inLanguage":"pt-PT","@id":"https:\/\/iberoid.com\/pt\/product\/winstrol-agua-ontario-pharma\/#primaryimage","url":"https:\/\/iberoid.com\/wp-content\/uploads\/2025\/05\/Ontario-winstrol-50.jpg?v=1746956445","contentUrl":"https:\/\/iberoid.com\/wp-content\/uploads\/2025\/05\/Ontario-winstrol-50.jpg?v=1746956445","width":699,"height":515},{"@type":"BreadcrumbList","@id":"https:\/\/iberoid.com\/pt\/product\/winstrol-agua-ontario-pharma\/#breadcrumb","itemListElement":[{"@type":"ListItem","position":1,"name":"Portada","item":"https:\/\/iberoid.com\/pt\/"},{"@type":"ListItem","position":2,"name":"Loja","item":"https:\/\/iberoid.com\/pt\/shop\/"},{"@type":"ListItem","position":3,"name":"WINSTROL AGUA (Stanozolol)"}]},{"@type":"WebSite","@id":"https:\/\/iberoid.com\/pt\/#website","url":"https:\/\/iberoid.com\/pt\/","name":"Ester\u00f3ides Online","description":"Compre ester\u00f3ides online hoje em Espanha e Portugal. Temos o melhor servi\u00e7o ao cliente do setor e produtos da mais alta qualidade","potentialAction":[{"@type":"SearchAction","target":{"@type":"EntryPoint","urlTemplate":"https:\/\/iberoid.com\/pt\/?s={search_term_string}"},"query-input":{"@type":"PropertyValueSpecification","valueRequired":true,"valueName":"search_term_string"}}],"inLanguage":"pt-PT"}]},"product_brand":"Ontario Pharma","product_price_amount":"30.00","product_price_currency":"EUR","og_availability":"out of stock","product_availability":"out of stock","product_condition":"new"},"_links":{"self":[{"href":"https:\/\/iberoid.com\/pt\/wp-json\/wp\/v2\/product\/10076","targetHints":{"allow":["GET"]}}],"collection":[{"href":"https:\/\/iberoid.com\/pt\/wp-json\/wp\/v2\/product"}],"about":[{"href":"https:\/\/iberoid.com\/pt\/wp-json\/wp\/v2\/types\/product"}],"replies":[{"embeddable":true,"href":"https:\/\/iberoid.com\/pt\/wp-json\/wp\/v2\/comments?post=10076"}],"wp:featuredmedia":[{"embeddable":true,"href":"https:\/\/iberoid.com\/pt\/wp-json\/wp\/v2\/media\/10077"}],"wp:attachment":[{"href":"https:\/\/iberoid.com\/pt\/wp-json\/wp\/v2\/media?parent=10076"}],"wp:term":[{"taxonomy":"product_brand","embeddable":true,"href":"https:\/\/iberoid.com\/pt\/wp-json\/wp\/v2\/product_brand?post=10076"},{"taxonomy":"product_cat","embeddable":true,"href":"https:\/\/iberoid.com\/pt\/wp-json\/wp\/v2\/product_cat?post=10076"},{"taxonomy":"product_tag","embeddable":true,"href":"https:\/\/iberoid.com\/pt\/wp-json\/wp\/v2\/product_tag?post=10076"}],"curies":[{"name":"wp","href":"https:\/\/api.w.org\/{rel}","templated":true}]}}