{"id":10091,"date":"2025-05-17T08:12:59","date_gmt":"2025-05-17T08:12:59","guid":{"rendered":"https:\/\/iberoid.com\/?post_type=product&#038;p=10091"},"modified":"2026-02-18T09:20:08","modified_gmt":"2026-02-18T09:20:08","slug":"multi-pack-sport-multivitamin-day-night-formula-60-caps","status":"publish","type":"product","link":"https:\/\/iberoid.com\/pt\/product\/multi-pack-sport-multivitamin-day-night-formula-60-caps\/","title":{"rendered":"Multi Pack Sport MultiVitamin Day\/Night Formula 60 Caps"},"content":{"rendered":"<p><\/p>\n<p data-path-to-node=\"1\"><b>MULTIPACK SPORT DAY FORMULA<\/b> \u00e9 um complexo multivitam\u00ednico desenvolvido para atletas, enriquecido com extratos de ervas com propriedades estimulantes e coenzima Q10. Cont\u00e9m vitaminas essenciais que contribuem para a produ\u00e7\u00e3o normal de energia e auxiliam no funcionamento do sistema nervoso.<\/p>\n<p data-path-to-node=\"2\">O <b>MULTIPACK SPORT DAY FORMULA<\/b> tamb\u00e9m contribui para a prote\u00e7\u00e3o das c\u00e9lulas contra o estresse oxidativo e apoia o funcionamento normal do sistema imunol\u00f3gico durante treinos f\u00edsicos intensos.<\/p>\n<h3 data-path-to-node=\"3\">\ud83d\udccb MODO DE USO:<\/h3>\n<p data-path-to-node=\"4\"><b>F\u00d3RMULA DIA:<\/b> A por\u00e7\u00e3o recomendada para consumo \u00e9 de 1 c\u00e1psula, de prefer\u00eancia imediatamente ap\u00f3s a refei\u00e7\u00e3o principal. Beba o preparado com cerca de 300 ml (8-10 oz.) de \u00e1gua.<\/p>\n<p data-path-to-node=\"5\"><b>F\u00d3RMULA NOITE:<\/b> A por\u00e7\u00e3o recomendada para consumo \u00e9 de 1 c\u00e1psula 30 minutos antes de dormir. Beba o preparado com cerca de 300 ml (8-10 oz.) de \u00e1gua.<\/p>\n<h3 data-path-to-node=\"6\">\ud83c\udf3f Ingredientes<\/h3>\n<p data-path-to-node=\"7\">Vitamina C, \u00c1cido Pantot\u00eanico, Vitamina B6, Vitamina B2, Vitamina B1, Vitamina E, \u00c1cido F\u00f3lico, Biotina, Vitamina B12, Extrato de Guaran\u00e1, Ginseng Coreano C\u00edtrico, Ginseng Americano, Coenzima Q10, Magn\u00e9sio, Zinco, Ferro, Mangan\u00eas, Cobre, Iodo, Sel\u00eanio, Molibd\u00eanio, Cromo.<\/p>\n<p><\/p>","protected":false},"excerpt":{"rendered":"<p>MULTIPACK SPORT DAY FORMULA \u00e9 um complexo multivitam\u00ednico desenvolvido para atletas, enriquecido com extratos de ervas com propriedades estimulantes e<\/p>\n","protected":false},"featured_media":10101,"comment_status":"open","ping_status":"closed","template":"","meta":[],"product_brand":[],"product_cat":[3517],"product_tag":[],"class_list":{"0":"post-10091","1":"product","2":"type-product","3":"status-publish","4":"has-post-thumbnail","6":"product_cat-suplementos-2","8":"first","9":"outofstock","10":"sale","11":"shipping-taxable","12":"purchasable","13":"product-type-simple"},"yoast_head":"<!-- This site is optimized with the Yoast SEO Premium plugin v24.4 (Yoast SEO v27.0) - https:\/\/yoast.com\/product\/yoast-seo-premium-wordpress\/ -->\n<title>Multi Pack Sport MultiVitamin Day\/Night Formula 60 Caps - Ester\u00f3ides Online<\/title>\n<meta name=\"description\" content=\"MULTIPACK SPORT \u00e9 um complexo multivitam\u00ednico para atletas com extratos de ervas e CoQ10 para aumentar energia, imunidade e sistema nervoso.\" \/>\n<meta name=\"robots\" content=\"index, follow, max-snippet:-1, max-image-preview:large, max-video-preview:-1\" \/>\n<link rel=\"canonical\" href=\"https:\/\/iberoid.com\/pt\/product\/multi-pack-sport-multivitamin-day-night-formula-60-caps\/\" \/>\n<meta property=\"og:locale\" content=\"pt_PT\" \/>\n<meta property=\"og:type\" content=\"article\" \/>\n<meta property=\"og:title\" content=\"Multi Pack Sport MultiVitamin Day\/Night Formula 60 Caps\" \/>\n<meta property=\"og:description\" content=\"MULTIPACK SPORT \u00e9 um complexo multivitam\u00ednico para atletas com extratos de ervas e CoQ10 para aumentar energia, imunidade e sistema nervoso.\" \/>\n<meta property=\"og:url\" content=\"https:\/\/iberoid.com\/pt\/product\/multi-pack-sport-multivitamin-day-night-formula-60-caps\/\" \/>\n<meta property=\"og:site_name\" content=\"Ester\u00f3ides Online\" \/>\n<meta property=\"article:modified_time\" content=\"2026-02-18T09:20:08+00:00\" \/>\n<meta property=\"og:image\" content=\"https:\/\/iberoid.com\/wp-content\/uploads\/2025\/05\/trec-multipack-day-night-1200x1200w-1.jpg?v=1747472134\" \/>\n\t<meta property=\"og:image:width\" content=\"1199\" \/>\n\t<meta property=\"og:image:height\" content=\"491\" \/>\n\t<meta property=\"og:image:type\" content=\"image\/jpeg\" \/>\n<meta name=\"twitter:card\" content=\"summary_large_image\" \/>\n<meta name=\"twitter:label1\" content=\"pre\u00e7o\" \/>\n\t<meta name=\"twitter:data1\" content=\"&euro;20.00\" \/>\n\t<meta name=\"twitter:label2\" content=\"Disponibilidade\" \/>\n\t<meta name=\"twitter:data2\" content=\"Esgotado\" \/>\n<script type=\"application\/ld+json\" class=\"yoast-schema-graph\">{\"@context\":\"https:\/\/schema.org\",\"@graph\":[{\"@type\":\"WebPage\",\"@id\":\"https:\/\/iberoid.com\/pt\/product\/multi-pack-sport-multivitamin-day-night-formula-60-caps\/\",\"url\":\"https:\/\/iberoid.com\/pt\/product\/multi-pack-sport-multivitamin-day-night-formula-60-caps\/\",\"name\":\"Multi Pack Sport MultiVitamin Day\/Night Formula 60 Caps - Ester\u00f3ides Online\",\"isPartOf\":{\"@id\":\"https:\/\/iberoid-shop.com\/#website\"},\"primaryImageOfPage\":{\"@id\":\"https:\/\/iberoid.com\/pt\/product\/multi-pack-sport-multivitamin-day-night-formula-60-caps\/#primaryimage\"},\"image\":{\"@id\":\"https:\/\/iberoid.com\/pt\/product\/multi-pack-sport-multivitamin-day-night-formula-60-caps\/#primaryimage\"},\"thumbnailUrl\":\"https:\/\/iberoid.com\/wp-content\/uploads\/2025\/05\/trec-multipack-day-night-1200x1200w-1.jpg?v=1747472134\",\"datePublished\":\"2025-05-17T08:12:59+00:00\",\"dateModified\":\"2026-02-18T09:20:08+00:00\",\"description\":\"MULTIPACK SPORT \u00e9 um complexo multivitam\u00ednico para atletas com extratos de ervas e CoQ10 para aumentar energia, imunidade e sistema nervoso.\",\"breadcrumb\":{\"@id\":\"https:\/\/iberoid.com\/pt\/product\/multi-pack-sport-multivitamin-day-night-formula-60-caps\/#breadcrumb\"},\"inLanguage\":\"pt-PT\",\"potentialAction\":[{\"@type\":\"ReadAction\",\"target\":[[\"https:\/\/iberoid.com\/pt\/product\/multi-pack-sport-multivitamin-day-night-formula-60-caps\/\"]]}]},{\"@type\":\"ImageObject\",\"inLanguage\":\"pt-PT\",\"@id\":\"https:\/\/iberoid.com\/pt\/product\/multi-pack-sport-multivitamin-day-night-formula-60-caps\/#primaryimage\",\"url\":\"https:\/\/iberoid.com\/wp-content\/uploads\/2025\/05\/trec-multipack-day-night-1200x1200w-1.jpg?v=1747472134\",\"contentUrl\":\"https:\/\/iberoid.com\/wp-content\/uploads\/2025\/05\/trec-multipack-day-night-1200x1200w-1.jpg?v=1747472134\",\"width\":1199,\"height\":491},{\"@type\":\"BreadcrumbList\",\"@id\":\"https:\/\/iberoid.com\/pt\/product\/multi-pack-sport-multivitamin-day-night-formula-60-caps\/#breadcrumb\",\"itemListElement\":[{\"@type\":\"ListItem\",\"position\":1,\"name\":\"Portada\",\"item\":\"https:\/\/iberoid.com\/pt\/\"},{\"@type\":\"ListItem\",\"position\":2,\"name\":\"Loja\",\"item\":\"https:\/\/iberoid.com\/pt\/shop\/\"},{\"@type\":\"ListItem\",\"position\":3,\"name\":\"Multi Pack Sport MultiVitamin Day\/Night Formula 60 Caps\"}]},{\"@type\":\"WebSite\",\"@id\":\"https:\/\/iberoid-shop.com\/#website\",\"url\":\"https:\/\/iberoid-shop.com\/\",\"name\":\"Ester\u00f3ides Online\",\"description\":\"Compre ester\u00f3ides online hoje em Espanha e Portugal. Temos o melhor servi\u00e7o ao cliente do setor e produtos da mais alta qualidade\",\"potentialAction\":[{\"@type\":\"SearchAction\",\"target\":{\"@type\":\"EntryPoint\",\"urlTemplate\":\"https:\/\/iberoid-shop.com\/?s={search_term_string}\"},\"query-input\":{\"@type\":\"PropertyValueSpecification\",\"valueRequired\":true,\"valueName\":\"search_term_string\"}}],\"inLanguage\":\"pt-PT\"}]}<\/script>\n<meta property=\"product:brand\" content=\"Trec Nutrition\" \/>\n<meta property=\"product:price:amount\" content=\"20.00\" \/>\n<meta property=\"product:price:currency\" content=\"EUR\" \/>\n<meta property=\"og:availability\" content=\"out of stock\" \/>\n<meta property=\"product:availability\" content=\"out of stock\" \/>\n<meta property=\"product:condition\" content=\"new\" \/>\n<!-- \/ Yoast SEO Premium plugin. -->","yoast_head_json":{"title":"Multi Pack Sport MultiVitamin Day\/Night Formula 60 Caps - Ester\u00f3ides Online","description":"MULTIPACK SPORT \u00e9 um complexo multivitam\u00ednico para atletas com extratos de ervas e CoQ10 para aumentar energia, imunidade e sistema nervoso.","robots":{"index":"index","follow":"follow","max-snippet":"max-snippet:-1","max-image-preview":"max-image-preview:large","max-video-preview":"max-video-preview:-1"},"canonical":"https:\/\/iberoid.com\/pt\/product\/multi-pack-sport-multivitamin-day-night-formula-60-caps\/","og_locale":"pt_PT","og_type":"article","og_title":"Multi Pack Sport MultiVitamin Day\/Night Formula 60 Caps","og_description":"MULTIPACK SPORT \u00e9 um complexo multivitam\u00ednico para atletas com extratos de ervas e CoQ10 para aumentar energia, imunidade e sistema nervoso.","og_url":"https:\/\/iberoid.com\/pt\/product\/multi-pack-sport-multivitamin-day-night-formula-60-caps\/","og_site_name":"Ester\u00f3ides Online","article_modified_time":"2026-02-18T09:20:08+00:00","og_image":[{"width":1199,"height":491,"url":"https:\/\/iberoid.com\/wp-content\/uploads\/2025\/05\/trec-multipack-day-night-1200x1200w-1.jpg?v=1747472134","type":"image\/jpeg"}],"twitter_card":"summary_large_image","twitter_misc":{"pre\u00e7o":"&euro;20.00","Disponibilidade":"Esgotado"},"schema":{"@context":"https:\/\/schema.org","@graph":[{"@type":"WebPage","@id":"https:\/\/iberoid.com\/pt\/product\/multi-pack-sport-multivitamin-day-night-formula-60-caps\/","url":"https:\/\/iberoid.com\/pt\/product\/multi-pack-sport-multivitamin-day-night-formula-60-caps\/","name":"Multi Pack Sport MultiVitamin Day\/Night Formula 60 Caps - Ester\u00f3ides Online","isPartOf":{"@id":"https:\/\/iberoid-shop.com\/#website"},"primaryImageOfPage":{"@id":"https:\/\/iberoid.com\/pt\/product\/multi-pack-sport-multivitamin-day-night-formula-60-caps\/#primaryimage"},"image":{"@id":"https:\/\/iberoid.com\/pt\/product\/multi-pack-sport-multivitamin-day-night-formula-60-caps\/#primaryimage"},"thumbnailUrl":"https:\/\/iberoid.com\/wp-content\/uploads\/2025\/05\/trec-multipack-day-night-1200x1200w-1.jpg?v=1747472134","datePublished":"2025-05-17T08:12:59+00:00","dateModified":"2026-02-18T09:20:08+00:00","description":"MULTIPACK SPORT \u00e9 um complexo multivitam\u00ednico para atletas com extratos de ervas e CoQ10 para aumentar energia, imunidade e sistema nervoso.","breadcrumb":{"@id":"https:\/\/iberoid.com\/pt\/product\/multi-pack-sport-multivitamin-day-night-formula-60-caps\/#breadcrumb"},"inLanguage":"pt-PT","potentialAction":[{"@type":"ReadAction","target":[["https:\/\/iberoid.com\/pt\/product\/multi-pack-sport-multivitamin-day-night-formula-60-caps\/"]]}]},{"@type":"ImageObject","inLanguage":"pt-PT","@id":"https:\/\/iberoid.com\/pt\/product\/multi-pack-sport-multivitamin-day-night-formula-60-caps\/#primaryimage","url":"https:\/\/iberoid.com\/wp-content\/uploads\/2025\/05\/trec-multipack-day-night-1200x1200w-1.jpg?v=1747472134","contentUrl":"https:\/\/iberoid.com\/wp-content\/uploads\/2025\/05\/trec-multipack-day-night-1200x1200w-1.jpg?v=1747472134","width":1199,"height":491},{"@type":"BreadcrumbList","@id":"https:\/\/iberoid.com\/pt\/product\/multi-pack-sport-multivitamin-day-night-formula-60-caps\/#breadcrumb","itemListElement":[{"@type":"ListItem","position":1,"name":"Portada","item":"https:\/\/iberoid.com\/pt\/"},{"@type":"ListItem","position":2,"name":"Loja","item":"https:\/\/iberoid.com\/pt\/shop\/"},{"@type":"ListItem","position":3,"name":"Multi Pack Sport MultiVitamin Day\/Night Formula 60 Caps"}]},{"@type":"WebSite","@id":"https:\/\/iberoid-shop.com\/#website","url":"https:\/\/iberoid-shop.com\/","name":"Ester\u00f3ides Online","description":"Compre ester\u00f3ides online hoje em Espanha e Portugal. Temos o melhor servi\u00e7o ao cliente do setor e produtos da mais alta qualidade","potentialAction":[{"@type":"SearchAction","target":{"@type":"EntryPoint","urlTemplate":"https:\/\/iberoid-shop.com\/?s={search_term_string}"},"query-input":{"@type":"PropertyValueSpecification","valueRequired":true,"valueName":"search_term_string"}}],"inLanguage":"pt-PT"}]},"product_brand":"Trec Nutrition","product_price_amount":"20.00","product_price_currency":"EUR","og_availability":"out of stock","product_availability":"out of stock","product_condition":"new"},"_links":{"self":[{"href":"https:\/\/iberoid.com\/pt\/wp-json\/wp\/v2\/product\/10091","targetHints":{"allow":["GET"]}}],"collection":[{"href":"https:\/\/iberoid.com\/pt\/wp-json\/wp\/v2\/product"}],"about":[{"href":"https:\/\/iberoid.com\/pt\/wp-json\/wp\/v2\/types\/product"}],"replies":[{"embeddable":true,"href":"https:\/\/iberoid.com\/pt\/wp-json\/wp\/v2\/comments?post=10091"}],"wp:featuredmedia":[{"embeddable":true,"href":"https:\/\/iberoid.com\/pt\/wp-json\/wp\/v2\/media\/10101"}],"wp:attachment":[{"href":"https:\/\/iberoid.com\/pt\/wp-json\/wp\/v2\/media?parent=10091"}],"wp:term":[{"taxonomy":"product_brand","embeddable":true,"href":"https:\/\/iberoid.com\/pt\/wp-json\/wp\/v2\/product_brand?post=10091"},{"taxonomy":"product_cat","embeddable":true,"href":"https:\/\/iberoid.com\/pt\/wp-json\/wp\/v2\/product_cat?post=10091"},{"taxonomy":"product_tag","embeddable":true,"href":"https:\/\/iberoid.com\/pt\/wp-json\/wp\/v2\/product_tag?post=10091"}],"curies":[{"name":"wp","href":"https:\/\/api.w.org\/{rel}","templated":true}]}}