{"id":10112,"date":"2025-05-21T18:20:15","date_gmt":"2025-05-21T18:20:15","guid":{"rendered":"https:\/\/iberoid.com\/?post_type=product&#038;p=10112"},"modified":"2025-11-25T09:34:01","modified_gmt":"2025-11-25T09:34:01","slug":"trenbolone-acetate-100mg","status":"publish","type":"product","link":"https:\/\/iberoid.com\/pt\/product\/trenbolone-acetate-100mg\/","title":{"rendered":"Trenbolone Acetate 100mg"},"content":{"rendered":"<p><\/p>\n<p data-sourcepos=\"3:1-4:50\"><strong>Embalagem:<\/strong> 10 ampolas de 1ml (100 mg\/ml) <strong>Subst\u00e2ncia ativa:<\/strong> Acetato de Trembolona 100 mg<\/p>\n<p data-sourcepos=\"6:1-7:172\">O acetato de trembolona \u00e9 um esteroide anabolizante sint\u00e9tico, \u00e9 um \u00e9ster androg\u00e9nico e um pr\u00f3-f\u00e1rmaco de a\u00e7\u00e3o prolongada da trembolona. Liga-se muito bem ao recetor de androg\u00e9nios e \u00e9 cinco vezes mais potente que a testosterona. A trembolona n\u00e3o \u00e9 estrog\u00e9nica e n\u00e3o \u00e9 t\u00f3xica para o f\u00edgado. O acetato de trembolona permite ganhar mais peso sem incha\u00e7o. Embora potente, \u00e9 relativamente seguro e os efeitos secund\u00e1rios est\u00e3o maioritariamente ligados \u00e0 sobredosagem.<\/p>\n<p data-sourcepos=\"9:1-9:43\"><strong>Precau\u00e7\u00f5es (ou Condi\u00e7\u00f5es a considerar):<\/strong><\/p>\n<ul data-sourcepos=\"10:1-14:0\">\n<li data-sourcepos=\"10:1-10:15\">Doen\u00e7a renal.<\/li>\n<li data-sourcepos=\"11:1-11:18\">Doen\u00e7a card\u00edaca.<\/li>\n<li data-sourcepos=\"12:1-12:24\">Press\u00e3o arterial alta.<\/li>\n<li data-sourcepos=\"13:1-14:0\">Diabetes.<\/li>\n<\/ul>\n<p data-sourcepos=\"15:1-15:35\"><strong>Posologia e efeitos secund\u00e1rios<\/strong><\/p>\n<p data-sourcepos=\"17:1-18:84\">O Acetato de Trembolona \u00e9 recomendado para uso exclusivo por homens e todas as doses indicadas s\u00e3o destinadas a homens. A dose recomendada do f\u00e1rmaco \u00e9 de 50-100 mg uma vez a cada dois dias como inje\u00e7\u00e3o intramuscular. Para iniciantes, o ciclo come\u00e7a com uma dose de 50 a 100 mg uma vez a cada dois dias. A dura\u00e7\u00e3o do ciclo de Acetato de Trembolona \u00e9 de cerca de 56-60 dias. Como todos os medicamentos, o Acetato de Trembolona pode causar efeitos secund\u00e1rios:<\/p>\n<ul data-sourcepos=\"19:1-30:104\">\n<li data-sourcepos=\"19:1-19:62\">supress\u00e3o da produ\u00e7\u00e3o de testosterona; diminui\u00e7\u00e3o da libido;<\/li>\n<li data-sourcepos=\"20:1-20:23\">diminui\u00e7\u00e3o da ere\u00e7\u00e3o;<\/li>\n<li data-sourcepos=\"21:1-21:78\">atrofia testicular devido a uma forte supress\u00e3o da produ\u00e7\u00e3o de testosterona;<\/li>\n<li data-sourcepos=\"22:1-22:88\">carga elevada sobre os rins; ginecomastia por prolactina; acne; press\u00e3o arterial alta;<\/li>\n<li data-sourcepos=\"23:1-23:74\">aumento da agressividade e excita\u00e7\u00e3o nervosa; queda de cabelo na cabe\u00e7a;<\/li>\n<li data-sourcepos=\"24:1-24:68\">aumento do crescimento de pelos no rosto e corpo (tipo masculino);<\/li>\n<li data-sourcepos=\"25:1-25:48\">deforma\u00e7\u00e3o das cordas vocais; atrofia genital;<\/li>\n<li data-sourcepos=\"26:1-26:48\">um tipo espec\u00edfico de tosse \u00e9 a de trembolona;<\/li>\n<li data-sourcepos=\"27:1-27:32\">aumento da oleosidade da pele;<\/li>\n<li data-sourcepos=\"28:1-30:104\">ins\u00f3nia e outros dist\u00farbios do sono. A manifesta\u00e7\u00e3o de efeitos androg\u00e9nicos \u00e9 poss\u00edvel, enquanto n\u00e3o existem efeitos estrog\u00e9nicos. Se notar quaisquer efeitos secund\u00e1rios n\u00e3o listados neste folheto, informe o seu m\u00e9dico ou farmac\u00eautico.<\/li>\n<\/ul>\n<p><\/p>","protected":false},"excerpt":{"rendered":"<p>Embalagem: 10 ampolas de 1ml (100 mg\/ml) Subst\u00e2ncia ativa: Acetato de Trembolona 100 mg O acetato de trembolona \u00e9 um<\/p>\n","protected":false},"featured_media":10113,"comment_status":"open","ping_status":"closed","template":"","meta":[],"product_brand":[],"product_cat":[69],"product_tag":[],"class_list":{"0":"post-10112","1":"product","2":"type-product","3":"status-publish","4":"has-post-thumbnail","6":"product_cat-esteroides_inyectables","8":"first","9":"outofstock","10":"shipping-taxable","11":"purchasable","12":"product-type-simple"},"yoast_head":"<!-- This site is optimized with the Yoast SEO Premium plugin v24.4 (Yoast SEO v27.0) - https:\/\/yoast.com\/product\/yoast-seo-premium-wordpress\/ -->\n<title>Trenbolone Acetate 100mg - Ester\u00f3ides Online<\/title>\n<meta name=\"description\" content=\"Acetato de Trenbolona \u00e9 um esteroide anab\u00f3lico potente para ganho muscular, for\u00e7a e perda de gordura, sem efeitos estrog\u00eanicos.\" \/>\n<meta name=\"robots\" content=\"index, follow, max-snippet:-1, max-image-preview:large, max-video-preview:-1\" \/>\n<link rel=\"canonical\" href=\"https:\/\/iberoid.com\/pt\/product\/trenbolone-acetate-100mg\/\" \/>\n<meta property=\"og:locale\" content=\"pt_PT\" \/>\n<meta property=\"og:type\" content=\"article\" \/>\n<meta property=\"og:title\" content=\"Trenbolone Acetate 100mg\" \/>\n<meta property=\"og:description\" content=\"Acetato de Trenbolona \u00e9 um esteroide anab\u00f3lico potente para ganho muscular, for\u00e7a e perda de gordura, sem efeitos estrog\u00eanicos.\" \/>\n<meta property=\"og:url\" content=\"https:\/\/iberoid.com\/pt\/product\/trenbolone-acetate-100mg\/\" \/>\n<meta property=\"og:site_name\" content=\"Ester\u00f3ides Online\" \/>\n<meta property=\"article:modified_time\" content=\"2025-11-25T09:34:01+00:00\" \/>\n<meta property=\"og:image\" content=\"https:\/\/iberoid.com\/wp-content\/uploads\/2025\/05\/TA.jpg?v=1747851597\" \/>\n\t<meta property=\"og:image:width\" content=\"2200\" \/>\n\t<meta property=\"og:image:height\" content=\"1540\" \/>\n\t<meta property=\"og:image:type\" content=\"image\/jpeg\" \/>\n<meta name=\"twitter:card\" content=\"summary_large_image\" \/>\n<meta name=\"twitter:label1\" content=\"pre\u00e7o\" \/>\n\t<meta name=\"twitter:data1\" content=\"&euro;55.00\" \/>\n\t<meta name=\"twitter:label2\" content=\"Disponibilidade\" \/>\n\t<meta name=\"twitter:data2\" content=\"Esgotado\" \/>\n<script type=\"application\/ld+json\" class=\"yoast-schema-graph\">{\"@context\":\"https:\/\/schema.org\",\"@graph\":[{\"@type\":\"WebPage\",\"@id\":\"https:\/\/iberoid.com\/pt\/product\/trenbolone-acetate-100mg\/\",\"url\":\"https:\/\/iberoid.com\/pt\/product\/trenbolone-acetate-100mg\/\",\"name\":\"Trenbolone Acetate 100mg - Ester\u00f3ides Online\",\"isPartOf\":{\"@id\":\"https:\/\/iberoid.com\/pt\/#website\"},\"primaryImageOfPage\":{\"@id\":\"https:\/\/iberoid.com\/pt\/product\/trenbolone-acetate-100mg\/#primaryimage\"},\"image\":{\"@id\":\"https:\/\/iberoid.com\/pt\/product\/trenbolone-acetate-100mg\/#primaryimage\"},\"thumbnailUrl\":\"https:\/\/iberoid.com\/wp-content\/uploads\/2025\/05\/TA.jpg?v=1747851597\",\"datePublished\":\"2025-05-21T18:20:15+00:00\",\"dateModified\":\"2025-11-25T09:34:01+00:00\",\"description\":\"Acetato de Trenbolona \u00e9 um esteroide anab\u00f3lico potente para ganho muscular, for\u00e7a e perda de gordura, sem efeitos estrog\u00eanicos.\",\"breadcrumb\":{\"@id\":\"https:\/\/iberoid.com\/pt\/product\/trenbolone-acetate-100mg\/#breadcrumb\"},\"inLanguage\":\"pt-PT\",\"potentialAction\":[{\"@type\":\"ReadAction\",\"target\":[[\"https:\/\/iberoid.com\/pt\/product\/trenbolone-acetate-100mg\/\"]]}]},{\"@type\":\"ImageObject\",\"inLanguage\":\"pt-PT\",\"@id\":\"https:\/\/iberoid.com\/pt\/product\/trenbolone-acetate-100mg\/#primaryimage\",\"url\":\"https:\/\/iberoid.com\/wp-content\/uploads\/2025\/05\/TA.jpg?v=1747851597\",\"contentUrl\":\"https:\/\/iberoid.com\/wp-content\/uploads\/2025\/05\/TA.jpg?v=1747851597\",\"width\":2200,\"height\":1540},{\"@type\":\"BreadcrumbList\",\"@id\":\"https:\/\/iberoid.com\/pt\/product\/trenbolone-acetate-100mg\/#breadcrumb\",\"itemListElement\":[{\"@type\":\"ListItem\",\"position\":1,\"name\":\"Portada\",\"item\":\"https:\/\/iberoid.com\/pt\/\"},{\"@type\":\"ListItem\",\"position\":2,\"name\":\"Loja\",\"item\":\"https:\/\/iberoid.com\/pt\/shop\/\"},{\"@type\":\"ListItem\",\"position\":3,\"name\":\"Trenbolone Acetate 100mg\"}]},{\"@type\":\"WebSite\",\"@id\":\"https:\/\/iberoid.com\/pt\/#website\",\"url\":\"https:\/\/iberoid.com\/pt\/\",\"name\":\"Ester\u00f3ides Online\",\"description\":\"Compre ester\u00f3ides online hoje em Espanha e Portugal. Temos o melhor servi\u00e7o ao cliente do setor e produtos da mais alta qualidade\",\"potentialAction\":[{\"@type\":\"SearchAction\",\"target\":{\"@type\":\"EntryPoint\",\"urlTemplate\":\"https:\/\/iberoid.com\/pt\/?s={search_term_string}\"},\"query-input\":{\"@type\":\"PropertyValueSpecification\",\"valueRequired\":true,\"valueName\":\"search_term_string\"}}],\"inLanguage\":\"pt-PT\"}]}<\/script>\n<meta property=\"product:brand\" content=\"Genetic Life Science\" \/>\n<meta property=\"product:price:amount\" content=\"55.00\" \/>\n<meta property=\"product:price:currency\" content=\"EUR\" \/>\n<meta property=\"og:availability\" content=\"out of stock\" \/>\n<meta property=\"product:availability\" content=\"out of stock\" \/>\n<meta property=\"product:condition\" content=\"new\" \/>\n<!-- \/ Yoast SEO Premium plugin. -->","yoast_head_json":{"title":"Trenbolone Acetate 100mg - Ester\u00f3ides Online","description":"Acetato de Trenbolona \u00e9 um esteroide anab\u00f3lico potente para ganho muscular, for\u00e7a e perda de gordura, sem efeitos estrog\u00eanicos.","robots":{"index":"index","follow":"follow","max-snippet":"max-snippet:-1","max-image-preview":"max-image-preview:large","max-video-preview":"max-video-preview:-1"},"canonical":"https:\/\/iberoid.com\/pt\/product\/trenbolone-acetate-100mg\/","og_locale":"pt_PT","og_type":"article","og_title":"Trenbolone Acetate 100mg","og_description":"Acetato de Trenbolona \u00e9 um esteroide anab\u00f3lico potente para ganho muscular, for\u00e7a e perda de gordura, sem efeitos estrog\u00eanicos.","og_url":"https:\/\/iberoid.com\/pt\/product\/trenbolone-acetate-100mg\/","og_site_name":"Ester\u00f3ides Online","article_modified_time":"2025-11-25T09:34:01+00:00","og_image":[{"width":2200,"height":1540,"url":"https:\/\/iberoid.com\/wp-content\/uploads\/2025\/05\/TA.jpg?v=1747851597","type":"image\/jpeg"}],"twitter_card":"summary_large_image","twitter_misc":{"pre\u00e7o":"&euro;55.00","Disponibilidade":"Esgotado"},"schema":{"@context":"https:\/\/schema.org","@graph":[{"@type":"WebPage","@id":"https:\/\/iberoid.com\/pt\/product\/trenbolone-acetate-100mg\/","url":"https:\/\/iberoid.com\/pt\/product\/trenbolone-acetate-100mg\/","name":"Trenbolone Acetate 100mg - Ester\u00f3ides Online","isPartOf":{"@id":"https:\/\/iberoid.com\/pt\/#website"},"primaryImageOfPage":{"@id":"https:\/\/iberoid.com\/pt\/product\/trenbolone-acetate-100mg\/#primaryimage"},"image":{"@id":"https:\/\/iberoid.com\/pt\/product\/trenbolone-acetate-100mg\/#primaryimage"},"thumbnailUrl":"https:\/\/iberoid.com\/wp-content\/uploads\/2025\/05\/TA.jpg?v=1747851597","datePublished":"2025-05-21T18:20:15+00:00","dateModified":"2025-11-25T09:34:01+00:00","description":"Acetato de Trenbolona \u00e9 um esteroide anab\u00f3lico potente para ganho muscular, for\u00e7a e perda de gordura, sem efeitos estrog\u00eanicos.","breadcrumb":{"@id":"https:\/\/iberoid.com\/pt\/product\/trenbolone-acetate-100mg\/#breadcrumb"},"inLanguage":"pt-PT","potentialAction":[{"@type":"ReadAction","target":[["https:\/\/iberoid.com\/pt\/product\/trenbolone-acetate-100mg\/"]]}]},{"@type":"ImageObject","inLanguage":"pt-PT","@id":"https:\/\/iberoid.com\/pt\/product\/trenbolone-acetate-100mg\/#primaryimage","url":"https:\/\/iberoid.com\/wp-content\/uploads\/2025\/05\/TA.jpg?v=1747851597","contentUrl":"https:\/\/iberoid.com\/wp-content\/uploads\/2025\/05\/TA.jpg?v=1747851597","width":2200,"height":1540},{"@type":"BreadcrumbList","@id":"https:\/\/iberoid.com\/pt\/product\/trenbolone-acetate-100mg\/#breadcrumb","itemListElement":[{"@type":"ListItem","position":1,"name":"Portada","item":"https:\/\/iberoid.com\/pt\/"},{"@type":"ListItem","position":2,"name":"Loja","item":"https:\/\/iberoid.com\/pt\/shop\/"},{"@type":"ListItem","position":3,"name":"Trenbolone Acetate 100mg"}]},{"@type":"WebSite","@id":"https:\/\/iberoid.com\/pt\/#website","url":"https:\/\/iberoid.com\/pt\/","name":"Ester\u00f3ides Online","description":"Compre ester\u00f3ides online hoje em Espanha e Portugal. Temos o melhor servi\u00e7o ao cliente do setor e produtos da mais alta qualidade","potentialAction":[{"@type":"SearchAction","target":{"@type":"EntryPoint","urlTemplate":"https:\/\/iberoid.com\/pt\/?s={search_term_string}"},"query-input":{"@type":"PropertyValueSpecification","valueRequired":true,"valueName":"search_term_string"}}],"inLanguage":"pt-PT"}]},"product_brand":"Genetic Life Science","product_price_amount":"55.00","product_price_currency":"EUR","og_availability":"out of stock","product_availability":"out of stock","product_condition":"new"},"_links":{"self":[{"href":"https:\/\/iberoid.com\/pt\/wp-json\/wp\/v2\/product\/10112","targetHints":{"allow":["GET"]}}],"collection":[{"href":"https:\/\/iberoid.com\/pt\/wp-json\/wp\/v2\/product"}],"about":[{"href":"https:\/\/iberoid.com\/pt\/wp-json\/wp\/v2\/types\/product"}],"replies":[{"embeddable":true,"href":"https:\/\/iberoid.com\/pt\/wp-json\/wp\/v2\/comments?post=10112"}],"wp:featuredmedia":[{"embeddable":true,"href":"https:\/\/iberoid.com\/pt\/wp-json\/wp\/v2\/media\/10113"}],"wp:attachment":[{"href":"https:\/\/iberoid.com\/pt\/wp-json\/wp\/v2\/media?parent=10112"}],"wp:term":[{"taxonomy":"product_brand","embeddable":true,"href":"https:\/\/iberoid.com\/pt\/wp-json\/wp\/v2\/product_brand?post=10112"},{"taxonomy":"product_cat","embeddable":true,"href":"https:\/\/iberoid.com\/pt\/wp-json\/wp\/v2\/product_cat?post=10112"},{"taxonomy":"product_tag","embeddable":true,"href":"https:\/\/iberoid.com\/pt\/wp-json\/wp\/v2\/product_tag?post=10112"}],"curies":[{"name":"wp","href":"https:\/\/api.w.org\/{rel}","templated":true}]}}