{"id":10116,"date":"2025-05-21T18:24:10","date_gmt":"2025-05-21T18:24:10","guid":{"rendered":"https:\/\/iberoid.com\/?post_type=product&#038;p=10116"},"modified":"2025-07-13T17:30:40","modified_gmt":"2025-07-13T17:30:40","slug":"trenbolone-hexahydrobenzylcarbonate-76-5mg","status":"publish","type":"product","link":"https:\/\/iberoid.com\/pt\/product\/trenbolone-hexahydrobenzylcarbonate-76-5mg\/","title":{"rendered":"Trenbolone Hexahydrobenzylcarbonate 76.5mg"},"content":{"rendered":"<p><\/p>\n<p data-sourcepos=\"3:1-4:68\"><strong>Embalagem:<\/strong> 10 ampolas de 1ml (76.5 mg\/ml) <strong>Subst\u00e2ncia ativa:<\/strong> Hexahidrobenzilcarbonato de Trembolona 76.5 mg<\/p>\n<p data-sourcepos=\"6:1-7:162\">O hexahidrobenzilcarbonato de trembolona \u00e9 um \u00e9ster de longa dura\u00e7\u00e3o que tem uma semi-vida de at\u00e9 10 dias. \u00c9 um esteroide anabolizante com efeitos anab\u00f3licos e androg\u00e9nicos significativos. O elevado efeito androg\u00e9nico previne uma poss\u00edvel s\u00edndrome de degrada\u00e7\u00e3o muscular e acelera a regenera\u00e7\u00e3o do tecido muscular. O hexahidrobenzilcarbonato de trembolona tamb\u00e9m acelera a queima de tecido adiposo e aumenta o metabolismo. O hexahidrobenzilcarbonato de trembolona aumenta a for\u00e7a e a dureza muscular, especialmente em combina\u00e7\u00e3o com uma dieta proteica. O medicamento n\u00e3o \u00e9 estrog\u00e9nico.<\/p>\n<p data-sourcepos=\"9:1-9:21\"><strong>Contraindica\u00e7\u00f5es:<\/strong><\/p>\n<ul data-sourcepos=\"11:1-18:0\">\n<li data-sourcepos=\"11:1-11:123\">Alergia ou hipersensibilidade ao hexahidrobenzilcarbonato de trembolona ou a qualquer outro componente deste medicamento.<\/li>\n<li data-sourcepos=\"12:1-12:18\">Disfun\u00e7\u00e3o renal.<\/li>\n<li data-sourcepos=\"13:1-13:20\">Doen\u00e7as card\u00edacas.<\/li>\n<li data-sourcepos=\"14:1-14:17\">Cancro da mama.<\/li>\n<li data-sourcepos=\"15:1-15:35\">Cancro da pr\u00f3stata ou testicular.<\/li>\n<li data-sourcepos=\"16:1-16:18\">Doen\u00e7a hep\u00e1tica.<\/li>\n<li data-sourcepos=\"17:1-18:0\">Epilepsia.<\/li>\n<\/ul>\n<p data-sourcepos=\"19:1-19:35\"><strong>Posologia e efeitos secund\u00e1rios<\/strong><\/p>\n<p data-sourcepos=\"21:1-24:101\">O hexahidrobenzilcarbonato de trembolona tem uma vida ativa de 5-7 dias. Portanto, as doses de TRENHEX s\u00e3o melhor administradas 2 vezes por semana. Para homens, a dose habitual \u00e9 de 153-306 mg por semana. N\u00e3o se recomenda que as mulheres tomem o medicamento. Como todos os medicamentos, o hexahidrobenzilcarbonato de trembolona pode causar efeitos secund\u00e1rios:<\/p>\n<ul data-sourcepos=\"26:1-53:12\">\n<li data-sourcepos=\"26:1-26:15\">ginecomastia;<\/li>\n<li data-sourcepos=\"27:1-27:46\">frequ\u00eancia e dura\u00e7\u00e3o excessivas das ere\u00e7\u00f5es;<\/li>\n<li data-sourcepos=\"28:1-28:15\">oligospermia;<\/li>\n<li data-sourcepos=\"29:1-29:31\">calv\u00edcie de padr\u00e3o masculino;<\/li>\n<li data-sourcepos=\"30:1-30:7\">acne;<\/li>\n<li data-sourcepos=\"31:1-31:13\">hirsutismo;<\/li>\n<li data-sourcepos=\"32:1-32:54\">reten\u00e7\u00e3o de s\u00f3dio, cloreto, \u00e1gua, pot\u00e1ssio e c\u00e1lcio;<\/li>\n<li data-sourcepos=\"33:1-33:10\">n\u00e1useas;<\/li>\n<li data-sourcepos=\"34:1-34:24\">icter\u00edcia colest\u00e1tica;<\/li>\n<li data-sourcepos=\"35:1-35:29\">neoplasias hepatocelulares;<\/li>\n<li data-sourcepos=\"36:1-36:19\">peliose hep\u00e1tica;<\/li>\n<li data-sourcepos=\"37:1-37:21\">adenomas hep\u00e1ticos;<\/li>\n<li data-sourcepos=\"38:1-38:10\">nefrite;<\/li>\n<li data-sourcepos=\"39:1-39:23\">hepatite colest\u00e1tica;<\/li>\n<li data-sourcepos=\"40:1-40:43\">altera\u00e7\u00f5es nos testes de fun\u00e7\u00e3o hep\u00e1tica;<\/li>\n<li data-sourcepos=\"41:1-41:20\">aumento da libido;<\/li>\n<li data-sourcepos=\"42:1-42:16\">dor de cabe\u00e7a;<\/li>\n<li data-sourcepos=\"43:1-43:12\">ansiedade;<\/li>\n<li data-sourcepos=\"44:1-44:12\">depress\u00e3o;<\/li>\n<li data-sourcepos=\"45:1-45:19\">agita\u00e7\u00e3o extrema;<\/li>\n<li data-sourcepos=\"46:1-46:17\">irritabilidade;<\/li>\n<li data-sourcepos=\"47:1-47:26\">parestesia generalizada.<\/li>\n<li data-sourcepos=\"48:1-48:33\">comportamento agressivo severo;<\/li>\n<li data-sourcepos=\"49:1-49:33\">altera\u00e7\u00f5es nos l\u00edpidos s\u00e9ricos;<\/li>\n<li data-sourcepos=\"50:1-50:14\">hipertens\u00e3o;<\/li>\n<li data-sourcepos=\"51:1-51:16\">hipercalcemia;<\/li>\n<li data-sourcepos=\"52:1-52:8\">edema;<\/li>\n<li data-sourcepos=\"53:1-53:12\">priapismo.<\/li>\n<\/ul>\n<p><\/p>","protected":false},"excerpt":{"rendered":"<p>Embalagem: 10 ampolas de 1ml (76.5 mg\/ml) Subst\u00e2ncia ativa: Hexahidrobenzilcarbonato de Trembolona 76.5 mg O hexahidrobenzilcarbonato de trembolona \u00e9 um<\/p>\n","protected":false},"featured_media":10117,"comment_status":"open","ping_status":"closed","template":"","meta":[],"product_brand":[],"product_cat":[69],"product_tag":[],"class_list":{"0":"post-10116","1":"product","2":"type-product","3":"status-publish","4":"has-post-thumbnail","6":"product_cat-esteroides_inyectables","8":"first","9":"outofstock","10":"shipping-taxable","11":"purchasable","12":"product-type-simple"},"yoast_head":"<!-- This site is optimized with the Yoast SEO Premium plugin v24.4 (Yoast SEO v27.3) - https:\/\/yoast.com\/product\/yoast-seo-premium-wordpress\/ -->\n<title>Trenbolone Hexahydrobenzylcarbonate 76.5mg - Ester\u00f3ides Online<\/title>\n<meta name=\"robots\" content=\"index, follow, max-snippet:-1, max-image-preview:large, max-video-preview:-1\" \/>\n<link rel=\"canonical\" href=\"https:\/\/iberoid.com\/pt\/product\/trenbolone-hexahydrobenzylcarbonate-76-5mg\/\" \/>\n<meta property=\"og:locale\" content=\"pt_PT\" \/>\n<meta property=\"og:type\" content=\"article\" \/>\n<meta property=\"og:title\" content=\"Trenbolone Hexahydrobenzylcarbonate 76.5mg\" \/>\n<meta property=\"og:description\" content=\"Embalagem: 10 ampolas de 1ml (76.5 mg\/ml) Subst\u00e2ncia ativa: Hexahidrobenzilcarbonato de Trembolona 76.5 mg O hexahidrobenzilcarbonato de trembolona \u00e9 um\" \/>\n<meta property=\"og:url\" content=\"https:\/\/iberoid.com\/pt\/product\/trenbolone-hexahydrobenzylcarbonate-76-5mg\/\" \/>\n<meta property=\"og:site_name\" content=\"Ester\u00f3ides Online\" \/>\n<meta property=\"article:modified_time\" content=\"2025-07-13T17:30:40+00:00\" \/>\n<meta property=\"og:image\" content=\"https:\/\/iberoid.com\/wp-content\/uploads\/2025\/05\/HEXA.jpg?v=1747851834\" \/>\n\t<meta property=\"og:image:width\" content=\"2200\" \/>\n\t<meta property=\"og:image:height\" content=\"1540\" \/>\n\t<meta property=\"og:image:type\" content=\"image\/jpeg\" \/>\n<meta name=\"twitter:card\" content=\"summary_large_image\" \/>\n<meta name=\"twitter:label1\" content=\"pre\u00e7o\" \/>\n\t<meta name=\"twitter:data1\" content=\"&euro;60.00\" \/>\n\t<meta name=\"twitter:label2\" content=\"Disponibilidade\" \/>\n\t<meta name=\"twitter:data2\" content=\"Esgotado\" \/>\n<script type=\"application\/ld+json\" class=\"yoast-schema-graph\">{\"@context\":\"https:\\\/\\\/schema.org\",\"@graph\":[{\"@type\":\"WebPage\",\"@id\":\"https:\\\/\\\/iberoid.com\\\/pt\\\/product\\\/trenbolone-hexahydrobenzylcarbonate-76-5mg\\\/\",\"url\":\"https:\\\/\\\/iberoid.com\\\/pt\\\/product\\\/trenbolone-hexahydrobenzylcarbonate-76-5mg\\\/\",\"name\":\"Trenbolone Hexahydrobenzylcarbonate 76.5mg - Ester\u00f3ides Online\",\"isPartOf\":{\"@id\":\"https:\\\/\\\/iberoid.com\\\/pt\\\/#website\"},\"primaryImageOfPage\":{\"@id\":\"https:\\\/\\\/iberoid.com\\\/pt\\\/product\\\/trenbolone-hexahydrobenzylcarbonate-76-5mg\\\/#primaryimage\"},\"image\":{\"@id\":\"https:\\\/\\\/iberoid.com\\\/pt\\\/product\\\/trenbolone-hexahydrobenzylcarbonate-76-5mg\\\/#primaryimage\"},\"thumbnailUrl\":\"https:\\\/\\\/iberoid.com\\\/wp-content\\\/uploads\\\/2025\\\/05\\\/HEXA.jpg?v=1747851834\",\"datePublished\":\"2025-05-21T18:24:10+00:00\",\"dateModified\":\"2025-07-13T17:30:40+00:00\",\"breadcrumb\":{\"@id\":\"https:\\\/\\\/iberoid.com\\\/pt\\\/product\\\/trenbolone-hexahydrobenzylcarbonate-76-5mg\\\/#breadcrumb\"},\"inLanguage\":\"pt-PT\",\"potentialAction\":[{\"@type\":\"ReadAction\",\"target\":[[\"https:\\\/\\\/iberoid.com\\\/pt\\\/product\\\/trenbolone-hexahydrobenzylcarbonate-76-5mg\\\/\"]]}]},{\"@type\":\"ImageObject\",\"inLanguage\":\"pt-PT\",\"@id\":\"https:\\\/\\\/iberoid.com\\\/pt\\\/product\\\/trenbolone-hexahydrobenzylcarbonate-76-5mg\\\/#primaryimage\",\"url\":\"https:\\\/\\\/iberoid.com\\\/wp-content\\\/uploads\\\/2025\\\/05\\\/HEXA.jpg?v=1747851834\",\"contentUrl\":\"https:\\\/\\\/iberoid.com\\\/wp-content\\\/uploads\\\/2025\\\/05\\\/HEXA.jpg?v=1747851834\",\"width\":2200,\"height\":1540},{\"@type\":\"BreadcrumbList\",\"@id\":\"https:\\\/\\\/iberoid.com\\\/pt\\\/product\\\/trenbolone-hexahydrobenzylcarbonate-76-5mg\\\/#breadcrumb\",\"itemListElement\":[{\"@type\":\"ListItem\",\"position\":1,\"name\":\"Portada\",\"item\":\"https:\\\/\\\/iberoid.com\\\/pt\\\/\"},{\"@type\":\"ListItem\",\"position\":2,\"name\":\"Loja\",\"item\":\"https:\\\/\\\/iberoid.com\\\/pt\\\/shop\\\/\"},{\"@type\":\"ListItem\",\"position\":3,\"name\":\"Trenbolone Hexahydrobenzylcarbonate 76.5mg\"}]},{\"@type\":\"WebSite\",\"@id\":\"https:\\\/\\\/iberoid.com\\\/pt\\\/#website\",\"url\":\"https:\\\/\\\/iberoid.com\\\/pt\\\/\",\"name\":\"Ester\u00f3ides Online\",\"description\":\"Compre ester\u00f3ides online hoje em Espanha e Portugal. Temos o melhor servi\u00e7o ao cliente do setor e produtos da mais alta qualidade\",\"potentialAction\":[{\"@type\":\"SearchAction\",\"target\":{\"@type\":\"EntryPoint\",\"urlTemplate\":\"https:\\\/\\\/iberoid.com\\\/pt\\\/?s={search_term_string}\"},\"query-input\":{\"@type\":\"PropertyValueSpecification\",\"valueRequired\":true,\"valueName\":\"search_term_string\"}}],\"inLanguage\":\"pt-PT\"}]}<\/script>\n<meta property=\"product:brand\" content=\"Genetic Life Science\" \/>\n<meta property=\"product:price:amount\" content=\"60.00\" \/>\n<meta property=\"product:price:currency\" content=\"EUR\" \/>\n<meta property=\"og:availability\" content=\"out of stock\" \/>\n<meta property=\"product:availability\" content=\"out of stock\" \/>\n<meta property=\"product:condition\" content=\"new\" \/>\n<!-- \/ Yoast SEO Premium plugin. -->","yoast_head_json":{"title":"Trenbolone Hexahydrobenzylcarbonate 76.5mg - Ester\u00f3ides Online","robots":{"index":"index","follow":"follow","max-snippet":"max-snippet:-1","max-image-preview":"max-image-preview:large","max-video-preview":"max-video-preview:-1"},"canonical":"https:\/\/iberoid.com\/pt\/product\/trenbolone-hexahydrobenzylcarbonate-76-5mg\/","og_locale":"pt_PT","og_type":"article","og_title":"Trenbolone Hexahydrobenzylcarbonate 76.5mg","og_description":"Embalagem: 10 ampolas de 1ml (76.5 mg\/ml) Subst\u00e2ncia ativa: Hexahidrobenzilcarbonato de Trembolona 76.5 mg O hexahidrobenzilcarbonato de trembolona \u00e9 um","og_url":"https:\/\/iberoid.com\/pt\/product\/trenbolone-hexahydrobenzylcarbonate-76-5mg\/","og_site_name":"Ester\u00f3ides Online","article_modified_time":"2025-07-13T17:30:40+00:00","og_image":[{"width":2200,"height":1540,"url":"https:\/\/iberoid.com\/wp-content\/uploads\/2025\/05\/HEXA.jpg?v=1747851834","type":"image\/jpeg"}],"twitter_card":"summary_large_image","twitter_misc":{"pre\u00e7o":"&euro;60.00","Disponibilidade":"Esgotado"},"schema":{"@context":"https:\/\/schema.org","@graph":[{"@type":"WebPage","@id":"https:\/\/iberoid.com\/pt\/product\/trenbolone-hexahydrobenzylcarbonate-76-5mg\/","url":"https:\/\/iberoid.com\/pt\/product\/trenbolone-hexahydrobenzylcarbonate-76-5mg\/","name":"Trenbolone Hexahydrobenzylcarbonate 76.5mg - Ester\u00f3ides Online","isPartOf":{"@id":"https:\/\/iberoid.com\/pt\/#website"},"primaryImageOfPage":{"@id":"https:\/\/iberoid.com\/pt\/product\/trenbolone-hexahydrobenzylcarbonate-76-5mg\/#primaryimage"},"image":{"@id":"https:\/\/iberoid.com\/pt\/product\/trenbolone-hexahydrobenzylcarbonate-76-5mg\/#primaryimage"},"thumbnailUrl":"https:\/\/iberoid.com\/wp-content\/uploads\/2025\/05\/HEXA.jpg?v=1747851834","datePublished":"2025-05-21T18:24:10+00:00","dateModified":"2025-07-13T17:30:40+00:00","breadcrumb":{"@id":"https:\/\/iberoid.com\/pt\/product\/trenbolone-hexahydrobenzylcarbonate-76-5mg\/#breadcrumb"},"inLanguage":"pt-PT","potentialAction":[{"@type":"ReadAction","target":[["https:\/\/iberoid.com\/pt\/product\/trenbolone-hexahydrobenzylcarbonate-76-5mg\/"]]}]},{"@type":"ImageObject","inLanguage":"pt-PT","@id":"https:\/\/iberoid.com\/pt\/product\/trenbolone-hexahydrobenzylcarbonate-76-5mg\/#primaryimage","url":"https:\/\/iberoid.com\/wp-content\/uploads\/2025\/05\/HEXA.jpg?v=1747851834","contentUrl":"https:\/\/iberoid.com\/wp-content\/uploads\/2025\/05\/HEXA.jpg?v=1747851834","width":2200,"height":1540},{"@type":"BreadcrumbList","@id":"https:\/\/iberoid.com\/pt\/product\/trenbolone-hexahydrobenzylcarbonate-76-5mg\/#breadcrumb","itemListElement":[{"@type":"ListItem","position":1,"name":"Portada","item":"https:\/\/iberoid.com\/pt\/"},{"@type":"ListItem","position":2,"name":"Loja","item":"https:\/\/iberoid.com\/pt\/shop\/"},{"@type":"ListItem","position":3,"name":"Trenbolone Hexahydrobenzylcarbonate 76.5mg"}]},{"@type":"WebSite","@id":"https:\/\/iberoid.com\/pt\/#website","url":"https:\/\/iberoid.com\/pt\/","name":"Ester\u00f3ides Online","description":"Compre ester\u00f3ides online hoje em Espanha e Portugal. Temos o melhor servi\u00e7o ao cliente do setor e produtos da mais alta qualidade","potentialAction":[{"@type":"SearchAction","target":{"@type":"EntryPoint","urlTemplate":"https:\/\/iberoid.com\/pt\/?s={search_term_string}"},"query-input":{"@type":"PropertyValueSpecification","valueRequired":true,"valueName":"search_term_string"}}],"inLanguage":"pt-PT"}]},"product_brand":"Genetic Life Science","product_price_amount":"60.00","product_price_currency":"EUR","og_availability":"out of stock","product_availability":"out of stock","product_condition":"new"},"_links":{"self":[{"href":"https:\/\/iberoid.com\/pt\/wp-json\/wp\/v2\/product\/10116","targetHints":{"allow":["GET"]}}],"collection":[{"href":"https:\/\/iberoid.com\/pt\/wp-json\/wp\/v2\/product"}],"about":[{"href":"https:\/\/iberoid.com\/pt\/wp-json\/wp\/v2\/types\/product"}],"replies":[{"embeddable":true,"href":"https:\/\/iberoid.com\/pt\/wp-json\/wp\/v2\/comments?post=10116"}],"wp:featuredmedia":[{"embeddable":true,"href":"https:\/\/iberoid.com\/pt\/wp-json\/wp\/v2\/media\/10117"}],"wp:attachment":[{"href":"https:\/\/iberoid.com\/pt\/wp-json\/wp\/v2\/media?parent=10116"}],"wp:term":[{"taxonomy":"product_brand","embeddable":true,"href":"https:\/\/iberoid.com\/pt\/wp-json\/wp\/v2\/product_brand?post=10116"},{"taxonomy":"product_cat","embeddable":true,"href":"https:\/\/iberoid.com\/pt\/wp-json\/wp\/v2\/product_cat?post=10116"},{"taxonomy":"product_tag","embeddable":true,"href":"https:\/\/iberoid.com\/pt\/wp-json\/wp\/v2\/product_tag?post=10116"}],"curies":[{"name":"wp","href":"https:\/\/api.w.org\/{rel}","templated":true}]}}