{"id":10118,"date":"2025-05-21T18:26:52","date_gmt":"2025-05-21T18:26:52","guid":{"rendered":"https:\/\/iberoid.com\/?post_type=product&#038;p=10118"},"modified":"2025-11-12T09:18:11","modified_gmt":"2025-11-12T09:18:11","slug":"testosterone-propionate-100mg","status":"publish","type":"product","link":"https:\/\/iberoid.com\/pt\/product\/testosterone-propionate-100mg\/","title":{"rendered":"Testosterone Propionate 100mg"},"content":{"rendered":"<p><\/p>\n<p data-sourcepos=\"1:1-1:38\">Aqui est\u00e1 a tradu\u00e7\u00e3o para o portugu\u00eas:<\/p>\n<p data-sourcepos=\"3:1-4:55\"><strong>Embalagem:<\/strong> 10 ampolas de 1ml (100 mg\/ml) <strong>Subst\u00e2ncia ativa:<\/strong> Propionato de Testosterona 100 mg<\/p>\n<p data-sourcepos=\"6:1-7:112\">O Propionato de Testosterona, a principal subst\u00e2ncia ativa, metaboliza-se numa testosterona natural pura. \u00c9 um esteroide anabolizante de qualidade que confere mais resist\u00eancia e energia. Os efeitos adversos deste medicamento s\u00e3o bastante ligeiros devido ao facto de ser indistingu\u00edvel da mesma hormona que \u00e9 produzida naturalmente pelo nosso corpo. \u00c9 utilizado em homens para substituir a testosterona no tratamento de v\u00e1rios problemas de sa\u00fade causados pela falta de testosterona (hipogonadismo masculino). Isto deve ser confirmado por duas medi\u00e7\u00f5es separadas de testosterona no sangue e incluir tamb\u00e9m sintomas cl\u00ednicos como impot\u00eancia, infertilidade, baixo desejo sexual, fadiga, depress\u00e3o, perda \u00f3ssea causada por um baixo n\u00edvel da hormona testosterona. O Propionato de Testosterona tamb\u00e9m pode ser usado para controlar o cancro da mama em mulheres na p\u00f3s-menopausa.<\/p>\n<p data-sourcepos=\"9:1-9:21\"><strong>Contraindica\u00e7\u00f5es:<\/strong><\/p>\n<ul data-sourcepos=\"11:1-18:0\">\n<li data-sourcepos=\"11:1-11:89\">Alergia ao propionato de testosterona ou a qualquer outro componente deste medicamento.<\/li>\n<li data-sourcepos=\"12:1-12:58\">Cancro da pr\u00f3stata ou da mama dependente de androg\u00e9nios.<\/li>\n<li data-sourcepos=\"13:1-13:45\">Tumores hep\u00e1ticos \u2013 no passado ou presente.<\/li>\n<li data-sourcepos=\"14:1-14:73\">N\u00edveis elevados de c\u00e1lcio no sangue juntamente com neoplasias malignas.<\/li>\n<li data-sourcepos=\"15:1-15:67\">Ataque card\u00edaco no passado ou outras patologias card\u00edacas graves.<\/li>\n<li data-sourcepos=\"16:1-16:16\">Aterosclerose.<\/li>\n<li data-sourcepos=\"17:1-18:0\">Gravidez e lacta\u00e7\u00e3o.<\/li>\n<\/ul>\n<p data-sourcepos=\"19:1-19:35\"><strong>Posologia e efeitos secund\u00e1rios<\/strong><\/p>\n<p data-sourcepos=\"21:1-27:203\">A dose mais comum para homens com hipogonadismo (incapacidade de produzir esperma ou hormonas sexuais) \u00e9 de 50 mg de propionato de testosterona, injetados 2 ou 3 vezes por semana. A dose mais comum para homens com puberdade atrasada ou com test\u00edculos n\u00e3o descidos \u00e9 de 50 mg de propionato de testosterona, administrados como uma inje\u00e7\u00e3o semanal. A dose mais comum para mulheres na p\u00f3s-menopausa com cancro da mama \u00e9 de 100 mg de propionato de testosterona, injetados 2 ou 3 vezes por semana. Para pacientes mais idosos, devem ser prescritas doses mais baixas. O Propionato de Testosterona \u00e9 usado apenas para inje\u00e7\u00e3o intramuscular. Deve ter-se especial cuidado para evitar que entre num vaso sangu\u00edneo. Se sentir que o efeito do Propionato de Testosterona \u00e9 demasiado forte ou demasiado fraco, fale com o seu m\u00e9dico. Se parar de tomar o medicamento, pode sentir sintomas de defici\u00eancia de testosterona. Como todos os medicamentos, o Propionato de Testosterona pode causar efeitos secund\u00e1rios, embora nem todas as pessoas os manifestem. Os efeitos secund\u00e1rios mais comuns s\u00e3o acne e dor no local da inje\u00e7\u00e3o.<\/p>\n<p data-sourcepos=\"29:1-29:71\"><strong>Efeitos secund\u00e1rios comuns (podem afetar at\u00e9 1 em cada 10 pessoas):<\/strong><\/p>\n<ul data-sourcepos=\"30:1-30:445\">\n<li data-sourcepos=\"30:1-30:445\">n\u00edveis anormalmente elevados de gl\u00f3bulos vermelhos no sangue; aumento de peso; acne; aumento do antig\u00e9nio espec\u00edfico da pr\u00f3stata; aumento do tamanho da pr\u00f3stata e problemas relacionados; v\u00e1rias rea\u00e7\u00f5es no local da inje\u00e7\u00e3o (por exemplo, dor, desconforto, comich\u00e3o, vermelhid\u00e3o, n\u00f3doas negras ou irrita\u00e7\u00e3o); aumento do n\u00famero de gl\u00f3bulos vermelhos, hemat\u00f3crito (como percentagem de gl\u00f3bulos vermelhos) detetado por an\u00e1lises ao sangue peri\u00f3dicas.<\/li>\n<\/ul>\n<p><\/p>","protected":false},"excerpt":{"rendered":"<p>Aqui est\u00e1 a tradu\u00e7\u00e3o para o portugu\u00eas: Embalagem: 10 ampolas de 1ml (100 mg\/ml) Subst\u00e2ncia ativa: Propionato de Testosterona 100<\/p>\n","protected":false},"featured_media":10119,"comment_status":"open","ping_status":"closed","template":"","meta":[],"product_brand":[],"product_cat":[69],"product_tag":[],"class_list":{"0":"post-10118","1":"product","2":"type-product","3":"status-publish","4":"has-post-thumbnail","6":"product_cat-esteroides_inyectables","8":"first","9":"outofstock","10":"shipping-taxable","11":"purchasable","12":"product-type-simple"},"yoast_head":"<!-- This site is optimized with the Yoast SEO Premium plugin v24.4 (Yoast SEO v27.0) - https:\/\/yoast.com\/product\/yoast-seo-premium-wordpress\/ -->\n<title>Testosterone Propionate 100mg - Ester\u00f3ides Online<\/title>\n<meta name=\"description\" content=\"O Propionato de Testosterona \u00e9 um esteroide anabolizante que aumenta a resist\u00eancia e a energia, tratando o hipogonadismo masculino e o c\u00e2ncer de mama em mulheres com efeitos colaterais m\u00ednimos.\" \/>\n<meta name=\"robots\" content=\"index, follow, max-snippet:-1, max-image-preview:large, max-video-preview:-1\" \/>\n<link rel=\"canonical\" href=\"https:\/\/iberoid.com\/pt\/product\/testosterone-propionate-100mg\/\" \/>\n<meta property=\"og:locale\" content=\"pt_PT\" \/>\n<meta property=\"og:type\" content=\"article\" \/>\n<meta property=\"og:title\" content=\"Testosterone Propionate 100mg\" \/>\n<meta property=\"og:description\" content=\"O Propionato de Testosterona \u00e9 um esteroide anabolizante que aumenta a resist\u00eancia e a energia, tratando o hipogonadismo masculino e o c\u00e2ncer de mama em mulheres com efeitos colaterais m\u00ednimos.\" \/>\n<meta property=\"og:url\" content=\"https:\/\/iberoid.com\/pt\/product\/testosterone-propionate-100mg\/\" \/>\n<meta property=\"og:site_name\" content=\"Ester\u00f3ides Online\" \/>\n<meta property=\"article:modified_time\" content=\"2025-11-12T09:18:11+00:00\" \/>\n<meta property=\"og:image\" content=\"https:\/\/iberoid.com\/wp-content\/uploads\/2025\/05\/TP.jpg?v=1747851997\" \/>\n\t<meta property=\"og:image:width\" content=\"2200\" \/>\n\t<meta property=\"og:image:height\" content=\"1540\" \/>\n\t<meta property=\"og:image:type\" content=\"image\/jpeg\" \/>\n<meta name=\"twitter:card\" content=\"summary_large_image\" \/>\n<meta name=\"twitter:label1\" content=\"pre\u00e7o\" \/>\n\t<meta name=\"twitter:data1\" content=\"&euro;30.00\" \/>\n\t<meta name=\"twitter:label2\" content=\"Disponibilidade\" \/>\n\t<meta name=\"twitter:data2\" content=\"Esgotado\" \/>\n<script type=\"application\/ld+json\" class=\"yoast-schema-graph\">{\"@context\":\"https:\/\/schema.org\",\"@graph\":[{\"@type\":\"WebPage\",\"@id\":\"https:\/\/iberoid.com\/pt\/product\/testosterone-propionate-100mg\/\",\"url\":\"https:\/\/iberoid.com\/pt\/product\/testosterone-propionate-100mg\/\",\"name\":\"Testosterone Propionate 100mg - Ester\u00f3ides Online\",\"isPartOf\":{\"@id\":\"https:\/\/iberoid-shop.com\/#website\"},\"primaryImageOfPage\":{\"@id\":\"https:\/\/iberoid.com\/pt\/product\/testosterone-propionate-100mg\/#primaryimage\"},\"image\":{\"@id\":\"https:\/\/iberoid.com\/pt\/product\/testosterone-propionate-100mg\/#primaryimage\"},\"thumbnailUrl\":\"https:\/\/iberoid.com\/wp-content\/uploads\/2025\/05\/TP.jpg?v=1747851997\",\"datePublished\":\"2025-05-21T18:26:52+00:00\",\"dateModified\":\"2025-11-12T09:18:11+00:00\",\"description\":\"O Propionato de Testosterona \u00e9 um esteroide anabolizante que aumenta a resist\u00eancia e a energia, tratando o hipogonadismo masculino e o c\u00e2ncer de mama em mulheres com efeitos colaterais m\u00ednimos.\",\"breadcrumb\":{\"@id\":\"https:\/\/iberoid.com\/pt\/product\/testosterone-propionate-100mg\/#breadcrumb\"},\"inLanguage\":\"pt-PT\",\"potentialAction\":[{\"@type\":\"ReadAction\",\"target\":[[\"https:\/\/iberoid.com\/pt\/product\/testosterone-propionate-100mg\/\"]]}]},{\"@type\":\"ImageObject\",\"inLanguage\":\"pt-PT\",\"@id\":\"https:\/\/iberoid.com\/pt\/product\/testosterone-propionate-100mg\/#primaryimage\",\"url\":\"https:\/\/iberoid.com\/wp-content\/uploads\/2025\/05\/TP.jpg?v=1747851997\",\"contentUrl\":\"https:\/\/iberoid.com\/wp-content\/uploads\/2025\/05\/TP.jpg?v=1747851997\",\"width\":2200,\"height\":1540},{\"@type\":\"BreadcrumbList\",\"@id\":\"https:\/\/iberoid.com\/pt\/product\/testosterone-propionate-100mg\/#breadcrumb\",\"itemListElement\":[{\"@type\":\"ListItem\",\"position\":1,\"name\":\"Portada\",\"item\":\"https:\/\/iberoid.com\/pt\/\"},{\"@type\":\"ListItem\",\"position\":2,\"name\":\"Loja\",\"item\":\"https:\/\/iberoid.com\/pt\/shop\/\"},{\"@type\":\"ListItem\",\"position\":3,\"name\":\"Testosterone Propionate 100mg\"}]},{\"@type\":\"WebSite\",\"@id\":\"https:\/\/iberoid-shop.com\/#website\",\"url\":\"https:\/\/iberoid-shop.com\/\",\"name\":\"Ester\u00f3ides Online\",\"description\":\"Compre ester\u00f3ides online hoje em Espanha e Portugal. Temos o melhor servi\u00e7o ao cliente do setor e produtos da mais alta qualidade\",\"potentialAction\":[{\"@type\":\"SearchAction\",\"target\":{\"@type\":\"EntryPoint\",\"urlTemplate\":\"https:\/\/iberoid-shop.com\/?s={search_term_string}\"},\"query-input\":{\"@type\":\"PropertyValueSpecification\",\"valueRequired\":true,\"valueName\":\"search_term_string\"}}],\"inLanguage\":\"pt-PT\"}]}<\/script>\n<meta property=\"product:brand\" content=\"Genetic Life Science\" \/>\n<meta property=\"product:price:amount\" content=\"30.00\" \/>\n<meta property=\"product:price:currency\" content=\"EUR\" \/>\n<meta property=\"og:availability\" content=\"out of stock\" \/>\n<meta property=\"product:availability\" content=\"out of stock\" \/>\n<meta property=\"product:condition\" content=\"new\" \/>\n<!-- \/ Yoast SEO Premium plugin. -->","yoast_head_json":{"title":"Testosterone Propionate 100mg - Ester\u00f3ides Online","description":"O Propionato de Testosterona \u00e9 um esteroide anabolizante que aumenta a resist\u00eancia e a energia, tratando o hipogonadismo masculino e o c\u00e2ncer de mama em mulheres com efeitos colaterais m\u00ednimos.","robots":{"index":"index","follow":"follow","max-snippet":"max-snippet:-1","max-image-preview":"max-image-preview:large","max-video-preview":"max-video-preview:-1"},"canonical":"https:\/\/iberoid.com\/pt\/product\/testosterone-propionate-100mg\/","og_locale":"pt_PT","og_type":"article","og_title":"Testosterone Propionate 100mg","og_description":"O Propionato de Testosterona \u00e9 um esteroide anabolizante que aumenta a resist\u00eancia e a energia, tratando o hipogonadismo masculino e o c\u00e2ncer de mama em mulheres com efeitos colaterais m\u00ednimos.","og_url":"https:\/\/iberoid.com\/pt\/product\/testosterone-propionate-100mg\/","og_site_name":"Ester\u00f3ides Online","article_modified_time":"2025-11-12T09:18:11+00:00","og_image":[{"width":2200,"height":1540,"url":"https:\/\/iberoid.com\/wp-content\/uploads\/2025\/05\/TP.jpg?v=1747851997","type":"image\/jpeg"}],"twitter_card":"summary_large_image","twitter_misc":{"pre\u00e7o":"&euro;30.00","Disponibilidade":"Esgotado"},"schema":{"@context":"https:\/\/schema.org","@graph":[{"@type":"WebPage","@id":"https:\/\/iberoid.com\/pt\/product\/testosterone-propionate-100mg\/","url":"https:\/\/iberoid.com\/pt\/product\/testosterone-propionate-100mg\/","name":"Testosterone Propionate 100mg - Ester\u00f3ides Online","isPartOf":{"@id":"https:\/\/iberoid-shop.com\/#website"},"primaryImageOfPage":{"@id":"https:\/\/iberoid.com\/pt\/product\/testosterone-propionate-100mg\/#primaryimage"},"image":{"@id":"https:\/\/iberoid.com\/pt\/product\/testosterone-propionate-100mg\/#primaryimage"},"thumbnailUrl":"https:\/\/iberoid.com\/wp-content\/uploads\/2025\/05\/TP.jpg?v=1747851997","datePublished":"2025-05-21T18:26:52+00:00","dateModified":"2025-11-12T09:18:11+00:00","description":"O Propionato de Testosterona \u00e9 um esteroide anabolizante que aumenta a resist\u00eancia e a energia, tratando o hipogonadismo masculino e o c\u00e2ncer de mama em mulheres com efeitos colaterais m\u00ednimos.","breadcrumb":{"@id":"https:\/\/iberoid.com\/pt\/product\/testosterone-propionate-100mg\/#breadcrumb"},"inLanguage":"pt-PT","potentialAction":[{"@type":"ReadAction","target":[["https:\/\/iberoid.com\/pt\/product\/testosterone-propionate-100mg\/"]]}]},{"@type":"ImageObject","inLanguage":"pt-PT","@id":"https:\/\/iberoid.com\/pt\/product\/testosterone-propionate-100mg\/#primaryimage","url":"https:\/\/iberoid.com\/wp-content\/uploads\/2025\/05\/TP.jpg?v=1747851997","contentUrl":"https:\/\/iberoid.com\/wp-content\/uploads\/2025\/05\/TP.jpg?v=1747851997","width":2200,"height":1540},{"@type":"BreadcrumbList","@id":"https:\/\/iberoid.com\/pt\/product\/testosterone-propionate-100mg\/#breadcrumb","itemListElement":[{"@type":"ListItem","position":1,"name":"Portada","item":"https:\/\/iberoid.com\/pt\/"},{"@type":"ListItem","position":2,"name":"Loja","item":"https:\/\/iberoid.com\/pt\/shop\/"},{"@type":"ListItem","position":3,"name":"Testosterone Propionate 100mg"}]},{"@type":"WebSite","@id":"https:\/\/iberoid-shop.com\/#website","url":"https:\/\/iberoid-shop.com\/","name":"Ester\u00f3ides Online","description":"Compre ester\u00f3ides online hoje em Espanha e Portugal. Temos o melhor servi\u00e7o ao cliente do setor e produtos da mais alta qualidade","potentialAction":[{"@type":"SearchAction","target":{"@type":"EntryPoint","urlTemplate":"https:\/\/iberoid-shop.com\/?s={search_term_string}"},"query-input":{"@type":"PropertyValueSpecification","valueRequired":true,"valueName":"search_term_string"}}],"inLanguage":"pt-PT"}]},"product_brand":"Genetic Life Science","product_price_amount":"30.00","product_price_currency":"EUR","og_availability":"out of stock","product_availability":"out of stock","product_condition":"new"},"_links":{"self":[{"href":"https:\/\/iberoid.com\/pt\/wp-json\/wp\/v2\/product\/10118","targetHints":{"allow":["GET"]}}],"collection":[{"href":"https:\/\/iberoid.com\/pt\/wp-json\/wp\/v2\/product"}],"about":[{"href":"https:\/\/iberoid.com\/pt\/wp-json\/wp\/v2\/types\/product"}],"replies":[{"embeddable":true,"href":"https:\/\/iberoid.com\/pt\/wp-json\/wp\/v2\/comments?post=10118"}],"wp:featuredmedia":[{"embeddable":true,"href":"https:\/\/iberoid.com\/pt\/wp-json\/wp\/v2\/media\/10119"}],"wp:attachment":[{"href":"https:\/\/iberoid.com\/pt\/wp-json\/wp\/v2\/media?parent=10118"}],"wp:term":[{"taxonomy":"product_brand","embeddable":true,"href":"https:\/\/iberoid.com\/pt\/wp-json\/wp\/v2\/product_brand?post=10118"},{"taxonomy":"product_cat","embeddable":true,"href":"https:\/\/iberoid.com\/pt\/wp-json\/wp\/v2\/product_cat?post=10118"},{"taxonomy":"product_tag","embeddable":true,"href":"https:\/\/iberoid.com\/pt\/wp-json\/wp\/v2\/product_tag?post=10118"}],"curies":[{"name":"wp","href":"https:\/\/api.w.org\/{rel}","templated":true}]}}