{"id":10120,"date":"2025-05-21T18:28:40","date_gmt":"2025-05-21T18:28:40","guid":{"rendered":"https:\/\/iberoid.com\/?post_type=product&#038;p=10120"},"modified":"2026-04-04T08:58:43","modified_gmt":"2026-04-04T08:58:43","slug":"nandrolone-phenylpropionate-100mg","status":"publish","type":"product","link":"https:\/\/iberoid.com\/pt\/product\/nandrolone-phenylpropionate-100mg\/","title":{"rendered":"Nandrolone Phenylpropionate 100mg"},"content":{"rendered":"<p><\/p>\n<p data-sourcepos=\"3:1-4:58\"><strong>Embalagem:<\/strong> 10 ampolas de 1ml (100 mg\/ml) <strong>Subst\u00e2ncia ativa:<\/strong> Fenilpropionato de Nandrolona 100 mg<\/p>\n<p data-sourcepos=\"6:1-7:318\">O fenilpropionato de nandrolona \u00e9 um potente esteroide anab\u00f3lico e androg\u00eanico que interage com os receptores celulares, promovendo processos energ\u00e9ticos e metab\u00f3licos. Notavelmente, tem uma tend\u00eancia reduzida a causar reten\u00e7\u00e3o de l\u00edquidos em compara\u00e7\u00e3o com outros androg\u00eanios. O fenilpropionato de nandrolona encontra aplica\u00e7\u00e3o prim\u00e1ria no tratamento do cancro da mama e osteoporose em mulheres. Adicionalmente, serve como terapia complementar para a osteoporose senil ou p\u00f3s-menop\u00e1usica em mulheres. Al\u00e9m disso, \u00e9 empregado no tratamento de les\u00f5es graves, interven\u00e7\u00f5es cir\u00fargicas e queimaduras.<\/p>\n<p data-sourcepos=\"9:1-10:80\"><strong>Contraindica\u00e7\u00f5es:<\/strong> O uso de fenilpropionato de nandrolona \u00e9 contraindicado nas seguintes condi\u00e7\u00f5es:<\/p>\n<ul data-sourcepos=\"12:1-18:0\">\n<li data-sourcepos=\"12:1-12:121\">Alergia ou hipersensibilidade ao fenilpropionato de nandrolona ou a qualquer outro ingrediente presente no medicamento.<\/li>\n<li data-sourcepos=\"13:1-13:42\">Cancro da pr\u00f3stata ou da mama em homens.<\/li>\n<li data-sourcepos=\"14:1-14:140\">Cancro da mama em mulheres com hipercalcemia, pois os esteroides anab\u00f3licos androg\u00eanicos podem potencialmente estimular a oste\u00f3lise \u00f3ssea.<\/li>\n<li data-sourcepos=\"15:1-15:25\">Gravidez e amamenta\u00e7\u00e3o.<\/li>\n<li data-sourcepos=\"16:1-16:38\">Doen\u00e7as hep\u00e1ticas agudas e cr\u00f3nicas.<\/li>\n<li data-sourcepos=\"17:1-18:0\">Nefrite e s\u00edndrome nefr\u00f3tico.<\/li>\n<\/ul>\n<p data-sourcepos=\"19:1-19:35\"><strong>Posologia e efeitos secund\u00e1rios<\/strong><\/p>\n<p data-sourcepos=\"21:1-25:132\">O Fenilpropionato de Nandrolona deve ser usado estritamente de acordo com a posologia e dura\u00e7\u00e3o prescritas pelo seu m\u00e9dico. Este medicamento \u00e9 administrado por via intramuscular uma ou duas vezes por semana. A posologia recomendada para uma \u00fanica inje\u00e7\u00e3o \u00e9 a seguinte: Homens: 100-200 mg Mulheres: 25-100 mg \u00c9 importante notar que a posologia m\u00e1xima semanal n\u00e3o deve exceder 400 mg. A dura\u00e7\u00e3o t\u00edpica da administra\u00e7\u00e3o varia de 4 a 8 semanas.<\/p>\n<p><\/p>","protected":false},"excerpt":{"rendered":"<p>Embalagem: 10 ampolas de 1ml (100 mg\/ml) Subst\u00e2ncia ativa: Fenilpropionato de Nandrolona 100 mg O fenilpropionato de nandrolona \u00e9 um<\/p>\n","protected":false},"featured_media":10121,"comment_status":"open","ping_status":"closed","template":"","meta":[],"product_brand":[],"product_cat":[69],"product_tag":[],"class_list":{"0":"post-10120","1":"product","2":"type-product","3":"status-publish","4":"has-post-thumbnail","6":"product_cat-esteroides_inyectables","8":"first","9":"instock","10":"sale","11":"shipping-taxable","12":"purchasable","13":"product-type-simple"},"yoast_head":"<!-- This site is optimized with the Yoast SEO Premium plugin v24.4 (Yoast SEO v27.0) - https:\/\/yoast.com\/product\/yoast-seo-premium-wordpress\/ -->\n<title>Nandrolone Phenylpropionate 100mg - Ester\u00f3ides Online<\/title>\n<meta name=\"description\" content=\"O Fenilpropionato de Nandrolona \u00e9 um potente esteroide anab\u00f3lico que promove energia, recupera\u00e7\u00e3o e metabolismo com m\u00ednima reten\u00e7\u00e3o de l\u00edquidos.\" \/>\n<meta name=\"robots\" content=\"index, follow, max-snippet:-1, max-image-preview:large, max-video-preview:-1\" \/>\n<link rel=\"canonical\" href=\"https:\/\/iberoid.com\/pt\/product\/nandrolone-phenylpropionate-100mg\/\" \/>\n<meta property=\"og:locale\" content=\"pt_PT\" \/>\n<meta property=\"og:type\" content=\"article\" \/>\n<meta property=\"og:title\" content=\"Nandrolone Phenylpropionate 100mg\" \/>\n<meta property=\"og:description\" content=\"O Fenilpropionato de Nandrolona \u00e9 um potente esteroide anab\u00f3lico que promove energia, recupera\u00e7\u00e3o e metabolismo com m\u00ednima reten\u00e7\u00e3o de l\u00edquidos.\" \/>\n<meta property=\"og:url\" content=\"https:\/\/iberoid.com\/pt\/product\/nandrolone-phenylpropionate-100mg\/\" \/>\n<meta property=\"og:site_name\" content=\"Ester\u00f3ides Online\" \/>\n<meta property=\"article:modified_time\" content=\"2026-04-04T08:58:43+00:00\" \/>\n<meta property=\"og:image\" content=\"https:\/\/iberoid.com\/wp-content\/uploads\/2025\/05\/NPP.jpg?v=1747852106\" \/>\n\t<meta property=\"og:image:width\" content=\"2200\" \/>\n\t<meta property=\"og:image:height\" content=\"1540\" \/>\n\t<meta property=\"og:image:type\" content=\"image\/jpeg\" \/>\n<meta name=\"twitter:card\" content=\"summary_large_image\" \/>\n<meta name=\"twitter:label1\" content=\"pre\u00e7o\" \/>\n\t<meta name=\"twitter:data1\" content=\"&euro;30.00\" \/>\n\t<meta name=\"twitter:label2\" content=\"Disponibilidade\" \/>\n\t<meta name=\"twitter:data2\" content=\"Em stock\" \/>\n<script type=\"application\/ld+json\" class=\"yoast-schema-graph\">{\"@context\":\"https:\/\/schema.org\",\"@graph\":[{\"@type\":\"WebPage\",\"@id\":\"https:\/\/iberoid.com\/pt\/product\/nandrolone-phenylpropionate-100mg\/\",\"url\":\"https:\/\/iberoid.com\/pt\/product\/nandrolone-phenylpropionate-100mg\/\",\"name\":\"Nandrolone Phenylpropionate 100mg - Ester\u00f3ides Online\",\"isPartOf\":{\"@id\":\"https:\/\/iberoid-shop.com\/#website\"},\"primaryImageOfPage\":{\"@id\":\"https:\/\/iberoid.com\/pt\/product\/nandrolone-phenylpropionate-100mg\/#primaryimage\"},\"image\":{\"@id\":\"https:\/\/iberoid.com\/pt\/product\/nandrolone-phenylpropionate-100mg\/#primaryimage\"},\"thumbnailUrl\":\"https:\/\/iberoid.com\/wp-content\/uploads\/2025\/05\/NPP.jpg?v=1747852106\",\"datePublished\":\"2025-05-21T18:28:40+00:00\",\"dateModified\":\"2026-04-04T08:58:43+00:00\",\"description\":\"O Fenilpropionato de Nandrolona \u00e9 um potente esteroide anab\u00f3lico que promove energia, recupera\u00e7\u00e3o e metabolismo com m\u00ednima reten\u00e7\u00e3o de l\u00edquidos.\",\"breadcrumb\":{\"@id\":\"https:\/\/iberoid.com\/pt\/product\/nandrolone-phenylpropionate-100mg\/#breadcrumb\"},\"inLanguage\":\"pt-PT\",\"potentialAction\":[{\"@type\":\"ReadAction\",\"target\":[[\"https:\/\/iberoid.com\/pt\/product\/nandrolone-phenylpropionate-100mg\/\"]]}]},{\"@type\":\"ImageObject\",\"inLanguage\":\"pt-PT\",\"@id\":\"https:\/\/iberoid.com\/pt\/product\/nandrolone-phenylpropionate-100mg\/#primaryimage\",\"url\":\"https:\/\/iberoid.com\/wp-content\/uploads\/2025\/05\/NPP.jpg?v=1747852106\",\"contentUrl\":\"https:\/\/iberoid.com\/wp-content\/uploads\/2025\/05\/NPP.jpg?v=1747852106\",\"width\":2200,\"height\":1540,\"caption\":\"mockups-design.com\"},{\"@type\":\"BreadcrumbList\",\"@id\":\"https:\/\/iberoid.com\/pt\/product\/nandrolone-phenylpropionate-100mg\/#breadcrumb\",\"itemListElement\":[{\"@type\":\"ListItem\",\"position\":1,\"name\":\"Portada\",\"item\":\"https:\/\/iberoid.com\/pt\/\"},{\"@type\":\"ListItem\",\"position\":2,\"name\":\"Loja\",\"item\":\"https:\/\/iberoid.com\/pt\/shop\/\"},{\"@type\":\"ListItem\",\"position\":3,\"name\":\"Nandrolone Phenylpropionate 100mg\"}]},{\"@type\":\"WebSite\",\"@id\":\"https:\/\/iberoid-shop.com\/#website\",\"url\":\"https:\/\/iberoid-shop.com\/\",\"name\":\"Ester\u00f3ides Online\",\"description\":\"Compre ester\u00f3ides online hoje em Espanha e Portugal. Temos o melhor servi\u00e7o ao cliente do setor e produtos da mais alta qualidade\",\"potentialAction\":[{\"@type\":\"SearchAction\",\"target\":{\"@type\":\"EntryPoint\",\"urlTemplate\":\"https:\/\/iberoid-shop.com\/?s={search_term_string}\"},\"query-input\":{\"@type\":\"PropertyValueSpecification\",\"valueRequired\":true,\"valueName\":\"search_term_string\"}}],\"inLanguage\":\"pt-PT\"}]}<\/script>\n<meta property=\"product:brand\" content=\"Genetic Life Science\" \/>\n<meta property=\"product:price:amount\" content=\"30.00\" \/>\n<meta property=\"product:price:currency\" content=\"EUR\" \/>\n<meta property=\"og:availability\" content=\"instock\" \/>\n<meta property=\"product:availability\" content=\"instock\" \/>\n<meta property=\"product:condition\" content=\"new\" \/>\n<!-- \/ Yoast SEO Premium plugin. -->","yoast_head_json":{"title":"Nandrolone Phenylpropionate 100mg - Ester\u00f3ides Online","description":"O Fenilpropionato de Nandrolona \u00e9 um potente esteroide anab\u00f3lico que promove energia, recupera\u00e7\u00e3o e metabolismo com m\u00ednima reten\u00e7\u00e3o de l\u00edquidos.","robots":{"index":"index","follow":"follow","max-snippet":"max-snippet:-1","max-image-preview":"max-image-preview:large","max-video-preview":"max-video-preview:-1"},"canonical":"https:\/\/iberoid.com\/pt\/product\/nandrolone-phenylpropionate-100mg\/","og_locale":"pt_PT","og_type":"article","og_title":"Nandrolone Phenylpropionate 100mg","og_description":"O Fenilpropionato de Nandrolona \u00e9 um potente esteroide anab\u00f3lico que promove energia, recupera\u00e7\u00e3o e metabolismo com m\u00ednima reten\u00e7\u00e3o de l\u00edquidos.","og_url":"https:\/\/iberoid.com\/pt\/product\/nandrolone-phenylpropionate-100mg\/","og_site_name":"Ester\u00f3ides Online","article_modified_time":"2026-04-04T08:58:43+00:00","og_image":[{"width":2200,"height":1540,"url":"https:\/\/iberoid.com\/wp-content\/uploads\/2025\/05\/NPP.jpg?v=1747852106","type":"image\/jpeg"}],"twitter_card":"summary_large_image","twitter_misc":{"pre\u00e7o":"&euro;30.00","Disponibilidade":"Em stock"},"schema":{"@context":"https:\/\/schema.org","@graph":[{"@type":"WebPage","@id":"https:\/\/iberoid.com\/pt\/product\/nandrolone-phenylpropionate-100mg\/","url":"https:\/\/iberoid.com\/pt\/product\/nandrolone-phenylpropionate-100mg\/","name":"Nandrolone Phenylpropionate 100mg - Ester\u00f3ides Online","isPartOf":{"@id":"https:\/\/iberoid-shop.com\/#website"},"primaryImageOfPage":{"@id":"https:\/\/iberoid.com\/pt\/product\/nandrolone-phenylpropionate-100mg\/#primaryimage"},"image":{"@id":"https:\/\/iberoid.com\/pt\/product\/nandrolone-phenylpropionate-100mg\/#primaryimage"},"thumbnailUrl":"https:\/\/iberoid.com\/wp-content\/uploads\/2025\/05\/NPP.jpg?v=1747852106","datePublished":"2025-05-21T18:28:40+00:00","dateModified":"2026-04-04T08:58:43+00:00","description":"O Fenilpropionato de Nandrolona \u00e9 um potente esteroide anab\u00f3lico que promove energia, recupera\u00e7\u00e3o e metabolismo com m\u00ednima reten\u00e7\u00e3o de l\u00edquidos.","breadcrumb":{"@id":"https:\/\/iberoid.com\/pt\/product\/nandrolone-phenylpropionate-100mg\/#breadcrumb"},"inLanguage":"pt-PT","potentialAction":[{"@type":"ReadAction","target":[["https:\/\/iberoid.com\/pt\/product\/nandrolone-phenylpropionate-100mg\/"]]}]},{"@type":"ImageObject","inLanguage":"pt-PT","@id":"https:\/\/iberoid.com\/pt\/product\/nandrolone-phenylpropionate-100mg\/#primaryimage","url":"https:\/\/iberoid.com\/wp-content\/uploads\/2025\/05\/NPP.jpg?v=1747852106","contentUrl":"https:\/\/iberoid.com\/wp-content\/uploads\/2025\/05\/NPP.jpg?v=1747852106","width":2200,"height":1540,"caption":"mockups-design.com"},{"@type":"BreadcrumbList","@id":"https:\/\/iberoid.com\/pt\/product\/nandrolone-phenylpropionate-100mg\/#breadcrumb","itemListElement":[{"@type":"ListItem","position":1,"name":"Portada","item":"https:\/\/iberoid.com\/pt\/"},{"@type":"ListItem","position":2,"name":"Loja","item":"https:\/\/iberoid.com\/pt\/shop\/"},{"@type":"ListItem","position":3,"name":"Nandrolone Phenylpropionate 100mg"}]},{"@type":"WebSite","@id":"https:\/\/iberoid-shop.com\/#website","url":"https:\/\/iberoid-shop.com\/","name":"Ester\u00f3ides Online","description":"Compre ester\u00f3ides online hoje em Espanha e Portugal. Temos o melhor servi\u00e7o ao cliente do setor e produtos da mais alta qualidade","potentialAction":[{"@type":"SearchAction","target":{"@type":"EntryPoint","urlTemplate":"https:\/\/iberoid-shop.com\/?s={search_term_string}"},"query-input":{"@type":"PropertyValueSpecification","valueRequired":true,"valueName":"search_term_string"}}],"inLanguage":"pt-PT"}]},"product_brand":"Genetic Life Science","product_price_amount":"30.00","product_price_currency":"EUR","og_availability":"instock","product_availability":"instock","product_condition":"new"},"_links":{"self":[{"href":"https:\/\/iberoid.com\/pt\/wp-json\/wp\/v2\/product\/10120","targetHints":{"allow":["GET"]}}],"collection":[{"href":"https:\/\/iberoid.com\/pt\/wp-json\/wp\/v2\/product"}],"about":[{"href":"https:\/\/iberoid.com\/pt\/wp-json\/wp\/v2\/types\/product"}],"replies":[{"embeddable":true,"href":"https:\/\/iberoid.com\/pt\/wp-json\/wp\/v2\/comments?post=10120"}],"wp:featuredmedia":[{"embeddable":true,"href":"https:\/\/iberoid.com\/pt\/wp-json\/wp\/v2\/media\/10121"}],"wp:attachment":[{"href":"https:\/\/iberoid.com\/pt\/wp-json\/wp\/v2\/media?parent=10120"}],"wp:term":[{"taxonomy":"product_brand","embeddable":true,"href":"https:\/\/iberoid.com\/pt\/wp-json\/wp\/v2\/product_brand?post=10120"},{"taxonomy":"product_cat","embeddable":true,"href":"https:\/\/iberoid.com\/pt\/wp-json\/wp\/v2\/product_cat?post=10120"},{"taxonomy":"product_tag","embeddable":true,"href":"https:\/\/iberoid.com\/pt\/wp-json\/wp\/v2\/product_tag?post=10120"}],"curies":[{"name":"wp","href":"https:\/\/api.w.org\/{rel}","templated":true}]}}