{"id":10122,"date":"2025-05-21T18:32:11","date_gmt":"2025-05-21T18:32:11","guid":{"rendered":"https:\/\/iberoid.com\/?post_type=product&#038;p=10122"},"modified":"2026-04-07T17:36:36","modified_gmt":"2026-04-07T17:36:36","slug":"primobolan-methenolone-enanthate-100mg","status":"publish","type":"product","link":"https:\/\/iberoid.com\/pt\/product\/primobolan-methenolone-enanthate-100mg\/","title":{"rendered":"PRIMOBOLAN &#8211; Methenolone Enanthate 100mg"},"content":{"rendered":"<p><\/p>\n<p data-sourcepos=\"3:1-4:50\"><strong>Embalagem:<\/strong> 10 ampolas de 1ml (100 mg\/ml) <strong>Subst\u00e2ncia ativa:<\/strong> Enantato de Metenolona 100mg<\/p>\n<p data-sourcepos=\"6:1-7:239\">Enantato de Metenolona \u2013 um esteroide anabolizante \u00e0 base de di-hidrotestosterona. \u00c9 usado principalmente no tratamento de dist\u00farbios da s\u00edntese proteica, anemia hipo e apl\u00e1stica, tratamento p\u00f3s-operat\u00f3rio, distrofia muscular, osteoporose, radioterapia e terapia citost\u00e1tica, cancro da mama avan\u00e7ado e cancro genital em mulheres, dist\u00farbios da hematopoiese e terapia com corticosteroides com balan\u00e7o de nitrog\u00e9nio negativo. Devido \u00e0 estimula\u00e7\u00e3o dos processos anab\u00f3licos e \u00e0 inibi\u00e7\u00e3o dos catab\u00f3licos, o Enantato de Metenolona 100mg leva a um aumento da massa muscular e a um abrandamento dos processos de deposi\u00e7\u00e3o de gordura, e tamb\u00e9m melhora o tecido conjuntivo.<\/p>\n<p data-sourcepos=\"9:1-9:21\"><strong>Contraindica\u00e7\u00f5es:<\/strong><\/p>\n<ul data-sourcepos=\"11:1-20:0\">\n<li data-sourcepos=\"11:1-11:82\">Hipersensibilidade \u00e0 subst\u00e2ncia ativa ou a outros componentes deste medicamento.<\/li>\n<li data-sourcepos=\"12:1-12:45\">Tumores hep\u00e1ticos (no passado ou presente).<\/li>\n<li data-sourcepos=\"13:1-13:24\">Doen\u00e7a cardiovascular.<\/li>\n<li data-sourcepos=\"14:1-14:17\">Cancro da mama.<\/li>\n<li data-sourcepos=\"15:1-15:59\">Cancro da pr\u00f3stata e outros cancros sens\u00edveis a hormonas.<\/li>\n<li data-sourcepos=\"16:1-16:16\">Aterosclerose.<\/li>\n<li data-sourcepos=\"17:1-17:22\">Insufici\u00eancia renal.<\/li>\n<li data-sourcepos=\"18:1-18:21\">S\u00edndrome nefr\u00f3tico.<\/li>\n<li data-sourcepos=\"19:1-20:0\">Gravidez e lacta\u00e7\u00e3o.<\/li>\n<\/ul>\n<p data-sourcepos=\"21:1-21:35\"><strong>Posologia e efeitos secund\u00e1rios<\/strong><\/p>\n<p data-sourcepos=\"23:1-27:98\">O Enantato de Metenolona \u00e9 usado apenas em adultos. \u00c9 administrado por inje\u00e7\u00e3o intramuscular, que deve ser aplicada profundamente no m\u00fasculo gl\u00fateo. Se se formarem cristais na ampola durante o armazenamento, aque\u00e7a a ampola na m\u00e3o e agite-a antes de usar. A dose recomendada \u00e9 de 100 mg a cada 2 semanas para o tratamento da osteoporose. Ap\u00f3s resultados positivos, a dose deve ser reduzida para uma vez a cada 3-4 semanas. No tratamento do cancro da mama progressivo, a posologia \u00e9 de 200 mg a cada 2-3 semanas. No caso de anemia apl\u00e1stica, a posologia \u00e9 de 125 mg por semana. Como todos os medicamentos, o Enantato de Metenolona pode causar efeitos secund\u00e1rios. S\u00e3o mais ou menos toler\u00e1veis e, se se tornarem graves, podem ser tratados sintomaticamente. Por favor, leia o folheto informativo inclu\u00eddo na embalagem para ver todos os efeitos secund\u00e1rios.<\/p>\n<p><\/p>","protected":false},"excerpt":{"rendered":"<p>Embalagem: 10 ampolas de 1ml (100 mg\/ml) Subst\u00e2ncia ativa: Enantato de Metenolona 100mg Enantato de Metenolona \u2013 um esteroide anabolizante<\/p>\n","protected":false},"featured_media":10123,"comment_status":"open","ping_status":"closed","template":"","meta":[],"product_brand":[],"product_cat":[69,3533],"product_tag":[],"class_list":{"0":"post-10122","1":"product","2":"type-product","3":"status-publish","4":"has-post-thumbnail","6":"product_cat-esteroides_inyectables","7":"product_cat-sales-rebajas","9":"first","10":"instock","11":"sale","12":"shipping-taxable","13":"purchasable","14":"product-type-simple"},"yoast_head":"<!-- This site is optimized with the Yoast SEO Premium plugin v24.4 (Yoast SEO v27.3) - https:\/\/yoast.com\/product\/yoast-seo-premium-wordpress\/ -->\n<title>PRIMOBOLAN - Methenolone Enanthate 100mg - Ester\u00f3ides Online<\/title>\n<meta name=\"description\" content=\"METHENOLONA ENANTATO 100mg aumenta m\u00fasculos, reduz gordura e melhora a s\u00edntese de prote\u00ednas e tecido conectivo.\" \/>\n<meta name=\"robots\" content=\"index, follow, max-snippet:-1, max-image-preview:large, max-video-preview:-1\" \/>\n<link rel=\"canonical\" href=\"https:\/\/iberoid.com\/pt\/product\/primobolan-methenolone-enanthate-100mg\/\" \/>\n<meta property=\"og:locale\" content=\"pt_PT\" \/>\n<meta property=\"og:type\" content=\"article\" \/>\n<meta property=\"og:title\" content=\"PRIMOBOLAN - Methenolone Enanthate 100mg\" \/>\n<meta property=\"og:description\" content=\"METHENOLONA ENANTATO 100mg aumenta m\u00fasculos, reduz gordura e melhora a s\u00edntese de prote\u00ednas e tecido conectivo.\" \/>\n<meta property=\"og:url\" content=\"https:\/\/iberoid.com\/pt\/product\/primobolan-methenolone-enanthate-100mg\/\" \/>\n<meta property=\"og:site_name\" content=\"Ester\u00f3ides Online\" \/>\n<meta property=\"article:modified_time\" content=\"2026-04-07T17:36:36+00:00\" \/>\n<meta property=\"og:image\" content=\"https:\/\/iberoid.com\/wp-content\/uploads\/2025\/05\/PRM.jpg?v=1747852320\" \/>\n\t<meta property=\"og:image:width\" content=\"2200\" \/>\n\t<meta property=\"og:image:height\" content=\"1540\" \/>\n\t<meta property=\"og:image:type\" content=\"image\/jpeg\" \/>\n<meta name=\"twitter:card\" content=\"summary_large_image\" \/>\n<meta name=\"twitter:label1\" content=\"pre\u00e7o\" \/>\n\t<meta name=\"twitter:data1\" content=\"&euro;55.00\" \/>\n\t<meta name=\"twitter:label2\" content=\"Disponibilidade\" \/>\n\t<meta name=\"twitter:data2\" content=\"Em stock\" \/>\n<script type=\"application\/ld+json\" class=\"yoast-schema-graph\">{\"@context\":\"https:\\\/\\\/schema.org\",\"@graph\":[{\"@type\":\"WebPage\",\"@id\":\"https:\\\/\\\/iberoid.com\\\/pt\\\/product\\\/primobolan-methenolone-enanthate-100mg\\\/\",\"url\":\"https:\\\/\\\/iberoid.com\\\/pt\\\/product\\\/primobolan-methenolone-enanthate-100mg\\\/\",\"name\":\"PRIMOBOLAN - Methenolone Enanthate 100mg - Ester\u00f3ides Online\",\"isPartOf\":{\"@id\":\"https:\\\/\\\/iberoid.com\\\/pt\\\/#website\"},\"primaryImageOfPage\":{\"@id\":\"https:\\\/\\\/iberoid.com\\\/pt\\\/product\\\/primobolan-methenolone-enanthate-100mg\\\/#primaryimage\"},\"image\":{\"@id\":\"https:\\\/\\\/iberoid.com\\\/pt\\\/product\\\/primobolan-methenolone-enanthate-100mg\\\/#primaryimage\"},\"thumbnailUrl\":\"https:\\\/\\\/iberoid.com\\\/wp-content\\\/uploads\\\/2025\\\/05\\\/PRM.jpg?v=1747852320\",\"datePublished\":\"2025-05-21T18:32:11+00:00\",\"dateModified\":\"2026-04-07T17:36:36+00:00\",\"description\":\"METHENOLONA ENANTATO 100mg aumenta m\u00fasculos, reduz gordura e melhora a s\u00edntese de prote\u00ednas e tecido conectivo.\",\"breadcrumb\":{\"@id\":\"https:\\\/\\\/iberoid.com\\\/pt\\\/product\\\/primobolan-methenolone-enanthate-100mg\\\/#breadcrumb\"},\"inLanguage\":\"pt-PT\",\"potentialAction\":[{\"@type\":\"ReadAction\",\"target\":[[\"https:\\\/\\\/iberoid.com\\\/pt\\\/product\\\/primobolan-methenolone-enanthate-100mg\\\/\"]]}]},{\"@type\":\"ImageObject\",\"inLanguage\":\"pt-PT\",\"@id\":\"https:\\\/\\\/iberoid.com\\\/pt\\\/product\\\/primobolan-methenolone-enanthate-100mg\\\/#primaryimage\",\"url\":\"https:\\\/\\\/iberoid.com\\\/wp-content\\\/uploads\\\/2025\\\/05\\\/PRM.jpg?v=1747852320\",\"contentUrl\":\"https:\\\/\\\/iberoid.com\\\/wp-content\\\/uploads\\\/2025\\\/05\\\/PRM.jpg?v=1747852320\",\"width\":2200,\"height\":1540},{\"@type\":\"BreadcrumbList\",\"@id\":\"https:\\\/\\\/iberoid.com\\\/pt\\\/product\\\/primobolan-methenolone-enanthate-100mg\\\/#breadcrumb\",\"itemListElement\":[{\"@type\":\"ListItem\",\"position\":1,\"name\":\"Portada\",\"item\":\"https:\\\/\\\/iberoid.com\\\/pt\\\/\"},{\"@type\":\"ListItem\",\"position\":2,\"name\":\"Loja\",\"item\":\"https:\\\/\\\/iberoid.com\\\/pt\\\/shop\\\/\"},{\"@type\":\"ListItem\",\"position\":3,\"name\":\"PRIMOBOLAN &#8211; Methenolone Enanthate 100mg\"}]},{\"@type\":\"WebSite\",\"@id\":\"https:\\\/\\\/iberoid.com\\\/pt\\\/#website\",\"url\":\"https:\\\/\\\/iberoid.com\\\/pt\\\/\",\"name\":\"Ester\u00f3ides Online\",\"description\":\"Compre ester\u00f3ides online hoje em Espanha e Portugal. Temos o melhor servi\u00e7o ao cliente do setor e produtos da mais alta qualidade\",\"potentialAction\":[{\"@type\":\"SearchAction\",\"target\":{\"@type\":\"EntryPoint\",\"urlTemplate\":\"https:\\\/\\\/iberoid.com\\\/pt\\\/?s={search_term_string}\"},\"query-input\":{\"@type\":\"PropertyValueSpecification\",\"valueRequired\":true,\"valueName\":\"search_term_string\"}}],\"inLanguage\":\"pt-PT\"}]}<\/script>\n<meta property=\"product:brand\" content=\"Genetic Life Science\" \/>\n<meta property=\"product:price:amount\" content=\"55.00\" \/>\n<meta property=\"product:price:currency\" content=\"EUR\" \/>\n<meta property=\"og:availability\" content=\"instock\" \/>\n<meta property=\"product:availability\" content=\"instock\" \/>\n<meta property=\"product:condition\" content=\"new\" \/>\n<!-- \/ Yoast SEO Premium plugin. -->","yoast_head_json":{"title":"PRIMOBOLAN - Methenolone Enanthate 100mg - Ester\u00f3ides Online","description":"METHENOLONA ENANTATO 100mg aumenta m\u00fasculos, reduz gordura e melhora a s\u00edntese de prote\u00ednas e tecido conectivo.","robots":{"index":"index","follow":"follow","max-snippet":"max-snippet:-1","max-image-preview":"max-image-preview:large","max-video-preview":"max-video-preview:-1"},"canonical":"https:\/\/iberoid.com\/pt\/product\/primobolan-methenolone-enanthate-100mg\/","og_locale":"pt_PT","og_type":"article","og_title":"PRIMOBOLAN - Methenolone Enanthate 100mg","og_description":"METHENOLONA ENANTATO 100mg aumenta m\u00fasculos, reduz gordura e melhora a s\u00edntese de prote\u00ednas e tecido conectivo.","og_url":"https:\/\/iberoid.com\/pt\/product\/primobolan-methenolone-enanthate-100mg\/","og_site_name":"Ester\u00f3ides Online","article_modified_time":"2026-04-07T17:36:36+00:00","og_image":[{"width":2200,"height":1540,"url":"https:\/\/iberoid.com\/wp-content\/uploads\/2025\/05\/PRM.jpg?v=1747852320","type":"image\/jpeg"}],"twitter_card":"summary_large_image","twitter_misc":{"pre\u00e7o":"&euro;55.00","Disponibilidade":"Em stock"},"schema":{"@context":"https:\/\/schema.org","@graph":[{"@type":"WebPage","@id":"https:\/\/iberoid.com\/pt\/product\/primobolan-methenolone-enanthate-100mg\/","url":"https:\/\/iberoid.com\/pt\/product\/primobolan-methenolone-enanthate-100mg\/","name":"PRIMOBOLAN - Methenolone Enanthate 100mg - Ester\u00f3ides Online","isPartOf":{"@id":"https:\/\/iberoid.com\/pt\/#website"},"primaryImageOfPage":{"@id":"https:\/\/iberoid.com\/pt\/product\/primobolan-methenolone-enanthate-100mg\/#primaryimage"},"image":{"@id":"https:\/\/iberoid.com\/pt\/product\/primobolan-methenolone-enanthate-100mg\/#primaryimage"},"thumbnailUrl":"https:\/\/iberoid.com\/wp-content\/uploads\/2025\/05\/PRM.jpg?v=1747852320","datePublished":"2025-05-21T18:32:11+00:00","dateModified":"2026-04-07T17:36:36+00:00","description":"METHENOLONA ENANTATO 100mg aumenta m\u00fasculos, reduz gordura e melhora a s\u00edntese de prote\u00ednas e tecido conectivo.","breadcrumb":{"@id":"https:\/\/iberoid.com\/pt\/product\/primobolan-methenolone-enanthate-100mg\/#breadcrumb"},"inLanguage":"pt-PT","potentialAction":[{"@type":"ReadAction","target":[["https:\/\/iberoid.com\/pt\/product\/primobolan-methenolone-enanthate-100mg\/"]]}]},{"@type":"ImageObject","inLanguage":"pt-PT","@id":"https:\/\/iberoid.com\/pt\/product\/primobolan-methenolone-enanthate-100mg\/#primaryimage","url":"https:\/\/iberoid.com\/wp-content\/uploads\/2025\/05\/PRM.jpg?v=1747852320","contentUrl":"https:\/\/iberoid.com\/wp-content\/uploads\/2025\/05\/PRM.jpg?v=1747852320","width":2200,"height":1540},{"@type":"BreadcrumbList","@id":"https:\/\/iberoid.com\/pt\/product\/primobolan-methenolone-enanthate-100mg\/#breadcrumb","itemListElement":[{"@type":"ListItem","position":1,"name":"Portada","item":"https:\/\/iberoid.com\/pt\/"},{"@type":"ListItem","position":2,"name":"Loja","item":"https:\/\/iberoid.com\/pt\/shop\/"},{"@type":"ListItem","position":3,"name":"PRIMOBOLAN &#8211; Methenolone Enanthate 100mg"}]},{"@type":"WebSite","@id":"https:\/\/iberoid.com\/pt\/#website","url":"https:\/\/iberoid.com\/pt\/","name":"Ester\u00f3ides Online","description":"Compre ester\u00f3ides online hoje em Espanha e Portugal. Temos o melhor servi\u00e7o ao cliente do setor e produtos da mais alta qualidade","potentialAction":[{"@type":"SearchAction","target":{"@type":"EntryPoint","urlTemplate":"https:\/\/iberoid.com\/pt\/?s={search_term_string}"},"query-input":{"@type":"PropertyValueSpecification","valueRequired":true,"valueName":"search_term_string"}}],"inLanguage":"pt-PT"}]},"product_brand":"Genetic Life Science","product_price_amount":"55.00","product_price_currency":"EUR","og_availability":"instock","product_availability":"instock","product_condition":"new"},"_links":{"self":[{"href":"https:\/\/iberoid.com\/pt\/wp-json\/wp\/v2\/product\/10122","targetHints":{"allow":["GET"]}}],"collection":[{"href":"https:\/\/iberoid.com\/pt\/wp-json\/wp\/v2\/product"}],"about":[{"href":"https:\/\/iberoid.com\/pt\/wp-json\/wp\/v2\/types\/product"}],"replies":[{"embeddable":true,"href":"https:\/\/iberoid.com\/pt\/wp-json\/wp\/v2\/comments?post=10122"}],"wp:featuredmedia":[{"embeddable":true,"href":"https:\/\/iberoid.com\/pt\/wp-json\/wp\/v2\/media\/10123"}],"wp:attachment":[{"href":"https:\/\/iberoid.com\/pt\/wp-json\/wp\/v2\/media?parent=10122"}],"wp:term":[{"taxonomy":"product_brand","embeddable":true,"href":"https:\/\/iberoid.com\/pt\/wp-json\/wp\/v2\/product_brand?post=10122"},{"taxonomy":"product_cat","embeddable":true,"href":"https:\/\/iberoid.com\/pt\/wp-json\/wp\/v2\/product_cat?post=10122"},{"taxonomy":"product_tag","embeddable":true,"href":"https:\/\/iberoid.com\/pt\/wp-json\/wp\/v2\/product_tag?post=10122"}],"curies":[{"name":"wp","href":"https:\/\/api.w.org\/{rel}","templated":true}]}}