{"id":10223,"date":"2025-07-13T17:09:04","date_gmt":"2025-07-13T17:09:04","guid":{"rendered":"https:\/\/iberoid.com\/?post_type=product&#038;p=10223"},"modified":"2026-03-19T12:49:55","modified_gmt":"2026-03-19T12:49:55","slug":"primobol-forte-primobolan125mg-ml","status":"publish","type":"product","link":"https:\/\/iberoid.com\/pt\/product\/primobol-forte-primobolan125mg-ml\/","title":{"rendered":"PRIMOBOL FORTE \/ Primobolan 125mg\/ml"},"content":{"rendered":"<p><\/p>\n<p data-start=\"52\" data-end=\"270\">Esta \u00e9 uma vers\u00e3o modificada do <strong data-start=\"84\" data-end=\"100\">PRIMOBOL 100<\/strong>. Devido \u00e0 implementa\u00e7\u00e3o de tecnologias de s\u00edntese de f\u00e1rmacos de alta pureza, conseguimos criar um medicamento com o dobro da concentra\u00e7\u00e3o em compara\u00e7\u00e3o ao Primobol 100.<\/p>\n<p data-start=\"272\" data-end=\"546\"><strong data-start=\"272\" data-end=\"284\">ATEN\u00c7\u00c3O:<\/strong> se voc\u00ea vai usar um medicamento de alta concentra\u00e7\u00e3o pela primeira vez, recomendamos fortemente injetar apenas <strong data-start=\"396\" data-end=\"404\">\u00bd ml<\/strong> para verificar a rea\u00e7\u00e3o do organismo e prevenir poss\u00edveis efeitos colaterais, que podem incluir dor p\u00f3s-aplica\u00e7\u00e3o (PIP), febre, n\u00f3dulos, etc.<\/p>\n<p data-start=\"548\" data-end=\"1055\">A metenolona (tamb\u00e9m conhecida como primobolan) foi descrita em 1960. A empresa Squibb come\u00e7ou a produzir a vers\u00e3o injet\u00e1vel em 1962. Inicialmente, a metenolona era prescrita para casos de perda muscular ap\u00f3s cirurgias, infec\u00e7\u00f5es, doen\u00e7as prolongadas, terapias agressivas com corticoides ou desnutri\u00e7\u00e3o; em alguns casos, tamb\u00e9m era usada para tratar osteoporose e c\u00e2ncer de mama. A metenolona era comumente usada para promover ganho de peso em beb\u00eas com peso abaixo do normal, sem causar efeitos colaterais.<\/p>\n<p data-start=\"1057\" data-end=\"1203\">A metenolona \u00e9 um esteroide anab\u00f3lico, uma modifica\u00e7\u00e3o da di-hidrotestosterona (DHT), com atividade androg\u00eanica fraca e efeito anab\u00f3lico moderado.<\/p>\n<p data-start=\"1205\" data-end=\"1393\">Uma caracter\u00edstica not\u00e1vel da metenolona \u00e9 sua forte liga\u00e7\u00e3o aos receptores androg\u00eanicos \u2014 mais forte que a da testosterona. Essa propriedade faz do primobolan um bom queimador de gordura.<\/p>\n<p data-start=\"1395\" data-end=\"1563\">O primobolan n\u00e3o se converte em estradiol, portanto, pode ser usado sem risco de desenvolver efeitos colaterais estrog\u00eanicos (como ginecomastia e reten\u00e7\u00e3o de l\u00edquidos).<\/p>\n<p data-start=\"1565\" data-end=\"1760\">A metenolona \u00e9 um dos esteroides mais seguros do mercado, por isso \u00e9 frequentemente escolhida por mulheres, atletas mais velhos e jovens que desejam melhorar o f\u00edsico evitando efeitos colaterais.<\/p>\n<p data-start=\"1762\" data-end=\"2187\" data-is-last-node=\"\" data-is-only-node=\"\">No geral, embora a metenolona seja um dos esteroides anab\u00f3licos mais seguros dispon\u00edveis, tamb\u00e9m \u00e9 um composto relativamente fraco e precisa de tempo para mostrar os melhores resultados. Os efeitos do primobolan ser\u00e3o vis\u00edveis se o medicamento for usado por pelo menos 10 semanas e em combina\u00e7\u00e3o com outros esteroides. O primobolan \u00e9 mais indicado para ciclos de defini\u00e7\u00e3o, quando o ganho de massa n\u00e3o \u00e9 o objetivo principal.<\/p>\n<p><\/p>","protected":false},"excerpt":{"rendered":"<p>Esta \u00e9 uma vers\u00e3o modificada do PRIMOBOL 100. Devido \u00e0 implementa\u00e7\u00e3o de tecnologias de s\u00edntese de f\u00e1rmacos de alta pureza,<\/p>\n","protected":false},"featured_media":10225,"comment_status":"open","ping_status":"closed","template":"","meta":[],"product_brand":[3526],"product_cat":[69,3533],"product_tag":[],"class_list":{"0":"post-10223","1":"product","2":"type-product","3":"status-publish","4":"has-post-thumbnail","6":"product_brand-pharmabol","7":"product_cat-esteroides_inyectables","8":"product_cat-sales-rebajas","10":"first","11":"instock","12":"sale","13":"shipping-taxable","14":"purchasable","15":"product-type-simple"},"yoast_head":"<!-- This site is optimized with the Yoast SEO Premium plugin v24.4 (Yoast SEO v27.3) - https:\/\/yoast.com\/product\/yoast-seo-premium-wordpress\/ -->\n<title>PRIMOBOL FORTE \/ Primobolan 125mg\/ml - Ester\u00f3ides Online<\/title>\n<meta name=\"description\" content=\"Primobolan 200 \u00e9 um esteroide anab\u00f3lico seguro e altamente concentrado que ajuda na perda de gordura e na preserva\u00e7\u00e3o muscular sem efeitos colaterais estrog\u00eanicos.\" \/>\n<meta name=\"robots\" content=\"index, follow, max-snippet:-1, max-image-preview:large, max-video-preview:-1\" \/>\n<link rel=\"canonical\" href=\"https:\/\/iberoid.com\/pt\/product\/primobol-forte-primobolan125mg-ml\/\" \/>\n<meta property=\"og:locale\" content=\"pt_PT\" \/>\n<meta property=\"og:type\" content=\"article\" \/>\n<meta property=\"og:title\" content=\"PRIMOBOL FORTE \/ Primobolan 125mg\/ml\" \/>\n<meta property=\"og:description\" content=\"Primobolan 200 \u00e9 um esteroide anab\u00f3lico seguro e altamente concentrado que ajuda na perda de gordura e na preserva\u00e7\u00e3o muscular sem efeitos colaterais estrog\u00eanicos.\" \/>\n<meta property=\"og:url\" content=\"https:\/\/iberoid.com\/pt\/product\/primobol-forte-primobolan125mg-ml\/\" \/>\n<meta property=\"og:site_name\" content=\"Ester\u00f3ides Online\" \/>\n<meta property=\"article:modified_time\" content=\"2026-03-19T12:49:55+00:00\" \/>\n<meta property=\"og:image\" content=\"https:\/\/iberoid.com\/wp-content\/uploads\/2025\/07\/primo1pb.jpeg?v=1752426506\" \/>\n\t<meta property=\"og:image:width\" content=\"972\" \/>\n\t<meta property=\"og:image:height\" content=\"627\" \/>\n\t<meta property=\"og:image:type\" content=\"image\/jpeg\" \/>\n<meta name=\"twitter:card\" content=\"summary_large_image\" \/>\n<meta name=\"twitter:label1\" content=\"pre\u00e7o\" \/>\n\t<meta name=\"twitter:data1\" content=\"&euro;50.00\" \/>\n\t<meta name=\"twitter:label2\" content=\"Disponibilidade\" \/>\n\t<meta name=\"twitter:data2\" content=\"Em stock\" \/>\n<script type=\"application\/ld+json\" class=\"yoast-schema-graph\">{\"@context\":\"https:\\\/\\\/schema.org\",\"@graph\":[{\"@type\":\"WebPage\",\"@id\":\"https:\\\/\\\/iberoid.com\\\/pt\\\/product\\\/primobol-forte-primobolan125mg-ml\\\/\",\"url\":\"https:\\\/\\\/iberoid.com\\\/pt\\\/product\\\/primobol-forte-primobolan125mg-ml\\\/\",\"name\":\"PRIMOBOL FORTE \\\/ Primobolan 125mg\\\/ml - Ester\u00f3ides Online\",\"isPartOf\":{\"@id\":\"https:\\\/\\\/iberoid.com\\\/pt\\\/#website\"},\"primaryImageOfPage\":{\"@id\":\"https:\\\/\\\/iberoid.com\\\/pt\\\/product\\\/primobol-forte-primobolan125mg-ml\\\/#primaryimage\"},\"image\":{\"@id\":\"https:\\\/\\\/iberoid.com\\\/pt\\\/product\\\/primobol-forte-primobolan125mg-ml\\\/#primaryimage\"},\"thumbnailUrl\":\"https:\\\/\\\/iberoid.com\\\/wp-content\\\/uploads\\\/2025\\\/07\\\/primo1pb.jpeg?v=1752426506\",\"datePublished\":\"2025-07-13T17:09:04+00:00\",\"dateModified\":\"2026-03-19T12:49:55+00:00\",\"description\":\"Primobolan 200 \u00e9 um esteroide anab\u00f3lico seguro e altamente concentrado que ajuda na perda de gordura e na preserva\u00e7\u00e3o muscular sem efeitos colaterais estrog\u00eanicos.\",\"breadcrumb\":{\"@id\":\"https:\\\/\\\/iberoid.com\\\/pt\\\/product\\\/primobol-forte-primobolan125mg-ml\\\/#breadcrumb\"},\"inLanguage\":\"pt-PT\",\"potentialAction\":[{\"@type\":\"ReadAction\",\"target\":[[\"https:\\\/\\\/iberoid.com\\\/pt\\\/product\\\/primobol-forte-primobolan125mg-ml\\\/\"]]}]},{\"@type\":\"ImageObject\",\"inLanguage\":\"pt-PT\",\"@id\":\"https:\\\/\\\/iberoid.com\\\/pt\\\/product\\\/primobol-forte-primobolan125mg-ml\\\/#primaryimage\",\"url\":\"https:\\\/\\\/iberoid.com\\\/wp-content\\\/uploads\\\/2025\\\/07\\\/primo1pb.jpeg?v=1752426506\",\"contentUrl\":\"https:\\\/\\\/iberoid.com\\\/wp-content\\\/uploads\\\/2025\\\/07\\\/primo1pb.jpeg?v=1752426506\",\"width\":972,\"height\":627},{\"@type\":\"BreadcrumbList\",\"@id\":\"https:\\\/\\\/iberoid.com\\\/pt\\\/product\\\/primobol-forte-primobolan125mg-ml\\\/#breadcrumb\",\"itemListElement\":[{\"@type\":\"ListItem\",\"position\":1,\"name\":\"Portada\",\"item\":\"https:\\\/\\\/iberoid.com\\\/pt\\\/\"},{\"@type\":\"ListItem\",\"position\":2,\"name\":\"Loja\",\"item\":\"https:\\\/\\\/iberoid.com\\\/pt\\\/shop\\\/\"},{\"@type\":\"ListItem\",\"position\":3,\"name\":\"PRIMOBOL FORTE \\\/ Primobolan 125mg\\\/ml\"}]},{\"@type\":\"WebSite\",\"@id\":\"https:\\\/\\\/iberoid.com\\\/pt\\\/#website\",\"url\":\"https:\\\/\\\/iberoid.com\\\/pt\\\/\",\"name\":\"Ester\u00f3ides Online\",\"description\":\"Compre ester\u00f3ides online hoje em Espanha e Portugal. Temos o melhor servi\u00e7o ao cliente do setor e produtos da mais alta qualidade\",\"potentialAction\":[{\"@type\":\"SearchAction\",\"target\":{\"@type\":\"EntryPoint\",\"urlTemplate\":\"https:\\\/\\\/iberoid.com\\\/pt\\\/?s={search_term_string}\"},\"query-input\":{\"@type\":\"PropertyValueSpecification\",\"valueRequired\":true,\"valueName\":\"search_term_string\"}}],\"inLanguage\":\"pt-PT\"}]}<\/script>\n<meta property=\"product:brand\" content=\"Pharmabol\" \/>\n<meta property=\"product:price:amount\" content=\"50.00\" \/>\n<meta property=\"product:price:currency\" content=\"EUR\" \/>\n<meta property=\"og:availability\" content=\"instock\" \/>\n<meta property=\"product:availability\" content=\"instock\" \/>\n<meta property=\"product:condition\" content=\"new\" \/>\n<!-- \/ Yoast SEO Premium plugin. -->","yoast_head_json":{"title":"PRIMOBOL FORTE \/ Primobolan 125mg\/ml - Ester\u00f3ides Online","description":"Primobolan 200 \u00e9 um esteroide anab\u00f3lico seguro e altamente concentrado que ajuda na perda de gordura e na preserva\u00e7\u00e3o muscular sem efeitos colaterais estrog\u00eanicos.","robots":{"index":"index","follow":"follow","max-snippet":"max-snippet:-1","max-image-preview":"max-image-preview:large","max-video-preview":"max-video-preview:-1"},"canonical":"https:\/\/iberoid.com\/pt\/product\/primobol-forte-primobolan125mg-ml\/","og_locale":"pt_PT","og_type":"article","og_title":"PRIMOBOL FORTE \/ Primobolan 125mg\/ml","og_description":"Primobolan 200 \u00e9 um esteroide anab\u00f3lico seguro e altamente concentrado que ajuda na perda de gordura e na preserva\u00e7\u00e3o muscular sem efeitos colaterais estrog\u00eanicos.","og_url":"https:\/\/iberoid.com\/pt\/product\/primobol-forte-primobolan125mg-ml\/","og_site_name":"Ester\u00f3ides Online","article_modified_time":"2026-03-19T12:49:55+00:00","og_image":[{"width":972,"height":627,"url":"https:\/\/iberoid.com\/wp-content\/uploads\/2025\/07\/primo1pb.jpeg?v=1752426506","type":"image\/jpeg"}],"twitter_card":"summary_large_image","twitter_misc":{"pre\u00e7o":"&euro;50.00","Disponibilidade":"Em stock"},"schema":{"@context":"https:\/\/schema.org","@graph":[{"@type":"WebPage","@id":"https:\/\/iberoid.com\/pt\/product\/primobol-forte-primobolan125mg-ml\/","url":"https:\/\/iberoid.com\/pt\/product\/primobol-forte-primobolan125mg-ml\/","name":"PRIMOBOL FORTE \/ Primobolan 125mg\/ml - Ester\u00f3ides Online","isPartOf":{"@id":"https:\/\/iberoid.com\/pt\/#website"},"primaryImageOfPage":{"@id":"https:\/\/iberoid.com\/pt\/product\/primobol-forte-primobolan125mg-ml\/#primaryimage"},"image":{"@id":"https:\/\/iberoid.com\/pt\/product\/primobol-forte-primobolan125mg-ml\/#primaryimage"},"thumbnailUrl":"https:\/\/iberoid.com\/wp-content\/uploads\/2025\/07\/primo1pb.jpeg?v=1752426506","datePublished":"2025-07-13T17:09:04+00:00","dateModified":"2026-03-19T12:49:55+00:00","description":"Primobolan 200 \u00e9 um esteroide anab\u00f3lico seguro e altamente concentrado que ajuda na perda de gordura e na preserva\u00e7\u00e3o muscular sem efeitos colaterais estrog\u00eanicos.","breadcrumb":{"@id":"https:\/\/iberoid.com\/pt\/product\/primobol-forte-primobolan125mg-ml\/#breadcrumb"},"inLanguage":"pt-PT","potentialAction":[{"@type":"ReadAction","target":[["https:\/\/iberoid.com\/pt\/product\/primobol-forte-primobolan125mg-ml\/"]]}]},{"@type":"ImageObject","inLanguage":"pt-PT","@id":"https:\/\/iberoid.com\/pt\/product\/primobol-forte-primobolan125mg-ml\/#primaryimage","url":"https:\/\/iberoid.com\/wp-content\/uploads\/2025\/07\/primo1pb.jpeg?v=1752426506","contentUrl":"https:\/\/iberoid.com\/wp-content\/uploads\/2025\/07\/primo1pb.jpeg?v=1752426506","width":972,"height":627},{"@type":"BreadcrumbList","@id":"https:\/\/iberoid.com\/pt\/product\/primobol-forte-primobolan125mg-ml\/#breadcrumb","itemListElement":[{"@type":"ListItem","position":1,"name":"Portada","item":"https:\/\/iberoid.com\/pt\/"},{"@type":"ListItem","position":2,"name":"Loja","item":"https:\/\/iberoid.com\/pt\/shop\/"},{"@type":"ListItem","position":3,"name":"PRIMOBOL FORTE \/ Primobolan 125mg\/ml"}]},{"@type":"WebSite","@id":"https:\/\/iberoid.com\/pt\/#website","url":"https:\/\/iberoid.com\/pt\/","name":"Ester\u00f3ides Online","description":"Compre ester\u00f3ides online hoje em Espanha e Portugal. Temos o melhor servi\u00e7o ao cliente do setor e produtos da mais alta qualidade","potentialAction":[{"@type":"SearchAction","target":{"@type":"EntryPoint","urlTemplate":"https:\/\/iberoid.com\/pt\/?s={search_term_string}"},"query-input":{"@type":"PropertyValueSpecification","valueRequired":true,"valueName":"search_term_string"}}],"inLanguage":"pt-PT"}]},"product_brand":"Pharmabol","product_price_amount":"50.00","product_price_currency":"EUR","og_availability":"instock","product_availability":"instock","product_condition":"new"},"_links":{"self":[{"href":"https:\/\/iberoid.com\/pt\/wp-json\/wp\/v2\/product\/10223","targetHints":{"allow":["GET"]}}],"collection":[{"href":"https:\/\/iberoid.com\/pt\/wp-json\/wp\/v2\/product"}],"about":[{"href":"https:\/\/iberoid.com\/pt\/wp-json\/wp\/v2\/types\/product"}],"replies":[{"embeddable":true,"href":"https:\/\/iberoid.com\/pt\/wp-json\/wp\/v2\/comments?post=10223"}],"wp:featuredmedia":[{"embeddable":true,"href":"https:\/\/iberoid.com\/pt\/wp-json\/wp\/v2\/media\/10225"}],"wp:attachment":[{"href":"https:\/\/iberoid.com\/pt\/wp-json\/wp\/v2\/media?parent=10223"}],"wp:term":[{"taxonomy":"product_brand","embeddable":true,"href":"https:\/\/iberoid.com\/pt\/wp-json\/wp\/v2\/product_brand?post=10223"},{"taxonomy":"product_cat","embeddable":true,"href":"https:\/\/iberoid.com\/pt\/wp-json\/wp\/v2\/product_cat?post=10223"},{"taxonomy":"product_tag","embeddable":true,"href":"https:\/\/iberoid.com\/pt\/wp-json\/wp\/v2\/product_tag?post=10223"}],"curies":[{"name":"wp","href":"https:\/\/api.w.org\/{rel}","templated":true}]}}