{"id":10271,"date":"2025-08-13T10:01:16","date_gmt":"2025-08-13T10:01:16","guid":{"rendered":"https:\/\/iberoid.com\/?post_type=product&#038;p=10271"},"modified":"2026-03-10T15:20:22","modified_gmt":"2026-03-10T15:20:22","slug":"sustanon-zphc","status":"publish","type":"product","link":"https:\/\/iberoid.com\/pt\/product\/sustanon-zphc\/","title":{"rendered":"Sustanon (Testosterone MIX)"},"content":{"rendered":"<p><b class=\"\">Testosterone MIX Sustanon ZPHC<\/b> \u00e9 um esteroide anab\u00f3lico e androg\u00eanico de uma empresa farmac\u00eautica chinesa. Dispon\u00edvel em forma injet\u00e1vel, <span class=\"math-inline\"><span class=\"katex\"><span class=\"katex-html\" aria-hidden=\"true\"><span class=\"base\"><span class=\"mord\">250<\/span><span class=\"mord text\"><span class=\"mord\">\u00a0mg<\/span><\/span><\/span><\/span><\/span><\/span> em 10 ampolas e <span class=\"math-inline\"><span class=\"katex\"><span class=\"katex-html\" aria-hidden=\"true\"><span class=\"base\"><span class=\"mord\">2500<\/span><span class=\"mord text\"><span class=\"mord\">\u00a0mg<\/span><\/span><\/span><\/span><\/span><\/span> em um frasco-ampola. O principal ingrediente ativo \u00e9 uma mistura de testosteronas. A prepara\u00e7\u00e3o cont\u00e9m quatro \u00e9steres diferentes: propionato,<span class=\"animating\"> fenilpropionato,<\/span> isocaproato e decanoato. A testosterona \u00e9 o principal horm\u00f4nio sexual masculino e possui pronunciadas propriedades anab\u00f3licas.<\/p>\n<p><b class=\"\">Ciclo de Sustanon<\/b> O Sustanon \u00e9 recomendado apenas para homens para ganho de massa muscular, sem contraindica\u00e7\u00f5es ao uso de esteroides anabolizantes. O ciclo de Sustanon dura at\u00e9 10 semanas. Com uma dura\u00e7\u00e3o maior, \u00e9 necess\u00e1ria a introdu\u00e7\u00e3o de gonadotrofina. Inje\u00e7\u00f5es: <span class=\"math-inline\"><span class=\"katex\"><span class=\"katex-html\" aria-hidden=\"true\"><span class=\"base\"><span class=\"mord\">250<\/span><span class=\"mbin\">\u2212<\/span><\/span><span class=\"base\"><span class=\"mord\">500<\/span><span class=\"mord text\"><span class=\"mord\">\u00a0mg<\/span><\/span><\/span><\/span><\/span><\/span> por semana. A partir da segunda semana do ciclo, comece a tomar inibidores da aromatase sob o controle de exames de estrog\u00eanio (geralmente, utiliza-se Anastrozol <span class=\"math-inline\"><span class=\"katex\"><span class=\"katex-html\" aria-hidden=\"true\"><span class=\"base\"><span class=\"mord\">0<\/span><span class=\"mpunct\">,<\/span><span class=\"mord\">5<\/span><span class=\"mord text\"><span class=\"mord\">\u00a0mg<\/span><\/span><\/span><\/span><\/span><\/span> em dias alternados). Para a m\u00e1xima efic\u00e1cia do ciclo, tome um complexo de nutri\u00e7\u00e3o esportiva e siga uma dieta para ganho de massa muscular.<\/p>\n<p><b>Ciclos combinados<\/b> O Sustanon pode ser combinado com:<\/p>\n<ul>\n<li><b>Nandrolona<\/b> \u2013 para ganho de massa muscular.<\/li>\n<li><b>Winstrol<\/b> \u2013 para secagem e defini\u00e7\u00e3o.<\/li>\n<\/ul>\n<p><\/p>","protected":false},"excerpt":{"rendered":"<p>Testosterone MIX Sustanon ZPHC \u00e9 um esteroide anab\u00f3lico e androg\u00eanico de uma empresa farmac\u00eautica chinesa. Dispon\u00edvel em forma injet\u00e1vel, 250\u00a0mg<\/p>\n","protected":false},"featured_media":10272,"comment_status":"open","ping_status":"closed","template":"","meta":[],"product_brand":[],"product_cat":[69],"product_tag":[],"class_list":{"0":"post-10271","1":"product","2":"type-product","3":"status-publish","4":"has-post-thumbnail","6":"product_cat-esteroides_inyectables","8":"first","9":"instock","10":"shipping-taxable","11":"purchasable","12":"product-type-simple"},"yoast_head":"<!-- This site is optimized with the Yoast SEO Premium plugin v24.4 (Yoast SEO v27.3) - https:\/\/yoast.com\/product\/yoast-seo-premium-wordpress\/ -->\n<title>Sustanon (Testosterone MIX) - Ester\u00f3ides Online<\/title>\n<meta name=\"description\" content=\"Testosterone MIX Sustanon ZPHC \u00e9 uma mistura de esteroides injet\u00e1veis usada por homens para ganhar massa muscular e for\u00e7a. A dosagem \u00e9 de 250-500mg por semana.\" \/>\n<meta name=\"robots\" content=\"index, follow, max-snippet:-1, max-image-preview:large, max-video-preview:-1\" \/>\n<link rel=\"canonical\" href=\"https:\/\/iberoid.com\/pt\/product\/sustanon-zphc\/\" \/>\n<meta property=\"og:locale\" content=\"pt_PT\" \/>\n<meta property=\"og:type\" content=\"article\" \/>\n<meta property=\"og:title\" content=\"Sustanon (Testosterone MIX)\" \/>\n<meta property=\"og:description\" content=\"Testosterone MIX Sustanon ZPHC \u00e9 uma mistura de esteroides injet\u00e1veis usada por homens para ganhar massa muscular e for\u00e7a. A dosagem \u00e9 de 250-500mg por semana.\" \/>\n<meta property=\"og:url\" content=\"https:\/\/iberoid.com\/pt\/product\/sustanon-zphc\/\" \/>\n<meta property=\"og:site_name\" content=\"Ester\u00f3ides Online\" \/>\n<meta property=\"article:modified_time\" content=\"2026-03-10T15:20:22+00:00\" \/>\n<meta property=\"og:image\" content=\"https:\/\/iberoid.com\/wp-content\/uploads\/2025\/08\/ZPHC-pharma-Testosterone-Mix.png?v=1755079255\" \/>\n\t<meta property=\"og:image:width\" content=\"450\" \/>\n\t<meta property=\"og:image:height\" content=\"450\" \/>\n\t<meta property=\"og:image:type\" content=\"image\/png\" \/>\n<meta name=\"twitter:card\" content=\"summary_large_image\" \/>\n<meta name=\"twitter:label1\" content=\"pre\u00e7o\" \/>\n\t<meta name=\"twitter:data1\" content=\"&euro;50.00\" \/>\n\t<meta name=\"twitter:label2\" content=\"Disponibilidade\" \/>\n\t<meta name=\"twitter:data2\" content=\"Em stock\" \/>\n<script type=\"application\/ld+json\" class=\"yoast-schema-graph\">{\"@context\":\"https:\\\/\\\/schema.org\",\"@graph\":[{\"@type\":\"WebPage\",\"@id\":\"https:\\\/\\\/iberoid.com\\\/pt\\\/product\\\/sustanon-zphc\\\/\",\"url\":\"https:\\\/\\\/iberoid.com\\\/pt\\\/product\\\/sustanon-zphc\\\/\",\"name\":\"Sustanon (Testosterone MIX) - Ester\u00f3ides Online\",\"isPartOf\":{\"@id\":\"https:\\\/\\\/iberoid.com\\\/pt\\\/#website\"},\"primaryImageOfPage\":{\"@id\":\"https:\\\/\\\/iberoid.com\\\/pt\\\/product\\\/sustanon-zphc\\\/#primaryimage\"},\"image\":{\"@id\":\"https:\\\/\\\/iberoid.com\\\/pt\\\/product\\\/sustanon-zphc\\\/#primaryimage\"},\"thumbnailUrl\":\"https:\\\/\\\/iberoid.com\\\/wp-content\\\/uploads\\\/2025\\\/08\\\/ZPHC-pharma-Testosterone-Mix.png?v=1755079255\",\"datePublished\":\"2025-08-13T10:01:16+00:00\",\"dateModified\":\"2026-03-10T15:20:22+00:00\",\"description\":\"Testosterone MIX Sustanon ZPHC \u00e9 uma mistura de esteroides injet\u00e1veis usada por homens para ganhar massa muscular e for\u00e7a. A dosagem \u00e9 de 250-500mg por semana.\",\"breadcrumb\":{\"@id\":\"https:\\\/\\\/iberoid.com\\\/pt\\\/product\\\/sustanon-zphc\\\/#breadcrumb\"},\"inLanguage\":\"pt-PT\",\"potentialAction\":[{\"@type\":\"ReadAction\",\"target\":[[\"https:\\\/\\\/iberoid.com\\\/pt\\\/product\\\/sustanon-zphc\\\/\"]]}]},{\"@type\":\"ImageObject\",\"inLanguage\":\"pt-PT\",\"@id\":\"https:\\\/\\\/iberoid.com\\\/pt\\\/product\\\/sustanon-zphc\\\/#primaryimage\",\"url\":\"https:\\\/\\\/iberoid.com\\\/wp-content\\\/uploads\\\/2025\\\/08\\\/ZPHC-pharma-Testosterone-Mix.png?v=1755079255\",\"contentUrl\":\"https:\\\/\\\/iberoid.com\\\/wp-content\\\/uploads\\\/2025\\\/08\\\/ZPHC-pharma-Testosterone-Mix.png?v=1755079255\",\"width\":450,\"height\":450},{\"@type\":\"BreadcrumbList\",\"@id\":\"https:\\\/\\\/iberoid.com\\\/pt\\\/product\\\/sustanon-zphc\\\/#breadcrumb\",\"itemListElement\":[{\"@type\":\"ListItem\",\"position\":1,\"name\":\"Portada\",\"item\":\"https:\\\/\\\/iberoid.com\\\/pt\\\/\"},{\"@type\":\"ListItem\",\"position\":2,\"name\":\"Loja\",\"item\":\"https:\\\/\\\/iberoid.com\\\/pt\\\/shop\\\/\"},{\"@type\":\"ListItem\",\"position\":3,\"name\":\"Sustanon (Testosterone MIX)\"}]},{\"@type\":\"WebSite\",\"@id\":\"https:\\\/\\\/iberoid.com\\\/pt\\\/#website\",\"url\":\"https:\\\/\\\/iberoid.com\\\/pt\\\/\",\"name\":\"Ester\u00f3ides Online\",\"description\":\"Compre ester\u00f3ides online hoje em Espanha e Portugal. Temos o melhor servi\u00e7o ao cliente do setor e produtos da mais alta qualidade\",\"potentialAction\":[{\"@type\":\"SearchAction\",\"target\":{\"@type\":\"EntryPoint\",\"urlTemplate\":\"https:\\\/\\\/iberoid.com\\\/pt\\\/?s={search_term_string}\"},\"query-input\":{\"@type\":\"PropertyValueSpecification\",\"valueRequired\":true,\"valueName\":\"search_term_string\"}}],\"inLanguage\":\"pt-PT\"}]}<\/script>\n<meta property=\"product:brand\" content=\"ZPHC\" \/>\n<meta property=\"product:price:amount\" content=\"50.00\" \/>\n<meta property=\"product:price:currency\" content=\"EUR\" \/>\n<meta property=\"og:availability\" content=\"instock\" \/>\n<meta property=\"product:availability\" content=\"instock\" \/>\n<meta property=\"product:condition\" content=\"new\" \/>\n<!-- \/ Yoast SEO Premium plugin. -->","yoast_head_json":{"title":"Sustanon (Testosterone MIX) - Ester\u00f3ides Online","description":"Testosterone MIX Sustanon ZPHC \u00e9 uma mistura de esteroides injet\u00e1veis usada por homens para ganhar massa muscular e for\u00e7a. A dosagem \u00e9 de 250-500mg por semana.","robots":{"index":"index","follow":"follow","max-snippet":"max-snippet:-1","max-image-preview":"max-image-preview:large","max-video-preview":"max-video-preview:-1"},"canonical":"https:\/\/iberoid.com\/pt\/product\/sustanon-zphc\/","og_locale":"pt_PT","og_type":"article","og_title":"Sustanon (Testosterone MIX)","og_description":"Testosterone MIX Sustanon ZPHC \u00e9 uma mistura de esteroides injet\u00e1veis usada por homens para ganhar massa muscular e for\u00e7a. A dosagem \u00e9 de 250-500mg por semana.","og_url":"https:\/\/iberoid.com\/pt\/product\/sustanon-zphc\/","og_site_name":"Ester\u00f3ides Online","article_modified_time":"2026-03-10T15:20:22+00:00","og_image":[{"width":450,"height":450,"url":"https:\/\/iberoid.com\/wp-content\/uploads\/2025\/08\/ZPHC-pharma-Testosterone-Mix.png?v=1755079255","type":"image\/png"}],"twitter_card":"summary_large_image","twitter_misc":{"pre\u00e7o":"&euro;50.00","Disponibilidade":"Em stock"},"schema":{"@context":"https:\/\/schema.org","@graph":[{"@type":"WebPage","@id":"https:\/\/iberoid.com\/pt\/product\/sustanon-zphc\/","url":"https:\/\/iberoid.com\/pt\/product\/sustanon-zphc\/","name":"Sustanon (Testosterone MIX) - Ester\u00f3ides Online","isPartOf":{"@id":"https:\/\/iberoid.com\/pt\/#website"},"primaryImageOfPage":{"@id":"https:\/\/iberoid.com\/pt\/product\/sustanon-zphc\/#primaryimage"},"image":{"@id":"https:\/\/iberoid.com\/pt\/product\/sustanon-zphc\/#primaryimage"},"thumbnailUrl":"https:\/\/iberoid.com\/wp-content\/uploads\/2025\/08\/ZPHC-pharma-Testosterone-Mix.png?v=1755079255","datePublished":"2025-08-13T10:01:16+00:00","dateModified":"2026-03-10T15:20:22+00:00","description":"Testosterone MIX Sustanon ZPHC \u00e9 uma mistura de esteroides injet\u00e1veis usada por homens para ganhar massa muscular e for\u00e7a. A dosagem \u00e9 de 250-500mg por semana.","breadcrumb":{"@id":"https:\/\/iberoid.com\/pt\/product\/sustanon-zphc\/#breadcrumb"},"inLanguage":"pt-PT","potentialAction":[{"@type":"ReadAction","target":[["https:\/\/iberoid.com\/pt\/product\/sustanon-zphc\/"]]}]},{"@type":"ImageObject","inLanguage":"pt-PT","@id":"https:\/\/iberoid.com\/pt\/product\/sustanon-zphc\/#primaryimage","url":"https:\/\/iberoid.com\/wp-content\/uploads\/2025\/08\/ZPHC-pharma-Testosterone-Mix.png?v=1755079255","contentUrl":"https:\/\/iberoid.com\/wp-content\/uploads\/2025\/08\/ZPHC-pharma-Testosterone-Mix.png?v=1755079255","width":450,"height":450},{"@type":"BreadcrumbList","@id":"https:\/\/iberoid.com\/pt\/product\/sustanon-zphc\/#breadcrumb","itemListElement":[{"@type":"ListItem","position":1,"name":"Portada","item":"https:\/\/iberoid.com\/pt\/"},{"@type":"ListItem","position":2,"name":"Loja","item":"https:\/\/iberoid.com\/pt\/shop\/"},{"@type":"ListItem","position":3,"name":"Sustanon (Testosterone MIX)"}]},{"@type":"WebSite","@id":"https:\/\/iberoid.com\/pt\/#website","url":"https:\/\/iberoid.com\/pt\/","name":"Ester\u00f3ides Online","description":"Compre ester\u00f3ides online hoje em Espanha e Portugal. Temos o melhor servi\u00e7o ao cliente do setor e produtos da mais alta qualidade","potentialAction":[{"@type":"SearchAction","target":{"@type":"EntryPoint","urlTemplate":"https:\/\/iberoid.com\/pt\/?s={search_term_string}"},"query-input":{"@type":"PropertyValueSpecification","valueRequired":true,"valueName":"search_term_string"}}],"inLanguage":"pt-PT"}]},"product_brand":"ZPHC","product_price_amount":"50.00","product_price_currency":"EUR","og_availability":"instock","product_availability":"instock","product_condition":"new"},"_links":{"self":[{"href":"https:\/\/iberoid.com\/pt\/wp-json\/wp\/v2\/product\/10271","targetHints":{"allow":["GET"]}}],"collection":[{"href":"https:\/\/iberoid.com\/pt\/wp-json\/wp\/v2\/product"}],"about":[{"href":"https:\/\/iberoid.com\/pt\/wp-json\/wp\/v2\/types\/product"}],"replies":[{"embeddable":true,"href":"https:\/\/iberoid.com\/pt\/wp-json\/wp\/v2\/comments?post=10271"}],"wp:featuredmedia":[{"embeddable":true,"href":"https:\/\/iberoid.com\/pt\/wp-json\/wp\/v2\/media\/10272"}],"wp:attachment":[{"href":"https:\/\/iberoid.com\/pt\/wp-json\/wp\/v2\/media?parent=10271"}],"wp:term":[{"taxonomy":"product_brand","embeddable":true,"href":"https:\/\/iberoid.com\/pt\/wp-json\/wp\/v2\/product_brand?post=10271"},{"taxonomy":"product_cat","embeddable":true,"href":"https:\/\/iberoid.com\/pt\/wp-json\/wp\/v2\/product_cat?post=10271"},{"taxonomy":"product_tag","embeddable":true,"href":"https:\/\/iberoid.com\/pt\/wp-json\/wp\/v2\/product_tag?post=10271"}],"curies":[{"name":"wp","href":"https:\/\/api.w.org\/{rel}","templated":true}]}}