{"id":10277,"date":"2025-08-14T07:37:40","date_gmt":"2025-08-14T07:37:40","guid":{"rendered":"https:\/\/iberoid.com\/?post_type=product&#038;p=10277"},"modified":"2025-12-30T14:11:42","modified_gmt":"2025-12-30T14:11:42","slug":"c2boll-clenbuterol-20-mcg","status":"publish","type":"product","link":"https:\/\/iberoid.com\/pt\/product\/c2boll-clenbuterol-20-mcg\/","title":{"rendered":"Clenbuterol 20 mcg"},"content":{"rendered":"<p>O <b>Clembuterol<\/b> \u00e9 um medicamento popular para a queima de gordura que aumenta a taxa metab\u00f3lica. \u00c9 amplamente utilizado por fisiculturistas e atletas para ajud\u00e1-los a alcan\u00e7ar seus objetivos de condicionamento f\u00edsico.<\/p>\n<h3>O que \u00e9 o Clembuterol?<\/h3>\n<p>Originalmente desenvolvido para o tratamento de doen\u00e7as respirat\u00f3rias como a asma, o Clembuterol ganhou popularidade entre fisiculturistas e atletas devido aos seus potenciais efeitos na composi\u00e7\u00e3o corporal e no desempenho.<\/p>\n<p>Quando usado para perda de peso e melhoria do desempenho, o Clembuterol pode ser tomado em comprimidos, l\u00edquido ou inje\u00e7\u00f5es. A dose comum geralmente varia de <b>0,06 a 0,12 miligramas por dia<\/b>, o que \u00e9 superior \u00e0 dose recomendada para o tratamento da asma, que varia de <b>0,02 a 0,03 miligramas<\/b>. O Clembuterol ajuda a relaxar os m\u00fasculos e os pulm\u00f5es, facilitando a respira\u00e7\u00e3o, ao mesmo tempo que queima gordura e calorias ao aumentar a temperatura corporal.<\/p>\n<h3>Uso do Clembuterol no Fisiculturismo<\/h3>\n<p>Fisiculturistas e atletas s\u00e3o atra\u00eddos pelo Clembuterol principalmente pelas suas propriedades de queima de gordura. Al\u00e9m disso, por relaxar os m\u00fasculos e os pulm\u00f5es, o Clembuterol pode ajudar os atletas a aumentar a resist\u00eancia e, consequentemente, o desempenho geral.<\/p>\n<h3>Benef\u00edcios<\/h3>\n<p>Na comunidade do fisiculturismo, o Clembuterol tem a reputa\u00e7\u00e3o de ser um \u201cesteroide n\u00e3o esteroide\u201d. Isso ocorre porque, embora n\u00e3o seja um esteroide em si, ele imita as suas propriedades, raz\u00e3o pela qual muitos fisiculturistas recorrem ao Clembuterol para uma abordagem mais &#8220;natural&#8221; para aumentar o seu desempenho.<\/p>\n<p>Os principais benef\u00edcios do uso de Clembuterol para o fisiculturismo incluem:<\/p>\n<ul>\n<li><b>Perda de Gordura:<\/b> Acredita-se que o Clembuterol melhore a perda de gordura ao aumentar a velocidade com que o corpo metaboliza a gordura para obter energia. Ele pode promover a lip\u00f3lise, que \u00e9 a quebra da gordura armazenada em \u00e1cidos graxos livres que podem ser usados como fonte de energia.<\/li>\n<li><b>Aumento de Energia:<\/b> Alguns utilizadores relatam um aumento nos n\u00edveis de energia ao usar Clembuterol. Isso pode ser ben\u00e9fico para indiv\u00edduos que se envolvem em treinos intensos.<\/li>\n<li><b>Preserva\u00e7\u00e3o da Massa Muscular Magra:<\/b> Acredita-se que o Clembuterol tenha propriedades anti-catab\u00f3licas, o que significa que pode ajudar a preservar a massa muscular magra durante per\u00edodos de restri\u00e7\u00e3o cal\u00f3rica ou perda de peso.<\/li>\n<\/ul>\n<h3>Dosagem<\/h3>\n<p>Quando usado para perda de peso e melhoria do desempenho, o Clembuterol pode ser tomado em comprimidos, l\u00edquido ou inje\u00e7\u00f5es. A dose comum geralmente varia de <b>0,06 a 0,12 miligramas por dia<\/b>, o que \u00e9 superior \u00e0 dose recomendada para o tratamento da asma, que varia de <b>0,02 a 0,03 miligramas<\/b>.<\/p>\n<p>Se \u00e9 a primeira vez que usa Clembuterol, a ideia mais segura \u00e9 come\u00e7ar com uma dose pequena. Deve tamb\u00e9m consultar um profissional de sa\u00fade para reduzir o risco de ter um impacto grave no seu bem-estar.<\/p>","protected":false},"excerpt":{"rendered":"<p>O Clembuterol \u00e9 um medicamento popular para a queima de gordura que aumenta a taxa metab\u00f3lica. \u00c9 amplamente utilizado por<\/p>\n","protected":false},"featured_media":10279,"comment_status":"open","ping_status":"closed","template":"","meta":[],"product_brand":[],"product_cat":[73],"product_tag":[],"class_list":{"0":"post-10277","1":"product","2":"type-product","3":"status-publish","4":"has-post-thumbnail","6":"product_cat-ssteroides_orales","8":"first","9":"instock","10":"shipping-taxable","11":"purchasable","12":"product-type-simple"},"yoast_head":"<!-- This site is optimized with the Yoast SEO Premium plugin v24.4 (Yoast SEO v27.0) - https:\/\/yoast.com\/product\/yoast-seo-premium-wordpress\/ -->\n<title>Clenbuterol 20 mcg - Ester\u00f3ides Online<\/title>\n<meta name=\"description\" content=\"O Clenbuterol \u00e9 um medicamento n\u00e3o esteroide que aumenta a queima de gordura e a energia, elevando o metabolismo corporal e preservando a massa muscular magra.\" \/>\n<meta name=\"robots\" content=\"index, follow, max-snippet:-1, max-image-preview:large, max-video-preview:-1\" \/>\n<link rel=\"canonical\" href=\"https:\/\/iberoid.com\/pt\/product\/c2boll-clenbuterol-20-mcg\/\" \/>\n<meta property=\"og:locale\" content=\"pt_PT\" \/>\n<meta property=\"og:type\" content=\"article\" \/>\n<meta property=\"og:title\" content=\"Clenbuterol 20 mcg\" \/>\n<meta property=\"og:description\" content=\"O Clenbuterol \u00e9 um medicamento n\u00e3o esteroide que aumenta a queima de gordura e a energia, elevando o metabolismo corporal e preservando a massa muscular magra.\" \/>\n<meta property=\"og:url\" content=\"https:\/\/iberoid.com\/pt\/product\/c2boll-clenbuterol-20-mcg\/\" \/>\n<meta property=\"og:site_name\" content=\"Ester\u00f3ides Online\" \/>\n<meta property=\"article:modified_time\" content=\"2025-12-30T14:11:42+00:00\" \/>\n<meta property=\"og:image\" content=\"https:\/\/iberoid.com\/wp-content\/uploads\/2025\/08\/1-C2-1-scaled.jpeg?v=1755157039\" \/>\n\t<meta property=\"og:image:width\" content=\"1860\" \/>\n\t<meta property=\"og:image:height\" content=\"2560\" \/>\n\t<meta property=\"og:image:type\" content=\"image\/jpeg\" \/>\n<meta name=\"twitter:card\" content=\"summary_large_image\" \/>\n<meta name=\"twitter:label1\" content=\"pre\u00e7o\" \/>\n\t<meta name=\"twitter:data1\" content=\"&euro;20.00\" \/>\n\t<meta name=\"twitter:label2\" content=\"Disponibilidade\" \/>\n\t<meta name=\"twitter:data2\" content=\"Em stock\" \/>\n<script type=\"application\/ld+json\" class=\"yoast-schema-graph\">{\"@context\":\"https:\/\/schema.org\",\"@graph\":[{\"@type\":\"WebPage\",\"@id\":\"https:\/\/iberoid.com\/pt\/product\/c2boll-clenbuterol-20-mcg\/\",\"url\":\"https:\/\/iberoid.com\/pt\/product\/c2boll-clenbuterol-20-mcg\/\",\"name\":\"Clenbuterol 20 mcg - Ester\u00f3ides Online\",\"isPartOf\":{\"@id\":\"https:\/\/iberoid.com\/pt\/#website\"},\"primaryImageOfPage\":{\"@id\":\"https:\/\/iberoid.com\/pt\/product\/c2boll-clenbuterol-20-mcg\/#primaryimage\"},\"image\":{\"@id\":\"https:\/\/iberoid.com\/pt\/product\/c2boll-clenbuterol-20-mcg\/#primaryimage\"},\"thumbnailUrl\":\"https:\/\/iberoid.com\/wp-content\/uploads\/2025\/08\/1-C2-1-scaled.jpeg?v=1755157039\",\"datePublished\":\"2025-08-14T07:37:40+00:00\",\"dateModified\":\"2025-12-30T14:11:42+00:00\",\"description\":\"O Clenbuterol \u00e9 um medicamento n\u00e3o esteroide que aumenta a queima de gordura e a energia, elevando o metabolismo corporal e preservando a massa muscular magra.\",\"breadcrumb\":{\"@id\":\"https:\/\/iberoid.com\/pt\/product\/c2boll-clenbuterol-20-mcg\/#breadcrumb\"},\"inLanguage\":\"pt-PT\",\"potentialAction\":[{\"@type\":\"ReadAction\",\"target\":[[\"https:\/\/iberoid.com\/pt\/product\/c2boll-clenbuterol-20-mcg\/\"]]}]},{\"@type\":\"ImageObject\",\"inLanguage\":\"pt-PT\",\"@id\":\"https:\/\/iberoid.com\/pt\/product\/c2boll-clenbuterol-20-mcg\/#primaryimage\",\"url\":\"https:\/\/iberoid.com\/wp-content\/uploads\/2025\/08\/1-C2-1-scaled.jpeg?v=1755157039\",\"contentUrl\":\"https:\/\/iberoid.com\/wp-content\/uploads\/2025\/08\/1-C2-1-scaled.jpeg?v=1755157039\",\"width\":1860,\"height\":2560},{\"@type\":\"BreadcrumbList\",\"@id\":\"https:\/\/iberoid.com\/pt\/product\/c2boll-clenbuterol-20-mcg\/#breadcrumb\",\"itemListElement\":[{\"@type\":\"ListItem\",\"position\":1,\"name\":\"Portada\",\"item\":\"https:\/\/iberoid.com\/pt\/\"},{\"@type\":\"ListItem\",\"position\":2,\"name\":\"Loja\",\"item\":\"https:\/\/iberoid.com\/pt\/shop\/\"},{\"@type\":\"ListItem\",\"position\":3,\"name\":\"Clenbuterol 20 mcg\"}]},{\"@type\":\"WebSite\",\"@id\":\"https:\/\/iberoid.com\/pt\/#website\",\"url\":\"https:\/\/iberoid.com\/pt\/\",\"name\":\"Ester\u00f3ides Online\",\"description\":\"Compre ester\u00f3ides online hoje em Espanha e Portugal. Temos o melhor servi\u00e7o ao cliente do setor e produtos da mais alta qualidade\",\"potentialAction\":[{\"@type\":\"SearchAction\",\"target\":{\"@type\":\"EntryPoint\",\"urlTemplate\":\"https:\/\/iberoid.com\/pt\/?s={search_term_string}\"},\"query-input\":{\"@type\":\"PropertyValueSpecification\",\"valueRequired\":true,\"valueName\":\"search_term_string\"}}],\"inLanguage\":\"pt-PT\"}]}<\/script>\n<meta property=\"product:brand\" content=\"Mp-Pharm\" \/>\n<meta property=\"product:price:amount\" content=\"20.00\" \/>\n<meta property=\"product:price:currency\" content=\"EUR\" \/>\n<meta property=\"og:availability\" content=\"instock\" \/>\n<meta property=\"product:availability\" content=\"instock\" \/>\n<meta property=\"product:condition\" content=\"new\" \/>\n<!-- \/ Yoast SEO Premium plugin. -->","yoast_head_json":{"title":"Clenbuterol 20 mcg - Ester\u00f3ides Online","description":"O Clenbuterol \u00e9 um medicamento n\u00e3o esteroide que aumenta a queima de gordura e a energia, elevando o metabolismo corporal e preservando a massa muscular magra.","robots":{"index":"index","follow":"follow","max-snippet":"max-snippet:-1","max-image-preview":"max-image-preview:large","max-video-preview":"max-video-preview:-1"},"canonical":"https:\/\/iberoid.com\/pt\/product\/c2boll-clenbuterol-20-mcg\/","og_locale":"pt_PT","og_type":"article","og_title":"Clenbuterol 20 mcg","og_description":"O Clenbuterol \u00e9 um medicamento n\u00e3o esteroide que aumenta a queima de gordura e a energia, elevando o metabolismo corporal e preservando a massa muscular magra.","og_url":"https:\/\/iberoid.com\/pt\/product\/c2boll-clenbuterol-20-mcg\/","og_site_name":"Ester\u00f3ides Online","article_modified_time":"2025-12-30T14:11:42+00:00","og_image":[{"width":1860,"height":2560,"url":"https:\/\/iberoid.com\/wp-content\/uploads\/2025\/08\/1-C2-1-scaled.jpeg?v=1755157039","type":"image\/jpeg"}],"twitter_card":"summary_large_image","twitter_misc":{"pre\u00e7o":"&euro;20.00","Disponibilidade":"Em stock"},"schema":{"@context":"https:\/\/schema.org","@graph":[{"@type":"WebPage","@id":"https:\/\/iberoid.com\/pt\/product\/c2boll-clenbuterol-20-mcg\/","url":"https:\/\/iberoid.com\/pt\/product\/c2boll-clenbuterol-20-mcg\/","name":"Clenbuterol 20 mcg - Ester\u00f3ides Online","isPartOf":{"@id":"https:\/\/iberoid.com\/pt\/#website"},"primaryImageOfPage":{"@id":"https:\/\/iberoid.com\/pt\/product\/c2boll-clenbuterol-20-mcg\/#primaryimage"},"image":{"@id":"https:\/\/iberoid.com\/pt\/product\/c2boll-clenbuterol-20-mcg\/#primaryimage"},"thumbnailUrl":"https:\/\/iberoid.com\/wp-content\/uploads\/2025\/08\/1-C2-1-scaled.jpeg?v=1755157039","datePublished":"2025-08-14T07:37:40+00:00","dateModified":"2025-12-30T14:11:42+00:00","description":"O Clenbuterol \u00e9 um medicamento n\u00e3o esteroide que aumenta a queima de gordura e a energia, elevando o metabolismo corporal e preservando a massa muscular magra.","breadcrumb":{"@id":"https:\/\/iberoid.com\/pt\/product\/c2boll-clenbuterol-20-mcg\/#breadcrumb"},"inLanguage":"pt-PT","potentialAction":[{"@type":"ReadAction","target":[["https:\/\/iberoid.com\/pt\/product\/c2boll-clenbuterol-20-mcg\/"]]}]},{"@type":"ImageObject","inLanguage":"pt-PT","@id":"https:\/\/iberoid.com\/pt\/product\/c2boll-clenbuterol-20-mcg\/#primaryimage","url":"https:\/\/iberoid.com\/wp-content\/uploads\/2025\/08\/1-C2-1-scaled.jpeg?v=1755157039","contentUrl":"https:\/\/iberoid.com\/wp-content\/uploads\/2025\/08\/1-C2-1-scaled.jpeg?v=1755157039","width":1860,"height":2560},{"@type":"BreadcrumbList","@id":"https:\/\/iberoid.com\/pt\/product\/c2boll-clenbuterol-20-mcg\/#breadcrumb","itemListElement":[{"@type":"ListItem","position":1,"name":"Portada","item":"https:\/\/iberoid.com\/pt\/"},{"@type":"ListItem","position":2,"name":"Loja","item":"https:\/\/iberoid.com\/pt\/shop\/"},{"@type":"ListItem","position":3,"name":"Clenbuterol 20 mcg"}]},{"@type":"WebSite","@id":"https:\/\/iberoid.com\/pt\/#website","url":"https:\/\/iberoid.com\/pt\/","name":"Ester\u00f3ides Online","description":"Compre ester\u00f3ides online hoje em Espanha e Portugal. Temos o melhor servi\u00e7o ao cliente do setor e produtos da mais alta qualidade","potentialAction":[{"@type":"SearchAction","target":{"@type":"EntryPoint","urlTemplate":"https:\/\/iberoid.com\/pt\/?s={search_term_string}"},"query-input":{"@type":"PropertyValueSpecification","valueRequired":true,"valueName":"search_term_string"}}],"inLanguage":"pt-PT"}]},"product_brand":"Mp-Pharm","product_price_amount":"20.00","product_price_currency":"EUR","og_availability":"instock","product_availability":"instock","product_condition":"new"},"_links":{"self":[{"href":"https:\/\/iberoid.com\/pt\/wp-json\/wp\/v2\/product\/10277","targetHints":{"allow":["GET"]}}],"collection":[{"href":"https:\/\/iberoid.com\/pt\/wp-json\/wp\/v2\/product"}],"about":[{"href":"https:\/\/iberoid.com\/pt\/wp-json\/wp\/v2\/types\/product"}],"replies":[{"embeddable":true,"href":"https:\/\/iberoid.com\/pt\/wp-json\/wp\/v2\/comments?post=10277"}],"wp:featuredmedia":[{"embeddable":true,"href":"https:\/\/iberoid.com\/pt\/wp-json\/wp\/v2\/media\/10279"}],"wp:attachment":[{"href":"https:\/\/iberoid.com\/pt\/wp-json\/wp\/v2\/media?parent=10277"}],"wp:term":[{"taxonomy":"product_brand","embeddable":true,"href":"https:\/\/iberoid.com\/pt\/wp-json\/wp\/v2\/product_brand?post=10277"},{"taxonomy":"product_cat","embeddable":true,"href":"https:\/\/iberoid.com\/pt\/wp-json\/wp\/v2\/product_cat?post=10277"},{"taxonomy":"product_tag","embeddable":true,"href":"https:\/\/iberoid.com\/pt\/wp-json\/wp\/v2\/product_tag?post=10277"}],"curies":[{"name":"wp","href":"https:\/\/api.w.org\/{rel}","templated":true}]}}