{"id":10280,"date":"2025-08-14T07:41:53","date_gmt":"2025-08-14T07:41:53","guid":{"rendered":"https:\/\/iberoid.com\/?post_type=product&#038;p=10280"},"modified":"2026-04-13T10:02:50","modified_gmt":"2026-04-13T10:02:50","slug":"pack2-c2boll-clenbuterol-20-mcg-200tabs","status":"publish","type":"product","link":"https:\/\/iberoid.com\/pt\/product\/pack2-c2boll-clenbuterol-20-mcg-200tabs\/","title":{"rendered":"PACK 2 &#8211; C2BOLL \/ clenbuterol (20 mcg \/ 200tabs)"},"content":{"rendered":"<p><b>Clenbuterol (Clen) 20 mcg x 100 comprimidos<\/b><\/p>\n<p>O <b>Clenbuterol<\/b> \u00e9 um dos medicamentos mais procurados para queima de gordura, pois aumenta a taxa metab\u00f3lica no corpo. As pessoas compram clenbuterol porque \u00e9 uma alternativa segura aos medicamentos anabolizantes e \u00e9 utilizado por fisiculturistas e atletas profissionais para atingir seus objetivos de condicionamento f\u00edsico. Classificado como um agonista beta-2-adren\u00e9rgico, ele ajuda a relaxar os m\u00fasculos e melhora a funcionalidade dos pulm\u00f5es para produzir e utilizar mais oxig\u00e9nio. O Clembuterol foi inicialmente introduzido para tratar pessoas com asma e outras condi\u00e7\u00f5es respirat\u00f3rias, mas mais tarde ganhou popularidade no mundo do fisiculturismo.<\/p>\n<h3>Benef\u00edcios do Clenbuterol<\/h3>\n<p>Alguns dos principais benef\u00edcios do uso de clenbuterol s\u00e3o:<\/p>\n<ul>\n<li><b>Ajuda na perda de peso:<\/b> Ao aumentar a taxa metab\u00f3lica do corpo, o clenbuterol ajuda a queimar a gordura persistente.<\/li>\n<li><b>Efeitos androg\u00eanicos m\u00ednimos:<\/b> As fisiculturistas preferem usar clenbuterol porque ele tem menos efeitos colaterais em compara\u00e7\u00e3o com outros esteroides anabolizantes.<\/li>\n<li><b>Taxa metab\u00f3lica e supress\u00e3o do apetite:<\/b> Com o aumento da taxa metab\u00f3lica, o clenbuterol tamb\u00e9m oferece o benef\u00edcio de controlar o apetite, fazendo com que voc\u00ea consuma menos calorias. Muitos fisiculturistas procuram por clenbuterol \u00e0 venda perto dos dias de competi\u00e7\u00e3o para eliminar o excesso de gordura do corpo.<\/li>\n<\/ul>\n<h3>Efeitos colaterais do Clenbuterol<\/h3>\n<p>Assim como qualquer medicamento, o clenbuterol deve ser consumido de forma segura, e a dosagem recomendada nunca deve ser excedida. Alguns dos efeitos colaterais comuns do clenbuterol s\u00e3o:<\/p>\n<ul>\n<li>Aumento da frequ\u00eancia card\u00edaca e palpita\u00e7\u00f5es.<\/li>\n<li>N\u00edvel baixo de pot\u00e1ssio no sangue (hipocalemia).<\/li>\n<li>Press\u00e3o alta (hiperglicemia).<\/li>\n<li>Paragem card\u00edaca.<\/li>\n<li>Sensa\u00e7\u00e3o de calor.<\/li>\n<li>C\u00e3ibras musculares.<\/li>\n<li>Respira\u00e7\u00e3o acelerada.<\/li>\n<li>Desequil\u00edbrio eletrol\u00edtico.<\/li>\n<\/ul>\n<h3>Dosagem Recomendada<\/h3>\n<ul>\n<li>Para mulheres, a dose inicial recomendada \u00e9 de <b>20 mg<\/b>; para homens, recomenda-se come\u00e7ar com <b>40 mg<\/b>.<\/li>\n<li>A dose deve ser aumentada em 20 mg a cada m\u00eas at\u00e9 que os resultados desejados sejam alcan\u00e7ados.<\/li>\n<li>A dose di\u00e1ria t\u00edpica para especialistas e utilizadores avan\u00e7ados estar\u00e1 principalmente entre <b>80 e 120 mg<\/b>, diminuindo gradualmente ap\u00f3s a obten\u00e7\u00e3o dos efeitos desejados.<\/li>\n<\/ul>\n<p><\/p>","protected":false},"excerpt":{"rendered":"<p>Clenbuterol (Clen) 20 mcg x 100 comprimidos O Clenbuterol \u00e9 um dos medicamentos mais procurados para queima de gordura, pois<\/p>\n","protected":false},"featured_media":10281,"comment_status":"open","ping_status":"closed","template":"","meta":[],"product_brand":[3530],"product_cat":[73,3474,3533],"product_tag":[],"class_list":{"0":"post-10280","1":"product","2":"type-product","3":"status-publish","4":"has-post-thumbnail","6":"product_brand-mp-pharm-muscle-pharm","7":"product_cat-ssteroides_orales","8":"product_cat-packs","9":"product_cat-sales-rebajas","11":"first","12":"instock","13":"sale","14":"shipping-taxable","15":"purchasable","16":"product-type-simple"},"yoast_head":"<!-- This site is optimized with the Yoast SEO Premium plugin v24.4 (Yoast SEO v27.3) - https:\/\/yoast.com\/product\/yoast-seo-premium-wordpress\/ -->\n<title>PACK 2 - C2BOLL \/ clenbuterol (20 mcg \/ 200tabs) - Ester\u00f3ides Online<\/title>\n<meta name=\"description\" content=\"O Clenbuterol \u00e9 um potente queimador de gordura que aumenta a taxa metab\u00f3lica e suprime o apetite, auxiliando na perda de peso com m\u00ednimos efeitos colaterais androg\u00eanicos.\" \/>\n<meta name=\"robots\" content=\"index, follow, max-snippet:-1, max-image-preview:large, max-video-preview:-1\" \/>\n<link rel=\"canonical\" href=\"https:\/\/iberoid.com\/pt\/product\/pack2-c2boll-clenbuterol-20-mcg-200tabs\/\" \/>\n<meta property=\"og:locale\" content=\"pt_PT\" \/>\n<meta property=\"og:type\" content=\"article\" \/>\n<meta property=\"og:title\" content=\"PACK 2 - C2BOLL \/ clenbuterol (20 mcg \/ 200tabs)\" \/>\n<meta property=\"og:description\" content=\"O Clenbuterol \u00e9 um potente queimador de gordura que aumenta a taxa metab\u00f3lica e suprime o apetite, auxiliando na perda de peso com m\u00ednimos efeitos colaterais androg\u00eanicos.\" \/>\n<meta property=\"og:url\" content=\"https:\/\/iberoid.com\/pt\/product\/pack2-c2boll-clenbuterol-20-mcg-200tabs\/\" \/>\n<meta property=\"og:site_name\" content=\"Ester\u00f3ides Online\" \/>\n<meta property=\"article:modified_time\" content=\"2026-04-13T10:02:50+00:00\" \/>\n<meta property=\"og:image\" content=\"https:\/\/iberoid.com\/wp-content\/uploads\/2025\/08\/2-C2-scaled.jpeg?v=1755157291\" \/>\n\t<meta property=\"og:image:width\" content=\"2560\" \/>\n\t<meta property=\"og:image:height\" content=\"2447\" \/>\n\t<meta property=\"og:image:type\" content=\"image\/jpeg\" \/>\n<meta name=\"twitter:card\" content=\"summary_large_image\" \/>\n<meta name=\"twitter:label1\" content=\"pre\u00e7o\" \/>\n\t<meta name=\"twitter:data1\" content=\"&euro;25.00\" \/>\n\t<meta name=\"twitter:label2\" content=\"Disponibilidade\" \/>\n\t<meta name=\"twitter:data2\" content=\"Em stock\" \/>\n<script type=\"application\/ld+json\" class=\"yoast-schema-graph\">{\"@context\":\"https:\\\/\\\/schema.org\",\"@graph\":[{\"@type\":\"WebPage\",\"@id\":\"https:\\\/\\\/iberoid.com\\\/pt\\\/product\\\/pack2-c2boll-clenbuterol-20-mcg-200tabs\\\/\",\"url\":\"https:\\\/\\\/iberoid.com\\\/pt\\\/product\\\/pack2-c2boll-clenbuterol-20-mcg-200tabs\\\/\",\"name\":\"PACK 2 - C2BOLL \\\/ clenbuterol (20 mcg \\\/ 200tabs) - Ester\u00f3ides Online\",\"isPartOf\":{\"@id\":\"https:\\\/\\\/iberoid.com\\\/pt\\\/#website\"},\"primaryImageOfPage\":{\"@id\":\"https:\\\/\\\/iberoid.com\\\/pt\\\/product\\\/pack2-c2boll-clenbuterol-20-mcg-200tabs\\\/#primaryimage\"},\"image\":{\"@id\":\"https:\\\/\\\/iberoid.com\\\/pt\\\/product\\\/pack2-c2boll-clenbuterol-20-mcg-200tabs\\\/#primaryimage\"},\"thumbnailUrl\":\"https:\\\/\\\/iberoid.com\\\/wp-content\\\/uploads\\\/2025\\\/08\\\/2-C2-scaled.jpeg?v=1755157291\",\"datePublished\":\"2025-08-14T07:41:53+00:00\",\"dateModified\":\"2026-04-13T10:02:50+00:00\",\"description\":\"O Clenbuterol \u00e9 um potente queimador de gordura que aumenta a taxa metab\u00f3lica e suprime o apetite, auxiliando na perda de peso com m\u00ednimos efeitos colaterais androg\u00eanicos.\",\"breadcrumb\":{\"@id\":\"https:\\\/\\\/iberoid.com\\\/pt\\\/product\\\/pack2-c2boll-clenbuterol-20-mcg-200tabs\\\/#breadcrumb\"},\"inLanguage\":\"pt-PT\",\"potentialAction\":[{\"@type\":\"ReadAction\",\"target\":[[\"https:\\\/\\\/iberoid.com\\\/pt\\\/product\\\/pack2-c2boll-clenbuterol-20-mcg-200tabs\\\/\"]]}]},{\"@type\":\"ImageObject\",\"inLanguage\":\"pt-PT\",\"@id\":\"https:\\\/\\\/iberoid.com\\\/pt\\\/product\\\/pack2-c2boll-clenbuterol-20-mcg-200tabs\\\/#primaryimage\",\"url\":\"https:\\\/\\\/iberoid.com\\\/wp-content\\\/uploads\\\/2025\\\/08\\\/2-C2-scaled.jpeg?v=1755157291\",\"contentUrl\":\"https:\\\/\\\/iberoid.com\\\/wp-content\\\/uploads\\\/2025\\\/08\\\/2-C2-scaled.jpeg?v=1755157291\",\"width\":2560,\"height\":2447},{\"@type\":\"BreadcrumbList\",\"@id\":\"https:\\\/\\\/iberoid.com\\\/pt\\\/product\\\/pack2-c2boll-clenbuterol-20-mcg-200tabs\\\/#breadcrumb\",\"itemListElement\":[{\"@type\":\"ListItem\",\"position\":1,\"name\":\"Portada\",\"item\":\"https:\\\/\\\/iberoid.com\\\/pt\\\/\"},{\"@type\":\"ListItem\",\"position\":2,\"name\":\"Loja\",\"item\":\"https:\\\/\\\/iberoid.com\\\/pt\\\/shop\\\/\"},{\"@type\":\"ListItem\",\"position\":3,\"name\":\"PACK 2 &#8211; C2BOLL \\\/ clenbuterol (20 mcg \\\/ 200tabs)\"}]},{\"@type\":\"WebSite\",\"@id\":\"https:\\\/\\\/iberoid.com\\\/pt\\\/#website\",\"url\":\"https:\\\/\\\/iberoid.com\\\/pt\\\/\",\"name\":\"Ester\u00f3ides Online\",\"description\":\"Compre ester\u00f3ides online hoje em Espanha e Portugal. Temos o melhor servi\u00e7o ao cliente do setor e produtos da mais alta qualidade\",\"potentialAction\":[{\"@type\":\"SearchAction\",\"target\":{\"@type\":\"EntryPoint\",\"urlTemplate\":\"https:\\\/\\\/iberoid.com\\\/pt\\\/?s={search_term_string}\"},\"query-input\":{\"@type\":\"PropertyValueSpecification\",\"valueRequired\":true,\"valueName\":\"search_term_string\"}}],\"inLanguage\":\"pt-PT\"}]}<\/script>\n<meta property=\"product:price:amount\" content=\"25.00\" \/>\n<meta property=\"product:price:currency\" content=\"EUR\" \/>\n<meta property=\"og:availability\" content=\"instock\" \/>\n<meta property=\"product:availability\" content=\"instock\" \/>\n<meta property=\"product:condition\" content=\"new\" \/>\n<!-- \/ Yoast SEO Premium plugin. -->","yoast_head_json":{"title":"PACK 2 - C2BOLL \/ clenbuterol (20 mcg \/ 200tabs) - Ester\u00f3ides Online","description":"O Clenbuterol \u00e9 um potente queimador de gordura que aumenta a taxa metab\u00f3lica e suprime o apetite, auxiliando na perda de peso com m\u00ednimos efeitos colaterais androg\u00eanicos.","robots":{"index":"index","follow":"follow","max-snippet":"max-snippet:-1","max-image-preview":"max-image-preview:large","max-video-preview":"max-video-preview:-1"},"canonical":"https:\/\/iberoid.com\/pt\/product\/pack2-c2boll-clenbuterol-20-mcg-200tabs\/","og_locale":"pt_PT","og_type":"article","og_title":"PACK 2 - C2BOLL \/ clenbuterol (20 mcg \/ 200tabs)","og_description":"O Clenbuterol \u00e9 um potente queimador de gordura que aumenta a taxa metab\u00f3lica e suprime o apetite, auxiliando na perda de peso com m\u00ednimos efeitos colaterais androg\u00eanicos.","og_url":"https:\/\/iberoid.com\/pt\/product\/pack2-c2boll-clenbuterol-20-mcg-200tabs\/","og_site_name":"Ester\u00f3ides Online","article_modified_time":"2026-04-13T10:02:50+00:00","og_image":[{"width":2560,"height":2447,"url":"https:\/\/iberoid.com\/wp-content\/uploads\/2025\/08\/2-C2-scaled.jpeg?v=1755157291","type":"image\/jpeg"}],"twitter_card":"summary_large_image","twitter_misc":{"pre\u00e7o":"&euro;25.00","Disponibilidade":"Em stock"},"schema":{"@context":"https:\/\/schema.org","@graph":[{"@type":"WebPage","@id":"https:\/\/iberoid.com\/pt\/product\/pack2-c2boll-clenbuterol-20-mcg-200tabs\/","url":"https:\/\/iberoid.com\/pt\/product\/pack2-c2boll-clenbuterol-20-mcg-200tabs\/","name":"PACK 2 - C2BOLL \/ clenbuterol (20 mcg \/ 200tabs) - Ester\u00f3ides Online","isPartOf":{"@id":"https:\/\/iberoid.com\/pt\/#website"},"primaryImageOfPage":{"@id":"https:\/\/iberoid.com\/pt\/product\/pack2-c2boll-clenbuterol-20-mcg-200tabs\/#primaryimage"},"image":{"@id":"https:\/\/iberoid.com\/pt\/product\/pack2-c2boll-clenbuterol-20-mcg-200tabs\/#primaryimage"},"thumbnailUrl":"https:\/\/iberoid.com\/wp-content\/uploads\/2025\/08\/2-C2-scaled.jpeg?v=1755157291","datePublished":"2025-08-14T07:41:53+00:00","dateModified":"2026-04-13T10:02:50+00:00","description":"O Clenbuterol \u00e9 um potente queimador de gordura que aumenta a taxa metab\u00f3lica e suprime o apetite, auxiliando na perda de peso com m\u00ednimos efeitos colaterais androg\u00eanicos.","breadcrumb":{"@id":"https:\/\/iberoid.com\/pt\/product\/pack2-c2boll-clenbuterol-20-mcg-200tabs\/#breadcrumb"},"inLanguage":"pt-PT","potentialAction":[{"@type":"ReadAction","target":[["https:\/\/iberoid.com\/pt\/product\/pack2-c2boll-clenbuterol-20-mcg-200tabs\/"]]}]},{"@type":"ImageObject","inLanguage":"pt-PT","@id":"https:\/\/iberoid.com\/pt\/product\/pack2-c2boll-clenbuterol-20-mcg-200tabs\/#primaryimage","url":"https:\/\/iberoid.com\/wp-content\/uploads\/2025\/08\/2-C2-scaled.jpeg?v=1755157291","contentUrl":"https:\/\/iberoid.com\/wp-content\/uploads\/2025\/08\/2-C2-scaled.jpeg?v=1755157291","width":2560,"height":2447},{"@type":"BreadcrumbList","@id":"https:\/\/iberoid.com\/pt\/product\/pack2-c2boll-clenbuterol-20-mcg-200tabs\/#breadcrumb","itemListElement":[{"@type":"ListItem","position":1,"name":"Portada","item":"https:\/\/iberoid.com\/pt\/"},{"@type":"ListItem","position":2,"name":"Loja","item":"https:\/\/iberoid.com\/pt\/shop\/"},{"@type":"ListItem","position":3,"name":"PACK 2 &#8211; C2BOLL \/ clenbuterol (20 mcg \/ 200tabs)"}]},{"@type":"WebSite","@id":"https:\/\/iberoid.com\/pt\/#website","url":"https:\/\/iberoid.com\/pt\/","name":"Ester\u00f3ides Online","description":"Compre ester\u00f3ides online hoje em Espanha e Portugal. Temos o melhor servi\u00e7o ao cliente do setor e produtos da mais alta qualidade","potentialAction":[{"@type":"SearchAction","target":{"@type":"EntryPoint","urlTemplate":"https:\/\/iberoid.com\/pt\/?s={search_term_string}"},"query-input":{"@type":"PropertyValueSpecification","valueRequired":true,"valueName":"search_term_string"}}],"inLanguage":"pt-PT"}]},"product_price_amount":"25.00","product_price_currency":"EUR","og_availability":"instock","product_availability":"instock","product_condition":"new"},"_links":{"self":[{"href":"https:\/\/iberoid.com\/pt\/wp-json\/wp\/v2\/product\/10280","targetHints":{"allow":["GET"]}}],"collection":[{"href":"https:\/\/iberoid.com\/pt\/wp-json\/wp\/v2\/product"}],"about":[{"href":"https:\/\/iberoid.com\/pt\/wp-json\/wp\/v2\/types\/product"}],"replies":[{"embeddable":true,"href":"https:\/\/iberoid.com\/pt\/wp-json\/wp\/v2\/comments?post=10280"}],"wp:featuredmedia":[{"embeddable":true,"href":"https:\/\/iberoid.com\/pt\/wp-json\/wp\/v2\/media\/10281"}],"wp:attachment":[{"href":"https:\/\/iberoid.com\/pt\/wp-json\/wp\/v2\/media?parent=10280"}],"wp:term":[{"taxonomy":"product_brand","embeddable":true,"href":"https:\/\/iberoid.com\/pt\/wp-json\/wp\/v2\/product_brand?post=10280"},{"taxonomy":"product_cat","embeddable":true,"href":"https:\/\/iberoid.com\/pt\/wp-json\/wp\/v2\/product_cat?post=10280"},{"taxonomy":"product_tag","embeddable":true,"href":"https:\/\/iberoid.com\/pt\/wp-json\/wp\/v2\/product_tag?post=10280"}],"curies":[{"name":"wp","href":"https:\/\/api.w.org\/{rel}","templated":true}]}}