{"id":10287,"date":"2025-08-17T09:50:46","date_gmt":"2025-08-17T09:50:46","guid":{"rendered":"https:\/\/iberoid.com\/?post_type=product&#038;p=10287"},"modified":"2026-03-03T19:44:40","modified_gmt":"2026-03-03T19:44:40","slug":"yoboll-yohimbina-hcl-5-mg-100tabs","status":"publish","type":"product","link":"https:\/\/iberoid.com\/pt\/product\/yoboll-yohimbina-hcl-5-mg-100tabs\/","title":{"rendered":"YOBOLL \/ yohimbine hcl 5 mg \/ 100tabs"},"content":{"rendered":"<p>Cada c\u00e1psula de <b>YOBOLL HCL<\/b> fornece 5 mg de Yohimbina HCL pura (Grau Farmac\u00eautico &amp; USP), um dos melhores suplementos para perda de gordura que comprovadamente acelera a queima de gordura. Ele pode acelerar seu metabolismo, melhorar seu desempenho nos treinos e ajudar a perder gordura teimosa mais rapidamente. A principal propriedade do YOBOLL da Pharmabol Labs, de interesse para a queima de gordura persistente, \u00e9 que ele \u00e9 um antagonista do recetor alfa-2. As c\u00e9lulas de gordura t\u00eam diferentes recetores que as controlam. O YOBOLL da Pharmabol Labs \u00e9 um antagonista do recetor alfa-2 (bloqueador a2), o que faz com que seu corpo aumente a produ\u00e7\u00e3o de noradrenalina. Essa subst\u00e2ncia ativa o sistema nervoso simp\u00e1tico de \u201cluta ou fuga\u201d e aumenta seu gasto energ\u00e9tico. A Yohimbina afeta diferentes recetores, o que lhe confere algumas propriedades \u00fanicas. O <b>YOBOLL HCL<\/b> da Pharmabol Labs \u00e9 fabricado numa instala\u00e7\u00e3o com certifica\u00e7\u00e3o GMP, na sua forma mais pura, derivado de uma fonte vegetariana e bem testado em laborat\u00f3rio para pureza e pot\u00eancia.<\/p>\n<h3>Caracter\u00edsticas<\/h3>\n<ul>\n<li>5 mg de Yohimbina HCL pura (Grau Farmac\u00eautico &amp; USP) por c\u00e1psula<\/li>\n<li>Acelera a perda de gordura e suprime o apetite<\/li>\n<li>Aumenta a energia e a motiva\u00e7\u00e3o<\/li>\n<li>Ajuda a reduzir a gordura abdominal persistente<\/li>\n<\/ul>\n<h3>Ingredientes<\/h3>\n<ul>\n<li>100% Yohimbina HCL (Grau Farmac\u00eautico &amp; USP)<\/li>\n<\/ul>\n<h3>Como Usar<\/h3>\n<ul>\n<li>Tomar 1 a 2 por\u00e7\u00f5es di\u00e1rias com o est\u00f4mago vazio.<\/li>\n<\/ul>\n<h3>Efeitos Colaterais<\/h3>\n<ul>\n<li>Sem efeitos colaterais<\/li>\n<\/ul>\n<h3>Informa\u00e7\u00f5es de Seguran\u00e7a<\/h3>\n<ul>\n<li>Apenas para adultos. Se estiver a tomar medicamentos, gr\u00e1vida ou a amamentar, consulte um profissional de sa\u00fade antes de consumir.<\/li>\n<\/ul>\n<p><\/p>","protected":false},"excerpt":{"rendered":"<p>Cada c\u00e1psula de YOBOLL HCL fornece 5 mg de Yohimbina HCL pura (Grau Farmac\u00eautico &amp; USP), um dos melhores suplementos<\/p>\n","protected":false},"featured_media":10288,"comment_status":"open","ping_status":"closed","template":"","meta":[],"product_brand":[],"product_cat":[73],"product_tag":[],"class_list":{"0":"post-10287","1":"product","2":"type-product","3":"status-publish","4":"has-post-thumbnail","6":"product_cat-ssteroides_orales","8":"first","9":"instock","10":"sale","11":"shipping-taxable","12":"purchasable","13":"product-type-simple"},"yoast_head":"<!-- This site is optimized with the Yoast SEO Premium plugin v24.4 (Yoast SEO v27.0) - https:\/\/yoast.com\/product\/yoast-seo-premium-wordpress\/ -->\n<title>YOBOLL \/ yohimbine hcl 5 mg \/ 100tabs - Ester\u00f3ides Online<\/title>\n<meta name=\"description\" content=\"YOBOLL HCL, com 5 mg de HCL de ioimbina pura, acelera a perda de gordura, aumenta o metabolismo e a energia, e ajuda a eliminar a gordura teimosa.\" \/>\n<meta name=\"robots\" content=\"index, follow, max-snippet:-1, max-image-preview:large, max-video-preview:-1\" \/>\n<link rel=\"canonical\" href=\"https:\/\/iberoid.com\/pt\/product\/yoboll-yohimbina-hcl-5-mg-100tabs\/\" \/>\n<meta property=\"og:locale\" content=\"pt_PT\" \/>\n<meta property=\"og:type\" content=\"article\" \/>\n<meta property=\"og:title\" content=\"YOBOLL \/ yohimbine hcl 5 mg \/ 100tabs\" \/>\n<meta property=\"og:description\" content=\"YOBOLL HCL, com 5 mg de HCL de ioimbina pura, acelera a perda de gordura, aumenta o metabolismo e a energia, e ajuda a eliminar a gordura teimosa.\" \/>\n<meta property=\"og:url\" content=\"https:\/\/iberoid.com\/pt\/product\/yoboll-yohimbina-hcl-5-mg-100tabs\/\" \/>\n<meta property=\"og:site_name\" content=\"Ester\u00f3ides Online\" \/>\n<meta property=\"article:modified_time\" content=\"2026-03-03T19:44:40+00:00\" \/>\n<meta property=\"og:image\" content=\"https:\/\/iberoid.com\/wp-content\/uploads\/2025\/08\/yboll.jpg?v=1755424218\" \/>\n\t<meta property=\"og:image:width\" content=\"1280\" \/>\n\t<meta property=\"og:image:height\" content=\"1154\" \/>\n\t<meta property=\"og:image:type\" content=\"image\/jpeg\" \/>\n<meta name=\"twitter:card\" content=\"summary_large_image\" \/>\n<meta name=\"twitter:label1\" content=\"pre\u00e7o\" \/>\n\t<meta name=\"twitter:data1\" content=\"&euro;25.00\" \/>\n\t<meta name=\"twitter:label2\" content=\"Disponibilidade\" \/>\n\t<meta name=\"twitter:data2\" content=\"Em stock\" \/>\n<script type=\"application\/ld+json\" class=\"yoast-schema-graph\">{\"@context\":\"https:\/\/schema.org\",\"@graph\":[{\"@type\":\"WebPage\",\"@id\":\"https:\/\/iberoid.com\/pt\/product\/yoboll-yohimbina-hcl-5-mg-100tabs\/\",\"url\":\"https:\/\/iberoid.com\/pt\/product\/yoboll-yohimbina-hcl-5-mg-100tabs\/\",\"name\":\"YOBOLL \/ yohimbine hcl 5 mg \/ 100tabs - Ester\u00f3ides Online\",\"isPartOf\":{\"@id\":\"https:\/\/iberoid.com\/pt\/#website\"},\"primaryImageOfPage\":{\"@id\":\"https:\/\/iberoid.com\/pt\/product\/yoboll-yohimbina-hcl-5-mg-100tabs\/#primaryimage\"},\"image\":{\"@id\":\"https:\/\/iberoid.com\/pt\/product\/yoboll-yohimbina-hcl-5-mg-100tabs\/#primaryimage\"},\"thumbnailUrl\":\"https:\/\/iberoid.com\/wp-content\/uploads\/2025\/08\/yboll.jpg?v=1755424218\",\"datePublished\":\"2025-08-17T09:50:46+00:00\",\"dateModified\":\"2026-03-03T19:44:40+00:00\",\"description\":\"YOBOLL HCL, com 5 mg de HCL de ioimbina pura, acelera a perda de gordura, aumenta o metabolismo e a energia, e ajuda a eliminar a gordura teimosa.\",\"breadcrumb\":{\"@id\":\"https:\/\/iberoid.com\/pt\/product\/yoboll-yohimbina-hcl-5-mg-100tabs\/#breadcrumb\"},\"inLanguage\":\"pt-PT\",\"potentialAction\":[{\"@type\":\"ReadAction\",\"target\":[[\"https:\/\/iberoid.com\/pt\/product\/yoboll-yohimbina-hcl-5-mg-100tabs\/\"]]}]},{\"@type\":\"ImageObject\",\"inLanguage\":\"pt-PT\",\"@id\":\"https:\/\/iberoid.com\/pt\/product\/yoboll-yohimbina-hcl-5-mg-100tabs\/#primaryimage\",\"url\":\"https:\/\/iberoid.com\/wp-content\/uploads\/2025\/08\/yboll.jpg?v=1755424218\",\"contentUrl\":\"https:\/\/iberoid.com\/wp-content\/uploads\/2025\/08\/yboll.jpg?v=1755424218\",\"width\":1280,\"height\":1154},{\"@type\":\"BreadcrumbList\",\"@id\":\"https:\/\/iberoid.com\/pt\/product\/yoboll-yohimbina-hcl-5-mg-100tabs\/#breadcrumb\",\"itemListElement\":[{\"@type\":\"ListItem\",\"position\":1,\"name\":\"Portada\",\"item\":\"https:\/\/iberoid.com\/pt\/\"},{\"@type\":\"ListItem\",\"position\":2,\"name\":\"Loja\",\"item\":\"https:\/\/iberoid.com\/pt\/shop\/\"},{\"@type\":\"ListItem\",\"position\":3,\"name\":\"YOBOLL \/ yohimbine hcl 5 mg \/ 100tabs\"}]},{\"@type\":\"WebSite\",\"@id\":\"https:\/\/iberoid.com\/pt\/#website\",\"url\":\"https:\/\/iberoid.com\/pt\/\",\"name\":\"Ester\u00f3ides Online\",\"description\":\"Compre ester\u00f3ides online hoje em Espanha e Portugal. Temos o melhor servi\u00e7o ao cliente do setor e produtos da mais alta qualidade\",\"potentialAction\":[{\"@type\":\"SearchAction\",\"target\":{\"@type\":\"EntryPoint\",\"urlTemplate\":\"https:\/\/iberoid.com\/pt\/?s={search_term_string}\"},\"query-input\":{\"@type\":\"PropertyValueSpecification\",\"valueRequired\":true,\"valueName\":\"search_term_string\"}}],\"inLanguage\":\"pt-PT\"}]}<\/script>\n<meta property=\"product:brand\" content=\"Pb Laboratories\" \/>\n<meta property=\"product:price:amount\" content=\"25.00\" \/>\n<meta property=\"product:price:currency\" content=\"EUR\" \/>\n<meta property=\"og:availability\" content=\"instock\" \/>\n<meta property=\"product:availability\" content=\"instock\" \/>\n<meta property=\"product:condition\" content=\"new\" \/>\n<!-- \/ Yoast SEO Premium plugin. -->","yoast_head_json":{"title":"YOBOLL \/ yohimbine hcl 5 mg \/ 100tabs - Ester\u00f3ides Online","description":"YOBOLL HCL, com 5 mg de HCL de ioimbina pura, acelera a perda de gordura, aumenta o metabolismo e a energia, e ajuda a eliminar a gordura teimosa.","robots":{"index":"index","follow":"follow","max-snippet":"max-snippet:-1","max-image-preview":"max-image-preview:large","max-video-preview":"max-video-preview:-1"},"canonical":"https:\/\/iberoid.com\/pt\/product\/yoboll-yohimbina-hcl-5-mg-100tabs\/","og_locale":"pt_PT","og_type":"article","og_title":"YOBOLL \/ yohimbine hcl 5 mg \/ 100tabs","og_description":"YOBOLL HCL, com 5 mg de HCL de ioimbina pura, acelera a perda de gordura, aumenta o metabolismo e a energia, e ajuda a eliminar a gordura teimosa.","og_url":"https:\/\/iberoid.com\/pt\/product\/yoboll-yohimbina-hcl-5-mg-100tabs\/","og_site_name":"Ester\u00f3ides Online","article_modified_time":"2026-03-03T19:44:40+00:00","og_image":[{"width":1280,"height":1154,"url":"https:\/\/iberoid.com\/wp-content\/uploads\/2025\/08\/yboll.jpg?v=1755424218","type":"image\/jpeg"}],"twitter_card":"summary_large_image","twitter_misc":{"pre\u00e7o":"&euro;25.00","Disponibilidade":"Em stock"},"schema":{"@context":"https:\/\/schema.org","@graph":[{"@type":"WebPage","@id":"https:\/\/iberoid.com\/pt\/product\/yoboll-yohimbina-hcl-5-mg-100tabs\/","url":"https:\/\/iberoid.com\/pt\/product\/yoboll-yohimbina-hcl-5-mg-100tabs\/","name":"YOBOLL \/ yohimbine hcl 5 mg \/ 100tabs - Ester\u00f3ides Online","isPartOf":{"@id":"https:\/\/iberoid.com\/pt\/#website"},"primaryImageOfPage":{"@id":"https:\/\/iberoid.com\/pt\/product\/yoboll-yohimbina-hcl-5-mg-100tabs\/#primaryimage"},"image":{"@id":"https:\/\/iberoid.com\/pt\/product\/yoboll-yohimbina-hcl-5-mg-100tabs\/#primaryimage"},"thumbnailUrl":"https:\/\/iberoid.com\/wp-content\/uploads\/2025\/08\/yboll.jpg?v=1755424218","datePublished":"2025-08-17T09:50:46+00:00","dateModified":"2026-03-03T19:44:40+00:00","description":"YOBOLL HCL, com 5 mg de HCL de ioimbina pura, acelera a perda de gordura, aumenta o metabolismo e a energia, e ajuda a eliminar a gordura teimosa.","breadcrumb":{"@id":"https:\/\/iberoid.com\/pt\/product\/yoboll-yohimbina-hcl-5-mg-100tabs\/#breadcrumb"},"inLanguage":"pt-PT","potentialAction":[{"@type":"ReadAction","target":[["https:\/\/iberoid.com\/pt\/product\/yoboll-yohimbina-hcl-5-mg-100tabs\/"]]}]},{"@type":"ImageObject","inLanguage":"pt-PT","@id":"https:\/\/iberoid.com\/pt\/product\/yoboll-yohimbina-hcl-5-mg-100tabs\/#primaryimage","url":"https:\/\/iberoid.com\/wp-content\/uploads\/2025\/08\/yboll.jpg?v=1755424218","contentUrl":"https:\/\/iberoid.com\/wp-content\/uploads\/2025\/08\/yboll.jpg?v=1755424218","width":1280,"height":1154},{"@type":"BreadcrumbList","@id":"https:\/\/iberoid.com\/pt\/product\/yoboll-yohimbina-hcl-5-mg-100tabs\/#breadcrumb","itemListElement":[{"@type":"ListItem","position":1,"name":"Portada","item":"https:\/\/iberoid.com\/pt\/"},{"@type":"ListItem","position":2,"name":"Loja","item":"https:\/\/iberoid.com\/pt\/shop\/"},{"@type":"ListItem","position":3,"name":"YOBOLL \/ yohimbine hcl 5 mg \/ 100tabs"}]},{"@type":"WebSite","@id":"https:\/\/iberoid.com\/pt\/#website","url":"https:\/\/iberoid.com\/pt\/","name":"Ester\u00f3ides Online","description":"Compre ester\u00f3ides online hoje em Espanha e Portugal. Temos o melhor servi\u00e7o ao cliente do setor e produtos da mais alta qualidade","potentialAction":[{"@type":"SearchAction","target":{"@type":"EntryPoint","urlTemplate":"https:\/\/iberoid.com\/pt\/?s={search_term_string}"},"query-input":{"@type":"PropertyValueSpecification","valueRequired":true,"valueName":"search_term_string"}}],"inLanguage":"pt-PT"}]},"product_brand":"Pb Laboratories","product_price_amount":"25.00","product_price_currency":"EUR","og_availability":"instock","product_availability":"instock","product_condition":"new"},"_links":{"self":[{"href":"https:\/\/iberoid.com\/pt\/wp-json\/wp\/v2\/product\/10287","targetHints":{"allow":["GET"]}}],"collection":[{"href":"https:\/\/iberoid.com\/pt\/wp-json\/wp\/v2\/product"}],"about":[{"href":"https:\/\/iberoid.com\/pt\/wp-json\/wp\/v2\/types\/product"}],"replies":[{"embeddable":true,"href":"https:\/\/iberoid.com\/pt\/wp-json\/wp\/v2\/comments?post=10287"}],"wp:featuredmedia":[{"embeddable":true,"href":"https:\/\/iberoid.com\/pt\/wp-json\/wp\/v2\/media\/10288"}],"wp:attachment":[{"href":"https:\/\/iberoid.com\/pt\/wp-json\/wp\/v2\/media?parent=10287"}],"wp:term":[{"taxonomy":"product_brand","embeddable":true,"href":"https:\/\/iberoid.com\/pt\/wp-json\/wp\/v2\/product_brand?post=10287"},{"taxonomy":"product_cat","embeddable":true,"href":"https:\/\/iberoid.com\/pt\/wp-json\/wp\/v2\/product_cat?post=10287"},{"taxonomy":"product_tag","embeddable":true,"href":"https:\/\/iberoid.com\/pt\/wp-json\/wp\/v2\/product_tag?post=10287"}],"curies":[{"name":"wp","href":"https:\/\/api.w.org\/{rel}","templated":true}]}}