{"id":10312,"date":"2025-08-31T09:56:57","date_gmt":"2025-08-31T09:56:57","guid":{"rendered":"https:\/\/iberoid.com\/?post_type=product&#038;p=10312"},"modified":"2026-01-25T13:22:49","modified_gmt":"2026-01-25T13:22:49","slug":"trenbolone-enanthate-genetic-life-science","status":"publish","type":"product","link":"https:\/\/iberoid.com\/pt\/product\/trenbolone-enanthate-genetic-life-science\/","title":{"rendered":"Trenbolone Enanthate 200mg"},"content":{"rendered":"<p><\/p>\n<p data-start=\"43\" data-end=\"355\"><strong data-start=\"43\" data-end=\"66\">Trenbolona Enantato<\/strong> \u00e9 um esteroide anab\u00f3lico de a\u00e7\u00e3o prolongada com forte atividade androg\u00eanica e anab\u00f3lica. \u00c9 utilizado em animais para aumentar a taxa de ganho de peso e melhorar a efici\u00eancia alimentar. O trenbolona enantato promove um crescimento muscular extremo e \u00e9 relativamente seguro para o f\u00edgado.<\/p>\n<p data-start=\"357\" data-end=\"408\"><strong data-start=\"357\" data-end=\"406\">O Trenbolona Enantato n\u00e3o deve ser utilizado:<\/strong><\/p>\n<ul data-start=\"409\" data-end=\"729\" data-is-last-node=\"\" data-is-only-node=\"\">\n<li data-start=\"409\" data-end=\"458\">\n<p data-start=\"411\" data-end=\"458\">Em animais com c\u00e2ncer de pr\u00f3stata ou de mama.<\/p>\n<\/li>\n<li data-start=\"459\" data-end=\"517\">\n<p data-start=\"461\" data-end=\"517\">Em animais prenhes, devido \u00e0 masculiniza\u00e7\u00e3o dos fetos.<\/p>\n<\/li>\n<li data-start=\"518\" data-end=\"666\">\n<p data-start=\"520\" data-end=\"666\">Em animais jovens, pois pode causar dist\u00farbios graves, como o fechamento prematuro das placas de crescimento e o desenvolvimento sexual anormal.<\/p>\n<\/li>\n<li data-start=\"667\" data-end=\"729\" data-is-last-node=\"\">\n<p data-start=\"669\" data-end=\"729\" data-is-last-node=\"\">Em garanh\u00f5es ou \u00e9guas n\u00e3o prenhes destinados \u00e0 reprodu\u00e7\u00e3o.<\/p>\n<\/li>\n<\/ul>\n<p><\/p>","protected":false},"excerpt":{"rendered":"<p>Trenbolona Enantato \u00e9 um esteroide anab\u00f3lico de a\u00e7\u00e3o prolongada com forte atividade androg\u00eanica e anab\u00f3lica. \u00c9 utilizado em animais para<\/p>\n","protected":false},"featured_media":10313,"comment_status":"open","ping_status":"closed","template":"","meta":[],"product_brand":[],"product_cat":[69],"product_tag":[],"class_list":{"0":"post-10312","1":"product","2":"type-product","3":"status-publish","4":"has-post-thumbnail","6":"product_cat-esteroides_inyectables","8":"first","9":"outofstock","10":"sale","11":"shipping-taxable","12":"purchasable","13":"product-type-simple"},"yoast_head":"<!-- This site is optimized with the Yoast SEO Premium plugin v24.4 (Yoast SEO v27.3) - https:\/\/yoast.com\/product\/yoast-seo-premium-wordpress\/ -->\n<title>Trenbolone Enanthate 200mg - Ester\u00f3ides Online<\/title>\n<meta name=\"description\" content=\"TRENABOL (Enantato de Trenbolona) \u00e9 um potente esteroide de a\u00e7\u00e3o prolongada que aumenta o crescimento muscular e a efici\u00eancia alimentar, com baixo impacto no f\u00edgado.\" \/>\n<meta name=\"robots\" content=\"index, follow, max-snippet:-1, max-image-preview:large, max-video-preview:-1\" \/>\n<link rel=\"canonical\" href=\"https:\/\/iberoid.com\/pt\/product\/trenbolone-enanthate-genetic-life-science\/\" \/>\n<meta property=\"og:locale\" content=\"pt_PT\" \/>\n<meta property=\"og:type\" content=\"article\" \/>\n<meta property=\"og:title\" content=\"Trenbolone Enanthate 200mg\" \/>\n<meta property=\"og:description\" content=\"TRENABOL (Enantato de Trenbolona) \u00e9 um potente esteroide de a\u00e7\u00e3o prolongada que aumenta o crescimento muscular e a efici\u00eancia alimentar, com baixo impacto no f\u00edgado.\" \/>\n<meta property=\"og:url\" content=\"https:\/\/iberoid.com\/pt\/product\/trenbolone-enanthate-genetic-life-science\/\" \/>\n<meta property=\"og:site_name\" content=\"Ester\u00f3ides Online\" \/>\n<meta property=\"article:modified_time\" content=\"2026-01-25T13:22:49+00:00\" \/>\n<meta property=\"og:image\" content=\"https:\/\/iberoid.com\/wp-content\/uploads\/2025\/08\/trenbolone-enanthate-genetic-life-science.jpg?v=1756634168\" \/>\n\t<meta property=\"og:image:width\" content=\"800\" \/>\n\t<meta property=\"og:image:height\" content=\"800\" \/>\n\t<meta property=\"og:image:type\" content=\"image\/jpeg\" \/>\n<meta name=\"twitter:card\" content=\"summary_large_image\" \/>\n<meta name=\"twitter:label1\" content=\"pre\u00e7o\" \/>\n\t<meta name=\"twitter:data1\" content=\"&euro;65.00\" \/>\n\t<meta name=\"twitter:label2\" content=\"Disponibilidade\" \/>\n\t<meta name=\"twitter:data2\" content=\"Esgotado\" \/>\n<script type=\"application\/ld+json\" class=\"yoast-schema-graph\">{\"@context\":\"https:\\\/\\\/schema.org\",\"@graph\":[{\"@type\":\"WebPage\",\"@id\":\"https:\\\/\\\/iberoid.com\\\/pt\\\/product\\\/trenbolone-enanthate-genetic-life-science\\\/\",\"url\":\"https:\\\/\\\/iberoid.com\\\/pt\\\/product\\\/trenbolone-enanthate-genetic-life-science\\\/\",\"name\":\"Trenbolone Enanthate 200mg - Ester\u00f3ides Online\",\"isPartOf\":{\"@id\":\"https:\\\/\\\/iberoid.com\\\/pt\\\/#website\"},\"primaryImageOfPage\":{\"@id\":\"https:\\\/\\\/iberoid.com\\\/pt\\\/product\\\/trenbolone-enanthate-genetic-life-science\\\/#primaryimage\"},\"image\":{\"@id\":\"https:\\\/\\\/iberoid.com\\\/pt\\\/product\\\/trenbolone-enanthate-genetic-life-science\\\/#primaryimage\"},\"thumbnailUrl\":\"https:\\\/\\\/iberoid.com\\\/wp-content\\\/uploads\\\/2025\\\/08\\\/trenbolone-enanthate-genetic-life-science.jpg?v=1756634168\",\"datePublished\":\"2025-08-31T09:56:57+00:00\",\"dateModified\":\"2026-01-25T13:22:49+00:00\",\"description\":\"TRENABOL (Enantato de Trenbolona) \u00e9 um potente esteroide de a\u00e7\u00e3o prolongada que aumenta o crescimento muscular e a efici\u00eancia alimentar, com baixo impacto no f\u00edgado.\",\"breadcrumb\":{\"@id\":\"https:\\\/\\\/iberoid.com\\\/pt\\\/product\\\/trenbolone-enanthate-genetic-life-science\\\/#breadcrumb\"},\"inLanguage\":\"pt-PT\",\"potentialAction\":[{\"@type\":\"ReadAction\",\"target\":[[\"https:\\\/\\\/iberoid.com\\\/pt\\\/product\\\/trenbolone-enanthate-genetic-life-science\\\/\"]]}]},{\"@type\":\"ImageObject\",\"inLanguage\":\"pt-PT\",\"@id\":\"https:\\\/\\\/iberoid.com\\\/pt\\\/product\\\/trenbolone-enanthate-genetic-life-science\\\/#primaryimage\",\"url\":\"https:\\\/\\\/iberoid.com\\\/wp-content\\\/uploads\\\/2025\\\/08\\\/trenbolone-enanthate-genetic-life-science.jpg?v=1756634168\",\"contentUrl\":\"https:\\\/\\\/iberoid.com\\\/wp-content\\\/uploads\\\/2025\\\/08\\\/trenbolone-enanthate-genetic-life-science.jpg?v=1756634168\",\"width\":800,\"height\":800},{\"@type\":\"BreadcrumbList\",\"@id\":\"https:\\\/\\\/iberoid.com\\\/pt\\\/product\\\/trenbolone-enanthate-genetic-life-science\\\/#breadcrumb\",\"itemListElement\":[{\"@type\":\"ListItem\",\"position\":1,\"name\":\"Portada\",\"item\":\"https:\\\/\\\/iberoid.com\\\/pt\\\/\"},{\"@type\":\"ListItem\",\"position\":2,\"name\":\"Loja\",\"item\":\"https:\\\/\\\/iberoid.com\\\/pt\\\/shop\\\/\"},{\"@type\":\"ListItem\",\"position\":3,\"name\":\"Trenbolone Enanthate 200mg\"}]},{\"@type\":\"WebSite\",\"@id\":\"https:\\\/\\\/iberoid.com\\\/pt\\\/#website\",\"url\":\"https:\\\/\\\/iberoid.com\\\/pt\\\/\",\"name\":\"Ester\u00f3ides Online\",\"description\":\"Compre ester\u00f3ides online hoje em Espanha e Portugal. Temos o melhor servi\u00e7o ao cliente do setor e produtos da mais alta qualidade\",\"potentialAction\":[{\"@type\":\"SearchAction\",\"target\":{\"@type\":\"EntryPoint\",\"urlTemplate\":\"https:\\\/\\\/iberoid.com\\\/pt\\\/?s={search_term_string}\"},\"query-input\":{\"@type\":\"PropertyValueSpecification\",\"valueRequired\":true,\"valueName\":\"search_term_string\"}}],\"inLanguage\":\"pt-PT\"}]}<\/script>\n<meta property=\"product:brand\" content=\"Genetic Life Science\" \/>\n<meta property=\"product:price:amount\" content=\"65.00\" \/>\n<meta property=\"product:price:currency\" content=\"EUR\" \/>\n<meta property=\"og:availability\" content=\"out of stock\" \/>\n<meta property=\"product:availability\" content=\"out of stock\" \/>\n<meta property=\"product:condition\" content=\"new\" \/>\n<!-- \/ Yoast SEO Premium plugin. -->","yoast_head_json":{"title":"Trenbolone Enanthate 200mg - Ester\u00f3ides Online","description":"TRENABOL (Enantato de Trenbolona) \u00e9 um potente esteroide de a\u00e7\u00e3o prolongada que aumenta o crescimento muscular e a efici\u00eancia alimentar, com baixo impacto no f\u00edgado.","robots":{"index":"index","follow":"follow","max-snippet":"max-snippet:-1","max-image-preview":"max-image-preview:large","max-video-preview":"max-video-preview:-1"},"canonical":"https:\/\/iberoid.com\/pt\/product\/trenbolone-enanthate-genetic-life-science\/","og_locale":"pt_PT","og_type":"article","og_title":"Trenbolone Enanthate 200mg","og_description":"TRENABOL (Enantato de Trenbolona) \u00e9 um potente esteroide de a\u00e7\u00e3o prolongada que aumenta o crescimento muscular e a efici\u00eancia alimentar, com baixo impacto no f\u00edgado.","og_url":"https:\/\/iberoid.com\/pt\/product\/trenbolone-enanthate-genetic-life-science\/","og_site_name":"Ester\u00f3ides Online","article_modified_time":"2026-01-25T13:22:49+00:00","og_image":[{"width":800,"height":800,"url":"https:\/\/iberoid.com\/wp-content\/uploads\/2025\/08\/trenbolone-enanthate-genetic-life-science.jpg?v=1756634168","type":"image\/jpeg"}],"twitter_card":"summary_large_image","twitter_misc":{"pre\u00e7o":"&euro;65.00","Disponibilidade":"Esgotado"},"schema":{"@context":"https:\/\/schema.org","@graph":[{"@type":"WebPage","@id":"https:\/\/iberoid.com\/pt\/product\/trenbolone-enanthate-genetic-life-science\/","url":"https:\/\/iberoid.com\/pt\/product\/trenbolone-enanthate-genetic-life-science\/","name":"Trenbolone Enanthate 200mg - Ester\u00f3ides Online","isPartOf":{"@id":"https:\/\/iberoid.com\/pt\/#website"},"primaryImageOfPage":{"@id":"https:\/\/iberoid.com\/pt\/product\/trenbolone-enanthate-genetic-life-science\/#primaryimage"},"image":{"@id":"https:\/\/iberoid.com\/pt\/product\/trenbolone-enanthate-genetic-life-science\/#primaryimage"},"thumbnailUrl":"https:\/\/iberoid.com\/wp-content\/uploads\/2025\/08\/trenbolone-enanthate-genetic-life-science.jpg?v=1756634168","datePublished":"2025-08-31T09:56:57+00:00","dateModified":"2026-01-25T13:22:49+00:00","description":"TRENABOL (Enantato de Trenbolona) \u00e9 um potente esteroide de a\u00e7\u00e3o prolongada que aumenta o crescimento muscular e a efici\u00eancia alimentar, com baixo impacto no f\u00edgado.","breadcrumb":{"@id":"https:\/\/iberoid.com\/pt\/product\/trenbolone-enanthate-genetic-life-science\/#breadcrumb"},"inLanguage":"pt-PT","potentialAction":[{"@type":"ReadAction","target":[["https:\/\/iberoid.com\/pt\/product\/trenbolone-enanthate-genetic-life-science\/"]]}]},{"@type":"ImageObject","inLanguage":"pt-PT","@id":"https:\/\/iberoid.com\/pt\/product\/trenbolone-enanthate-genetic-life-science\/#primaryimage","url":"https:\/\/iberoid.com\/wp-content\/uploads\/2025\/08\/trenbolone-enanthate-genetic-life-science.jpg?v=1756634168","contentUrl":"https:\/\/iberoid.com\/wp-content\/uploads\/2025\/08\/trenbolone-enanthate-genetic-life-science.jpg?v=1756634168","width":800,"height":800},{"@type":"BreadcrumbList","@id":"https:\/\/iberoid.com\/pt\/product\/trenbolone-enanthate-genetic-life-science\/#breadcrumb","itemListElement":[{"@type":"ListItem","position":1,"name":"Portada","item":"https:\/\/iberoid.com\/pt\/"},{"@type":"ListItem","position":2,"name":"Loja","item":"https:\/\/iberoid.com\/pt\/shop\/"},{"@type":"ListItem","position":3,"name":"Trenbolone Enanthate 200mg"}]},{"@type":"WebSite","@id":"https:\/\/iberoid.com\/pt\/#website","url":"https:\/\/iberoid.com\/pt\/","name":"Ester\u00f3ides Online","description":"Compre ester\u00f3ides online hoje em Espanha e Portugal. Temos o melhor servi\u00e7o ao cliente do setor e produtos da mais alta qualidade","potentialAction":[{"@type":"SearchAction","target":{"@type":"EntryPoint","urlTemplate":"https:\/\/iberoid.com\/pt\/?s={search_term_string}"},"query-input":{"@type":"PropertyValueSpecification","valueRequired":true,"valueName":"search_term_string"}}],"inLanguage":"pt-PT"}]},"product_brand":"Genetic Life Science","product_price_amount":"65.00","product_price_currency":"EUR","og_availability":"out of stock","product_availability":"out of stock","product_condition":"new"},"_links":{"self":[{"href":"https:\/\/iberoid.com\/pt\/wp-json\/wp\/v2\/product\/10312","targetHints":{"allow":["GET"]}}],"collection":[{"href":"https:\/\/iberoid.com\/pt\/wp-json\/wp\/v2\/product"}],"about":[{"href":"https:\/\/iberoid.com\/pt\/wp-json\/wp\/v2\/types\/product"}],"replies":[{"embeddable":true,"href":"https:\/\/iberoid.com\/pt\/wp-json\/wp\/v2\/comments?post=10312"}],"wp:featuredmedia":[{"embeddable":true,"href":"https:\/\/iberoid.com\/pt\/wp-json\/wp\/v2\/media\/10313"}],"wp:attachment":[{"href":"https:\/\/iberoid.com\/pt\/wp-json\/wp\/v2\/media?parent=10312"}],"wp:term":[{"taxonomy":"product_brand","embeddable":true,"href":"https:\/\/iberoid.com\/pt\/wp-json\/wp\/v2\/product_brand?post=10312"},{"taxonomy":"product_cat","embeddable":true,"href":"https:\/\/iberoid.com\/pt\/wp-json\/wp\/v2\/product_cat?post=10312"},{"taxonomy":"product_tag","embeddable":true,"href":"https:\/\/iberoid.com\/pt\/wp-json\/wp\/v2\/product_tag?post=10312"}],"curies":[{"name":"wp","href":"https:\/\/api.w.org\/{rel}","templated":true}]}}