{"id":10376,"date":"2025-10-12T12:17:19","date_gmt":"2025-10-12T12:17:19","guid":{"rendered":"https:\/\/iberoid.com\/?post_type=product&#038;p=10376"},"modified":"2026-02-02T16:33:40","modified_gmt":"2026-02-02T16:33:40","slug":"t-bol-turinabol","status":"publish","type":"product","link":"https:\/\/iberoid.com\/pt\/product\/t-bol-turinabol\/","title":{"rendered":"T-BOL &#8211; turinabol"},"content":{"rendered":"<p><\/p>\n<p data-path-to-node=\"2\">O <b>ORAL T-BOL<\/b> foi desenvolvido na sequ\u00eancia do d-bol. O T-bol permite um crescimento massivo sem causar reten\u00e7\u00e3o de \u00e1gua.<\/p>\n<p data-path-to-node=\"3\">Portanto, sua a\u00e7\u00e3o \u00e9 um pouco mais lenta, mas os ganhos obtidos s\u00e3o est\u00e1veis. Esta prepara\u00e7\u00e3o anab\u00f3lica tem a particularidade de desencadear a produ\u00e7\u00e3o natural de testosterona, de modo que, no final do tratamento, o usu\u00e1rio se beneficia de um n\u00edvel mais alto de testo natural. Ideal para continuar a construir <b>volume muscular<\/b> a longo prazo.<\/p>\n<p data-path-to-node=\"4\"><b>Constru\u00e7\u00e3o Muscular e Melhoria do Desempenho.<\/b> Os Comprimidos de <b>Turinabol 10mg<\/b>, que cont\u00eam o ingrediente ativo <b>4-Clorodeidrometiltestosterona<\/b>, s\u00e3o um produto farmac\u00eautico usado para apoiar a constru\u00e7\u00e3o muscular e melhorar o desempenho atl\u00e9tico.<\/p>\n<p data-path-to-node=\"5\">Os Comprimidos de <b>T-BOL 10mg<\/b> s\u00e3o comprimidos orais projetados para fornecer suporte ao crescimento muscular e melhorar o desempenho f\u00edsico. O ingrediente ativo, <b>4-Clorodeidrometiltestosterona<\/b>, \u00e9 um derivado sint\u00e9tico da testosterona. Este composto \u00e9 conhecido por seus efeitos anab\u00f3licos, promovendo o desenvolvimento muscular e o aumento da for\u00e7a.<\/p>\n<p data-path-to-node=\"6\"><b>Ingrediente Ativo:<\/b> Os Comprimidos de Turinabol 10mg (<b>4-Clorodeidrometiltestosterona<\/b>) consistem em <b>4-Clorodeidrometiltestosterona<\/b> como principal ingrediente ativo.<\/p>\n<p data-path-to-node=\"7\"><b>Uso:<\/b> Estes comprimidos s\u00e3o comumente usados por atletas e fisiculturistas que visam aumentar a massa muscular e melhorar seu desempenho atl\u00e9tico. Os Comprimidos de T-BOL 10mg funcionam promovendo a reten\u00e7\u00e3o de nitrog\u00eanio e a s\u00edntese de prote\u00ednas nos m\u00fasculos, resultando em crescimento muscular e for\u00e7a aprimorados.<\/p>\n<p><\/p>","protected":false},"excerpt":{"rendered":"<p>O ORAL T-BOL foi desenvolvido na sequ\u00eancia do d-bol. O T-bol permite um crescimento massivo sem causar reten\u00e7\u00e3o de \u00e1gua.<\/p>\n","protected":false},"featured_media":10377,"comment_status":"open","ping_status":"closed","template":"","meta":[],"product_brand":[3530],"product_cat":[73],"product_tag":[],"class_list":{"0":"post-10376","1":"product","2":"type-product","3":"status-publish","4":"has-post-thumbnail","6":"product_brand-mp-pharm-muscle-pharm","7":"product_cat-ssteroides_orales","9":"first","10":"instock","11":"shipping-taxable","12":"purchasable","13":"product-type-simple"},"yoast_head":"<!-- This site is optimized with the Yoast SEO Premium plugin v24.4 (Yoast SEO v27.0) - https:\/\/yoast.com\/product\/yoast-seo-premium-wordpress\/ -->\n<title>T-BOL - turinabol - Ester\u00f3ides Online<\/title>\n<meta name=\"description\" content=\"ORAL T-BOL (Turinabol) aumenta a massa muscular sem reten\u00e7\u00e3o h\u00eddrica, garantindo ganhos est\u00e1veis e melhor desempenho.\" \/>\n<meta name=\"robots\" content=\"index, follow, max-snippet:-1, max-image-preview:large, max-video-preview:-1\" \/>\n<link rel=\"canonical\" href=\"https:\/\/iberoid.com\/pt\/product\/t-bol-turinabol\/\" \/>\n<meta property=\"og:locale\" content=\"pt_PT\" \/>\n<meta property=\"og:type\" content=\"article\" \/>\n<meta property=\"og:title\" content=\"T-BOL - turinabol\" \/>\n<meta property=\"og:description\" content=\"ORAL T-BOL (Turinabol) aumenta a massa muscular sem reten\u00e7\u00e3o h\u00eddrica, garantindo ganhos est\u00e1veis e melhor desempenho.\" \/>\n<meta property=\"og:url\" content=\"https:\/\/iberoid.com\/pt\/product\/t-bol-turinabol\/\" \/>\n<meta property=\"og:site_name\" content=\"Ester\u00f3ides Online\" \/>\n<meta property=\"article:modified_time\" content=\"2026-02-02T16:33:40+00:00\" \/>\n<meta property=\"og:image\" content=\"https:\/\/iberoid.com\/wp-content\/uploads\/2025\/10\/1tb.jpeg?v=1760271407\" \/>\n\t<meta property=\"og:image:width\" content=\"1800\" \/>\n\t<meta property=\"og:image:height\" content=\"2400\" \/>\n\t<meta property=\"og:image:type\" content=\"image\/jpeg\" \/>\n<meta name=\"twitter:card\" content=\"summary_large_image\" \/>\n<meta name=\"twitter:label1\" content=\"pre\u00e7o\" \/>\n\t<meta name=\"twitter:data1\" content=\"&euro;25.00\" \/>\n\t<meta name=\"twitter:label2\" content=\"Disponibilidade\" \/>\n\t<meta name=\"twitter:data2\" content=\"Em stock\" \/>\n<script type=\"application\/ld+json\" class=\"yoast-schema-graph\">{\"@context\":\"https:\/\/schema.org\",\"@graph\":[{\"@type\":\"WebPage\",\"@id\":\"https:\/\/iberoid.com\/pt\/product\/t-bol-turinabol\/\",\"url\":\"https:\/\/iberoid.com\/pt\/product\/t-bol-turinabol\/\",\"name\":\"T-BOL - turinabol - Ester\u00f3ides Online\",\"isPartOf\":{\"@id\":\"https:\/\/iberoid-shop.com\/#website\"},\"primaryImageOfPage\":{\"@id\":\"https:\/\/iberoid.com\/pt\/product\/t-bol-turinabol\/#primaryimage\"},\"image\":{\"@id\":\"https:\/\/iberoid.com\/pt\/product\/t-bol-turinabol\/#primaryimage\"},\"thumbnailUrl\":\"https:\/\/iberoid.com\/wp-content\/uploads\/2025\/10\/1tb.jpeg?v=1760271407\",\"datePublished\":\"2025-10-12T12:17:19+00:00\",\"dateModified\":\"2026-02-02T16:33:40+00:00\",\"description\":\"ORAL T-BOL (Turinabol) aumenta a massa muscular sem reten\u00e7\u00e3o h\u00eddrica, garantindo ganhos est\u00e1veis e melhor desempenho.\",\"breadcrumb\":{\"@id\":\"https:\/\/iberoid.com\/pt\/product\/t-bol-turinabol\/#breadcrumb\"},\"inLanguage\":\"pt-PT\",\"potentialAction\":[{\"@type\":\"ReadAction\",\"target\":[[\"https:\/\/iberoid.com\/pt\/product\/t-bol-turinabol\/\"]]}]},{\"@type\":\"ImageObject\",\"inLanguage\":\"pt-PT\",\"@id\":\"https:\/\/iberoid.com\/pt\/product\/t-bol-turinabol\/#primaryimage\",\"url\":\"https:\/\/iberoid.com\/wp-content\/uploads\/2025\/10\/1tb.jpeg?v=1760271407\",\"contentUrl\":\"https:\/\/iberoid.com\/wp-content\/uploads\/2025\/10\/1tb.jpeg?v=1760271407\",\"width\":1800,\"height\":2400},{\"@type\":\"BreadcrumbList\",\"@id\":\"https:\/\/iberoid.com\/pt\/product\/t-bol-turinabol\/#breadcrumb\",\"itemListElement\":[{\"@type\":\"ListItem\",\"position\":1,\"name\":\"Portada\",\"item\":\"https:\/\/iberoid.com\/pt\/\"},{\"@type\":\"ListItem\",\"position\":2,\"name\":\"Loja\",\"item\":\"https:\/\/iberoid.com\/pt\/shop\/\"},{\"@type\":\"ListItem\",\"position\":3,\"name\":\"T-BOL &#8211; turinabol\"}]},{\"@type\":\"WebSite\",\"@id\":\"https:\/\/iberoid-shop.com\/#website\",\"url\":\"https:\/\/iberoid-shop.com\/\",\"name\":\"Ester\u00f3ides Online\",\"description\":\"Compre ester\u00f3ides online hoje em Espanha e Portugal. Temos o melhor servi\u00e7o ao cliente do setor e produtos da mais alta qualidade\",\"potentialAction\":[{\"@type\":\"SearchAction\",\"target\":{\"@type\":\"EntryPoint\",\"urlTemplate\":\"https:\/\/iberoid-shop.com\/?s={search_term_string}\"},\"query-input\":{\"@type\":\"PropertyValueSpecification\",\"valueRequired\":true,\"valueName\":\"search_term_string\"}}],\"inLanguage\":\"pt-PT\"}]}<\/script>\n<meta property=\"product:brand\" content=\"Mp-Pharm\" \/>\n<meta property=\"product:price:amount\" content=\"25.00\" \/>\n<meta property=\"product:price:currency\" content=\"EUR\" \/>\n<meta property=\"og:availability\" content=\"instock\" \/>\n<meta property=\"product:availability\" content=\"instock\" \/>\n<meta property=\"product:condition\" content=\"new\" \/>\n<!-- \/ Yoast SEO Premium plugin. -->","yoast_head_json":{"title":"T-BOL - turinabol - Ester\u00f3ides Online","description":"ORAL T-BOL (Turinabol) aumenta a massa muscular sem reten\u00e7\u00e3o h\u00eddrica, garantindo ganhos est\u00e1veis e melhor desempenho.","robots":{"index":"index","follow":"follow","max-snippet":"max-snippet:-1","max-image-preview":"max-image-preview:large","max-video-preview":"max-video-preview:-1"},"canonical":"https:\/\/iberoid.com\/pt\/product\/t-bol-turinabol\/","og_locale":"pt_PT","og_type":"article","og_title":"T-BOL - turinabol","og_description":"ORAL T-BOL (Turinabol) aumenta a massa muscular sem reten\u00e7\u00e3o h\u00eddrica, garantindo ganhos est\u00e1veis e melhor desempenho.","og_url":"https:\/\/iberoid.com\/pt\/product\/t-bol-turinabol\/","og_site_name":"Ester\u00f3ides Online","article_modified_time":"2026-02-02T16:33:40+00:00","og_image":[{"width":1800,"height":2400,"url":"https:\/\/iberoid.com\/wp-content\/uploads\/2025\/10\/1tb.jpeg?v=1760271407","type":"image\/jpeg"}],"twitter_card":"summary_large_image","twitter_misc":{"pre\u00e7o":"&euro;25.00","Disponibilidade":"Em stock"},"schema":{"@context":"https:\/\/schema.org","@graph":[{"@type":"WebPage","@id":"https:\/\/iberoid.com\/pt\/product\/t-bol-turinabol\/","url":"https:\/\/iberoid.com\/pt\/product\/t-bol-turinabol\/","name":"T-BOL - turinabol - Ester\u00f3ides Online","isPartOf":{"@id":"https:\/\/iberoid-shop.com\/#website"},"primaryImageOfPage":{"@id":"https:\/\/iberoid.com\/pt\/product\/t-bol-turinabol\/#primaryimage"},"image":{"@id":"https:\/\/iberoid.com\/pt\/product\/t-bol-turinabol\/#primaryimage"},"thumbnailUrl":"https:\/\/iberoid.com\/wp-content\/uploads\/2025\/10\/1tb.jpeg?v=1760271407","datePublished":"2025-10-12T12:17:19+00:00","dateModified":"2026-02-02T16:33:40+00:00","description":"ORAL T-BOL (Turinabol) aumenta a massa muscular sem reten\u00e7\u00e3o h\u00eddrica, garantindo ganhos est\u00e1veis e melhor desempenho.","breadcrumb":{"@id":"https:\/\/iberoid.com\/pt\/product\/t-bol-turinabol\/#breadcrumb"},"inLanguage":"pt-PT","potentialAction":[{"@type":"ReadAction","target":[["https:\/\/iberoid.com\/pt\/product\/t-bol-turinabol\/"]]}]},{"@type":"ImageObject","inLanguage":"pt-PT","@id":"https:\/\/iberoid.com\/pt\/product\/t-bol-turinabol\/#primaryimage","url":"https:\/\/iberoid.com\/wp-content\/uploads\/2025\/10\/1tb.jpeg?v=1760271407","contentUrl":"https:\/\/iberoid.com\/wp-content\/uploads\/2025\/10\/1tb.jpeg?v=1760271407","width":1800,"height":2400},{"@type":"BreadcrumbList","@id":"https:\/\/iberoid.com\/pt\/product\/t-bol-turinabol\/#breadcrumb","itemListElement":[{"@type":"ListItem","position":1,"name":"Portada","item":"https:\/\/iberoid.com\/pt\/"},{"@type":"ListItem","position":2,"name":"Loja","item":"https:\/\/iberoid.com\/pt\/shop\/"},{"@type":"ListItem","position":3,"name":"T-BOL &#8211; turinabol"}]},{"@type":"WebSite","@id":"https:\/\/iberoid-shop.com\/#website","url":"https:\/\/iberoid-shop.com\/","name":"Ester\u00f3ides Online","description":"Compre ester\u00f3ides online hoje em Espanha e Portugal. Temos o melhor servi\u00e7o ao cliente do setor e produtos da mais alta qualidade","potentialAction":[{"@type":"SearchAction","target":{"@type":"EntryPoint","urlTemplate":"https:\/\/iberoid-shop.com\/?s={search_term_string}"},"query-input":{"@type":"PropertyValueSpecification","valueRequired":true,"valueName":"search_term_string"}}],"inLanguage":"pt-PT"}]},"product_brand":"Mp-Pharm","product_price_amount":"25.00","product_price_currency":"EUR","og_availability":"instock","product_availability":"instock","product_condition":"new"},"_links":{"self":[{"href":"https:\/\/iberoid.com\/pt\/wp-json\/wp\/v2\/product\/10376","targetHints":{"allow":["GET"]}}],"collection":[{"href":"https:\/\/iberoid.com\/pt\/wp-json\/wp\/v2\/product"}],"about":[{"href":"https:\/\/iberoid.com\/pt\/wp-json\/wp\/v2\/types\/product"}],"replies":[{"embeddable":true,"href":"https:\/\/iberoid.com\/pt\/wp-json\/wp\/v2\/comments?post=10376"}],"wp:featuredmedia":[{"embeddable":true,"href":"https:\/\/iberoid.com\/pt\/wp-json\/wp\/v2\/media\/10377"}],"wp:attachment":[{"href":"https:\/\/iberoid.com\/pt\/wp-json\/wp\/v2\/media?parent=10376"}],"wp:term":[{"taxonomy":"product_brand","embeddable":true,"href":"https:\/\/iberoid.com\/pt\/wp-json\/wp\/v2\/product_brand?post=10376"},{"taxonomy":"product_cat","embeddable":true,"href":"https:\/\/iberoid.com\/pt\/wp-json\/wp\/v2\/product_cat?post=10376"},{"taxonomy":"product_tag","embeddable":true,"href":"https:\/\/iberoid.com\/pt\/wp-json\/wp\/v2\/product_tag?post=10376"}],"curies":[{"name":"wp","href":"https:\/\/api.w.org\/{rel}","templated":true}]}}