{"id":10448,"date":"2025-12-05T15:22:13","date_gmt":"2025-12-05T15:22:13","guid":{"rendered":"https:\/\/iberoid.com\/?post_type=product&#038;p=10448"},"modified":"2026-04-01T06:21:10","modified_gmt":"2026-04-01T06:21:10","slug":"vardenafil40mg-carevitra40mg-100tabs","status":"publish","type":"product","link":"https:\/\/iberoid.com\/pt\/product\/vardenafil40mg-carevitra40mg-100tabs\/","title":{"rendered":"CAREVITRA 40 &#8211; VARDENAFIL 40mg\/100tabs"},"content":{"rendered":"<p><\/p>\n<h3 data-path-to-node=\"2\">Uso dos Comprimidos Carevitra 40mg<\/h3>\n<p data-path-to-node=\"3\">Os comprimidos Carevitra 40mg s\u00e3o utilizados para <b>tratar a disfun\u00e7\u00e3o er\u00e9til<\/b>. Estes comprimidos cont\u00eam uma subst\u00e2ncia chamada <b>vardenafila<\/b> que auxilia o fluxo sangu\u00edneo para o p\u00eanis, tornando mais f\u00e1cil obter e manter uma ere\u00e7\u00e3o durante a excita\u00e7\u00e3o sexual.<\/p>\n<hr data-path-to-node=\"4\" \/>\n<h3 data-path-to-node=\"5\">Principais Ingredientes Dispon\u00edveis nos Comprimidos Carevitra 40mg<\/h3>\n<p data-path-to-node=\"6\">Este comprimido cont\u00e9m vardenafila como seu ingrediente principal. \u00c9 um medicamento potente que bloqueia uma enzima chamada <b>fosfodiesterase tipo 5 (PDE5)<\/b>. A forma como funciona \u00e9 interrompendo as enzimas PDE5, o que faz com que os m\u00fasculos dos vasos sangu\u00edneos do p\u00eanis relaxem. Isso ajuda o sangue a fluir para as \u00e1reas que facilitam a ocorr\u00eancia de ere\u00e7\u00f5es.<\/p>\n<h3 data-path-to-node=\"7\">Fun\u00e7\u00f5es do Carevitra 40mg dentro do corpo<\/h3>\n<ul data-path-to-node=\"8\">\n<li>\n<p data-path-to-node=\"8,0,0\">Os inibidores da PDE5 impedem que a enzima PDE5 funcione.<\/p>\n<\/li>\n<li>\n<p data-path-to-node=\"8,1,0\">Reduz a degrada\u00e7\u00e3o do cGMP pela PDE5.<\/p>\n<\/li>\n<li>\n<p data-path-to-node=\"8,2,0\">Aumenta o n\u00edvel de cGMP na corrente sangu\u00ednea.<\/p>\n<\/li>\n<li>\n<p data-path-to-node=\"8,3,0\">O cGMP aumenta as fun\u00e7\u00f5es da <b>prote\u00edna quinase G<\/b>.<\/p>\n<\/li>\n<\/ul>\n<h3 data-path-to-node=\"9\">Benef\u00edcios do Carevitra 40mg<\/h3>\n<p data-path-to-node=\"10\">Carevitra 40mg ajuda pessoas que t\u00eam problemas de disfun\u00e7\u00e3o er\u00e9til. O principal benef\u00edcio \u00e9 que funciona bem no tratamento deste problema comum. Ajuda os homens a obter e manter ere\u00e7\u00f5es quando est\u00e3o sexualmente excitados. Aumenta o fluxo sangu\u00edneo para o p\u00eanis, o que leva a um melhor ato sexual e desempenho.<\/p>\n<p data-path-to-node=\"11\">Al\u00e9m disso, h\u00e1 vantagens que v\u00e3o al\u00e9m do corpo. O uso de Carevitra pode fazer voc\u00ea se sentir bem consigo mesmo e mais confiante, pois ajuda a ter uma experi\u00eancia satisfat\u00f3ria.<\/p>\n<hr data-path-to-node=\"12\" \/>\n<h3 data-path-to-node=\"13\">Intera\u00e7\u00f5es do Carevitra 40mg<\/h3>\n<p data-path-to-node=\"14\">Possui vardenafila como seu ingrediente ativo. Algumas intera\u00e7\u00f5es not\u00e1veis incluem:<\/p>\n<p data-path-to-node=\"15\"><b>Nitratos<\/b> O uso de Carevitra com medicamentos \u00e0 base de nitrato, que s\u00e3o comumente prescritos para condi\u00e7\u00f5es card\u00edacas como a angina, pode causar uma queda significativa na press\u00e3o arterial. Isso pode resultar em s\u00e9rios riscos \u00e0 sa\u00fade.<\/p>\n<p data-path-to-node=\"16\"><b>Alfabloqueadores<\/b> O uso de Carevitra com alfabloqueadores, que s\u00e3o administrados para problemas de pr\u00f3stata e press\u00e3o alta, pode causar uma grande diminui\u00e7\u00e3o na press\u00e3o arterial.<\/p>\n<p data-path-to-node=\"17\"><b>Inibidores do CYP3A4<\/b> Alguns medicamentos podem elevar o n\u00edvel de vardenafila no seu corpo, o que pode causar efeitos adversos, portanto, discuta sua condi\u00e7\u00e3o com seu m\u00e9dico.<\/p>\n<p data-path-to-node=\"18\"><b>Suco de Toranja (Grapefruit)<\/b> Beber suco de toranja pode fazer com que a vardenafila se acumule no corpo, o que pode afetar a forma como o organismo processa o medicamento. \u00c9 melhor n\u00e3o comer toranja nem beber seu suco enquanto estiver tomando Carevitra.<\/p>\n<p data-path-to-node=\"19\"><b>\u00c1lcool<\/b> Beber muito \u00e1lcool pode causar tontura ou fazer com que sua press\u00e3o arterial baixe.<\/p>\n<hr data-path-to-node=\"20\" \/>\n<h3 data-path-to-node=\"21\">Efic\u00e1cia Entre Viagra e Carevitra 40mg<\/h3>\n<p data-path-to-node=\"22\">Tanto o Viagra quanto o Carevitra 40mg, que cont\u00eam vardenafila, s\u00e3o bons medicamentos para tratar problemas de ere\u00e7\u00e3o. Eles pertencem ao mesmo grupo de medicamentos, chamados <b>inibidores da PDE5<\/b>. Eles ajudam a melhorar o fluxo sangu\u00edneo para o p\u00eanis, facilitando a obten\u00e7\u00e3o e a manuten\u00e7\u00e3o de uma ere\u00e7\u00e3o quando estimulado sexualmente.<\/p>\n<p data-path-to-node=\"23\">Algumas pessoas podem achar que um medicamento funciona melhor ou tem menos problemas do que o outro. Assim, a decis\u00e3o entre Viagra e Carevitra depende de como cada pessoa reage a eles e de conversar com um m\u00e9dico para encontrar a melhor escolha com base em suas necessidades e preocupa\u00e7\u00f5es de sa\u00fade espec\u00edficas.<\/p>\n<p><\/p>","protected":false},"excerpt":{"rendered":"<p>Uso dos Comprimidos Carevitra 40mg Os comprimidos Carevitra 40mg s\u00e3o utilizados para tratar a disfun\u00e7\u00e3o er\u00e9til. Estes comprimidos cont\u00eam uma<\/p>\n","protected":false},"featured_media":10449,"comment_status":"open","ping_status":"closed","template":"","meta":[],"product_brand":[],"product_cat":[3533,3412],"product_tag":[],"class_list":{"0":"post-10448","1":"product","2":"type-product","3":"status-publish","4":"has-post-thumbnail","6":"product_cat-sales-rebajas","7":"product_cat-varios","9":"first","10":"instock","11":"sale","12":"shipping-taxable","13":"purchasable","14":"product-type-simple"},"yoast_head":"<!-- This site is optimized with the Yoast SEO Premium plugin v24.4 (Yoast SEO v27.0) - https:\/\/yoast.com\/product\/yoast-seo-premium-wordpress\/ -->\n<title>CAREVITRA 40 - VARDENAFIL 40mg\/100tabs - Ester\u00f3ides Online<\/title>\n<meta name=\"description\" content=\"Carevitra 40mg (Vardenafila) trata a disfun\u00e7\u00e3o er\u00e9til bloqueando a PDE5, aumentando o fluxo sangu\u00edneo peniano para ere\u00e7\u00f5es mais f\u00e1ceis e mantidas.\" \/>\n<meta name=\"robots\" content=\"index, follow, max-snippet:-1, max-image-preview:large, max-video-preview:-1\" \/>\n<link rel=\"canonical\" href=\"https:\/\/iberoid.com\/pt\/product\/vardenafil40mg-carevitra40mg-100tabs\/\" \/>\n<meta property=\"og:locale\" content=\"pt_PT\" \/>\n<meta property=\"og:type\" content=\"article\" \/>\n<meta property=\"og:title\" content=\"CAREVITRA 40 - VARDENAFIL 40mg\/100tabs\" \/>\n<meta property=\"og:description\" content=\"Carevitra 40mg (Vardenafila) trata a disfun\u00e7\u00e3o er\u00e9til bloqueando a PDE5, aumentando o fluxo sangu\u00edneo peniano para ere\u00e7\u00f5es mais f\u00e1ceis e mantidas.\" \/>\n<meta property=\"og:url\" content=\"https:\/\/iberoid.com\/pt\/product\/vardenafil40mg-carevitra40mg-100tabs\/\" \/>\n<meta property=\"og:site_name\" content=\"Ester\u00f3ides Online\" \/>\n<meta property=\"article:modified_time\" content=\"2026-04-01T06:21:10+00:00\" \/>\n<meta property=\"og:image\" content=\"https:\/\/iberoid.com\/wp-content\/uploads\/2025\/12\/carevitra-vardenafil-40-mg-1000x1000-1.webp\" \/>\n\t<meta property=\"og:image:width\" content=\"1000\" \/>\n\t<meta property=\"og:image:height\" content=\"666\" \/>\n\t<meta property=\"og:image:type\" content=\"image\/webp\" \/>\n<meta name=\"twitter:card\" content=\"summary_large_image\" \/>\n<meta name=\"twitter:label1\" content=\"pre\u00e7o\" \/>\n\t<meta name=\"twitter:data1\" content=\"&euro;55.00\" \/>\n\t<meta name=\"twitter:label2\" content=\"Disponibilidade\" \/>\n\t<meta name=\"twitter:data2\" content=\"Em stock\" \/>\n<script type=\"application\/ld+json\" class=\"yoast-schema-graph\">{\"@context\":\"https:\/\/schema.org\",\"@graph\":[{\"@type\":\"WebPage\",\"@id\":\"https:\/\/iberoid.com\/pt\/product\/vardenafil40mg-carevitra40mg-100tabs\/\",\"url\":\"https:\/\/iberoid.com\/pt\/product\/vardenafil40mg-carevitra40mg-100tabs\/\",\"name\":\"CAREVITRA 40 - VARDENAFIL 40mg\/100tabs - Ester\u00f3ides Online\",\"isPartOf\":{\"@id\":\"https:\/\/iberoid-shop.com\/#website\"},\"primaryImageOfPage\":{\"@id\":\"https:\/\/iberoid.com\/pt\/product\/vardenafil40mg-carevitra40mg-100tabs\/#primaryimage\"},\"image\":{\"@id\":\"https:\/\/iberoid.com\/pt\/product\/vardenafil40mg-carevitra40mg-100tabs\/#primaryimage\"},\"thumbnailUrl\":\"https:\/\/iberoid.com\/wp-content\/uploads\/2025\/12\/carevitra-vardenafil-40-mg-1000x1000-1.webp\",\"datePublished\":\"2025-12-05T15:22:13+00:00\",\"dateModified\":\"2026-04-01T06:21:10+00:00\",\"description\":\"Carevitra 40mg (Vardenafila) trata a disfun\u00e7\u00e3o er\u00e9til bloqueando a PDE5, aumentando o fluxo sangu\u00edneo peniano para ere\u00e7\u00f5es mais f\u00e1ceis e mantidas.\",\"breadcrumb\":{\"@id\":\"https:\/\/iberoid.com\/pt\/product\/vardenafil40mg-carevitra40mg-100tabs\/#breadcrumb\"},\"inLanguage\":\"pt-PT\",\"potentialAction\":[{\"@type\":\"ReadAction\",\"target\":[[\"https:\/\/iberoid.com\/pt\/product\/vardenafil40mg-carevitra40mg-100tabs\/\"]]}]},{\"@type\":\"ImageObject\",\"inLanguage\":\"pt-PT\",\"@id\":\"https:\/\/iberoid.com\/pt\/product\/vardenafil40mg-carevitra40mg-100tabs\/#primaryimage\",\"url\":\"https:\/\/iberoid.com\/wp-content\/uploads\/2025\/12\/carevitra-vardenafil-40-mg-1000x1000-1.webp\",\"contentUrl\":\"https:\/\/iberoid.com\/wp-content\/uploads\/2025\/12\/carevitra-vardenafil-40-mg-1000x1000-1.webp\",\"width\":1000,\"height\":666},{\"@type\":\"BreadcrumbList\",\"@id\":\"https:\/\/iberoid.com\/pt\/product\/vardenafil40mg-carevitra40mg-100tabs\/#breadcrumb\",\"itemListElement\":[{\"@type\":\"ListItem\",\"position\":1,\"name\":\"Portada\",\"item\":\"https:\/\/iberoid.com\/pt\/\"},{\"@type\":\"ListItem\",\"position\":2,\"name\":\"Loja\",\"item\":\"https:\/\/iberoid.com\/pt\/shop\/\"},{\"@type\":\"ListItem\",\"position\":3,\"name\":\"CAREVITRA 40 &#8211; VARDENAFIL 40mg\/100tabs\"}]},{\"@type\":\"WebSite\",\"@id\":\"https:\/\/iberoid-shop.com\/#website\",\"url\":\"https:\/\/iberoid-shop.com\/\",\"name\":\"Ester\u00f3ides Online\",\"description\":\"Compre ester\u00f3ides online hoje em Espanha e Portugal. Temos o melhor servi\u00e7o ao cliente do setor e produtos da mais alta qualidade\",\"potentialAction\":[{\"@type\":\"SearchAction\",\"target\":{\"@type\":\"EntryPoint\",\"urlTemplate\":\"https:\/\/iberoid-shop.com\/?s={search_term_string}\"},\"query-input\":{\"@type\":\"PropertyValueSpecification\",\"valueRequired\":true,\"valueName\":\"search_term_string\"}}],\"inLanguage\":\"pt-PT\"}]}<\/script>\n<meta property=\"product:brand\" content=\"CARECLUB Pharmacy\" \/>\n<meta property=\"product:price:amount\" content=\"55.00\" \/>\n<meta property=\"product:price:currency\" content=\"EUR\" \/>\n<meta property=\"og:availability\" content=\"instock\" \/>\n<meta property=\"product:availability\" content=\"instock\" \/>\n<meta property=\"product:condition\" content=\"new\" \/>\n<!-- \/ Yoast SEO Premium plugin. -->","yoast_head_json":{"title":"CAREVITRA 40 - VARDENAFIL 40mg\/100tabs - Ester\u00f3ides Online","description":"Carevitra 40mg (Vardenafila) trata a disfun\u00e7\u00e3o er\u00e9til bloqueando a PDE5, aumentando o fluxo sangu\u00edneo peniano para ere\u00e7\u00f5es mais f\u00e1ceis e mantidas.","robots":{"index":"index","follow":"follow","max-snippet":"max-snippet:-1","max-image-preview":"max-image-preview:large","max-video-preview":"max-video-preview:-1"},"canonical":"https:\/\/iberoid.com\/pt\/product\/vardenafil40mg-carevitra40mg-100tabs\/","og_locale":"pt_PT","og_type":"article","og_title":"CAREVITRA 40 - VARDENAFIL 40mg\/100tabs","og_description":"Carevitra 40mg (Vardenafila) trata a disfun\u00e7\u00e3o er\u00e9til bloqueando a PDE5, aumentando o fluxo sangu\u00edneo peniano para ere\u00e7\u00f5es mais f\u00e1ceis e mantidas.","og_url":"https:\/\/iberoid.com\/pt\/product\/vardenafil40mg-carevitra40mg-100tabs\/","og_site_name":"Ester\u00f3ides Online","article_modified_time":"2026-04-01T06:21:10+00:00","og_image":[{"width":1000,"height":666,"url":"https:\/\/iberoid.com\/wp-content\/uploads\/2025\/12\/carevitra-vardenafil-40-mg-1000x1000-1.webp","type":"image\/webp"}],"twitter_card":"summary_large_image","twitter_misc":{"pre\u00e7o":"&euro;55.00","Disponibilidade":"Em stock"},"schema":{"@context":"https:\/\/schema.org","@graph":[{"@type":"WebPage","@id":"https:\/\/iberoid.com\/pt\/product\/vardenafil40mg-carevitra40mg-100tabs\/","url":"https:\/\/iberoid.com\/pt\/product\/vardenafil40mg-carevitra40mg-100tabs\/","name":"CAREVITRA 40 - VARDENAFIL 40mg\/100tabs - Ester\u00f3ides Online","isPartOf":{"@id":"https:\/\/iberoid-shop.com\/#website"},"primaryImageOfPage":{"@id":"https:\/\/iberoid.com\/pt\/product\/vardenafil40mg-carevitra40mg-100tabs\/#primaryimage"},"image":{"@id":"https:\/\/iberoid.com\/pt\/product\/vardenafil40mg-carevitra40mg-100tabs\/#primaryimage"},"thumbnailUrl":"https:\/\/iberoid.com\/wp-content\/uploads\/2025\/12\/carevitra-vardenafil-40-mg-1000x1000-1.webp","datePublished":"2025-12-05T15:22:13+00:00","dateModified":"2026-04-01T06:21:10+00:00","description":"Carevitra 40mg (Vardenafila) trata a disfun\u00e7\u00e3o er\u00e9til bloqueando a PDE5, aumentando o fluxo sangu\u00edneo peniano para ere\u00e7\u00f5es mais f\u00e1ceis e mantidas.","breadcrumb":{"@id":"https:\/\/iberoid.com\/pt\/product\/vardenafil40mg-carevitra40mg-100tabs\/#breadcrumb"},"inLanguage":"pt-PT","potentialAction":[{"@type":"ReadAction","target":[["https:\/\/iberoid.com\/pt\/product\/vardenafil40mg-carevitra40mg-100tabs\/"]]}]},{"@type":"ImageObject","inLanguage":"pt-PT","@id":"https:\/\/iberoid.com\/pt\/product\/vardenafil40mg-carevitra40mg-100tabs\/#primaryimage","url":"https:\/\/iberoid.com\/wp-content\/uploads\/2025\/12\/carevitra-vardenafil-40-mg-1000x1000-1.webp","contentUrl":"https:\/\/iberoid.com\/wp-content\/uploads\/2025\/12\/carevitra-vardenafil-40-mg-1000x1000-1.webp","width":1000,"height":666},{"@type":"BreadcrumbList","@id":"https:\/\/iberoid.com\/pt\/product\/vardenafil40mg-carevitra40mg-100tabs\/#breadcrumb","itemListElement":[{"@type":"ListItem","position":1,"name":"Portada","item":"https:\/\/iberoid.com\/pt\/"},{"@type":"ListItem","position":2,"name":"Loja","item":"https:\/\/iberoid.com\/pt\/shop\/"},{"@type":"ListItem","position":3,"name":"CAREVITRA 40 &#8211; VARDENAFIL 40mg\/100tabs"}]},{"@type":"WebSite","@id":"https:\/\/iberoid-shop.com\/#website","url":"https:\/\/iberoid-shop.com\/","name":"Ester\u00f3ides Online","description":"Compre ester\u00f3ides online hoje em Espanha e Portugal. Temos o melhor servi\u00e7o ao cliente do setor e produtos da mais alta qualidade","potentialAction":[{"@type":"SearchAction","target":{"@type":"EntryPoint","urlTemplate":"https:\/\/iberoid-shop.com\/?s={search_term_string}"},"query-input":{"@type":"PropertyValueSpecification","valueRequired":true,"valueName":"search_term_string"}}],"inLanguage":"pt-PT"}]},"product_brand":"CARECLUB Pharmacy","product_price_amount":"55.00","product_price_currency":"EUR","og_availability":"instock","product_availability":"instock","product_condition":"new"},"_links":{"self":[{"href":"https:\/\/iberoid.com\/pt\/wp-json\/wp\/v2\/product\/10448","targetHints":{"allow":["GET"]}}],"collection":[{"href":"https:\/\/iberoid.com\/pt\/wp-json\/wp\/v2\/product"}],"about":[{"href":"https:\/\/iberoid.com\/pt\/wp-json\/wp\/v2\/types\/product"}],"replies":[{"embeddable":true,"href":"https:\/\/iberoid.com\/pt\/wp-json\/wp\/v2\/comments?post=10448"}],"wp:featuredmedia":[{"embeddable":true,"href":"https:\/\/iberoid.com\/pt\/wp-json\/wp\/v2\/media\/10449"}],"wp:attachment":[{"href":"https:\/\/iberoid.com\/pt\/wp-json\/wp\/v2\/media?parent=10448"}],"wp:term":[{"taxonomy":"product_brand","embeddable":true,"href":"https:\/\/iberoid.com\/pt\/wp-json\/wp\/v2\/product_brand?post=10448"},{"taxonomy":"product_cat","embeddable":true,"href":"https:\/\/iberoid.com\/pt\/wp-json\/wp\/v2\/product_cat?post=10448"},{"taxonomy":"product_tag","embeddable":true,"href":"https:\/\/iberoid.com\/pt\/wp-json\/wp\/v2\/product_tag?post=10448"}],"curies":[{"name":"wp","href":"https:\/\/api.w.org\/{rel}","templated":true}]}}