{"id":10458,"date":"2025-12-07T13:33:05","date_gmt":"2025-12-07T13:33:05","guid":{"rendered":"https:\/\/iberoid.com\/?post_type=product&#038;p=10458"},"modified":"2026-03-22T11:03:12","modified_gmt":"2026-03-22T11:03:12","slug":"pack3-masteron-m-ject","status":"publish","type":"product","link":"https:\/\/iberoid.com\/pt\/product\/pack3-masteron-m-ject\/","title":{"rendered":"PACK3 M-JECT &#8211; MASTERON"},"content":{"rendered":"<p><\/p>\n<p data-path-to-node=\"2\">O <b>Propionato de Drostanolona (Masteron, Mastron)<\/b> \u00e9 um esteroide anab\u00f3lico derivado da di-hidrotestosterona (DHT). Especificamente, \u00e9 um DHT estruturalmente modificado pela adi\u00e7\u00e3o de um grupo metil na posi\u00e7\u00e3o 2 do carbono. Isso protege o esteroide da degrada\u00e7\u00e3o metab\u00f3lica pela enzima 3-Hidroxiesteroide Desidrogenase, encontrada nos m\u00fasculos. A metila\u00e7\u00e3o tamb\u00e9m aumenta significativamente o potencial anab\u00f3lico do esteroide. Posteriormente, \u00e9 adicionado o \u00e9ster de \u00e1cido propi\u00f4nico a fim de retardar o tempo de libera\u00e7\u00e3o do esteroide no corpo a partir do local da inje\u00e7\u00e3o.<\/p>\n<p data-path-to-node=\"3\">O MASTEROLIC \u00e9 bem conhecido como um dos poucos esteroides anab\u00f3licos com fortes <b>propriedades antiestrog\u00eanicas<\/b>. Al\u00e9m de este esteroide n\u00e3o apresentar atividade estrog\u00eanica, ele pode, de fato, atuar como um antiestrog\u00eanio no corpo. Na verdade, a combina\u00e7\u00e3o de Masteron e Nolvadex (citrato de tamoxifeno) demonstrou ser um m\u00e9todo muito mais eficaz no tratamento do c\u00e2ncer de mama em mulheres na p\u00f3s-menopausa do que a quimioterapia. As propriedades do MASTEROLIC o tornam muito popular no fisiculturismo (bodybuilding), pois ele pode evitar o uso de drogas antiestrog\u00eanicas durante ou ap\u00f3s o ciclo.<\/p>\n<p><\/p>","protected":false},"excerpt":{"rendered":"<p>O Propionato de Drostanolona (Masteron, Mastron) \u00e9 um esteroide anab\u00f3lico derivado da di-hidrotestosterona (DHT). Especificamente, \u00e9 um DHT estruturalmente modificado<\/p>\n","protected":false},"featured_media":10459,"comment_status":"open","ping_status":"closed","template":"","meta":[],"product_brand":[3530],"product_cat":[69,3474],"product_tag":[],"class_list":{"0":"post-10458","1":"product","2":"type-product","3":"status-publish","4":"has-post-thumbnail","6":"product_brand-mp-pharm-muscle-pharm","7":"product_cat-esteroides_inyectables","8":"product_cat-packs","10":"first","11":"instock","12":"sale","13":"shipping-taxable","14":"purchasable","15":"product-type-simple"},"yoast_head":"<!-- This site is optimized with the Yoast SEO Premium plugin v24.4 (Yoast SEO v27.0) - https:\/\/yoast.com\/product\/yoast-seo-premium-wordpress\/ -->\n<title>PACK3 M-JECT - MASTERON - Ester\u00f3ides Online<\/title>\n<meta name=\"description\" content=\"M-JECT (Propionato de Drostanolona) \u00e9 um potente esteroide anab\u00f3lico derivado de DHT com fortes propriedades antiestrog\u00eanicas, que melhora o endurecimento e a defini\u00e7\u00e3o muscular.\" \/>\n<meta name=\"robots\" content=\"index, follow, max-snippet:-1, max-image-preview:large, max-video-preview:-1\" \/>\n<link rel=\"canonical\" href=\"https:\/\/iberoid.com\/pt\/product\/pack3-masteron-m-ject\/\" \/>\n<meta property=\"og:locale\" content=\"pt_PT\" \/>\n<meta property=\"og:type\" content=\"article\" \/>\n<meta property=\"og:title\" content=\"PACK3 M-JECT - MASTERON\" \/>\n<meta property=\"og:description\" content=\"M-JECT (Propionato de Drostanolona) \u00e9 um potente esteroide anab\u00f3lico derivado de DHT com fortes propriedades antiestrog\u00eanicas, que melhora o endurecimento e a defini\u00e7\u00e3o muscular.\" \/>\n<meta property=\"og:url\" content=\"https:\/\/iberoid.com\/pt\/product\/pack3-masteron-m-ject\/\" \/>\n<meta property=\"og:site_name\" content=\"Ester\u00f3ides Online\" \/>\n<meta property=\"article:modified_time\" content=\"2026-03-22T11:03:12+00:00\" \/>\n<meta property=\"og:image\" content=\"https:\/\/iberoid.com\/wp-content\/uploads\/2025\/12\/3m.jpeg?v=1765114365\" \/>\n\t<meta property=\"og:image:width\" content=\"1512\" \/>\n\t<meta property=\"og:image:height\" content=\"2016\" \/>\n\t<meta property=\"og:image:type\" content=\"image\/jpeg\" \/>\n<meta name=\"twitter:card\" content=\"summary_large_image\" \/>\n<meta name=\"twitter:label1\" content=\"pre\u00e7o\" \/>\n\t<meta name=\"twitter:data1\" content=\"&euro;100.00\" \/>\n\t<meta name=\"twitter:label2\" content=\"Disponibilidade\" \/>\n\t<meta name=\"twitter:data2\" content=\"Em stock\" \/>\n<script type=\"application\/ld+json\" class=\"yoast-schema-graph\">{\"@context\":\"https:\/\/schema.org\",\"@graph\":[{\"@type\":\"WebPage\",\"@id\":\"https:\/\/iberoid.com\/pt\/product\/pack3-masteron-m-ject\/\",\"url\":\"https:\/\/iberoid.com\/pt\/product\/pack3-masteron-m-ject\/\",\"name\":\"PACK3 M-JECT - MASTERON - Ester\u00f3ides Online\",\"isPartOf\":{\"@id\":\"https:\/\/iberoid.com\/pt\/#website\"},\"primaryImageOfPage\":{\"@id\":\"https:\/\/iberoid.com\/pt\/product\/pack3-masteron-m-ject\/#primaryimage\"},\"image\":{\"@id\":\"https:\/\/iberoid.com\/pt\/product\/pack3-masteron-m-ject\/#primaryimage\"},\"thumbnailUrl\":\"https:\/\/iberoid.com\/wp-content\/uploads\/2025\/12\/3m.jpeg?v=1765114365\",\"datePublished\":\"2025-12-07T13:33:05+00:00\",\"dateModified\":\"2026-03-22T11:03:12+00:00\",\"description\":\"M-JECT (Propionato de Drostanolona) \u00e9 um potente esteroide anab\u00f3lico derivado de DHT com fortes propriedades antiestrog\u00eanicas, que melhora o endurecimento e a defini\u00e7\u00e3o muscular.\",\"breadcrumb\":{\"@id\":\"https:\/\/iberoid.com\/pt\/product\/pack3-masteron-m-ject\/#breadcrumb\"},\"inLanguage\":\"pt-PT\",\"potentialAction\":[{\"@type\":\"ReadAction\",\"target\":[[\"https:\/\/iberoid.com\/pt\/product\/pack3-masteron-m-ject\/\"]]}]},{\"@type\":\"ImageObject\",\"inLanguage\":\"pt-PT\",\"@id\":\"https:\/\/iberoid.com\/pt\/product\/pack3-masteron-m-ject\/#primaryimage\",\"url\":\"https:\/\/iberoid.com\/wp-content\/uploads\/2025\/12\/3m.jpeg?v=1765114365\",\"contentUrl\":\"https:\/\/iberoid.com\/wp-content\/uploads\/2025\/12\/3m.jpeg?v=1765114365\",\"width\":1512,\"height\":2016},{\"@type\":\"BreadcrumbList\",\"@id\":\"https:\/\/iberoid.com\/pt\/product\/pack3-masteron-m-ject\/#breadcrumb\",\"itemListElement\":[{\"@type\":\"ListItem\",\"position\":1,\"name\":\"Portada\",\"item\":\"https:\/\/iberoid.com\/pt\/\"},{\"@type\":\"ListItem\",\"position\":2,\"name\":\"Loja\",\"item\":\"https:\/\/iberoid.com\/pt\/shop\/\"},{\"@type\":\"ListItem\",\"position\":3,\"name\":\"PACK3 M-JECT &#8211; MASTERON\"}]},{\"@type\":\"WebSite\",\"@id\":\"https:\/\/iberoid.com\/pt\/#website\",\"url\":\"https:\/\/iberoid.com\/pt\/\",\"name\":\"Ester\u00f3ides Online\",\"description\":\"Compre ester\u00f3ides online hoje em Espanha e Portugal. Temos o melhor servi\u00e7o ao cliente do setor e produtos da mais alta qualidade\",\"potentialAction\":[{\"@type\":\"SearchAction\",\"target\":{\"@type\":\"EntryPoint\",\"urlTemplate\":\"https:\/\/iberoid.com\/pt\/?s={search_term_string}\"},\"query-input\":{\"@type\":\"PropertyValueSpecification\",\"valueRequired\":true,\"valueName\":\"search_term_string\"}}],\"inLanguage\":\"pt-PT\"}]}<\/script>\n<meta property=\"product:brand\" content=\"Mp-Pharm\" \/>\n<meta property=\"product:price:amount\" content=\"100.00\" \/>\n<meta property=\"product:price:currency\" content=\"EUR\" \/>\n<meta property=\"og:availability\" content=\"instock\" \/>\n<meta property=\"product:availability\" content=\"instock\" \/>\n<meta property=\"product:condition\" content=\"new\" \/>\n<!-- \/ Yoast SEO Premium plugin. -->","yoast_head_json":{"title":"PACK3 M-JECT - MASTERON - Ester\u00f3ides Online","description":"M-JECT (Propionato de Drostanolona) \u00e9 um potente esteroide anab\u00f3lico derivado de DHT com fortes propriedades antiestrog\u00eanicas, que melhora o endurecimento e a defini\u00e7\u00e3o muscular.","robots":{"index":"index","follow":"follow","max-snippet":"max-snippet:-1","max-image-preview":"max-image-preview:large","max-video-preview":"max-video-preview:-1"},"canonical":"https:\/\/iberoid.com\/pt\/product\/pack3-masteron-m-ject\/","og_locale":"pt_PT","og_type":"article","og_title":"PACK3 M-JECT - MASTERON","og_description":"M-JECT (Propionato de Drostanolona) \u00e9 um potente esteroide anab\u00f3lico derivado de DHT com fortes propriedades antiestrog\u00eanicas, que melhora o endurecimento e a defini\u00e7\u00e3o muscular.","og_url":"https:\/\/iberoid.com\/pt\/product\/pack3-masteron-m-ject\/","og_site_name":"Ester\u00f3ides Online","article_modified_time":"2026-03-22T11:03:12+00:00","og_image":[{"width":1512,"height":2016,"url":"https:\/\/iberoid.com\/wp-content\/uploads\/2025\/12\/3m.jpeg?v=1765114365","type":"image\/jpeg"}],"twitter_card":"summary_large_image","twitter_misc":{"pre\u00e7o":"&euro;100.00","Disponibilidade":"Em stock"},"schema":{"@context":"https:\/\/schema.org","@graph":[{"@type":"WebPage","@id":"https:\/\/iberoid.com\/pt\/product\/pack3-masteron-m-ject\/","url":"https:\/\/iberoid.com\/pt\/product\/pack3-masteron-m-ject\/","name":"PACK3 M-JECT - MASTERON - Ester\u00f3ides Online","isPartOf":{"@id":"https:\/\/iberoid.com\/pt\/#website"},"primaryImageOfPage":{"@id":"https:\/\/iberoid.com\/pt\/product\/pack3-masteron-m-ject\/#primaryimage"},"image":{"@id":"https:\/\/iberoid.com\/pt\/product\/pack3-masteron-m-ject\/#primaryimage"},"thumbnailUrl":"https:\/\/iberoid.com\/wp-content\/uploads\/2025\/12\/3m.jpeg?v=1765114365","datePublished":"2025-12-07T13:33:05+00:00","dateModified":"2026-03-22T11:03:12+00:00","description":"M-JECT (Propionato de Drostanolona) \u00e9 um potente esteroide anab\u00f3lico derivado de DHT com fortes propriedades antiestrog\u00eanicas, que melhora o endurecimento e a defini\u00e7\u00e3o muscular.","breadcrumb":{"@id":"https:\/\/iberoid.com\/pt\/product\/pack3-masteron-m-ject\/#breadcrumb"},"inLanguage":"pt-PT","potentialAction":[{"@type":"ReadAction","target":[["https:\/\/iberoid.com\/pt\/product\/pack3-masteron-m-ject\/"]]}]},{"@type":"ImageObject","inLanguage":"pt-PT","@id":"https:\/\/iberoid.com\/pt\/product\/pack3-masteron-m-ject\/#primaryimage","url":"https:\/\/iberoid.com\/wp-content\/uploads\/2025\/12\/3m.jpeg?v=1765114365","contentUrl":"https:\/\/iberoid.com\/wp-content\/uploads\/2025\/12\/3m.jpeg?v=1765114365","width":1512,"height":2016},{"@type":"BreadcrumbList","@id":"https:\/\/iberoid.com\/pt\/product\/pack3-masteron-m-ject\/#breadcrumb","itemListElement":[{"@type":"ListItem","position":1,"name":"Portada","item":"https:\/\/iberoid.com\/pt\/"},{"@type":"ListItem","position":2,"name":"Loja","item":"https:\/\/iberoid.com\/pt\/shop\/"},{"@type":"ListItem","position":3,"name":"PACK3 M-JECT &#8211; MASTERON"}]},{"@type":"WebSite","@id":"https:\/\/iberoid.com\/pt\/#website","url":"https:\/\/iberoid.com\/pt\/","name":"Ester\u00f3ides Online","description":"Compre ester\u00f3ides online hoje em Espanha e Portugal. Temos o melhor servi\u00e7o ao cliente do setor e produtos da mais alta qualidade","potentialAction":[{"@type":"SearchAction","target":{"@type":"EntryPoint","urlTemplate":"https:\/\/iberoid.com\/pt\/?s={search_term_string}"},"query-input":{"@type":"PropertyValueSpecification","valueRequired":true,"valueName":"search_term_string"}}],"inLanguage":"pt-PT"}]},"product_brand":"Mp-Pharm","product_price_amount":"100.00","product_price_currency":"EUR","og_availability":"instock","product_availability":"instock","product_condition":"new"},"_links":{"self":[{"href":"https:\/\/iberoid.com\/pt\/wp-json\/wp\/v2\/product\/10458","targetHints":{"allow":["GET"]}}],"collection":[{"href":"https:\/\/iberoid.com\/pt\/wp-json\/wp\/v2\/product"}],"about":[{"href":"https:\/\/iberoid.com\/pt\/wp-json\/wp\/v2\/types\/product"}],"replies":[{"embeddable":true,"href":"https:\/\/iberoid.com\/pt\/wp-json\/wp\/v2\/comments?post=10458"}],"wp:featuredmedia":[{"embeddable":true,"href":"https:\/\/iberoid.com\/pt\/wp-json\/wp\/v2\/media\/10459"}],"wp:attachment":[{"href":"https:\/\/iberoid.com\/pt\/wp-json\/wp\/v2\/media?parent=10458"}],"wp:term":[{"taxonomy":"product_brand","embeddable":true,"href":"https:\/\/iberoid.com\/pt\/wp-json\/wp\/v2\/product_brand?post=10458"},{"taxonomy":"product_cat","embeddable":true,"href":"https:\/\/iberoid.com\/pt\/wp-json\/wp\/v2\/product_cat?post=10458"},{"taxonomy":"product_tag","embeddable":true,"href":"https:\/\/iberoid.com\/pt\/wp-json\/wp\/v2\/product_tag?post=10458"}],"curies":[{"name":"wp","href":"https:\/\/api.w.org\/{rel}","templated":true}]}}