{"id":10505,"date":"2026-01-10T11:06:49","date_gmt":"2026-01-10T11:06:49","guid":{"rendered":"https:\/\/iberoid.com\/?post_type=product&#038;p=10505"},"modified":"2026-03-24T21:11:15","modified_gmt":"2026-03-24T21:11:15","slug":"1-caja-careforce-150mg-sidenafil150-mg-100-tabs","status":"publish","type":"product","link":"https:\/\/iberoid.com\/pt\/product\/1-caja-careforce-150mg-sidenafil150-mg-100-tabs\/","title":{"rendered":"Careforce (sidenafil) &#8211; 150mg\/100 tabs"},"content":{"rendered":"<p><\/p>\n<p data-path-to-node=\"1\"><b data-path-to-node=\"1\" data-index-in-node=\"0\">Careforce 150mg Comprimido<\/b> \u00e9 um medicamento sujeito a receita m\u00e9dica utilizado para tratar a disfun\u00e7\u00e3o er\u00e9til (impot\u00eancia) em homens. Funciona aumentando o fluxo sangu\u00edneo para o p\u00e9nis. Isto ajuda os homens a obter ou manter uma ere\u00e7\u00e3o. Pertence a um grupo de medicamentos conhecidos como inibidores da fosfodiesterase tipo 5 (PDE 5).<\/p>\n<p data-path-to-node=\"2\"><b data-path-to-node=\"2\" data-index-in-node=\"0\">Careforce 150mg Comprimido<\/b> pode ser tomado com o est\u00f4mago vazio ou com uma refei\u00e7\u00e3o. Deve ser tomado estritamente conforme aconselhado pelo seu m\u00e9dico. Deve tom\u00e1-lo cerca de 1 hora antes de planear ter rela\u00e7\u00f5es sexuais. O tempo que demora a atuar varia de pessoa para pessoa, mas normalmente demora entre 30 minutos e 1 hora. Este medicamento apenas o ajudar\u00e1 a obter uma ere\u00e7\u00e3o se for sexualmente estimulado. No entanto, n\u00e3o deve tomar este medicamento se n\u00e3o tiver disfun\u00e7\u00e3o er\u00e9til. N\u00e3o deve ser tomado mais de uma vez por dia.<\/p>\n<p data-path-to-node=\"3\">Os efeitos colaterais mais comuns deste medicamento s\u00e3o rubor (sensa\u00e7\u00e3o de calor), dor de cabe\u00e7a, tonturas, vis\u00e3o turva, dores musculares, mal-estar estomacal e erup\u00e7\u00e3o cut\u00e2nea. Fale com o seu m\u00e9dico se algum dos efeitos colaterais o incomodar ou n\u00e3o desaparecer. Ele poder\u00e1 ajudar alterando a dosagem ou prescrevendo um medicamento alternativo.<\/p>\n<p data-path-to-node=\"4\"><b data-path-to-node=\"4\" data-index-in-node=\"0\">Careforce 150mg Comprimido<\/b> n\u00e3o se destina a ser utilizado por mulheres, e os homens devem evitar utilizar quaisquer outros medicamentos para tratar a impot\u00eancia sem falar primeiro com um m\u00e9dico. Pode ser perigoso tom\u00e1-lo juntamente com medicamentos chamados nitratos (frequentemente administrados para dores no peito ou angina). N\u00e3o tome este medicamento se tiver problemas graves de cora\u00e7\u00e3o ou f\u00edgado, se tiver sofrido recentemente um acidente vascular cerebral (AVC) ou ataque card\u00edaco, ou se tiver tens\u00e3o arterial baixa. Informe o seu m\u00e9dico se sofrer destes ou de quaisquer outros problemas de sa\u00fade antes de o tomar. N\u00e3o deve conduzir se este medicamento o fizer sentir tonturas. Evite beber \u00e1lcool enquanto estiver a tomar este medicamento, pois aumenta as probabilidades de efeitos colaterais.<\/p>\n<p><\/p>","protected":false},"excerpt":{"rendered":"<p>Careforce 150mg Comprimido \u00e9 um medicamento sujeito a receita m\u00e9dica utilizado para tratar a disfun\u00e7\u00e3o er\u00e9til (impot\u00eancia) em homens. Funciona<\/p>\n","protected":false},"featured_media":10506,"comment_status":"open","ping_status":"closed","template":"","meta":[],"product_brand":[],"product_cat":[73,3533],"product_tag":[],"class_list":{"0":"post-10505","1":"product","2":"type-product","3":"status-publish","4":"has-post-thumbnail","6":"product_cat-ssteroides_orales","7":"product_cat-sales-rebajas","9":"first","10":"instock","11":"sale","12":"shipping-taxable","13":"purchasable","14":"product-type-simple"},"yoast_head":"<!-- This site is optimized with the Yoast SEO Premium plugin v24.4 (Yoast SEO v27.0) - https:\/\/yoast.com\/product\/yoast-seo-premium-wordpress\/ -->\n<title>Careforce (sidenafil) - 150mg\/100 tabs - Ester\u00f3ides Online<\/title>\n<meta name=\"description\" content=\"Careforce 150mg trata a disfun\u00e7\u00e3o er\u00e9til aumentando o fluxo sangu\u00edneo. Inibidor da PDE5, ajuda a obter e manter uma ere\u00e7\u00e3o.\" \/>\n<meta name=\"robots\" content=\"index, follow, max-snippet:-1, max-image-preview:large, max-video-preview:-1\" \/>\n<link rel=\"canonical\" href=\"https:\/\/iberoid.com\/pt\/product\/1-caja-careforce-150mg-sidenafil150-mg-100-tabs\/\" \/>\n<meta property=\"og:locale\" content=\"pt_PT\" \/>\n<meta property=\"og:type\" content=\"article\" \/>\n<meta property=\"og:title\" content=\"Careforce (sidenafil) - 150mg\/100 tabs\" \/>\n<meta property=\"og:description\" content=\"Careforce 150mg trata a disfun\u00e7\u00e3o er\u00e9til aumentando o fluxo sangu\u00edneo. Inibidor da PDE5, ajuda a obter e manter uma ere\u00e7\u00e3o.\" \/>\n<meta property=\"og:url\" content=\"https:\/\/iberoid.com\/pt\/product\/1-caja-careforce-150mg-sidenafil150-mg-100-tabs\/\" \/>\n<meta property=\"og:site_name\" content=\"Ester\u00f3ides Online\" \/>\n<meta property=\"article:modified_time\" content=\"2026-03-24T21:11:15+00:00\" \/>\n<meta property=\"og:image\" content=\"https:\/\/iberoid.com\/wp-content\/uploads\/2026\/01\/careforce-150_3.webp\" \/>\n\t<meta property=\"og:image:width\" content=\"1536\" \/>\n\t<meta property=\"og:image:height\" content=\"1024\" \/>\n\t<meta property=\"og:image:type\" content=\"image\/webp\" \/>\n<meta name=\"twitter:card\" content=\"summary_large_image\" \/>\n<meta name=\"twitter:label1\" content=\"pre\u00e7o\" \/>\n\t<meta name=\"twitter:data1\" content=\"&euro;60.00\" \/>\n\t<meta name=\"twitter:label2\" content=\"Disponibilidade\" \/>\n\t<meta name=\"twitter:data2\" content=\"Em stock\" \/>\n<script type=\"application\/ld+json\" class=\"yoast-schema-graph\">{\"@context\":\"https:\/\/schema.org\",\"@graph\":[{\"@type\":\"WebPage\",\"@id\":\"https:\/\/iberoid.com\/pt\/product\/1-caja-careforce-150mg-sidenafil150-mg-100-tabs\/\",\"url\":\"https:\/\/iberoid.com\/pt\/product\/1-caja-careforce-150mg-sidenafil150-mg-100-tabs\/\",\"name\":\"Careforce (sidenafil) - 150mg\/100 tabs - Ester\u00f3ides Online\",\"isPartOf\":{\"@id\":\"https:\/\/iberoid-shop.com\/#website\"},\"primaryImageOfPage\":{\"@id\":\"https:\/\/iberoid.com\/pt\/product\/1-caja-careforce-150mg-sidenafil150-mg-100-tabs\/#primaryimage\"},\"image\":{\"@id\":\"https:\/\/iberoid.com\/pt\/product\/1-caja-careforce-150mg-sidenafil150-mg-100-tabs\/#primaryimage\"},\"thumbnailUrl\":\"https:\/\/iberoid.com\/wp-content\/uploads\/2026\/01\/careforce-150_3.webp\",\"datePublished\":\"2026-01-10T11:06:49+00:00\",\"dateModified\":\"2026-03-24T21:11:15+00:00\",\"description\":\"Careforce 150mg trata a disfun\u00e7\u00e3o er\u00e9til aumentando o fluxo sangu\u00edneo. Inibidor da PDE5, ajuda a obter e manter uma ere\u00e7\u00e3o.\",\"breadcrumb\":{\"@id\":\"https:\/\/iberoid.com\/pt\/product\/1-caja-careforce-150mg-sidenafil150-mg-100-tabs\/#breadcrumb\"},\"inLanguage\":\"pt-PT\",\"potentialAction\":[{\"@type\":\"ReadAction\",\"target\":[[\"https:\/\/iberoid.com\/pt\/product\/1-caja-careforce-150mg-sidenafil150-mg-100-tabs\/\"]]}]},{\"@type\":\"ImageObject\",\"inLanguage\":\"pt-PT\",\"@id\":\"https:\/\/iberoid.com\/pt\/product\/1-caja-careforce-150mg-sidenafil150-mg-100-tabs\/#primaryimage\",\"url\":\"https:\/\/iberoid.com\/wp-content\/uploads\/2026\/01\/careforce-150_3.webp\",\"contentUrl\":\"https:\/\/iberoid.com\/wp-content\/uploads\/2026\/01\/careforce-150_3.webp\",\"width\":1536,\"height\":1024},{\"@type\":\"BreadcrumbList\",\"@id\":\"https:\/\/iberoid.com\/pt\/product\/1-caja-careforce-150mg-sidenafil150-mg-100-tabs\/#breadcrumb\",\"itemListElement\":[{\"@type\":\"ListItem\",\"position\":1,\"name\":\"Portada\",\"item\":\"https:\/\/iberoid.com\/pt\/\"},{\"@type\":\"ListItem\",\"position\":2,\"name\":\"Loja\",\"item\":\"https:\/\/iberoid.com\/pt\/shop\/\"},{\"@type\":\"ListItem\",\"position\":3,\"name\":\"Careforce (sidenafil) &#8211; 150mg\/100 tabs\"}]},{\"@type\":\"WebSite\",\"@id\":\"https:\/\/iberoid-shop.com\/#website\",\"url\":\"https:\/\/iberoid-shop.com\/\",\"name\":\"Ester\u00f3ides Online\",\"description\":\"Compre ester\u00f3ides online hoje em Espanha e Portugal. Temos o melhor servi\u00e7o ao cliente do setor e produtos da mais alta qualidade\",\"potentialAction\":[{\"@type\":\"SearchAction\",\"target\":{\"@type\":\"EntryPoint\",\"urlTemplate\":\"https:\/\/iberoid-shop.com\/?s={search_term_string}\"},\"query-input\":{\"@type\":\"PropertyValueSpecification\",\"valueRequired\":true,\"valueName\":\"search_term_string\"}}],\"inLanguage\":\"pt-PT\"}]}<\/script>\n<meta property=\"product:brand\" content=\"CARECLUB Pharmacy\" \/>\n<meta property=\"product:price:amount\" content=\"60.00\" \/>\n<meta property=\"product:price:currency\" content=\"EUR\" \/>\n<meta property=\"og:availability\" content=\"instock\" \/>\n<meta property=\"product:availability\" content=\"instock\" \/>\n<meta property=\"product:condition\" content=\"new\" \/>\n<!-- \/ Yoast SEO Premium plugin. -->","yoast_head_json":{"title":"Careforce (sidenafil) - 150mg\/100 tabs - Ester\u00f3ides Online","description":"Careforce 150mg trata a disfun\u00e7\u00e3o er\u00e9til aumentando o fluxo sangu\u00edneo. Inibidor da PDE5, ajuda a obter e manter uma ere\u00e7\u00e3o.","robots":{"index":"index","follow":"follow","max-snippet":"max-snippet:-1","max-image-preview":"max-image-preview:large","max-video-preview":"max-video-preview:-1"},"canonical":"https:\/\/iberoid.com\/pt\/product\/1-caja-careforce-150mg-sidenafil150-mg-100-tabs\/","og_locale":"pt_PT","og_type":"article","og_title":"Careforce (sidenafil) - 150mg\/100 tabs","og_description":"Careforce 150mg trata a disfun\u00e7\u00e3o er\u00e9til aumentando o fluxo sangu\u00edneo. Inibidor da PDE5, ajuda a obter e manter uma ere\u00e7\u00e3o.","og_url":"https:\/\/iberoid.com\/pt\/product\/1-caja-careforce-150mg-sidenafil150-mg-100-tabs\/","og_site_name":"Ester\u00f3ides Online","article_modified_time":"2026-03-24T21:11:15+00:00","og_image":[{"width":1536,"height":1024,"url":"https:\/\/iberoid.com\/wp-content\/uploads\/2026\/01\/careforce-150_3.webp","type":"image\/webp"}],"twitter_card":"summary_large_image","twitter_misc":{"pre\u00e7o":"&euro;60.00","Disponibilidade":"Em stock"},"schema":{"@context":"https:\/\/schema.org","@graph":[{"@type":"WebPage","@id":"https:\/\/iberoid.com\/pt\/product\/1-caja-careforce-150mg-sidenafil150-mg-100-tabs\/","url":"https:\/\/iberoid.com\/pt\/product\/1-caja-careforce-150mg-sidenafil150-mg-100-tabs\/","name":"Careforce (sidenafil) - 150mg\/100 tabs - Ester\u00f3ides Online","isPartOf":{"@id":"https:\/\/iberoid-shop.com\/#website"},"primaryImageOfPage":{"@id":"https:\/\/iberoid.com\/pt\/product\/1-caja-careforce-150mg-sidenafil150-mg-100-tabs\/#primaryimage"},"image":{"@id":"https:\/\/iberoid.com\/pt\/product\/1-caja-careforce-150mg-sidenafil150-mg-100-tabs\/#primaryimage"},"thumbnailUrl":"https:\/\/iberoid.com\/wp-content\/uploads\/2026\/01\/careforce-150_3.webp","datePublished":"2026-01-10T11:06:49+00:00","dateModified":"2026-03-24T21:11:15+00:00","description":"Careforce 150mg trata a disfun\u00e7\u00e3o er\u00e9til aumentando o fluxo sangu\u00edneo. Inibidor da PDE5, ajuda a obter e manter uma ere\u00e7\u00e3o.","breadcrumb":{"@id":"https:\/\/iberoid.com\/pt\/product\/1-caja-careforce-150mg-sidenafil150-mg-100-tabs\/#breadcrumb"},"inLanguage":"pt-PT","potentialAction":[{"@type":"ReadAction","target":[["https:\/\/iberoid.com\/pt\/product\/1-caja-careforce-150mg-sidenafil150-mg-100-tabs\/"]]}]},{"@type":"ImageObject","inLanguage":"pt-PT","@id":"https:\/\/iberoid.com\/pt\/product\/1-caja-careforce-150mg-sidenafil150-mg-100-tabs\/#primaryimage","url":"https:\/\/iberoid.com\/wp-content\/uploads\/2026\/01\/careforce-150_3.webp","contentUrl":"https:\/\/iberoid.com\/wp-content\/uploads\/2026\/01\/careforce-150_3.webp","width":1536,"height":1024},{"@type":"BreadcrumbList","@id":"https:\/\/iberoid.com\/pt\/product\/1-caja-careforce-150mg-sidenafil150-mg-100-tabs\/#breadcrumb","itemListElement":[{"@type":"ListItem","position":1,"name":"Portada","item":"https:\/\/iberoid.com\/pt\/"},{"@type":"ListItem","position":2,"name":"Loja","item":"https:\/\/iberoid.com\/pt\/shop\/"},{"@type":"ListItem","position":3,"name":"Careforce (sidenafil) &#8211; 150mg\/100 tabs"}]},{"@type":"WebSite","@id":"https:\/\/iberoid-shop.com\/#website","url":"https:\/\/iberoid-shop.com\/","name":"Ester\u00f3ides Online","description":"Compre ester\u00f3ides online hoje em Espanha e Portugal. Temos o melhor servi\u00e7o ao cliente do setor e produtos da mais alta qualidade","potentialAction":[{"@type":"SearchAction","target":{"@type":"EntryPoint","urlTemplate":"https:\/\/iberoid-shop.com\/?s={search_term_string}"},"query-input":{"@type":"PropertyValueSpecification","valueRequired":true,"valueName":"search_term_string"}}],"inLanguage":"pt-PT"}]},"product_brand":"CARECLUB Pharmacy","product_price_amount":"60.00","product_price_currency":"EUR","og_availability":"instock","product_availability":"instock","product_condition":"new"},"_links":{"self":[{"href":"https:\/\/iberoid.com\/pt\/wp-json\/wp\/v2\/product\/10505","targetHints":{"allow":["GET"]}}],"collection":[{"href":"https:\/\/iberoid.com\/pt\/wp-json\/wp\/v2\/product"}],"about":[{"href":"https:\/\/iberoid.com\/pt\/wp-json\/wp\/v2\/types\/product"}],"replies":[{"embeddable":true,"href":"https:\/\/iberoid.com\/pt\/wp-json\/wp\/v2\/comments?post=10505"}],"wp:featuredmedia":[{"embeddable":true,"href":"https:\/\/iberoid.com\/pt\/wp-json\/wp\/v2\/media\/10506"}],"wp:attachment":[{"href":"https:\/\/iberoid.com\/pt\/wp-json\/wp\/v2\/media?parent=10505"}],"wp:term":[{"taxonomy":"product_brand","embeddable":true,"href":"https:\/\/iberoid.com\/pt\/wp-json\/wp\/v2\/product_brand?post=10505"},{"taxonomy":"product_cat","embeddable":true,"href":"https:\/\/iberoid.com\/pt\/wp-json\/wp\/v2\/product_cat?post=10505"},{"taxonomy":"product_tag","embeddable":true,"href":"https:\/\/iberoid.com\/pt\/wp-json\/wp\/v2\/product_tag?post=10505"}],"curies":[{"name":"wp","href":"https:\/\/api.w.org\/{rel}","templated":true}]}}