{"id":10513,"date":"2026-01-12T09:46:35","date_gmt":"2026-01-12T09:46:35","guid":{"rendered":"https:\/\/iberoid.com\/?post_type=product&#038;p=10513"},"modified":"2026-02-02T16:28:02","modified_gmt":"2026-02-02T16:28:02","slug":"sustaged-sustanon","status":"publish","type":"product","link":"https:\/\/iberoid.com\/pt\/product\/sustaged-sustanon\/","title":{"rendered":"SUSTAGED \/ SUSTANON"},"content":{"rendered":"<p><\/p>\n<h3 data-path-to-node=\"1\"><b data-path-to-node=\"1\" data-index-in-node=\"0\">Aplica\u00e7\u00e3o de Sustoged 250 mg &#8211; Euro Prime Farmaceuticals<\/b><\/h3>\n<p data-path-to-node=\"2\">O <b data-path-to-node=\"2\" data-index-in-node=\"2\">Sustoged<\/b> da EPF \u00e9 um an\u00e1logo do conhecido Sustanon, familiar para qualquer fisiculturista. Recordamos que se trata de um esteroide complexo baseado numa mistura de quatro \u00e9steres de testosterona com diferentes meias-vidas. Isto assegura um in\u00edcio r\u00e1pido do anabolismo e, ao mesmo tempo, mant\u00e9m um efeito positivo no organismo durante um longo per\u00edodo (constru\u00e7\u00e3o r\u00e1pida de massa muscular).<\/p>\n<p data-path-to-node=\"3\"><b data-path-to-node=\"3\" data-index-in-node=\"0\">O Sustanon \u00e9 um complexo de quatro \u00e9steres de testosterona:<\/b><\/p>\n<ul data-path-to-node=\"4\">\n<li>\n<p data-path-to-node=\"4,0,0\"><b data-path-to-node=\"4,0,0\" data-index-in-node=\"0\">30 mg<\/b> de propionato de testosterona (meia-vida de um a dois dias).<\/p>\n<\/li>\n<li>\n<p data-path-to-node=\"4,1,0\"><b data-path-to-node=\"4,1,0\" data-index-in-node=\"0\">60 mg<\/b> de fenilpropionato de testosterona (meia-vida de dois a quatro dias).<\/p>\n<\/li>\n<li>\n<p data-path-to-node=\"4,2,0\"><b data-path-to-node=\"4,2,0\" data-index-in-node=\"0\">60 mg<\/b> de isocaproato de testosterona (meia-vida de cinco a oito dias).<\/p>\n<\/li>\n<li>\n<p data-path-to-node=\"4,3,0\"><b data-path-to-node=\"4,3,0\" data-index-in-node=\"0\">100 mg<\/b> de decanoato de testosterona (meia-vida de nove a dez dias).<\/p>\n<\/li>\n<\/ul>\n<p data-path-to-node=\"5\">Esta combina\u00e7\u00e3o de \u00e9steres foi concebida para manter n\u00edveis est\u00e1veis de testosterona durante tr\u00eas a quatro semanas.<\/p>\n<hr data-path-to-node=\"6\" \/>\n<h3 data-path-to-node=\"7\"><b data-path-to-node=\"7\" data-index-in-node=\"0\">Mecanismo de A\u00e7\u00e3o do Sustoged Euro Prime Farmaceuticals<\/b><\/h3>\n<p data-path-to-node=\"8\">O primeiro a come\u00e7ar a atuar \u00e9 o \u00e9ster de testosterona mais curto, o propionato. Em seguida, entram em a\u00e7\u00e3o o fenilpropionato e o isocaproato. O decanoato, que come\u00e7a a atuar por \u00faltimo, tem a meia-vida mais longa. O esteroide foi criado nos anos oitenta e rapidamente se tornou popular entre os atletas, continuando a s\u00ea-lo hoje em dia. Al\u00e9m de tudo o que foi mencionado, a popularidade deste anabolizante \u00e9 fortemente influenciada pelo seu custo relativamente baixo.<\/p>\n<hr data-path-to-node=\"9\" \/>\n<h3 data-path-to-node=\"10\"><b data-path-to-node=\"10\" data-index-in-node=\"0\">Propriedades Positivas do Sustoged EPF<\/b><\/h3>\n<ul data-path-to-node=\"11\">\n<li>\n<p data-path-to-node=\"11,0,0\">Ganho de peso r\u00e1pido de at\u00e9 10 quilogramas num \u00fanico ciclo.<\/p>\n<\/li>\n<li>\n<p data-path-to-node=\"11,1,0\">Potente efeito anticatab\u00f3lico no organismo.<\/p>\n<\/li>\n<li>\n<p data-path-to-node=\"11,2,0\">Aumenta a concentra\u00e7\u00e3o de gl\u00f3bulos vermelhos, acelerando o transporte de oxig\u00e9nio para os tecidos.<\/p>\n<\/li>\n<li>\n<p data-path-to-node=\"11,3,0\">Aumenta a libido durante o ciclo.<\/p>\n<\/li>\n<\/ul>\n<hr data-path-to-node=\"12\" \/>\n<h3 data-path-to-node=\"13\"><b data-path-to-node=\"13\" data-index-in-node=\"0\">Como utilizar o Sustoged 250 mg<\/b><\/h3>\n<p data-path-to-node=\"14\">Antes de iniciar qualquer ciclo de EAA (Esteroides Androg\u00e9nicos Anabolizantes), recomenda-se a realiza\u00e7\u00e3o de exames para determinar a concentra\u00e7\u00e3o normal das principais hormonas. Todos os valores devem estar normais. <b data-path-to-node=\"14\" data-index-in-node=\"217\">N\u00e3o utilize o produto por mais de quatro meses<\/b>, pois isso aumentar\u00e1 o risco de efeitos secund\u00e1rios. Muitos fisiculturistas utilizam este produto e est\u00e3o satisfeitos com os resultados.<\/p>\n<hr data-path-to-node=\"15\" \/>\n<h3 data-path-to-node=\"16\"><b data-path-to-node=\"16\" data-index-in-node=\"0\">TPC (Terapia P\u00f3s-Ciclo) e Sustoged Euro Prime Farmaceuticals<\/b><\/h3>\n<p data-path-to-node=\"17\">O f\u00e1rmaco \u00e9 muito potente e exige a realiza\u00e7\u00e3o de uma TPC. Na nossa loja, medicamentos como <b data-path-to-node=\"17\" data-index-in-node=\"92\">Clomid<\/b> e <b data-path-to-node=\"17\" data-index-in-node=\"101\">Tamoxifeno<\/b> podem ser utilizados para este fim. A <b data-path-to-node=\"17\" data-index-in-node=\"150\">Gonadotrofina<\/b> deve ser utilizada para normalizar o equil\u00edbrio hormonal. Lembramos que a recupera\u00e7\u00e3o \u00e9 uma etapa importante e necess\u00e1ria no uso de f\u00e1rmacos esteroides.<\/p>\n<p><\/p>","protected":false},"excerpt":{"rendered":"<p>Aplica\u00e7\u00e3o de Sustoged 250 mg &#8211; Euro Prime Farmaceuticals O Sustoged da EPF \u00e9 um an\u00e1logo do conhecido Sustanon, familiar<\/p>\n","protected":false},"featured_media":10514,"comment_status":"open","ping_status":"closed","template":"","meta":[],"product_brand":[3528],"product_cat":[69],"product_tag":[],"class_list":{"0":"post-10513","1":"product","2":"type-product","3":"status-publish","4":"has-post-thumbnail","6":"product_brand-epf-premium","7":"product_cat-esteroides_inyectables","9":"first","10":"instock","11":"shipping-taxable","12":"purchasable","13":"product-type-simple"},"yoast_head":"<!-- This site is optimized with the Yoast SEO Premium plugin v24.4 (Yoast SEO v27.3) - https:\/\/yoast.com\/product\/yoast-seo-premium-wordpress\/ -->\n<title>SUSTAGED \/ SUSTANON - Ester\u00f3ides Online<\/title>\n<meta name=\"description\" content=\"Sustoged \u00e9 uma potente mistura de testosterona (Sustanon) que garante r\u00e1pido crescimento muscular e libera\u00e7\u00e3o anab\u00f3lica sustentada.\" \/>\n<meta name=\"robots\" content=\"index, follow, max-snippet:-1, max-image-preview:large, max-video-preview:-1\" \/>\n<link rel=\"canonical\" href=\"https:\/\/iberoid.com\/pt\/product\/sustaged-sustanon\/\" \/>\n<meta property=\"og:locale\" content=\"pt_PT\" \/>\n<meta property=\"og:type\" content=\"article\" \/>\n<meta property=\"og:title\" content=\"SUSTAGED \/ SUSTANON\" \/>\n<meta property=\"og:description\" content=\"Sustoged \u00e9 uma potente mistura de testosterona (Sustanon) que garante r\u00e1pido crescimento muscular e libera\u00e7\u00e3o anab\u00f3lica sustentada.\" \/>\n<meta property=\"og:url\" content=\"https:\/\/iberoid.com\/pt\/product\/sustaged-sustanon\/\" \/>\n<meta property=\"og:site_name\" content=\"Ester\u00f3ides Online\" \/>\n<meta property=\"article:modified_time\" content=\"2026-02-02T16:28:02+00:00\" \/>\n<meta property=\"og:image\" content=\"https:\/\/iberoid.com\/wp-content\/uploads\/2026\/01\/susta-epf.jpeg?v=1768211148\" \/>\n\t<meta property=\"og:image:width\" content=\"1600\" \/>\n\t<meta property=\"og:image:height\" content=\"1600\" \/>\n\t<meta property=\"og:image:type\" content=\"image\/jpeg\" \/>\n<meta name=\"twitter:card\" content=\"summary_large_image\" \/>\n<meta name=\"twitter:label1\" content=\"pre\u00e7o\" \/>\n\t<meta name=\"twitter:data1\" content=\"&euro;40.00\" \/>\n\t<meta name=\"twitter:label2\" content=\"Disponibilidade\" \/>\n\t<meta name=\"twitter:data2\" content=\"Em stock\" \/>\n<script type=\"application\/ld+json\" class=\"yoast-schema-graph\">{\"@context\":\"https:\\\/\\\/schema.org\",\"@graph\":[{\"@type\":\"WebPage\",\"@id\":\"https:\\\/\\\/iberoid.com\\\/pt\\\/product\\\/sustaged-sustanon\\\/\",\"url\":\"https:\\\/\\\/iberoid.com\\\/pt\\\/product\\\/sustaged-sustanon\\\/\",\"name\":\"SUSTAGED \\\/ SUSTANON - Ester\u00f3ides Online\",\"isPartOf\":{\"@id\":\"https:\\\/\\\/iberoid.com\\\/pt\\\/#website\"},\"primaryImageOfPage\":{\"@id\":\"https:\\\/\\\/iberoid.com\\\/pt\\\/product\\\/sustaged-sustanon\\\/#primaryimage\"},\"image\":{\"@id\":\"https:\\\/\\\/iberoid.com\\\/product\\\/sustaged-sustanon\\\/#primaryimage\"},\"thumbnailUrl\":\"https:\\\/\\\/iberoid.com\\\/wp-content\\\/uploads\\\/2026\\\/01\\\/susta-epf.jpeg?v=1768211148\",\"datePublished\":\"2026-01-12T09:46:35+00:00\",\"dateModified\":\"2026-02-02T16:28:02+00:00\",\"description\":\"Sustoged \u00e9 uma potente mistura de testosterona (Sustanon) que garante r\u00e1pido crescimento muscular e libera\u00e7\u00e3o anab\u00f3lica sustentada.\",\"breadcrumb\":{\"@id\":\"https:\\\/\\\/iberoid.com\\\/pt\\\/product\\\/sustaged-sustanon\\\/#breadcrumb\"},\"inLanguage\":\"pt-PT\",\"potentialAction\":[{\"@type\":\"ReadAction\",\"target\":[[\"https:\\\/\\\/iberoid.com\\\/pt\\\/product\\\/sustaged-sustanon\\\/\"]]}]},{\"@type\":\"ImageObject\",\"inLanguage\":\"pt-PT\",\"@id\":\"https:\\\/\\\/iberoid.com\\\/pt\\\/product\\\/sustaged-sustanon\\\/#primaryimage\",\"url\":\"https:\\\/\\\/iberoid.com\\\/wp-content\\\/uploads\\\/2026\\\/01\\\/susta-epf.jpeg?v=1768211148\",\"contentUrl\":\"https:\\\/\\\/iberoid.com\\\/wp-content\\\/uploads\\\/2026\\\/01\\\/susta-epf.jpeg?v=1768211148\",\"width\":1600,\"height\":1600},{\"@type\":\"BreadcrumbList\",\"@id\":\"https:\\\/\\\/iberoid.com\\\/pt\\\/product\\\/sustaged-sustanon\\\/#breadcrumb\",\"itemListElement\":[{\"@type\":\"ListItem\",\"position\":1,\"name\":\"Portada\",\"item\":\"https:\\\/\\\/iberoid.com\\\/pt\\\/\"},{\"@type\":\"ListItem\",\"position\":2,\"name\":\"Loja\",\"item\":\"https:\\\/\\\/iberoid.com\\\/pt\\\/shop\\\/\"},{\"@type\":\"ListItem\",\"position\":3,\"name\":\"SUSTAGED \\\/ SUSTANON\"}]},{\"@type\":\"WebSite\",\"@id\":\"https:\\\/\\\/iberoid.com\\\/pt\\\/#website\",\"url\":\"https:\\\/\\\/iberoid.com\\\/pt\\\/\",\"name\":\"Ester\u00f3ides Online\",\"description\":\"Compre ester\u00f3ides online hoje em Espanha e Portugal. Temos o melhor servi\u00e7o ao cliente do setor e produtos da mais alta qualidade\",\"potentialAction\":[{\"@type\":\"SearchAction\",\"target\":{\"@type\":\"EntryPoint\",\"urlTemplate\":\"https:\\\/\\\/iberoid.com\\\/pt\\\/?s={search_term_string}\"},\"query-input\":{\"@type\":\"PropertyValueSpecification\",\"valueRequired\":true,\"valueName\":\"search_term_string\"}}],\"inLanguage\":\"pt-PT\"}]}<\/script>\n<meta property=\"product:brand\" content=\"Euro Prime Pharmaceuticals (EPF)\" \/>\n<meta property=\"product:price:amount\" content=\"40.00\" \/>\n<meta property=\"product:price:currency\" content=\"EUR\" \/>\n<meta property=\"og:availability\" content=\"instock\" \/>\n<meta property=\"product:availability\" content=\"instock\" \/>\n<meta property=\"product:condition\" content=\"new\" \/>\n<!-- \/ Yoast SEO Premium plugin. -->","yoast_head_json":{"title":"SUSTAGED \/ SUSTANON - Ester\u00f3ides Online","description":"Sustoged \u00e9 uma potente mistura de testosterona (Sustanon) que garante r\u00e1pido crescimento muscular e libera\u00e7\u00e3o anab\u00f3lica sustentada.","robots":{"index":"index","follow":"follow","max-snippet":"max-snippet:-1","max-image-preview":"max-image-preview:large","max-video-preview":"max-video-preview:-1"},"canonical":"https:\/\/iberoid.com\/pt\/product\/sustaged-sustanon\/","og_locale":"pt_PT","og_type":"article","og_title":"SUSTAGED \/ SUSTANON","og_description":"Sustoged \u00e9 uma potente mistura de testosterona (Sustanon) que garante r\u00e1pido crescimento muscular e libera\u00e7\u00e3o anab\u00f3lica sustentada.","og_url":"https:\/\/iberoid.com\/pt\/product\/sustaged-sustanon\/","og_site_name":"Ester\u00f3ides Online","article_modified_time":"2026-02-02T16:28:02+00:00","og_image":[{"width":1600,"height":1600,"url":"https:\/\/iberoid.com\/wp-content\/uploads\/2026\/01\/susta-epf.jpeg?v=1768211148","type":"image\/jpeg"}],"twitter_card":"summary_large_image","twitter_misc":{"pre\u00e7o":"&euro;40.00","Disponibilidade":"Em stock"},"schema":{"@context":"https:\/\/schema.org","@graph":[{"@type":"WebPage","@id":"https:\/\/iberoid.com\/pt\/product\/sustaged-sustanon\/","url":"https:\/\/iberoid.com\/pt\/product\/sustaged-sustanon\/","name":"SUSTAGED \/ SUSTANON - Ester\u00f3ides Online","isPartOf":{"@id":"https:\/\/iberoid.com\/pt\/#website"},"primaryImageOfPage":{"@id":"https:\/\/iberoid.com\/pt\/product\/sustaged-sustanon\/#primaryimage"},"image":{"@id":"https:\/\/iberoid.com\/product\/sustaged-sustanon\/#primaryimage"},"thumbnailUrl":"https:\/\/iberoid.com\/wp-content\/uploads\/2026\/01\/susta-epf.jpeg?v=1768211148","datePublished":"2026-01-12T09:46:35+00:00","dateModified":"2026-02-02T16:28:02+00:00","description":"Sustoged \u00e9 uma potente mistura de testosterona (Sustanon) que garante r\u00e1pido crescimento muscular e libera\u00e7\u00e3o anab\u00f3lica sustentada.","breadcrumb":{"@id":"https:\/\/iberoid.com\/pt\/product\/sustaged-sustanon\/#breadcrumb"},"inLanguage":"pt-PT","potentialAction":[{"@type":"ReadAction","target":[["https:\/\/iberoid.com\/pt\/product\/sustaged-sustanon\/"]]}]},{"@type":"ImageObject","inLanguage":"pt-PT","@id":"https:\/\/iberoid.com\/pt\/product\/sustaged-sustanon\/#primaryimage","url":"https:\/\/iberoid.com\/wp-content\/uploads\/2026\/01\/susta-epf.jpeg?v=1768211148","contentUrl":"https:\/\/iberoid.com\/wp-content\/uploads\/2026\/01\/susta-epf.jpeg?v=1768211148","width":1600,"height":1600},{"@type":"BreadcrumbList","@id":"https:\/\/iberoid.com\/pt\/product\/sustaged-sustanon\/#breadcrumb","itemListElement":[{"@type":"ListItem","position":1,"name":"Portada","item":"https:\/\/iberoid.com\/pt\/"},{"@type":"ListItem","position":2,"name":"Loja","item":"https:\/\/iberoid.com\/pt\/shop\/"},{"@type":"ListItem","position":3,"name":"SUSTAGED \/ SUSTANON"}]},{"@type":"WebSite","@id":"https:\/\/iberoid.com\/pt\/#website","url":"https:\/\/iberoid.com\/pt\/","name":"Ester\u00f3ides Online","description":"Compre ester\u00f3ides online hoje em Espanha e Portugal. Temos o melhor servi\u00e7o ao cliente do setor e produtos da mais alta qualidade","potentialAction":[{"@type":"SearchAction","target":{"@type":"EntryPoint","urlTemplate":"https:\/\/iberoid.com\/pt\/?s={search_term_string}"},"query-input":{"@type":"PropertyValueSpecification","valueRequired":true,"valueName":"search_term_string"}}],"inLanguage":"pt-PT"}]},"product_brand":"Euro Prime Pharmaceuticals (EPF)","product_price_amount":"40.00","product_price_currency":"EUR","og_availability":"instock","product_availability":"instock","product_condition":"new"},"_links":{"self":[{"href":"https:\/\/iberoid.com\/pt\/wp-json\/wp\/v2\/product\/10513","targetHints":{"allow":["GET"]}}],"collection":[{"href":"https:\/\/iberoid.com\/pt\/wp-json\/wp\/v2\/product"}],"about":[{"href":"https:\/\/iberoid.com\/pt\/wp-json\/wp\/v2\/types\/product"}],"replies":[{"embeddable":true,"href":"https:\/\/iberoid.com\/pt\/wp-json\/wp\/v2\/comments?post=10513"}],"wp:featuredmedia":[{"embeddable":true,"href":"https:\/\/iberoid.com\/pt\/wp-json\/wp\/v2\/media\/10514"}],"wp:attachment":[{"href":"https:\/\/iberoid.com\/pt\/wp-json\/wp\/v2\/media?parent=10513"}],"wp:term":[{"taxonomy":"product_brand","embeddable":true,"href":"https:\/\/iberoid.com\/pt\/wp-json\/wp\/v2\/product_brand?post=10513"},{"taxonomy":"product_cat","embeddable":true,"href":"https:\/\/iberoid.com\/pt\/wp-json\/wp\/v2\/product_cat?post=10513"},{"taxonomy":"product_tag","embeddable":true,"href":"https:\/\/iberoid.com\/pt\/wp-json\/wp\/v2\/product_tag?post=10513"}],"curies":[{"name":"wp","href":"https:\/\/api.w.org\/{rel}","templated":true}]}}