{"id":10546,"date":"2026-01-27T17:12:18","date_gmt":"2026-01-27T17:12:18","guid":{"rendered":"https:\/\/iberoid.com\/?post_type=product&#038;p=10546"},"modified":"2026-04-04T03:16:13","modified_gmt":"2026-04-04T03:16:13","slug":"pack5x10ml-bioten-testosteron-enanthate","status":"publish","type":"product","link":"https:\/\/iberoid.com\/pt\/product\/pack5x10ml-bioten-testosteron-enanthate\/","title":{"rendered":"BIOTEN (testosteron enanthate) pack5x10ml"},"content":{"rendered":"<p><\/p>\n<p data-path-to-node=\"0\">Aqui est\u00e1 a tradu\u00e7\u00e3o para portugu\u00eas:<\/p>\n<p data-path-to-node=\"1\"><b data-path-to-node=\"1\" data-index-in-node=\"0\">O Enantato de Testosterona<\/b> \u00e9 uma vers\u00e3o fabricada da testosterona, a hormona sexual masculina de ocorr\u00eancia natural. \u00c9 utilizado em homens adultos para a reposi\u00e7\u00e3o de testosterona no tratamento de v\u00e1rios problemas de sa\u00fade causados pela falta da mesma (hipogonadismo masculino). Este diagn\u00f3stico deve ser confirmado por duas medi\u00e7\u00f5es separadas de testosterona no sangue e tamb\u00e9m incluir sintomas cl\u00ednicos como:<\/p>\n<ul data-path-to-node=\"2\">\n<li>\n<p data-path-to-node=\"2,0,0\">Impot\u00eancia<\/p>\n<\/li>\n<li>\n<p data-path-to-node=\"2,1,0\">Infertilidade<\/p>\n<\/li>\n<li>\n<p data-path-to-node=\"2,2,0\">Baixo desejo sexual<\/p>\n<\/li>\n<li>\n<p data-path-to-node=\"2,3,0\">Cansa\u00e7o<\/p>\n<\/li>\n<li>\n<p data-path-to-node=\"2,4,0\">Estados de humor depressivos<\/p>\n<\/li>\n<li>\n<p data-path-to-node=\"2,5,0\">Perda \u00f3ssea causada por n\u00edveis hormonais baixos.<\/p>\n<\/li>\n<\/ul>\n<h3 data-path-to-node=\"3\">Dosagem e Administra\u00e7\u00e3o<\/h3>\n<p data-path-to-node=\"4\">O Enantato de Testosterona pode causar rea\u00e7\u00f5es t\u00f3xicas e al\u00e9rgicas em beb\u00e9s e crian\u00e7as at\u00e9 aos 3 anos de idade. \u00c9 administrado por inje\u00e7\u00e3o muito lenta num m\u00fasculo, geralmente a cada 2 ou 3 semanas. As inje\u00e7\u00f5es s\u00e3o continuadas durante o tempo necess\u00e1rio, dependendo das suas circunst\u00e2ncias individuais. Homens que recebem tratamento a longo prazo podem, mais tarde, receber inje\u00e7\u00f5es em intervalos de 3 a 6 semanas. Me\u00e7a os seus n\u00edveis de testosterona no sangue antes de iniciar o tratamento e, ocasionalmente, durante o tratamento, no final de um intervalo de inje\u00e7\u00e3o, e ajuste a dose conforme necess\u00e1rio. Durante o tratamento, \u00e9 aconselh\u00e1vel que os homens fa\u00e7am um exame regular \u00e0 pr\u00f3stata com um m\u00e9dico. <b data-path-to-node=\"4\" data-index-in-node=\"705\">Se parar de utilizar o Enantato de Testosterona:<\/b> Quando o tratamento \u00e9 interrompido, os sintomas de defici\u00eancia de testosterona podem reaparecer.<\/p>\n<h3 data-path-to-node=\"5\">Intera\u00e7\u00e3o e Abuso<\/h3>\n<p data-path-to-node=\"6\">O abuso de testosterona, especialmente se tomar demasiado deste medicamento sozinho ou com outros esteroides anabolizantes androg\u00e9nicos, pode causar problemas de sa\u00fade graves no cora\u00e7\u00e3o e nos vasos sangu\u00edneos (que podem levar \u00e0 morte), na sa\u00fade mental e\/ou no f\u00edgado. Indiv\u00edduos que abusaram de testosterona podem tornar-se dependentes e sentir sintomas de abstin\u00eancia quando a dosagem muda significativamente ou \u00e9 interrompida imediatamente. N\u00e3o deve abusar deste medicamento.<\/p>\n<h3 data-path-to-node=\"7\">Efeitos Secund\u00e1rios<\/h3>\n<p data-path-to-node=\"8\">Como todos os medicamentos, este pode causar efeitos secund\u00e1rios, embora nem todas as pessoas os tenham. Algumas pessoas podem ser al\u00e9rgicas ao Enantato de Testosterona. Se sentir uma rea\u00e7\u00e3o al\u00e9rgica, deve parar de o utilizar. Os sinais podem incluir:<\/p>\n<ul data-path-to-node=\"9\">\n<li>\n<p data-path-to-node=\"9,0,0\">Erup\u00e7\u00e3o cut\u00e2nea grave<\/p>\n<\/li>\n<li>\n<p data-path-to-node=\"9,1,0\">Problemas ao engolir ou respirar<\/p>\n<\/li>\n<li>\n<p data-path-to-node=\"9,2,0\">Incha\u00e7o dos l\u00e1bios, rosto, garganta ou l\u00edngua<\/p>\n<\/li>\n<li>\n<p data-path-to-node=\"9,3,0\">Fraqueza, sensa\u00e7\u00e3o de tontura ou desmaio<\/p>\n<\/li>\n<\/ul>\n<p data-path-to-node=\"10\"><b data-path-to-node=\"10\" data-index-in-node=\"0\">Efeitos secund\u00e1rios comuns (podem afetar at\u00e9 1 em cada 10 pacientes):<\/b><\/p>\n<ul data-path-to-node=\"11\">\n<li>\n<p data-path-to-node=\"11,0,0\">Aumento da contagem de gl\u00f3bulos vermelhos, do hemat\u00f3crito e da hemoglobina; estes s\u00e3o identificados por an\u00e1lises ao sangue peri\u00f3dicas.<\/p>\n<\/li>\n<li>\n<p data-path-to-node=\"11,1,0\">Aumento de peso.<\/p>\n<\/li>\n<\/ul>\n<p data-path-to-node=\"12\"><b data-path-to-node=\"12\" data-index-in-node=\"0\">Frequ\u00eancia desconhecida (n\u00e3o pode ser estimada a partir dos dados dispon\u00edveis):<\/b><\/p>\n<ul data-path-to-node=\"13\">\n<li>\n<p data-path-to-node=\"13,0,0\">Foram observados tumores no f\u00edgado que podem causar hemorragias internas graves. Informe o seu m\u00e9dico se notar qualquer dor nova no est\u00f4mago que seja grave ou persistente.<\/p>\n<\/li>\n<li>\n<p data-path-to-node=\"13,1,0\">N\u00edveis elevados de gl\u00f3bulos vermelhos (policitemia), problemas de circula\u00e7\u00e3o sangu\u00ednea, n\u00edveis elevados de c\u00e1lcio no sangue.<\/p>\n<\/li>\n<li>\n<p data-path-to-node=\"13,2,0\">Resultados anormais de testes de fun\u00e7\u00e3o hep\u00e1tica, amarelecimento da pele e olhos (icter\u00edcia), f\u00edgado aumentado.<\/p>\n<\/li>\n<li>\n<p data-path-to-node=\"13,3,0\">Acne, queda de cabelo, rea\u00e7\u00f5es cut\u00e2neas como erup\u00e7\u00e3o, urtic\u00e1ria, comich\u00e3o, &#8220;formigueiro&#8221;, calv\u00edcie de padr\u00e3o masculino.<\/p>\n<\/li>\n<li>\n<p data-path-to-node=\"13,4,0\">V\u00e1rios tipos de rea\u00e7\u00f5es no local da inje\u00e7\u00e3o, incluindo dor, comich\u00e3o, endurecimento, incha\u00e7o e inflama\u00e7\u00e3o.<\/p>\n<\/li>\n<li>\n<p data-path-to-node=\"13,5,0\">Aumento do antig\u00e9nio espec\u00edfico da pr\u00f3stata (PSA).<\/p>\n<\/li>\n<li>\n<p data-path-to-node=\"13,6,0\">Aumento ou diminui\u00e7\u00e3o do interesse sexual, desenvolvimento anormal das mamas no homem (ginecomastia), problemas de pr\u00f3stata, in\u00edcio precoce da puberdade.<\/p>\n<\/li>\n<li>\n<p data-path-to-node=\"13,7,0\">Em doses elevadas ou por longos per\u00edodos: reten\u00e7\u00e3o de l\u00edquidos e incha\u00e7o dos tornozelos.<\/p>\n<\/li>\n<li>\n<p data-path-to-node=\"13,8,0\">Redu\u00e7\u00e3o da contagem de espermatozoides e ere\u00e7\u00f5es frequentes ou persistentes (se isto acontecer, \u00e9 importante informar o m\u00e9dico, pois pode lesionar o p\u00e9nis).<\/p>\n<\/li>\n<li>\n<p data-path-to-node=\"13,9,0\">Dor de cabe\u00e7a, fraqueza, depress\u00e3o, ansiedade.<\/p>\n<\/li>\n<li>\n<p data-path-to-node=\"13,10,0\">Altera\u00e7\u00f5es no crescimento \u00f3sseo.<\/p>\n<\/li>\n<li>\n<p data-path-to-node=\"13,11,0\">Problemas de est\u00f4mago, sensa\u00e7\u00e3o de enjoo.<\/p>\n<\/li>\n<li>\n<p data-path-to-node=\"13,12,0\">Inje\u00e7\u00f5es de l\u00edquidos oleosos podem estar associadas a rea\u00e7\u00f5es como tosse, falta de ar ou dor no peito imediatamente ap\u00f3s a aplica\u00e7\u00e3o.<\/p>\n<\/li>\n<\/ul>\n<h3 data-path-to-node=\"14\">Gravidez e Aleitamento<\/h3>\n<p data-path-to-node=\"15\">O Enantato de Testosterona destina-se apenas a ser utilizado por homens. N\u00e3o \u00e9 indicado para mulheres gr\u00e1vidas ou a amamentar devido \u00e0 possibilidade de viriliza\u00e7\u00e3o (desenvolvimento de caracter\u00edsticas sexuais masculinas) do feto feminino.<\/p>\n<h3 data-path-to-node=\"16\">Precau\u00e7\u00f5es e Avisos<\/h3>\n<p data-path-to-node=\"17\">Informe o seu m\u00e9dico se:<\/p>\n<ul data-path-to-node=\"18\">\n<li>\n<p data-path-to-node=\"18,0,0\">Tiver problemas de f\u00edgado ou queixas graves na parte superior do abd\u00f3men.<\/p>\n<\/li>\n<li>\n<p data-path-to-node=\"18,1,0\">Tiver tend\u00eancia a reter l\u00edquidos (incha\u00e7o dos tornozelos).<\/p>\n<\/li>\n<li>\n<p data-path-to-node=\"18,2,0\">Sofrer de apneia do sono (interrup\u00e7\u00e3o da respira\u00e7\u00e3o durante o sono).<\/p>\n<\/li>\n<li>\n<p data-path-to-node=\"18,3,0\">Sofrer de doen\u00e7a card\u00edaca, hep\u00e1tica ou renal grave (a reten\u00e7\u00e3o de \u00e1gua pode levar a insufici\u00eancia card\u00edaca congestiva).<\/p>\n<\/li>\n<li>\n<p data-path-to-node=\"18,4,0\">Tiver tens\u00e3o arterial elevada.<\/p>\n<\/li>\n<li>\n<p data-path-to-node=\"18,5,0\">Tiver ou alguma vez teve problemas de coagula\u00e7\u00e3o sangu\u00ednea ou trombofilia.<\/p>\n<\/li>\n<li>\n<p data-path-to-node=\"18,6,0\">Tiver fatores de risco para co\u00e1gulos sangu\u00edneos (tabagismo, obesidade, cancro, imobilidade ou historial familiar).<\/p>\n<\/li>\n<\/ul>\n<p data-path-to-node=\"19\"><b data-path-to-node=\"19\" data-index-in-node=\"0\">Como reconhecer um co\u00e1gulo:<\/b> incha\u00e7o doloroso de uma perna, mudan\u00e7a s\u00fabita na cor da pele (p\u00e1lida, vermelha ou azul), falta de ar s\u00fabita, tosse s\u00fabita inexplic\u00e1vel (com sangue), dor no peito ou tonturas graves. Procure assist\u00eancia m\u00e9dica urgente se sentir estes sintomas.<\/p>\n<p data-path-to-node=\"20\">As hormonas masculinas como o Enantato de Testosterona <b data-path-to-node=\"20\" data-index-in-node=\"55\">n\u00e3o s\u00e3o adequadas<\/b> para aumentar o desenvolvimento muscular em pessoas saud\u00e1veis nem para aumentar a capacidade f\u00edsica.<\/p>\n<p><\/p>","protected":false},"excerpt":{"rendered":"<p>Aqui est\u00e1 a tradu\u00e7\u00e3o para portugu\u00eas: O Enantato de Testosterona \u00e9 uma vers\u00e3o fabricada da testosterona, a hormona sexual masculina<\/p>\n","protected":false},"featured_media":10547,"comment_status":"open","ping_status":"closed","template":"","meta":[],"product_brand":[3531],"product_cat":[69,3474],"product_tag":[],"class_list":{"0":"post-10546","1":"product","2":"type-product","3":"status-publish","4":"has-post-thumbnail","6":"product_brand-adam-pharm","7":"product_cat-esteroides_inyectables","8":"product_cat-packs","10":"first","11":"instock","12":"shipping-taxable","13":"purchasable","14":"product-type-simple"},"yoast_head":"<!-- This site is optimized with the Yoast SEO Premium plugin v24.4 (Yoast SEO v27.0) - https:\/\/yoast.com\/product\/yoast-seo-premium-wordpress\/ -->\n<title>BIOTEN (testosteron enanthate) pack5x10ml - Ester\u00f3ides Online<\/title>\n<meta name=\"description\" content=\"O Enantato de Testosterona \u00e9 um horm\u00f4nio sint\u00e9tico injet\u00e1vel para tratar o hipogonadismo masculino e restaurar n\u00edveis normais.\" \/>\n<meta name=\"robots\" content=\"index, follow, max-snippet:-1, max-image-preview:large, max-video-preview:-1\" \/>\n<link rel=\"canonical\" href=\"https:\/\/iberoid-shop.com\/product\/pack5x10ml-bioten-testosteron-enanthate\/\" \/>\n<meta property=\"og:locale\" content=\"pt_PT\" \/>\n<meta property=\"og:type\" content=\"article\" \/>\n<meta property=\"og:title\" content=\"BIOTEN (testosteron enanthate) pack5x10ml\" \/>\n<meta property=\"og:description\" content=\"O Enantato de Testosterona \u00e9 um horm\u00f4nio sint\u00e9tico injet\u00e1vel para tratar o hipogonadismo masculino e restaurar n\u00edveis normais.\" \/>\n<meta property=\"og:url\" content=\"https:\/\/iberoid-shop.com\/product\/pack5x10ml-bioten-testosteron-enanthate\/\" \/>\n<meta property=\"og:site_name\" content=\"Ester\u00f3ides Online\" \/>\n<meta property=\"article:modified_time\" content=\"2026-04-04T03:16:13+00:00\" \/>\n<meta property=\"og:image\" content=\"https:\/\/iberoid-shop.com\/wp-content\/uploads\/2026\/01\/bioten-te-adam.jpeg?v=1769533655\" \/>\n\t<meta property=\"og:image:width\" content=\"1026\" \/>\n\t<meta property=\"og:image:height\" content=\"546\" \/>\n\t<meta property=\"og:image:type\" content=\"image\/jpeg\" \/>\n<meta name=\"twitter:card\" content=\"summary_large_image\" \/>\n<meta name=\"twitter:label1\" content=\"pre\u00e7o\" \/>\n\t<meta name=\"twitter:data1\" content=\"&euro;100.00\" \/>\n\t<meta name=\"twitter:label2\" content=\"Disponibilidade\" \/>\n\t<meta name=\"twitter:data2\" content=\"Em stock\" \/>\n<script type=\"application\/ld+json\" class=\"yoast-schema-graph\">{\"@context\":\"https:\/\/schema.org\",\"@graph\":[{\"@type\":\"WebPage\",\"@id\":\"https:\/\/iberoid-shop.com\/product\/pack5x10ml-bioten-testosteron-enanthate\/\",\"url\":\"https:\/\/iberoid-shop.com\/product\/pack5x10ml-bioten-testosteron-enanthate\/\",\"name\":\"BIOTEN (testosteron enanthate) pack5x10ml - Ester\u00f3ides Online\",\"isPartOf\":{\"@id\":\"https:\/\/iberoid-shop.com\/#website\"},\"primaryImageOfPage\":{\"@id\":\"https:\/\/iberoid-shop.com\/product\/pack5x10ml-bioten-testosteron-enanthate\/#primaryimage\"},\"image\":{\"@id\":\"https:\/\/iberoid-shop.com\/product\/pack5x10ml-bioten-testosteron-enanthate\/#primaryimage\"},\"thumbnailUrl\":\"https:\/\/iberoid.com\/wp-content\/uploads\/2026\/01\/bioten-te-adam.jpeg?v=1769533655\",\"datePublished\":\"2026-01-27T17:12:18+00:00\",\"dateModified\":\"2026-04-04T03:16:13+00:00\",\"description\":\"O Enantato de Testosterona \u00e9 um horm\u00f4nio sint\u00e9tico injet\u00e1vel para tratar o hipogonadismo masculino e restaurar n\u00edveis normais.\",\"breadcrumb\":{\"@id\":\"https:\/\/iberoid-shop.com\/product\/pack5x10ml-bioten-testosteron-enanthate\/#breadcrumb\"},\"inLanguage\":\"pt-PT\",\"potentialAction\":[{\"@type\":\"ReadAction\",\"target\":[[\"https:\/\/iberoid-shop.com\/product\/pack5x10ml-bioten-testosteron-enanthate\/\"]]}]},{\"@type\":\"ImageObject\",\"inLanguage\":\"pt-PT\",\"@id\":\"https:\/\/iberoid-shop.com\/product\/pack5x10ml-bioten-testosteron-enanthate\/#primaryimage\",\"url\":\"https:\/\/iberoid.com\/wp-content\/uploads\/2026\/01\/bioten-te-adam.jpeg?v=1769533655\",\"contentUrl\":\"https:\/\/iberoid.com\/wp-content\/uploads\/2026\/01\/bioten-te-adam.jpeg?v=1769533655\",\"width\":1026,\"height\":546},{\"@type\":\"BreadcrumbList\",\"@id\":\"https:\/\/iberoid-shop.com\/product\/pack5x10ml-bioten-testosteron-enanthate\/#breadcrumb\",\"itemListElement\":[{\"@type\":\"ListItem\",\"position\":1,\"name\":\"Portada\",\"item\":\"https:\/\/iberoid.com\/pt\/\"},{\"@type\":\"ListItem\",\"position\":2,\"name\":\"Loja\",\"item\":\"https:\/\/iberoid.com\/pt\/shop\/\"},{\"@type\":\"ListItem\",\"position\":3,\"name\":\"BIOTEN (testosteron enanthate) pack5x10ml\"}]},{\"@type\":\"WebSite\",\"@id\":\"https:\/\/iberoid-shop.com\/#website\",\"url\":\"https:\/\/iberoid-shop.com\/\",\"name\":\"Ester\u00f3ides Online\",\"description\":\"Compre ester\u00f3ides online hoje em Espanha e Portugal. Temos o melhor servi\u00e7o ao cliente do setor e produtos da mais alta qualidade\",\"potentialAction\":[{\"@type\":\"SearchAction\",\"target\":{\"@type\":\"EntryPoint\",\"urlTemplate\":\"https:\/\/iberoid-shop.com\/?s={search_term_string}\"},\"query-input\":{\"@type\":\"PropertyValueSpecification\",\"valueRequired\":true,\"valueName\":\"search_term_string\"}}],\"inLanguage\":\"pt-PT\"}]}<\/script>\n<meta property=\"product:brand\" content=\"AdamLabs\" \/>\n<meta property=\"product:price:amount\" content=\"100.00\" \/>\n<meta property=\"product:price:currency\" content=\"EUR\" \/>\n<meta property=\"og:availability\" content=\"instock\" \/>\n<meta property=\"product:availability\" content=\"instock\" \/>\n<meta property=\"product:condition\" content=\"new\" \/>\n<!-- \/ Yoast SEO Premium plugin. -->","yoast_head_json":{"title":"BIOTEN (testosteron enanthate) pack5x10ml - Ester\u00f3ides Online","description":"O Enantato de Testosterona \u00e9 um horm\u00f4nio sint\u00e9tico injet\u00e1vel para tratar o hipogonadismo masculino e restaurar n\u00edveis normais.","robots":{"index":"index","follow":"follow","max-snippet":"max-snippet:-1","max-image-preview":"max-image-preview:large","max-video-preview":"max-video-preview:-1"},"canonical":"https:\/\/iberoid-shop.com\/product\/pack5x10ml-bioten-testosteron-enanthate\/","og_locale":"pt_PT","og_type":"article","og_title":"BIOTEN (testosteron enanthate) pack5x10ml","og_description":"O Enantato de Testosterona \u00e9 um horm\u00f4nio sint\u00e9tico injet\u00e1vel para tratar o hipogonadismo masculino e restaurar n\u00edveis normais.","og_url":"https:\/\/iberoid-shop.com\/product\/pack5x10ml-bioten-testosteron-enanthate\/","og_site_name":"Ester\u00f3ides Online","article_modified_time":"2026-04-04T03:16:13+00:00","og_image":[{"width":1026,"height":546,"url":"https:\/\/iberoid-shop.com\/wp-content\/uploads\/2026\/01\/bioten-te-adam.jpeg?v=1769533655","type":"image\/jpeg"}],"twitter_card":"summary_large_image","twitter_misc":{"pre\u00e7o":"&euro;100.00","Disponibilidade":"Em stock"},"schema":{"@context":"https:\/\/schema.org","@graph":[{"@type":"WebPage","@id":"https:\/\/iberoid-shop.com\/product\/pack5x10ml-bioten-testosteron-enanthate\/","url":"https:\/\/iberoid-shop.com\/product\/pack5x10ml-bioten-testosteron-enanthate\/","name":"BIOTEN (testosteron enanthate) pack5x10ml - Ester\u00f3ides Online","isPartOf":{"@id":"https:\/\/iberoid-shop.com\/#website"},"primaryImageOfPage":{"@id":"https:\/\/iberoid-shop.com\/product\/pack5x10ml-bioten-testosteron-enanthate\/#primaryimage"},"image":{"@id":"https:\/\/iberoid-shop.com\/product\/pack5x10ml-bioten-testosteron-enanthate\/#primaryimage"},"thumbnailUrl":"https:\/\/iberoid.com\/wp-content\/uploads\/2026\/01\/bioten-te-adam.jpeg?v=1769533655","datePublished":"2026-01-27T17:12:18+00:00","dateModified":"2026-04-04T03:16:13+00:00","description":"O Enantato de Testosterona \u00e9 um horm\u00f4nio sint\u00e9tico injet\u00e1vel para tratar o hipogonadismo masculino e restaurar n\u00edveis normais.","breadcrumb":{"@id":"https:\/\/iberoid-shop.com\/product\/pack5x10ml-bioten-testosteron-enanthate\/#breadcrumb"},"inLanguage":"pt-PT","potentialAction":[{"@type":"ReadAction","target":[["https:\/\/iberoid-shop.com\/product\/pack5x10ml-bioten-testosteron-enanthate\/"]]}]},{"@type":"ImageObject","inLanguage":"pt-PT","@id":"https:\/\/iberoid-shop.com\/product\/pack5x10ml-bioten-testosteron-enanthate\/#primaryimage","url":"https:\/\/iberoid.com\/wp-content\/uploads\/2026\/01\/bioten-te-adam.jpeg?v=1769533655","contentUrl":"https:\/\/iberoid.com\/wp-content\/uploads\/2026\/01\/bioten-te-adam.jpeg?v=1769533655","width":1026,"height":546},{"@type":"BreadcrumbList","@id":"https:\/\/iberoid-shop.com\/product\/pack5x10ml-bioten-testosteron-enanthate\/#breadcrumb","itemListElement":[{"@type":"ListItem","position":1,"name":"Portada","item":"https:\/\/iberoid.com\/pt\/"},{"@type":"ListItem","position":2,"name":"Loja","item":"https:\/\/iberoid.com\/pt\/shop\/"},{"@type":"ListItem","position":3,"name":"BIOTEN (testosteron enanthate) pack5x10ml"}]},{"@type":"WebSite","@id":"https:\/\/iberoid-shop.com\/#website","url":"https:\/\/iberoid-shop.com\/","name":"Ester\u00f3ides Online","description":"Compre ester\u00f3ides online hoje em Espanha e Portugal. Temos o melhor servi\u00e7o ao cliente do setor e produtos da mais alta qualidade","potentialAction":[{"@type":"SearchAction","target":{"@type":"EntryPoint","urlTemplate":"https:\/\/iberoid-shop.com\/?s={search_term_string}"},"query-input":{"@type":"PropertyValueSpecification","valueRequired":true,"valueName":"search_term_string"}}],"inLanguage":"pt-PT"}]},"product_brand":"AdamLabs","product_price_amount":"100.00","product_price_currency":"EUR","og_availability":"instock","product_availability":"instock","product_condition":"new"},"_links":{"self":[{"href":"https:\/\/iberoid.com\/pt\/wp-json\/wp\/v2\/product\/10546","targetHints":{"allow":["GET"]}}],"collection":[{"href":"https:\/\/iberoid.com\/pt\/wp-json\/wp\/v2\/product"}],"about":[{"href":"https:\/\/iberoid.com\/pt\/wp-json\/wp\/v2\/types\/product"}],"replies":[{"embeddable":true,"href":"https:\/\/iberoid.com\/pt\/wp-json\/wp\/v2\/comments?post=10546"}],"wp:featuredmedia":[{"embeddable":true,"href":"https:\/\/iberoid.com\/pt\/wp-json\/wp\/v2\/media\/10547"}],"wp:attachment":[{"href":"https:\/\/iberoid.com\/pt\/wp-json\/wp\/v2\/media?parent=10546"}],"wp:term":[{"taxonomy":"product_brand","embeddable":true,"href":"https:\/\/iberoid.com\/pt\/wp-json\/wp\/v2\/product_brand?post=10546"},{"taxonomy":"product_cat","embeddable":true,"href":"https:\/\/iberoid.com\/pt\/wp-json\/wp\/v2\/product_cat?post=10546"},{"taxonomy":"product_tag","embeddable":true,"href":"https:\/\/iberoid.com\/pt\/wp-json\/wp\/v2\/product_tag?post=10546"}],"curies":[{"name":"wp","href":"https:\/\/api.w.org\/{rel}","templated":true}]}}