{"id":10575,"date":"2026-02-13T16:30:33","date_gmt":"2026-02-13T16:30:33","guid":{"rendered":"https:\/\/iberoid.com\/?post_type=product&#038;p=10575"},"modified":"2026-04-13T12:18:54","modified_gmt":"2026-04-13T12:18:54","slug":"testosteron-propionate","status":"publish","type":"product","link":"https:\/\/iberoid.com\/pt\/product\/testosteron-propionate\/","title":{"rendered":"TESTOSTERON PROPIONATE 100mg"},"content":{"rendered":"<p>Este ester\u00f3ide anabolizante injet\u00e1vel \u00e9 desenvolvido com base em propionato de testosterona. \u00c9 frequentemente usado por fisiculturistas para se preparar para competi\u00e7\u00f5es e superar sentimentos de medo de subir no palco. Tem um curto per\u00edodo de a\u00e7\u00e3o de n\u00e3o mais de 2 dias. Ao mesmo tempo, \u00e9 bem eliminado do corpo.<\/p>\n<p>Propriedades da droga e seus efeitos<br \/>\nAtletas costumam usar propionato de testosterona para construir massa muscular de qualidade e aumentar sua for\u00e7a e resist\u00eancia. D\u00e1 resultados consistentes e confi\u00e1veis \u200b\u200bsem volume de \u00e1gua.<\/p>\n<p>Test Prop \u00e9 caracterizado pelos seguintes efeitos quando tomado:<\/p>\n<p>Manuten\u00e7\u00e3o do crescimento muscular de qualidade com conte\u00fado m\u00ednimo de l\u00edquidos;<br \/>\nAumento da for\u00e7a e resist\u00eancia;<br \/>\nAumento da libido, motiva\u00e7\u00e3o, humor e apetite;<br \/>\nAumento da for\u00e7a dos ossos e articula\u00e7\u00f5es;<br \/>\nRecupera\u00e7\u00e3o r\u00e1pida ap\u00f3s os treinos.<br \/>\nA subst\u00e2ncia come\u00e7a a agir muito rapidamente, ap\u00f3s as primeiras inje\u00e7\u00f5es. O efeito pode ser sentido em poucas horas. O propionato de testosterona tem efeitos colaterais fracos que ocorrem muito raramente. Devido a esta propriedade, pode ser usado mesmo por iniciantes.<\/p>\n<p>Administra\u00e7\u00e3o<br \/>\nAntes de iniciar um ciclo de Propionato de Testosterona, voc\u00ea deve consultar um especialista em esportes para ajud\u00e1-lo a escolher a dosagem. O padr\u00e3o geral de ingest\u00e3o \u00e9 o seguinte:<\/p>\n<p>* A dosagem semanal m\u00e1xima permitida \u00e9 de 350mg. A ingest\u00e3o do medicamento deve ser iniciada em 50mg em dias alternados.<br \/>\n* O curso n\u00e3o deve durar mais de 1,5-2 meses.<br \/>\n* Para obter o maior efeito, a droga deve ser combinada com outros AAS, como Estanozolol, Methandienone, Trembolona e outros. As combina\u00e7\u00f5es espec\u00edficas dependem dos resultados necess\u00e1rios, do programa de treinamento e da dieta utilizada.<br \/>\n* Durante o curso voc\u00ea deve monitorar sua sa\u00fade e equil\u00edbrio hormonal.<br \/>\n* Ap\u00f3s a conclus\u00e3o do curso, voc\u00ea deve fazer a terapia p\u00f3s-ciclo (PCT). Isso ajuda a restaurar a produ\u00e7\u00e3o natural do horm\u00f4nio masculino.<br \/>\n* A droga pode ser usada por mulheres. Para eles, a dosagem \u00e9 reduzida para 25-50mg por semana e a dura\u00e7\u00e3o do curso \u00e9 de 6 semanas<\/p>","protected":false},"excerpt":{"rendered":"<p>Este ester\u00f3ide anabolizante injet\u00e1vel \u00e9 desenvolvido com base em propionato de testosterona. \u00c9 frequentemente usado por fisiculturistas para se preparar<\/p>\n","protected":false},"featured_media":10576,"comment_status":"open","ping_status":"closed","template":"","meta":[],"product_brand":[3532],"product_cat":[69],"product_tag":[],"class_list":{"0":"post-10575","1":"product","2":"type-product","3":"status-publish","4":"has-post-thumbnail","6":"product_brand-imperia-labs","7":"product_cat-esteroides_inyectables","9":"first","10":"instock","11":"shipping-taxable","12":"purchasable","13":"product-type-simple"},"yoast_head":"<!-- This site is optimized with the Yoast SEO Premium plugin v24.4 (Yoast SEO v27.3) - https:\/\/yoast.com\/product\/yoast-seo-premium-wordpress\/ -->\n<title>TESTOSTERON PROPIONATE 100mg - Ester\u00f3ides Online<\/title>\n<meta name=\"robots\" content=\"index, follow, max-snippet:-1, max-image-preview:large, max-video-preview:-1\" \/>\n<link rel=\"canonical\" href=\"https:\/\/iberoid.com\/pt\/product\/testosteron-propionate\/\" \/>\n<meta property=\"og:locale\" content=\"pt_PT\" \/>\n<meta property=\"og:type\" content=\"article\" \/>\n<meta property=\"og:title\" content=\"TESTOSTERON PROPIONATE 100mg\" \/>\n<meta property=\"og:description\" content=\"Este ester\u00f3ide anabolizante injet\u00e1vel \u00e9 desenvolvido com base em propionato de testosterona. \u00c9 frequentemente usado por fisiculturistas para se preparar\" \/>\n<meta property=\"og:url\" content=\"https:\/\/iberoid.com\/pt\/product\/testosteron-propionate\/\" \/>\n<meta property=\"og:site_name\" content=\"Ester\u00f3ides Online\" \/>\n<meta property=\"article:modified_time\" content=\"2026-04-13T12:18:54+00:00\" \/>\n<meta property=\"og:image\" content=\"https:\/\/iberoid.com\/wp-content\/uploads\/2026\/02\/TP-IMP.webp\" \/>\n\t<meta property=\"og:image:width\" content=\"1920\" \/>\n\t<meta property=\"og:image:height\" content=\"1756\" \/>\n\t<meta property=\"og:image:type\" content=\"image\/webp\" \/>\n<meta name=\"twitter:card\" content=\"summary_large_image\" \/>\n<meta name=\"twitter:label1\" content=\"pre\u00e7o\" \/>\n\t<meta name=\"twitter:data1\" content=\"&euro;35.00\" \/>\n\t<meta name=\"twitter:label2\" content=\"Disponibilidade\" \/>\n\t<meta name=\"twitter:data2\" content=\"Em stock\" \/>\n<script type=\"application\/ld+json\" class=\"yoast-schema-graph\">{\"@context\":\"https:\\\/\\\/schema.org\",\"@graph\":[{\"@type\":\"WebPage\",\"@id\":\"https:\\\/\\\/iberoid.com\\\/pt\\\/product\\\/testosteron-propionate\\\/\",\"url\":\"https:\\\/\\\/iberoid.com\\\/pt\\\/product\\\/testosteron-propionate\\\/\",\"name\":\"TESTOSTERON PROPIONATE 100mg - Ester\u00f3ides Online\",\"isPartOf\":{\"@id\":\"https:\\\/\\\/iberoid.com\\\/pt\\\/#website\"},\"primaryImageOfPage\":{\"@id\":\"https:\\\/\\\/iberoid.com\\\/pt\\\/product\\\/testosteron-propionate\\\/#primaryimage\"},\"image\":{\"@id\":\"https:\\\/\\\/iberoid.com\\\/pt\\\/product\\\/testosteron-propionate\\\/#primaryimage\"},\"thumbnailUrl\":\"https:\\\/\\\/iberoid.com\\\/wp-content\\\/uploads\\\/2026\\\/02\\\/TP-IMP.webp\",\"datePublished\":\"2026-02-13T16:30:33+00:00\",\"dateModified\":\"2026-04-13T12:18:54+00:00\",\"breadcrumb\":{\"@id\":\"https:\\\/\\\/iberoid.com\\\/pt\\\/product\\\/testosteron-propionate\\\/#breadcrumb\"},\"inLanguage\":\"pt-PT\",\"potentialAction\":[{\"@type\":\"ReadAction\",\"target\":[[\"https:\\\/\\\/iberoid.com\\\/pt\\\/product\\\/testosteron-propionate\\\/\"]]}]},{\"@type\":\"ImageObject\",\"inLanguage\":\"pt-PT\",\"@id\":\"https:\\\/\\\/iberoid.com\\\/pt\\\/product\\\/testosteron-propionate\\\/#primaryimage\",\"url\":\"https:\\\/\\\/iberoid.com\\\/wp-content\\\/uploads\\\/2026\\\/02\\\/TP-IMP.webp\",\"contentUrl\":\"https:\\\/\\\/iberoid.com\\\/wp-content\\\/uploads\\\/2026\\\/02\\\/TP-IMP.webp\",\"width\":1920,\"height\":1756},{\"@type\":\"BreadcrumbList\",\"@id\":\"https:\\\/\\\/iberoid.com\\\/pt\\\/product\\\/testosteron-propionate\\\/#breadcrumb\",\"itemListElement\":[{\"@type\":\"ListItem\",\"position\":1,\"name\":\"Portada\",\"item\":\"https:\\\/\\\/iberoid.com\\\/pt\\\/\"},{\"@type\":\"ListItem\",\"position\":2,\"name\":\"Loja\",\"item\":\"https:\\\/\\\/iberoid.com\\\/pt\\\/shop\\\/\"},{\"@type\":\"ListItem\",\"position\":3,\"name\":\"TESTOSTERON PROPIONATE 100mg\"}]},{\"@type\":\"WebSite\",\"@id\":\"https:\\\/\\\/iberoid.com\\\/pt\\\/#website\",\"url\":\"https:\\\/\\\/iberoid.com\\\/pt\\\/\",\"name\":\"Ester\u00f3ides Online\",\"description\":\"Compre ester\u00f3ides online hoje em Espanha e Portugal. Temos o melhor servi\u00e7o ao cliente do setor e produtos da mais alta qualidade\",\"potentialAction\":[{\"@type\":\"SearchAction\",\"target\":{\"@type\":\"EntryPoint\",\"urlTemplate\":\"https:\\\/\\\/iberoid.com\\\/pt\\\/?s={search_term_string}\"},\"query-input\":{\"@type\":\"PropertyValueSpecification\",\"valueRequired\":true,\"valueName\":\"search_term_string\"}}],\"inLanguage\":\"pt-PT\"}]}<\/script>\n<meta property=\"product:brand\" content=\"IMPERIA LABS\" \/>\n<meta property=\"product:price:amount\" content=\"35.00\" \/>\n<meta property=\"product:price:currency\" content=\"EUR\" \/>\n<meta property=\"og:availability\" content=\"instock\" \/>\n<meta property=\"product:availability\" content=\"instock\" \/>\n<meta property=\"product:condition\" content=\"new\" \/>\n<!-- \/ Yoast SEO Premium plugin. -->","yoast_head_json":{"title":"TESTOSTERON PROPIONATE 100mg - Ester\u00f3ides Online","robots":{"index":"index","follow":"follow","max-snippet":"max-snippet:-1","max-image-preview":"max-image-preview:large","max-video-preview":"max-video-preview:-1"},"canonical":"https:\/\/iberoid.com\/pt\/product\/testosteron-propionate\/","og_locale":"pt_PT","og_type":"article","og_title":"TESTOSTERON PROPIONATE 100mg","og_description":"Este ester\u00f3ide anabolizante injet\u00e1vel \u00e9 desenvolvido com base em propionato de testosterona. \u00c9 frequentemente usado por fisiculturistas para se preparar","og_url":"https:\/\/iberoid.com\/pt\/product\/testosteron-propionate\/","og_site_name":"Ester\u00f3ides Online","article_modified_time":"2026-04-13T12:18:54+00:00","og_image":[{"width":1920,"height":1756,"url":"https:\/\/iberoid.com\/wp-content\/uploads\/2026\/02\/TP-IMP.webp","type":"image\/webp"}],"twitter_card":"summary_large_image","twitter_misc":{"pre\u00e7o":"&euro;35.00","Disponibilidade":"Em stock"},"schema":{"@context":"https:\/\/schema.org","@graph":[{"@type":"WebPage","@id":"https:\/\/iberoid.com\/pt\/product\/testosteron-propionate\/","url":"https:\/\/iberoid.com\/pt\/product\/testosteron-propionate\/","name":"TESTOSTERON PROPIONATE 100mg - Ester\u00f3ides Online","isPartOf":{"@id":"https:\/\/iberoid.com\/pt\/#website"},"primaryImageOfPage":{"@id":"https:\/\/iberoid.com\/pt\/product\/testosteron-propionate\/#primaryimage"},"image":{"@id":"https:\/\/iberoid.com\/pt\/product\/testosteron-propionate\/#primaryimage"},"thumbnailUrl":"https:\/\/iberoid.com\/wp-content\/uploads\/2026\/02\/TP-IMP.webp","datePublished":"2026-02-13T16:30:33+00:00","dateModified":"2026-04-13T12:18:54+00:00","breadcrumb":{"@id":"https:\/\/iberoid.com\/pt\/product\/testosteron-propionate\/#breadcrumb"},"inLanguage":"pt-PT","potentialAction":[{"@type":"ReadAction","target":[["https:\/\/iberoid.com\/pt\/product\/testosteron-propionate\/"]]}]},{"@type":"ImageObject","inLanguage":"pt-PT","@id":"https:\/\/iberoid.com\/pt\/product\/testosteron-propionate\/#primaryimage","url":"https:\/\/iberoid.com\/wp-content\/uploads\/2026\/02\/TP-IMP.webp","contentUrl":"https:\/\/iberoid.com\/wp-content\/uploads\/2026\/02\/TP-IMP.webp","width":1920,"height":1756},{"@type":"BreadcrumbList","@id":"https:\/\/iberoid.com\/pt\/product\/testosteron-propionate\/#breadcrumb","itemListElement":[{"@type":"ListItem","position":1,"name":"Portada","item":"https:\/\/iberoid.com\/pt\/"},{"@type":"ListItem","position":2,"name":"Loja","item":"https:\/\/iberoid.com\/pt\/shop\/"},{"@type":"ListItem","position":3,"name":"TESTOSTERON PROPIONATE 100mg"}]},{"@type":"WebSite","@id":"https:\/\/iberoid.com\/pt\/#website","url":"https:\/\/iberoid.com\/pt\/","name":"Ester\u00f3ides Online","description":"Compre ester\u00f3ides online hoje em Espanha e Portugal. Temos o melhor servi\u00e7o ao cliente do setor e produtos da mais alta qualidade","potentialAction":[{"@type":"SearchAction","target":{"@type":"EntryPoint","urlTemplate":"https:\/\/iberoid.com\/pt\/?s={search_term_string}"},"query-input":{"@type":"PropertyValueSpecification","valueRequired":true,"valueName":"search_term_string"}}],"inLanguage":"pt-PT"}]},"product_brand":"IMPERIA LABS","product_price_amount":"35.00","product_price_currency":"EUR","og_availability":"instock","product_availability":"instock","product_condition":"new"},"_links":{"self":[{"href":"https:\/\/iberoid.com\/pt\/wp-json\/wp\/v2\/product\/10575","targetHints":{"allow":["GET"]}}],"collection":[{"href":"https:\/\/iberoid.com\/pt\/wp-json\/wp\/v2\/product"}],"about":[{"href":"https:\/\/iberoid.com\/pt\/wp-json\/wp\/v2\/types\/product"}],"replies":[{"embeddable":true,"href":"https:\/\/iberoid.com\/pt\/wp-json\/wp\/v2\/comments?post=10575"}],"wp:featuredmedia":[{"embeddable":true,"href":"https:\/\/iberoid.com\/pt\/wp-json\/wp\/v2\/media\/10576"}],"wp:attachment":[{"href":"https:\/\/iberoid.com\/pt\/wp-json\/wp\/v2\/media?parent=10575"}],"wp:term":[{"taxonomy":"product_brand","embeddable":true,"href":"https:\/\/iberoid.com\/pt\/wp-json\/wp\/v2\/product_brand?post=10575"},{"taxonomy":"product_cat","embeddable":true,"href":"https:\/\/iberoid.com\/pt\/wp-json\/wp\/v2\/product_cat?post=10575"},{"taxonomy":"product_tag","embeddable":true,"href":"https:\/\/iberoid.com\/pt\/wp-json\/wp\/v2\/product_tag?post=10575"}],"curies":[{"name":"wp","href":"https:\/\/api.w.org\/{rel}","templated":true}]}}