{"id":10604,"date":"2026-03-01T14:13:53","date_gmt":"2026-03-01T14:13:53","guid":{"rendered":"https:\/\/iberoid.com\/?post_type=product&#038;p=10604"},"modified":"2026-04-13T12:46:59","modified_gmt":"2026-04-13T12:46:59","slug":"sustamix-sustanon-arenis","status":"publish","type":"product","link":"https:\/\/iberoid.com\/pt\/product\/sustamix-sustanon-arenis\/","title":{"rendered":"SUSTAMIX &#8211; SUSTANON"},"content":{"rendered":"<p><\/p>\n<p data-path-to-node=\"2\"><b data-path-to-node=\"2\" data-index-in-node=\"0\">Refer\u00eancia:<\/b> 250 mg\/ml (vial de 10 ml)<\/p>\n<p data-path-to-node=\"3\"><b data-path-to-node=\"3\" data-index-in-node=\"0\">Nome do produto:<\/b> Sustamix-250<\/p>\n<p data-path-to-node=\"4\"><b data-path-to-node=\"4\" data-index-in-node=\"0\">Subst\u00e2ncia:<\/b> 30mg de Propionato de Testosterona, 60mg de Fenilpropionato de Testosterona, 60mg de Isocaproato de Testosterona e 100mg de Decanoato de Testosterona.<\/p>\n<p data-path-to-node=\"5\"><b data-path-to-node=\"5\" data-index-in-node=\"0\">Fabricante:<\/b> Arenis Medico<\/p>\n<p data-path-to-node=\"6\"><b data-path-to-node=\"6\" data-index-in-node=\"0\">Vida Ativa:<\/b> 21 dias<\/p>\n<p data-path-to-node=\"7\"><b data-path-to-node=\"7\" data-index-in-node=\"0\">Classe de Droga:<\/b> Esteroide Anabolizante\/Androg\u00eanico (injet\u00e1vel)<\/p>\n<p data-path-to-node=\"8\"><b data-path-to-node=\"8\" data-index-in-node=\"0\">Dose M\u00e9dia:<\/b> 250-1000 mg\/semana (apenas homens)<\/p>\n<p data-path-to-node=\"9\"><b data-path-to-node=\"9\" data-index-in-node=\"0\">Ane:<\/b> Sim<\/p>\n<p data-path-to-node=\"10\"><b data-path-to-node=\"10\" data-index-in-node=\"0\">Reten\u00e7\u00e3o de L\u00edquidos:<\/b> Sim<\/p>\n<p data-path-to-node=\"11\"><b data-path-to-node=\"11\" data-index-in-node=\"0\">Press\u00e3o Alta:<\/b> Sim<\/p>\n<p data-path-to-node=\"12\"><b data-path-to-node=\"12\" data-index-in-node=\"0\">Toxicidade Hep\u00e1tica:<\/b> Baixa<\/p>\n<p data-path-to-node=\"13\"><b data-path-to-node=\"13\" data-index-in-node=\"0\">Aromatiza\u00e7\u00e3o:<\/b> Sim<\/p>\n<p data-path-to-node=\"14\"><b data-path-to-node=\"14\" data-index-in-node=\"0\">Convers\u00e3o em DHT:<\/b> Sim, alta<\/p>\n<p data-path-to-node=\"15\"><b data-path-to-node=\"15\" data-index-in-node=\"0\">Diminui\u00e7\u00e3o da fun\u00e7\u00e3o HPTA:<\/b> Sim, grave<\/p>\n<p data-path-to-node=\"16\"><b data-path-to-node=\"16\" data-index-in-node=\"0\">Tempo de detec\u00e7\u00e3o:<\/b> Aprox. 21 dias<\/p>\n<hr data-path-to-node=\"17\" \/>\n<h3 data-path-to-node=\"18\">O que \u00e9 a testosterona?<\/h3>\n<p data-path-to-node=\"19\">A testosterona \u00e9 um horm\u00f4nio sexual produzido nos test\u00edculos masculinos. A testosterona tamb\u00e9m \u00e9 produzida em pequenas quantidades nos ov\u00e1rios femininos e no sistema adrenal. A testosterona \u00e9 utilizada em homens e rapazes para tratar condi\u00e7\u00f5es causadas pela falta deste horm\u00f4nio, tais como puberdade tardia, impot\u00eancia ou outros desequil\u00edbrios hormonais. Tamb\u00e9m \u00e9 utilizada em mulheres para tratar o cancro (c\u00e2ncer) de mama que se espalhou para outras partes do corpo.<\/p>\n<h3 data-path-to-node=\"20\">Informa\u00e7\u00f5es importantes sobre a testosterona<\/h3>\n<p data-path-to-node=\"21\">Este medicamento pode causar defeitos cong\u00eanitos no feto se for utilizado por uma mulher durante a gravidez. N\u00e3o receba testosterona se estiver gr\u00e1vida. N\u00e3o receba testosterona se tiver cancro da pr\u00f3stata, cancro da mama masculino, se estiver gr\u00e1vida ou se alguma vez tiver tido uma rea\u00e7\u00e3o al\u00e9rgica a um tratamento hormonal.<\/p>\n<h3 data-path-to-node=\"22\">Antes de receber testosterona<\/h3>\n<p data-path-to-node=\"23\">Voc\u00ea n\u00e3o deve receber este medicamento se tiver:<\/p>\n<ul data-path-to-node=\"24\">\n<li>\n<p data-path-to-node=\"24,0,0\">Cancro da pr\u00f3stata;<\/p>\n<\/li>\n<li>\n<p data-path-to-node=\"24,1,0\">Cancro da mama masculino;<\/p>\n<\/li>\n<li>\n<p data-path-to-node=\"24,2,0\">Se estiver gr\u00e1vida; ou<\/p>\n<\/li>\n<li>\n<p data-path-to-node=\"24,3,0\">Se alguma vez teve uma rea\u00e7\u00e3o al\u00e9rgica a um tratamento hormonal.<\/p>\n<\/li>\n<\/ul>\n<p data-path-to-node=\"25\">Antes de receber testosterona, informe se \u00e9 al\u00e9rgico a algum medicamento ou se tem:<\/p>\n<ul data-path-to-node=\"26\">\n<li>\n<p data-path-to-node=\"26,0,0\">Hipertrofia benigna da pr\u00f3stata (HBP);<\/p>\n<\/li>\n<li>\n<p data-path-to-node=\"26,1,0\">Qualquer tipo de cancro;<\/p>\n<\/li>\n<li>\n<p data-path-to-node=\"26,2,0\">Colesterol alto;<\/p>\n<\/li>\n<li>\n<p data-path-to-node=\"26,3,0\">Um dist\u00farbio hemorr\u00e1gico ou de coagula\u00e7\u00e3o sangu\u00ednea;<\/p>\n<\/li>\n<li>\n<p data-path-to-node=\"26,4,0\">Doen\u00e7a hep\u00e1tica ou renal; ou<\/p>\n<\/li>\n<li>\n<p data-path-to-node=\"26,5,0\">Doen\u00e7a card\u00edaca, doen\u00e7a arterial coron\u00e1ria (art\u00e9rias endurecidas), insufici\u00eancia card\u00edaca congestiva ou hist\u00f3rico de ataque card\u00edaco.<\/p>\n<\/li>\n<\/ul>\n<p data-path-to-node=\"27\">Se tiver alguma destas condi\u00e7\u00f5es, poder\u00e1 necessitar de um ajuste de dose ou de exames especiais para utilizar com seguran\u00e7a a inje\u00e7\u00e3o de testosterona (Categoria X da FDA para gravidez). A testosterona pode causar defeitos cong\u00eanitos. N\u00e3o receba testosterona se estiver gr\u00e1vida. Utilize uma forma eficaz de controlo de natalidade enquanto estiver a receber este medicamento. N\u00e3o se sabe se a testosterona passa para o leite materno ou se pode prejudicar o beb\u00e9 em amamenta\u00e7\u00e3o.<\/p>\n<h3 data-path-to-node=\"28\">Como a testosterona \u00e9 administrada?<\/h3>\n<p data-path-to-node=\"29\">A inje\u00e7\u00e3o de testosterona \u00e9 administrada como uma inje\u00e7\u00e3o num m\u00fasculo das n\u00e1degas. A inje\u00e7\u00e3o de testosterona \u00e9 geralmente administrada a cada 2 a 4 semanas. O n\u00famero de meses que precisar\u00e1 de usar a inje\u00e7\u00e3o de testosterona depender\u00e1 da condi\u00e7\u00e3o a ser tratada. Para ter a certeza de que este medicamento est\u00e1 a ajudar a sua condi\u00e7\u00e3o, o seu sangue precisar\u00e1 de ser testado regularmente. Este medicamento pode afetar o crescimento \u00f3sseo em rapazes que s\u00e3o tratados por puberdade tardia. O desenvolvimento \u00f3sseo pode precisar de ser verificado com raios-X a cada 6 meses durante o tratamento.<\/p>\n<h3 data-path-to-node=\"30\">O que acontece se eu tiver uma overdose?<\/h3>\n<p data-path-to-node=\"31\">N\u00e3o se espera que uma overdose deste medicamento produza sintomas que ponham a vida em risco.<\/p>\n<h3 data-path-to-node=\"32\">Efeitos secund\u00e1rios da testosterona<\/h3>\n<p data-path-to-node=\"33\">Procure ajuda m\u00e9dica de emerg\u00eancia se tiver algum destes sinais de rea\u00e7\u00e3o al\u00e9rgica: urtic\u00e1ria; dificuldade em respirar; incha\u00e7o do rosto, l\u00e1bios, l\u00edngua ou garganta.<\/p>\n<p data-path-to-node=\"34\"><b data-path-to-node=\"34\" data-index-in-node=\"0\">Outros efeitos secund\u00e1rios:<\/b><\/p>\n<ul data-path-to-node=\"35\">\n<li>\n<p data-path-to-node=\"35,0,0\">Incha\u00e7o, ganho de peso r\u00e1pido;<\/p>\n<\/li>\n<li>\n<p data-path-to-node=\"35,1,0\">Ere\u00e7\u00e3o aumentada ou cont\u00ednua do p\u00e9nis;<\/p>\n<\/li>\n<li>\n<p data-path-to-node=\"35,2,0\">Dor nos ossos, aumento da sede, problemas de mem\u00f3ria, sensa\u00e7\u00e3o de inquieta\u00e7\u00e3o, confus\u00e3o, n\u00e1useas, perda de apetite, aumento da mic\u00e7\u00e3o, fraqueza ou espasmos musculares; ou<\/p>\n<\/li>\n<li>\n<p data-path-to-node=\"35,3,0\">N\u00e1useas, v\u00f3mitos, dor de est\u00f4mago, perda de apetite e icter\u00edcia (amarelamento da pele ou dos olhos).<\/p>\n<\/li>\n<\/ul>\n<p data-path-to-node=\"36\">Mulheres que recebem o tratamento podem desenvolver caracter\u00edsticas masculinas, que podem ser irrevers\u00edveis se o tratamento com testosterona for continuado. <b data-path-to-node=\"36\" data-index-in-node=\"157\">Sinais de excesso de testosterona:<\/b><\/p>\n<ul data-path-to-node=\"37\">\n<li>\n<p data-path-to-node=\"37,0,0\">Acne;<\/p>\n<\/li>\n<li>\n<p data-path-to-node=\"37,1,0\">Altera\u00e7\u00f5es nos per\u00edodos menstruais;<\/p>\n<\/li>\n<li>\n<p data-path-to-node=\"37,2,0\">Crescimento de pelos de padr\u00e3o masculino (como no queixo ou no peito);<\/p>\n<\/li>\n<li>\n<p data-path-to-node=\"37,3,0\">Calv\u00edcie de padr\u00e3o masculino;<\/p>\n<\/li>\n<li>\n<p data-path-to-node=\"37,4,0\">Clit\u00f3ris aumentado; ou<\/p>\n<\/li>\n<li>\n<p data-path-to-node=\"37,5,0\">Aumento ou diminui\u00e7\u00e3o do desejo sexual.<\/p>\n<\/li>\n<\/ul>\n<p data-path-to-node=\"38\"><b data-path-to-node=\"38\" data-index-in-node=\"0\">Efeitos secund\u00e1rios menos graves da testosterona podem incluir:<\/b><\/p>\n<ul data-path-to-node=\"39\">\n<li>\n<p data-path-to-node=\"39,0,0\">Incha\u00e7o das mamas em homens;<\/p>\n<\/li>\n<li>\n<p data-path-to-node=\"39,1,0\">Dor de cabe\u00e7a, ansiedade, humor deprimido;<\/p>\n<\/li>\n<li>\n<p data-path-to-node=\"39,2,0\">Sensa\u00e7\u00e3o de dorm\u00eancia ou formigueiro; ou<\/p>\n<\/li>\n<li>\n<p data-path-to-node=\"39,3,0\">Dor ou incha\u00e7o no local onde o medicamento foi injetado.<\/p>\n<\/li>\n<\/ul>\n<h3 data-path-to-node=\"40\">Que outros medicamentos afetar\u00e3o a testosterona?<\/h3>\n<p data-path-to-node=\"41\">Antes de receber testosterona, verifique se est\u00e1 a utilizar algum dos seguintes medicamentos:<\/p>\n<ul data-path-to-node=\"42\">\n<li>\n<p data-path-to-node=\"42,0,0\">O anticoagulante varfarina (Coumadin);<\/p>\n<\/li>\n<li>\n<p data-path-to-node=\"42,1,0\">Insulina ou medicamentos para a diabetes que toma por via oral, tais como glimepirida, glipizida, gliburida, metformina, rosiglitazona e outros; ou<\/p>\n<\/li>\n<li>\n<p data-path-to-node=\"42,2,0\">Medicamentos esteroides como a metilprednisolona, prednisona e outros.<\/p>\n<\/li>\n<\/ul>\n<p data-path-to-node=\"43\">Se estiver a utilizar algum destes medicamentos, poder\u00e1 n\u00e3o ser capaz de receber testosterona, ou poder\u00e1 necessitar de ajustes de dosagem ou de testes especiais durante o tratamento. Podem existir outros medicamentos n\u00e3o listados que podem afetar a testosterona.<\/p>\n<p><\/p>","protected":false},"excerpt":{"rendered":"<p>Refer\u00eancia: 250 mg\/ml (vial de 10 ml) Nome do produto: Sustamix-250 Subst\u00e2ncia: 30mg de Propionato de Testosterona, 60mg de Fenilpropionato<\/p>\n","protected":false},"featured_media":10605,"comment_status":"open","ping_status":"closed","template":"","meta":[],"product_brand":[],"product_cat":[69,3533],"product_tag":[],"class_list":{"0":"post-10604","1":"product","2":"type-product","3":"status-publish","4":"has-post-thumbnail","6":"product_cat-esteroides_inyectables","7":"product_cat-sales-rebajas","9":"first","10":"outofstock","11":"shipping-taxable","12":"purchasable","13":"product-type-simple"},"yoast_head":"<!-- This site is optimized with the Yoast SEO Premium plugin v24.4 (Yoast SEO v27.3) - https:\/\/yoast.com\/product\/yoast-seo-premium-wordpress\/ -->\n<title>SUSTAMIX - SUSTANON - Ester\u00f3ides Online<\/title>\n<meta name=\"robots\" content=\"index, follow, max-snippet:-1, max-image-preview:large, max-video-preview:-1\" \/>\n<link rel=\"canonical\" href=\"https:\/\/iberoid.com\/pt\/product\/sustamix-sustanon-arenis\/\" \/>\n<meta property=\"og:locale\" content=\"pt_PT\" \/>\n<meta property=\"og:type\" content=\"article\" \/>\n<meta property=\"og:title\" content=\"SUSTAMIX - SUSTANON\" \/>\n<meta property=\"og:description\" content=\"Refer\u00eancia: 250 mg\/ml (vial de 10 ml) Nome do produto: Sustamix-250 Subst\u00e2ncia: 30mg de Propionato de Testosterona, 60mg de Fenilpropionato\" \/>\n<meta property=\"og:url\" content=\"https:\/\/iberoid.com\/pt\/product\/sustamix-sustanon-arenis\/\" \/>\n<meta property=\"og:site_name\" content=\"Ester\u00f3ides Online\" \/>\n<meta property=\"article:modified_time\" content=\"2026-04-13T12:46:59+00:00\" \/>\n<meta property=\"og:image\" content=\"https:\/\/iberoid.com\/wp-content\/uploads\/2026\/03\/sustamix_new.jpg?v=1772374398\" \/>\n\t<meta property=\"og:image:width\" content=\"2000\" \/>\n\t<meta property=\"og:image:height\" content=\"2000\" \/>\n\t<meta property=\"og:image:type\" content=\"image\/jpeg\" \/>\n<meta name=\"twitter:card\" content=\"summary_large_image\" \/>\n<meta name=\"twitter:label1\" content=\"pre\u00e7o\" \/>\n\t<meta name=\"twitter:data1\" content=\"&euro;25.00\" \/>\n\t<meta name=\"twitter:label2\" content=\"Disponibilidade\" \/>\n\t<meta name=\"twitter:data2\" content=\"Esgotado\" \/>\n<script type=\"application\/ld+json\" class=\"yoast-schema-graph\">{\"@context\":\"https:\\\/\\\/schema.org\",\"@graph\":[{\"@type\":\"WebPage\",\"@id\":\"https:\\\/\\\/iberoid.com\\\/pt\\\/product\\\/sustamix-sustanon-arenis\\\/\",\"url\":\"https:\\\/\\\/iberoid.com\\\/pt\\\/product\\\/sustamix-sustanon-arenis\\\/\",\"name\":\"SUSTAMIX - SUSTANON - Ester\u00f3ides Online\",\"isPartOf\":{\"@id\":\"https:\\\/\\\/iberoid.com\\\/pt\\\/#website\"},\"primaryImageOfPage\":{\"@id\":\"https:\\\/\\\/iberoid.com\\\/pt\\\/product\\\/sustamix-sustanon-arenis\\\/#primaryimage\"},\"image\":{\"@id\":\"https:\\\/\\\/iberoid.com\\\/product\\\/sustamix-sustanon-arenis\\\/#primaryimage\"},\"thumbnailUrl\":\"https:\\\/\\\/iberoid.com\\\/wp-content\\\/uploads\\\/2026\\\/03\\\/sustamix_new.jpg?v=1772374398\",\"datePublished\":\"2026-03-01T14:13:53+00:00\",\"dateModified\":\"2026-04-13T12:46:59+00:00\",\"breadcrumb\":{\"@id\":\"https:\\\/\\\/iberoid.com\\\/pt\\\/product\\\/sustamix-sustanon-arenis\\\/#breadcrumb\"},\"inLanguage\":\"pt-PT\",\"potentialAction\":[{\"@type\":\"ReadAction\",\"target\":[[\"https:\\\/\\\/iberoid.com\\\/pt\\\/product\\\/sustamix-sustanon-arenis\\\/\"]]}]},{\"@type\":\"ImageObject\",\"inLanguage\":\"pt-PT\",\"@id\":\"https:\\\/\\\/iberoid.com\\\/pt\\\/product\\\/sustamix-sustanon-arenis\\\/#primaryimage\",\"url\":\"https:\\\/\\\/iberoid.com\\\/wp-content\\\/uploads\\\/2026\\\/03\\\/sustamix_new.jpg?v=1772374398\",\"contentUrl\":\"https:\\\/\\\/iberoid.com\\\/wp-content\\\/uploads\\\/2026\\\/03\\\/sustamix_new.jpg?v=1772374398\",\"width\":2000,\"height\":2000},{\"@type\":\"BreadcrumbList\",\"@id\":\"https:\\\/\\\/iberoid.com\\\/pt\\\/product\\\/sustamix-sustanon-arenis\\\/#breadcrumb\",\"itemListElement\":[{\"@type\":\"ListItem\",\"position\":1,\"name\":\"Portada\",\"item\":\"https:\\\/\\\/iberoid.com\\\/pt\\\/\"},{\"@type\":\"ListItem\",\"position\":2,\"name\":\"Loja\",\"item\":\"https:\\\/\\\/iberoid.com\\\/pt\\\/shop\\\/\"},{\"@type\":\"ListItem\",\"position\":3,\"name\":\"SUSTAMIX &#8211; SUSTANON\"}]},{\"@type\":\"WebSite\",\"@id\":\"https:\\\/\\\/iberoid.com\\\/pt\\\/#website\",\"url\":\"https:\\\/\\\/iberoid.com\\\/pt\\\/\",\"name\":\"Ester\u00f3ides Online\",\"description\":\"Compre ester\u00f3ides online hoje em Espanha e Portugal. Temos o melhor servi\u00e7o ao cliente do setor e produtos da mais alta qualidade\",\"potentialAction\":[{\"@type\":\"SearchAction\",\"target\":{\"@type\":\"EntryPoint\",\"urlTemplate\":\"https:\\\/\\\/iberoid.com\\\/pt\\\/?s={search_term_string}\"},\"query-input\":{\"@type\":\"PropertyValueSpecification\",\"valueRequired\":true,\"valueName\":\"search_term_string\"}}],\"inLanguage\":\"pt-PT\"}]}<\/script>\n<meta property=\"product:brand\" content=\"Arenis Medico\" \/>\n<meta property=\"product:price:amount\" content=\"25.00\" \/>\n<meta property=\"product:price:currency\" content=\"EUR\" \/>\n<meta property=\"og:availability\" content=\"out of stock\" \/>\n<meta property=\"product:availability\" content=\"out of stock\" \/>\n<meta property=\"product:condition\" content=\"new\" \/>\n<!-- \/ Yoast SEO Premium plugin. -->","yoast_head_json":{"title":"SUSTAMIX - SUSTANON - Ester\u00f3ides Online","robots":{"index":"index","follow":"follow","max-snippet":"max-snippet:-1","max-image-preview":"max-image-preview:large","max-video-preview":"max-video-preview:-1"},"canonical":"https:\/\/iberoid.com\/pt\/product\/sustamix-sustanon-arenis\/","og_locale":"pt_PT","og_type":"article","og_title":"SUSTAMIX - SUSTANON","og_description":"Refer\u00eancia: 250 mg\/ml (vial de 10 ml) Nome do produto: Sustamix-250 Subst\u00e2ncia: 30mg de Propionato de Testosterona, 60mg de Fenilpropionato","og_url":"https:\/\/iberoid.com\/pt\/product\/sustamix-sustanon-arenis\/","og_site_name":"Ester\u00f3ides Online","article_modified_time":"2026-04-13T12:46:59+00:00","og_image":[{"width":2000,"height":2000,"url":"https:\/\/iberoid.com\/wp-content\/uploads\/2026\/03\/sustamix_new.jpg?v=1772374398","type":"image\/jpeg"}],"twitter_card":"summary_large_image","twitter_misc":{"pre\u00e7o":"&euro;25.00","Disponibilidade":"Esgotado"},"schema":{"@context":"https:\/\/schema.org","@graph":[{"@type":"WebPage","@id":"https:\/\/iberoid.com\/pt\/product\/sustamix-sustanon-arenis\/","url":"https:\/\/iberoid.com\/pt\/product\/sustamix-sustanon-arenis\/","name":"SUSTAMIX - SUSTANON - Ester\u00f3ides Online","isPartOf":{"@id":"https:\/\/iberoid.com\/pt\/#website"},"primaryImageOfPage":{"@id":"https:\/\/iberoid.com\/pt\/product\/sustamix-sustanon-arenis\/#primaryimage"},"image":{"@id":"https:\/\/iberoid.com\/product\/sustamix-sustanon-arenis\/#primaryimage"},"thumbnailUrl":"https:\/\/iberoid.com\/wp-content\/uploads\/2026\/03\/sustamix_new.jpg?v=1772374398","datePublished":"2026-03-01T14:13:53+00:00","dateModified":"2026-04-13T12:46:59+00:00","breadcrumb":{"@id":"https:\/\/iberoid.com\/pt\/product\/sustamix-sustanon-arenis\/#breadcrumb"},"inLanguage":"pt-PT","potentialAction":[{"@type":"ReadAction","target":[["https:\/\/iberoid.com\/pt\/product\/sustamix-sustanon-arenis\/"]]}]},{"@type":"ImageObject","inLanguage":"pt-PT","@id":"https:\/\/iberoid.com\/pt\/product\/sustamix-sustanon-arenis\/#primaryimage","url":"https:\/\/iberoid.com\/wp-content\/uploads\/2026\/03\/sustamix_new.jpg?v=1772374398","contentUrl":"https:\/\/iberoid.com\/wp-content\/uploads\/2026\/03\/sustamix_new.jpg?v=1772374398","width":2000,"height":2000},{"@type":"BreadcrumbList","@id":"https:\/\/iberoid.com\/pt\/product\/sustamix-sustanon-arenis\/#breadcrumb","itemListElement":[{"@type":"ListItem","position":1,"name":"Portada","item":"https:\/\/iberoid.com\/pt\/"},{"@type":"ListItem","position":2,"name":"Loja","item":"https:\/\/iberoid.com\/pt\/shop\/"},{"@type":"ListItem","position":3,"name":"SUSTAMIX &#8211; SUSTANON"}]},{"@type":"WebSite","@id":"https:\/\/iberoid.com\/pt\/#website","url":"https:\/\/iberoid.com\/pt\/","name":"Ester\u00f3ides Online","description":"Compre ester\u00f3ides online hoje em Espanha e Portugal. Temos o melhor servi\u00e7o ao cliente do setor e produtos da mais alta qualidade","potentialAction":[{"@type":"SearchAction","target":{"@type":"EntryPoint","urlTemplate":"https:\/\/iberoid.com\/pt\/?s={search_term_string}"},"query-input":{"@type":"PropertyValueSpecification","valueRequired":true,"valueName":"search_term_string"}}],"inLanguage":"pt-PT"}]},"product_brand":"Arenis Medico","product_price_amount":"25.00","product_price_currency":"EUR","og_availability":"out of stock","product_availability":"out of stock","product_condition":"new"},"_links":{"self":[{"href":"https:\/\/iberoid.com\/pt\/wp-json\/wp\/v2\/product\/10604","targetHints":{"allow":["GET"]}}],"collection":[{"href":"https:\/\/iberoid.com\/pt\/wp-json\/wp\/v2\/product"}],"about":[{"href":"https:\/\/iberoid.com\/pt\/wp-json\/wp\/v2\/types\/product"}],"replies":[{"embeddable":true,"href":"https:\/\/iberoid.com\/pt\/wp-json\/wp\/v2\/comments?post=10604"}],"wp:featuredmedia":[{"embeddable":true,"href":"https:\/\/iberoid.com\/pt\/wp-json\/wp\/v2\/media\/10605"}],"wp:attachment":[{"href":"https:\/\/iberoid.com\/pt\/wp-json\/wp\/v2\/media?parent=10604"}],"wp:term":[{"taxonomy":"product_brand","embeddable":true,"href":"https:\/\/iberoid.com\/pt\/wp-json\/wp\/v2\/product_brand?post=10604"},{"taxonomy":"product_cat","embeddable":true,"href":"https:\/\/iberoid.com\/pt\/wp-json\/wp\/v2\/product_cat?post=10604"},{"taxonomy":"product_tag","embeddable":true,"href":"https:\/\/iberoid.com\/pt\/wp-json\/wp\/v2\/product_tag?post=10604"}],"curies":[{"name":"wp","href":"https:\/\/api.w.org\/{rel}","templated":true}]}}