{"id":10606,"date":"2026-03-01T14:36:09","date_gmt":"2026-03-01T14:36:09","guid":{"rendered":"https:\/\/iberoid.com\/?post_type=product&#038;p=10606"},"modified":"2026-04-30T14:27:40","modified_gmt":"2026-04-30T14:27:40","slug":"stanozolol-50mg-strombabol","status":"publish","type":"product","link":"https:\/\/iberoid.com\/pt\/product\/stanozolol-50mg-strombabol\/","title":{"rendered":"STANOZOLOL &#8211; 50mg (STROMBABOL)"},"content":{"rendered":"<p><\/p>\n<p data-path-to-node=\"2\"><b data-path-to-node=\"2\" data-index-in-node=\"0\">STROMBABOL 50mg em comprimidos<\/b> \u2013 esteroide anabolizante cl\u00e1ssico com <b data-path-to-node=\"2\" data-index-in-node=\"69\">Estanozolol<\/b> como subst\u00e2ncia ativa. O f\u00e1rmaco tornou-se popular entre atletas devido ao aumento significativo da massa muscular magra (sem gordura) e \u00e0 melhoria do fornecimento de c\u00e1lcio aos ossos.<\/p>\n<p data-path-to-node=\"3\">O ingrediente ativo do f\u00e1rmaco \u2014 Estanozolol \u2014 foi desenvolvido ainda meados do s\u00e9culo XX e era utilizado principalmente no ambiente m\u00e9dico. Por volta dos anos 70, sob o nome comercial <b data-path-to-node=\"3\" data-index-in-node=\"185\">Stanabol<\/b> (tamb\u00e9m encontrado como <b data-path-to-node=\"3\" data-index-in-node=\"218\">Winstrol<\/b>), as empresas farmac\u00eauticas come\u00e7aram a produzir o esteroide para as necessidades do desporto profissional. O f\u00e1rmaco possui efeitos anab\u00f3licos de <b data-path-to-node=\"3\" data-index-in-node=\"374\">320%<\/b> em rela\u00e7\u00e3o \u00e0 testosterona e uma atividade androg\u00e9nica moderada (<b data-path-to-node=\"3\" data-index-in-node=\"443\">30%<\/b> da testosterona).<\/p>\n<h3 data-path-to-node=\"4\">Efeitos do Estanozolol:<\/h3>\n<ul data-path-to-node=\"5\">\n<li>\n<p data-path-to-node=\"5,0,0\">Aumento da qualidade dos m\u00fasculos;<\/p>\n<\/li>\n<li>\n<p data-path-to-node=\"5,1,0\">Aumento do desempenho desportivo e da resist\u00eancia;<\/p>\n<\/li>\n<li>\n<p data-path-to-node=\"5,2,0\">Estimula\u00e7\u00e3o de uma elimina\u00e7\u00e3o r\u00e1pida de l\u00edquidos do corpo;<\/p>\n<\/li>\n<li>\n<p data-path-to-node=\"5,3,0\">Aumento do apetite;<\/p>\n<\/li>\n<li>\n<p data-path-to-node=\"5,4,0\">Aumento da libido.<\/p>\n<\/li>\n<\/ul>\n<hr data-path-to-node=\"6\" \/>\n<h3 data-path-to-node=\"7\">Como tomar Estanozolol<\/h3>\n<p data-path-to-node=\"8\">As seguintes restri\u00e7\u00f5es devem ser levadas em considera\u00e7\u00e3o durante a prepara\u00e7\u00e3o do ciclo:<\/p>\n<ul data-path-to-node=\"9\">\n<li>\n<p data-path-to-node=\"9,0,0\">A dura\u00e7\u00e3o m\u00e1xima do ciclo <b data-path-to-node=\"9,0,0\" data-index-in-node=\"26\">n\u00e3o deve exceder 8 semanas<\/b>.<\/p>\n<\/li>\n<li>\n<p data-path-to-node=\"9,1,0\">Tomar a dosagem necess\u00e1ria de <b data-path-to-node=\"9,1,0\" data-index-in-node=\"30\">30 a 50 miligramas por dia<\/b>.<\/p>\n<\/li>\n<\/ul>\n<p data-path-to-node=\"10\">Num ciclo padr\u00e3o de defini\u00e7\u00e3o (<i data-path-to-node=\"10\" data-index-in-node=\"31\">cutting<\/i>), o culturista utiliza o f\u00e1rmaco diariamente numa dose de 30 mg. Atletas, nadadores e outros desportistas focados na resist\u00eancia n\u00e3o devem exceder a dose recomendada de mais de <b data-path-to-node=\"10\" data-index-in-node=\"216\">10-20 mg<\/b>.<\/p>\n<p data-path-to-node=\"11\">O f\u00e1rmaco pode ser administrado a mulheres (at\u00e9 <b data-path-to-node=\"11\" data-index-in-node=\"48\">10 mg por dia<\/b>), pois \u00e9 um dos anabolizantes menos t\u00f3xicos, n\u00e3o apresentando atividade estrog\u00e9nica em uso moderado e n\u00e3o sendo acompanhado por edema ou ginecomastia.<\/p>\n<blockquote data-path-to-node=\"12\">\n<p data-path-to-node=\"12,0\"><b data-path-to-node=\"12,0\" data-index-in-node=\"0\">Aviso:<\/b> Antes de comprar, lembre-se que o uso de esteroides por atletas de competi\u00e7\u00e3o n\u00e3o \u00e9 poss\u00edvel, pois pode ser detetado pela comiss\u00e3o de desqualifica\u00e7\u00e3o at\u00e9 um ano ap\u00f3s o \u00faltimo ciclo. A dura\u00e7\u00e3o da a\u00e7\u00e3o da subst\u00e2ncia ativa \u00e9, em m\u00e9dia, de at\u00e9 <b data-path-to-node=\"12,0\" data-index-in-node=\"247\">8 horas<\/b>.<\/p>\n<\/blockquote>\n<hr data-path-to-node=\"13\" \/>\n<h3 data-path-to-node=\"14\">Ciclos de Combina\u00e7\u00e3o de Estanozolol<\/h3>\n<p data-path-to-node=\"15\">O STROMBABOL deve ser combinado com f\u00e1rmacos que estimulem a reten\u00e7\u00e3o de \u00e1gua para evitar dores nas articula\u00e7\u00f5es em treinos regulares. O f\u00e1rmaco pode ser combinado com a ingest\u00e3o de <b data-path-to-node=\"15\" data-index-in-node=\"182\">Testosterona<\/b> para melhorar a efici\u00eancia do ganho de massa muscular, mas deve-se lembrar de controlar o n\u00edvel de estradiol. Juntamente com o STROMBABOL, pode adquirir <b data-path-to-node=\"15\" data-index-in-node=\"348\">Oximetolona<\/b> e <b data-path-to-node=\"15\" data-index-in-node=\"362\">Metandrostenolona<\/b> (Dianabol).<\/p>\n<p data-path-to-node=\"16\">Ap\u00f3s o ciclo, \u00e9 desej\u00e1vel realizar a <b data-path-to-node=\"16\" data-index-in-node=\"37\">Terapia P\u00f3s-Ciclo (TPC)<\/b>. Note-se que os antiestrog\u00e9nios mais eficazes para a preven\u00e7\u00e3o de efeitos secund\u00e1rios (danos hep\u00e1ticos, problemas dermatol\u00f3gicos, queda de cabelo e outros) s\u00e3o o <b data-path-to-node=\"16\" data-index-in-node=\"223\">Citrato de Clomifeno<\/b> e o <b data-path-to-node=\"16\" data-index-in-node=\"248\">Citrato de Tamoxifeno<\/b>.<\/p>\n<h3 data-path-to-node=\"17\">Avalia\u00e7\u00f5es<\/h3>\n<p data-path-to-node=\"18\">As avalia\u00e7\u00f5es caracterizam-se frequentemente pelas experi\u00eancias positivas dos atletas quanto ao efeito de queima de gordura e ganho de defini\u00e7\u00e3o muscular durante a fase de <i data-path-to-node=\"18\" data-index-in-node=\"172\">cutting<\/i>. Os homens notam um aumento da resist\u00eancia e uma boa compatibilidade da prepara\u00e7\u00e3o com outros f\u00e1rmacos anab\u00f3licos e androg\u00e9nicos.<\/p>\n<p><\/p>","protected":false},"excerpt":{"rendered":"<p>STROMBABOL 50mg em comprimidos \u2013 esteroide anabolizante cl\u00e1ssico com Estanozolol como subst\u00e2ncia ativa. O f\u00e1rmaco tornou-se popular entre atletas devido<\/p>\n","protected":false},"featured_media":10607,"comment_status":"open","ping_status":"closed","template":"","meta":[],"product_brand":[3526],"product_cat":[73,3533],"product_tag":[],"class_list":{"0":"post-10606","1":"product","2":"type-product","3":"status-publish","4":"has-post-thumbnail","6":"product_brand-pharmabol","7":"product_cat-ssteroides_orales","8":"product_cat-sales-rebajas","10":"first","11":"instock","12":"shipping-taxable","13":"purchasable","14":"product-type-simple"},"yoast_head":"<!-- This site is optimized with the Yoast SEO Premium plugin v24.4 (Yoast SEO v27.3) - https:\/\/yoast.com\/product\/yoast-seo-premium-wordpress\/ -->\n<title>STANOZOLOL - 50mg (STROMBABOL) - Ester\u00f3ides Online<\/title>\n<meta name=\"robots\" content=\"index, follow, max-snippet:-1, max-image-preview:large, max-video-preview:-1\" \/>\n<link rel=\"canonical\" href=\"https:\/\/iberoid-shop.com\/product\/stanozolol-50mg-strombabol\/\" \/>\n<meta property=\"og:locale\" content=\"pt_PT\" \/>\n<meta property=\"og:type\" content=\"article\" \/>\n<meta property=\"og:title\" content=\"STANOZOLOL - 50mg (STROMBABOL)\" \/>\n<meta property=\"og:description\" content=\"STROMBABOL 50mg em comprimidos \u2013 esteroide anabolizante cl\u00e1ssico com Estanozolol como subst\u00e2ncia ativa. O f\u00e1rmaco tornou-se popular entre atletas devido\" \/>\n<meta property=\"og:url\" content=\"https:\/\/iberoid-shop.com\/product\/stanozolol-50mg-strombabol\/\" \/>\n<meta property=\"og:site_name\" content=\"Ester\u00f3ides Online\" \/>\n<meta property=\"article:modified_time\" content=\"2026-04-30T14:27:40+00:00\" \/>\n<meta property=\"og:image\" content=\"https:\/\/iberoid-shop.com\/wp-content\/uploads\/2026\/03\/strombabol.jpg?v=1772375733\" \/>\n\t<meta property=\"og:image:width\" content=\"1080\" \/>\n\t<meta property=\"og:image:height\" content=\"1080\" \/>\n\t<meta property=\"og:image:type\" content=\"image\/jpeg\" \/>\n<meta name=\"twitter:card\" content=\"summary_large_image\" \/>\n<meta name=\"twitter:label1\" content=\"pre\u00e7o\" \/>\n\t<meta name=\"twitter:data1\" content=\"&euro;25.00\" \/>\n\t<meta name=\"twitter:label2\" content=\"Disponibilidade\" \/>\n\t<meta name=\"twitter:data2\" content=\"Em stock\" \/>\n<script type=\"application\/ld+json\" class=\"yoast-schema-graph\">{\"@context\":\"https:\\\/\\\/schema.org\",\"@graph\":[{\"@type\":\"WebPage\",\"@id\":\"https:\\\/\\\/iberoid-shop.com\\\/product\\\/stanozolol-50mg-strombabol\\\/\",\"url\":\"https:\\\/\\\/iberoid-shop.com\\\/product\\\/stanozolol-50mg-strombabol\\\/\",\"name\":\"STANOZOLOL - 50mg (STROMBABOL) - Ester\u00f3ides Online\",\"isPartOf\":{\"@id\":\"https:\\\/\\\/iberoid-shop.com\\\/#website\"},\"primaryImageOfPage\":{\"@id\":\"https:\\\/\\\/iberoid-shop.com\\\/product\\\/stanozolol-50mg-strombabol\\\/#primaryimage\"},\"image\":{\"@id\":\"https:\\\/\\\/iberoid-shop.com\\\/product\\\/stanozolol-50mg-strombabol\\\/#primaryimage\"},\"thumbnailUrl\":\"https:\\\/\\\/iberoid.com\\\/wp-content\\\/uploads\\\/2026\\\/03\\\/strombabol.jpg?v=1772375733\",\"datePublished\":\"2026-03-01T14:36:09+00:00\",\"dateModified\":\"2026-04-30T14:27:40+00:00\",\"breadcrumb\":{\"@id\":\"https:\\\/\\\/iberoid-shop.com\\\/product\\\/stanozolol-50mg-strombabol\\\/#breadcrumb\"},\"inLanguage\":\"pt-PT\",\"potentialAction\":[{\"@type\":\"ReadAction\",\"target\":[[\"https:\\\/\\\/iberoid-shop.com\\\/product\\\/stanozolol-50mg-strombabol\\\/\"]]}]},{\"@type\":\"ImageObject\",\"inLanguage\":\"pt-PT\",\"@id\":\"https:\\\/\\\/iberoid-shop.com\\\/product\\\/stanozolol-50mg-strombabol\\\/#primaryimage\",\"url\":\"https:\\\/\\\/iberoid.com\\\/wp-content\\\/uploads\\\/2026\\\/03\\\/strombabol.jpg?v=1772375733\",\"contentUrl\":\"https:\\\/\\\/iberoid.com\\\/wp-content\\\/uploads\\\/2026\\\/03\\\/strombabol.jpg?v=1772375733\",\"width\":1080,\"height\":1080},{\"@type\":\"BreadcrumbList\",\"@id\":\"https:\\\/\\\/iberoid-shop.com\\\/product\\\/stanozolol-50mg-strombabol\\\/#breadcrumb\",\"itemListElement\":[{\"@type\":\"ListItem\",\"position\":1,\"name\":\"Portada\",\"item\":\"https:\\\/\\\/iberoid.com\\\/pt\\\/\"},{\"@type\":\"ListItem\",\"position\":2,\"name\":\"Loja\",\"item\":\"https:\\\/\\\/iberoid.com\\\/pt\\\/shop\\\/\"},{\"@type\":\"ListItem\",\"position\":3,\"name\":\"STANOZOLOL &#8211; 50mg (STROMBABOL)\"}]},{\"@type\":\"WebSite\",\"@id\":\"https:\\\/\\\/iberoid-shop.com\\\/#website\",\"url\":\"https:\\\/\\\/iberoid-shop.com\\\/\",\"name\":\"Ester\u00f3ides Online\",\"description\":\"Compre ester\u00f3ides online hoje em Espanha e Portugal. Temos o melhor servi\u00e7o ao cliente do setor e produtos da mais alta qualidade\",\"potentialAction\":[{\"@type\":\"SearchAction\",\"target\":{\"@type\":\"EntryPoint\",\"urlTemplate\":\"https:\\\/\\\/iberoid-shop.com\\\/?s={search_term_string}\"},\"query-input\":{\"@type\":\"PropertyValueSpecification\",\"valueRequired\":true,\"valueName\":\"search_term_string\"}}],\"inLanguage\":\"pt-PT\"}]}<\/script>\n<meta property=\"product:brand\" content=\"Pb Laboratories\" \/>\n<meta property=\"product:price:amount\" content=\"25.00\" \/>\n<meta property=\"product:price:currency\" content=\"EUR\" \/>\n<meta property=\"og:availability\" content=\"instock\" \/>\n<meta property=\"product:availability\" content=\"instock\" \/>\n<meta property=\"product:condition\" content=\"new\" \/>\n<!-- \/ Yoast SEO Premium plugin. -->","yoast_head_json":{"title":"STANOZOLOL - 50mg (STROMBABOL) - Ester\u00f3ides Online","robots":{"index":"index","follow":"follow","max-snippet":"max-snippet:-1","max-image-preview":"max-image-preview:large","max-video-preview":"max-video-preview:-1"},"canonical":"https:\/\/iberoid-shop.com\/product\/stanozolol-50mg-strombabol\/","og_locale":"pt_PT","og_type":"article","og_title":"STANOZOLOL - 50mg (STROMBABOL)","og_description":"STROMBABOL 50mg em comprimidos \u2013 esteroide anabolizante cl\u00e1ssico com Estanozolol como subst\u00e2ncia ativa. O f\u00e1rmaco tornou-se popular entre atletas devido","og_url":"https:\/\/iberoid-shop.com\/product\/stanozolol-50mg-strombabol\/","og_site_name":"Ester\u00f3ides Online","article_modified_time":"2026-04-30T14:27:40+00:00","og_image":[{"width":1080,"height":1080,"url":"https:\/\/iberoid-shop.com\/wp-content\/uploads\/2026\/03\/strombabol.jpg?v=1772375733","type":"image\/jpeg"}],"twitter_card":"summary_large_image","twitter_misc":{"pre\u00e7o":"&euro;25.00","Disponibilidade":"Em stock"},"schema":{"@context":"https:\/\/schema.org","@graph":[{"@type":"WebPage","@id":"https:\/\/iberoid-shop.com\/product\/stanozolol-50mg-strombabol\/","url":"https:\/\/iberoid-shop.com\/product\/stanozolol-50mg-strombabol\/","name":"STANOZOLOL - 50mg (STROMBABOL) - Ester\u00f3ides Online","isPartOf":{"@id":"https:\/\/iberoid-shop.com\/#website"},"primaryImageOfPage":{"@id":"https:\/\/iberoid-shop.com\/product\/stanozolol-50mg-strombabol\/#primaryimage"},"image":{"@id":"https:\/\/iberoid-shop.com\/product\/stanozolol-50mg-strombabol\/#primaryimage"},"thumbnailUrl":"https:\/\/iberoid.com\/wp-content\/uploads\/2026\/03\/strombabol.jpg?v=1772375733","datePublished":"2026-03-01T14:36:09+00:00","dateModified":"2026-04-30T14:27:40+00:00","breadcrumb":{"@id":"https:\/\/iberoid-shop.com\/product\/stanozolol-50mg-strombabol\/#breadcrumb"},"inLanguage":"pt-PT","potentialAction":[{"@type":"ReadAction","target":[["https:\/\/iberoid-shop.com\/product\/stanozolol-50mg-strombabol\/"]]}]},{"@type":"ImageObject","inLanguage":"pt-PT","@id":"https:\/\/iberoid-shop.com\/product\/stanozolol-50mg-strombabol\/#primaryimage","url":"https:\/\/iberoid.com\/wp-content\/uploads\/2026\/03\/strombabol.jpg?v=1772375733","contentUrl":"https:\/\/iberoid.com\/wp-content\/uploads\/2026\/03\/strombabol.jpg?v=1772375733","width":1080,"height":1080},{"@type":"BreadcrumbList","@id":"https:\/\/iberoid-shop.com\/product\/stanozolol-50mg-strombabol\/#breadcrumb","itemListElement":[{"@type":"ListItem","position":1,"name":"Portada","item":"https:\/\/iberoid.com\/pt\/"},{"@type":"ListItem","position":2,"name":"Loja","item":"https:\/\/iberoid.com\/pt\/shop\/"},{"@type":"ListItem","position":3,"name":"STANOZOLOL &#8211; 50mg (STROMBABOL)"}]},{"@type":"WebSite","@id":"https:\/\/iberoid-shop.com\/#website","url":"https:\/\/iberoid-shop.com\/","name":"Ester\u00f3ides Online","description":"Compre ester\u00f3ides online hoje em Espanha e Portugal. Temos o melhor servi\u00e7o ao cliente do setor e produtos da mais alta qualidade","potentialAction":[{"@type":"SearchAction","target":{"@type":"EntryPoint","urlTemplate":"https:\/\/iberoid-shop.com\/?s={search_term_string}"},"query-input":{"@type":"PropertyValueSpecification","valueRequired":true,"valueName":"search_term_string"}}],"inLanguage":"pt-PT"}]},"product_brand":"Pb Laboratories","product_price_amount":"25.00","product_price_currency":"EUR","og_availability":"instock","product_availability":"instock","product_condition":"new"},"_links":{"self":[{"href":"https:\/\/iberoid.com\/pt\/wp-json\/wp\/v2\/product\/10606","targetHints":{"allow":["GET"]}}],"collection":[{"href":"https:\/\/iberoid.com\/pt\/wp-json\/wp\/v2\/product"}],"about":[{"href":"https:\/\/iberoid.com\/pt\/wp-json\/wp\/v2\/types\/product"}],"replies":[{"embeddable":true,"href":"https:\/\/iberoid.com\/pt\/wp-json\/wp\/v2\/comments?post=10606"}],"wp:featuredmedia":[{"embeddable":true,"href":"https:\/\/iberoid.com\/pt\/wp-json\/wp\/v2\/media\/10607"}],"wp:attachment":[{"href":"https:\/\/iberoid.com\/pt\/wp-json\/wp\/v2\/media?parent=10606"}],"wp:term":[{"taxonomy":"product_brand","embeddable":true,"href":"https:\/\/iberoid.com\/pt\/wp-json\/wp\/v2\/product_brand?post=10606"},{"taxonomy":"product_cat","embeddable":true,"href":"https:\/\/iberoid.com\/pt\/wp-json\/wp\/v2\/product_cat?post=10606"},{"taxonomy":"product_tag","embeddable":true,"href":"https:\/\/iberoid.com\/pt\/wp-json\/wp\/v2\/product_tag?post=10606"}],"curies":[{"name":"wp","href":"https:\/\/api.w.org\/{rel}","templated":true}]}}