{"id":2957,"date":"2019-11-18T21:15:24","date_gmt":"2019-11-18T21:15:24","guid":{"rendered":"https:\/\/iberoid.com\/?post_type=product&#038;p=2957"},"modified":"2023-11-06T19:28:13","modified_gmt":"2023-11-06T19:28:13","slug":"anapolon","status":"publish","type":"product","link":"https:\/\/iberoid.com\/pt\/product\/anapolon\/","title":{"rendered":"Anapolon"},"content":{"rendered":"<p><strong>Anapolon<\/strong> \u00e9 um ester\u00f3ide oral muito poderoso, frequentemente usado em ciclos de muscula\u00e7\u00e3o e levantamento de peso. Cont\u00e9m a subst\u00e2ncia ativa oximetal. Tamb\u00e9m \u00e9 conhecido como Anadrol. \u00c9 um ester\u00f3ide anab\u00f3lico androg\u00eanico, que contribui para o desenvolvimento da massa muscular, melhorando a s\u00edntese de prote\u00ednas. Geralmente \u00e9 encontrado na forma de comprimidos de 50 mg, sendo usado pela maioria dos atletas de desempenho, considerando-o o ester\u00f3ide oral mais forte.<\/p>\n<p><strong>A\u00e7\u00e3o:<\/strong> &#8211; contribui para o ac\u00famulo de \u00e1gua no corpo, resultando em aumento do volume dos m\u00fasculos. Ap\u00f3s o ac\u00famulo de \u00e1gua, as articula\u00e7\u00f5es s\u00e3o lubrificadas, o que \u00e9 muito ben\u00e9fico para quem trabalha com a for\u00e7a. A a\u00e7\u00e3o androg\u00eanica \u00e9 muito poderosa e evita sobrecargas. Enquanto estiver usando este ester\u00f3ide, o apetite ser\u00e1 muito alto. A s\u00edntese de prote\u00ednas tamb\u00e9m \u00e9 aprimorada, o que leva ao r\u00e1pido ac\u00famulo de massa muscular.<\/p>\n<p>Atua no horm\u00f4nio respons\u00e1vel pela produ\u00e7\u00e3o de gl\u00f3bulos vermelhos e eritropoietina. Isso resulta em resist\u00eancia e recupera\u00e7\u00e3o mais r\u00e1pidas ap\u00f3s treinamento intenso.<\/p>\n<p><strong>Resultados obtidos durante o ciclo<\/strong><br \/>\nResultados: &#8211; os aumentos de for\u00e7a e massa durante o ciclo s\u00e3o muito r\u00e1pidos. Houve aumentos de at\u00e9 20 kg em apenas 6 semanas. Al\u00e9m desses efeitos positivos, ele vem com v\u00e1rios efeitos negativos, sendo os mais comuns os efeitos colaterais androg\u00eanicos. Existe uma sobrecarga no f\u00edgado, sendo t\u00f3xico, especialmente em ciclos longos ou doses elevadas. \u00c9 muito importante usar um hepatoprotetor.<\/p>\n<p>Funciona muito bem e sozinho, mas principalmente em ciclos com outros ester\u00f3ides injet\u00e1veis. Existem atletas que podem us\u00e1-lo durante o per\u00edodo de defini\u00e7\u00e3o, os m\u00fasculos tendo uma apar\u00eancia muito mais completa. Aqueles que t\u00eam problemas com a reten\u00e7\u00e3o de \u00e1gua devem evitar essa estrat\u00e9gia. Nunca \u00e9 permitido us\u00e1-lo com outras p\u00edlulas de ester\u00f3ides, a toxicidade do f\u00edgado sendo muito alta. Sendo um ester\u00f3ide extremamente popular em todo o mundo, existem muitas variantes falsas deste produto. A prepara\u00e7\u00e3o dos Balc\u00e3s pode ser considerada o produto mais seguro, porque existe um c\u00f3digo no blister que pode ser verificado no site oficial.<\/p>\n<p>Dose ideal: a melhor dose \u00e9 de 50 mg \/ dia, alguns profissionais ainda usam 100 mg \/ dia. \u00c9 completamente proibido o uso de grandes doses de 100 mg. Os efeitos colaterais s\u00e3o maiores que os benef\u00edcios.<\/p>\n<p><strong>Quais ciclos podem ser usados?<\/strong><br \/>\nCiclos: Um dos ciclos mais populares para a massa muscular \u00e9 a testosterona Enantat + Nandrolona D + Anapolon, oximetalona, \u200b\u200ba ser usada por apenas 6 semanas. Outro ciclo extremamente eficiente \u00e9 o Sustamed + Enantat Trenbolone + Oximetalon. Pode ser considerado o ciclo mais poderoso. Sustamed e Enhanced Trenbolone s\u00e3o os ester\u00f3ides injet\u00e1veis \u200b\u200bmais fortes, e Anap \u00e9 o ester\u00f3ide oral mais forte. Estes tr\u00eas ester\u00f3ides combinados trar\u00e3o ganhos m\u00e1ximos em for\u00e7a, peso e defini\u00e7\u00e3o muscular.<\/p>\n<p>Como suprime sua pr\u00f3pria produ\u00e7\u00e3o de testosterona, \u00e9 aconselh\u00e1vel us\u00e1-la durante o ciclo da gravidez, ou no final do ciclo, uma terapia p\u00f3s-ciclo. A terapia ajuda a restaurar a pr\u00f3pria produ\u00e7\u00e3o de testosterona e evita a perda dos resultados obtidos durante o ciclo.<\/p>\n<p>Dura\u00e7\u00e3o do ciclo: 30 dias<\/p>\n<p>Tempo de detec\u00e7\u00e3o: 8 semanas<\/p>","protected":false},"excerpt":{"rendered":"<p><strong>Quantidade:<\/strong> 60 comprimidos<\/p>\n<p><strong>Concentra\u00e7\u00e3o:<\/strong> 50 mg \/ comprimido<\/p>\n<p><strong>Subst\u00e2ncia:<\/strong> Oximetolona<\/p>\n","protected":false},"featured_media":2959,"comment_status":"open","ping_status":"closed","template":"","meta":[],"product_brand":[],"product_cat":[73],"product_tag":[],"class_list":{"0":"post-2957","1":"product","2":"type-product","3":"status-publish","4":"has-post-thumbnail","6":"product_cat-ssteroides_orales","8":"first","9":"outofstock","10":"sale","11":"shipping-taxable","12":"purchasable","13":"product-type-simple"},"yoast_head":"<!-- This site is optimized with the Yoast SEO Premium plugin v24.4 (Yoast SEO v27.0) - https:\/\/yoast.com\/product\/yoast-seo-premium-wordpress\/ -->\n<title>Anapolon - Ester\u00f3ides Online<\/title>\n<meta name=\"description\" content=\"Isso resulta em resist\u00eancia e recupera\u00e7\u00e3o mais r\u00e1pidas ap\u00f3s treinamento intenso.Resultados obtidos durante o cicloResultados: - os aumentos de for\u00e7a e massa durante o ciclo s\u00e3o muito r\u00e1pidos.\" \/>\n<meta name=\"robots\" content=\"index, follow, max-snippet:-1, max-image-preview:large, max-video-preview:-1\" \/>\n<link rel=\"canonical\" href=\"https:\/\/iberoid.com\/pt\/product\/anapolon\/\" \/>\n<meta property=\"og:locale\" content=\"pt_PT\" \/>\n<meta property=\"og:type\" content=\"article\" \/>\n<meta property=\"og:title\" content=\"Anapolon\" \/>\n<meta property=\"og:description\" content=\"Isso resulta em resist\u00eancia e recupera\u00e7\u00e3o mais r\u00e1pidas ap\u00f3s treinamento intenso.Resultados obtidos durante o cicloResultados: - os aumentos de for\u00e7a e massa durante o ciclo s\u00e3o muito r\u00e1pidos.\" \/>\n<meta property=\"og:url\" content=\"https:\/\/iberoid.com\/pt\/product\/anapolon\/\" \/>\n<meta property=\"og:site_name\" content=\"Ester\u00f3ides Online\" \/>\n<meta property=\"article:modified_time\" content=\"2023-11-06T19:28:13+00:00\" \/>\n<meta property=\"og:image\" content=\"https:\/\/iberoid.com\/wp-content\/uploads\/2019\/11\/anapolon.jpg?v=1678120182\" \/>\n\t<meta property=\"og:image:width\" content=\"600\" \/>\n\t<meta property=\"og:image:height\" content=\"600\" \/>\n\t<meta property=\"og:image:type\" content=\"image\/jpeg\" \/>\n<meta name=\"twitter:card\" content=\"summary_large_image\" \/>\n<meta name=\"twitter:label1\" content=\"pre\u00e7o\" \/>\n\t<meta name=\"twitter:data1\" content=\"&euro;60.00\" \/>\n\t<meta name=\"twitter:label2\" content=\"Disponibilidade\" \/>\n\t<meta name=\"twitter:data2\" content=\"Esgotado\" \/>\n<script type=\"application\/ld+json\" class=\"yoast-schema-graph\">{\"@context\":\"https:\/\/schema.org\",\"@graph\":[{\"@type\":\"WebPage\",\"@id\":\"https:\/\/iberoid.com\/pt\/product\/anapolon\/\",\"url\":\"https:\/\/iberoid.com\/pt\/product\/anapolon\/\",\"name\":\"Anapolon - Ester\u00f3ides Online\",\"isPartOf\":{\"@id\":\"https:\/\/iberoid.com\/pt\/#website\"},\"primaryImageOfPage\":{\"@id\":\"https:\/\/iberoid.com\/pt\/product\/anapolon\/#primaryimage\"},\"image\":{\"@id\":\"https:\/\/iberoid.com\/pt\/product\/anapolon\/#primaryimage\"},\"thumbnailUrl\":\"https:\/\/iberoid.com\/wp-content\/uploads\/2019\/11\/anapolon.jpg?v=1678120182\",\"datePublished\":\"2019-11-18T21:15:24+00:00\",\"dateModified\":\"2023-11-06T19:28:13+00:00\",\"description\":\"Isso resulta em resist\u00eancia e recupera\u00e7\u00e3o mais r\u00e1pidas ap\u00f3s treinamento intenso.Resultados obtidos durante o cicloResultados: - os aumentos de for\u00e7a e massa durante o ciclo s\u00e3o muito r\u00e1pidos.\",\"breadcrumb\":{\"@id\":\"https:\/\/iberoid.com\/pt\/product\/anapolon\/#breadcrumb\"},\"inLanguage\":\"pt-PT\",\"potentialAction\":[{\"@type\":\"ReadAction\",\"target\":[[\"https:\/\/iberoid.com\/pt\/product\/anapolon\/\"]]}]},{\"@type\":\"ImageObject\",\"inLanguage\":\"pt-PT\",\"@id\":\"https:\/\/iberoid.com\/pt\/product\/anapolon\/#primaryimage\",\"url\":\"https:\/\/iberoid.com\/wp-content\/uploads\/2019\/11\/anapolon.jpg?v=1678120182\",\"contentUrl\":\"https:\/\/iberoid.com\/wp-content\/uploads\/2019\/11\/anapolon.jpg?v=1678120182\",\"width\":600,\"height\":600,\"caption\":\"Anapolon, Balkan Pharmaceutical\"},{\"@type\":\"BreadcrumbList\",\"@id\":\"https:\/\/iberoid.com\/pt\/product\/anapolon\/#breadcrumb\",\"itemListElement\":[{\"@type\":\"ListItem\",\"position\":1,\"name\":\"Portada\",\"item\":\"https:\/\/iberoid.com\/pt\/\"},{\"@type\":\"ListItem\",\"position\":2,\"name\":\"Loja\",\"item\":\"https:\/\/iberoid.com\/pt\/shop\/\"},{\"@type\":\"ListItem\",\"position\":3,\"name\":\"Anapolon\"}]},{\"@type\":\"WebSite\",\"@id\":\"https:\/\/iberoid.com\/pt\/#website\",\"url\":\"https:\/\/iberoid.com\/pt\/\",\"name\":\"Ester\u00f3ides Online\",\"description\":\"Compre ester\u00f3ides online hoje em Espanha e Portugal. Temos o melhor servi\u00e7o ao cliente do setor e produtos da mais alta qualidade\",\"potentialAction\":[{\"@type\":\"SearchAction\",\"target\":{\"@type\":\"EntryPoint\",\"urlTemplate\":\"https:\/\/iberoid.com\/pt\/?s={search_term_string}\"},\"query-input\":{\"@type\":\"PropertyValueSpecification\",\"valueRequired\":true,\"valueName\":\"search_term_string\"}}],\"inLanguage\":\"pt-PT\"}]}<\/script>\n<meta property=\"product:brand\" content=\"Balkan Pharmaceuticals\" \/>\n<meta property=\"product:price:amount\" content=\"60.00\" \/>\n<meta property=\"product:price:currency\" content=\"EUR\" \/>\n<meta property=\"og:availability\" content=\"out of stock\" \/>\n<meta property=\"product:availability\" content=\"out of stock\" \/>\n<meta property=\"product:condition\" content=\"new\" \/>\n<!-- \/ Yoast SEO Premium plugin. -->","yoast_head_json":{"title":"Anapolon - Ester\u00f3ides Online","description":"Isso resulta em resist\u00eancia e recupera\u00e7\u00e3o mais r\u00e1pidas ap\u00f3s treinamento intenso.Resultados obtidos durante o cicloResultados: - os aumentos de for\u00e7a e massa durante o ciclo s\u00e3o muito r\u00e1pidos.","robots":{"index":"index","follow":"follow","max-snippet":"max-snippet:-1","max-image-preview":"max-image-preview:large","max-video-preview":"max-video-preview:-1"},"canonical":"https:\/\/iberoid.com\/pt\/product\/anapolon\/","og_locale":"pt_PT","og_type":"article","og_title":"Anapolon","og_description":"Isso resulta em resist\u00eancia e recupera\u00e7\u00e3o mais r\u00e1pidas ap\u00f3s treinamento intenso.Resultados obtidos durante o cicloResultados: - os aumentos de for\u00e7a e massa durante o ciclo s\u00e3o muito r\u00e1pidos.","og_url":"https:\/\/iberoid.com\/pt\/product\/anapolon\/","og_site_name":"Ester\u00f3ides Online","article_modified_time":"2023-11-06T19:28:13+00:00","og_image":[{"width":600,"height":600,"url":"https:\/\/iberoid.com\/wp-content\/uploads\/2019\/11\/anapolon.jpg?v=1678120182","type":"image\/jpeg"}],"twitter_card":"summary_large_image","twitter_misc":{"pre\u00e7o":"&euro;60.00","Disponibilidade":"Esgotado"},"schema":{"@context":"https:\/\/schema.org","@graph":[{"@type":"WebPage","@id":"https:\/\/iberoid.com\/pt\/product\/anapolon\/","url":"https:\/\/iberoid.com\/pt\/product\/anapolon\/","name":"Anapolon - Ester\u00f3ides Online","isPartOf":{"@id":"https:\/\/iberoid.com\/pt\/#website"},"primaryImageOfPage":{"@id":"https:\/\/iberoid.com\/pt\/product\/anapolon\/#primaryimage"},"image":{"@id":"https:\/\/iberoid.com\/pt\/product\/anapolon\/#primaryimage"},"thumbnailUrl":"https:\/\/iberoid.com\/wp-content\/uploads\/2019\/11\/anapolon.jpg?v=1678120182","datePublished":"2019-11-18T21:15:24+00:00","dateModified":"2023-11-06T19:28:13+00:00","description":"Isso resulta em resist\u00eancia e recupera\u00e7\u00e3o mais r\u00e1pidas ap\u00f3s treinamento intenso.Resultados obtidos durante o cicloResultados: - os aumentos de for\u00e7a e massa durante o ciclo s\u00e3o muito r\u00e1pidos.","breadcrumb":{"@id":"https:\/\/iberoid.com\/pt\/product\/anapolon\/#breadcrumb"},"inLanguage":"pt-PT","potentialAction":[{"@type":"ReadAction","target":[["https:\/\/iberoid.com\/pt\/product\/anapolon\/"]]}]},{"@type":"ImageObject","inLanguage":"pt-PT","@id":"https:\/\/iberoid.com\/pt\/product\/anapolon\/#primaryimage","url":"https:\/\/iberoid.com\/wp-content\/uploads\/2019\/11\/anapolon.jpg?v=1678120182","contentUrl":"https:\/\/iberoid.com\/wp-content\/uploads\/2019\/11\/anapolon.jpg?v=1678120182","width":600,"height":600,"caption":"Anapolon, Balkan Pharmaceutical"},{"@type":"BreadcrumbList","@id":"https:\/\/iberoid.com\/pt\/product\/anapolon\/#breadcrumb","itemListElement":[{"@type":"ListItem","position":1,"name":"Portada","item":"https:\/\/iberoid.com\/pt\/"},{"@type":"ListItem","position":2,"name":"Loja","item":"https:\/\/iberoid.com\/pt\/shop\/"},{"@type":"ListItem","position":3,"name":"Anapolon"}]},{"@type":"WebSite","@id":"https:\/\/iberoid.com\/pt\/#website","url":"https:\/\/iberoid.com\/pt\/","name":"Ester\u00f3ides Online","description":"Compre ester\u00f3ides online hoje em Espanha e Portugal. Temos o melhor servi\u00e7o ao cliente do setor e produtos da mais alta qualidade","potentialAction":[{"@type":"SearchAction","target":{"@type":"EntryPoint","urlTemplate":"https:\/\/iberoid.com\/pt\/?s={search_term_string}"},"query-input":{"@type":"PropertyValueSpecification","valueRequired":true,"valueName":"search_term_string"}}],"inLanguage":"pt-PT"}]},"product_brand":"Balkan Pharmaceuticals","product_price_amount":"60.00","product_price_currency":"EUR","og_availability":"out of stock","product_availability":"out of stock","product_condition":"new"},"_links":{"self":[{"href":"https:\/\/iberoid.com\/pt\/wp-json\/wp\/v2\/product\/2957","targetHints":{"allow":["GET"]}}],"collection":[{"href":"https:\/\/iberoid.com\/pt\/wp-json\/wp\/v2\/product"}],"about":[{"href":"https:\/\/iberoid.com\/pt\/wp-json\/wp\/v2\/types\/product"}],"replies":[{"embeddable":true,"href":"https:\/\/iberoid.com\/pt\/wp-json\/wp\/v2\/comments?post=2957"}],"wp:featuredmedia":[{"embeddable":true,"href":"https:\/\/iberoid.com\/pt\/wp-json\/wp\/v2\/media\/2959"}],"wp:attachment":[{"href":"https:\/\/iberoid.com\/pt\/wp-json\/wp\/v2\/media?parent=2957"}],"wp:term":[{"taxonomy":"product_brand","embeddable":true,"href":"https:\/\/iberoid.com\/pt\/wp-json\/wp\/v2\/product_brand?post=2957"},{"taxonomy":"product_cat","embeddable":true,"href":"https:\/\/iberoid.com\/pt\/wp-json\/wp\/v2\/product_cat?post=2957"},{"taxonomy":"product_tag","embeddable":true,"href":"https:\/\/iberoid.com\/pt\/wp-json\/wp\/v2\/product_tag?post=2957"}],"curies":[{"name":"wp","href":"https:\/\/api.w.org\/{rel}","templated":true}]}}