{"id":2996,"date":"2019-11-19T20:16:31","date_gmt":"2019-11-19T20:16:31","guid":{"rendered":"https:\/\/iberoid.com\/?post_type=product&#038;p=2996"},"modified":"2024-01-13T17:33:43","modified_gmt":"2024-01-13T17:33:43","slug":"enandrol","status":"publish","type":"product","link":"https:\/\/iberoid.com\/pt\/product\/enandrol\/","title":{"rendered":"Enandrol BALKAN NEW LINE"},"content":{"rendered":"<p>O novo nome para a testosterona Enantat \u00e9 Enandrol.<\/p>\n<p>Testosterona Enantat \u00e9 a vers\u00e3o europ\u00e9ia do Chipre Testosterona (EUA), um ester\u00f3ide \u00e0 base de \u00f3leo para inje\u00e7\u00e3o. Este \u00e9ster \u00e9 o mais usado de todos os \u00e9steres de testosterona, encontrado em quase todos os ciclos de ester\u00f3ides. Pode ser encontrado sob muitos nomes comerciais: Testover E, Testo Depo, Testen-250, Cidoteston, Testoviron, Testobolin.<\/p>\n<p>O que \u00e9 o enantato de testosterona?<br \/>\nSendo um ester\u00f3ide androg\u00eanico e anab\u00f3lico forte, contribui para o desenvolvimento muscular e o desenvolvimento da for\u00e7a. Em uma escala de 0 a 100, est\u00e1 em 100, tanto do ponto de vista androg\u00eanico quanto do ponto de vista anab\u00f3lico. Devido ao \u00e9ster esmaltado, possui a\u00e7\u00e3o prolongada, liberando gradualmente por 2-3 semanas. A concentra\u00e7\u00e3o m\u00e1xima de testosterona no sangue \u00e9 de 24 a 48 horas ap\u00f3s a administra\u00e7\u00e3o e depois \u00e9 liberada no sangue um pouco. Os melhores resultados s\u00e3o obtidos quando administrados de 10 a 10 dias. Para fins terap\u00eauticos, \u00e9 usado no tratamento de baixos n\u00edveis de testosterona em homens acima de 40 anos.<\/p>\n<p>Os atletas usam em quantidades maiores para desenvolver sua massa muscular e for\u00e7a.<\/p>\n<p>Quais resultados s\u00e3o obtidos durante o ciclo?<br \/>\nA testosterona aumentada aumenta o n\u00famero de gl\u00f3bulos vermelhos, resultando em resist\u00eancia muscular e recupera\u00e7\u00e3o mais r\u00e1pida ap\u00f3s exerc\u00edcios intensos. Por esse motivo, tamb\u00e9m \u00e9 usado por atletas de resist\u00eancia, como ciclistas ou atletas. O anabolismo \u00e9 dado pelo aumento da s\u00edntese de prote\u00ednas durante o ciclo. Aumenta o n\u00edvel de IGF-1, um horm\u00f4nio que exerce seus efeitos do horm\u00f4nio do crescimento e inibe os glicocortic\u00f3ides, como o cortisol, um horm\u00f4nio que destr\u00f3i a massa muscular. Para tirar o m\u00e1ximo proveito deste ester\u00f3ide, doses altas n\u00e3o s\u00e3o o segredo, mas exerc\u00edcios intensos, repouso e ingest\u00e3o de altas calorias.<\/p>\n<p>Alguns o consideram um ester\u00f3ide em massa, totalmente falso, e pode ser usado em per\u00edodos de defini\u00e7\u00e3o com resultados excepcionais, aumentando a taxa metab\u00f3lica, contribuindo indiretamente para a queima de gordura. Durante o ciclo para evitar efeitos colaterais da natureza estrog\u00eanica, deve-se usar o anti-estrog\u00eanio Tamoximed, Provimed ou Anastrozol. Qualquer um desses anti-estr\u00f3genos faz seu trabalho muito bem, protegendo o corpo de todos os efeitos colaterais do estrog\u00eanio.<\/p>\n<p>Dose ideal: 250-750 mg \/ semana<\/p>\n<p>Dura\u00e7\u00e3o do ciclo: 8-12 semanas<\/p>\n<p>Ciclos: \u00c9 combinado com Winstrol, Trenbolona, \u200b\u200bOxandrolona e Ester\u00f3ides para a massa muscular Deca-Durabolin, Danabol, Anapolon<\/p>\n<p>Terapia p\u00f3s-ciclo: &#8211; \u00e9 obrigat\u00f3ria no final do ciclo, porque inibe a produ\u00e7\u00e3o natural de testosterona.<\/p>\n<p>Pode-se usar a terapia baseada em Tamoximed e Clomed por 4 semanas ou Pregnyl (HCG). E durante o ciclo, uma pequena quantidade de Pregnyl 250-500 U.I por semana ajuda a manter os test\u00edculos normais e suas fun\u00e7\u00f5es.<\/p>","protected":false},"excerpt":{"rendered":"<p><strong>Quantidade:<\/strong> frascos de 1 ml<\/p>\n<p><strong>Concentra\u00e7\u00e3o:<\/strong> 250 mg \/ ml<\/p>\n<p><strong>Subst\u00e2ncia:<\/strong> enantato de testosterona<\/p>\n","protected":false},"featured_media":2998,"comment_status":"open","ping_status":"closed","template":"","meta":[],"product_brand":[],"product_cat":[69],"product_tag":[],"class_list":{"0":"post-2996","1":"product","2":"type-product","3":"status-publish","4":"has-post-thumbnail","6":"product_cat-esteroides_inyectables","8":"first","9":"outofstock","10":"shipping-taxable","11":"purchasable","12":"product-type-simple"},"yoast_head":"<!-- This site is optimized with the Yoast SEO Premium plugin v24.4 (Yoast SEO v27.0) - https:\/\/yoast.com\/product\/yoast-seo-premium-wordpress\/ -->\n<title>Enandrol BALKAN NEW LINE - Ester\u00f3ides Online<\/title>\n<meta name=\"description\" content=\"Para fins terap\u00eauticos, \u00e9 usado no tratamento de baixos n\u00edveis de testosterona em homens acima de 40 anos.Os atletas usam em quantidades maiores para desenvolver sua massa muscular e for\u00e7a.Quais resultados s\u00e3o obtidos durante o ciclo?A testosterona aumentada aumenta o n\u00famero de gl\u00f3bulos vermelhos, resultando em resist\u00eancia muscular e recupera\u00e7\u00e3o mais r\u00e1pida ap\u00f3s exerc\u00edcios intensos.\" \/>\n<meta name=\"robots\" content=\"index, follow, max-snippet:-1, max-image-preview:large, max-video-preview:-1\" \/>\n<link rel=\"canonical\" href=\"https:\/\/iberoid.com\/pt\/product\/enandrol\/\" \/>\n<meta property=\"og:locale\" content=\"pt_PT\" \/>\n<meta property=\"og:type\" content=\"article\" \/>\n<meta property=\"og:title\" content=\"Enandrol BALKAN NEW LINE\" \/>\n<meta property=\"og:description\" content=\"Para fins terap\u00eauticos, \u00e9 usado no tratamento de baixos n\u00edveis de testosterona em homens acima de 40 anos.Os atletas usam em quantidades maiores para desenvolver sua massa muscular e for\u00e7a.Quais resultados s\u00e3o obtidos durante o ciclo?A testosterona aumentada aumenta o n\u00famero de gl\u00f3bulos vermelhos, resultando em resist\u00eancia muscular e recupera\u00e7\u00e3o mais r\u00e1pida ap\u00f3s exerc\u00edcios intensos.\" \/>\n<meta property=\"og:url\" content=\"https:\/\/iberoid.com\/pt\/product\/enandrol\/\" \/>\n<meta property=\"og:site_name\" content=\"Ester\u00f3ides Online\" \/>\n<meta property=\"article:modified_time\" content=\"2024-01-13T17:33:43+00:00\" \/>\n<meta property=\"og:image\" content=\"https:\/\/iberoid.com\/wp-content\/uploads\/2019\/11\/enandrol.jpg?v=1678120178\" \/>\n\t<meta property=\"og:image:width\" content=\"2160\" \/>\n\t<meta property=\"og:image:height\" content=\"2160\" \/>\n\t<meta property=\"og:image:type\" content=\"image\/jpeg\" \/>\n<meta name=\"twitter:card\" content=\"summary_large_image\" \/>\n<meta name=\"twitter:label1\" content=\"pre\u00e7o\" \/>\n\t<meta name=\"twitter:data1\" content=\"&euro;55.00\" \/>\n\t<meta name=\"twitter:label2\" content=\"Disponibilidade\" \/>\n\t<meta name=\"twitter:data2\" content=\"Esgotado\" \/>\n<script type=\"application\/ld+json\" class=\"yoast-schema-graph\">{\"@context\":\"https:\/\/schema.org\",\"@graph\":[{\"@type\":\"WebPage\",\"@id\":\"https:\/\/iberoid.com\/pt\/product\/enandrol\/\",\"url\":\"https:\/\/iberoid.com\/pt\/product\/enandrol\/\",\"name\":\"Enandrol BALKAN NEW LINE - Ester\u00f3ides Online\",\"isPartOf\":{\"@id\":\"https:\/\/iberoid.com\/pt\/#website\"},\"primaryImageOfPage\":{\"@id\":\"https:\/\/iberoid.com\/pt\/product\/enandrol\/#primaryimage\"},\"image\":{\"@id\":\"https:\/\/iberoid.com\/pt\/product\/enandrol\/#primaryimage\"},\"thumbnailUrl\":\"https:\/\/iberoid.com\/wp-content\/uploads\/2019\/11\/enandrol.jpg?v=1678120178\",\"datePublished\":\"2019-11-19T20:16:31+00:00\",\"dateModified\":\"2024-01-13T17:33:43+00:00\",\"description\":\"Para fins terap\u00eauticos, \u00e9 usado no tratamento de baixos n\u00edveis de testosterona em homens acima de 40 anos.Os atletas usam em quantidades maiores para desenvolver sua massa muscular e for\u00e7a.Quais resultados s\u00e3o obtidos durante o ciclo?A testosterona aumentada aumenta o n\u00famero de gl\u00f3bulos vermelhos, resultando em resist\u00eancia muscular e recupera\u00e7\u00e3o mais r\u00e1pida ap\u00f3s exerc\u00edcios intensos.\",\"breadcrumb\":{\"@id\":\"https:\/\/iberoid.com\/pt\/product\/enandrol\/#breadcrumb\"},\"inLanguage\":\"pt-PT\",\"potentialAction\":[{\"@type\":\"ReadAction\",\"target\":[[\"https:\/\/iberoid.com\/pt\/product\/enandrol\/\"]]}]},{\"@type\":\"ImageObject\",\"inLanguage\":\"pt-PT\",\"@id\":\"https:\/\/iberoid.com\/pt\/product\/enandrol\/#primaryimage\",\"url\":\"https:\/\/iberoid.com\/wp-content\/uploads\/2019\/11\/enandrol.jpg?v=1678120178\",\"contentUrl\":\"https:\/\/iberoid.com\/wp-content\/uploads\/2019\/11\/enandrol.jpg?v=1678120178\",\"width\":2160,\"height\":2160},{\"@type\":\"BreadcrumbList\",\"@id\":\"https:\/\/iberoid.com\/pt\/product\/enandrol\/#breadcrumb\",\"itemListElement\":[{\"@type\":\"ListItem\",\"position\":1,\"name\":\"Portada\",\"item\":\"https:\/\/iberoid.com\/pt\/\"},{\"@type\":\"ListItem\",\"position\":2,\"name\":\"Loja\",\"item\":\"https:\/\/iberoid.com\/pt\/shop\/\"},{\"@type\":\"ListItem\",\"position\":3,\"name\":\"Enandrol BALKAN NEW LINE\"}]},{\"@type\":\"WebSite\",\"@id\":\"https:\/\/iberoid.com\/pt\/#website\",\"url\":\"https:\/\/iberoid.com\/pt\/\",\"name\":\"Ester\u00f3ides Online\",\"description\":\"Compre ester\u00f3ides online hoje em Espanha e Portugal. Temos o melhor servi\u00e7o ao cliente do setor e produtos da mais alta qualidade\",\"potentialAction\":[{\"@type\":\"SearchAction\",\"target\":{\"@type\":\"EntryPoint\",\"urlTemplate\":\"https:\/\/iberoid.com\/pt\/?s={search_term_string}\"},\"query-input\":{\"@type\":\"PropertyValueSpecification\",\"valueRequired\":true,\"valueName\":\"search_term_string\"}}],\"inLanguage\":\"pt-PT\"}]}<\/script>\n<meta property=\"product:brand\" content=\"Balkan Pharmaceuticals\" \/>\n<meta property=\"product:price:amount\" content=\"55.00\" \/>\n<meta property=\"product:price:currency\" content=\"EUR\" \/>\n<meta property=\"og:availability\" content=\"out of stock\" \/>\n<meta property=\"product:availability\" content=\"out of stock\" \/>\n<meta property=\"product:condition\" content=\"new\" \/>\n<!-- \/ Yoast SEO Premium plugin. -->","yoast_head_json":{"title":"Enandrol BALKAN NEW LINE - Ester\u00f3ides Online","description":"Para fins terap\u00eauticos, \u00e9 usado no tratamento de baixos n\u00edveis de testosterona em homens acima de 40 anos.Os atletas usam em quantidades maiores para desenvolver sua massa muscular e for\u00e7a.Quais resultados s\u00e3o obtidos durante o ciclo?A testosterona aumentada aumenta o n\u00famero de gl\u00f3bulos vermelhos, resultando em resist\u00eancia muscular e recupera\u00e7\u00e3o mais r\u00e1pida ap\u00f3s exerc\u00edcios intensos.","robots":{"index":"index","follow":"follow","max-snippet":"max-snippet:-1","max-image-preview":"max-image-preview:large","max-video-preview":"max-video-preview:-1"},"canonical":"https:\/\/iberoid.com\/pt\/product\/enandrol\/","og_locale":"pt_PT","og_type":"article","og_title":"Enandrol BALKAN NEW LINE","og_description":"Para fins terap\u00eauticos, \u00e9 usado no tratamento de baixos n\u00edveis de testosterona em homens acima de 40 anos.Os atletas usam em quantidades maiores para desenvolver sua massa muscular e for\u00e7a.Quais resultados s\u00e3o obtidos durante o ciclo?A testosterona aumentada aumenta o n\u00famero de gl\u00f3bulos vermelhos, resultando em resist\u00eancia muscular e recupera\u00e7\u00e3o mais r\u00e1pida ap\u00f3s exerc\u00edcios intensos.","og_url":"https:\/\/iberoid.com\/pt\/product\/enandrol\/","og_site_name":"Ester\u00f3ides Online","article_modified_time":"2024-01-13T17:33:43+00:00","og_image":[{"width":2160,"height":2160,"url":"https:\/\/iberoid.com\/wp-content\/uploads\/2019\/11\/enandrol.jpg?v=1678120178","type":"image\/jpeg"}],"twitter_card":"summary_large_image","twitter_misc":{"pre\u00e7o":"&euro;55.00","Disponibilidade":"Esgotado"},"schema":{"@context":"https:\/\/schema.org","@graph":[{"@type":"WebPage","@id":"https:\/\/iberoid.com\/pt\/product\/enandrol\/","url":"https:\/\/iberoid.com\/pt\/product\/enandrol\/","name":"Enandrol BALKAN NEW LINE - Ester\u00f3ides Online","isPartOf":{"@id":"https:\/\/iberoid.com\/pt\/#website"},"primaryImageOfPage":{"@id":"https:\/\/iberoid.com\/pt\/product\/enandrol\/#primaryimage"},"image":{"@id":"https:\/\/iberoid.com\/pt\/product\/enandrol\/#primaryimage"},"thumbnailUrl":"https:\/\/iberoid.com\/wp-content\/uploads\/2019\/11\/enandrol.jpg?v=1678120178","datePublished":"2019-11-19T20:16:31+00:00","dateModified":"2024-01-13T17:33:43+00:00","description":"Para fins terap\u00eauticos, \u00e9 usado no tratamento de baixos n\u00edveis de testosterona em homens acima de 40 anos.Os atletas usam em quantidades maiores para desenvolver sua massa muscular e for\u00e7a.Quais resultados s\u00e3o obtidos durante o ciclo?A testosterona aumentada aumenta o n\u00famero de gl\u00f3bulos vermelhos, resultando em resist\u00eancia muscular e recupera\u00e7\u00e3o mais r\u00e1pida ap\u00f3s exerc\u00edcios intensos.","breadcrumb":{"@id":"https:\/\/iberoid.com\/pt\/product\/enandrol\/#breadcrumb"},"inLanguage":"pt-PT","potentialAction":[{"@type":"ReadAction","target":[["https:\/\/iberoid.com\/pt\/product\/enandrol\/"]]}]},{"@type":"ImageObject","inLanguage":"pt-PT","@id":"https:\/\/iberoid.com\/pt\/product\/enandrol\/#primaryimage","url":"https:\/\/iberoid.com\/wp-content\/uploads\/2019\/11\/enandrol.jpg?v=1678120178","contentUrl":"https:\/\/iberoid.com\/wp-content\/uploads\/2019\/11\/enandrol.jpg?v=1678120178","width":2160,"height":2160},{"@type":"BreadcrumbList","@id":"https:\/\/iberoid.com\/pt\/product\/enandrol\/#breadcrumb","itemListElement":[{"@type":"ListItem","position":1,"name":"Portada","item":"https:\/\/iberoid.com\/pt\/"},{"@type":"ListItem","position":2,"name":"Loja","item":"https:\/\/iberoid.com\/pt\/shop\/"},{"@type":"ListItem","position":3,"name":"Enandrol BALKAN NEW LINE"}]},{"@type":"WebSite","@id":"https:\/\/iberoid.com\/pt\/#website","url":"https:\/\/iberoid.com\/pt\/","name":"Ester\u00f3ides Online","description":"Compre ester\u00f3ides online hoje em Espanha e Portugal. Temos o melhor servi\u00e7o ao cliente do setor e produtos da mais alta qualidade","potentialAction":[{"@type":"SearchAction","target":{"@type":"EntryPoint","urlTemplate":"https:\/\/iberoid.com\/pt\/?s={search_term_string}"},"query-input":{"@type":"PropertyValueSpecification","valueRequired":true,"valueName":"search_term_string"}}],"inLanguage":"pt-PT"}]},"product_brand":"Balkan Pharmaceuticals","product_price_amount":"55.00","product_price_currency":"EUR","og_availability":"out of stock","product_availability":"out of stock","product_condition":"new"},"_links":{"self":[{"href":"https:\/\/iberoid.com\/pt\/wp-json\/wp\/v2\/product\/2996","targetHints":{"allow":["GET"]}}],"collection":[{"href":"https:\/\/iberoid.com\/pt\/wp-json\/wp\/v2\/product"}],"about":[{"href":"https:\/\/iberoid.com\/pt\/wp-json\/wp\/v2\/types\/product"}],"replies":[{"embeddable":true,"href":"https:\/\/iberoid.com\/pt\/wp-json\/wp\/v2\/comments?post=2996"}],"wp:featuredmedia":[{"embeddable":true,"href":"https:\/\/iberoid.com\/pt\/wp-json\/wp\/v2\/media\/2998"}],"wp:attachment":[{"href":"https:\/\/iberoid.com\/pt\/wp-json\/wp\/v2\/media?parent=2996"}],"wp:term":[{"taxonomy":"product_brand","embeddable":true,"href":"https:\/\/iberoid.com\/pt\/wp-json\/wp\/v2\/product_brand?post=2996"},{"taxonomy":"product_cat","embeddable":true,"href":"https:\/\/iberoid.com\/pt\/wp-json\/wp\/v2\/product_cat?post=2996"},{"taxonomy":"product_tag","embeddable":true,"href":"https:\/\/iberoid.com\/pt\/wp-json\/wp\/v2\/product_tag?post=2996"}],"curies":[{"name":"wp","href":"https:\/\/api.w.org\/{rel}","templated":true}]}}