{"id":3048,"date":"2019-11-20T20:31:44","date_gmt":"2019-11-20T20:31:44","guid":{"rendered":"https:\/\/iberoid.com\/?post_type=product&#038;p=3048"},"modified":"2025-05-11T13:49:37","modified_gmt":"2025-05-11T13:49:37","slug":"boldoged","status":"publish","type":"product","link":"https:\/\/iberoid.com\/pt\/product\/boldoged\/","title":{"rendered":"Boldoged- BOLDENON- EQUIOPSE."},"content":{"rendered":"<p><strong>Boldenon<\/strong> ou equipise \u00e9 um ester\u00f3ide veterin\u00e1rio usado por homens. \u00c9 bem conhecido entre os atletas ap\u00f3s o trembolona, \u200b\u200btem boas caracter\u00edsticas anab\u00f3licas e efeitos colaterais relativamente pequenos.O <strong>boldenon<\/strong> \u00e9 um derivado da testosterona cara e tem altos efeitos anab\u00f3licos e androg\u00eanicos pequenos. Tem uma dura\u00e7\u00e3o de a\u00e7\u00e3o de 2-3 semanas. Na medicina veterin\u00e1ria \u00e9 usado principalmente em cavalos. \u00c9 fabricado para uso humano desde os anos 50.<\/p>\n<p>A <strong>boldenona<\/strong> foi criada para produzir um \u00e9ster injet\u00e1vel mais longo de danabol. \u00c9 uma 17-alfa metilrostenolona n\u00e3o metilada. \u00c9 t\u00e3o anab\u00f3lico quanto a testosterona, mas tem efeitos androg\u00eanicos duas vezes menores. N\u00e3o ganha tanta massa muscular quanto a testosterona, mas o aumento da for\u00e7a \u00e9 semelhante. A boldenona aumenta o n\u00famero de gl\u00f3bulos vermelhos mais do que outros ester\u00f3ides. Os efeitos ben\u00e9ficos deste ester\u00f3ide s\u00e3o apreciados entre os atletas, sendo um ester\u00f3ide popular. Para muitas pessoas, \u00e9 decadurabolin consideravelmente mais forte, mas isso \u00e9 errado, porque a administra\u00e7\u00e3o de boldenon resulta em menos massa muscular. Sua meia-vida \u00e9 longa e, por isso, a massa muscular se acumula mais lentamente, mas \u00e9 de qualidade. Recomenda-se a administra\u00e7\u00e3o por 12 semanas para obter bons resultados. Na terapia p\u00f3s-ciclo, o tamoxifeno \u00e9 necess\u00e1rio. \u00c9 administrado pelo menos uma vez por semana em doses de 400-800mg por semana.<\/p>","protected":false},"excerpt":{"rendered":"<p>Boldenon ou equipise \u00e9 um ester\u00f3ide veterin\u00e1rio usado por homens. \u00c9 bem conhecido entre os atletas ap\u00f3s o trembolona, \u200b\u200btem<\/p>\n","protected":false},"featured_media":3050,"comment_status":"open","ping_status":"closed","template":"","meta":[],"product_brand":[],"product_cat":[69],"product_tag":[],"class_list":{"0":"post-3048","1":"product","2":"type-product","3":"status-publish","4":"has-post-thumbnail","6":"product_cat-esteroides_inyectables","8":"first","9":"outofstock","10":"sale","11":"shipping-taxable","12":"purchasable","13":"product-type-simple"},"yoast_head":"<!-- This site is optimized with the Yoast SEO Premium plugin v24.4 (Yoast SEO v27.0) - https:\/\/yoast.com\/product\/yoast-seo-premium-wordpress\/ -->\n<title>Boldoged- BOLDENON- EQUIOPSE. - Ester\u00f3ides Online<\/title>\n<meta name=\"description\" content=\"\u00c9 t\u00e3o anab\u00f3lico quanto a testosterona, mas tem efeitos androg\u00eanicos duas vezes menores.\" \/>\n<meta name=\"robots\" content=\"index, follow, max-snippet:-1, max-image-preview:large, max-video-preview:-1\" \/>\n<link rel=\"canonical\" href=\"https:\/\/iberoid.com\/pt\/product\/boldoged\/\" \/>\n<meta property=\"og:locale\" content=\"pt_PT\" \/>\n<meta property=\"og:type\" content=\"article\" \/>\n<meta property=\"og:title\" content=\"Boldoged- BOLDENON- EQUIOPSE.\" \/>\n<meta property=\"og:description\" content=\"\u00c9 t\u00e3o anab\u00f3lico quanto a testosterona, mas tem efeitos androg\u00eanicos duas vezes menores.\" \/>\n<meta property=\"og:url\" content=\"https:\/\/iberoid.com\/pt\/product\/boldoged\/\" \/>\n<meta property=\"og:site_name\" content=\"Ester\u00f3ides Online\" \/>\n<meta property=\"article:modified_time\" content=\"2025-05-11T13:49:37+00:00\" \/>\n<meta property=\"og:image\" content=\"https:\/\/iberoid.com\/wp-content\/uploads\/2019\/11\/boldoged.jpg?v=1708914061\" \/>\n\t<meta property=\"og:image:width\" content=\"700\" \/>\n\t<meta property=\"og:image:height\" content=\"700\" \/>\n\t<meta property=\"og:image:type\" content=\"image\/jpeg\" \/>\n<meta name=\"twitter:card\" content=\"summary_large_image\" \/>\n<meta name=\"twitter:label1\" content=\"pre\u00e7o\" \/>\n\t<meta name=\"twitter:data1\" content=\"&euro;40.00\" \/>\n\t<meta name=\"twitter:label2\" content=\"Disponibilidade\" \/>\n\t<meta name=\"twitter:data2\" content=\"Esgotado\" \/>\n<script type=\"application\/ld+json\" class=\"yoast-schema-graph\">{\"@context\":\"https:\/\/schema.org\",\"@graph\":[{\"@type\":\"WebPage\",\"@id\":\"https:\/\/iberoid.com\/pt\/product\/boldoged\/\",\"url\":\"https:\/\/iberoid.com\/pt\/product\/boldoged\/\",\"name\":\"Boldoged- BOLDENON- EQUIOPSE. - Ester\u00f3ides Online\",\"isPartOf\":{\"@id\":\"https:\/\/iberoid-shop.com\/#website\"},\"primaryImageOfPage\":{\"@id\":\"https:\/\/iberoid.com\/pt\/product\/boldoged\/#primaryimage\"},\"image\":{\"@id\":\"https:\/\/iberoid.com\/pt\/product\/boldoged\/#primaryimage\"},\"thumbnailUrl\":\"https:\/\/iberoid.com\/wp-content\/uploads\/2019\/11\/boldoged.jpg?v=1708914061\",\"datePublished\":\"2019-11-20T20:31:44+00:00\",\"dateModified\":\"2025-05-11T13:49:37+00:00\",\"description\":\"\u00c9 t\u00e3o anab\u00f3lico quanto a testosterona, mas tem efeitos androg\u00eanicos duas vezes menores.\",\"breadcrumb\":{\"@id\":\"https:\/\/iberoid.com\/pt\/product\/boldoged\/#breadcrumb\"},\"inLanguage\":\"pt-PT\",\"potentialAction\":[{\"@type\":\"ReadAction\",\"target\":[[\"https:\/\/iberoid.com\/pt\/product\/boldoged\/\"]]}]},{\"@type\":\"ImageObject\",\"inLanguage\":\"pt-PT\",\"@id\":\"https:\/\/iberoid.com\/pt\/product\/boldoged\/#primaryimage\",\"url\":\"https:\/\/iberoid.com\/wp-content\/uploads\/2019\/11\/boldoged.jpg?v=1708914061\",\"contentUrl\":\"https:\/\/iberoid.com\/wp-content\/uploads\/2019\/11\/boldoged.jpg?v=1708914061\",\"width\":700,\"height\":700},{\"@type\":\"BreadcrumbList\",\"@id\":\"https:\/\/iberoid.com\/pt\/product\/boldoged\/#breadcrumb\",\"itemListElement\":[{\"@type\":\"ListItem\",\"position\":1,\"name\":\"Portada\",\"item\":\"https:\/\/iberoid.com\/pt\/\"},{\"@type\":\"ListItem\",\"position\":2,\"name\":\"Loja\",\"item\":\"https:\/\/iberoid.com\/pt\/shop\/\"},{\"@type\":\"ListItem\",\"position\":3,\"name\":\"Boldoged- BOLDENON- EQUIOPSE.\"}]},{\"@type\":\"WebSite\",\"@id\":\"https:\/\/iberoid-shop.com\/#website\",\"url\":\"https:\/\/iberoid-shop.com\/\",\"name\":\"Ester\u00f3ides Online\",\"description\":\"Compre ester\u00f3ides online hoje em Espanha e Portugal. Temos o melhor servi\u00e7o ao cliente do setor e produtos da mais alta qualidade\",\"potentialAction\":[{\"@type\":\"SearchAction\",\"target\":{\"@type\":\"EntryPoint\",\"urlTemplate\":\"https:\/\/iberoid-shop.com\/?s={search_term_string}\"},\"query-input\":{\"@type\":\"PropertyValueSpecification\",\"valueRequired\":true,\"valueName\":\"search_term_string\"}}],\"inLanguage\":\"pt-PT\"}]}<\/script>\n<meta property=\"product:brand\" content=\"Euro Prime Pharmaceuticals (EPF)\" \/>\n<meta property=\"product:price:amount\" content=\"40.00\" \/>\n<meta property=\"product:price:currency\" content=\"EUR\" \/>\n<meta property=\"og:availability\" content=\"out of stock\" \/>\n<meta property=\"product:availability\" content=\"out of stock\" \/>\n<meta property=\"product:condition\" content=\"new\" \/>\n<!-- \/ Yoast SEO Premium plugin. -->","yoast_head_json":{"title":"Boldoged- BOLDENON- EQUIOPSE. - Ester\u00f3ides Online","description":"\u00c9 t\u00e3o anab\u00f3lico quanto a testosterona, mas tem efeitos androg\u00eanicos duas vezes menores.","robots":{"index":"index","follow":"follow","max-snippet":"max-snippet:-1","max-image-preview":"max-image-preview:large","max-video-preview":"max-video-preview:-1"},"canonical":"https:\/\/iberoid.com\/pt\/product\/boldoged\/","og_locale":"pt_PT","og_type":"article","og_title":"Boldoged- BOLDENON- EQUIOPSE.","og_description":"\u00c9 t\u00e3o anab\u00f3lico quanto a testosterona, mas tem efeitos androg\u00eanicos duas vezes menores.","og_url":"https:\/\/iberoid.com\/pt\/product\/boldoged\/","og_site_name":"Ester\u00f3ides Online","article_modified_time":"2025-05-11T13:49:37+00:00","og_image":[{"width":700,"height":700,"url":"https:\/\/iberoid.com\/wp-content\/uploads\/2019\/11\/boldoged.jpg?v=1708914061","type":"image\/jpeg"}],"twitter_card":"summary_large_image","twitter_misc":{"pre\u00e7o":"&euro;40.00","Disponibilidade":"Esgotado"},"schema":{"@context":"https:\/\/schema.org","@graph":[{"@type":"WebPage","@id":"https:\/\/iberoid.com\/pt\/product\/boldoged\/","url":"https:\/\/iberoid.com\/pt\/product\/boldoged\/","name":"Boldoged- BOLDENON- EQUIOPSE. - Ester\u00f3ides Online","isPartOf":{"@id":"https:\/\/iberoid-shop.com\/#website"},"primaryImageOfPage":{"@id":"https:\/\/iberoid.com\/pt\/product\/boldoged\/#primaryimage"},"image":{"@id":"https:\/\/iberoid.com\/pt\/product\/boldoged\/#primaryimage"},"thumbnailUrl":"https:\/\/iberoid.com\/wp-content\/uploads\/2019\/11\/boldoged.jpg?v=1708914061","datePublished":"2019-11-20T20:31:44+00:00","dateModified":"2025-05-11T13:49:37+00:00","description":"\u00c9 t\u00e3o anab\u00f3lico quanto a testosterona, mas tem efeitos androg\u00eanicos duas vezes menores.","breadcrumb":{"@id":"https:\/\/iberoid.com\/pt\/product\/boldoged\/#breadcrumb"},"inLanguage":"pt-PT","potentialAction":[{"@type":"ReadAction","target":[["https:\/\/iberoid.com\/pt\/product\/boldoged\/"]]}]},{"@type":"ImageObject","inLanguage":"pt-PT","@id":"https:\/\/iberoid.com\/pt\/product\/boldoged\/#primaryimage","url":"https:\/\/iberoid.com\/wp-content\/uploads\/2019\/11\/boldoged.jpg?v=1708914061","contentUrl":"https:\/\/iberoid.com\/wp-content\/uploads\/2019\/11\/boldoged.jpg?v=1708914061","width":700,"height":700},{"@type":"BreadcrumbList","@id":"https:\/\/iberoid.com\/pt\/product\/boldoged\/#breadcrumb","itemListElement":[{"@type":"ListItem","position":1,"name":"Portada","item":"https:\/\/iberoid.com\/pt\/"},{"@type":"ListItem","position":2,"name":"Loja","item":"https:\/\/iberoid.com\/pt\/shop\/"},{"@type":"ListItem","position":3,"name":"Boldoged- BOLDENON- EQUIOPSE."}]},{"@type":"WebSite","@id":"https:\/\/iberoid-shop.com\/#website","url":"https:\/\/iberoid-shop.com\/","name":"Ester\u00f3ides Online","description":"Compre ester\u00f3ides online hoje em Espanha e Portugal. Temos o melhor servi\u00e7o ao cliente do setor e produtos da mais alta qualidade","potentialAction":[{"@type":"SearchAction","target":{"@type":"EntryPoint","urlTemplate":"https:\/\/iberoid-shop.com\/?s={search_term_string}"},"query-input":{"@type":"PropertyValueSpecification","valueRequired":true,"valueName":"search_term_string"}}],"inLanguage":"pt-PT"}]},"product_brand":"Euro Prime Pharmaceuticals (EPF)","product_price_amount":"40.00","product_price_currency":"EUR","og_availability":"out of stock","product_availability":"out of stock","product_condition":"new"},"_links":{"self":[{"href":"https:\/\/iberoid.com\/pt\/wp-json\/wp\/v2\/product\/3048","targetHints":{"allow":["GET"]}}],"collection":[{"href":"https:\/\/iberoid.com\/pt\/wp-json\/wp\/v2\/product"}],"about":[{"href":"https:\/\/iberoid.com\/pt\/wp-json\/wp\/v2\/types\/product"}],"replies":[{"embeddable":true,"href":"https:\/\/iberoid.com\/pt\/wp-json\/wp\/v2\/comments?post=3048"}],"wp:featuredmedia":[{"embeddable":true,"href":"https:\/\/iberoid.com\/pt\/wp-json\/wp\/v2\/media\/3050"}],"wp:attachment":[{"href":"https:\/\/iberoid.com\/pt\/wp-json\/wp\/v2\/media?parent=3048"}],"wp:term":[{"taxonomy":"product_brand","embeddable":true,"href":"https:\/\/iberoid.com\/pt\/wp-json\/wp\/v2\/product_brand?post=3048"},{"taxonomy":"product_cat","embeddable":true,"href":"https:\/\/iberoid.com\/pt\/wp-json\/wp\/v2\/product_cat?post=3048"},{"taxonomy":"product_tag","embeddable":true,"href":"https:\/\/iberoid.com\/pt\/wp-json\/wp\/v2\/product_tag?post=3048"}],"curies":[{"name":"wp","href":"https:\/\/api.w.org\/{rel}","templated":true}]}}