{"id":3080,"date":"2019-11-20T20:49:22","date_gmt":"2019-11-20T20:49:22","guid":{"rendered":"https:\/\/iberoid.com\/?post_type=product&#038;p=3080"},"modified":"2026-02-24T09:34:18","modified_gmt":"2026-02-24T09:34:18","slug":"testoged-c","status":"publish","type":"product","link":"https:\/\/iberoid.com\/pt\/product\/testoged-c\/","title":{"rendered":"Testoged C\/testosterone cypionate\/EPF"},"content":{"rendered":"<p>A testosterona lascada \u00e9 um ester\u00f3ide anabolizante para inje\u00e7\u00e3o na forma de uma solu\u00e7\u00e3o oleosa projetada para liberar testosterona lenta. Tem um efeito duradouro 1-2 semanas. O pico de concentra\u00e7\u00e3o de testosterona no sangue ser\u00e1 atingido 24-48 horas ap\u00f3s a inje\u00e7\u00e3o e depois liberado lentamente. O m\u00e9dico \u00e9 administrado a cada 2-3 dias, mas os melhores efeitos s\u00e3o obtidos quando administrados a cada 10 dias. A testosterona m\u00e9dica de Chipre \u00e9 a melhor solu\u00e7\u00e3o para o tratamento de baixos n\u00edveis de testosterona. Atletas e fisiculturistas usam doses muito al\u00e9m das terap\u00eauticas para aumentar sua massa muscular e for\u00e7a, mas tamb\u00e9m para obter um melhor desempenho de crescimento. A testosterona ajuda na s\u00edntese de prote\u00ednas, isto \u00e9, no anabolismo. Aumenta o n\u00famero de gl\u00f3bulos vermelhos, o que aumenta a resist\u00eancia muscular e ajuda na recupera\u00e7\u00e3o do esfor\u00e7o f\u00edsico. A testosterona tamb\u00e9m aumentar\u00e1 o n\u00edvel de IgF 1. \u00c9 um ester\u00f3ide para ac\u00famulo de massa, mas tamb\u00e9m para defini\u00e7\u00e3o, a diferen\u00e7a \u00e9 feita semanalmente, dieta e se combinada com outros ester\u00f3ides. Ele ret\u00e9m \u00e1gua no corpo, mas desaparece ap\u00f3s o final dos c\u00edlios. Para obter os melhores resultados, \u00e9 necess\u00e1rio manter uma dieta rica em prote\u00ednas e um treinamento mais eficiente e complexo. Se sentir dor na \u00e1rea dos mamilos durante o ciclo de testosterona, s\u00e3o necess\u00e1rios 10 mg de tamoxifeno por dia. A testosterona suprime a produ\u00e7\u00e3o de testosterona, raz\u00e3o pela qual a terapia p\u00f3s-ciclo em que clomid, tamoxifeno e pregnil ser\u00e3o usados. Para evitar atrofia dos test\u00edculos, pregnyl tamb\u00e9m pode ser usado durante o ciclo. A dose de testosterona utilizada varia entre 500 mg e 1000 mg por semana, durante um per\u00edodo m\u00ednimo de 8 semanas.<\/p>","protected":false},"excerpt":{"rendered":"<p>A testosterona lascada \u00e9 um ester\u00f3ide anabolizante para inje\u00e7\u00e3o na forma de uma solu\u00e7\u00e3o oleosa projetada para liberar testosterona lenta.<\/p>\n","protected":false},"featured_media":3082,"comment_status":"open","ping_status":"closed","template":"","meta":[],"product_brand":[],"product_cat":[69],"product_tag":[],"class_list":{"0":"post-3080","1":"product","2":"type-product","3":"status-publish","4":"has-post-thumbnail","6":"product_cat-esteroides_inyectables","8":"first","9":"instock","10":"sale","11":"shipping-taxable","12":"purchasable","13":"product-type-simple"},"yoast_head":"<!-- This site is optimized with the Yoast SEO Premium plugin v24.4 (Yoast SEO v27.0) - https:\/\/yoast.com\/product\/yoast-seo-premium-wordpress\/ -->\n<title>Testoged C\/testosterone cypionate\/EPF - Ester\u00f3ides Online<\/title>\n<meta name=\"description\" content=\"A testosterona lascada \u00e9 um ester\u00f3ide anabolizante para inje\u00e7\u00e3o na forma de uma solu\u00e7\u00e3o oleosa projetada para liberar testosterona lenta.\" \/>\n<meta name=\"robots\" content=\"index, follow, max-snippet:-1, max-image-preview:large, max-video-preview:-1\" \/>\n<link rel=\"canonical\" href=\"https:\/\/iberoid.com\/pt\/product\/testoged-c\/\" \/>\n<meta property=\"og:locale\" content=\"pt_PT\" \/>\n<meta property=\"og:type\" content=\"article\" \/>\n<meta property=\"og:title\" content=\"Testoged C\/testosterone cypionate\/EPF\" \/>\n<meta property=\"og:description\" content=\"A testosterona lascada \u00e9 um ester\u00f3ide anabolizante para inje\u00e7\u00e3o na forma de uma solu\u00e7\u00e3o oleosa projetada para liberar testosterona lenta.\" \/>\n<meta property=\"og:url\" content=\"https:\/\/iberoid.com\/pt\/product\/testoged-c\/\" \/>\n<meta property=\"og:site_name\" content=\"Ester\u00f3ides Online\" \/>\n<meta property=\"article:modified_time\" content=\"2026-02-24T09:34:18+00:00\" \/>\n<meta property=\"og:image\" content=\"https:\/\/iberoid.com\/wp-content\/uploads\/2019\/11\/testoged_c.jpg?v=1756397789\" \/>\n\t<meta property=\"og:image:width\" content=\"700\" \/>\n\t<meta property=\"og:image:height\" content=\"700\" \/>\n\t<meta property=\"og:image:type\" content=\"image\/jpeg\" \/>\n<meta name=\"twitter:card\" content=\"summary_large_image\" \/>\n<meta name=\"twitter:label1\" content=\"pre\u00e7o\" \/>\n\t<meta name=\"twitter:data1\" content=\"&euro;30.00\" \/>\n\t<meta name=\"twitter:label2\" content=\"Disponibilidade\" \/>\n\t<meta name=\"twitter:data2\" content=\"Em stock\" \/>\n<script type=\"application\/ld+json\" class=\"yoast-schema-graph\">{\"@context\":\"https:\/\/schema.org\",\"@graph\":[{\"@type\":\"WebPage\",\"@id\":\"https:\/\/iberoid.com\/pt\/product\/testoged-c\/\",\"url\":\"https:\/\/iberoid.com\/pt\/product\/testoged-c\/\",\"name\":\"Testoged C\/testosterone cypionate\/EPF - Ester\u00f3ides Online\",\"isPartOf\":{\"@id\":\"https:\/\/iberoid-shop.com\/#website\"},\"primaryImageOfPage\":{\"@id\":\"https:\/\/iberoid.com\/pt\/product\/testoged-c\/#primaryimage\"},\"image\":{\"@id\":\"https:\/\/iberoid.com\/pt\/product\/testoged-c\/#primaryimage\"},\"thumbnailUrl\":\"https:\/\/iberoid.com\/wp-content\/uploads\/2019\/11\/testoged_c.jpg?v=1756397789\",\"datePublished\":\"2019-11-20T20:49:22+00:00\",\"dateModified\":\"2026-02-24T09:34:18+00:00\",\"description\":\"A testosterona lascada \u00e9 um ester\u00f3ide anabolizante para inje\u00e7\u00e3o na forma de uma solu\u00e7\u00e3o oleosa projetada para liberar testosterona lenta.\",\"breadcrumb\":{\"@id\":\"https:\/\/iberoid.com\/pt\/product\/testoged-c\/#breadcrumb\"},\"inLanguage\":\"pt-PT\",\"potentialAction\":[{\"@type\":\"ReadAction\",\"target\":[[\"https:\/\/iberoid.com\/pt\/product\/testoged-c\/\"]]}]},{\"@type\":\"ImageObject\",\"inLanguage\":\"pt-PT\",\"@id\":\"https:\/\/iberoid.com\/pt\/product\/testoged-c\/#primaryimage\",\"url\":\"https:\/\/iberoid.com\/wp-content\/uploads\/2019\/11\/testoged_c.jpg?v=1756397789\",\"contentUrl\":\"https:\/\/iberoid.com\/wp-content\/uploads\/2019\/11\/testoged_c.jpg?v=1756397789\",\"width\":700,\"height\":700},{\"@type\":\"BreadcrumbList\",\"@id\":\"https:\/\/iberoid.com\/pt\/product\/testoged-c\/#breadcrumb\",\"itemListElement\":[{\"@type\":\"ListItem\",\"position\":1,\"name\":\"Portada\",\"item\":\"https:\/\/iberoid.com\/pt\/\"},{\"@type\":\"ListItem\",\"position\":2,\"name\":\"Loja\",\"item\":\"https:\/\/iberoid.com\/pt\/shop\/\"},{\"@type\":\"ListItem\",\"position\":3,\"name\":\"Testoged C\/testosterone cypionate\/EPF\"}]},{\"@type\":\"WebSite\",\"@id\":\"https:\/\/iberoid-shop.com\/#website\",\"url\":\"https:\/\/iberoid-shop.com\/\",\"name\":\"Ester\u00f3ides Online\",\"description\":\"Compre ester\u00f3ides online hoje em Espanha e Portugal. Temos o melhor servi\u00e7o ao cliente do setor e produtos da mais alta qualidade\",\"potentialAction\":[{\"@type\":\"SearchAction\",\"target\":{\"@type\":\"EntryPoint\",\"urlTemplate\":\"https:\/\/iberoid-shop.com\/?s={search_term_string}\"},\"query-input\":{\"@type\":\"PropertyValueSpecification\",\"valueRequired\":true,\"valueName\":\"search_term_string\"}}],\"inLanguage\":\"pt-PT\"}]}<\/script>\n<meta property=\"product:brand\" content=\"Euro Prime Pharmaceuticals (EPF)\" \/>\n<meta property=\"product:price:amount\" content=\"30.00\" \/>\n<meta property=\"product:price:currency\" content=\"EUR\" \/>\n<meta property=\"og:availability\" content=\"instock\" \/>\n<meta property=\"product:availability\" content=\"instock\" \/>\n<meta property=\"product:condition\" content=\"new\" \/>\n<!-- \/ Yoast SEO Premium plugin. -->","yoast_head_json":{"title":"Testoged C\/testosterone cypionate\/EPF - Ester\u00f3ides Online","description":"A testosterona lascada \u00e9 um ester\u00f3ide anabolizante para inje\u00e7\u00e3o na forma de uma solu\u00e7\u00e3o oleosa projetada para liberar testosterona lenta.","robots":{"index":"index","follow":"follow","max-snippet":"max-snippet:-1","max-image-preview":"max-image-preview:large","max-video-preview":"max-video-preview:-1"},"canonical":"https:\/\/iberoid.com\/pt\/product\/testoged-c\/","og_locale":"pt_PT","og_type":"article","og_title":"Testoged C\/testosterone cypionate\/EPF","og_description":"A testosterona lascada \u00e9 um ester\u00f3ide anabolizante para inje\u00e7\u00e3o na forma de uma solu\u00e7\u00e3o oleosa projetada para liberar testosterona lenta.","og_url":"https:\/\/iberoid.com\/pt\/product\/testoged-c\/","og_site_name":"Ester\u00f3ides Online","article_modified_time":"2026-02-24T09:34:18+00:00","og_image":[{"width":700,"height":700,"url":"https:\/\/iberoid.com\/wp-content\/uploads\/2019\/11\/testoged_c.jpg?v=1756397789","type":"image\/jpeg"}],"twitter_card":"summary_large_image","twitter_misc":{"pre\u00e7o":"&euro;30.00","Disponibilidade":"Em stock"},"schema":{"@context":"https:\/\/schema.org","@graph":[{"@type":"WebPage","@id":"https:\/\/iberoid.com\/pt\/product\/testoged-c\/","url":"https:\/\/iberoid.com\/pt\/product\/testoged-c\/","name":"Testoged C\/testosterone cypionate\/EPF - Ester\u00f3ides Online","isPartOf":{"@id":"https:\/\/iberoid-shop.com\/#website"},"primaryImageOfPage":{"@id":"https:\/\/iberoid.com\/pt\/product\/testoged-c\/#primaryimage"},"image":{"@id":"https:\/\/iberoid.com\/pt\/product\/testoged-c\/#primaryimage"},"thumbnailUrl":"https:\/\/iberoid.com\/wp-content\/uploads\/2019\/11\/testoged_c.jpg?v=1756397789","datePublished":"2019-11-20T20:49:22+00:00","dateModified":"2026-02-24T09:34:18+00:00","description":"A testosterona lascada \u00e9 um ester\u00f3ide anabolizante para inje\u00e7\u00e3o na forma de uma solu\u00e7\u00e3o oleosa projetada para liberar testosterona lenta.","breadcrumb":{"@id":"https:\/\/iberoid.com\/pt\/product\/testoged-c\/#breadcrumb"},"inLanguage":"pt-PT","potentialAction":[{"@type":"ReadAction","target":[["https:\/\/iberoid.com\/pt\/product\/testoged-c\/"]]}]},{"@type":"ImageObject","inLanguage":"pt-PT","@id":"https:\/\/iberoid.com\/pt\/product\/testoged-c\/#primaryimage","url":"https:\/\/iberoid.com\/wp-content\/uploads\/2019\/11\/testoged_c.jpg?v=1756397789","contentUrl":"https:\/\/iberoid.com\/wp-content\/uploads\/2019\/11\/testoged_c.jpg?v=1756397789","width":700,"height":700},{"@type":"BreadcrumbList","@id":"https:\/\/iberoid.com\/pt\/product\/testoged-c\/#breadcrumb","itemListElement":[{"@type":"ListItem","position":1,"name":"Portada","item":"https:\/\/iberoid.com\/pt\/"},{"@type":"ListItem","position":2,"name":"Loja","item":"https:\/\/iberoid.com\/pt\/shop\/"},{"@type":"ListItem","position":3,"name":"Testoged C\/testosterone cypionate\/EPF"}]},{"@type":"WebSite","@id":"https:\/\/iberoid-shop.com\/#website","url":"https:\/\/iberoid-shop.com\/","name":"Ester\u00f3ides Online","description":"Compre ester\u00f3ides online hoje em Espanha e Portugal. Temos o melhor servi\u00e7o ao cliente do setor e produtos da mais alta qualidade","potentialAction":[{"@type":"SearchAction","target":{"@type":"EntryPoint","urlTemplate":"https:\/\/iberoid-shop.com\/?s={search_term_string}"},"query-input":{"@type":"PropertyValueSpecification","valueRequired":true,"valueName":"search_term_string"}}],"inLanguage":"pt-PT"}]},"product_brand":"Euro Prime Pharmaceuticals (EPF)","product_price_amount":"30.00","product_price_currency":"EUR","og_availability":"instock","product_availability":"instock","product_condition":"new"},"_links":{"self":[{"href":"https:\/\/iberoid.com\/pt\/wp-json\/wp\/v2\/product\/3080","targetHints":{"allow":["GET"]}}],"collection":[{"href":"https:\/\/iberoid.com\/pt\/wp-json\/wp\/v2\/product"}],"about":[{"href":"https:\/\/iberoid.com\/pt\/wp-json\/wp\/v2\/types\/product"}],"replies":[{"embeddable":true,"href":"https:\/\/iberoid.com\/pt\/wp-json\/wp\/v2\/comments?post=3080"}],"wp:featuredmedia":[{"embeddable":true,"href":"https:\/\/iberoid.com\/pt\/wp-json\/wp\/v2\/media\/3082"}],"wp:attachment":[{"href":"https:\/\/iberoid.com\/pt\/wp-json\/wp\/v2\/media?parent=3080"}],"wp:term":[{"taxonomy":"product_brand","embeddable":true,"href":"https:\/\/iberoid.com\/pt\/wp-json\/wp\/v2\/product_brand?post=3080"},{"taxonomy":"product_cat","embeddable":true,"href":"https:\/\/iberoid.com\/pt\/wp-json\/wp\/v2\/product_cat?post=3080"},{"taxonomy":"product_tag","embeddable":true,"href":"https:\/\/iberoid.com\/pt\/wp-json\/wp\/v2\/product_tag?post=3080"}],"curies":[{"name":"wp","href":"https:\/\/api.w.org\/{rel}","templated":true}]}}