{"id":3112,"date":"2019-11-20T21:17:32","date_gmt":"2019-11-20T21:17:32","guid":{"rendered":"https:\/\/iberoid.com\/?post_type=product&#038;p=3112"},"modified":"2023-08-14T20:54:32","modified_gmt":"2023-08-14T20:54:32","slug":"lipo-fire","status":"publish","type":"product","link":"https:\/\/iberoid.com\/pt\/product\/lipo-fire\/","title":{"rendered":"LIPO-FIRE"},"content":{"rendered":"<p><strong>Descri\u00e7\u00e3o<\/strong><br \/>\n1 frasco para inject\u00e1veis cont\u00e9m 10 ml de solu\u00e7\u00e3o inject\u00e1vel;<br \/>\n<strong>Subst\u00e2ncias ativas<\/strong><br \/>\nCada ml de Lipo-fire cont\u00e9m 40 mcg de Clenbuterol e 5,4 mg de ioimbina;<br \/>\n<strong>Via de administra\u00e7\u00e3o<\/strong><br \/>\nApenas para uso intramuscular;<\/p>","protected":false},"excerpt":{"rendered":"<p>Descri\u00e7\u00e3o 1 frasco para inject\u00e1veis cont\u00e9m 10 ml de solu\u00e7\u00e3o inject\u00e1vel; Subst\u00e2ncias ativas Cada ml de Lipo-fire cont\u00e9m 40 mcg<\/p>\n","protected":false},"featured_media":3114,"comment_status":"open","ping_status":"closed","template":"","meta":[],"product_brand":[],"product_cat":[69],"product_tag":[],"class_list":{"0":"post-3112","1":"product","2":"type-product","3":"status-publish","4":"has-post-thumbnail","6":"product_cat-esteroides_inyectables","8":"first","9":"outofstock","10":"shipping-taxable","11":"purchasable","12":"product-type-simple"},"yoast_head":"<!-- This site is optimized with the Yoast SEO Premium plugin v24.4 (Yoast SEO v27.0) - https:\/\/yoast.com\/product\/yoast-seo-premium-wordpress\/ -->\n<title>LIPO-FIRE - Ester\u00f3ides Online<\/title>\n<meta name=\"description\" content=\"Descri\u00e7\u00e3o1 frasco para inject\u00e1veis cont\u00e9m 10 ml de solu\u00e7\u00e3o inject\u00e1vel;Subst\u00e2ncias ativasCada ml de Lipo-fire cont\u00e9m 40 mcg de Clenbuterol e 5,4 mg de ioimbina;Via de administra\u00e7\u00e3oApenas para uso intramuscular;\" \/>\n<meta name=\"robots\" content=\"index, follow, max-snippet:-1, max-image-preview:large, max-video-preview:-1\" \/>\n<link rel=\"canonical\" href=\"https:\/\/iberoid.com\/pt\/product\/lipo-fire\/\" \/>\n<meta property=\"og:locale\" content=\"pt_PT\" \/>\n<meta property=\"og:type\" content=\"article\" \/>\n<meta property=\"og:title\" content=\"LIPO-FIRE\" \/>\n<meta property=\"og:description\" content=\"Descri\u00e7\u00e3o1 frasco para inject\u00e1veis cont\u00e9m 10 ml de solu\u00e7\u00e3o inject\u00e1vel;Subst\u00e2ncias ativasCada ml de Lipo-fire cont\u00e9m 40 mcg de Clenbuterol e 5,4 mg de ioimbina;Via de administra\u00e7\u00e3oApenas para uso intramuscular;\" \/>\n<meta property=\"og:url\" content=\"https:\/\/iberoid.com\/pt\/product\/lipo-fire\/\" \/>\n<meta property=\"og:site_name\" content=\"Ester\u00f3ides Online\" \/>\n<meta property=\"article:modified_time\" content=\"2023-08-14T20:54:32+00:00\" \/>\n<meta property=\"og:image\" content=\"https:\/\/iberoid.com\/wp-content\/uploads\/2019\/11\/lipo_fire.jpg?v=1678120159\" \/>\n\t<meta property=\"og:image:width\" content=\"388\" \/>\n\t<meta property=\"og:image:height\" content=\"388\" \/>\n\t<meta property=\"og:image:type\" content=\"image\/jpeg\" \/>\n<meta name=\"twitter:card\" content=\"summary_large_image\" \/>\n<meta name=\"twitter:label1\" content=\"pre\u00e7o\" \/>\n\t<meta name=\"twitter:data1\" content=\"&euro;40.00\" \/>\n\t<meta name=\"twitter:label2\" content=\"Disponibilidade\" \/>\n\t<meta name=\"twitter:data2\" content=\"Esgotado\" \/>\n<script type=\"application\/ld+json\" class=\"yoast-schema-graph\">{\"@context\":\"https:\/\/schema.org\",\"@graph\":[{\"@type\":\"WebPage\",\"@id\":\"https:\/\/iberoid.com\/pt\/product\/lipo-fire\/\",\"url\":\"https:\/\/iberoid.com\/pt\/product\/lipo-fire\/\",\"name\":\"LIPO-FIRE - Ester\u00f3ides Online\",\"isPartOf\":{\"@id\":\"https:\/\/iberoid.com\/pt\/#website\"},\"primaryImageOfPage\":{\"@id\":\"https:\/\/iberoid.com\/pt\/product\/lipo-fire\/#primaryimage\"},\"image\":{\"@id\":\"https:\/\/iberoid.com\/pt\/product\/lipo-fire\/#primaryimage\"},\"thumbnailUrl\":\"https:\/\/iberoid.com\/wp-content\/uploads\/2019\/11\/lipo_fire.jpg?v=1678120159\",\"datePublished\":\"2019-11-20T21:17:32+00:00\",\"dateModified\":\"2023-08-14T20:54:32+00:00\",\"description\":\"Descri\u00e7\u00e3o1 frasco para inject\u00e1veis cont\u00e9m 10 ml de solu\u00e7\u00e3o inject\u00e1vel;Subst\u00e2ncias ativasCada ml de Lipo-fire cont\u00e9m 40 mcg de Clenbuterol e 5,4 mg de ioimbina;Via de administra\u00e7\u00e3oApenas para uso intramuscular;\",\"breadcrumb\":{\"@id\":\"https:\/\/iberoid.com\/pt\/product\/lipo-fire\/#breadcrumb\"},\"inLanguage\":\"pt-PT\",\"potentialAction\":[{\"@type\":\"ReadAction\",\"target\":[[\"https:\/\/iberoid.com\/pt\/product\/lipo-fire\/\"]]}]},{\"@type\":\"ImageObject\",\"inLanguage\":\"pt-PT\",\"@id\":\"https:\/\/iberoid.com\/pt\/product\/lipo-fire\/#primaryimage\",\"url\":\"https:\/\/iberoid.com\/wp-content\/uploads\/2019\/11\/lipo_fire.jpg?v=1678120159\",\"contentUrl\":\"https:\/\/iberoid.com\/wp-content\/uploads\/2019\/11\/lipo_fire.jpg?v=1678120159\",\"width\":388,\"height\":388},{\"@type\":\"BreadcrumbList\",\"@id\":\"https:\/\/iberoid.com\/pt\/product\/lipo-fire\/#breadcrumb\",\"itemListElement\":[{\"@type\":\"ListItem\",\"position\":1,\"name\":\"Portada\",\"item\":\"https:\/\/iberoid.com\/pt\/\"},{\"@type\":\"ListItem\",\"position\":2,\"name\":\"Loja\",\"item\":\"https:\/\/iberoid.com\/pt\/shop\/\"},{\"@type\":\"ListItem\",\"position\":3,\"name\":\"LIPO-FIRE\"}]},{\"@type\":\"WebSite\",\"@id\":\"https:\/\/iberoid.com\/pt\/#website\",\"url\":\"https:\/\/iberoid.com\/pt\/\",\"name\":\"Ester\u00f3ides Online\",\"description\":\"Compre ester\u00f3ides online hoje em Espanha e Portugal. Temos o melhor servi\u00e7o ao cliente do setor e produtos da mais alta qualidade\",\"potentialAction\":[{\"@type\":\"SearchAction\",\"target\":{\"@type\":\"EntryPoint\",\"urlTemplate\":\"https:\/\/iberoid.com\/pt\/?s={search_term_string}\"},\"query-input\":{\"@type\":\"PropertyValueSpecification\",\"valueRequired\":true,\"valueName\":\"search_term_string\"}}],\"inLanguage\":\"pt-PT\"}]}<\/script>\n<meta property=\"product:brand\" content=\"SP Laboratories\" \/>\n<meta property=\"product:price:amount\" content=\"40.00\" \/>\n<meta property=\"product:price:currency\" content=\"EUR\" \/>\n<meta property=\"og:availability\" content=\"out of stock\" \/>\n<meta property=\"product:availability\" content=\"out of stock\" \/>\n<meta property=\"product:condition\" content=\"new\" \/>\n<!-- \/ Yoast SEO Premium plugin. -->","yoast_head_json":{"title":"LIPO-FIRE - Ester\u00f3ides Online","description":"Descri\u00e7\u00e3o1 frasco para inject\u00e1veis cont\u00e9m 10 ml de solu\u00e7\u00e3o inject\u00e1vel;Subst\u00e2ncias ativasCada ml de Lipo-fire cont\u00e9m 40 mcg de Clenbuterol e 5,4 mg de ioimbina;Via de administra\u00e7\u00e3oApenas para uso intramuscular;","robots":{"index":"index","follow":"follow","max-snippet":"max-snippet:-1","max-image-preview":"max-image-preview:large","max-video-preview":"max-video-preview:-1"},"canonical":"https:\/\/iberoid.com\/pt\/product\/lipo-fire\/","og_locale":"pt_PT","og_type":"article","og_title":"LIPO-FIRE","og_description":"Descri\u00e7\u00e3o1 frasco para inject\u00e1veis cont\u00e9m 10 ml de solu\u00e7\u00e3o inject\u00e1vel;Subst\u00e2ncias ativasCada ml de Lipo-fire cont\u00e9m 40 mcg de Clenbuterol e 5,4 mg de ioimbina;Via de administra\u00e7\u00e3oApenas para uso intramuscular;","og_url":"https:\/\/iberoid.com\/pt\/product\/lipo-fire\/","og_site_name":"Ester\u00f3ides Online","article_modified_time":"2023-08-14T20:54:32+00:00","og_image":[{"width":388,"height":388,"url":"https:\/\/iberoid.com\/wp-content\/uploads\/2019\/11\/lipo_fire.jpg?v=1678120159","type":"image\/jpeg"}],"twitter_card":"summary_large_image","twitter_misc":{"pre\u00e7o":"&euro;40.00","Disponibilidade":"Esgotado"},"schema":{"@context":"https:\/\/schema.org","@graph":[{"@type":"WebPage","@id":"https:\/\/iberoid.com\/pt\/product\/lipo-fire\/","url":"https:\/\/iberoid.com\/pt\/product\/lipo-fire\/","name":"LIPO-FIRE - Ester\u00f3ides Online","isPartOf":{"@id":"https:\/\/iberoid.com\/pt\/#website"},"primaryImageOfPage":{"@id":"https:\/\/iberoid.com\/pt\/product\/lipo-fire\/#primaryimage"},"image":{"@id":"https:\/\/iberoid.com\/pt\/product\/lipo-fire\/#primaryimage"},"thumbnailUrl":"https:\/\/iberoid.com\/wp-content\/uploads\/2019\/11\/lipo_fire.jpg?v=1678120159","datePublished":"2019-11-20T21:17:32+00:00","dateModified":"2023-08-14T20:54:32+00:00","description":"Descri\u00e7\u00e3o1 frasco para inject\u00e1veis cont\u00e9m 10 ml de solu\u00e7\u00e3o inject\u00e1vel;Subst\u00e2ncias ativasCada ml de Lipo-fire cont\u00e9m 40 mcg de Clenbuterol e 5,4 mg de ioimbina;Via de administra\u00e7\u00e3oApenas para uso intramuscular;","breadcrumb":{"@id":"https:\/\/iberoid.com\/pt\/product\/lipo-fire\/#breadcrumb"},"inLanguage":"pt-PT","potentialAction":[{"@type":"ReadAction","target":[["https:\/\/iberoid.com\/pt\/product\/lipo-fire\/"]]}]},{"@type":"ImageObject","inLanguage":"pt-PT","@id":"https:\/\/iberoid.com\/pt\/product\/lipo-fire\/#primaryimage","url":"https:\/\/iberoid.com\/wp-content\/uploads\/2019\/11\/lipo_fire.jpg?v=1678120159","contentUrl":"https:\/\/iberoid.com\/wp-content\/uploads\/2019\/11\/lipo_fire.jpg?v=1678120159","width":388,"height":388},{"@type":"BreadcrumbList","@id":"https:\/\/iberoid.com\/pt\/product\/lipo-fire\/#breadcrumb","itemListElement":[{"@type":"ListItem","position":1,"name":"Portada","item":"https:\/\/iberoid.com\/pt\/"},{"@type":"ListItem","position":2,"name":"Loja","item":"https:\/\/iberoid.com\/pt\/shop\/"},{"@type":"ListItem","position":3,"name":"LIPO-FIRE"}]},{"@type":"WebSite","@id":"https:\/\/iberoid.com\/pt\/#website","url":"https:\/\/iberoid.com\/pt\/","name":"Ester\u00f3ides Online","description":"Compre ester\u00f3ides online hoje em Espanha e Portugal. Temos o melhor servi\u00e7o ao cliente do setor e produtos da mais alta qualidade","potentialAction":[{"@type":"SearchAction","target":{"@type":"EntryPoint","urlTemplate":"https:\/\/iberoid.com\/pt\/?s={search_term_string}"},"query-input":{"@type":"PropertyValueSpecification","valueRequired":true,"valueName":"search_term_string"}}],"inLanguage":"pt-PT"}]},"product_brand":"SP Laboratories","product_price_amount":"40.00","product_price_currency":"EUR","og_availability":"out of stock","product_availability":"out of stock","product_condition":"new"},"_links":{"self":[{"href":"https:\/\/iberoid.com\/pt\/wp-json\/wp\/v2\/product\/3112","targetHints":{"allow":["GET"]}}],"collection":[{"href":"https:\/\/iberoid.com\/pt\/wp-json\/wp\/v2\/product"}],"about":[{"href":"https:\/\/iberoid.com\/pt\/wp-json\/wp\/v2\/types\/product"}],"replies":[{"embeddable":true,"href":"https:\/\/iberoid.com\/pt\/wp-json\/wp\/v2\/comments?post=3112"}],"wp:featuredmedia":[{"embeddable":true,"href":"https:\/\/iberoid.com\/pt\/wp-json\/wp\/v2\/media\/3114"}],"wp:attachment":[{"href":"https:\/\/iberoid.com\/pt\/wp-json\/wp\/v2\/media?parent=3112"}],"wp:term":[{"taxonomy":"product_brand","embeddable":true,"href":"https:\/\/iberoid.com\/pt\/wp-json\/wp\/v2\/product_brand?post=3112"},{"taxonomy":"product_cat","embeddable":true,"href":"https:\/\/iberoid.com\/pt\/wp-json\/wp\/v2\/product_cat?post=3112"},{"taxonomy":"product_tag","embeddable":true,"href":"https:\/\/iberoid.com\/pt\/wp-json\/wp\/v2\/product_tag?post=3112"}],"curies":[{"name":"wp","href":"https:\/\/api.w.org\/{rel}","templated":true}]}}