{"id":5224,"date":"2020-07-05T12:08:12","date_gmt":"2020-07-05T12:08:12","guid":{"rendered":"https:\/\/iberoid.com\/?post_type=product&#038;p=5224"},"modified":"2026-04-10T07:37:45","modified_gmt":"2026-04-10T07:37:45","slug":"nandrobol-phenyl","status":"publish","type":"product","link":"https:\/\/iberoid.com\/pt\/product\/nandrobol-phenyl\/","title":{"rendered":"Nandrobol Phenyl &#8211; NANDROLONE FENIL"},"content":{"rendered":"<p>Amps de fenilpropionato de nandrolona produzidos por ZPHC \u00e9 um ester\u00f3ide de a\u00e7\u00e3o anab\u00f3lica e androg\u00eanica de alta qualidade. Dispon\u00edvel na forma de inje\u00e7\u00e3o l\u00edquida em ampolas de 1ml na concentra\u00e7\u00e3o de 100mg e em embalagem de 10 ampolas. Os produtos s\u00e3o protegidos por tr\u00eas n\u00edveis de prote\u00e7\u00e3o, portanto, conclu\u00edmos que o risco de obter um produto falsificado de baixa qualidade \u00e9 muito pequeno. Este medicamento \u00e9 um rem\u00e9dio para as seguintes doen\u00e7as: les\u00f5es graves, cirurgias, queimaduras, osteoporose e muitas outras. O fenilpropionato de nandrolona \u00e9 menos popular que o decanoato, sua cadeia et\u00e9rea \u00e9 duas vezes mais curta. Em princ\u00edpio, n\u00e3o h\u00e1 praticamente nenhuma diferen\u00e7a fundamental entre esses dois agentes farmacol\u00f3gicos, exceto quanto ao tempo de degrada\u00e7\u00e3o do horm\u00f4nio no sangue. Achamos que a maior diferen\u00e7a est\u00e1 em reduzir a capacidade do fenilpropionato de acumular fluido e, portanto, ser mais compat\u00edvel com os andr\u00f3genos.<\/p>\n<p>Efeitos do uso de fenilpropionato de nandrolona (fenil)<br \/>\nAl\u00e9m das propriedades de aumento r\u00e1pido da massa muscular, a droga tem os seguintes efeitos positivos:<\/p>\n<p>O aumento da s\u00edntese de prote\u00ednas;<br \/>\nRedu\u00e7\u00e3o das perdas de prote\u00ednas pelas c\u00e9lulas;<br \/>\nMelhor absor\u00e7\u00e3o de amino\u00e1cidos do intestino delgado;<br \/>\nReten\u00e7\u00e3o de fluidos no tecido conjuntivo;<br \/>\nAumenta a prolactina. Ret\u00e9m c\u00e1lcio no corpo. Melhora a produ\u00e7\u00e3o de col\u00e1geno;<br \/>\nReduzindo dores nos ligamentos, melhorando a mobilidade articular;<br \/>\nTamb\u00e9m fortalece o sistema imunol\u00f3gico.<br \/>\nInstru\u00e7\u00f5es de uso Nandrolona fenilpropionato (fenil)<br \/>\nComo esta droga \u00e9 um \u00e9ter, que afeta brevemente o corpo, ent\u00e3o voc\u00ea ter\u00e1 que fazer inje\u00e7\u00f5es frequentes, ou seja, duas ou tr\u00eas inje\u00e7\u00f5es por semana, j\u00e1 depende da dosagem. Recomenda-se colocar o fenilpropionato de nandrolona na dosagem de 200-400mg por semana, dividido proporcionalmente em v\u00e1rias inje\u00e7\u00f5es, e a dura\u00e7\u00e3o do medicamento \u00e9 de 6-8 semanas. E claro que n\u00e3o esquecemos que o fenilpropionato de nandrolona n\u00e3o \u00e9 recomendado para uso \u201csolo\u201d, o assistente cl\u00e1ssico do ciclo \u00e9 a testosterona.<\/p>","protected":false},"excerpt":{"rendered":"<p>Amps de fenilpropionato de nandrolona produzidos por ZPHC \u00e9 um ester\u00f3ide de a\u00e7\u00e3o anab\u00f3lica e androg\u00eanica de alta qualidade. Dispon\u00edvel<\/p>\n","protected":false},"featured_media":5225,"comment_status":"open","ping_status":"closed","template":"","meta":[],"product_brand":[],"product_cat":[69],"product_tag":[],"class_list":{"0":"post-5224","1":"product","2":"type-product","3":"status-publish","4":"has-post-thumbnail","6":"product_cat-esteroides_inyectables","8":"first","9":"instock","10":"sale","11":"shipping-taxable","12":"purchasable","13":"product-type-simple"},"yoast_head":"<!-- This site is optimized with the Yoast SEO Premium plugin v24.4 (Yoast SEO v27.3) - https:\/\/yoast.com\/product\/yoast-seo-premium-wordpress\/ -->\n<title>Nandrobol Phenyl - NANDROLONE FENIL - Ester\u00f3ides Online<\/title>\n<meta name=\"description\" content=\"Nandrolona Fenilpropionato (tambi\u00e9n conocido como NPP) es muy \u00fatil para los culturistas y atletas que compiten por su capacidad para obtener resultados r\u00e1pidos y su capacidad para liberarse r\u00e1pidamente del sistema sangu\u00edneo. Sus propiedades son id\u00e9nticas a Deca Durabolin aparte de la tasa de liberaci\u00f3n hormonal. NPP es un constructor de m\u00fasculo magro s\u00faper eficiente, aunque tambi\u00e9n es apreciado por sus beneficios terap\u00e9uticos.\" \/>\n<meta name=\"robots\" content=\"index, follow, max-snippet:-1, max-image-preview:large, max-video-preview:-1\" \/>\n<link rel=\"canonical\" href=\"https:\/\/iberoid.com\/pt\/product\/nandrobol-phenyl\/\" \/>\n<meta property=\"og:locale\" content=\"pt_PT\" \/>\n<meta property=\"og:type\" content=\"article\" \/>\n<meta property=\"og:title\" content=\"Nandrobol Phenyl - NANDROLONE FENIL\" \/>\n<meta property=\"og:description\" content=\"Nandrolona Fenilpropionato (tambi\u00e9n conocido como NPP) es muy \u00fatil para los culturistas y atletas que compiten por su capacidad para obtener resultados r\u00e1pidos y su capacidad para liberarse r\u00e1pidamente del sistema sangu\u00edneo. Sus propiedades son id\u00e9nticas a Deca Durabolin aparte de la tasa de liberaci\u00f3n hormonal. NPP es un constructor de m\u00fasculo magro s\u00faper eficiente, aunque tambi\u00e9n es apreciado por sus beneficios terap\u00e9uticos.\" \/>\n<meta property=\"og:url\" content=\"https:\/\/iberoid.com\/pt\/product\/nandrobol-phenyl\/\" \/>\n<meta property=\"og:site_name\" content=\"Ester\u00f3ides Online\" \/>\n<meta property=\"article:modified_time\" content=\"2026-04-10T07:37:45+00:00\" \/>\n<meta property=\"og:image\" content=\"https:\/\/iberoid.com\/wp-content\/uploads\/2020\/07\/NANDROBOL-PHENYL-copia-2-scaled.jpg?v=1678120107\" \/>\n\t<meta property=\"og:image:width\" content=\"1758\" \/>\n\t<meta property=\"og:image:height\" content=\"2560\" \/>\n\t<meta property=\"og:image:type\" content=\"image\/jpeg\" \/>\n<meta name=\"twitter:card\" content=\"summary_large_image\" \/>\n<meta name=\"twitter:label1\" content=\"pre\u00e7o\" \/>\n\t<meta name=\"twitter:data1\" content=\"&euro;20.00\" \/>\n\t<meta name=\"twitter:label2\" content=\"Disponibilidade\" \/>\n\t<meta name=\"twitter:data2\" content=\"Em stock\" \/>\n<script type=\"application\/ld+json\" class=\"yoast-schema-graph\">{\"@context\":\"https:\\\/\\\/schema.org\",\"@graph\":[{\"@type\":\"WebPage\",\"@id\":\"https:\\\/\\\/iberoid.com\\\/pt\\\/product\\\/nandrobol-phenyl\\\/\",\"url\":\"https:\\\/\\\/iberoid.com\\\/pt\\\/product\\\/nandrobol-phenyl\\\/\",\"name\":\"Nandrobol Phenyl - NANDROLONE FENIL - Ester\u00f3ides Online\",\"isPartOf\":{\"@id\":\"https:\\\/\\\/iberoid.com\\\/pt\\\/#website\"},\"primaryImageOfPage\":{\"@id\":\"https:\\\/\\\/iberoid.com\\\/pt\\\/product\\\/nandrobol-phenyl\\\/#primaryimage\"},\"image\":{\"@id\":\"https:\\\/\\\/iberoid.com\\\/pt\\\/product\\\/nandrobol-phenyl\\\/#primaryimage\"},\"thumbnailUrl\":\"https:\\\/\\\/iberoid.com\\\/wp-content\\\/uploads\\\/2020\\\/07\\\/NANDROBOL-PHENYL-copia-2-scaled.jpg?v=1678120107\",\"datePublished\":\"2020-07-05T12:08:12+00:00\",\"dateModified\":\"2026-04-10T07:37:45+00:00\",\"description\":\"Nandrolona Fenilpropionato (tambi\u00e9n conocido como NPP) es muy \u00fatil para los culturistas y atletas que compiten por su capacidad para obtener resultados r\u00e1pidos y su capacidad para liberarse r\u00e1pidamente del sistema sangu\u00edneo. Sus propiedades son id\u00e9nticas a Deca Durabolin aparte de la tasa de liberaci\u00f3n hormonal. NPP es un constructor de m\u00fasculo magro s\u00faper eficiente, aunque tambi\u00e9n es apreciado por sus beneficios terap\u00e9uticos.\",\"breadcrumb\":{\"@id\":\"https:\\\/\\\/iberoid.com\\\/pt\\\/product\\\/nandrobol-phenyl\\\/#breadcrumb\"},\"inLanguage\":\"pt-PT\",\"potentialAction\":[{\"@type\":\"ReadAction\",\"target\":[[\"https:\\\/\\\/iberoid.com\\\/pt\\\/product\\\/nandrobol-phenyl\\\/\"]]}]},{\"@type\":\"ImageObject\",\"inLanguage\":\"pt-PT\",\"@id\":\"https:\\\/\\\/iberoid.com\\\/pt\\\/product\\\/nandrobol-phenyl\\\/#primaryimage\",\"url\":\"https:\\\/\\\/iberoid.com\\\/wp-content\\\/uploads\\\/2020\\\/07\\\/NANDROBOL-PHENYL-copia-2-scaled.jpg?v=1678120107\",\"contentUrl\":\"https:\\\/\\\/iberoid.com\\\/wp-content\\\/uploads\\\/2020\\\/07\\\/NANDROBOL-PHENYL-copia-2-scaled.jpg?v=1678120107\",\"width\":1758,\"height\":2560},{\"@type\":\"BreadcrumbList\",\"@id\":\"https:\\\/\\\/iberoid.com\\\/pt\\\/product\\\/nandrobol-phenyl\\\/#breadcrumb\",\"itemListElement\":[{\"@type\":\"ListItem\",\"position\":1,\"name\":\"Portada\",\"item\":\"https:\\\/\\\/iberoid.com\\\/pt\\\/\"},{\"@type\":\"ListItem\",\"position\":2,\"name\":\"Loja\",\"item\":\"https:\\\/\\\/iberoid.com\\\/pt\\\/shop\\\/\"},{\"@type\":\"ListItem\",\"position\":3,\"name\":\"Nandrobol Phenyl &#8211; NANDROLONE FENIL\"}]},{\"@type\":\"WebSite\",\"@id\":\"https:\\\/\\\/iberoid.com\\\/pt\\\/#website\",\"url\":\"https:\\\/\\\/iberoid.com\\\/pt\\\/\",\"name\":\"Ester\u00f3ides Online\",\"description\":\"Compre ester\u00f3ides online hoje em Espanha e Portugal. Temos o melhor servi\u00e7o ao cliente do setor e produtos da mais alta qualidade\",\"potentialAction\":[{\"@type\":\"SearchAction\",\"target\":{\"@type\":\"EntryPoint\",\"urlTemplate\":\"https:\\\/\\\/iberoid.com\\\/pt\\\/?s={search_term_string}\"},\"query-input\":{\"@type\":\"PropertyValueSpecification\",\"valueRequired\":true,\"valueName\":\"search_term_string\"}}],\"inLanguage\":\"pt-PT\"}]}<\/script>\n<meta property=\"product:brand\" content=\"Pharmabol\" \/>\n<meta property=\"product:price:amount\" content=\"20.00\" \/>\n<meta property=\"product:price:currency\" content=\"EUR\" \/>\n<meta property=\"og:availability\" content=\"instock\" \/>\n<meta property=\"product:availability\" content=\"instock\" \/>\n<meta property=\"product:condition\" content=\"new\" \/>\n<!-- \/ Yoast SEO Premium plugin. -->","yoast_head_json":{"title":"Nandrobol Phenyl - NANDROLONE FENIL - Ester\u00f3ides Online","description":"Nandrolona Fenilpropionato (tambi\u00e9n conocido como NPP) es muy \u00fatil para los culturistas y atletas que compiten por su capacidad para obtener resultados r\u00e1pidos y su capacidad para liberarse r\u00e1pidamente del sistema sangu\u00edneo. Sus propiedades son id\u00e9nticas a Deca Durabolin aparte de la tasa de liberaci\u00f3n hormonal. NPP es un constructor de m\u00fasculo magro s\u00faper eficiente, aunque tambi\u00e9n es apreciado por sus beneficios terap\u00e9uticos.","robots":{"index":"index","follow":"follow","max-snippet":"max-snippet:-1","max-image-preview":"max-image-preview:large","max-video-preview":"max-video-preview:-1"},"canonical":"https:\/\/iberoid.com\/pt\/product\/nandrobol-phenyl\/","og_locale":"pt_PT","og_type":"article","og_title":"Nandrobol Phenyl - NANDROLONE FENIL","og_description":"Nandrolona Fenilpropionato (tambi\u00e9n conocido como NPP) es muy \u00fatil para los culturistas y atletas que compiten por su capacidad para obtener resultados r\u00e1pidos y su capacidad para liberarse r\u00e1pidamente del sistema sangu\u00edneo. Sus propiedades son id\u00e9nticas a Deca Durabolin aparte de la tasa de liberaci\u00f3n hormonal. NPP es un constructor de m\u00fasculo magro s\u00faper eficiente, aunque tambi\u00e9n es apreciado por sus beneficios terap\u00e9uticos.","og_url":"https:\/\/iberoid.com\/pt\/product\/nandrobol-phenyl\/","og_site_name":"Ester\u00f3ides Online","article_modified_time":"2026-04-10T07:37:45+00:00","og_image":[{"width":1758,"height":2560,"url":"https:\/\/iberoid.com\/wp-content\/uploads\/2020\/07\/NANDROBOL-PHENYL-copia-2-scaled.jpg?v=1678120107","type":"image\/jpeg"}],"twitter_card":"summary_large_image","twitter_misc":{"pre\u00e7o":"&euro;20.00","Disponibilidade":"Em stock"},"schema":{"@context":"https:\/\/schema.org","@graph":[{"@type":"WebPage","@id":"https:\/\/iberoid.com\/pt\/product\/nandrobol-phenyl\/","url":"https:\/\/iberoid.com\/pt\/product\/nandrobol-phenyl\/","name":"Nandrobol Phenyl - NANDROLONE FENIL - Ester\u00f3ides Online","isPartOf":{"@id":"https:\/\/iberoid.com\/pt\/#website"},"primaryImageOfPage":{"@id":"https:\/\/iberoid.com\/pt\/product\/nandrobol-phenyl\/#primaryimage"},"image":{"@id":"https:\/\/iberoid.com\/pt\/product\/nandrobol-phenyl\/#primaryimage"},"thumbnailUrl":"https:\/\/iberoid.com\/wp-content\/uploads\/2020\/07\/NANDROBOL-PHENYL-copia-2-scaled.jpg?v=1678120107","datePublished":"2020-07-05T12:08:12+00:00","dateModified":"2026-04-10T07:37:45+00:00","description":"Nandrolona Fenilpropionato (tambi\u00e9n conocido como NPP) es muy \u00fatil para los culturistas y atletas que compiten por su capacidad para obtener resultados r\u00e1pidos y su capacidad para liberarse r\u00e1pidamente del sistema sangu\u00edneo. Sus propiedades son id\u00e9nticas a Deca Durabolin aparte de la tasa de liberaci\u00f3n hormonal. NPP es un constructor de m\u00fasculo magro s\u00faper eficiente, aunque tambi\u00e9n es apreciado por sus beneficios terap\u00e9uticos.","breadcrumb":{"@id":"https:\/\/iberoid.com\/pt\/product\/nandrobol-phenyl\/#breadcrumb"},"inLanguage":"pt-PT","potentialAction":[{"@type":"ReadAction","target":[["https:\/\/iberoid.com\/pt\/product\/nandrobol-phenyl\/"]]}]},{"@type":"ImageObject","inLanguage":"pt-PT","@id":"https:\/\/iberoid.com\/pt\/product\/nandrobol-phenyl\/#primaryimage","url":"https:\/\/iberoid.com\/wp-content\/uploads\/2020\/07\/NANDROBOL-PHENYL-copia-2-scaled.jpg?v=1678120107","contentUrl":"https:\/\/iberoid.com\/wp-content\/uploads\/2020\/07\/NANDROBOL-PHENYL-copia-2-scaled.jpg?v=1678120107","width":1758,"height":2560},{"@type":"BreadcrumbList","@id":"https:\/\/iberoid.com\/pt\/product\/nandrobol-phenyl\/#breadcrumb","itemListElement":[{"@type":"ListItem","position":1,"name":"Portada","item":"https:\/\/iberoid.com\/pt\/"},{"@type":"ListItem","position":2,"name":"Loja","item":"https:\/\/iberoid.com\/pt\/shop\/"},{"@type":"ListItem","position":3,"name":"Nandrobol Phenyl &#8211; NANDROLONE FENIL"}]},{"@type":"WebSite","@id":"https:\/\/iberoid.com\/pt\/#website","url":"https:\/\/iberoid.com\/pt\/","name":"Ester\u00f3ides Online","description":"Compre ester\u00f3ides online hoje em Espanha e Portugal. Temos o melhor servi\u00e7o ao cliente do setor e produtos da mais alta qualidade","potentialAction":[{"@type":"SearchAction","target":{"@type":"EntryPoint","urlTemplate":"https:\/\/iberoid.com\/pt\/?s={search_term_string}"},"query-input":{"@type":"PropertyValueSpecification","valueRequired":true,"valueName":"search_term_string"}}],"inLanguage":"pt-PT"}]},"product_brand":"Pharmabol","product_price_amount":"20.00","product_price_currency":"EUR","og_availability":"instock","product_availability":"instock","product_condition":"new"},"_links":{"self":[{"href":"https:\/\/iberoid.com\/pt\/wp-json\/wp\/v2\/product\/5224","targetHints":{"allow":["GET"]}}],"collection":[{"href":"https:\/\/iberoid.com\/pt\/wp-json\/wp\/v2\/product"}],"about":[{"href":"https:\/\/iberoid.com\/pt\/wp-json\/wp\/v2\/types\/product"}],"replies":[{"embeddable":true,"href":"https:\/\/iberoid.com\/pt\/wp-json\/wp\/v2\/comments?post=5224"}],"wp:featuredmedia":[{"embeddable":true,"href":"https:\/\/iberoid.com\/pt\/wp-json\/wp\/v2\/media\/5225"}],"wp:attachment":[{"href":"https:\/\/iberoid.com\/pt\/wp-json\/wp\/v2\/media?parent=5224"}],"wp:term":[{"taxonomy":"product_brand","embeddable":true,"href":"https:\/\/iberoid.com\/pt\/wp-json\/wp\/v2\/product_brand?post=5224"},{"taxonomy":"product_cat","embeddable":true,"href":"https:\/\/iberoid.com\/pt\/wp-json\/wp\/v2\/product_cat?post=5224"},{"taxonomy":"product_tag","embeddable":true,"href":"https:\/\/iberoid.com\/pt\/wp-json\/wp\/v2\/product_tag?post=5224"}],"curies":[{"name":"wp","href":"https:\/\/api.w.org\/{rel}","templated":true}]}}