{"id":5226,"date":"2020-07-05T12:21:15","date_gmt":"2020-07-05T12:21:15","guid":{"rendered":"https:\/\/iberoid.com\/?post_type=product&#038;p=5226"},"modified":"2026-01-25T15:09:55","modified_gmt":"2026-01-25T15:09:55","slug":"sustanon-250","status":"publish","type":"product","link":"https:\/\/iberoid.com\/pt\/product\/sustanon-250\/","title":{"rendered":"SUSTANON-250- PHARMABOL"},"content":{"rendered":"<p><\/p>\n<h3>Sustanon cont\u00e9m 4 tipos de testosterona<\/h3>\n<ul>\n<li>Decanoato de testosterona de 100 mg.<\/li>\n<li>60mg de isocaproato de testosterona.<\/li>\n<li>60mg de fenilpropionato de testosterona.<\/li>\n<li>30mg de propionato de testosterona.<\/li>\n<\/ul>\n<h3>Efeitos Sustanon 250<\/h3>\n<ul>\n<li>Ganho muscular.<\/li>\n<li>O apetite melhora.<\/li>\n<li>Aumento da libido &#8211; durante a admiss\u00e3o.<\/li>\n<li>A forma\u00e7\u00e3o de sangue aumenta, o n\u00famero de gl\u00f3bulos vermelhos aumenta. Como resultado &#8211; maior resist\u00eancia.<\/li>\n<li>O medicamento est\u00e1 no sangue por at\u00e9 3 meses.<\/li>\n<\/ul>\n<h3>Efeitos colaterais do Sust 250<\/h3>\n<ul>\n<li>Edema (reten\u00e7\u00e3o de \u00e1gua no corpo).<\/li>\n<li>Ginecomastia.<\/li>\n<li>Deposi\u00e7\u00e3o de gorduras &#8220;femininas&#8221;.<\/li>\n<li>Diminuindo a produ\u00e7\u00e3o natural de testosterona. \u00c9 poss\u00edvel reduzir o efeito desses efeitos colaterais se forem usados \u200b\u200bantiestr\u00f3genos junto com a droga.<\/li>\n<li>Redu\u00e7\u00e3o de test\u00edculos em tamanho. Isso pode ser evitado sem o uso do medicamento por mais de 2 meses e sem o uso de antiestrog\u00eanios.<\/li>\n<\/ul>\n<h3>A combina\u00e7\u00e3o do Sustanon com outros ester\u00f3ides<\/h3>\n<ul>\n<li><a href=\"https:\/\/iberoid.com\/en\/product\/decandrol\/\"> Nandrolona <\/a>. Se voc\u00ea deseja ganhar massa muscular.<\/li>\n<li><a href=\"https:\/\/iberoid.com\/en\/product\/winstrol\/\"> Winstrol <\/a>. Se seu objetivo \u00e9 aliviar e cortar o corpo.<\/li>\n<\/ul>\n<p>Sustanon 250 \u00e9 uma escolha extraordin\u00e1ria para os homens que lutam para expandir seus n\u00edveis de testosterona. Permite que eles aumentem seus n\u00edveis e os equilibram sem infus\u00f5es di\u00e1rias. Seja como for, essa \u00e9 apenas uma sugest\u00e3o de algo maior que se identifica com o que esse composto pode oferecer. Embora existam outros \u00e9steres incr\u00edveis a serem considerados, v\u00e1rios concorrentes como o que esse espec\u00edfico traz para a mesa.<\/p>\n<p>No que diz respeito \u00e0 execu\u00e7\u00e3o, \u00e9 necess\u00e1rio administrar uma quantidade maior de Sustanon 250 do que quando est\u00e1 sendo utilizado para controlar a medida de testosterona no organismo. Existem realmente 4 testosteronas \u00fanicas encontradas dentro deste produto. \u00c9 um produto incr\u00edvel e que muitos homens descobrem que sentem as vantagens em pouco tempo.<\/p>\n<h3>Empilhando o Sustanon com outros ester\u00f3ides<\/h3>\n<p>Sustanon \u00e9 not\u00e1vel por sua semelhan\u00e7a em empilhar com todos os efeitos qualquer outro tipo de ester\u00f3ide anabolizante. Pilhas normais incorporam <a href=\"https:\/\/iberoid.com\/en\/product\/decandrol\/\"> Decandrol <\/a>, <a href=\"https:\/\/iberoid.com\/en\/product\/trenbolone-base-100mg-water-base\/ \"> Trembolona <\/a> e <a href=\"https:\/\/iberoid.com\/en\/product\/danabol-2\/\"> Danabol <\/a>, especialmente no per\u00edodo mais lento do ano enquanto as pilhas de corte utilizam misturas incr\u00edveis como <a href=\"https:\/\/iberoid.com\/en\/product\/oxandrolon-10-mg-100-pastillas\/\"> Anavar <\/a>, <a href=\"https:\/\/iberoid.com\/en\/product\/winstrol\/\">Winstrol <\/a> e <a href=\"https:\/\/iberoid.com\/en\/product\/trenbolone-base-100mg-water-base\/\"> Trembolona<\/a> em que o Sustanon 250 pode fornecer um suprimento b\u00e1sico de testosterona para ajudar a manter os m\u00fasculos em forma durante os est\u00e1gios de falta de calorias.<\/p>\n<h3>Fun\u00e7\u00f5es do Sustanon<\/h3>\n<p>N\u00e3o h\u00e1 d\u00favida de que o Sustanon 250 \u00e9 uma escolha extraordin\u00e1ria para quem luta com baixos n\u00edveis de testosterona. \u00c9 b\u00e1sico para o corpo masculino, assim como o corpo feminino, ter testosterona. De qualquer forma, sua medida \u00e9 em torno de v\u00e1rias vezes mais para homens do que para mulheres. A testosterona \u00e9 respons\u00e1vel pelos \u00f3rg\u00e3os sexuais e pelo desejo sexual, portanto assume um emprego para a prosperidade f\u00edsica e mental das pessoas. Baixa testosterona pode ser extremamente perturbadora e dif\u00edcil de gerenciar. Baixa testosterona pode diminuir drasticamente a satisfa\u00e7\u00e3o pessoal de uma pessoa.<\/p>","protected":false},"excerpt":{"rendered":"<p>Sustanon cont\u00e9m 4 tipos de testosterona Decanoato de testosterona de 100 mg. 60mg de isocaproato de testosterona. 60mg de fenilpropionato<\/p>\n","protected":false},"featured_media":8474,"comment_status":"open","ping_status":"closed","template":"","meta":[],"product_brand":[],"product_cat":[69],"product_tag":[],"class_list":{"0":"post-5226","1":"product","2":"type-product","3":"status-publish","4":"has-post-thumbnail","6":"product_cat-esteroides_inyectables","8":"first","9":"instock","10":"sale","11":"shipping-taxable","12":"purchasable","13":"product-type-simple"},"yoast_head":"<!-- This site is optimized with the Yoast SEO Premium plugin v24.4 (Yoast SEO v27.0) - https:\/\/yoast.com\/product\/yoast-seo-premium-wordpress\/ -->\n<title>SUSTANON-250- PHARMABOL - Ester\u00f3ides Online<\/title>\n<meta name=\"description\" content=\"Sustanon 250 combina 4 tipos de testosterona para ganho muscular, aumento da resist\u00eancia e libido, com efeitos de at\u00e9 3 meses e poss\u00edveis efeitos colaterais.\" \/>\n<meta name=\"robots\" content=\"index, follow, max-snippet:-1, max-image-preview:large, max-video-preview:-1\" \/>\n<link rel=\"canonical\" href=\"https:\/\/iberoid.com\/pt\/product\/sustanon-250\/\" \/>\n<meta property=\"og:locale\" content=\"pt_PT\" \/>\n<meta property=\"og:type\" content=\"article\" \/>\n<meta property=\"og:title\" content=\"SUSTANON-250- PHARMABOL\" \/>\n<meta property=\"og:description\" content=\"Sustanon 250 combina 4 tipos de testosterona para ganho muscular, aumento da resist\u00eancia e libido, com efeitos de at\u00e9 3 meses e poss\u00edveis efeitos colaterais.\" \/>\n<meta property=\"og:url\" content=\"https:\/\/iberoid.com\/pt\/product\/sustanon-250\/\" \/>\n<meta property=\"og:site_name\" content=\"Ester\u00f3ides Online\" \/>\n<meta property=\"article:modified_time\" content=\"2026-01-25T15:09:55+00:00\" \/>\n<meta property=\"og:image\" content=\"https:\/\/iberoid.com\/wp-content\/uploads\/2020\/07\/sust.jpg?v=1690667595\" \/>\n\t<meta property=\"og:image:width\" content=\"2500\" \/>\n\t<meta property=\"og:image:height\" content=\"2500\" \/>\n\t<meta property=\"og:image:type\" content=\"image\/jpeg\" \/>\n<meta name=\"twitter:card\" content=\"summary_large_image\" \/>\n<meta name=\"twitter:label1\" content=\"pre\u00e7o\" \/>\n\t<meta name=\"twitter:data1\" content=\"&euro;30.00\" \/>\n\t<meta name=\"twitter:label2\" content=\"Disponibilidade\" \/>\n\t<meta name=\"twitter:data2\" content=\"Em stock\" \/>\n<script type=\"application\/ld+json\" class=\"yoast-schema-graph\">{\"@context\":\"https:\/\/schema.org\",\"@graph\":[{\"@type\":\"WebPage\",\"@id\":\"https:\/\/iberoid.com\/pt\/product\/sustanon-250\/\",\"url\":\"https:\/\/iberoid.com\/pt\/product\/sustanon-250\/\",\"name\":\"SUSTANON-250- PHARMABOL - Ester\u00f3ides Online\",\"isPartOf\":{\"@id\":\"https:\/\/iberoid-shop.com\/#website\"},\"primaryImageOfPage\":{\"@id\":\"https:\/\/iberoid.com\/pt\/product\/sustanon-250\/#primaryimage\"},\"image\":{\"@id\":\"https:\/\/iberoid.com\/pt\/product\/sustanon-250\/#primaryimage\"},\"thumbnailUrl\":\"https:\/\/iberoid.com\/wp-content\/uploads\/2020\/07\/sust.jpg?v=1690667595\",\"datePublished\":\"2020-07-05T12:21:15+00:00\",\"dateModified\":\"2026-01-25T15:09:55+00:00\",\"description\":\"Sustanon 250 combina 4 tipos de testosterona para ganho muscular, aumento da resist\u00eancia e libido, com efeitos de at\u00e9 3 meses e poss\u00edveis efeitos colaterais.\",\"breadcrumb\":{\"@id\":\"https:\/\/iberoid.com\/pt\/product\/sustanon-250\/#breadcrumb\"},\"inLanguage\":\"pt-PT\",\"potentialAction\":[{\"@type\":\"ReadAction\",\"target\":[[\"https:\/\/iberoid.com\/pt\/product\/sustanon-250\/\"]]}]},{\"@type\":\"ImageObject\",\"inLanguage\":\"pt-PT\",\"@id\":\"https:\/\/iberoid.com\/pt\/product\/sustanon-250\/#primaryimage\",\"url\":\"https:\/\/iberoid.com\/wp-content\/uploads\/2020\/07\/sust.jpg?v=1690667595\",\"contentUrl\":\"https:\/\/iberoid.com\/wp-content\/uploads\/2020\/07\/sust.jpg?v=1690667595\",\"width\":2500,\"height\":2500},{\"@type\":\"BreadcrumbList\",\"@id\":\"https:\/\/iberoid.com\/pt\/product\/sustanon-250\/#breadcrumb\",\"itemListElement\":[{\"@type\":\"ListItem\",\"position\":1,\"name\":\"Portada\",\"item\":\"https:\/\/iberoid.com\/pt\/\"},{\"@type\":\"ListItem\",\"position\":2,\"name\":\"Loja\",\"item\":\"https:\/\/iberoid.com\/pt\/shop\/\"},{\"@type\":\"ListItem\",\"position\":3,\"name\":\"SUSTANON-250- PHARMABOL\"}]},{\"@type\":\"WebSite\",\"@id\":\"https:\/\/iberoid-shop.com\/#website\",\"url\":\"https:\/\/iberoid-shop.com\/\",\"name\":\"Ester\u00f3ides Online\",\"description\":\"Compre ester\u00f3ides online hoje em Espanha e Portugal. Temos o melhor servi\u00e7o ao cliente do setor e produtos da mais alta qualidade\",\"potentialAction\":[{\"@type\":\"SearchAction\",\"target\":{\"@type\":\"EntryPoint\",\"urlTemplate\":\"https:\/\/iberoid-shop.com\/?s={search_term_string}\"},\"query-input\":{\"@type\":\"PropertyValueSpecification\",\"valueRequired\":true,\"valueName\":\"search_term_string\"}}],\"inLanguage\":\"pt-PT\"}]}<\/script>\n<meta property=\"product:price:amount\" content=\"30.00\" \/>\n<meta property=\"product:price:currency\" content=\"EUR\" \/>\n<meta property=\"og:availability\" content=\"instock\" \/>\n<meta property=\"product:availability\" content=\"instock\" \/>\n<meta property=\"product:condition\" content=\"new\" \/>\n<!-- \/ Yoast SEO Premium plugin. -->","yoast_head_json":{"title":"SUSTANON-250- PHARMABOL - Ester\u00f3ides Online","description":"Sustanon 250 combina 4 tipos de testosterona para ganho muscular, aumento da resist\u00eancia e libido, com efeitos de at\u00e9 3 meses e poss\u00edveis efeitos colaterais.","robots":{"index":"index","follow":"follow","max-snippet":"max-snippet:-1","max-image-preview":"max-image-preview:large","max-video-preview":"max-video-preview:-1"},"canonical":"https:\/\/iberoid.com\/pt\/product\/sustanon-250\/","og_locale":"pt_PT","og_type":"article","og_title":"SUSTANON-250- PHARMABOL","og_description":"Sustanon 250 combina 4 tipos de testosterona para ganho muscular, aumento da resist\u00eancia e libido, com efeitos de at\u00e9 3 meses e poss\u00edveis efeitos colaterais.","og_url":"https:\/\/iberoid.com\/pt\/product\/sustanon-250\/","og_site_name":"Ester\u00f3ides Online","article_modified_time":"2026-01-25T15:09:55+00:00","og_image":[{"width":2500,"height":2500,"url":"https:\/\/iberoid.com\/wp-content\/uploads\/2020\/07\/sust.jpg?v=1690667595","type":"image\/jpeg"}],"twitter_card":"summary_large_image","twitter_misc":{"pre\u00e7o":"&euro;30.00","Disponibilidade":"Em stock"},"schema":{"@context":"https:\/\/schema.org","@graph":[{"@type":"WebPage","@id":"https:\/\/iberoid.com\/pt\/product\/sustanon-250\/","url":"https:\/\/iberoid.com\/pt\/product\/sustanon-250\/","name":"SUSTANON-250- PHARMABOL - Ester\u00f3ides Online","isPartOf":{"@id":"https:\/\/iberoid-shop.com\/#website"},"primaryImageOfPage":{"@id":"https:\/\/iberoid.com\/pt\/product\/sustanon-250\/#primaryimage"},"image":{"@id":"https:\/\/iberoid.com\/pt\/product\/sustanon-250\/#primaryimage"},"thumbnailUrl":"https:\/\/iberoid.com\/wp-content\/uploads\/2020\/07\/sust.jpg?v=1690667595","datePublished":"2020-07-05T12:21:15+00:00","dateModified":"2026-01-25T15:09:55+00:00","description":"Sustanon 250 combina 4 tipos de testosterona para ganho muscular, aumento da resist\u00eancia e libido, com efeitos de at\u00e9 3 meses e poss\u00edveis efeitos colaterais.","breadcrumb":{"@id":"https:\/\/iberoid.com\/pt\/product\/sustanon-250\/#breadcrumb"},"inLanguage":"pt-PT","potentialAction":[{"@type":"ReadAction","target":[["https:\/\/iberoid.com\/pt\/product\/sustanon-250\/"]]}]},{"@type":"ImageObject","inLanguage":"pt-PT","@id":"https:\/\/iberoid.com\/pt\/product\/sustanon-250\/#primaryimage","url":"https:\/\/iberoid.com\/wp-content\/uploads\/2020\/07\/sust.jpg?v=1690667595","contentUrl":"https:\/\/iberoid.com\/wp-content\/uploads\/2020\/07\/sust.jpg?v=1690667595","width":2500,"height":2500},{"@type":"BreadcrumbList","@id":"https:\/\/iberoid.com\/pt\/product\/sustanon-250\/#breadcrumb","itemListElement":[{"@type":"ListItem","position":1,"name":"Portada","item":"https:\/\/iberoid.com\/pt\/"},{"@type":"ListItem","position":2,"name":"Loja","item":"https:\/\/iberoid.com\/pt\/shop\/"},{"@type":"ListItem","position":3,"name":"SUSTANON-250- PHARMABOL"}]},{"@type":"WebSite","@id":"https:\/\/iberoid-shop.com\/#website","url":"https:\/\/iberoid-shop.com\/","name":"Ester\u00f3ides Online","description":"Compre ester\u00f3ides online hoje em Espanha e Portugal. Temos o melhor servi\u00e7o ao cliente do setor e produtos da mais alta qualidade","potentialAction":[{"@type":"SearchAction","target":{"@type":"EntryPoint","urlTemplate":"https:\/\/iberoid-shop.com\/?s={search_term_string}"},"query-input":{"@type":"PropertyValueSpecification","valueRequired":true,"valueName":"search_term_string"}}],"inLanguage":"pt-PT"}]},"product_price_amount":"30.00","product_price_currency":"EUR","og_availability":"instock","product_availability":"instock","product_condition":"new"},"_links":{"self":[{"href":"https:\/\/iberoid.com\/pt\/wp-json\/wp\/v2\/product\/5226","targetHints":{"allow":["GET"]}}],"collection":[{"href":"https:\/\/iberoid.com\/pt\/wp-json\/wp\/v2\/product"}],"about":[{"href":"https:\/\/iberoid.com\/pt\/wp-json\/wp\/v2\/types\/product"}],"replies":[{"embeddable":true,"href":"https:\/\/iberoid.com\/pt\/wp-json\/wp\/v2\/comments?post=5226"}],"wp:featuredmedia":[{"embeddable":true,"href":"https:\/\/iberoid.com\/pt\/wp-json\/wp\/v2\/media\/8474"}],"wp:attachment":[{"href":"https:\/\/iberoid.com\/pt\/wp-json\/wp\/v2\/media?parent=5226"}],"wp:term":[{"taxonomy":"product_brand","embeddable":true,"href":"https:\/\/iberoid.com\/pt\/wp-json\/wp\/v2\/product_brand?post=5226"},{"taxonomy":"product_cat","embeddable":true,"href":"https:\/\/iberoid.com\/pt\/wp-json\/wp\/v2\/product_cat?post=5226"},{"taxonomy":"product_tag","embeddable":true,"href":"https:\/\/iberoid.com\/pt\/wp-json\/wp\/v2\/product_tag?post=5226"}],"curies":[{"name":"wp","href":"https:\/\/api.w.org\/{rel}","templated":true}]}}