{"id":5259,"date":"2020-07-23T10:06:38","date_gmt":"2020-07-23T10:06:38","guid":{"rendered":"https:\/\/iberoid.com\/?post_type=product&#038;p=5259"},"modified":"2026-03-16T13:07:51","modified_gmt":"2026-03-16T13:07:51","slug":"proviron-bayer","status":"publish","type":"product","link":"https:\/\/iberoid.com\/pt\/product\/proviron-bayer\/","title":{"rendered":"Proviron  BAYER"},"content":{"rendered":"<p><strong>Proviron<\/strong> \u00e9 um ester\u00f3ide p\u00f3s-ciclo, este medicamento cont\u00e9m Mesterolone.<\/p>\n<p><strong>Proviron<\/strong> \u00e9 usado na medicina escolar para aliviar ou curar dist\u00farbios causados \u200b\u200bpor uma defici\u00eancia de horm\u00f4nios sexuais masculinos. Muitos atletas, por esse motivo, costumam usar <strong>Proviron<\/strong> no final de um tratamento com ester\u00f3ides para aumentar a produ\u00e7\u00e3o reduzida de testosterona.<\/p>\n<p>Isso, entretanto, n\u00e3o \u00e9 uma boa ideia, j\u00e1 que o Mesterolone n\u00e3o tem efeito sobre a produ\u00e7\u00e3o de testosterona do pr\u00f3prio corpo, mas como mencionado no in\u00edcio, apenas reduz ou elimina completamente as disfun\u00e7\u00f5es causadas pela defici\u00eancia de testosterona. Estes s\u00e3o em particular impot\u00eancia que \u00e9 causada principalmente por uma defici\u00eancia de andr\u00f3geno que pode ocorrer ap\u00f3s a descontinua\u00e7\u00e3o dos ester\u00f3ides e infertilidade que se manifesta em uma contagem de esperma reduzida e uma qualidade de esperma reduzida.<\/p>\n<p>Proviron \u00e9, portanto, tomado durante a administra\u00e7\u00e3o de ester\u00f3ides ou ap\u00f3s a interrup\u00e7\u00e3o do uso de ester\u00f3ides, para eliminar uma poss\u00edvel impot\u00eancia ou redu\u00e7\u00e3o do interesse sexual. Isso, entretanto, n\u00e3o contribui para a manuten\u00e7\u00e3o da for\u00e7a e massa muscular ap\u00f3s o tratamento.<\/p>\n<p>Alguns fisiculturistas competitivos tamb\u00e9m adicionar\u00e3o Mesterolone \u00e0 sua prepara\u00e7\u00e3o pr\u00e9-competi\u00e7\u00e3o, pois muitos acreditam que ele ir\u00e1 melhorar a densidade e dureza muscular. Isso pode ser atribu\u00eddo \u00e0 capacidade do composto de diminuir a reten\u00e7\u00e3o de \u00e1gua e reduzir a quantidade de estrog\u00eanio circulante no corpo, semelhante a muitos outros compostos androg\u00eanicos. No entanto, como discutido anteriormente, existem v\u00e1rias outras drogas que poderiam substituir o mesterolone que s\u00e3o muito mais eficazes para esse prop\u00f3sito.<\/p>\n<p>Muitos usu\u00e1rios de ester\u00f3ides que tiveram rea\u00e7\u00f5es adversas \u00e0 testosterona, ou n\u00e3o desejam usar testosterona em seus ciclos, costumam adicionar Mesterolone a seus ciclos por sua capacidade de aumentar a libido de um usu\u00e1rio. Muitas vezes, quando um usu\u00e1rio n\u00e3o inclui testosterona, ou simplesmente n\u00e3o inclui testosterona suficiente em rela\u00e7\u00e3o aos outros compostos que est\u00e1 usando, a libido diminui e a inclus\u00e3o de Mesterolone pode ajudar a aliviar isso. Obviamente, o efeito dihidrotestosterona do composto desempenha um papel fundamental neste processo.<\/p>\n<p>COMO ISSO FUNCIONA?<\/p>\n<p>Este medicamento tamb\u00e9m \u00e9 preferido por muitos durante os preparativos do concurso, quando um n\u00edvel baixo de estrog\u00eanio \/ alto androg\u00eanio \u00e9 particularmente procurado. Isso \u00e9 especialmente ben\u00e9fico quando anabolizantes como Winstrol, Oxandrolona e Primobolan est\u00e3o sendo usados \u200b\u200bsozinhos, j\u00e1 que o conte\u00fado androg\u00eanico dessas drogas \u00e9 relativamente baixo.<\/p>\n<p>Proviron pode suplementar um andr\u00f3geno bem necess\u00e1rio e provocar um aumento na dureza e densidade dos m\u00fasculos. As mulheres, em particular, acham que um \u00fanico comprimido de 25 mg muda com efici\u00eancia a propor\u00e7\u00e3o androg\u00eanio \/ estrog\u00eanio e pode ter um grande impacto no f\u00edsico. Uma vez que este \u00e9 um andr\u00f3geno t\u00e3o forte, no entanto, extrema cautela deve ser tomada com a administra\u00e7\u00e3o.<\/p>\n<p>Doses mais altas t\u00eam claramente o potencial de causar sintomas de viriliza\u00e7\u00e3o rapidamente. Por esta raz\u00e3o, as mulheres raramente tomam mais do que um comprimido por dia e limitam a dura\u00e7\u00e3o da ingest\u00e3o a n\u00e3o mais do que quatro ou cinco semanas. Um comprimido usado em conjunto com 10 ou 20 mg de Nolvadex pode ser ainda mais eficiente para o endurecimento muscular, criando um ambiente onde o corpo \u00e9 muito mais inclinado a queimar gordura corporal extra (especialmente em \u00e1reas problem\u00e1ticas femininas como quadris e coxas).<\/p>\n<p>Proviron \u00e9, portanto, tomado durante a administra\u00e7\u00e3o de ester\u00f3ides ou ap\u00f3s a interrup\u00e7\u00e3o do uso de ester\u00f3ides, para eliminar uma poss\u00edvel impot\u00eancia ou redu\u00e7\u00e3o do interesse sexual. Isso, entretanto, n\u00e3o contribui para a manuten\u00e7\u00e3o da for\u00e7a e massa muscular ap\u00f3s o tratamento.<\/p>\n<p>Existem outros compostos mais adequados para isso, como HCG e Clomid. Por esta raz\u00e3o, <strong>Proviron<\/strong> \u00e9 infelizmente considerado por muitos como um composto in\u00fatil e desnecess\u00e1rio.<\/p>\n<p>A maioria dos usu\u00e1rios do sexo masculino descobrir\u00e1 que uma dosagem na faixa de 25 a 100 miligramas por dia de mesterolone ser\u00e1 suficiente para atingir os resultados desejados. As f\u00eameas geralmente permanecem com cerca de 25 miligramas por dia, mas muitas experimentaram n\u00edveis muito mais altos. Devido \u00e0 vida ativa do composto, dividir a dosagem do medicamento para que ele possa ser tomado duas vezes ao dia \u00e9 ben\u00e9fico, mas os efeitos do composto devem permanecer por vinte e quatro horas inteiras, portanto n\u00e3o \u00e9 totalmente necess\u00e1rio.<\/p>\n<p>Devido ao fato de que muitos outros compostos est\u00e3o dispon\u00edveis que s\u00e3o muito mais potentes e eficazes do que o Mesterolone para os mesmos fins, parece desnecess\u00e1rio aumentar a dosagem do usu\u00e1rio para muito mais do que 100 mg por dia. Em vez disso, provavelmente seria melhor trocar os compostos e tentar uma droga muito mais potente se os resultados desejados n\u00e3o forem alcan\u00e7ados.<\/p>\n<p><strong>EFEITOS COLATERAIS:<\/strong><\/p>\n<p>Os efeitos colaterais do Proviron em homens s\u00e3o baixos na dosagem de 2-3 comprimidos \/ dia, de modo que o Proviron, tomado por exemplo em combina\u00e7\u00e3o com um ciclo de ester\u00f3ides, pode ser usado comparativamente sem risco durante v\u00e1rias semanas. Por ser bem tolerado pelo f\u00edgado, n\u00e3o ocorrem disfun\u00e7\u00f5es hep\u00e1ticas nas dosagens indicadas.<\/p>\n<p>Para os atletas que est\u00e3o acostumados a agir sob o lema &#8220;mais \u00e9 melhor&#8221;, a ingest\u00e3o de Proviron pode ter um efeito paradoxal. O efeito colateral mais comum do Proviron ou, neste caso, o sintoma secund\u00e1rio \u00e9, em parte, uma superestimula\u00e7\u00e3o sexual distinta e, em alguns casos, ere\u00e7\u00e3o cont\u00ednua do p\u00eanis. Uma vez que esta condi\u00e7\u00e3o pode ser dolorosa e levar a poss\u00edveis danos, uma dosagem mais baixa ou a interrup\u00e7\u00e3o do composto s\u00e3o as \u00fanicas solu\u00e7\u00f5es adequadas.<\/p>\n<p>Atletas do sexo feminino devem us\u00e1-lo com cautela, pois n\u00e3o podem ser exclu\u00eddos poss\u00edveis efeitos colaterais androg\u00eanicos. Mulheres que desejam experimentar Proviron n\u00e3o devem tomar mais do que um comprimido de 25 mg por dia. Doses mais altas e per\u00edodos de ingest\u00e3o de mais de quatro semanas aumentam consideravelmente o risco de sintomas de viriliza\u00e7\u00e3o.<\/p>\n<p>Atletas do sexo feminino que n\u00e3o t\u00eam dificuldades com este medicamento obt\u00eam bons resultados com 25 mg de Proviron \/ dia e 20 mg de Tamoxifeno \/ dia e, em combina\u00e7\u00e3o com uma dieta, relatam uma quebra acelerada de gordura e m\u00fasculos continuamente endurecidos.<\/p>\n<p>Como qualquer medicamento, o Proviron tamb\u00e9m est\u00e1 associado a alguns efeitos colaterais raros. Embora os efeitos colaterais n\u00e3o ocorram em todos os indiv\u00edduos, eles s\u00e3o bastante perturbadores. Os efeitos colaterais incluem: ere\u00e7\u00f5es dolorosas, perda da libido, fadiga geral, voz profunda, crescimento de cabelo, acne, pele oleosa.<\/p>","protected":false},"excerpt":{"rendered":"<p>Proviron \u00e9 um ester\u00f3ide p\u00f3s-ciclo, este medicamento cont\u00e9m Mesterolone. Proviron \u00e9 usado na medicina escolar para aliviar ou curar dist\u00farbios<\/p>\n","protected":false},"featured_media":5260,"comment_status":"open","ping_status":"closed","template":"","meta":[],"product_brand":[],"product_cat":[73],"product_tag":[],"class_list":{"0":"post-5259","1":"product","2":"type-product","3":"status-publish","4":"has-post-thumbnail","6":"product_cat-ssteroides_orales","8":"first","9":"instock","10":"sale","11":"shipping-taxable","12":"purchasable","13":"product-type-simple"},"yoast_head":"<!-- This site is optimized with the Yoast SEO Premium plugin v24.4 (Yoast SEO v27.3) - https:\/\/yoast.com\/product\/yoast-seo-premium-wordpress\/ -->\n<title>Proviron BAYER - Ester\u00f3ides Online<\/title>\n<meta name=\"description\" content=\"Proviron (Mesterolona) reduz efeitos estrog\u00eanicos, melhora dureza muscular, libido e trata defici\u00eancia androg\u00eanica p\u00f3s-esteroides com efeitos colaterais leves.\" \/>\n<meta name=\"robots\" content=\"index, follow, max-snippet:-1, max-image-preview:large, max-video-preview:-1\" \/>\n<link rel=\"canonical\" href=\"https:\/\/iberoid.com\/pt\/product\/proviron-bayer\/\" \/>\n<meta property=\"og:locale\" content=\"pt_PT\" \/>\n<meta property=\"og:type\" content=\"article\" \/>\n<meta property=\"og:title\" content=\"Proviron BAYER\" \/>\n<meta property=\"og:description\" content=\"Proviron (Mesterolona) reduz efeitos estrog\u00eanicos, melhora dureza muscular, libido e trata defici\u00eancia androg\u00eanica p\u00f3s-esteroides com efeitos colaterais leves.\" \/>\n<meta property=\"og:url\" content=\"https:\/\/iberoid.com\/pt\/product\/proviron-bayer\/\" \/>\n<meta property=\"og:site_name\" content=\"Ester\u00f3ides Online\" \/>\n<meta property=\"article:modified_time\" content=\"2026-03-16T13:07:51+00:00\" \/>\n<meta property=\"og:image\" content=\"https:\/\/iberoid.com\/wp-content\/uploads\/2020\/07\/095b-PROVIRON-01-0-1-1500x1500-1.jpg?v=1694094336\" \/>\n\t<meta property=\"og:image:width\" content=\"1500\" \/>\n\t<meta property=\"og:image:height\" content=\"1500\" \/>\n\t<meta property=\"og:image:type\" content=\"image\/jpeg\" \/>\n<meta name=\"twitter:card\" content=\"summary_large_image\" \/>\n<meta name=\"twitter:label1\" content=\"pre\u00e7o\" \/>\n\t<meta name=\"twitter:data1\" content=\"&euro;20.00\" \/>\n\t<meta name=\"twitter:label2\" content=\"Disponibilidade\" \/>\n\t<meta name=\"twitter:data2\" content=\"Em stock\" \/>\n<script type=\"application\/ld+json\" class=\"yoast-schema-graph\">{\"@context\":\"https:\\\/\\\/schema.org\",\"@graph\":[{\"@type\":\"WebPage\",\"@id\":\"https:\\\/\\\/iberoid.com\\\/pt\\\/product\\\/proviron-bayer\\\/\",\"url\":\"https:\\\/\\\/iberoid.com\\\/pt\\\/product\\\/proviron-bayer\\\/\",\"name\":\"Proviron BAYER - Ester\u00f3ides Online\",\"isPartOf\":{\"@id\":\"https:\\\/\\\/iberoid.com\\\/pt\\\/#website\"},\"primaryImageOfPage\":{\"@id\":\"https:\\\/\\\/iberoid.com\\\/pt\\\/product\\\/proviron-bayer\\\/#primaryimage\"},\"image\":{\"@id\":\"https:\\\/\\\/iberoid.com\\\/pt\\\/product\\\/proviron-bayer\\\/#primaryimage\"},\"thumbnailUrl\":\"https:\\\/\\\/iberoid.com\\\/wp-content\\\/uploads\\\/2020\\\/07\\\/095b-PROVIRON-01-0-1-1500x1500-1.jpg?v=1694094336\",\"datePublished\":\"2020-07-23T10:06:38+00:00\",\"dateModified\":\"2026-03-16T13:07:51+00:00\",\"description\":\"Proviron (Mesterolona) reduz efeitos estrog\u00eanicos, melhora dureza muscular, libido e trata defici\u00eancia androg\u00eanica p\u00f3s-esteroides com efeitos colaterais leves.\",\"breadcrumb\":{\"@id\":\"https:\\\/\\\/iberoid.com\\\/pt\\\/product\\\/proviron-bayer\\\/#breadcrumb\"},\"inLanguage\":\"pt-PT\",\"potentialAction\":[{\"@type\":\"ReadAction\",\"target\":[[\"https:\\\/\\\/iberoid.com\\\/pt\\\/product\\\/proviron-bayer\\\/\"]]}]},{\"@type\":\"ImageObject\",\"inLanguage\":\"pt-PT\",\"@id\":\"https:\\\/\\\/iberoid.com\\\/pt\\\/product\\\/proviron-bayer\\\/#primaryimage\",\"url\":\"https:\\\/\\\/iberoid.com\\\/wp-content\\\/uploads\\\/2020\\\/07\\\/095b-PROVIRON-01-0-1-1500x1500-1.jpg?v=1694094336\",\"contentUrl\":\"https:\\\/\\\/iberoid.com\\\/wp-content\\\/uploads\\\/2020\\\/07\\\/095b-PROVIRON-01-0-1-1500x1500-1.jpg?v=1694094336\",\"width\":1500,\"height\":1500},{\"@type\":\"BreadcrumbList\",\"@id\":\"https:\\\/\\\/iberoid.com\\\/pt\\\/product\\\/proviron-bayer\\\/#breadcrumb\",\"itemListElement\":[{\"@type\":\"ListItem\",\"position\":1,\"name\":\"Portada\",\"item\":\"https:\\\/\\\/iberoid.com\\\/pt\\\/\"},{\"@type\":\"ListItem\",\"position\":2,\"name\":\"Loja\",\"item\":\"https:\\\/\\\/iberoid.com\\\/pt\\\/shop\\\/\"},{\"@type\":\"ListItem\",\"position\":3,\"name\":\"Proviron BAYER\"}]},{\"@type\":\"WebSite\",\"@id\":\"https:\\\/\\\/iberoid.com\\\/pt\\\/#website\",\"url\":\"https:\\\/\\\/iberoid.com\\\/pt\\\/\",\"name\":\"Ester\u00f3ides Online\",\"description\":\"Compre ester\u00f3ides online hoje em Espanha e Portugal. Temos o melhor servi\u00e7o ao cliente do setor e produtos da mais alta qualidade\",\"potentialAction\":[{\"@type\":\"SearchAction\",\"target\":{\"@type\":\"EntryPoint\",\"urlTemplate\":\"https:\\\/\\\/iberoid.com\\\/pt\\\/?s={search_term_string}\"},\"query-input\":{\"@type\":\"PropertyValueSpecification\",\"valueRequired\":true,\"valueName\":\"search_term_string\"}}],\"inLanguage\":\"pt-PT\"}]}<\/script>\n<meta property=\"product:brand\" content=\"Bayer\" \/>\n<meta property=\"product:price:amount\" content=\"20.00\" \/>\n<meta property=\"product:price:currency\" content=\"EUR\" \/>\n<meta property=\"og:availability\" content=\"instock\" \/>\n<meta property=\"product:availability\" content=\"instock\" \/>\n<meta property=\"product:condition\" content=\"new\" \/>\n<!-- \/ Yoast SEO Premium plugin. -->","yoast_head_json":{"title":"Proviron BAYER - Ester\u00f3ides Online","description":"Proviron (Mesterolona) reduz efeitos estrog\u00eanicos, melhora dureza muscular, libido e trata defici\u00eancia androg\u00eanica p\u00f3s-esteroides com efeitos colaterais leves.","robots":{"index":"index","follow":"follow","max-snippet":"max-snippet:-1","max-image-preview":"max-image-preview:large","max-video-preview":"max-video-preview:-1"},"canonical":"https:\/\/iberoid.com\/pt\/product\/proviron-bayer\/","og_locale":"pt_PT","og_type":"article","og_title":"Proviron BAYER","og_description":"Proviron (Mesterolona) reduz efeitos estrog\u00eanicos, melhora dureza muscular, libido e trata defici\u00eancia androg\u00eanica p\u00f3s-esteroides com efeitos colaterais leves.","og_url":"https:\/\/iberoid.com\/pt\/product\/proviron-bayer\/","og_site_name":"Ester\u00f3ides Online","article_modified_time":"2026-03-16T13:07:51+00:00","og_image":[{"width":1500,"height":1500,"url":"https:\/\/iberoid.com\/wp-content\/uploads\/2020\/07\/095b-PROVIRON-01-0-1-1500x1500-1.jpg?v=1694094336","type":"image\/jpeg"}],"twitter_card":"summary_large_image","twitter_misc":{"pre\u00e7o":"&euro;20.00","Disponibilidade":"Em stock"},"schema":{"@context":"https:\/\/schema.org","@graph":[{"@type":"WebPage","@id":"https:\/\/iberoid.com\/pt\/product\/proviron-bayer\/","url":"https:\/\/iberoid.com\/pt\/product\/proviron-bayer\/","name":"Proviron BAYER - Ester\u00f3ides Online","isPartOf":{"@id":"https:\/\/iberoid.com\/pt\/#website"},"primaryImageOfPage":{"@id":"https:\/\/iberoid.com\/pt\/product\/proviron-bayer\/#primaryimage"},"image":{"@id":"https:\/\/iberoid.com\/pt\/product\/proviron-bayer\/#primaryimage"},"thumbnailUrl":"https:\/\/iberoid.com\/wp-content\/uploads\/2020\/07\/095b-PROVIRON-01-0-1-1500x1500-1.jpg?v=1694094336","datePublished":"2020-07-23T10:06:38+00:00","dateModified":"2026-03-16T13:07:51+00:00","description":"Proviron (Mesterolona) reduz efeitos estrog\u00eanicos, melhora dureza muscular, libido e trata defici\u00eancia androg\u00eanica p\u00f3s-esteroides com efeitos colaterais leves.","breadcrumb":{"@id":"https:\/\/iberoid.com\/pt\/product\/proviron-bayer\/#breadcrumb"},"inLanguage":"pt-PT","potentialAction":[{"@type":"ReadAction","target":[["https:\/\/iberoid.com\/pt\/product\/proviron-bayer\/"]]}]},{"@type":"ImageObject","inLanguage":"pt-PT","@id":"https:\/\/iberoid.com\/pt\/product\/proviron-bayer\/#primaryimage","url":"https:\/\/iberoid.com\/wp-content\/uploads\/2020\/07\/095b-PROVIRON-01-0-1-1500x1500-1.jpg?v=1694094336","contentUrl":"https:\/\/iberoid.com\/wp-content\/uploads\/2020\/07\/095b-PROVIRON-01-0-1-1500x1500-1.jpg?v=1694094336","width":1500,"height":1500},{"@type":"BreadcrumbList","@id":"https:\/\/iberoid.com\/pt\/product\/proviron-bayer\/#breadcrumb","itemListElement":[{"@type":"ListItem","position":1,"name":"Portada","item":"https:\/\/iberoid.com\/pt\/"},{"@type":"ListItem","position":2,"name":"Loja","item":"https:\/\/iberoid.com\/pt\/shop\/"},{"@type":"ListItem","position":3,"name":"Proviron BAYER"}]},{"@type":"WebSite","@id":"https:\/\/iberoid.com\/pt\/#website","url":"https:\/\/iberoid.com\/pt\/","name":"Ester\u00f3ides Online","description":"Compre ester\u00f3ides online hoje em Espanha e Portugal. Temos o melhor servi\u00e7o ao cliente do setor e produtos da mais alta qualidade","potentialAction":[{"@type":"SearchAction","target":{"@type":"EntryPoint","urlTemplate":"https:\/\/iberoid.com\/pt\/?s={search_term_string}"},"query-input":{"@type":"PropertyValueSpecification","valueRequired":true,"valueName":"search_term_string"}}],"inLanguage":"pt-PT"}]},"product_brand":"Bayer","product_price_amount":"20.00","product_price_currency":"EUR","og_availability":"instock","product_availability":"instock","product_condition":"new"},"_links":{"self":[{"href":"https:\/\/iberoid.com\/pt\/wp-json\/wp\/v2\/product\/5259","targetHints":{"allow":["GET"]}}],"collection":[{"href":"https:\/\/iberoid.com\/pt\/wp-json\/wp\/v2\/product"}],"about":[{"href":"https:\/\/iberoid.com\/pt\/wp-json\/wp\/v2\/types\/product"}],"replies":[{"embeddable":true,"href":"https:\/\/iberoid.com\/pt\/wp-json\/wp\/v2\/comments?post=5259"}],"wp:featuredmedia":[{"embeddable":true,"href":"https:\/\/iberoid.com\/pt\/wp-json\/wp\/v2\/media\/5260"}],"wp:attachment":[{"href":"https:\/\/iberoid.com\/pt\/wp-json\/wp\/v2\/media?parent=5259"}],"wp:term":[{"taxonomy":"product_brand","embeddable":true,"href":"https:\/\/iberoid.com\/pt\/wp-json\/wp\/v2\/product_brand?post=5259"},{"taxonomy":"product_cat","embeddable":true,"href":"https:\/\/iberoid.com\/pt\/wp-json\/wp\/v2\/product_cat?post=5259"},{"taxonomy":"product_tag","embeddable":true,"href":"https:\/\/iberoid.com\/pt\/wp-json\/wp\/v2\/product_tag?post=5259"}],"curies":[{"name":"wp","href":"https:\/\/api.w.org\/{rel}","templated":true}]}}