{"id":5273,"date":"2020-07-31T11:32:18","date_gmt":"2020-07-31T11:32:18","guid":{"rendered":"https:\/\/iberoid.com\/?post_type=product&#038;p=5273"},"modified":"2026-04-08T09:04:58","modified_gmt":"2026-04-08T09:04:58","slug":"t3-uni-pharma-25mcg-tab","status":"publish","type":"product","link":"https:\/\/iberoid.com\/pt\/product\/t3-uni-pharma-25mcg-tab\/","title":{"rendered":"T3 Uni Pharma"},"content":{"rendered":"<p>Fonte: Uni-Pharma Gr\u00e9cia<\/p>\n<p>Pacote: 30 guias, cada guia 25mcg<\/p>\n<p>Subst\u00e2ncia: Liothyronine Sodium<\/p>\n<p>Ele est\u00e1 dispon\u00edvel em uma variedade de doses, embora variando de 5 a 100 mcgs. por comprimido. Cytomel \u00e9 um horm\u00f4nio tireoidiano sint\u00e9tico (Tipo T-3). Existem dois tipos principais de horm\u00f4nios tireoidianos sint\u00e9ticos dispon\u00edveis, sendo este e o Synthroid (T-4). Este produto \u00e9 considerado o mais forte dos dois produtos (\u00e9 4-5 vezes mais forte que o Synthroid). Este produto funciona aumentando a s\u00edntese de prote\u00ednas, carboidratos e gorduras, bem como RNA no corpo, aumentando assim sua BMR (Taxa Metab\u00f3lica Basal). Os fisiculturistas amam este produto por muitos motivos. Este produto \u00e9 um excelente queimador de gordura, uma vez que seu metabolismo \u00e9 bastante aumentado durante o uso. Voc\u00ea pode se dar ao luxo de ser um pouco mais desleixado na dieta pr\u00e9-competi\u00e7\u00e3o, pois ela ainda queima gordura quando voc\u00ea ingere muitas calorias, pois seu metabolismo est\u00e1 descontrolado. Quando tomado com Clenbuterol, esta \u00e9 a melhor combina\u00e7\u00e3o de queima de gordura dispon\u00edvel hoje (com a poss\u00edvel exce\u00e7\u00e3o do DNP). Tamb\u00e9m ajuda a tornar os ester\u00f3ides mais eficazes, uma vez que \u00e9 uma boa ajuda para a s\u00edntese de prote\u00ednas. A maioria das pessoas precisa ter cuidado para come\u00e7ar com uma dosagem baixa, cerca de 25 mcgs. por dia e aumente em cerca de uma guia ou 25 mcgs. por dia a cada 5-6 dias. Certifique-se de n\u00e3o ultrapassar 100 mcgs. por dia, no m\u00e1ximo. Em dias em que voc\u00ea toma v\u00e1rias guias, divida-as igualmente ao longo do dia (ou seja, 100 mcgs. Seriam 4 doses de 25 mcgs. Cada uma, distribu\u00eddas uniformemente ao longo do dia). Voc\u00ea tamb\u00e9m precisa se certificar de que reduz o ciclo deste produto como bem para manter a tire\u00f3ide funcionando corretamente tamb\u00e9m. N\u00e3o tome por mais de 5 semanas de cada vez. Depois de fazer um ciclo deste medicamento, certifique-se de ir pelo menos 8 semanas antes de faz\u00ea-lo novamente para permitir o retorno do funcionamento normal da tireoide.<\/p>","protected":false},"excerpt":{"rendered":"<p>Fonte: Uni-Pharma Gr\u00e9cia Pacote: 30 guias, cada guia 25mcg Subst\u00e2ncia: Liothyronine Sodium Ele est\u00e1 dispon\u00edvel em uma variedade de doses,<\/p>\n","protected":false},"featured_media":5274,"comment_status":"open","ping_status":"closed","template":"","meta":[],"product_brand":[],"product_cat":[73],"product_tag":[],"class_list":{"0":"post-5273","1":"product","2":"type-product","3":"status-publish","4":"has-post-thumbnail","6":"product_cat-ssteroides_orales","8":"first","9":"instock","10":"sale","11":"shipping-taxable","12":"purchasable","13":"product-type-simple"},"yoast_head":"<!-- This site is optimized with the Yoast SEO Premium plugin v24.4 (Yoast SEO v27.0) - https:\/\/yoast.com\/product\/yoast-seo-premium-wordpress\/ -->\n<title>T3 Uni Pharma - Ester\u00f3ides Online<\/title>\n<meta name=\"description\" content=\"Cytomel (Liotironina S\u00f3dica) 25mcg comprimidos (30). Potente horm\u00f4nio tireoidiano sint\u00e9tico T-3 que acelera o metabolismo e queima gordura. Comece com dose baixa (25mcg), m\u00e1ximo de 100mcg por dia. Use em ciclos.\" \/>\n<meta name=\"robots\" content=\"index, follow, max-snippet:-1, max-image-preview:large, max-video-preview:-1\" \/>\n<link rel=\"canonical\" href=\"https:\/\/iberoid.com\/pt\/product\/t3-uni-pharma-25mcg-tab\/\" \/>\n<meta property=\"og:locale\" content=\"pt_PT\" \/>\n<meta property=\"og:type\" content=\"article\" \/>\n<meta property=\"og:title\" content=\"T3 Uni Pharma\" \/>\n<meta property=\"og:description\" content=\"Cytomel (Liotironina S\u00f3dica) 25mcg comprimidos (30). Potente horm\u00f4nio tireoidiano sint\u00e9tico T-3 que acelera o metabolismo e queima gordura. Comece com dose baixa (25mcg), m\u00e1ximo de 100mcg por dia. Use em ciclos.\" \/>\n<meta property=\"og:url\" content=\"https:\/\/iberoid.com\/pt\/product\/t3-uni-pharma-25mcg-tab\/\" \/>\n<meta property=\"og:site_name\" content=\"Ester\u00f3ides Online\" \/>\n<meta property=\"article:modified_time\" content=\"2026-04-08T09:04:58+00:00\" \/>\n<meta property=\"og:image\" content=\"https:\/\/iberoid.com\/wp-content\/uploads\/2020\/07\/t3.jpg?v=1719129887\" \/>\n\t<meta property=\"og:image:width\" content=\"428\" \/>\n\t<meta property=\"og:image:height\" content=\"429\" \/>\n\t<meta property=\"og:image:type\" content=\"image\/jpeg\" \/>\n<meta name=\"twitter:card\" content=\"summary_large_image\" \/>\n<meta name=\"twitter:label1\" content=\"pre\u00e7o\" \/>\n\t<meta name=\"twitter:data1\" content=\"&euro;10.00\" \/>\n\t<meta name=\"twitter:label2\" content=\"Disponibilidade\" \/>\n\t<meta name=\"twitter:data2\" content=\"Em stock\" \/>\n<script type=\"application\/ld+json\" class=\"yoast-schema-graph\">{\"@context\":\"https:\/\/schema.org\",\"@graph\":[{\"@type\":\"WebPage\",\"@id\":\"https:\/\/iberoid.com\/pt\/product\/t3-uni-pharma-25mcg-tab\/\",\"url\":\"https:\/\/iberoid.com\/pt\/product\/t3-uni-pharma-25mcg-tab\/\",\"name\":\"T3 Uni Pharma - Ester\u00f3ides Online\",\"isPartOf\":{\"@id\":\"https:\/\/iberoid-shop.com\/#website\"},\"primaryImageOfPage\":{\"@id\":\"https:\/\/iberoid.com\/pt\/product\/t3-uni-pharma-25mcg-tab\/#primaryimage\"},\"image\":{\"@id\":\"https:\/\/iberoid.com\/pt\/product\/t3-uni-pharma-25mcg-tab\/#primaryimage\"},\"thumbnailUrl\":\"https:\/\/iberoid.com\/wp-content\/uploads\/2020\/07\/t3.jpg?v=1719129887\",\"datePublished\":\"2020-07-31T11:32:18+00:00\",\"dateModified\":\"2026-04-08T09:04:58+00:00\",\"description\":\"Cytomel (Liotironina S\u00f3dica) 25mcg comprimidos (30). Potente horm\u00f4nio tireoidiano sint\u00e9tico T-3 que acelera o metabolismo e queima gordura. Comece com dose baixa (25mcg), m\u00e1ximo de 100mcg por dia. Use em ciclos.\",\"breadcrumb\":{\"@id\":\"https:\/\/iberoid.com\/pt\/product\/t3-uni-pharma-25mcg-tab\/#breadcrumb\"},\"inLanguage\":\"pt-PT\",\"potentialAction\":[{\"@type\":\"ReadAction\",\"target\":[[\"https:\/\/iberoid.com\/pt\/product\/t3-uni-pharma-25mcg-tab\/\"]]}]},{\"@type\":\"ImageObject\",\"inLanguage\":\"pt-PT\",\"@id\":\"https:\/\/iberoid.com\/pt\/product\/t3-uni-pharma-25mcg-tab\/#primaryimage\",\"url\":\"https:\/\/iberoid.com\/wp-content\/uploads\/2020\/07\/t3.jpg?v=1719129887\",\"contentUrl\":\"https:\/\/iberoid.com\/wp-content\/uploads\/2020\/07\/t3.jpg?v=1719129887\",\"width\":428,\"height\":429},{\"@type\":\"BreadcrumbList\",\"@id\":\"https:\/\/iberoid.com\/pt\/product\/t3-uni-pharma-25mcg-tab\/#breadcrumb\",\"itemListElement\":[{\"@type\":\"ListItem\",\"position\":1,\"name\":\"Portada\",\"item\":\"https:\/\/iberoid.com\/pt\/\"},{\"@type\":\"ListItem\",\"position\":2,\"name\":\"Loja\",\"item\":\"https:\/\/iberoid.com\/pt\/shop\/\"},{\"@type\":\"ListItem\",\"position\":3,\"name\":\"T3 Uni Pharma\"}]},{\"@type\":\"WebSite\",\"@id\":\"https:\/\/iberoid-shop.com\/#website\",\"url\":\"https:\/\/iberoid-shop.com\/\",\"name\":\"Ester\u00f3ides Online\",\"description\":\"Compre ester\u00f3ides online hoje em Espanha e Portugal. Temos o melhor servi\u00e7o ao cliente do setor e produtos da mais alta qualidade\",\"potentialAction\":[{\"@type\":\"SearchAction\",\"target\":{\"@type\":\"EntryPoint\",\"urlTemplate\":\"https:\/\/iberoid-shop.com\/?s={search_term_string}\"},\"query-input\":{\"@type\":\"PropertyValueSpecification\",\"valueRequired\":true,\"valueName\":\"search_term_string\"}}],\"inLanguage\":\"pt-PT\"}]}<\/script>\n<meta property=\"product:brand\" content=\"Uni-Pharma\" \/>\n<meta property=\"product:price:amount\" content=\"10.00\" \/>\n<meta property=\"product:price:currency\" content=\"EUR\" \/>\n<meta property=\"og:availability\" content=\"instock\" \/>\n<meta property=\"product:availability\" content=\"instock\" \/>\n<meta property=\"product:condition\" content=\"new\" \/>\n<!-- \/ Yoast SEO Premium plugin. -->","yoast_head_json":{"title":"T3 Uni Pharma - Ester\u00f3ides Online","description":"Cytomel (Liotironina S\u00f3dica) 25mcg comprimidos (30). Potente horm\u00f4nio tireoidiano sint\u00e9tico T-3 que acelera o metabolismo e queima gordura. Comece com dose baixa (25mcg), m\u00e1ximo de 100mcg por dia. Use em ciclos.","robots":{"index":"index","follow":"follow","max-snippet":"max-snippet:-1","max-image-preview":"max-image-preview:large","max-video-preview":"max-video-preview:-1"},"canonical":"https:\/\/iberoid.com\/pt\/product\/t3-uni-pharma-25mcg-tab\/","og_locale":"pt_PT","og_type":"article","og_title":"T3 Uni Pharma","og_description":"Cytomel (Liotironina S\u00f3dica) 25mcg comprimidos (30). Potente horm\u00f4nio tireoidiano sint\u00e9tico T-3 que acelera o metabolismo e queima gordura. Comece com dose baixa (25mcg), m\u00e1ximo de 100mcg por dia. Use em ciclos.","og_url":"https:\/\/iberoid.com\/pt\/product\/t3-uni-pharma-25mcg-tab\/","og_site_name":"Ester\u00f3ides Online","article_modified_time":"2026-04-08T09:04:58+00:00","og_image":[{"width":428,"height":429,"url":"https:\/\/iberoid.com\/wp-content\/uploads\/2020\/07\/t3.jpg?v=1719129887","type":"image\/jpeg"}],"twitter_card":"summary_large_image","twitter_misc":{"pre\u00e7o":"&euro;10.00","Disponibilidade":"Em stock"},"schema":{"@context":"https:\/\/schema.org","@graph":[{"@type":"WebPage","@id":"https:\/\/iberoid.com\/pt\/product\/t3-uni-pharma-25mcg-tab\/","url":"https:\/\/iberoid.com\/pt\/product\/t3-uni-pharma-25mcg-tab\/","name":"T3 Uni Pharma - Ester\u00f3ides Online","isPartOf":{"@id":"https:\/\/iberoid-shop.com\/#website"},"primaryImageOfPage":{"@id":"https:\/\/iberoid.com\/pt\/product\/t3-uni-pharma-25mcg-tab\/#primaryimage"},"image":{"@id":"https:\/\/iberoid.com\/pt\/product\/t3-uni-pharma-25mcg-tab\/#primaryimage"},"thumbnailUrl":"https:\/\/iberoid.com\/wp-content\/uploads\/2020\/07\/t3.jpg?v=1719129887","datePublished":"2020-07-31T11:32:18+00:00","dateModified":"2026-04-08T09:04:58+00:00","description":"Cytomel (Liotironina S\u00f3dica) 25mcg comprimidos (30). Potente horm\u00f4nio tireoidiano sint\u00e9tico T-3 que acelera o metabolismo e queima gordura. Comece com dose baixa (25mcg), m\u00e1ximo de 100mcg por dia. Use em ciclos.","breadcrumb":{"@id":"https:\/\/iberoid.com\/pt\/product\/t3-uni-pharma-25mcg-tab\/#breadcrumb"},"inLanguage":"pt-PT","potentialAction":[{"@type":"ReadAction","target":[["https:\/\/iberoid.com\/pt\/product\/t3-uni-pharma-25mcg-tab\/"]]}]},{"@type":"ImageObject","inLanguage":"pt-PT","@id":"https:\/\/iberoid.com\/pt\/product\/t3-uni-pharma-25mcg-tab\/#primaryimage","url":"https:\/\/iberoid.com\/wp-content\/uploads\/2020\/07\/t3.jpg?v=1719129887","contentUrl":"https:\/\/iberoid.com\/wp-content\/uploads\/2020\/07\/t3.jpg?v=1719129887","width":428,"height":429},{"@type":"BreadcrumbList","@id":"https:\/\/iberoid.com\/pt\/product\/t3-uni-pharma-25mcg-tab\/#breadcrumb","itemListElement":[{"@type":"ListItem","position":1,"name":"Portada","item":"https:\/\/iberoid.com\/pt\/"},{"@type":"ListItem","position":2,"name":"Loja","item":"https:\/\/iberoid.com\/pt\/shop\/"},{"@type":"ListItem","position":3,"name":"T3 Uni Pharma"}]},{"@type":"WebSite","@id":"https:\/\/iberoid-shop.com\/#website","url":"https:\/\/iberoid-shop.com\/","name":"Ester\u00f3ides Online","description":"Compre ester\u00f3ides online hoje em Espanha e Portugal. Temos o melhor servi\u00e7o ao cliente do setor e produtos da mais alta qualidade","potentialAction":[{"@type":"SearchAction","target":{"@type":"EntryPoint","urlTemplate":"https:\/\/iberoid-shop.com\/?s={search_term_string}"},"query-input":{"@type":"PropertyValueSpecification","valueRequired":true,"valueName":"search_term_string"}}],"inLanguage":"pt-PT"}]},"product_brand":"Uni-Pharma","product_price_amount":"10.00","product_price_currency":"EUR","og_availability":"instock","product_availability":"instock","product_condition":"new"},"_links":{"self":[{"href":"https:\/\/iberoid.com\/pt\/wp-json\/wp\/v2\/product\/5273","targetHints":{"allow":["GET"]}}],"collection":[{"href":"https:\/\/iberoid.com\/pt\/wp-json\/wp\/v2\/product"}],"about":[{"href":"https:\/\/iberoid.com\/pt\/wp-json\/wp\/v2\/types\/product"}],"replies":[{"embeddable":true,"href":"https:\/\/iberoid.com\/pt\/wp-json\/wp\/v2\/comments?post=5273"}],"wp:featuredmedia":[{"embeddable":true,"href":"https:\/\/iberoid.com\/pt\/wp-json\/wp\/v2\/media\/5274"}],"wp:attachment":[{"href":"https:\/\/iberoid.com\/pt\/wp-json\/wp\/v2\/media?parent=5273"}],"wp:term":[{"taxonomy":"product_brand","embeddable":true,"href":"https:\/\/iberoid.com\/pt\/wp-json\/wp\/v2\/product_brand?post=5273"},{"taxonomy":"product_cat","embeddable":true,"href":"https:\/\/iberoid.com\/pt\/wp-json\/wp\/v2\/product_cat?post=5273"},{"taxonomy":"product_tag","embeddable":true,"href":"https:\/\/iberoid.com\/pt\/wp-json\/wp\/v2\/product_tag?post=5273"}],"curies":[{"name":"wp","href":"https:\/\/api.w.org\/{rel}","templated":true}]}}