{"id":5358,"date":"2020-10-08T17:31:42","date_gmt":"2020-10-08T17:31:42","guid":{"rendered":"https:\/\/iberoid.com\/?post_type=product&#038;p=5358"},"modified":"2023-05-28T15:04:14","modified_gmt":"2023-05-28T15:04:14","slug":"sp-cypionat-sp-laboratories","status":"publish","type":"product","link":"https:\/\/iberoid.com\/pt\/product\/sp-cypionat-sp-laboratories\/","title":{"rendered":"SP CYPIONATE"},"content":{"rendered":"<p>Nome do produto: SP Cyipionate<br \/>\nFabricante SP Laboratories India<br \/>\nApresenta\u00e7\u00e3o: 10 ml 200 mg \/ ml<br \/>\nProdutos qu\u00edmicos ativos: cipionato de testosterona<\/p>\n<p>&nbsp;<\/p>\n<p>Parece que a testosterona \u00e9 um cipionato encontrado principalmente no mercado dos EUA apenas. \u00c9, portanto, um dos \u00e9steres de testosterona mais usados \u200b\u200bpelos americanos. E n\u00e3o apenas de &#8220;orgulho nacional&#8221;, mas tamb\u00e9m porque muitos dizem que \u00e9 superior, melhor que o enantato de testosterona. Ao mesmo tempo, diz-se que algo causa mais reten\u00e7\u00e3o de \u00e1gua, mas n\u00e3o t\u00e3o ruim que seja abandonado por causa disso. Mas se olharmos para o problema objetivamente e vermos que os enantato de testosterona cipionat s\u00e3o intercambi\u00e1veis \u200b\u200bentre si. Ambos s\u00e3o ester\u00f3ides injet\u00e1veis \u200b\u200b\u00e0 base de \u00f3leo com um longo corpo de a\u00e7\u00e3o, que manter\u00e1 os n\u00edveis de testosterona por at\u00e9 duas semanas. O enantato de tetsosteronul parece ser mais alto quando se trata de taxa de libera\u00e7\u00e3o de testosterona, \u00e9 uma mol\u00e9cula de carbono mais f\u00e1cil. Mas a diferen\u00e7a \u00e9 t\u00e3o pequena que voc\u00ea n\u00e3o pode realmente ser levada em considera\u00e7\u00e3o.<\/p>\n<p>Tal como acontece com as prepara\u00e7\u00f5es de testosterona injet\u00e1vel \u00e0 base de tutror, \u200b\u200bos ganhos de massa e for\u00e7a durante um ciclo s\u00e3o consider\u00e1veis. Mas para converter facilmente a testosterona em estrog\u00eanio, ocorrer\u00e1 uma alta reten\u00e7\u00e3o de \u00e1gua. A defini\u00e7\u00e3o de perda durante o uso deste ester\u00f3ide torna-o desaconselh\u00e1vel durante a fase de recupera\u00e7\u00e3o ou \u00eanfase. Estrigeni de alto n\u00edvel que traz ao corpo pode causar ginecomastia. Se notar dor, incha\u00e7o ou n\u00f3s nos mamilos quando produtos auxiliares como Proviron ou Nolvadex devem ser adicionados ao ciclo. Isso reduzir\u00e1 a ingest\u00e3o de ester\u00f3ides estrog\u00eanicos, tornando-os consideravelmente mais toler\u00e1veis. Uma op\u00e7\u00e3o ainda melhor \u00e9 o Arimidex, mas o pre\u00e7o alto o torna menos popular. A sensibilidade ao estrog\u00eanio \u00e9 aconselhada a usar Nolvadex ou Proviron no in\u00edcio do ciclo, antes que quaisquer efeitos colaterais estrog\u00eanicos se fa\u00e7am sentir.<\/p>\n<p>Como \u00e9 o principal horm\u00f4nio masculino testosterona \u00e9 esperado que ocorra como efeitos colaterais andr\u00f3genos pele oleosa, acne, crescimento de cabelo no corpo e no rosto e queda de cabelo (especialmente se voc\u00ea for geneticamente predisposto). Todos os efeitos colaterais androg\u00eanicos s\u00e3o causados \u200b\u200bpela convers\u00e3o da testosterona em DHT (dihidrotestosterona). Um medicamento recentemente lan\u00e7ado no mercado ralatiuv, o Propecia (Proscar), pode prevenir a convers\u00e3o da testosterona em DHT, reduzindo significativamente os efeitos dos andr\u00f3genos e principalmente a queda de cabelo.<\/p>\n<p>Embora ativo no corpo por um longo tempo, a testosterona \u00e9 injetada cipionat semanalmente. Uma dose variando entre 200 mg e 800 mg spatamanal proporcionar\u00e1 ganhos musculares dram\u00e1ticos. Embora altas doses n\u00e3o sejam necess\u00e1rias, muitos fisiculturistas usam doses excessivas de 1000 mg por semana. Isso certamente levar\u00e1 a uma reten\u00e7\u00e3o de \u00e1gua muito maior. Portanto, o princ\u00edpio &#8220;quanto mais, melhor&#8221; n\u00e3o se aplica aqui, causando mais danos do que benef\u00edcios.<\/p>","protected":false},"excerpt":{"rendered":"<p>Nome do produto: SP Cyipionate Fabricante SP Laboratories India Apresenta\u00e7\u00e3o: 10 ml 200 mg \/ ml Produtos qu\u00edmicos ativos: cipionato<\/p>\n","protected":false},"featured_media":5359,"comment_status":"open","ping_status":"closed","template":"","meta":[],"product_brand":[],"product_cat":[69],"product_tag":[],"class_list":{"0":"post-5358","1":"product","2":"type-product","3":"status-publish","4":"has-post-thumbnail","6":"product_cat-esteroides_inyectables","8":"first","9":"outofstock","10":"shipping-taxable","11":"purchasable","12":"product-type-simple"},"yoast_head":"<!-- This site is optimized with the Yoast SEO Premium plugin v24.4 (Yoast SEO v27.0) - https:\/\/yoast.com\/product\/yoast-seo-premium-wordpress\/ -->\n<title>SP CYPIONATE - Ester\u00f3ides Online<\/title>\n<meta name=\"robots\" content=\"index, follow, max-snippet:-1, max-image-preview:large, max-video-preview:-1\" \/>\n<link rel=\"canonical\" href=\"https:\/\/iberoid.com\/pt\/product\/sp-cypionat-sp-laboratories\/\" \/>\n<meta property=\"og:locale\" content=\"pt_PT\" \/>\n<meta property=\"og:type\" content=\"article\" \/>\n<meta property=\"og:title\" content=\"SP CYPIONATE\" \/>\n<meta property=\"og:description\" content=\"Nome do produto: SP Cyipionate Fabricante SP Laboratories India Apresenta\u00e7\u00e3o: 10 ml 200 mg \/ ml Produtos qu\u00edmicos ativos: cipionato\" \/>\n<meta property=\"og:url\" content=\"https:\/\/iberoid.com\/pt\/product\/sp-cypionat-sp-laboratories\/\" \/>\n<meta property=\"og:site_name\" content=\"Ester\u00f3ides Online\" \/>\n<meta property=\"article:modified_time\" content=\"2023-05-28T15:04:14+00:00\" \/>\n<meta property=\"og:image\" content=\"https:\/\/iberoid.com\/wp-content\/uploads\/2020\/10\/cyp-sp.jpg?v=1678120091\" \/>\n\t<meta property=\"og:image:width\" content=\"388\" \/>\n\t<meta property=\"og:image:height\" content=\"388\" \/>\n\t<meta property=\"og:image:type\" content=\"image\/jpeg\" \/>\n<meta name=\"twitter:card\" content=\"summary_large_image\" \/>\n<meta name=\"twitter:label1\" content=\"pre\u00e7o\" \/>\n\t<meta name=\"twitter:data1\" content=\"&euro;45.00\" \/>\n\t<meta name=\"twitter:label2\" content=\"Disponibilidade\" \/>\n\t<meta name=\"twitter:data2\" content=\"Esgotado\" \/>\n<script type=\"application\/ld+json\" class=\"yoast-schema-graph\">{\"@context\":\"https:\/\/schema.org\",\"@graph\":[{\"@type\":\"WebPage\",\"@id\":\"https:\/\/iberoid.com\/pt\/product\/sp-cypionat-sp-laboratories\/\",\"url\":\"https:\/\/iberoid.com\/pt\/product\/sp-cypionat-sp-laboratories\/\",\"name\":\"SP CYPIONATE - Ester\u00f3ides Online\",\"isPartOf\":{\"@id\":\"https:\/\/iberoid.com\/pt\/#website\"},\"primaryImageOfPage\":{\"@id\":\"https:\/\/iberoid.com\/pt\/product\/sp-cypionat-sp-laboratories\/#primaryimage\"},\"image\":{\"@id\":\"https:\/\/iberoid.com\/pt\/product\/sp-cypionat-sp-laboratories\/#primaryimage\"},\"thumbnailUrl\":\"https:\/\/iberoid.com\/wp-content\/uploads\/2020\/10\/cyp-sp.jpg?v=1678120091\",\"datePublished\":\"2020-10-08T17:31:42+00:00\",\"dateModified\":\"2023-05-28T15:04:14+00:00\",\"breadcrumb\":{\"@id\":\"https:\/\/iberoid.com\/pt\/product\/sp-cypionat-sp-laboratories\/#breadcrumb\"},\"inLanguage\":\"pt-PT\",\"potentialAction\":[{\"@type\":\"ReadAction\",\"target\":[[\"https:\/\/iberoid.com\/pt\/product\/sp-cypionat-sp-laboratories\/\"]]}]},{\"@type\":\"ImageObject\",\"inLanguage\":\"pt-PT\",\"@id\":\"https:\/\/iberoid.com\/pt\/product\/sp-cypionat-sp-laboratories\/#primaryimage\",\"url\":\"https:\/\/iberoid.com\/wp-content\/uploads\/2020\/10\/cyp-sp.jpg?v=1678120091\",\"contentUrl\":\"https:\/\/iberoid.com\/wp-content\/uploads\/2020\/10\/cyp-sp.jpg?v=1678120091\",\"width\":388,\"height\":388},{\"@type\":\"BreadcrumbList\",\"@id\":\"https:\/\/iberoid.com\/pt\/product\/sp-cypionat-sp-laboratories\/#breadcrumb\",\"itemListElement\":[{\"@type\":\"ListItem\",\"position\":1,\"name\":\"Portada\",\"item\":\"https:\/\/iberoid.com\/pt\/\"},{\"@type\":\"ListItem\",\"position\":2,\"name\":\"Loja\",\"item\":\"https:\/\/iberoid.com\/pt\/shop\/\"},{\"@type\":\"ListItem\",\"position\":3,\"name\":\"SP CYPIONATE\"}]},{\"@type\":\"WebSite\",\"@id\":\"https:\/\/iberoid.com\/pt\/#website\",\"url\":\"https:\/\/iberoid.com\/pt\/\",\"name\":\"Ester\u00f3ides Online\",\"description\":\"Compre ester\u00f3ides online hoje em Espanha e Portugal. Temos o melhor servi\u00e7o ao cliente do setor e produtos da mais alta qualidade\",\"potentialAction\":[{\"@type\":\"SearchAction\",\"target\":{\"@type\":\"EntryPoint\",\"urlTemplate\":\"https:\/\/iberoid.com\/pt\/?s={search_term_string}\"},\"query-input\":{\"@type\":\"PropertyValueSpecification\",\"valueRequired\":true,\"valueName\":\"search_term_string\"}}],\"inLanguage\":\"pt-PT\"}]}<\/script>\n<meta property=\"product:brand\" content=\"SP Laboratories\" \/>\n<meta property=\"product:price:amount\" content=\"45.00\" \/>\n<meta property=\"product:price:currency\" content=\"EUR\" \/>\n<meta property=\"og:availability\" content=\"out of stock\" \/>\n<meta property=\"product:availability\" content=\"out of stock\" \/>\n<meta property=\"product:condition\" content=\"new\" \/>\n<!-- \/ Yoast SEO Premium plugin. -->","yoast_head_json":{"title":"SP CYPIONATE - Ester\u00f3ides Online","robots":{"index":"index","follow":"follow","max-snippet":"max-snippet:-1","max-image-preview":"max-image-preview:large","max-video-preview":"max-video-preview:-1"},"canonical":"https:\/\/iberoid.com\/pt\/product\/sp-cypionat-sp-laboratories\/","og_locale":"pt_PT","og_type":"article","og_title":"SP CYPIONATE","og_description":"Nome do produto: SP Cyipionate Fabricante SP Laboratories India Apresenta\u00e7\u00e3o: 10 ml 200 mg \/ ml Produtos qu\u00edmicos ativos: cipionato","og_url":"https:\/\/iberoid.com\/pt\/product\/sp-cypionat-sp-laboratories\/","og_site_name":"Ester\u00f3ides Online","article_modified_time":"2023-05-28T15:04:14+00:00","og_image":[{"width":388,"height":388,"url":"https:\/\/iberoid.com\/wp-content\/uploads\/2020\/10\/cyp-sp.jpg?v=1678120091","type":"image\/jpeg"}],"twitter_card":"summary_large_image","twitter_misc":{"pre\u00e7o":"&euro;45.00","Disponibilidade":"Esgotado"},"schema":{"@context":"https:\/\/schema.org","@graph":[{"@type":"WebPage","@id":"https:\/\/iberoid.com\/pt\/product\/sp-cypionat-sp-laboratories\/","url":"https:\/\/iberoid.com\/pt\/product\/sp-cypionat-sp-laboratories\/","name":"SP CYPIONATE - Ester\u00f3ides Online","isPartOf":{"@id":"https:\/\/iberoid.com\/pt\/#website"},"primaryImageOfPage":{"@id":"https:\/\/iberoid.com\/pt\/product\/sp-cypionat-sp-laboratories\/#primaryimage"},"image":{"@id":"https:\/\/iberoid.com\/pt\/product\/sp-cypionat-sp-laboratories\/#primaryimage"},"thumbnailUrl":"https:\/\/iberoid.com\/wp-content\/uploads\/2020\/10\/cyp-sp.jpg?v=1678120091","datePublished":"2020-10-08T17:31:42+00:00","dateModified":"2023-05-28T15:04:14+00:00","breadcrumb":{"@id":"https:\/\/iberoid.com\/pt\/product\/sp-cypionat-sp-laboratories\/#breadcrumb"},"inLanguage":"pt-PT","potentialAction":[{"@type":"ReadAction","target":[["https:\/\/iberoid.com\/pt\/product\/sp-cypionat-sp-laboratories\/"]]}]},{"@type":"ImageObject","inLanguage":"pt-PT","@id":"https:\/\/iberoid.com\/pt\/product\/sp-cypionat-sp-laboratories\/#primaryimage","url":"https:\/\/iberoid.com\/wp-content\/uploads\/2020\/10\/cyp-sp.jpg?v=1678120091","contentUrl":"https:\/\/iberoid.com\/wp-content\/uploads\/2020\/10\/cyp-sp.jpg?v=1678120091","width":388,"height":388},{"@type":"BreadcrumbList","@id":"https:\/\/iberoid.com\/pt\/product\/sp-cypionat-sp-laboratories\/#breadcrumb","itemListElement":[{"@type":"ListItem","position":1,"name":"Portada","item":"https:\/\/iberoid.com\/pt\/"},{"@type":"ListItem","position":2,"name":"Loja","item":"https:\/\/iberoid.com\/pt\/shop\/"},{"@type":"ListItem","position":3,"name":"SP CYPIONATE"}]},{"@type":"WebSite","@id":"https:\/\/iberoid.com\/pt\/#website","url":"https:\/\/iberoid.com\/pt\/","name":"Ester\u00f3ides Online","description":"Compre ester\u00f3ides online hoje em Espanha e Portugal. Temos o melhor servi\u00e7o ao cliente do setor e produtos da mais alta qualidade","potentialAction":[{"@type":"SearchAction","target":{"@type":"EntryPoint","urlTemplate":"https:\/\/iberoid.com\/pt\/?s={search_term_string}"},"query-input":{"@type":"PropertyValueSpecification","valueRequired":true,"valueName":"search_term_string"}}],"inLanguage":"pt-PT"}]},"product_brand":"SP Laboratories","product_price_amount":"45.00","product_price_currency":"EUR","og_availability":"out of stock","product_availability":"out of stock","product_condition":"new"},"_links":{"self":[{"href":"https:\/\/iberoid.com\/pt\/wp-json\/wp\/v2\/product\/5358","targetHints":{"allow":["GET"]}}],"collection":[{"href":"https:\/\/iberoid.com\/pt\/wp-json\/wp\/v2\/product"}],"about":[{"href":"https:\/\/iberoid.com\/pt\/wp-json\/wp\/v2\/types\/product"}],"replies":[{"embeddable":true,"href":"https:\/\/iberoid.com\/pt\/wp-json\/wp\/v2\/comments?post=5358"}],"wp:featuredmedia":[{"embeddable":true,"href":"https:\/\/iberoid.com\/pt\/wp-json\/wp\/v2\/media\/5359"}],"wp:attachment":[{"href":"https:\/\/iberoid.com\/pt\/wp-json\/wp\/v2\/media?parent=5358"}],"wp:term":[{"taxonomy":"product_brand","embeddable":true,"href":"https:\/\/iberoid.com\/pt\/wp-json\/wp\/v2\/product_brand?post=5358"},{"taxonomy":"product_cat","embeddable":true,"href":"https:\/\/iberoid.com\/pt\/wp-json\/wp\/v2\/product_cat?post=5358"},{"taxonomy":"product_tag","embeddable":true,"href":"https:\/\/iberoid.com\/pt\/wp-json\/wp\/v2\/product_tag?post=5358"}],"curies":[{"name":"wp","href":"https:\/\/api.w.org\/{rel}","templated":true}]}}