{"id":5378,"date":"2020-10-10T11:48:16","date_gmt":"2020-10-10T11:48:16","guid":{"rendered":"https:\/\/iberoid.com\/?post_type=product&#038;p=5378"},"modified":"2023-03-21T15:17:51","modified_gmt":"2023-03-21T15:17:51","slug":"trenbolone-forte-200mg","status":"publish","type":"product","link":"https:\/\/iberoid.com\/pt\/product\/trenbolone-forte-200mg\/","title":{"rendered":"TRENBOLONE FORTE 2"},"content":{"rendered":"<p>Nome do produto: Trenbolone Forte<br \/>\nFabricante: SP Laboratories<br \/>\nApresenta\u00e7\u00e3o: 10ml 200mg \/ ml<br \/>\nSubst\u00e2ncia qu\u00edmica ativa: enantato de trembolona<\/p>\n<p>Trenbolone Forte uma forma de a\u00e7\u00e3o prolongada do medicamento mais eficaz j\u00e1 fabricado. \u00c9 altamente valorizado por sua capacidade de aumentar a dureza muscular, defini\u00e7\u00e3o e for\u00e7a bruta, sem reten\u00e7\u00e3o de \u00e1gua indesejada e ganhos de massa gorda. A forma ir\u00e1 fornecer-lhe uma explos\u00e3o de poder e for\u00e7a entre com crescimento substancial de massa muscular de qualidade dentro de muitas semanas!<\/p>\n<p>Com meia-vida de cerca de 5 dias, possui libera\u00e7\u00e3o lenta destinada a longos ciclos.<\/p>\n<p>Dosagem: Homens 200-600 mg \/ semana.<\/p>\n<p>A trembolona Enentat \u00e9 a forma mais recente de trembolona desenvolvida em meados de 2004. Em ess\u00eancia, \u00e9 uma nova forma de Parabolan, usando o \u00e9ster ENET em vez do hexahidroxibenzilcarbonat. Esta forma de trembolona \u00e9 muito eficaz. At\u00e9 agora a \u00fanica forma dispon\u00edvel era a de acetato de trembolona, \u200b\u200be sua efici\u00eancia, mas com uma a\u00e7\u00e3o muito r\u00e1pida. O enantato de trembolona \u00e9 liberado lentamente na corrente sangu\u00ednea, tornando-se uma \u00f3tima alternativa para inje\u00e7\u00f5es frequentes de acetato de trembolona.<\/p>","protected":false},"excerpt":{"rendered":"<p>Nome do produto: Trenbolone Forte Fabricante: SP Laboratories Apresenta\u00e7\u00e3o: 10ml 200mg \/ ml Subst\u00e2ncia qu\u00edmica ativa: enantato de trembolona Trenbolone<\/p>\n","protected":false},"featured_media":5379,"comment_status":"open","ping_status":"closed","template":"","meta":[],"product_brand":[],"product_cat":[69],"product_tag":[],"class_list":{"0":"post-5378","1":"product","2":"type-product","3":"status-publish","4":"has-post-thumbnail","6":"product_cat-esteroides_inyectables","8":"first","9":"outofstock","10":"sale","11":"shipping-taxable","12":"purchasable","13":"product-type-simple"},"yoast_head":"<!-- This site is optimized with the Yoast SEO Premium plugin v24.4 (Yoast SEO v27.3) - https:\/\/yoast.com\/product\/yoast-seo-premium-wordpress\/ -->\n<title>TRENBOLONE FORTE 2 - Ester\u00f3ides Online<\/title>\n<meta name=\"robots\" content=\"index, follow, max-snippet:-1, max-image-preview:large, max-video-preview:-1\" \/>\n<link rel=\"canonical\" href=\"https:\/\/iberoid.com\/pt\/product\/trenbolone-forte-200mg\/\" \/>\n<meta property=\"og:locale\" content=\"pt_PT\" \/>\n<meta property=\"og:type\" content=\"article\" \/>\n<meta property=\"og:title\" content=\"TRENBOLONE FORTE 2\" \/>\n<meta property=\"og:description\" content=\"Nome do produto: Trenbolone Forte Fabricante: SP Laboratories Apresenta\u00e7\u00e3o: 10ml 200mg \/ ml Subst\u00e2ncia qu\u00edmica ativa: enantato de trembolona Trenbolone\" \/>\n<meta property=\"og:url\" content=\"https:\/\/iberoid.com\/pt\/product\/trenbolone-forte-200mg\/\" \/>\n<meta property=\"og:site_name\" content=\"Ester\u00f3ides Online\" \/>\n<meta property=\"article:modified_time\" content=\"2023-03-21T15:17:51+00:00\" \/>\n<meta property=\"og:image\" content=\"https:\/\/iberoid.com\/wp-content\/uploads\/2020\/10\/trenbo.jpg?v=1678120086\" \/>\n\t<meta property=\"og:image:width\" content=\"388\" \/>\n\t<meta property=\"og:image:height\" content=\"388\" \/>\n\t<meta property=\"og:image:type\" content=\"image\/jpeg\" \/>\n<meta name=\"twitter:card\" content=\"summary_large_image\" \/>\n<meta name=\"twitter:label1\" content=\"pre\u00e7o\" \/>\n\t<meta name=\"twitter:data1\" content=\"&euro;80.00\" \/>\n\t<meta name=\"twitter:label2\" content=\"Disponibilidade\" \/>\n\t<meta name=\"twitter:data2\" content=\"Esgotado\" \/>\n<script type=\"application\/ld+json\" class=\"yoast-schema-graph\">{\"@context\":\"https:\\\/\\\/schema.org\",\"@graph\":[{\"@type\":\"WebPage\",\"@id\":\"https:\\\/\\\/iberoid.com\\\/pt\\\/product\\\/trenbolone-forte-200mg\\\/\",\"url\":\"https:\\\/\\\/iberoid.com\\\/pt\\\/product\\\/trenbolone-forte-200mg\\\/\",\"name\":\"TRENBOLONE FORTE 2 - Ester\u00f3ides Online\",\"isPartOf\":{\"@id\":\"https:\\\/\\\/iberoid.com\\\/pt\\\/#website\"},\"primaryImageOfPage\":{\"@id\":\"https:\\\/\\\/iberoid.com\\\/pt\\\/product\\\/trenbolone-forte-200mg\\\/#primaryimage\"},\"image\":{\"@id\":\"https:\\\/\\\/iberoid.com\\\/pt\\\/product\\\/trenbolone-forte-200mg\\\/#primaryimage\"},\"thumbnailUrl\":\"https:\\\/\\\/iberoid.com\\\/wp-content\\\/uploads\\\/2020\\\/10\\\/trenbo.jpg?v=1678120086\",\"datePublished\":\"2020-10-10T11:48:16+00:00\",\"dateModified\":\"2023-03-21T15:17:51+00:00\",\"breadcrumb\":{\"@id\":\"https:\\\/\\\/iberoid.com\\\/pt\\\/product\\\/trenbolone-forte-200mg\\\/#breadcrumb\"},\"inLanguage\":\"pt-PT\",\"potentialAction\":[{\"@type\":\"ReadAction\",\"target\":[[\"https:\\\/\\\/iberoid.com\\\/pt\\\/product\\\/trenbolone-forte-200mg\\\/\"]]}]},{\"@type\":\"ImageObject\",\"inLanguage\":\"pt-PT\",\"@id\":\"https:\\\/\\\/iberoid.com\\\/pt\\\/product\\\/trenbolone-forte-200mg\\\/#primaryimage\",\"url\":\"https:\\\/\\\/iberoid.com\\\/wp-content\\\/uploads\\\/2020\\\/10\\\/trenbo.jpg?v=1678120086\",\"contentUrl\":\"https:\\\/\\\/iberoid.com\\\/wp-content\\\/uploads\\\/2020\\\/10\\\/trenbo.jpg?v=1678120086\",\"width\":388,\"height\":388},{\"@type\":\"BreadcrumbList\",\"@id\":\"https:\\\/\\\/iberoid.com\\\/pt\\\/product\\\/trenbolone-forte-200mg\\\/#breadcrumb\",\"itemListElement\":[{\"@type\":\"ListItem\",\"position\":1,\"name\":\"Portada\",\"item\":\"https:\\\/\\\/iberoid.com\\\/pt\\\/\"},{\"@type\":\"ListItem\",\"position\":2,\"name\":\"Loja\",\"item\":\"https:\\\/\\\/iberoid.com\\\/pt\\\/shop\\\/\"},{\"@type\":\"ListItem\",\"position\":3,\"name\":\"TRENBOLONE FORTE 2\"}]},{\"@type\":\"WebSite\",\"@id\":\"https:\\\/\\\/iberoid.com\\\/pt\\\/#website\",\"url\":\"https:\\\/\\\/iberoid.com\\\/pt\\\/\",\"name\":\"Ester\u00f3ides Online\",\"description\":\"Compre ester\u00f3ides online hoje em Espanha e Portugal. Temos o melhor servi\u00e7o ao cliente do setor e produtos da mais alta qualidade\",\"potentialAction\":[{\"@type\":\"SearchAction\",\"target\":{\"@type\":\"EntryPoint\",\"urlTemplate\":\"https:\\\/\\\/iberoid.com\\\/pt\\\/?s={search_term_string}\"},\"query-input\":{\"@type\":\"PropertyValueSpecification\",\"valueRequired\":true,\"valueName\":\"search_term_string\"}}],\"inLanguage\":\"pt-PT\"}]}<\/script>\n<meta property=\"product:brand\" content=\"SP Laboratories\" \/>\n<meta property=\"product:price:amount\" content=\"80.00\" \/>\n<meta property=\"product:price:currency\" content=\"EUR\" \/>\n<meta property=\"og:availability\" content=\"out of stock\" \/>\n<meta property=\"product:availability\" content=\"out of stock\" \/>\n<meta property=\"product:condition\" content=\"new\" \/>\n<!-- \/ Yoast SEO Premium plugin. -->","yoast_head_json":{"title":"TRENBOLONE FORTE 2 - Ester\u00f3ides Online","robots":{"index":"index","follow":"follow","max-snippet":"max-snippet:-1","max-image-preview":"max-image-preview:large","max-video-preview":"max-video-preview:-1"},"canonical":"https:\/\/iberoid.com\/pt\/product\/trenbolone-forte-200mg\/","og_locale":"pt_PT","og_type":"article","og_title":"TRENBOLONE FORTE 2","og_description":"Nome do produto: Trenbolone Forte Fabricante: SP Laboratories Apresenta\u00e7\u00e3o: 10ml 200mg \/ ml Subst\u00e2ncia qu\u00edmica ativa: enantato de trembolona Trenbolone","og_url":"https:\/\/iberoid.com\/pt\/product\/trenbolone-forte-200mg\/","og_site_name":"Ester\u00f3ides Online","article_modified_time":"2023-03-21T15:17:51+00:00","og_image":[{"width":388,"height":388,"url":"https:\/\/iberoid.com\/wp-content\/uploads\/2020\/10\/trenbo.jpg?v=1678120086","type":"image\/jpeg"}],"twitter_card":"summary_large_image","twitter_misc":{"pre\u00e7o":"&euro;80.00","Disponibilidade":"Esgotado"},"schema":{"@context":"https:\/\/schema.org","@graph":[{"@type":"WebPage","@id":"https:\/\/iberoid.com\/pt\/product\/trenbolone-forte-200mg\/","url":"https:\/\/iberoid.com\/pt\/product\/trenbolone-forte-200mg\/","name":"TRENBOLONE FORTE 2 - Ester\u00f3ides Online","isPartOf":{"@id":"https:\/\/iberoid.com\/pt\/#website"},"primaryImageOfPage":{"@id":"https:\/\/iberoid.com\/pt\/product\/trenbolone-forte-200mg\/#primaryimage"},"image":{"@id":"https:\/\/iberoid.com\/pt\/product\/trenbolone-forte-200mg\/#primaryimage"},"thumbnailUrl":"https:\/\/iberoid.com\/wp-content\/uploads\/2020\/10\/trenbo.jpg?v=1678120086","datePublished":"2020-10-10T11:48:16+00:00","dateModified":"2023-03-21T15:17:51+00:00","breadcrumb":{"@id":"https:\/\/iberoid.com\/pt\/product\/trenbolone-forte-200mg\/#breadcrumb"},"inLanguage":"pt-PT","potentialAction":[{"@type":"ReadAction","target":[["https:\/\/iberoid.com\/pt\/product\/trenbolone-forte-200mg\/"]]}]},{"@type":"ImageObject","inLanguage":"pt-PT","@id":"https:\/\/iberoid.com\/pt\/product\/trenbolone-forte-200mg\/#primaryimage","url":"https:\/\/iberoid.com\/wp-content\/uploads\/2020\/10\/trenbo.jpg?v=1678120086","contentUrl":"https:\/\/iberoid.com\/wp-content\/uploads\/2020\/10\/trenbo.jpg?v=1678120086","width":388,"height":388},{"@type":"BreadcrumbList","@id":"https:\/\/iberoid.com\/pt\/product\/trenbolone-forte-200mg\/#breadcrumb","itemListElement":[{"@type":"ListItem","position":1,"name":"Portada","item":"https:\/\/iberoid.com\/pt\/"},{"@type":"ListItem","position":2,"name":"Loja","item":"https:\/\/iberoid.com\/pt\/shop\/"},{"@type":"ListItem","position":3,"name":"TRENBOLONE FORTE 2"}]},{"@type":"WebSite","@id":"https:\/\/iberoid.com\/pt\/#website","url":"https:\/\/iberoid.com\/pt\/","name":"Ester\u00f3ides Online","description":"Compre ester\u00f3ides online hoje em Espanha e Portugal. Temos o melhor servi\u00e7o ao cliente do setor e produtos da mais alta qualidade","potentialAction":[{"@type":"SearchAction","target":{"@type":"EntryPoint","urlTemplate":"https:\/\/iberoid.com\/pt\/?s={search_term_string}"},"query-input":{"@type":"PropertyValueSpecification","valueRequired":true,"valueName":"search_term_string"}}],"inLanguage":"pt-PT"}]},"product_brand":"SP Laboratories","product_price_amount":"80.00","product_price_currency":"EUR","og_availability":"out of stock","product_availability":"out of stock","product_condition":"new"},"_links":{"self":[{"href":"https:\/\/iberoid.com\/pt\/wp-json\/wp\/v2\/product\/5378","targetHints":{"allow":["GET"]}}],"collection":[{"href":"https:\/\/iberoid.com\/pt\/wp-json\/wp\/v2\/product"}],"about":[{"href":"https:\/\/iberoid.com\/pt\/wp-json\/wp\/v2\/types\/product"}],"replies":[{"embeddable":true,"href":"https:\/\/iberoid.com\/pt\/wp-json\/wp\/v2\/comments?post=5378"}],"wp:featuredmedia":[{"embeddable":true,"href":"https:\/\/iberoid.com\/pt\/wp-json\/wp\/v2\/media\/5379"}],"wp:attachment":[{"href":"https:\/\/iberoid.com\/pt\/wp-json\/wp\/v2\/media?parent=5378"}],"wp:term":[{"taxonomy":"product_brand","embeddable":true,"href":"https:\/\/iberoid.com\/pt\/wp-json\/wp\/v2\/product_brand?post=5378"},{"taxonomy":"product_cat","embeddable":true,"href":"https:\/\/iberoid.com\/pt\/wp-json\/wp\/v2\/product_cat?post=5378"},{"taxonomy":"product_tag","embeddable":true,"href":"https:\/\/iberoid.com\/pt\/wp-json\/wp\/v2\/product_tag?post=5378"}],"curies":[{"name":"wp","href":"https:\/\/api.w.org\/{rel}","templated":true}]}}