{"id":5382,"date":"2020-10-10T11:54:33","date_gmt":"2020-10-10T11:54:33","guid":{"rendered":"https:\/\/iberoid.com\/?post_type=product&#038;p=5382"},"modified":"2021-12-01T18:25:02","modified_gmt":"2021-12-01T18:25:02","slug":"sp-drostanol200-mg-drostanolone-enanthate","status":"publish","type":"product","link":"https:\/\/iberoid.com\/pt\/product\/sp-drostanol200-mg-drostanolone-enanthate\/","title":{"rendered":"SP DROSTANOL 200 mg"},"content":{"rendered":"<p>Nome do produto: Drostanol<\/p>\n<p>Fabricante: SP Laboratories<\/p>\n<p>Apresenta\u00e7\u00e3o: 10ml 100mg \/ ml<\/p>\n<p>Qu\u00edmico ativo: enantato de drostanolona<\/p>\n<p>A drostanolona \u00e9 um derivado da diidrotestosterona, com um andr\u00f3geno anab\u00f3lico forte e moderado. N\u00e3o se converte em estrog\u00eanio, ent\u00e3o a reten\u00e7\u00e3o de \u00e1gua e a ginecomastia n\u00e3o s\u00e3o um problema. Na verdade, Masteron parece ter um efeito antiestrog\u00eanico, agindo como Proviron, a esse respeito. Masteron \u00e9 muito \u00fatil para defini\u00e7\u00e3o e \u00eanfase, ele tem sido usado por muitas semanas antes das competi\u00e7\u00f5es. Ele tamb\u00e9m tem um efeito anab\u00f3lico podendo ser usado com sucesso satisfat\u00f3rio para ganhar m\u00fasculos de qualidade. Pode ser combinado com outros ester\u00f3ides para grandes ganhos. A associa\u00e7\u00e3o com Deca-Durabolin ou Equipoise, leva a ganhos substanciais sem reten\u00e7\u00e3o excessiva de \u00e1gua.<\/p>\n<p>Outra associa\u00e7\u00e3o \u00e9 com Dianabol ou testosterona injet\u00e1vel, castrigurile msuculara a grande massa sem reten\u00e7\u00e3o excessiva de \u00e1gua.<br \/>\nPara defini\u00e7\u00e3o, pode ser combinado com Winstrol, Priomobolan ou Oxandrolon, que passaria pela \u00e1rea muscular e perda de gordura.<br \/>\nA dosagem \u00e9 de 2 ml (100 mg) de Masteron a cada 2-3 dias. Portanto, a dose semanal \u00e9 de 200-350 mg em algum lugar.<\/p>\n<p>Os efeitos colaterais deste ester\u00f3ide s\u00e3o leves. Como eu disse anteriormente, a ginecomastia e a reten\u00e7\u00e3o de l\u00edquidos n\u00e3o s\u00e3o problema. Sem press\u00e3o alta n\u00e3o deve nos dar problemas, porque devido aos baixos n\u00edveis de estrog\u00eanio n\u00e3o aparece. Masteron n\u00e3o \u00e9 hepatot\u00f3xico, mesmo quando usado por longos per\u00edodos de tempo. Os \u00fanicos efeitos adversos que podem ocorrer s\u00e3o: pele oleosa, acne, aumento dos pelos faciais e corporais mais r\u00e1pidos, agress\u00e3o e queda dos cabelos, se houver predisposi\u00e7\u00e3o gen\u00e9tica. Portanto, aqueles que sabem que t\u00eam um hist\u00f3rico familiar de calv\u00edcie fariam bem em tomar cuidado com Masteron.<\/p>\n<p>A f\u00e1brica n\u00e3o \u00e9 mais a Masteron, ent\u00e3o todos os produtos dispon\u00edveis com este nome s\u00e3o falsos.<br \/>\nA empresa British Dragon reintroduziu esta prepara\u00e7\u00e3o como o mercado em 2003 Mastabol. Existem tamb\u00e9m muitos laborat\u00f3rios subterr\u00e2neos que produzem produtos \u00e0 base de propionato de drostanolon, mas se voc\u00ea acredita ou n\u00e3o em tais produtos \u00e9 sua decis\u00e3o.<\/p>","protected":false},"excerpt":{"rendered":"<p>Nome do produto: Drostanol Fabricante: SP Laboratories Apresenta\u00e7\u00e3o: 10ml 100mg \/ ml Qu\u00edmico ativo: enantato de drostanolona A drostanolona \u00e9<\/p>\n","protected":false},"featured_media":5383,"comment_status":"open","ping_status":"closed","template":"","meta":[],"product_brand":[],"product_cat":[69],"product_tag":[],"class_list":{"0":"post-5382","1":"product","2":"type-product","3":"status-publish","4":"has-post-thumbnail","6":"product_cat-esteroides_inyectables","8":"first","9":"outofstock","10":"sale","11":"shipping-taxable","12":"purchasable","13":"product-type-simple"},"yoast_head":"<!-- This site is optimized with the Yoast SEO Premium plugin v24.4 (Yoast SEO v27.0) - https:\/\/yoast.com\/product\/yoast-seo-premium-wordpress\/ -->\n<title>SP DROSTANOL 200 mg - Ester\u00f3ides Online<\/title>\n<meta name=\"robots\" content=\"index, follow, max-snippet:-1, max-image-preview:large, max-video-preview:-1\" \/>\n<link rel=\"canonical\" href=\"https:\/\/iberoid.com\/pt\/product\/sp-drostanol200-mg-drostanolone-enanthate\/\" \/>\n<meta property=\"og:locale\" content=\"pt_PT\" \/>\n<meta property=\"og:type\" content=\"article\" \/>\n<meta property=\"og:title\" content=\"SP DROSTANOL 200 mg\" \/>\n<meta property=\"og:description\" content=\"Nome do produto: Drostanol Fabricante: SP Laboratories Apresenta\u00e7\u00e3o: 10ml 100mg \/ ml Qu\u00edmico ativo: enantato de drostanolona A drostanolona \u00e9\" \/>\n<meta property=\"og:url\" content=\"https:\/\/iberoid.com\/pt\/product\/sp-drostanol200-mg-drostanolone-enanthate\/\" \/>\n<meta property=\"og:site_name\" content=\"Ester\u00f3ides Online\" \/>\n<meta property=\"article:modified_time\" content=\"2021-12-01T18:25:02+00:00\" \/>\n<meta property=\"og:image\" content=\"https:\/\/iberoid.com\/wp-content\/uploads\/2020\/10\/drosta.jpg?v=1678120085\" \/>\n\t<meta property=\"og:image:width\" content=\"388\" \/>\n\t<meta property=\"og:image:height\" content=\"388\" \/>\n\t<meta property=\"og:image:type\" content=\"image\/jpeg\" \/>\n<meta name=\"twitter:card\" content=\"summary_large_image\" \/>\n<meta name=\"twitter:label1\" content=\"pre\u00e7o\" \/>\n\t<meta name=\"twitter:data1\" content=\"&euro;65.00\" \/>\n\t<meta name=\"twitter:label2\" content=\"Disponibilidade\" \/>\n\t<meta name=\"twitter:data2\" content=\"Esgotado\" \/>\n<script type=\"application\/ld+json\" class=\"yoast-schema-graph\">{\"@context\":\"https:\/\/schema.org\",\"@graph\":[{\"@type\":\"WebPage\",\"@id\":\"https:\/\/iberoid.com\/pt\/product\/sp-drostanol200-mg-drostanolone-enanthate\/\",\"url\":\"https:\/\/iberoid.com\/pt\/product\/sp-drostanol200-mg-drostanolone-enanthate\/\",\"name\":\"SP DROSTANOL 200 mg - Ester\u00f3ides Online\",\"isPartOf\":{\"@id\":\"https:\/\/iberoid-shop.com\/#website\"},\"primaryImageOfPage\":{\"@id\":\"https:\/\/iberoid.com\/pt\/product\/sp-drostanol200-mg-drostanolone-enanthate\/#primaryimage\"},\"image\":{\"@id\":\"https:\/\/iberoid.com\/pt\/product\/sp-drostanol200-mg-drostanolone-enanthate\/#primaryimage\"},\"thumbnailUrl\":\"https:\/\/iberoid.com\/wp-content\/uploads\/2020\/10\/drosta.jpg?v=1678120085\",\"datePublished\":\"2020-10-10T11:54:33+00:00\",\"dateModified\":\"2021-12-01T18:25:02+00:00\",\"breadcrumb\":{\"@id\":\"https:\/\/iberoid.com\/pt\/product\/sp-drostanol200-mg-drostanolone-enanthate\/#breadcrumb\"},\"inLanguage\":\"pt-PT\",\"potentialAction\":[{\"@type\":\"ReadAction\",\"target\":[[\"https:\/\/iberoid.com\/pt\/product\/sp-drostanol200-mg-drostanolone-enanthate\/\"]]}]},{\"@type\":\"ImageObject\",\"inLanguage\":\"pt-PT\",\"@id\":\"https:\/\/iberoid.com\/pt\/product\/sp-drostanol200-mg-drostanolone-enanthate\/#primaryimage\",\"url\":\"https:\/\/iberoid.com\/wp-content\/uploads\/2020\/10\/drosta.jpg?v=1678120085\",\"contentUrl\":\"https:\/\/iberoid.com\/wp-content\/uploads\/2020\/10\/drosta.jpg?v=1678120085\",\"width\":388,\"height\":388},{\"@type\":\"BreadcrumbList\",\"@id\":\"https:\/\/iberoid.com\/pt\/product\/sp-drostanol200-mg-drostanolone-enanthate\/#breadcrumb\",\"itemListElement\":[{\"@type\":\"ListItem\",\"position\":1,\"name\":\"Portada\",\"item\":\"https:\/\/iberoid.com\/pt\/\"},{\"@type\":\"ListItem\",\"position\":2,\"name\":\"Loja\",\"item\":\"https:\/\/iberoid.com\/pt\/shop\/\"},{\"@type\":\"ListItem\",\"position\":3,\"name\":\"SP DROSTANOL 200 mg\"}]},{\"@type\":\"WebSite\",\"@id\":\"https:\/\/iberoid-shop.com\/#website\",\"url\":\"https:\/\/iberoid-shop.com\/\",\"name\":\"Ester\u00f3ides Online\",\"description\":\"Compre ester\u00f3ides online hoje em Espanha e Portugal. Temos o melhor servi\u00e7o ao cliente do setor e produtos da mais alta qualidade\",\"potentialAction\":[{\"@type\":\"SearchAction\",\"target\":{\"@type\":\"EntryPoint\",\"urlTemplate\":\"https:\/\/iberoid-shop.com\/?s={search_term_string}\"},\"query-input\":{\"@type\":\"PropertyValueSpecification\",\"valueRequired\":true,\"valueName\":\"search_term_string\"}}],\"inLanguage\":\"pt-PT\"}]}<\/script>\n<meta property=\"product:brand\" content=\"SP Laboratories\" \/>\n<meta property=\"product:price:amount\" content=\"65.00\" \/>\n<meta property=\"product:price:currency\" content=\"EUR\" \/>\n<meta property=\"og:availability\" content=\"out of stock\" \/>\n<meta property=\"product:availability\" content=\"out of stock\" \/>\n<meta property=\"product:condition\" content=\"new\" \/>\n<!-- \/ Yoast SEO Premium plugin. -->","yoast_head_json":{"title":"SP DROSTANOL 200 mg - Ester\u00f3ides Online","robots":{"index":"index","follow":"follow","max-snippet":"max-snippet:-1","max-image-preview":"max-image-preview:large","max-video-preview":"max-video-preview:-1"},"canonical":"https:\/\/iberoid.com\/pt\/product\/sp-drostanol200-mg-drostanolone-enanthate\/","og_locale":"pt_PT","og_type":"article","og_title":"SP DROSTANOL 200 mg","og_description":"Nome do produto: Drostanol Fabricante: SP Laboratories Apresenta\u00e7\u00e3o: 10ml 100mg \/ ml Qu\u00edmico ativo: enantato de drostanolona A drostanolona \u00e9","og_url":"https:\/\/iberoid.com\/pt\/product\/sp-drostanol200-mg-drostanolone-enanthate\/","og_site_name":"Ester\u00f3ides Online","article_modified_time":"2021-12-01T18:25:02+00:00","og_image":[{"width":388,"height":388,"url":"https:\/\/iberoid.com\/wp-content\/uploads\/2020\/10\/drosta.jpg?v=1678120085","type":"image\/jpeg"}],"twitter_card":"summary_large_image","twitter_misc":{"pre\u00e7o":"&euro;65.00","Disponibilidade":"Esgotado"},"schema":{"@context":"https:\/\/schema.org","@graph":[{"@type":"WebPage","@id":"https:\/\/iberoid.com\/pt\/product\/sp-drostanol200-mg-drostanolone-enanthate\/","url":"https:\/\/iberoid.com\/pt\/product\/sp-drostanol200-mg-drostanolone-enanthate\/","name":"SP DROSTANOL 200 mg - Ester\u00f3ides Online","isPartOf":{"@id":"https:\/\/iberoid-shop.com\/#website"},"primaryImageOfPage":{"@id":"https:\/\/iberoid.com\/pt\/product\/sp-drostanol200-mg-drostanolone-enanthate\/#primaryimage"},"image":{"@id":"https:\/\/iberoid.com\/pt\/product\/sp-drostanol200-mg-drostanolone-enanthate\/#primaryimage"},"thumbnailUrl":"https:\/\/iberoid.com\/wp-content\/uploads\/2020\/10\/drosta.jpg?v=1678120085","datePublished":"2020-10-10T11:54:33+00:00","dateModified":"2021-12-01T18:25:02+00:00","breadcrumb":{"@id":"https:\/\/iberoid.com\/pt\/product\/sp-drostanol200-mg-drostanolone-enanthate\/#breadcrumb"},"inLanguage":"pt-PT","potentialAction":[{"@type":"ReadAction","target":[["https:\/\/iberoid.com\/pt\/product\/sp-drostanol200-mg-drostanolone-enanthate\/"]]}]},{"@type":"ImageObject","inLanguage":"pt-PT","@id":"https:\/\/iberoid.com\/pt\/product\/sp-drostanol200-mg-drostanolone-enanthate\/#primaryimage","url":"https:\/\/iberoid.com\/wp-content\/uploads\/2020\/10\/drosta.jpg?v=1678120085","contentUrl":"https:\/\/iberoid.com\/wp-content\/uploads\/2020\/10\/drosta.jpg?v=1678120085","width":388,"height":388},{"@type":"BreadcrumbList","@id":"https:\/\/iberoid.com\/pt\/product\/sp-drostanol200-mg-drostanolone-enanthate\/#breadcrumb","itemListElement":[{"@type":"ListItem","position":1,"name":"Portada","item":"https:\/\/iberoid.com\/pt\/"},{"@type":"ListItem","position":2,"name":"Loja","item":"https:\/\/iberoid.com\/pt\/shop\/"},{"@type":"ListItem","position":3,"name":"SP DROSTANOL 200 mg"}]},{"@type":"WebSite","@id":"https:\/\/iberoid-shop.com\/#website","url":"https:\/\/iberoid-shop.com\/","name":"Ester\u00f3ides Online","description":"Compre ester\u00f3ides online hoje em Espanha e Portugal. Temos o melhor servi\u00e7o ao cliente do setor e produtos da mais alta qualidade","potentialAction":[{"@type":"SearchAction","target":{"@type":"EntryPoint","urlTemplate":"https:\/\/iberoid-shop.com\/?s={search_term_string}"},"query-input":{"@type":"PropertyValueSpecification","valueRequired":true,"valueName":"search_term_string"}}],"inLanguage":"pt-PT"}]},"product_brand":"SP Laboratories","product_price_amount":"65.00","product_price_currency":"EUR","og_availability":"out of stock","product_availability":"out of stock","product_condition":"new"},"_links":{"self":[{"href":"https:\/\/iberoid.com\/pt\/wp-json\/wp\/v2\/product\/5382","targetHints":{"allow":["GET"]}}],"collection":[{"href":"https:\/\/iberoid.com\/pt\/wp-json\/wp\/v2\/product"}],"about":[{"href":"https:\/\/iberoid.com\/pt\/wp-json\/wp\/v2\/types\/product"}],"replies":[{"embeddable":true,"href":"https:\/\/iberoid.com\/pt\/wp-json\/wp\/v2\/comments?post=5382"}],"wp:featuredmedia":[{"embeddable":true,"href":"https:\/\/iberoid.com\/pt\/wp-json\/wp\/v2\/media\/5383"}],"wp:attachment":[{"href":"https:\/\/iberoid.com\/pt\/wp-json\/wp\/v2\/media?parent=5382"}],"wp:term":[{"taxonomy":"product_brand","embeddable":true,"href":"https:\/\/iberoid.com\/pt\/wp-json\/wp\/v2\/product_brand?post=5382"},{"taxonomy":"product_cat","embeddable":true,"href":"https:\/\/iberoid.com\/pt\/wp-json\/wp\/v2\/product_cat?post=5382"},{"taxonomy":"product_tag","embeddable":true,"href":"https:\/\/iberoid.com\/pt\/wp-json\/wp\/v2\/product_tag?post=5382"}],"curies":[{"name":"wp","href":"https:\/\/api.w.org\/{rel}","templated":true}]}}