{"id":5410,"date":"2020-10-31T12:00:53","date_gmt":"2020-10-31T12:00:53","guid":{"rendered":"https:\/\/iberoid.com\/?post_type=product&#038;p=5410"},"modified":"2026-01-25T15:06:51","modified_gmt":"2026-01-25T15:06:51","slug":"humatrope-72-iu","status":"publish","type":"product","link":"https:\/\/iberoid.com\/pt\/product\/humatrope-72-iu\/","title":{"rendered":"HUMATROPE 72 IU -FECHA:2025"},"content":{"rendered":"<p>Compre Humatrope 72IU online Est\u00e1 disposto a humatrope 72 UI 24 mg online? Quer saber onde comprar hgh para homens? Temos \u00e0 venda inje\u00e7\u00f5es de hgh de alta qualidade e suplementos de horm\u00f4nio de crescimento humano. Seja voc\u00ea um fisiculturista praticante ou um traficante de ester\u00f3ides e HGH, voc\u00ea deve estar procurando comprar inje\u00e7\u00f5es de HGH para homens. Bem aqui, voc\u00ea obt\u00e9m o melhor neg\u00f3cio em suplementos e p\u00edlulas de hgh legais e reais puros para venda.<\/p>\n<p>O Steroids Corner fornece as inje\u00e7\u00f5es legais de hgh puro para venda. N\u00e3o s\u00f3 voc\u00ea pode comprar facilmente suplementos de hgh reais e puros online aqui, mas tamb\u00e9m obter os grandes pacotes com um pre\u00e7o razo\u00e1vel de humatrope 72 iu 24 mg.<\/p>\n<p>O que \u00e9 o Humatrope 72 iu?<br \/>\nHumatrope 72 UI 24 mg \u00e9 a hormona de crescimento humana utilizada para manter o corpo em boa sa\u00fade e forma. A caneta Humatrope 72 UI \u00e9 uma hormona polipept\u00eddica derivada do rDNA com 191 amino\u00e1cidos de comprimento. Se voc\u00ea quiser comprar lilly humatrope 72 iu, podemos fornecer-lhe os melhores pacotes, pois temos caneta humatrope \u00e0 venda a bom pre\u00e7o.<\/p>\n<p>Compre Humatrope 72IU online<br \/>\nO Humatrope ajuda a aumentar o processo de regenera\u00e7\u00e3o celular do corpo. Novas c\u00e9lulas s\u00e3o os blocos de constru\u00e7\u00e3o da vida e, neste caso, s\u00e3o necess\u00e1rias para ajudar.<br \/>\nMantenha a integridade dos sistemas muscular e esquel\u00e9tico do corpo.<br \/>\nO Humatrope tamb\u00e9m ajuda a fortalecer o sistema imunol\u00f3gico, tornando o corpo menos suscet\u00edvel a resfriados e v\u00edrus.<br \/>\nDesempenho sexual, resist\u00eancia aumentada e n\u00edveis de energia mais elevados s\u00e3o benef\u00edcios adicionais do Humatrope para adultos.<br \/>\nUm risco aumentado de dem\u00eancia e doen\u00e7a de Alzheimer \u00e9 poss\u00edvel em casos de decl\u00ednio do horm\u00f4nio de crescimento humano.<br \/>\nA maioria das pessoas relata mudan\u00e7as positivas no humor e na perspectiva de tr\u00eas semanas ap\u00f3s o in\u00edcio das inje\u00e7\u00f5es de Humatrope.<\/p>\n<p>Compre Humatrope 72IU online<br \/>\nQuais s\u00e3o os efeitos colaterais do Humatrope?<br \/>\nComo o HGH humatrope 72 iu 24 mg \u00e9 muito eficaz, ele tem muitos efeitos colaterais na sobredosagem. Os poss\u00edveis efeitos colaterais s\u00e3o: problemas de vis\u00e3o, dores musculares e articulares,<br \/>\nv\u00f4mitos, fortes dores de est\u00f4mago, cansa\u00e7o, pele seca, dor de cabe\u00e7a, aumento da mic\u00e7\u00e3o e outros. Pode causar problemas renais e hep\u00e1ticos.<\/p>","protected":false},"excerpt":{"rendered":"<p>Compre Humatrope 72IU online Est\u00e1 disposto a humatrope 72 UI 24 mg online? Quer saber onde comprar hgh para homens?<\/p>\n","protected":false},"featured_media":5411,"comment_status":"open","ping_status":"closed","template":"","meta":[],"product_brand":[],"product_cat":[76],"product_tag":[],"class_list":{"0":"post-5410","1":"product","2":"type-product","3":"status-publish","4":"has-post-thumbnail","6":"product_cat-hgh_peptido","8":"first","9":"instock","10":"sale","11":"shipping-taxable","12":"purchasable","13":"product-type-simple"},"yoast_head":"<!-- This site is optimized with the Yoast SEO Premium plugin v24.4 (Yoast SEO v27.3) - https:\/\/yoast.com\/product\/yoast-seo-premium-wordpress\/ -->\n<title>HUMATROPE 72 IU -FECHA:2025 - Ester\u00f3ides Online<\/title>\n<meta name=\"description\" content=\"Humatrope 72IU \u00e9 um horm\u00f4nio do crescimento humano que estimula a regenera\u00e7\u00e3o celular, m\u00fasculos, sa\u00fade imunol\u00f3gica, energia e desempenho sexual.\" \/>\n<meta name=\"robots\" content=\"index, follow, max-snippet:-1, max-image-preview:large, max-video-preview:-1\" \/>\n<link rel=\"canonical\" href=\"https:\/\/iberoid.com\/pt\/product\/humatrope-72-iu\/\" \/>\n<meta property=\"og:locale\" content=\"pt_PT\" \/>\n<meta property=\"og:type\" content=\"article\" \/>\n<meta property=\"og:title\" content=\"HUMATROPE 72 IU -FECHA:2025\" \/>\n<meta property=\"og:description\" content=\"Humatrope 72IU \u00e9 um horm\u00f4nio do crescimento humano que estimula a regenera\u00e7\u00e3o celular, m\u00fasculos, sa\u00fade imunol\u00f3gica, energia e desempenho sexual.\" \/>\n<meta property=\"og:url\" content=\"https:\/\/iberoid.com\/pt\/product\/humatrope-72-iu\/\" \/>\n<meta property=\"og:site_name\" content=\"Ester\u00f3ides Online\" \/>\n<meta property=\"article:modified_time\" content=\"2026-01-25T15:06:51+00:00\" \/>\n<meta property=\"og:image\" content=\"https:\/\/iberoid.com\/wp-content\/uploads\/2020\/10\/humatrope2-768x768-2.jpg?v=1702425761\" \/>\n\t<meta property=\"og:image:width\" content=\"768\" \/>\n\t<meta property=\"og:image:height\" content=\"768\" \/>\n\t<meta property=\"og:image:type\" content=\"image\/jpeg\" \/>\n<meta name=\"twitter:card\" content=\"summary_large_image\" \/>\n<meta name=\"twitter:label1\" content=\"pre\u00e7o\" \/>\n\t<meta name=\"twitter:data1\" content=\"&euro;160.00\" \/>\n\t<meta name=\"twitter:label2\" content=\"Disponibilidade\" \/>\n\t<meta name=\"twitter:data2\" content=\"Em stock\" \/>\n<script type=\"application\/ld+json\" class=\"yoast-schema-graph\">{\"@context\":\"https:\\\/\\\/schema.org\",\"@graph\":[{\"@type\":\"WebPage\",\"@id\":\"https:\\\/\\\/iberoid.com\\\/pt\\\/product\\\/humatrope-72-iu\\\/\",\"url\":\"https:\\\/\\\/iberoid.com\\\/pt\\\/product\\\/humatrope-72-iu\\\/\",\"name\":\"HUMATROPE 72 IU -FECHA:2025 - Ester\u00f3ides Online\",\"isPartOf\":{\"@id\":\"https:\\\/\\\/iberoid-shop.com\\\/#website\"},\"primaryImageOfPage\":{\"@id\":\"https:\\\/\\\/iberoid.com\\\/pt\\\/product\\\/humatrope-72-iu\\\/#primaryimage\"},\"image\":{\"@id\":\"https:\\\/\\\/iberoid.com\\\/pt\\\/product\\\/humatrope-72-iu\\\/#primaryimage\"},\"thumbnailUrl\":\"https:\\\/\\\/iberoid.com\\\/wp-content\\\/uploads\\\/2020\\\/10\\\/humatrope2-768x768-2.jpg?v=1702425761\",\"datePublished\":\"2020-10-31T12:00:53+00:00\",\"dateModified\":\"2026-01-25T15:06:51+00:00\",\"description\":\"Humatrope 72IU \u00e9 um horm\u00f4nio do crescimento humano que estimula a regenera\u00e7\u00e3o celular, m\u00fasculos, sa\u00fade imunol\u00f3gica, energia e desempenho sexual.\",\"breadcrumb\":{\"@id\":\"https:\\\/\\\/iberoid.com\\\/pt\\\/product\\\/humatrope-72-iu\\\/#breadcrumb\"},\"inLanguage\":\"pt-PT\",\"potentialAction\":[{\"@type\":\"ReadAction\",\"target\":[[\"https:\\\/\\\/iberoid.com\\\/pt\\\/product\\\/humatrope-72-iu\\\/\"]]}]},{\"@type\":\"ImageObject\",\"inLanguage\":\"pt-PT\",\"@id\":\"https:\\\/\\\/iberoid.com\\\/pt\\\/product\\\/humatrope-72-iu\\\/#primaryimage\",\"url\":\"https:\\\/\\\/iberoid.com\\\/wp-content\\\/uploads\\\/2020\\\/10\\\/humatrope2-768x768-2.jpg?v=1702425761\",\"contentUrl\":\"https:\\\/\\\/iberoid.com\\\/wp-content\\\/uploads\\\/2020\\\/10\\\/humatrope2-768x768-2.jpg?v=1702425761\",\"width\":768,\"height\":768},{\"@type\":\"BreadcrumbList\",\"@id\":\"https:\\\/\\\/iberoid.com\\\/pt\\\/product\\\/humatrope-72-iu\\\/#breadcrumb\",\"itemListElement\":[{\"@type\":\"ListItem\",\"position\":1,\"name\":\"Portada\",\"item\":\"https:\\\/\\\/iberoid.com\\\/pt\\\/\"},{\"@type\":\"ListItem\",\"position\":2,\"name\":\"Loja\",\"item\":\"https:\\\/\\\/iberoid.com\\\/pt\\\/shop\\\/\"},{\"@type\":\"ListItem\",\"position\":3,\"name\":\"HUMATROPE 72 IU -FECHA:2025\"}]},{\"@type\":\"WebSite\",\"@id\":\"https:\\\/\\\/iberoid-shop.com\\\/#website\",\"url\":\"https:\\\/\\\/iberoid-shop.com\\\/\",\"name\":\"Ester\u00f3ides Online\",\"description\":\"Compre ester\u00f3ides online hoje em Espanha e Portugal. Temos o melhor servi\u00e7o ao cliente do setor e produtos da mais alta qualidade\",\"potentialAction\":[{\"@type\":\"SearchAction\",\"target\":{\"@type\":\"EntryPoint\",\"urlTemplate\":\"https:\\\/\\\/iberoid-shop.com\\\/?s={search_term_string}\"},\"query-input\":{\"@type\":\"PropertyValueSpecification\",\"valueRequired\":true,\"valueName\":\"search_term_string\"}}],\"inLanguage\":\"pt-PT\"}]}<\/script>\n<meta property=\"product:brand\" content=\"Lilly\" \/>\n<meta property=\"product:price:amount\" content=\"160.00\" \/>\n<meta property=\"product:price:currency\" content=\"EUR\" \/>\n<meta property=\"og:availability\" content=\"instock\" \/>\n<meta property=\"product:availability\" content=\"instock\" \/>\n<meta property=\"product:condition\" content=\"new\" \/>\n<!-- \/ Yoast SEO Premium plugin. -->","yoast_head_json":{"title":"HUMATROPE 72 IU -FECHA:2025 - Ester\u00f3ides Online","description":"Humatrope 72IU \u00e9 um horm\u00f4nio do crescimento humano que estimula a regenera\u00e7\u00e3o celular, m\u00fasculos, sa\u00fade imunol\u00f3gica, energia e desempenho sexual.","robots":{"index":"index","follow":"follow","max-snippet":"max-snippet:-1","max-image-preview":"max-image-preview:large","max-video-preview":"max-video-preview:-1"},"canonical":"https:\/\/iberoid.com\/pt\/product\/humatrope-72-iu\/","og_locale":"pt_PT","og_type":"article","og_title":"HUMATROPE 72 IU -FECHA:2025","og_description":"Humatrope 72IU \u00e9 um horm\u00f4nio do crescimento humano que estimula a regenera\u00e7\u00e3o celular, m\u00fasculos, sa\u00fade imunol\u00f3gica, energia e desempenho sexual.","og_url":"https:\/\/iberoid.com\/pt\/product\/humatrope-72-iu\/","og_site_name":"Ester\u00f3ides Online","article_modified_time":"2026-01-25T15:06:51+00:00","og_image":[{"width":768,"height":768,"url":"https:\/\/iberoid.com\/wp-content\/uploads\/2020\/10\/humatrope2-768x768-2.jpg?v=1702425761","type":"image\/jpeg"}],"twitter_card":"summary_large_image","twitter_misc":{"pre\u00e7o":"&euro;160.00","Disponibilidade":"Em stock"},"schema":{"@context":"https:\/\/schema.org","@graph":[{"@type":"WebPage","@id":"https:\/\/iberoid.com\/pt\/product\/humatrope-72-iu\/","url":"https:\/\/iberoid.com\/pt\/product\/humatrope-72-iu\/","name":"HUMATROPE 72 IU -FECHA:2025 - Ester\u00f3ides Online","isPartOf":{"@id":"https:\/\/iberoid-shop.com\/#website"},"primaryImageOfPage":{"@id":"https:\/\/iberoid.com\/pt\/product\/humatrope-72-iu\/#primaryimage"},"image":{"@id":"https:\/\/iberoid.com\/pt\/product\/humatrope-72-iu\/#primaryimage"},"thumbnailUrl":"https:\/\/iberoid.com\/wp-content\/uploads\/2020\/10\/humatrope2-768x768-2.jpg?v=1702425761","datePublished":"2020-10-31T12:00:53+00:00","dateModified":"2026-01-25T15:06:51+00:00","description":"Humatrope 72IU \u00e9 um horm\u00f4nio do crescimento humano que estimula a regenera\u00e7\u00e3o celular, m\u00fasculos, sa\u00fade imunol\u00f3gica, energia e desempenho sexual.","breadcrumb":{"@id":"https:\/\/iberoid.com\/pt\/product\/humatrope-72-iu\/#breadcrumb"},"inLanguage":"pt-PT","potentialAction":[{"@type":"ReadAction","target":[["https:\/\/iberoid.com\/pt\/product\/humatrope-72-iu\/"]]}]},{"@type":"ImageObject","inLanguage":"pt-PT","@id":"https:\/\/iberoid.com\/pt\/product\/humatrope-72-iu\/#primaryimage","url":"https:\/\/iberoid.com\/wp-content\/uploads\/2020\/10\/humatrope2-768x768-2.jpg?v=1702425761","contentUrl":"https:\/\/iberoid.com\/wp-content\/uploads\/2020\/10\/humatrope2-768x768-2.jpg?v=1702425761","width":768,"height":768},{"@type":"BreadcrumbList","@id":"https:\/\/iberoid.com\/pt\/product\/humatrope-72-iu\/#breadcrumb","itemListElement":[{"@type":"ListItem","position":1,"name":"Portada","item":"https:\/\/iberoid.com\/pt\/"},{"@type":"ListItem","position":2,"name":"Loja","item":"https:\/\/iberoid.com\/pt\/shop\/"},{"@type":"ListItem","position":3,"name":"HUMATROPE 72 IU -FECHA:2025"}]},{"@type":"WebSite","@id":"https:\/\/iberoid-shop.com\/#website","url":"https:\/\/iberoid-shop.com\/","name":"Ester\u00f3ides Online","description":"Compre ester\u00f3ides online hoje em Espanha e Portugal. Temos o melhor servi\u00e7o ao cliente do setor e produtos da mais alta qualidade","potentialAction":[{"@type":"SearchAction","target":{"@type":"EntryPoint","urlTemplate":"https:\/\/iberoid-shop.com\/?s={search_term_string}"},"query-input":{"@type":"PropertyValueSpecification","valueRequired":true,"valueName":"search_term_string"}}],"inLanguage":"pt-PT"}]},"product_brand":"Lilly","product_price_amount":"160.00","product_price_currency":"EUR","og_availability":"instock","product_availability":"instock","product_condition":"new"},"_links":{"self":[{"href":"https:\/\/iberoid.com\/pt\/wp-json\/wp\/v2\/product\/5410","targetHints":{"allow":["GET"]}}],"collection":[{"href":"https:\/\/iberoid.com\/pt\/wp-json\/wp\/v2\/product"}],"about":[{"href":"https:\/\/iberoid.com\/pt\/wp-json\/wp\/v2\/types\/product"}],"replies":[{"embeddable":true,"href":"https:\/\/iberoid.com\/pt\/wp-json\/wp\/v2\/comments?post=5410"}],"wp:featuredmedia":[{"embeddable":true,"href":"https:\/\/iberoid.com\/pt\/wp-json\/wp\/v2\/media\/5411"}],"wp:attachment":[{"href":"https:\/\/iberoid.com\/pt\/wp-json\/wp\/v2\/media?parent=5410"}],"wp:term":[{"taxonomy":"product_brand","embeddable":true,"href":"https:\/\/iberoid.com\/pt\/wp-json\/wp\/v2\/product_brand?post=5410"},{"taxonomy":"product_cat","embeddable":true,"href":"https:\/\/iberoid.com\/pt\/wp-json\/wp\/v2\/product_cat?post=5410"},{"taxonomy":"product_tag","embeddable":true,"href":"https:\/\/iberoid.com\/pt\/wp-json\/wp\/v2\/product_tag?post=5410"}],"curies":[{"name":"wp","href":"https:\/\/api.w.org\/{rel}","templated":true}]}}