{"id":5456,"date":"2020-11-22T12:14:18","date_gmt":"2020-11-22T12:14:18","guid":{"rendered":"https:\/\/iberoid.com\/?post_type=product&#038;p=5456"},"modified":"2024-10-26T09:49:10","modified_gmt":"2024-10-26T09:49:10","slug":"clomiged-clomiphene-citrate-100-pills-50-mg-tab","status":"publish","type":"product","link":"https:\/\/iberoid.com\/pt\/product\/clomiged-clomiphene-citrate-100-pills-50-mg-tab\/","title":{"rendered":"pak 5 blister Clomiged (clomiphene citrate) 100 pastillas50 mg \/ tab"},"content":{"rendered":"<p>Citrato de clomifeno \u00e9 normalmente prescrito para mulheres para ajudar na ovula\u00e7\u00e3o. Nos homens, a aplica\u00e7\u00e3o de Clomid causa uma eleva\u00e7\u00e3o do horm\u00f4nio fol\u00edculo estimulante e do horm\u00f4nio luteinizante. Como resultado, a produ\u00e7\u00e3o natural de testosterona tamb\u00e9m \u00e9 aumentada.<\/p>\n<p>Esse efeito \u00e9 obviamente ben\u00e9fico para o atleta, especialmente na conclus\u00e3o de um ciclo de ester\u00f3ides, quando os n\u00edveis de testosterona end\u00f3gena est\u00e3o abaixo do normal. Quando um atleta interrompe o uso de ester\u00f3ides, seus n\u00edveis de testosterona provavelmente ser\u00e3o suprimidos. Se os n\u00edveis de testosterona end\u00f3gena n\u00e3o forem normalizados, pode ocorrer uma perda dram\u00e1tica de tamanho e for\u00e7a. Clomid desempenha um papel crucial na preven\u00e7\u00e3o dessa queda no desempenho atl\u00e9tico.<\/p>\n<p>Fisiculturistas descobrem que uma ingest\u00e3o di\u00e1ria de 50-100 mg de citrato de clomifeno durante um per\u00edodo de duas semanas trar\u00e1 a produ\u00e7\u00e3o de testosterona end\u00f3gena de volta a um n\u00edvel aceit\u00e1vel. Clomid aumentar\u00e1 gradualmente os n\u00edveis de testosterona durante o per\u00edodo de ingest\u00e3o. Uma vez que um aumento imediato na testosterona \u00e9 freq\u00fcentemente desej\u00e1vel, o atleta normalmente usar\u00e1 HCG (gonadotrofina cor\u00f4nica humana) por algumas semanas e continuar\u00e1 o tratamento com Clomid.<\/p>\n<p>Clomid tamb\u00e9m \u00e9 eficaz como um antiestrog\u00eanio. A maioria dos atletas sofrer\u00e1 de um n\u00edvel elevado de estrog\u00eanio na conclus\u00e3o de um ciclo. Um alto n\u00edvel de estrog\u00eanio combinado com um baixo n\u00edvel de testosterona coloca o atleta em s\u00e9rio risco de desenvolver ginocomastia. Com a ingest\u00e3o de Clomid, o atleta obt\u00e9m o duplo efeito de bloquear alguns dos efeitos do estrog\u00eanio, ao mesmo tempo que aumenta a produ\u00e7\u00e3o de testosterona end\u00f3gena.<\/p>","protected":false},"excerpt":{"rendered":"<p>Citrato de clomifeno \u00e9 normalmente prescrito para mulheres para ajudar na ovula\u00e7\u00e3o. Nos homens, a aplica\u00e7\u00e3o de Clomid causa uma<\/p>\n","protected":false},"featured_media":5527,"comment_status":"open","ping_status":"closed","template":"","meta":[],"product_brand":[],"product_cat":[73,3474],"product_tag":[3488],"class_list":{"0":"post-5456","1":"product","2":"type-product","3":"status-publish","4":"has-post-thumbnail","6":"product_cat-ssteroides_orales","7":"product_cat-packs","8":"product_tag-clomiphene-citrate-100-pastillas50-mg-tab","10":"first","11":"outofstock","12":"sale","13":"shipping-taxable","14":"purchasable","15":"product-type-simple"},"yoast_head":"<!-- This site is optimized with the Yoast SEO Premium plugin v24.4 (Yoast SEO v27.0) - https:\/\/yoast.com\/product\/yoast-seo-premium-wordpress\/ -->\n<title>pak 5 blister Clomiged (clomiphene citrate) 100 pastillas50 mg \/ tab<\/title>\n<meta name=\"robots\" content=\"index, follow, max-snippet:-1, max-image-preview:large, max-video-preview:-1\" \/>\n<link rel=\"canonical\" href=\"https:\/\/iberoid.com\/pt\/product\/clomiged-clomiphene-citrate-100-pills-50-mg-tab\/\" \/>\n<meta property=\"og:locale\" content=\"pt_PT\" \/>\n<meta property=\"og:type\" content=\"article\" \/>\n<meta property=\"og:title\" content=\"pak 5 blister Clomiged (clomiphene citrate) 100 pastillas50 mg \/ tab\" \/>\n<meta property=\"og:description\" content=\"Citrato de clomifeno \u00e9 normalmente prescrito para mulheres para ajudar na ovula\u00e7\u00e3o. Nos homens, a aplica\u00e7\u00e3o de Clomid causa uma\" \/>\n<meta property=\"og:url\" content=\"https:\/\/iberoid.com\/pt\/product\/clomiged-clomiphene-citrate-100-pills-50-mg-tab\/\" \/>\n<meta property=\"og:site_name\" content=\"Ester\u00f3ides Online\" \/>\n<meta property=\"article:modified_time\" content=\"2024-10-26T09:49:10+00:00\" \/>\n<meta property=\"og:image\" content=\"https:\/\/iberoid.com\/wp-content\/uploads\/2020\/12\/CLOMIGED.jpg?v=1699330982\" \/>\n\t<meta property=\"og:image:width\" content=\"500\" \/>\n\t<meta property=\"og:image:height\" content=\"500\" \/>\n\t<meta property=\"og:image:type\" content=\"image\/jpeg\" \/>\n<meta name=\"twitter:card\" content=\"summary_large_image\" \/>\n<meta name=\"twitter:label1\" content=\"pre\u00e7o\" \/>\n\t<meta name=\"twitter:data1\" content=\"&euro;35.00\" \/>\n\t<meta name=\"twitter:label2\" content=\"Disponibilidade\" \/>\n\t<meta name=\"twitter:data2\" content=\"Esgotado\" \/>\n<script type=\"application\/ld+json\" class=\"yoast-schema-graph\">{\"@context\":\"https:\/\/schema.org\",\"@graph\":[{\"@type\":\"WebPage\",\"@id\":\"https:\/\/iberoid.com\/pt\/product\/clomiged-clomiphene-citrate-100-pills-50-mg-tab\/\",\"url\":\"https:\/\/iberoid.com\/pt\/product\/clomiged-clomiphene-citrate-100-pills-50-mg-tab\/\",\"name\":\"pak 5 blister Clomiged (clomiphene citrate) 100 pastillas50 mg \/ tab\",\"isPartOf\":{\"@id\":\"https:\/\/iberoid.com\/pt\/#website\"},\"primaryImageOfPage\":{\"@id\":\"https:\/\/iberoid.com\/pt\/product\/clomiged-clomiphene-citrate-100-pills-50-mg-tab\/#primaryimage\"},\"image\":{\"@id\":\"https:\/\/iberoid.com\/pt\/product\/clomiged-clomiphene-citrate-100-pills-50-mg-tab\/#primaryimage\"},\"thumbnailUrl\":\"https:\/\/iberoid.com\/wp-content\/uploads\/2020\/12\/CLOMIGED.jpg?v=1699330982\",\"datePublished\":\"2020-11-22T12:14:18+00:00\",\"dateModified\":\"2024-10-26T09:49:10+00:00\",\"breadcrumb\":{\"@id\":\"https:\/\/iberoid.com\/pt\/product\/clomiged-clomiphene-citrate-100-pills-50-mg-tab\/#breadcrumb\"},\"inLanguage\":\"pt-PT\",\"potentialAction\":[{\"@type\":\"ReadAction\",\"target\":[[\"https:\/\/iberoid.com\/pt\/product\/clomiged-clomiphene-citrate-100-pills-50-mg-tab\/\"]]}]},{\"@type\":\"ImageObject\",\"inLanguage\":\"pt-PT\",\"@id\":\"https:\/\/iberoid.com\/pt\/product\/clomiged-clomiphene-citrate-100-pills-50-mg-tab\/#primaryimage\",\"url\":\"https:\/\/iberoid.com\/wp-content\/uploads\/2020\/12\/CLOMIGED.jpg?v=1699330982\",\"contentUrl\":\"https:\/\/iberoid.com\/wp-content\/uploads\/2020\/12\/CLOMIGED.jpg?v=1699330982\",\"width\":500,\"height\":500},{\"@type\":\"BreadcrumbList\",\"@id\":\"https:\/\/iberoid.com\/pt\/product\/clomiged-clomiphene-citrate-100-pills-50-mg-tab\/#breadcrumb\",\"itemListElement\":[{\"@type\":\"ListItem\",\"position\":1,\"name\":\"Portada\",\"item\":\"https:\/\/iberoid.com\/pt\/\"},{\"@type\":\"ListItem\",\"position\":2,\"name\":\"Loja\",\"item\":\"https:\/\/iberoid.com\/pt\/shop\/\"},{\"@type\":\"ListItem\",\"position\":3,\"name\":\"pak 5 blister Clomiged (clomiphene citrate) 100 pastillas50 mg \/ tab\"}]},{\"@type\":\"WebSite\",\"@id\":\"https:\/\/iberoid.com\/pt\/#website\",\"url\":\"https:\/\/iberoid.com\/pt\/\",\"name\":\"Ester\u00f3ides Online\",\"description\":\"Compre ester\u00f3ides online hoje em Espanha e Portugal. Temos o melhor servi\u00e7o ao cliente do setor e produtos da mais alta qualidade\",\"potentialAction\":[{\"@type\":\"SearchAction\",\"target\":{\"@type\":\"EntryPoint\",\"urlTemplate\":\"https:\/\/iberoid.com\/pt\/?s={search_term_string}\"},\"query-input\":{\"@type\":\"PropertyValueSpecification\",\"valueRequired\":true,\"valueName\":\"search_term_string\"}}],\"inLanguage\":\"pt-PT\"}]}<\/script>\n<meta property=\"product:brand\" content=\"Euro Prime Pharmaceuticals (EPF)\" \/>\n<meta property=\"product:price:amount\" content=\"35.00\" \/>\n<meta property=\"product:price:currency\" content=\"EUR\" \/>\n<meta property=\"og:availability\" content=\"out of stock\" \/>\n<meta property=\"product:availability\" content=\"out of stock\" \/>\n<meta property=\"product:condition\" content=\"new\" \/>\n<!-- \/ Yoast SEO Premium plugin. -->","yoast_head_json":{"title":"pak 5 blister Clomiged (clomiphene citrate) 100 pastillas50 mg \/ tab","robots":{"index":"index","follow":"follow","max-snippet":"max-snippet:-1","max-image-preview":"max-image-preview:large","max-video-preview":"max-video-preview:-1"},"canonical":"https:\/\/iberoid.com\/pt\/product\/clomiged-clomiphene-citrate-100-pills-50-mg-tab\/","og_locale":"pt_PT","og_type":"article","og_title":"pak 5 blister Clomiged (clomiphene citrate) 100 pastillas50 mg \/ tab","og_description":"Citrato de clomifeno \u00e9 normalmente prescrito para mulheres para ajudar na ovula\u00e7\u00e3o. Nos homens, a aplica\u00e7\u00e3o de Clomid causa uma","og_url":"https:\/\/iberoid.com\/pt\/product\/clomiged-clomiphene-citrate-100-pills-50-mg-tab\/","og_site_name":"Ester\u00f3ides Online","article_modified_time":"2024-10-26T09:49:10+00:00","og_image":[{"width":500,"height":500,"url":"https:\/\/iberoid.com\/wp-content\/uploads\/2020\/12\/CLOMIGED.jpg?v=1699330982","type":"image\/jpeg"}],"twitter_card":"summary_large_image","twitter_misc":{"pre\u00e7o":"&euro;35.00","Disponibilidade":"Esgotado"},"schema":{"@context":"https:\/\/schema.org","@graph":[{"@type":"WebPage","@id":"https:\/\/iberoid.com\/pt\/product\/clomiged-clomiphene-citrate-100-pills-50-mg-tab\/","url":"https:\/\/iberoid.com\/pt\/product\/clomiged-clomiphene-citrate-100-pills-50-mg-tab\/","name":"pak 5 blister Clomiged (clomiphene citrate) 100 pastillas50 mg \/ tab","isPartOf":{"@id":"https:\/\/iberoid.com\/pt\/#website"},"primaryImageOfPage":{"@id":"https:\/\/iberoid.com\/pt\/product\/clomiged-clomiphene-citrate-100-pills-50-mg-tab\/#primaryimage"},"image":{"@id":"https:\/\/iberoid.com\/pt\/product\/clomiged-clomiphene-citrate-100-pills-50-mg-tab\/#primaryimage"},"thumbnailUrl":"https:\/\/iberoid.com\/wp-content\/uploads\/2020\/12\/CLOMIGED.jpg?v=1699330982","datePublished":"2020-11-22T12:14:18+00:00","dateModified":"2024-10-26T09:49:10+00:00","breadcrumb":{"@id":"https:\/\/iberoid.com\/pt\/product\/clomiged-clomiphene-citrate-100-pills-50-mg-tab\/#breadcrumb"},"inLanguage":"pt-PT","potentialAction":[{"@type":"ReadAction","target":[["https:\/\/iberoid.com\/pt\/product\/clomiged-clomiphene-citrate-100-pills-50-mg-tab\/"]]}]},{"@type":"ImageObject","inLanguage":"pt-PT","@id":"https:\/\/iberoid.com\/pt\/product\/clomiged-clomiphene-citrate-100-pills-50-mg-tab\/#primaryimage","url":"https:\/\/iberoid.com\/wp-content\/uploads\/2020\/12\/CLOMIGED.jpg?v=1699330982","contentUrl":"https:\/\/iberoid.com\/wp-content\/uploads\/2020\/12\/CLOMIGED.jpg?v=1699330982","width":500,"height":500},{"@type":"BreadcrumbList","@id":"https:\/\/iberoid.com\/pt\/product\/clomiged-clomiphene-citrate-100-pills-50-mg-tab\/#breadcrumb","itemListElement":[{"@type":"ListItem","position":1,"name":"Portada","item":"https:\/\/iberoid.com\/pt\/"},{"@type":"ListItem","position":2,"name":"Loja","item":"https:\/\/iberoid.com\/pt\/shop\/"},{"@type":"ListItem","position":3,"name":"pak 5 blister Clomiged (clomiphene citrate) 100 pastillas50 mg \/ tab"}]},{"@type":"WebSite","@id":"https:\/\/iberoid.com\/pt\/#website","url":"https:\/\/iberoid.com\/pt\/","name":"Ester\u00f3ides Online","description":"Compre ester\u00f3ides online hoje em Espanha e Portugal. Temos o melhor servi\u00e7o ao cliente do setor e produtos da mais alta qualidade","potentialAction":[{"@type":"SearchAction","target":{"@type":"EntryPoint","urlTemplate":"https:\/\/iberoid.com\/pt\/?s={search_term_string}"},"query-input":{"@type":"PropertyValueSpecification","valueRequired":true,"valueName":"search_term_string"}}],"inLanguage":"pt-PT"}]},"product_brand":"Euro Prime Pharmaceuticals (EPF)","product_price_amount":"35.00","product_price_currency":"EUR","og_availability":"out of stock","product_availability":"out of stock","product_condition":"new"},"_links":{"self":[{"href":"https:\/\/iberoid.com\/pt\/wp-json\/wp\/v2\/product\/5456","targetHints":{"allow":["GET"]}}],"collection":[{"href":"https:\/\/iberoid.com\/pt\/wp-json\/wp\/v2\/product"}],"about":[{"href":"https:\/\/iberoid.com\/pt\/wp-json\/wp\/v2\/types\/product"}],"replies":[{"embeddable":true,"href":"https:\/\/iberoid.com\/pt\/wp-json\/wp\/v2\/comments?post=5456"}],"wp:featuredmedia":[{"embeddable":true,"href":"https:\/\/iberoid.com\/pt\/wp-json\/wp\/v2\/media\/5527"}],"wp:attachment":[{"href":"https:\/\/iberoid.com\/pt\/wp-json\/wp\/v2\/media?parent=5456"}],"wp:term":[{"taxonomy":"product_brand","embeddable":true,"href":"https:\/\/iberoid.com\/pt\/wp-json\/wp\/v2\/product_brand?post=5456"},{"taxonomy":"product_cat","embeddable":true,"href":"https:\/\/iberoid.com\/pt\/wp-json\/wp\/v2\/product_cat?post=5456"},{"taxonomy":"product_tag","embeddable":true,"href":"https:\/\/iberoid.com\/pt\/wp-json\/wp\/v2\/product_tag?post=5456"}],"curies":[{"name":"wp","href":"https:\/\/api.w.org\/{rel}","templated":true}]}}