{"id":5599,"date":"2021-01-07T22:17:54","date_gmt":"2021-01-07T22:17:54","guid":{"rendered":"https:\/\/iberoid.com\/?post_type=product&#038;p=5599"},"modified":"2022-01-28T15:19:51","modified_gmt":"2022-01-28T15:19:51","slug":"sp-trenbolone-mix-150-tritrenbolon","status":"publish","type":"product","link":"https:\/\/iberoid.com\/pt\/product\/sp-trenbolone-mix-150-tritrenbolon\/","title":{"rendered":"SP TRENBOLONE MIX 150 (TRITRENBOLON)"},"content":{"rendered":"<p>Nome do produto: Trenbolone Mix 150<br \/>\nFabricante: SP Laboratories<br \/>\nApresenta\u00e7\u00e3o: 10 ml 150mg \/ ml<\/p>\n<p>\u00c9 uma mistura de tr\u00eas ester\u00f3ides, sua combina\u00e7\u00e3o \u00e9 uma defini\u00e7\u00e3o ideal. Cont\u00e9m 50 mg de trembolona ACETATE 50 mg e 50 mg de trembolona ENANTAHTE hexahidroxibenzilcarbonat trembolona.<br \/>\nO acetato de trembolona \u00e9 um ester\u00f3ide com a\u00e7\u00e3o r\u00e1pida, sem sabor, para que n\u00e3o apare\u00e7a reten\u00e7\u00e3o de \u00e1gua e gordura. Ser um andr\u00f3geno forte ajuda a exercitar o poder e a motiva\u00e7\u00e3o. Tamb\u00e9m d\u00e1 a apar\u00eancia de m\u00fasculos duros e resistentes.<\/p>\n<p>O \u00faltimo ingrediente \u00e9 o enantato de trembolona. \u00c9 uma subst\u00e2ncia muito anab\u00f3lica, \u00e9 reconhecida como uma constru\u00e7\u00e3o da massa muscular de alta qualidade. Exercem comportamento antiestrog\u00eanio devido \u00e0 sua estrutura qu\u00edmica.<\/p>","protected":false},"excerpt":{"rendered":"<p>Nome do produto: Trenbolone Mix 150 Fabricante: SP Laboratories Apresenta\u00e7\u00e3o: 10 ml 150mg \/ ml \u00c9 uma mistura de tr\u00eas<\/p>\n","protected":false},"featured_media":5596,"comment_status":"open","ping_status":"closed","template":"","meta":[],"product_brand":[],"product_cat":[69],"product_tag":[],"class_list":{"0":"post-5599","1":"product","2":"type-product","3":"status-publish","4":"has-post-thumbnail","6":"product_cat-esteroides_inyectables","8":"first","9":"outofstock","10":"sale","11":"shipping-taxable","12":"purchasable","13":"product-type-simple"},"yoast_head":"<!-- This site is optimized with the Yoast SEO Premium plugin v24.4 (Yoast SEO v27.0) - https:\/\/yoast.com\/product\/yoast-seo-premium-wordpress\/ -->\n<title>SP TRENBOLONE MIX 150 (TRITRENBOLON) - Ester\u00f3ides Online<\/title>\n<meta name=\"robots\" content=\"index, follow, max-snippet:-1, max-image-preview:large, max-video-preview:-1\" \/>\n<link rel=\"canonical\" href=\"https:\/\/iberoid.com\/pt\/product\/sp-trenbolone-mix-150-tritrenbolon\/\" \/>\n<meta property=\"og:locale\" content=\"pt_PT\" \/>\n<meta property=\"og:type\" content=\"article\" \/>\n<meta property=\"og:title\" content=\"SP TRENBOLONE MIX 150 (TRITRENBOLON)\" \/>\n<meta property=\"og:description\" content=\"Nome do produto: Trenbolone Mix 150 Fabricante: SP Laboratories Apresenta\u00e7\u00e3o: 10 ml 150mg \/ ml \u00c9 uma mistura de tr\u00eas\" \/>\n<meta property=\"og:url\" content=\"https:\/\/iberoid.com\/pt\/product\/sp-trenbolone-mix-150-tritrenbolon\/\" \/>\n<meta property=\"og:site_name\" content=\"Ester\u00f3ides Online\" \/>\n<meta property=\"article:modified_time\" content=\"2022-01-28T15:19:51+00:00\" \/>\n<meta property=\"og:image\" content=\"https:\/\/iberoid.com\/wp-content\/uploads\/2021\/01\/TRI.jpg?v=1678120064\" \/>\n\t<meta property=\"og:image:width\" content=\"388\" \/>\n\t<meta property=\"og:image:height\" content=\"388\" \/>\n\t<meta property=\"og:image:type\" content=\"image\/jpeg\" \/>\n<meta name=\"twitter:card\" content=\"summary_large_image\" \/>\n<meta name=\"twitter:label1\" content=\"pre\u00e7o\" \/>\n\t<meta name=\"twitter:data1\" content=\"&euro;65.00\" \/>\n\t<meta name=\"twitter:label2\" content=\"Disponibilidade\" \/>\n\t<meta name=\"twitter:data2\" content=\"Esgotado\" \/>\n<script type=\"application\/ld+json\" class=\"yoast-schema-graph\">{\"@context\":\"https:\/\/schema.org\",\"@graph\":[{\"@type\":\"WebPage\",\"@id\":\"https:\/\/iberoid.com\/pt\/product\/sp-trenbolone-mix-150-tritrenbolon\/\",\"url\":\"https:\/\/iberoid.com\/pt\/product\/sp-trenbolone-mix-150-tritrenbolon\/\",\"name\":\"SP TRENBOLONE MIX 150 (TRITRENBOLON) - Ester\u00f3ides Online\",\"isPartOf\":{\"@id\":\"https:\/\/iberoid.com\/pt\/#website\"},\"primaryImageOfPage\":{\"@id\":\"https:\/\/iberoid.com\/pt\/product\/sp-trenbolone-mix-150-tritrenbolon\/#primaryimage\"},\"image\":{\"@id\":\"https:\/\/iberoid.com\/pt\/product\/sp-trenbolone-mix-150-tritrenbolon\/#primaryimage\"},\"thumbnailUrl\":\"https:\/\/iberoid.com\/wp-content\/uploads\/2021\/01\/TRI.jpg?v=1678120064\",\"datePublished\":\"2021-01-07T22:17:54+00:00\",\"dateModified\":\"2022-01-28T15:19:51+00:00\",\"breadcrumb\":{\"@id\":\"https:\/\/iberoid.com\/pt\/product\/sp-trenbolone-mix-150-tritrenbolon\/#breadcrumb\"},\"inLanguage\":\"pt-PT\",\"potentialAction\":[{\"@type\":\"ReadAction\",\"target\":[[\"https:\/\/iberoid.com\/pt\/product\/sp-trenbolone-mix-150-tritrenbolon\/\"]]}]},{\"@type\":\"ImageObject\",\"inLanguage\":\"pt-PT\",\"@id\":\"https:\/\/iberoid.com\/pt\/product\/sp-trenbolone-mix-150-tritrenbolon\/#primaryimage\",\"url\":\"https:\/\/iberoid.com\/wp-content\/uploads\/2021\/01\/TRI.jpg?v=1678120064\",\"contentUrl\":\"https:\/\/iberoid.com\/wp-content\/uploads\/2021\/01\/TRI.jpg?v=1678120064\",\"width\":388,\"height\":388},{\"@type\":\"BreadcrumbList\",\"@id\":\"https:\/\/iberoid.com\/pt\/product\/sp-trenbolone-mix-150-tritrenbolon\/#breadcrumb\",\"itemListElement\":[{\"@type\":\"ListItem\",\"position\":1,\"name\":\"Portada\",\"item\":\"https:\/\/iberoid.com\/pt\/\"},{\"@type\":\"ListItem\",\"position\":2,\"name\":\"Loja\",\"item\":\"https:\/\/iberoid.com\/pt\/shop\/\"},{\"@type\":\"ListItem\",\"position\":3,\"name\":\"SP TRENBOLONE MIX 150 (TRITRENBOLON)\"}]},{\"@type\":\"WebSite\",\"@id\":\"https:\/\/iberoid.com\/pt\/#website\",\"url\":\"https:\/\/iberoid.com\/pt\/\",\"name\":\"Ester\u00f3ides Online\",\"description\":\"Compre ester\u00f3ides online hoje em Espanha e Portugal. Temos o melhor servi\u00e7o ao cliente do setor e produtos da mais alta qualidade\",\"potentialAction\":[{\"@type\":\"SearchAction\",\"target\":{\"@type\":\"EntryPoint\",\"urlTemplate\":\"https:\/\/iberoid.com\/pt\/?s={search_term_string}\"},\"query-input\":{\"@type\":\"PropertyValueSpecification\",\"valueRequired\":true,\"valueName\":\"search_term_string\"}}],\"inLanguage\":\"pt-PT\"}]}<\/script>\n<meta property=\"product:brand\" content=\"SP Laboratories\" \/>\n<meta property=\"product:price:amount\" content=\"65.00\" \/>\n<meta property=\"product:price:currency\" content=\"EUR\" \/>\n<meta property=\"og:availability\" content=\"out of stock\" \/>\n<meta property=\"product:availability\" content=\"out of stock\" \/>\n<meta property=\"product:condition\" content=\"new\" \/>\n<!-- \/ Yoast SEO Premium plugin. -->","yoast_head_json":{"title":"SP TRENBOLONE MIX 150 (TRITRENBOLON) - Ester\u00f3ides Online","robots":{"index":"index","follow":"follow","max-snippet":"max-snippet:-1","max-image-preview":"max-image-preview:large","max-video-preview":"max-video-preview:-1"},"canonical":"https:\/\/iberoid.com\/pt\/product\/sp-trenbolone-mix-150-tritrenbolon\/","og_locale":"pt_PT","og_type":"article","og_title":"SP TRENBOLONE MIX 150 (TRITRENBOLON)","og_description":"Nome do produto: Trenbolone Mix 150 Fabricante: SP Laboratories Apresenta\u00e7\u00e3o: 10 ml 150mg \/ ml \u00c9 uma mistura de tr\u00eas","og_url":"https:\/\/iberoid.com\/pt\/product\/sp-trenbolone-mix-150-tritrenbolon\/","og_site_name":"Ester\u00f3ides Online","article_modified_time":"2022-01-28T15:19:51+00:00","og_image":[{"width":388,"height":388,"url":"https:\/\/iberoid.com\/wp-content\/uploads\/2021\/01\/TRI.jpg?v=1678120064","type":"image\/jpeg"}],"twitter_card":"summary_large_image","twitter_misc":{"pre\u00e7o":"&euro;65.00","Disponibilidade":"Esgotado"},"schema":{"@context":"https:\/\/schema.org","@graph":[{"@type":"WebPage","@id":"https:\/\/iberoid.com\/pt\/product\/sp-trenbolone-mix-150-tritrenbolon\/","url":"https:\/\/iberoid.com\/pt\/product\/sp-trenbolone-mix-150-tritrenbolon\/","name":"SP TRENBOLONE MIX 150 (TRITRENBOLON) - Ester\u00f3ides Online","isPartOf":{"@id":"https:\/\/iberoid.com\/pt\/#website"},"primaryImageOfPage":{"@id":"https:\/\/iberoid.com\/pt\/product\/sp-trenbolone-mix-150-tritrenbolon\/#primaryimage"},"image":{"@id":"https:\/\/iberoid.com\/pt\/product\/sp-trenbolone-mix-150-tritrenbolon\/#primaryimage"},"thumbnailUrl":"https:\/\/iberoid.com\/wp-content\/uploads\/2021\/01\/TRI.jpg?v=1678120064","datePublished":"2021-01-07T22:17:54+00:00","dateModified":"2022-01-28T15:19:51+00:00","breadcrumb":{"@id":"https:\/\/iberoid.com\/pt\/product\/sp-trenbolone-mix-150-tritrenbolon\/#breadcrumb"},"inLanguage":"pt-PT","potentialAction":[{"@type":"ReadAction","target":[["https:\/\/iberoid.com\/pt\/product\/sp-trenbolone-mix-150-tritrenbolon\/"]]}]},{"@type":"ImageObject","inLanguage":"pt-PT","@id":"https:\/\/iberoid.com\/pt\/product\/sp-trenbolone-mix-150-tritrenbolon\/#primaryimage","url":"https:\/\/iberoid.com\/wp-content\/uploads\/2021\/01\/TRI.jpg?v=1678120064","contentUrl":"https:\/\/iberoid.com\/wp-content\/uploads\/2021\/01\/TRI.jpg?v=1678120064","width":388,"height":388},{"@type":"BreadcrumbList","@id":"https:\/\/iberoid.com\/pt\/product\/sp-trenbolone-mix-150-tritrenbolon\/#breadcrumb","itemListElement":[{"@type":"ListItem","position":1,"name":"Portada","item":"https:\/\/iberoid.com\/pt\/"},{"@type":"ListItem","position":2,"name":"Loja","item":"https:\/\/iberoid.com\/pt\/shop\/"},{"@type":"ListItem","position":3,"name":"SP TRENBOLONE MIX 150 (TRITRENBOLON)"}]},{"@type":"WebSite","@id":"https:\/\/iberoid.com\/pt\/#website","url":"https:\/\/iberoid.com\/pt\/","name":"Ester\u00f3ides Online","description":"Compre ester\u00f3ides online hoje em Espanha e Portugal. Temos o melhor servi\u00e7o ao cliente do setor e produtos da mais alta qualidade","potentialAction":[{"@type":"SearchAction","target":{"@type":"EntryPoint","urlTemplate":"https:\/\/iberoid.com\/pt\/?s={search_term_string}"},"query-input":{"@type":"PropertyValueSpecification","valueRequired":true,"valueName":"search_term_string"}}],"inLanguage":"pt-PT"}]},"product_brand":"SP Laboratories","product_price_amount":"65.00","product_price_currency":"EUR","og_availability":"out of stock","product_availability":"out of stock","product_condition":"new"},"_links":{"self":[{"href":"https:\/\/iberoid.com\/pt\/wp-json\/wp\/v2\/product\/5599","targetHints":{"allow":["GET"]}}],"collection":[{"href":"https:\/\/iberoid.com\/pt\/wp-json\/wp\/v2\/product"}],"about":[{"href":"https:\/\/iberoid.com\/pt\/wp-json\/wp\/v2\/types\/product"}],"replies":[{"embeddable":true,"href":"https:\/\/iberoid.com\/pt\/wp-json\/wp\/v2\/comments?post=5599"}],"wp:featuredmedia":[{"embeddable":true,"href":"https:\/\/iberoid.com\/pt\/wp-json\/wp\/v2\/media\/5596"}],"wp:attachment":[{"href":"https:\/\/iberoid.com\/pt\/wp-json\/wp\/v2\/media?parent=5599"}],"wp:term":[{"taxonomy":"product_brand","embeddable":true,"href":"https:\/\/iberoid.com\/pt\/wp-json\/wp\/v2\/product_brand?post=5599"},{"taxonomy":"product_cat","embeddable":true,"href":"https:\/\/iberoid.com\/pt\/wp-json\/wp\/v2\/product_cat?post=5599"},{"taxonomy":"product_tag","embeddable":true,"href":"https:\/\/iberoid.com\/pt\/wp-json\/wp\/v2\/product_tag?post=5599"}],"curies":[{"name":"wp","href":"https:\/\/api.w.org\/{rel}","templated":true}]}}