{"id":5661,"date":"2021-01-26T19:28:26","date_gmt":"2021-01-26T19:28:26","guid":{"rendered":"https:\/\/iberoid.com\/?post_type=product&#038;p=5661"},"modified":"2023-05-15T22:09:45","modified_gmt":"2023-05-15T22:09:45","slug":"enastyl-250mg-testosterone-enanthate-250mg-andro-medicals","status":"publish","type":"product","link":"https:\/\/iberoid.com\/pt\/product\/enastyl-250mg-testosterone-enanthate-250mg-andro-medicals\/","title":{"rendered":"Enastyl 250mg"},"content":{"rendered":"<p>Enastyl da Andro Medicals cont\u00e9m enantato de testosterona, um dos ester\u00f3ides mais populares para ganho de massa na muscula\u00e7\u00e3o, levantamento de peso, levantamento de peso e triatlo. O enantato de testosterona \u00e9 um \u00e9ster de a\u00e7\u00e3o prolongada e a dura\u00e7\u00e3o m\u00e9dia da droga \u00e9 de 2 a 3 semanas. Apresenta picos fortes logo ap\u00f3s a inje\u00e7\u00e3o e tem um efeito poderoso desde os primeiros dias de uso.<\/p>\n<p>As principais vantagens do Enastyl s\u00e3o o aumento acentuado da massa e for\u00e7a muscular, bem como o bombeamento. O enantato de testosterona ajuda a reduzir o aperto nas articula\u00e7\u00f5es e a eliminar a dor nas articula\u00e7\u00f5es. Estimula os processos de regenera\u00e7\u00e3o e aumenta o t\u00f4nus \u200b\u200bgeral, com ele voc\u00ea n\u00e3o vai se sentir cansado depois do treino, mas sim com vontade de se exercitar por mais tempo!<\/p>\n<p>\u00c9 importante considerar que o r\u00e1pido ganho de peso est\u00e1 associado \u00e0 reten\u00e7\u00e3o de \u00e1gua, devido ao efeito estrog\u00eanico da droga. Portanto, ao final do ciclo, voc\u00ea receber\u00e1 uma certa revers\u00e3o.<\/p>\n<p>Grandes benef\u00edcios do Enastyl:<\/p>\n<p>aumento impressionante na massa muscular<br \/>\naumento da libido<br \/>\nal\u00edvio da dor nas articula\u00e7\u00f5es<br \/>\nperda de peso<br \/>\nexplos\u00e3o de energia<br \/>\nrecupera\u00e7\u00e3o do corpo<br \/>\nbaixa hepatotoxicidade.<br \/>\nApesar dos impressionantes benef\u00edcios da droga, ainda n\u00e3o \u00e9 recomendada para mulheres, pois pode causar masculiniza\u00e7\u00e3o.<\/p>\n<p>Outras poss\u00edveis rea\u00e7\u00f5es adversas:<\/p>\n<p>incha\u00e7o<br \/>\nacne<br \/>\naumento da press\u00e3o arterial<br \/>\nginecomastia<br \/>\ndeposi\u00e7\u00e3o de gordura feminina<br \/>\nagress\u00e3o<br \/>\nperda de cabelo<br \/>\ndiminui\u00e7\u00e3o da espermatog\u00eanese nos test\u00edculos, diminui\u00e7\u00e3o de seu tamanho.<br \/>\nPara evitar rea\u00e7\u00f5es indesejadas do corpo, \u00e9 importante tomar antiestrog\u00eanios, e durante longos ciclos e altas doses &#8211; gonadotrofina j\u00e1 de 3-4 semanas do ciclo. Voc\u00ea pode comprar facilmente todos os medicamentos em nossa loja online.<\/p>","protected":false},"excerpt":{"rendered":"<p>Enastyl da Andro Medicals cont\u00e9m enantato de testosterona, um dos ester\u00f3ides mais populares para ganho de massa na muscula\u00e7\u00e3o, levantamento<\/p>\n","protected":false},"featured_media":5662,"comment_status":"open","ping_status":"closed","template":"","meta":[],"product_brand":[],"product_cat":[69],"product_tag":[],"class_list":{"0":"post-5661","1":"product","2":"type-product","3":"status-publish","4":"has-post-thumbnail","6":"product_cat-esteroides_inyectables","8":"first","9":"outofstock","10":"shipping-taxable","11":"purchasable","12":"product-type-simple"},"yoast_head":"<!-- This site is optimized with the Yoast SEO Premium plugin v24.4 (Yoast SEO v27.3) - https:\/\/yoast.com\/product\/yoast-seo-premium-wordpress\/ -->\n<title>Enastyl 250mg - Ester\u00f3ides Online<\/title>\n<meta name=\"robots\" content=\"index, follow, max-snippet:-1, max-image-preview:large, max-video-preview:-1\" \/>\n<link rel=\"canonical\" href=\"https:\/\/iberoid.com\/pt\/product\/enastyl-250mg-testosterone-enanthate-250mg-andro-medicals\/\" \/>\n<meta property=\"og:locale\" content=\"pt_PT\" \/>\n<meta property=\"og:type\" content=\"article\" \/>\n<meta property=\"og:title\" content=\"Enastyl 250mg\" \/>\n<meta property=\"og:description\" content=\"Enastyl da Andro Medicals cont\u00e9m enantato de testosterona, um dos ester\u00f3ides mais populares para ganho de massa na muscula\u00e7\u00e3o, levantamento\" \/>\n<meta property=\"og:url\" content=\"https:\/\/iberoid.com\/pt\/product\/enastyl-250mg-testosterone-enanthate-250mg-andro-medicals\/\" \/>\n<meta property=\"og:site_name\" content=\"Ester\u00f3ides Online\" \/>\n<meta property=\"article:modified_time\" content=\"2023-05-15T22:09:45+00:00\" \/>\n<meta property=\"og:image\" content=\"https:\/\/iberoid.com\/wp-content\/uploads\/2021\/01\/te-andro.jpg?v=1678120056\" \/>\n\t<meta property=\"og:image:width\" content=\"800\" \/>\n\t<meta property=\"og:image:height\" content=\"692\" \/>\n\t<meta property=\"og:image:type\" content=\"image\/jpeg\" \/>\n<meta name=\"twitter:card\" content=\"summary_large_image\" \/>\n<meta name=\"twitter:label1\" content=\"pre\u00e7o\" \/>\n\t<meta name=\"twitter:data1\" content=\"&euro;45.00\" \/>\n\t<meta name=\"twitter:label2\" content=\"Disponibilidade\" \/>\n\t<meta name=\"twitter:data2\" content=\"Esgotado\" \/>\n<script type=\"application\/ld+json\" class=\"yoast-schema-graph\">{\"@context\":\"https:\\\/\\\/schema.org\",\"@graph\":[{\"@type\":\"WebPage\",\"@id\":\"https:\\\/\\\/iberoid.com\\\/pt\\\/product\\\/enastyl-250mg-testosterone-enanthate-250mg-andro-medicals\\\/\",\"url\":\"https:\\\/\\\/iberoid.com\\\/pt\\\/product\\\/enastyl-250mg-testosterone-enanthate-250mg-andro-medicals\\\/\",\"name\":\"Enastyl 250mg - Ester\u00f3ides Online\",\"isPartOf\":{\"@id\":\"https:\\\/\\\/iberoid.com\\\/pt\\\/#website\"},\"primaryImageOfPage\":{\"@id\":\"https:\\\/\\\/iberoid.com\\\/pt\\\/product\\\/enastyl-250mg-testosterone-enanthate-250mg-andro-medicals\\\/#primaryimage\"},\"image\":{\"@id\":\"https:\\\/\\\/iberoid.com\\\/pt\\\/product\\\/enastyl-250mg-testosterone-enanthate-250mg-andro-medicals\\\/#primaryimage\"},\"thumbnailUrl\":\"https:\\\/\\\/iberoid.com\\\/wp-content\\\/uploads\\\/2021\\\/01\\\/te-andro.jpg?v=1678120056\",\"datePublished\":\"2021-01-26T19:28:26+00:00\",\"dateModified\":\"2023-05-15T22:09:45+00:00\",\"breadcrumb\":{\"@id\":\"https:\\\/\\\/iberoid.com\\\/pt\\\/product\\\/enastyl-250mg-testosterone-enanthate-250mg-andro-medicals\\\/#breadcrumb\"},\"inLanguage\":\"pt-PT\",\"potentialAction\":[{\"@type\":\"ReadAction\",\"target\":[[\"https:\\\/\\\/iberoid.com\\\/pt\\\/product\\\/enastyl-250mg-testosterone-enanthate-250mg-andro-medicals\\\/\"]]}]},{\"@type\":\"ImageObject\",\"inLanguage\":\"pt-PT\",\"@id\":\"https:\\\/\\\/iberoid.com\\\/pt\\\/product\\\/enastyl-250mg-testosterone-enanthate-250mg-andro-medicals\\\/#primaryimage\",\"url\":\"https:\\\/\\\/iberoid.com\\\/wp-content\\\/uploads\\\/2021\\\/01\\\/te-andro.jpg?v=1678120056\",\"contentUrl\":\"https:\\\/\\\/iberoid.com\\\/wp-content\\\/uploads\\\/2021\\\/01\\\/te-andro.jpg?v=1678120056\",\"width\":800,\"height\":692},{\"@type\":\"BreadcrumbList\",\"@id\":\"https:\\\/\\\/iberoid.com\\\/pt\\\/product\\\/enastyl-250mg-testosterone-enanthate-250mg-andro-medicals\\\/#breadcrumb\",\"itemListElement\":[{\"@type\":\"ListItem\",\"position\":1,\"name\":\"Portada\",\"item\":\"https:\\\/\\\/iberoid.com\\\/pt\\\/\"},{\"@type\":\"ListItem\",\"position\":2,\"name\":\"Loja\",\"item\":\"https:\\\/\\\/iberoid.com\\\/pt\\\/shop\\\/\"},{\"@type\":\"ListItem\",\"position\":3,\"name\":\"Enastyl 250mg\"}]},{\"@type\":\"WebSite\",\"@id\":\"https:\\\/\\\/iberoid.com\\\/pt\\\/#website\",\"url\":\"https:\\\/\\\/iberoid.com\\\/pt\\\/\",\"name\":\"Ester\u00f3ides Online\",\"description\":\"Compre ester\u00f3ides online hoje em Espanha e Portugal. Temos o melhor servi\u00e7o ao cliente do setor e produtos da mais alta qualidade\",\"potentialAction\":[{\"@type\":\"SearchAction\",\"target\":{\"@type\":\"EntryPoint\",\"urlTemplate\":\"https:\\\/\\\/iberoid.com\\\/pt\\\/?s={search_term_string}\"},\"query-input\":{\"@type\":\"PropertyValueSpecification\",\"valueRequired\":true,\"valueName\":\"search_term_string\"}}],\"inLanguage\":\"pt-PT\"}]}<\/script>\n<meta property=\"product:brand\" content=\"Andro Medicals\" \/>\n<meta property=\"product:price:amount\" content=\"45.00\" \/>\n<meta property=\"product:price:currency\" content=\"EUR\" \/>\n<meta property=\"og:availability\" content=\"out of stock\" \/>\n<meta property=\"product:availability\" content=\"out of stock\" \/>\n<meta property=\"product:condition\" content=\"new\" \/>\n<!-- \/ Yoast SEO Premium plugin. -->","yoast_head_json":{"title":"Enastyl 250mg - Ester\u00f3ides Online","robots":{"index":"index","follow":"follow","max-snippet":"max-snippet:-1","max-image-preview":"max-image-preview:large","max-video-preview":"max-video-preview:-1"},"canonical":"https:\/\/iberoid.com\/pt\/product\/enastyl-250mg-testosterone-enanthate-250mg-andro-medicals\/","og_locale":"pt_PT","og_type":"article","og_title":"Enastyl 250mg","og_description":"Enastyl da Andro Medicals cont\u00e9m enantato de testosterona, um dos ester\u00f3ides mais populares para ganho de massa na muscula\u00e7\u00e3o, levantamento","og_url":"https:\/\/iberoid.com\/pt\/product\/enastyl-250mg-testosterone-enanthate-250mg-andro-medicals\/","og_site_name":"Ester\u00f3ides Online","article_modified_time":"2023-05-15T22:09:45+00:00","og_image":[{"width":800,"height":692,"url":"https:\/\/iberoid.com\/wp-content\/uploads\/2021\/01\/te-andro.jpg?v=1678120056","type":"image\/jpeg"}],"twitter_card":"summary_large_image","twitter_misc":{"pre\u00e7o":"&euro;45.00","Disponibilidade":"Esgotado"},"schema":{"@context":"https:\/\/schema.org","@graph":[{"@type":"WebPage","@id":"https:\/\/iberoid.com\/pt\/product\/enastyl-250mg-testosterone-enanthate-250mg-andro-medicals\/","url":"https:\/\/iberoid.com\/pt\/product\/enastyl-250mg-testosterone-enanthate-250mg-andro-medicals\/","name":"Enastyl 250mg - Ester\u00f3ides Online","isPartOf":{"@id":"https:\/\/iberoid.com\/pt\/#website"},"primaryImageOfPage":{"@id":"https:\/\/iberoid.com\/pt\/product\/enastyl-250mg-testosterone-enanthate-250mg-andro-medicals\/#primaryimage"},"image":{"@id":"https:\/\/iberoid.com\/pt\/product\/enastyl-250mg-testosterone-enanthate-250mg-andro-medicals\/#primaryimage"},"thumbnailUrl":"https:\/\/iberoid.com\/wp-content\/uploads\/2021\/01\/te-andro.jpg?v=1678120056","datePublished":"2021-01-26T19:28:26+00:00","dateModified":"2023-05-15T22:09:45+00:00","breadcrumb":{"@id":"https:\/\/iberoid.com\/pt\/product\/enastyl-250mg-testosterone-enanthate-250mg-andro-medicals\/#breadcrumb"},"inLanguage":"pt-PT","potentialAction":[{"@type":"ReadAction","target":[["https:\/\/iberoid.com\/pt\/product\/enastyl-250mg-testosterone-enanthate-250mg-andro-medicals\/"]]}]},{"@type":"ImageObject","inLanguage":"pt-PT","@id":"https:\/\/iberoid.com\/pt\/product\/enastyl-250mg-testosterone-enanthate-250mg-andro-medicals\/#primaryimage","url":"https:\/\/iberoid.com\/wp-content\/uploads\/2021\/01\/te-andro.jpg?v=1678120056","contentUrl":"https:\/\/iberoid.com\/wp-content\/uploads\/2021\/01\/te-andro.jpg?v=1678120056","width":800,"height":692},{"@type":"BreadcrumbList","@id":"https:\/\/iberoid.com\/pt\/product\/enastyl-250mg-testosterone-enanthate-250mg-andro-medicals\/#breadcrumb","itemListElement":[{"@type":"ListItem","position":1,"name":"Portada","item":"https:\/\/iberoid.com\/pt\/"},{"@type":"ListItem","position":2,"name":"Loja","item":"https:\/\/iberoid.com\/pt\/shop\/"},{"@type":"ListItem","position":3,"name":"Enastyl 250mg"}]},{"@type":"WebSite","@id":"https:\/\/iberoid.com\/pt\/#website","url":"https:\/\/iberoid.com\/pt\/","name":"Ester\u00f3ides Online","description":"Compre ester\u00f3ides online hoje em Espanha e Portugal. Temos o melhor servi\u00e7o ao cliente do setor e produtos da mais alta qualidade","potentialAction":[{"@type":"SearchAction","target":{"@type":"EntryPoint","urlTemplate":"https:\/\/iberoid.com\/pt\/?s={search_term_string}"},"query-input":{"@type":"PropertyValueSpecification","valueRequired":true,"valueName":"search_term_string"}}],"inLanguage":"pt-PT"}]},"product_brand":"Andro Medicals","product_price_amount":"45.00","product_price_currency":"EUR","og_availability":"out of stock","product_availability":"out of stock","product_condition":"new"},"_links":{"self":[{"href":"https:\/\/iberoid.com\/pt\/wp-json\/wp\/v2\/product\/5661","targetHints":{"allow":["GET"]}}],"collection":[{"href":"https:\/\/iberoid.com\/pt\/wp-json\/wp\/v2\/product"}],"about":[{"href":"https:\/\/iberoid.com\/pt\/wp-json\/wp\/v2\/types\/product"}],"replies":[{"embeddable":true,"href":"https:\/\/iberoid.com\/pt\/wp-json\/wp\/v2\/comments?post=5661"}],"wp:featuredmedia":[{"embeddable":true,"href":"https:\/\/iberoid.com\/pt\/wp-json\/wp\/v2\/media\/5662"}],"wp:attachment":[{"href":"https:\/\/iberoid.com\/pt\/wp-json\/wp\/v2\/media?parent=5661"}],"wp:term":[{"taxonomy":"product_brand","embeddable":true,"href":"https:\/\/iberoid.com\/pt\/wp-json\/wp\/v2\/product_brand?post=5661"},{"taxonomy":"product_cat","embeddable":true,"href":"https:\/\/iberoid.com\/pt\/wp-json\/wp\/v2\/product_cat?post=5661"},{"taxonomy":"product_tag","embeddable":true,"href":"https:\/\/iberoid.com\/pt\/wp-json\/wp\/v2\/product_tag?post=5661"}],"curies":[{"name":"wp","href":"https:\/\/api.w.org\/{rel}","templated":true}]}}