{"id":5663,"date":"2021-01-26T19:32:39","date_gmt":"2021-01-26T19:32:39","guid":{"rendered":"https:\/\/iberoid.com\/?post_type=product&#038;p=5663"},"modified":"2021-09-18T21:48:40","modified_gmt":"2021-09-18T21:48:40","slug":"sustaplex-250-sustanon-250mg-andro-medicals","status":"publish","type":"product","link":"https:\/\/iberoid.com\/pt\/product\/sustaplex-250-sustanon-250mg-andro-medicals\/","title":{"rendered":"Sustaplex 250"},"content":{"rendered":"<p>Sustaplex &#8211; \u00e9 uma mistura de 4 diferentes \u00e9steres de testosterona, fabricados pela empresa farmac\u00eautica Andro Medicals. Este medicamento cont\u00e9m propionato de testosterona, decanoato de testosterona, isocaproato de testosterona e fenilpropionato de testosterona.<\/p>\n<p>Os quatro componentes t\u00eam uma dura\u00e7\u00e3o de a\u00e7\u00e3o diferente, raz\u00e3o pela qual os n\u00edveis de testosterona no sangue s\u00e3o constantemente mantidos em n\u00edveis elevados, necess\u00e1rios para ganhar massa muscular rapidamente e manter bons indicadores de for\u00e7a. O Sustaplex oferece um resultado r\u00e1pido e duradouro, por isso \u00e9 bastante popular no esporte e no fisiculturismo.<\/p>\n<p>Vantagens que voc\u00ea obt\u00e9m:<\/p>\n<p>ganhou massa muscular por um curto per\u00edodo de tempo<br \/>\nfor\u00e7a aumentada<br \/>\nmelhor resist\u00eancia e desempenho do atleta<br \/>\naumento de IGF-1<br \/>\naumento de energia<br \/>\nelimina\u00e7\u00e3o da depress\u00e3o<br \/>\napetite melhorado<br \/>\nSustaplex ajuda a aumentar o peso em uma m\u00e9dia de 7 a 10 kg.<\/p>\n<p>Poss\u00edveis rea\u00e7\u00f5es colaterais:<\/p>\n<p>acne<br \/>\nreten\u00e7\u00e3o de \u00e1gua<br \/>\npress\u00e3o alta<br \/>\npele oleosa<br \/>\ncrescimento de cabelo no corpo e rosto<br \/>\nmasculiniza\u00e7\u00e3o na mulher &#8211; crescimento do cabelo no rosto e no corpo, aprofundamento da voz.<\/p>\n<p>Por causa da \u00faltima rea\u00e7\u00e3o lateral, precisamos concluir que o Sustaplex \u00e9 adequado apenas para homens.<\/p>\n<p>O medicamento \u00e9 uma boa op\u00e7\u00e3o para os ciclos de aumento e corte, e voc\u00ea pode us\u00e1-lo sozinho ou em uma pilha com outros ester\u00f3ides (por exemplo, trembolona ou estanozolol) para obter os melhores resultados.<\/p>\n<p>Cerca de 2 semanas ap\u00f3s a \u00faltima inje\u00e7\u00e3o de Sustaplex, \u00e9 importante iniciar a PCT, recomendamos o uso de gonadotrofina ou clomifeno.<\/p>","protected":false},"excerpt":{"rendered":"<p>Sustaplex &#8211; \u00e9 uma mistura de 4 diferentes \u00e9steres de testosterona, fabricados pela empresa farmac\u00eautica Andro Medicals. Este medicamento cont\u00e9m<\/p>\n","protected":false},"featured_media":5664,"comment_status":"open","ping_status":"closed","template":"","meta":[],"product_brand":[],"product_cat":[69],"product_tag":[],"class_list":{"0":"post-5663","1":"product","2":"type-product","3":"status-publish","4":"has-post-thumbnail","6":"product_cat-esteroides_inyectables","8":"first","9":"outofstock","10":"sale","11":"shipping-taxable","12":"purchasable","13":"product-type-simple"},"yoast_head":"<!-- This site is optimized with the Yoast SEO Premium plugin v24.4 (Yoast SEO v27.0) - https:\/\/yoast.com\/product\/yoast-seo-premium-wordpress\/ -->\n<title>Sustaplex 250 - Ester\u00f3ides Online<\/title>\n<meta name=\"robots\" content=\"index, follow, max-snippet:-1, max-image-preview:large, max-video-preview:-1\" \/>\n<link rel=\"canonical\" href=\"https:\/\/iberoid.com\/pt\/product\/sustaplex-250-sustanon-250mg-andro-medicals\/\" \/>\n<meta property=\"og:locale\" content=\"pt_PT\" \/>\n<meta property=\"og:type\" content=\"article\" \/>\n<meta property=\"og:title\" content=\"Sustaplex 250\" \/>\n<meta property=\"og:description\" content=\"Sustaplex &#8211; \u00e9 uma mistura de 4 diferentes \u00e9steres de testosterona, fabricados pela empresa farmac\u00eautica Andro Medicals. Este medicamento cont\u00e9m\" \/>\n<meta property=\"og:url\" content=\"https:\/\/iberoid.com\/pt\/product\/sustaplex-250-sustanon-250mg-andro-medicals\/\" \/>\n<meta property=\"og:site_name\" content=\"Ester\u00f3ides Online\" \/>\n<meta property=\"article:modified_time\" content=\"2021-09-18T21:48:40+00:00\" \/>\n<meta property=\"og:image\" content=\"https:\/\/iberoid.com\/wp-content\/uploads\/2021\/01\/susta-andro.jpg?v=1678120056\" \/>\n\t<meta property=\"og:image:width\" content=\"800\" \/>\n\t<meta property=\"og:image:height\" content=\"692\" \/>\n\t<meta property=\"og:image:type\" content=\"image\/jpeg\" \/>\n<meta name=\"twitter:card\" content=\"summary_large_image\" \/>\n<meta name=\"twitter:label1\" content=\"pre\u00e7o\" \/>\n\t<meta name=\"twitter:data1\" content=\"&euro;30.00\" \/>\n\t<meta name=\"twitter:label2\" content=\"Disponibilidade\" \/>\n\t<meta name=\"twitter:data2\" content=\"Esgotado\" \/>\n<script type=\"application\/ld+json\" class=\"yoast-schema-graph\">{\"@context\":\"https:\/\/schema.org\",\"@graph\":[{\"@type\":\"WebPage\",\"@id\":\"https:\/\/iberoid.com\/pt\/product\/sustaplex-250-sustanon-250mg-andro-medicals\/\",\"url\":\"https:\/\/iberoid.com\/pt\/product\/sustaplex-250-sustanon-250mg-andro-medicals\/\",\"name\":\"Sustaplex 250 - Ester\u00f3ides Online\",\"isPartOf\":{\"@id\":\"https:\/\/iberoid.com\/pt\/#website\"},\"primaryImageOfPage\":{\"@id\":\"https:\/\/iberoid.com\/pt\/product\/sustaplex-250-sustanon-250mg-andro-medicals\/#primaryimage\"},\"image\":{\"@id\":\"https:\/\/iberoid.com\/pt\/product\/sustaplex-250-sustanon-250mg-andro-medicals\/#primaryimage\"},\"thumbnailUrl\":\"https:\/\/iberoid.com\/wp-content\/uploads\/2021\/01\/susta-andro.jpg?v=1678120056\",\"datePublished\":\"2021-01-26T19:32:39+00:00\",\"dateModified\":\"2021-09-18T21:48:40+00:00\",\"breadcrumb\":{\"@id\":\"https:\/\/iberoid.com\/pt\/product\/sustaplex-250-sustanon-250mg-andro-medicals\/#breadcrumb\"},\"inLanguage\":\"pt-PT\",\"potentialAction\":[{\"@type\":\"ReadAction\",\"target\":[[\"https:\/\/iberoid.com\/pt\/product\/sustaplex-250-sustanon-250mg-andro-medicals\/\"]]}]},{\"@type\":\"ImageObject\",\"inLanguage\":\"pt-PT\",\"@id\":\"https:\/\/iberoid.com\/pt\/product\/sustaplex-250-sustanon-250mg-andro-medicals\/#primaryimage\",\"url\":\"https:\/\/iberoid.com\/wp-content\/uploads\/2021\/01\/susta-andro.jpg?v=1678120056\",\"contentUrl\":\"https:\/\/iberoid.com\/wp-content\/uploads\/2021\/01\/susta-andro.jpg?v=1678120056\",\"width\":800,\"height\":692},{\"@type\":\"BreadcrumbList\",\"@id\":\"https:\/\/iberoid.com\/pt\/product\/sustaplex-250-sustanon-250mg-andro-medicals\/#breadcrumb\",\"itemListElement\":[{\"@type\":\"ListItem\",\"position\":1,\"name\":\"Portada\",\"item\":\"https:\/\/iberoid.com\/pt\/\"},{\"@type\":\"ListItem\",\"position\":2,\"name\":\"Loja\",\"item\":\"https:\/\/iberoid.com\/pt\/shop\/\"},{\"@type\":\"ListItem\",\"position\":3,\"name\":\"Sustaplex 250\"}]},{\"@type\":\"WebSite\",\"@id\":\"https:\/\/iberoid.com\/pt\/#website\",\"url\":\"https:\/\/iberoid.com\/pt\/\",\"name\":\"Ester\u00f3ides Online\",\"description\":\"Compre ester\u00f3ides online hoje em Espanha e Portugal. Temos o melhor servi\u00e7o ao cliente do setor e produtos da mais alta qualidade\",\"potentialAction\":[{\"@type\":\"SearchAction\",\"target\":{\"@type\":\"EntryPoint\",\"urlTemplate\":\"https:\/\/iberoid.com\/pt\/?s={search_term_string}\"},\"query-input\":{\"@type\":\"PropertyValueSpecification\",\"valueRequired\":true,\"valueName\":\"search_term_string\"}}],\"inLanguage\":\"pt-PT\"}]}<\/script>\n<meta property=\"product:brand\" content=\"Andro Medicals\" \/>\n<meta property=\"product:price:amount\" content=\"30.00\" \/>\n<meta property=\"product:price:currency\" content=\"EUR\" \/>\n<meta property=\"og:availability\" content=\"out of stock\" \/>\n<meta property=\"product:availability\" content=\"out of stock\" \/>\n<meta property=\"product:condition\" content=\"new\" \/>\n<!-- \/ Yoast SEO Premium plugin. -->","yoast_head_json":{"title":"Sustaplex 250 - Ester\u00f3ides Online","robots":{"index":"index","follow":"follow","max-snippet":"max-snippet:-1","max-image-preview":"max-image-preview:large","max-video-preview":"max-video-preview:-1"},"canonical":"https:\/\/iberoid.com\/pt\/product\/sustaplex-250-sustanon-250mg-andro-medicals\/","og_locale":"pt_PT","og_type":"article","og_title":"Sustaplex 250","og_description":"Sustaplex &#8211; \u00e9 uma mistura de 4 diferentes \u00e9steres de testosterona, fabricados pela empresa farmac\u00eautica Andro Medicals. Este medicamento cont\u00e9m","og_url":"https:\/\/iberoid.com\/pt\/product\/sustaplex-250-sustanon-250mg-andro-medicals\/","og_site_name":"Ester\u00f3ides Online","article_modified_time":"2021-09-18T21:48:40+00:00","og_image":[{"width":800,"height":692,"url":"https:\/\/iberoid.com\/wp-content\/uploads\/2021\/01\/susta-andro.jpg?v=1678120056","type":"image\/jpeg"}],"twitter_card":"summary_large_image","twitter_misc":{"pre\u00e7o":"&euro;30.00","Disponibilidade":"Esgotado"},"schema":{"@context":"https:\/\/schema.org","@graph":[{"@type":"WebPage","@id":"https:\/\/iberoid.com\/pt\/product\/sustaplex-250-sustanon-250mg-andro-medicals\/","url":"https:\/\/iberoid.com\/pt\/product\/sustaplex-250-sustanon-250mg-andro-medicals\/","name":"Sustaplex 250 - Ester\u00f3ides Online","isPartOf":{"@id":"https:\/\/iberoid.com\/pt\/#website"},"primaryImageOfPage":{"@id":"https:\/\/iberoid.com\/pt\/product\/sustaplex-250-sustanon-250mg-andro-medicals\/#primaryimage"},"image":{"@id":"https:\/\/iberoid.com\/pt\/product\/sustaplex-250-sustanon-250mg-andro-medicals\/#primaryimage"},"thumbnailUrl":"https:\/\/iberoid.com\/wp-content\/uploads\/2021\/01\/susta-andro.jpg?v=1678120056","datePublished":"2021-01-26T19:32:39+00:00","dateModified":"2021-09-18T21:48:40+00:00","breadcrumb":{"@id":"https:\/\/iberoid.com\/pt\/product\/sustaplex-250-sustanon-250mg-andro-medicals\/#breadcrumb"},"inLanguage":"pt-PT","potentialAction":[{"@type":"ReadAction","target":[["https:\/\/iberoid.com\/pt\/product\/sustaplex-250-sustanon-250mg-andro-medicals\/"]]}]},{"@type":"ImageObject","inLanguage":"pt-PT","@id":"https:\/\/iberoid.com\/pt\/product\/sustaplex-250-sustanon-250mg-andro-medicals\/#primaryimage","url":"https:\/\/iberoid.com\/wp-content\/uploads\/2021\/01\/susta-andro.jpg?v=1678120056","contentUrl":"https:\/\/iberoid.com\/wp-content\/uploads\/2021\/01\/susta-andro.jpg?v=1678120056","width":800,"height":692},{"@type":"BreadcrumbList","@id":"https:\/\/iberoid.com\/pt\/product\/sustaplex-250-sustanon-250mg-andro-medicals\/#breadcrumb","itemListElement":[{"@type":"ListItem","position":1,"name":"Portada","item":"https:\/\/iberoid.com\/pt\/"},{"@type":"ListItem","position":2,"name":"Loja","item":"https:\/\/iberoid.com\/pt\/shop\/"},{"@type":"ListItem","position":3,"name":"Sustaplex 250"}]},{"@type":"WebSite","@id":"https:\/\/iberoid.com\/pt\/#website","url":"https:\/\/iberoid.com\/pt\/","name":"Ester\u00f3ides Online","description":"Compre ester\u00f3ides online hoje em Espanha e Portugal. Temos o melhor servi\u00e7o ao cliente do setor e produtos da mais alta qualidade","potentialAction":[{"@type":"SearchAction","target":{"@type":"EntryPoint","urlTemplate":"https:\/\/iberoid.com\/pt\/?s={search_term_string}"},"query-input":{"@type":"PropertyValueSpecification","valueRequired":true,"valueName":"search_term_string"}}],"inLanguage":"pt-PT"}]},"product_brand":"Andro Medicals","product_price_amount":"30.00","product_price_currency":"EUR","og_availability":"out of stock","product_availability":"out of stock","product_condition":"new"},"_links":{"self":[{"href":"https:\/\/iberoid.com\/pt\/wp-json\/wp\/v2\/product\/5663","targetHints":{"allow":["GET"]}}],"collection":[{"href":"https:\/\/iberoid.com\/pt\/wp-json\/wp\/v2\/product"}],"about":[{"href":"https:\/\/iberoid.com\/pt\/wp-json\/wp\/v2\/types\/product"}],"replies":[{"embeddable":true,"href":"https:\/\/iberoid.com\/pt\/wp-json\/wp\/v2\/comments?post=5663"}],"wp:featuredmedia":[{"embeddable":true,"href":"https:\/\/iberoid.com\/pt\/wp-json\/wp\/v2\/media\/5664"}],"wp:attachment":[{"href":"https:\/\/iberoid.com\/pt\/wp-json\/wp\/v2\/media?parent=5663"}],"wp:term":[{"taxonomy":"product_brand","embeddable":true,"href":"https:\/\/iberoid.com\/pt\/wp-json\/wp\/v2\/product_brand?post=5663"},{"taxonomy":"product_cat","embeddable":true,"href":"https:\/\/iberoid.com\/pt\/wp-json\/wp\/v2\/product_cat?post=5663"},{"taxonomy":"product_tag","embeddable":true,"href":"https:\/\/iberoid.com\/pt\/wp-json\/wp\/v2\/product_tag?post=5663"}],"curies":[{"name":"wp","href":"https:\/\/api.w.org\/{rel}","templated":true}]}}