{"id":5972,"date":"2021-04-10T16:05:00","date_gmt":"2021-04-10T16:05:00","guid":{"rendered":"https:\/\/iberoid.com\/?post_type=product&#038;p=5972"},"modified":"2026-03-04T15:50:56","modified_gmt":"2026-03-04T15:50:56","slug":"m-ject-100-10ml-drostanolone-propionate-masteron100mg","status":"publish","type":"product","link":"https:\/\/iberoid.com\/pt\/product\/m-ject-100-10ml-drostanolone-propionate-masteron100mg\/","title":{"rendered":"M-JECT 100,MASTERON 10ml &#8211; Drostanolone propionate"},"content":{"rendered":"<p>M-JECT100 &#8211; MUSCLE PHARM &#8211; MASTERON<\/p>\n<p>M-JECT100 &#8211; Muscle Pharm &#8211; Masteron (Propionato de Drostanolona) \u00e9 um ester\u00f3ide injet\u00e1vel sol\u00favel em gordura que cont\u00e9m uma subst\u00e2ncia ativa chamada Propionato de Drostanolona (Masteron \/ Masteron) em um frasco multidose de 10 ml de solu\u00e7\u00e3o oleosa.<\/p>\n<p>Na medicina, este ester\u00f3ide \u00e9 usado como medicamento contra o c\u00e2ncer de mama. Altamente androg\u00eanico e anab\u00f3lico, o propionato de drostanolona ajuda a aumentar a firmeza e a densidade muscular. Por ser um derivado da diidrotestosterona, a drostanolona n\u00e3o aromatiza e, portanto, n\u00e3o pode ser convertida em estrog\u00eanio. Este ester\u00f3ide anabolizante \u00e9 freq\u00fcentemente usado por atletas que s\u00e3o sens\u00edveis aos efeitos colaterais, especialmente o estrog\u00eanio. Masteron \u00e9 um bloqueador de estrog\u00eanio e esta qualidade o torna desej\u00e1vel na escolha de produtos que n\u00e3o afetem o equil\u00edbrio hormonal, principalmente a testosterona.<\/p>\n<p>N\u00c3O H\u00c1 NECESSIDADE DE PROTETORES AO USAR MASTERON.<\/p>\n<p>Com a\u00e7\u00e3o e elimina\u00e7\u00e3o relativamente r\u00e1pida do organismo devido \u00e0 imposi\u00e7\u00e3o de uma crise no \u00e9ster propionato na base de sua mol\u00e9cula. Os construtores usam Drostenolona \/ Propionato de Drostanolona para fatiar \/ fatiar (nos ciclos de al\u00edvio de ver\u00e3o e antes das competi\u00e7\u00f5es de muscula\u00e7\u00e3o).<\/p>\n<p>Para melhores resultados esportivos, os fisiculturistas preferem combinar Masteron Propionate com Testosterona Propionate, Trembolona ou ester\u00f3ides orais como Winstrol, Stanozolol, Anavar. Atrav\u00e9s desta combina\u00e7\u00e3o, os fisiculturistas obt\u00eam m\u00fasculos enormes com m\u00fasculos bem definidos. A dose recomendada para fisiculturistas do sexo masculino \u00e9 300-600 mg \/ semana. As mulheres geralmente tomam 100 a 300 mg \/ semana. Devido \u00e0s suas fortes propriedades androg\u00eanicas, os atletas relatam efeitos colaterais como: pele oleosa e aumento da libido.<\/p>\n<p>Dose m\u00e9dia: 300 &#8211; 600 mg por semana<br \/>\nMeia-vida: 2 a 3 dias<br \/>\nReten\u00e7\u00e3o de \u00e1gua: N\u00e3o<br \/>\nAromatizante: N\u00e3o<br \/>\nTransforma\u00e7\u00e3o DHT: N\u00e3o<\/p>\n<p>MASTERON PROPIONATE N\u00c3O AROMATIZA EM NENHUMA DOSE<\/p>\n<p>O aumento da massa muscular \u00e9 frequentemente mencionado pelos atletas que o utilizam. \u00c9 insuper\u00e1vel em seu efeito, tornando o al\u00edvio dos m\u00fasculos, denso e completo. A prepara\u00e7\u00e3o endurece os m\u00fasculos j\u00e1 muito secos. Ao usar esta prepara\u00e7\u00e3o, o fisiculturista enfatiza a separa\u00e7\u00e3o das fibras musculares. Seu uso provoca o endurecimento muscular que todos os atletas precisam. Os fisiculturistas usam nas \u00faltimas 4-5 semanas antes da competi\u00e7\u00e3o, junto com Primobolan, Parabolan, Oxandrolona e Winstrol. Nolvadex geralmente n\u00e3o \u00e9 usado com ele porque Masteron n\u00e3o aromatiza em nenhuma dosagem. A toxicidade desta prepara\u00e7\u00e3o para o f\u00edgado \u00e9 muito baixa.<\/p>\n<p>Este ester\u00f3ide exibe forte atividade anab\u00f3lica e menor androgenicidade do que a testosterona. Al\u00e9m dos ciclos pr\u00e9-corrida, pode ser utilizado em ciclos onde a reten\u00e7\u00e3o de \u00e1gua e a aromatiza\u00e7\u00e3o s\u00e3o evitadas. Nesse caso, os atletas falam de aumento de for\u00e7a e belos m\u00fasculos. N\u00e3o tem o mesmo aumento de for\u00e7a que a testosterona, porque a caracter\u00edstica de reten\u00e7\u00e3o de \u00e1gua da testosterona funciona melhor para ele. Ele rapidamente entra e sai da bolsa. Como o propionato de drostanolona tem meia-vida curta, s\u00e3o necess\u00e1rias inje\u00e7\u00f5es frequentes. Este fato torna o Masteron muito interessante quando os fisiculturistas t\u00eam que fazer um teste de urina negativo durante um teste de doping.<\/p>\n<p>Dosagem de propionato de drostanolona<\/p>\n<p>As doses usuais s\u00e3o de 100 mg a cada 3 a 6 dias. O \u00e9ster di-propionato usado com este composto funciona em apenas alguns dias. Com uma dura\u00e7\u00e3o t\u00e3o curta, as inje\u00e7\u00f5es devem ser repetidas pelo menos a cada 3 ou 4 dias para manter um n\u00edvel constante do horm\u00f4nio no sangue. As doses semanais est\u00e3o entre 300 e 500 mg. Se as mulheres estiverem tomando o medicamento, a dose n\u00e3o deve exceder 25 a 50 mg por semana.<\/p>","protected":false},"excerpt":{"rendered":"<p>M-JECT100 &#8211; MUSCLE PHARM &#8211; MASTERON M-JECT100 &#8211; Muscle Pharm &#8211; Masteron (Propionato de Drostanolona) \u00e9 um ester\u00f3ide injet\u00e1vel sol\u00favel<\/p>\n","protected":false},"featured_media":5973,"comment_status":"open","ping_status":"closed","template":"","meta":[],"product_brand":[],"product_cat":[69],"product_tag":[],"class_list":{"0":"post-5972","1":"product","2":"type-product","3":"status-publish","4":"has-post-thumbnail","6":"product_cat-esteroides_inyectables","8":"first","9":"instock","10":"sale","11":"shipping-taxable","12":"purchasable","13":"product-type-simple"},"yoast_head":"<!-- This site is optimized with the Yoast SEO Premium plugin v24.4 (Yoast SEO v27.0) - https:\/\/yoast.com\/product\/yoast-seo-premium-wordpress\/ -->\n<title>M-JECT 100,MASTERON 10ml - Drostanolone propionate - Ester\u00f3ides Online<\/title>\n<meta name=\"description\" content=\"M-JECT100 (Propionato de Drostanolona) \u00e9 um esteroide injet\u00e1vel, n\u00e3o aromatizante, usado para firmeza, densidade muscular e ciclos de corte.\" \/>\n<meta name=\"robots\" content=\"index, follow, max-snippet:-1, max-image-preview:large, max-video-preview:-1\" \/>\n<link rel=\"canonical\" href=\"https:\/\/iberoid.com\/pt\/product\/m-ject-100-10ml-drostanolone-propionate-masteron100mg\/\" \/>\n<meta property=\"og:locale\" content=\"pt_PT\" \/>\n<meta property=\"og:type\" content=\"article\" \/>\n<meta property=\"og:title\" content=\"M-JECT 100,MASTERON 10ml - Drostanolone propionate\" \/>\n<meta property=\"og:description\" content=\"M-JECT100 (Propionato de Drostanolona) \u00e9 um esteroide injet\u00e1vel, n\u00e3o aromatizante, usado para firmeza, densidade muscular e ciclos de corte.\" \/>\n<meta property=\"og:url\" content=\"https:\/\/iberoid.com\/pt\/product\/m-ject-100-10ml-drostanolone-propionate-masteron100mg\/\" \/>\n<meta property=\"og:site_name\" content=\"Ester\u00f3ides Online\" \/>\n<meta property=\"article:modified_time\" content=\"2026-03-04T15:50:56+00:00\" \/>\n<meta property=\"og:image\" content=\"https:\/\/iberoid.com\/wp-content\/uploads\/2021\/04\/mject-scaled.jpg?v=1678120020\" \/>\n\t<meta property=\"og:image:width\" content=\"2560\" \/>\n\t<meta property=\"og:image:height\" content=\"2058\" \/>\n\t<meta property=\"og:image:type\" content=\"image\/jpeg\" \/>\n<meta name=\"twitter:card\" content=\"summary_large_image\" \/>\n<meta name=\"twitter:label1\" content=\"pre\u00e7o\" \/>\n\t<meta name=\"twitter:data1\" content=\"&euro;40.00\" \/>\n\t<meta name=\"twitter:label2\" content=\"Disponibilidade\" \/>\n\t<meta name=\"twitter:data2\" content=\"Em stock\" \/>\n<script type=\"application\/ld+json\" class=\"yoast-schema-graph\">{\"@context\":\"https:\/\/schema.org\",\"@graph\":[{\"@type\":\"WebPage\",\"@id\":\"https:\/\/iberoid.com\/pt\/product\/m-ject-100-10ml-drostanolone-propionate-masteron100mg\/\",\"url\":\"https:\/\/iberoid.com\/pt\/product\/m-ject-100-10ml-drostanolone-propionate-masteron100mg\/\",\"name\":\"M-JECT 100,MASTERON 10ml - Drostanolone propionate - Ester\u00f3ides Online\",\"isPartOf\":{\"@id\":\"https:\/\/iberoid-shop.com\/#website\"},\"primaryImageOfPage\":{\"@id\":\"https:\/\/iberoid.com\/pt\/product\/m-ject-100-10ml-drostanolone-propionate-masteron100mg\/#primaryimage\"},\"image\":{\"@id\":\"https:\/\/iberoid.com\/pt\/product\/m-ject-100-10ml-drostanolone-propionate-masteron100mg\/#primaryimage\"},\"thumbnailUrl\":\"https:\/\/iberoid.com\/wp-content\/uploads\/2021\/04\/mject-scaled.jpg?v=1678120020\",\"datePublished\":\"2021-04-10T16:05:00+00:00\",\"dateModified\":\"2026-03-04T15:50:56+00:00\",\"description\":\"M-JECT100 (Propionato de Drostanolona) \u00e9 um esteroide injet\u00e1vel, n\u00e3o aromatizante, usado para firmeza, densidade muscular e ciclos de corte.\",\"breadcrumb\":{\"@id\":\"https:\/\/iberoid.com\/pt\/product\/m-ject-100-10ml-drostanolone-propionate-masteron100mg\/#breadcrumb\"},\"inLanguage\":\"pt-PT\",\"potentialAction\":[{\"@type\":\"ReadAction\",\"target\":[[\"https:\/\/iberoid.com\/pt\/product\/m-ject-100-10ml-drostanolone-propionate-masteron100mg\/\"]]}]},{\"@type\":\"ImageObject\",\"inLanguage\":\"pt-PT\",\"@id\":\"https:\/\/iberoid.com\/pt\/product\/m-ject-100-10ml-drostanolone-propionate-masteron100mg\/#primaryimage\",\"url\":\"https:\/\/iberoid.com\/wp-content\/uploads\/2021\/04\/mject-scaled.jpg?v=1678120020\",\"contentUrl\":\"https:\/\/iberoid.com\/wp-content\/uploads\/2021\/04\/mject-scaled.jpg?v=1678120020\",\"width\":2560,\"height\":2058},{\"@type\":\"BreadcrumbList\",\"@id\":\"https:\/\/iberoid.com\/pt\/product\/m-ject-100-10ml-drostanolone-propionate-masteron100mg\/#breadcrumb\",\"itemListElement\":[{\"@type\":\"ListItem\",\"position\":1,\"name\":\"Portada\",\"item\":\"https:\/\/iberoid.com\/pt\/\"},{\"@type\":\"ListItem\",\"position\":2,\"name\":\"Loja\",\"item\":\"https:\/\/iberoid.com\/pt\/shop\/\"},{\"@type\":\"ListItem\",\"position\":3,\"name\":\"M-JECT 100,MASTERON 10ml &#8211; Drostanolone propionate\"}]},{\"@type\":\"WebSite\",\"@id\":\"https:\/\/iberoid-shop.com\/#website\",\"url\":\"https:\/\/iberoid-shop.com\/\",\"name\":\"Ester\u00f3ides Online\",\"description\":\"Compre ester\u00f3ides online hoje em Espanha e Portugal. Temos o melhor servi\u00e7o ao cliente do setor e produtos da mais alta qualidade\",\"potentialAction\":[{\"@type\":\"SearchAction\",\"target\":{\"@type\":\"EntryPoint\",\"urlTemplate\":\"https:\/\/iberoid-shop.com\/?s={search_term_string}\"},\"query-input\":{\"@type\":\"PropertyValueSpecification\",\"valueRequired\":true,\"valueName\":\"search_term_string\"}}],\"inLanguage\":\"pt-PT\"}]}<\/script>\n<meta property=\"product:brand\" content=\"Muscle Pharm\" \/>\n<meta property=\"product:price:amount\" content=\"40.00\" \/>\n<meta property=\"product:price:currency\" content=\"EUR\" \/>\n<meta property=\"og:availability\" content=\"instock\" \/>\n<meta property=\"product:availability\" content=\"instock\" \/>\n<meta property=\"product:condition\" content=\"new\" \/>\n<!-- \/ Yoast SEO Premium plugin. -->","yoast_head_json":{"title":"M-JECT 100,MASTERON 10ml - Drostanolone propionate - Ester\u00f3ides Online","description":"M-JECT100 (Propionato de Drostanolona) \u00e9 um esteroide injet\u00e1vel, n\u00e3o aromatizante, usado para firmeza, densidade muscular e ciclos de corte.","robots":{"index":"index","follow":"follow","max-snippet":"max-snippet:-1","max-image-preview":"max-image-preview:large","max-video-preview":"max-video-preview:-1"},"canonical":"https:\/\/iberoid.com\/pt\/product\/m-ject-100-10ml-drostanolone-propionate-masteron100mg\/","og_locale":"pt_PT","og_type":"article","og_title":"M-JECT 100,MASTERON 10ml - Drostanolone propionate","og_description":"M-JECT100 (Propionato de Drostanolona) \u00e9 um esteroide injet\u00e1vel, n\u00e3o aromatizante, usado para firmeza, densidade muscular e ciclos de corte.","og_url":"https:\/\/iberoid.com\/pt\/product\/m-ject-100-10ml-drostanolone-propionate-masteron100mg\/","og_site_name":"Ester\u00f3ides Online","article_modified_time":"2026-03-04T15:50:56+00:00","og_image":[{"width":2560,"height":2058,"url":"https:\/\/iberoid.com\/wp-content\/uploads\/2021\/04\/mject-scaled.jpg?v=1678120020","type":"image\/jpeg"}],"twitter_card":"summary_large_image","twitter_misc":{"pre\u00e7o":"&euro;40.00","Disponibilidade":"Em stock"},"schema":{"@context":"https:\/\/schema.org","@graph":[{"@type":"WebPage","@id":"https:\/\/iberoid.com\/pt\/product\/m-ject-100-10ml-drostanolone-propionate-masteron100mg\/","url":"https:\/\/iberoid.com\/pt\/product\/m-ject-100-10ml-drostanolone-propionate-masteron100mg\/","name":"M-JECT 100,MASTERON 10ml - Drostanolone propionate - Ester\u00f3ides Online","isPartOf":{"@id":"https:\/\/iberoid-shop.com\/#website"},"primaryImageOfPage":{"@id":"https:\/\/iberoid.com\/pt\/product\/m-ject-100-10ml-drostanolone-propionate-masteron100mg\/#primaryimage"},"image":{"@id":"https:\/\/iberoid.com\/pt\/product\/m-ject-100-10ml-drostanolone-propionate-masteron100mg\/#primaryimage"},"thumbnailUrl":"https:\/\/iberoid.com\/wp-content\/uploads\/2021\/04\/mject-scaled.jpg?v=1678120020","datePublished":"2021-04-10T16:05:00+00:00","dateModified":"2026-03-04T15:50:56+00:00","description":"M-JECT100 (Propionato de Drostanolona) \u00e9 um esteroide injet\u00e1vel, n\u00e3o aromatizante, usado para firmeza, densidade muscular e ciclos de corte.","breadcrumb":{"@id":"https:\/\/iberoid.com\/pt\/product\/m-ject-100-10ml-drostanolone-propionate-masteron100mg\/#breadcrumb"},"inLanguage":"pt-PT","potentialAction":[{"@type":"ReadAction","target":[["https:\/\/iberoid.com\/pt\/product\/m-ject-100-10ml-drostanolone-propionate-masteron100mg\/"]]}]},{"@type":"ImageObject","inLanguage":"pt-PT","@id":"https:\/\/iberoid.com\/pt\/product\/m-ject-100-10ml-drostanolone-propionate-masteron100mg\/#primaryimage","url":"https:\/\/iberoid.com\/wp-content\/uploads\/2021\/04\/mject-scaled.jpg?v=1678120020","contentUrl":"https:\/\/iberoid.com\/wp-content\/uploads\/2021\/04\/mject-scaled.jpg?v=1678120020","width":2560,"height":2058},{"@type":"BreadcrumbList","@id":"https:\/\/iberoid.com\/pt\/product\/m-ject-100-10ml-drostanolone-propionate-masteron100mg\/#breadcrumb","itemListElement":[{"@type":"ListItem","position":1,"name":"Portada","item":"https:\/\/iberoid.com\/pt\/"},{"@type":"ListItem","position":2,"name":"Loja","item":"https:\/\/iberoid.com\/pt\/shop\/"},{"@type":"ListItem","position":3,"name":"M-JECT 100,MASTERON 10ml &#8211; Drostanolone propionate"}]},{"@type":"WebSite","@id":"https:\/\/iberoid-shop.com\/#website","url":"https:\/\/iberoid-shop.com\/","name":"Ester\u00f3ides Online","description":"Compre ester\u00f3ides online hoje em Espanha e Portugal. Temos o melhor servi\u00e7o ao cliente do setor e produtos da mais alta qualidade","potentialAction":[{"@type":"SearchAction","target":{"@type":"EntryPoint","urlTemplate":"https:\/\/iberoid-shop.com\/?s={search_term_string}"},"query-input":{"@type":"PropertyValueSpecification","valueRequired":true,"valueName":"search_term_string"}}],"inLanguage":"pt-PT"}]},"product_brand":"Muscle Pharm","product_price_amount":"40.00","product_price_currency":"EUR","og_availability":"instock","product_availability":"instock","product_condition":"new"},"_links":{"self":[{"href":"https:\/\/iberoid.com\/pt\/wp-json\/wp\/v2\/product\/5972","targetHints":{"allow":["GET"]}}],"collection":[{"href":"https:\/\/iberoid.com\/pt\/wp-json\/wp\/v2\/product"}],"about":[{"href":"https:\/\/iberoid.com\/pt\/wp-json\/wp\/v2\/types\/product"}],"replies":[{"embeddable":true,"href":"https:\/\/iberoid.com\/pt\/wp-json\/wp\/v2\/comments?post=5972"}],"wp:featuredmedia":[{"embeddable":true,"href":"https:\/\/iberoid.com\/pt\/wp-json\/wp\/v2\/media\/5973"}],"wp:attachment":[{"href":"https:\/\/iberoid.com\/pt\/wp-json\/wp\/v2\/media?parent=5972"}],"wp:term":[{"taxonomy":"product_brand","embeddable":true,"href":"https:\/\/iberoid.com\/pt\/wp-json\/wp\/v2\/product_brand?post=5972"},{"taxonomy":"product_cat","embeddable":true,"href":"https:\/\/iberoid.com\/pt\/wp-json\/wp\/v2\/product_cat?post=5972"},{"taxonomy":"product_tag","embeddable":true,"href":"https:\/\/iberoid.com\/pt\/wp-json\/wp\/v2\/product_tag?post=5972"}],"curies":[{"name":"wp","href":"https:\/\/api.w.org\/{rel}","templated":true}]}}