{"id":5974,"date":"2021-04-10T16:09:22","date_gmt":"2021-04-10T16:09:22","guid":{"rendered":"https:\/\/iberoid.com\/?post_type=product&#038;p=5974"},"modified":"2026-02-08T12:20:47","modified_gmt":"2026-02-08T12:20:47","slug":"b-ject-200-10ml-boldenone-undecylenate-1ml-200mg","status":"publish","type":"product","link":"https:\/\/iberoid.com\/pt\/product\/b-ject-200-10ml-boldenone-undecylenate-1ml-200mg\/","title":{"rendered":"B-JECT 200 10ml &#8211; Boldenone undecylenate"},"content":{"rendered":"<p>B-JECT 200 \u00e9 um ester\u00f3ide que ser\u00e1 uma forma de ester\u00f3ide injet\u00e1vel de a\u00e7\u00e3o prolongada. As inje\u00e7\u00f5es de boldenona s\u00e3o iguais a outros ester\u00f3ides sint\u00e9ticos. \u00c9 um potente agente anab\u00f3lico em baixas doses e em altas doses, possui propriedades anab\u00f3licas e androg\u00eanicas. Em doses baixas, pode fortalecer o corpo quando a dieta \u00e9 rica em calorias. Boldenona \u00e9 uma forma modificada de testosterona. \u00c9 diferente pelo pref\u00e1cio de uma liga\u00e7\u00e3o dupla entre carbonos que reduz sua estrogenicidade e androgenicidade relativas.<\/p>\n<p>O que \u00e9 o undecilenato de boldenona?<\/p>\n<p>As inje\u00e7\u00f5es de boldenona s\u00e3o basicamente o mesmo horm\u00f4nio que o dianabol, exceto por uma grande mudan\u00e7a. As enzimas em seu f\u00edgado ser\u00e3o eventualmente clivadas da cadeia de \u00e9ster do horm\u00f4nio Boldenona, finalmente liberando-o para que possa interagir com os receptores de andr\u00f3genos em suas c\u00e9lulas musculares.<\/p>\n<p>Quais s\u00e3o os efeitos colaterais do Undecilenato de boldenona?<\/p>\n<p>O problema majorit\u00e1rio com o equil\u00edbrio \u00e9 conhecido por causar acne nas costas e nos ombros do t\u00f3rax. portanto, se voc\u00ea tem tend\u00eancia a acne, certifique-se de usar sabonete e lo\u00e7\u00e3o antibacteriana e anti-acne diariamente.<\/p>\n<p>Mais um efeito colateral de natureza aned\u00f3tica \u00e9 o aumento do apetite, relatado por muitos usu\u00e1rios do setor. V\u00e1rios clientes com quem trabalho relataram fome e desejos constantes, o que \u00e9 algo a se considerar se voc\u00ea estiver cortando com equil\u00edbrio. Eu sugiro que voc\u00ea comece com uma dose mais baixa de EQ se voc\u00ea estiver cortando para controlar poss\u00edveis problemas de apetite.<\/p>\n<p>Qual \u00e9 a meia-vida do undecilenato de boldenona?<\/p>\n<p>Boldenone tem meia-vida muito longa de 14 dias. Al\u00e9m disso, pode permanecer no corpo por meses ou mesmo anos e, portanto, n\u00e3o \u00e9 recomendado para uso durante temporadas de esportes ativos, pois o teste do usu\u00e1rio \u00e9 positivo.<\/p>\n<p>Que dosagens usar?<\/p>\n<p>\u00c9 usado por atletas e fisiculturistas para aumentar a massa muscular de resist\u00eancia e a produ\u00e7\u00e3o de gl\u00f3bulos vermelhos no corpo. \u00c9 mais conhecido por fornecer ganhos lentos, mas constantes, durante os ciclos de volume. EQ pode ser usado em dosagens que variam de 200 mg a 600 mg por semana por at\u00e9 12 semanas.<\/p>\n<p>No uso m\u00e9dico, o equipoise pode promover o fator de estimula\u00e7\u00e3o da eritropoietina (EPO) que, por sua vez, estimula o crescimento da medula \u00f3ssea que leva a um aumento da produ\u00e7\u00e3o de gl\u00f3bulos vermelhos. Mais gl\u00f3bulos vermelhos significa mais hemoglobina e maior capacidade de transporte de oxig\u00eanio. O EQ tamb\u00e9m pode resultar em altera\u00e7\u00f5es nos n\u00edveis de eletr\u00f3litos por causa de suas potentes propriedades mineralocortic\u00f3ides.<\/p>\n<p>Para os homens, a dose m\u00e9dia \u00e9 de 400 a 600 mg por semana, mas tenho visto caras irem at\u00e9 1000 mg por semana, desde que os auxiliares de ciclo sejam usados<\/p>","protected":false},"excerpt":{"rendered":"<p>B-JECT 200 \u00e9 um ester\u00f3ide que ser\u00e1 uma forma de ester\u00f3ide injet\u00e1vel de a\u00e7\u00e3o prolongada. As inje\u00e7\u00f5es de boldenona s\u00e3o<\/p>\n","protected":false},"featured_media":5975,"comment_status":"open","ping_status":"closed","template":"","meta":[],"product_brand":[],"product_cat":[69],"product_tag":[],"class_list":{"0":"post-5974","1":"product","2":"type-product","3":"status-publish","4":"has-post-thumbnail","6":"product_cat-esteroides_inyectables","8":"first","9":"instock","10":"shipping-taxable","11":"purchasable","12":"product-type-simple"},"yoast_head":"<!-- This site is optimized with the Yoast SEO Premium plugin v24.4 (Yoast SEO v27.0) - https:\/\/yoast.com\/product\/yoast-seo-premium-wordpress\/ -->\n<title>B-JECT 200 10ml - Boldenone undecylenate - Ester\u00f3ides Online<\/title>\n<meta name=\"description\" content=\"B-JECT 200 (Undecilenato de Boldenona) \u00e9 um esteroide de a\u00e7\u00e3o prolongada que aumenta massa muscular, resist\u00eancia, gl\u00f3bulos vermelhos e tem baixos efeitos estrog\u00eanicos.\" \/>\n<meta name=\"robots\" content=\"index, follow, max-snippet:-1, max-image-preview:large, max-video-preview:-1\" \/>\n<link rel=\"canonical\" href=\"https:\/\/iberoid.com\/pt\/product\/b-ject-200-10ml-boldenone-undecylenate-1ml-200mg\/\" \/>\n<meta property=\"og:locale\" content=\"pt_PT\" \/>\n<meta property=\"og:type\" content=\"article\" \/>\n<meta property=\"og:title\" content=\"B-JECT 200 10ml - Boldenone undecylenate\" \/>\n<meta property=\"og:description\" content=\"B-JECT 200 (Undecilenato de Boldenona) \u00e9 um esteroide de a\u00e7\u00e3o prolongada que aumenta massa muscular, resist\u00eancia, gl\u00f3bulos vermelhos e tem baixos efeitos estrog\u00eanicos.\" \/>\n<meta property=\"og:url\" content=\"https:\/\/iberoid.com\/pt\/product\/b-ject-200-10ml-boldenone-undecylenate-1ml-200mg\/\" \/>\n<meta property=\"og:site_name\" content=\"Ester\u00f3ides Online\" \/>\n<meta property=\"article:modified_time\" content=\"2026-02-08T12:20:47+00:00\" \/>\n<meta property=\"og:image\" content=\"https:\/\/iberoid.com\/wp-content\/uploads\/2021\/04\/bject-scaled.jpg?v=1767984011\" \/>\n\t<meta property=\"og:image:width\" content=\"2560\" \/>\n\t<meta property=\"og:image:height\" content=\"2058\" \/>\n\t<meta property=\"og:image:type\" content=\"image\/jpeg\" \/>\n<meta name=\"twitter:card\" content=\"summary_large_image\" \/>\n<meta name=\"twitter:label1\" content=\"pre\u00e7o\" \/>\n\t<meta name=\"twitter:data1\" content=\"&euro;30.00\" \/>\n\t<meta name=\"twitter:label2\" content=\"Disponibilidade\" \/>\n\t<meta name=\"twitter:data2\" content=\"Em stock\" \/>\n<script type=\"application\/ld+json\" class=\"yoast-schema-graph\">{\"@context\":\"https:\/\/schema.org\",\"@graph\":[{\"@type\":\"WebPage\",\"@id\":\"https:\/\/iberoid.com\/pt\/product\/b-ject-200-10ml-boldenone-undecylenate-1ml-200mg\/\",\"url\":\"https:\/\/iberoid.com\/pt\/product\/b-ject-200-10ml-boldenone-undecylenate-1ml-200mg\/\",\"name\":\"B-JECT 200 10ml - Boldenone undecylenate - Ester\u00f3ides Online\",\"isPartOf\":{\"@id\":\"https:\/\/iberoid-shop.com\/#website\"},\"primaryImageOfPage\":{\"@id\":\"https:\/\/iberoid.com\/pt\/product\/b-ject-200-10ml-boldenone-undecylenate-1ml-200mg\/#primaryimage\"},\"image\":{\"@id\":\"https:\/\/iberoid.com\/pt\/product\/b-ject-200-10ml-boldenone-undecylenate-1ml-200mg\/#primaryimage\"},\"thumbnailUrl\":\"https:\/\/iberoid.com\/wp-content\/uploads\/2021\/04\/bject-scaled.jpg?v=1767984011\",\"datePublished\":\"2021-04-10T16:09:22+00:00\",\"dateModified\":\"2026-02-08T12:20:47+00:00\",\"description\":\"B-JECT 200 (Undecilenato de Boldenona) \u00e9 um esteroide de a\u00e7\u00e3o prolongada que aumenta massa muscular, resist\u00eancia, gl\u00f3bulos vermelhos e tem baixos efeitos estrog\u00eanicos.\",\"breadcrumb\":{\"@id\":\"https:\/\/iberoid.com\/pt\/product\/b-ject-200-10ml-boldenone-undecylenate-1ml-200mg\/#breadcrumb\"},\"inLanguage\":\"pt-PT\",\"potentialAction\":[{\"@type\":\"ReadAction\",\"target\":[[\"https:\/\/iberoid.com\/pt\/product\/b-ject-200-10ml-boldenone-undecylenate-1ml-200mg\/\"]]}]},{\"@type\":\"ImageObject\",\"inLanguage\":\"pt-PT\",\"@id\":\"https:\/\/iberoid.com\/pt\/product\/b-ject-200-10ml-boldenone-undecylenate-1ml-200mg\/#primaryimage\",\"url\":\"https:\/\/iberoid.com\/wp-content\/uploads\/2021\/04\/bject-scaled.jpg?v=1767984011\",\"contentUrl\":\"https:\/\/iberoid.com\/wp-content\/uploads\/2021\/04\/bject-scaled.jpg?v=1767984011\",\"width\":2560,\"height\":2058},{\"@type\":\"BreadcrumbList\",\"@id\":\"https:\/\/iberoid.com\/pt\/product\/b-ject-200-10ml-boldenone-undecylenate-1ml-200mg\/#breadcrumb\",\"itemListElement\":[{\"@type\":\"ListItem\",\"position\":1,\"name\":\"Portada\",\"item\":\"https:\/\/iberoid.com\/pt\/\"},{\"@type\":\"ListItem\",\"position\":2,\"name\":\"Loja\",\"item\":\"https:\/\/iberoid.com\/pt\/shop\/\"},{\"@type\":\"ListItem\",\"position\":3,\"name\":\"B-JECT 200 10ml &#8211; Boldenone undecylenate\"}]},{\"@type\":\"WebSite\",\"@id\":\"https:\/\/iberoid-shop.com\/#website\",\"url\":\"https:\/\/iberoid-shop.com\/\",\"name\":\"Ester\u00f3ides Online\",\"description\":\"Compre ester\u00f3ides online hoje em Espanha e Portugal. Temos o melhor servi\u00e7o ao cliente do setor e produtos da mais alta qualidade\",\"potentialAction\":[{\"@type\":\"SearchAction\",\"target\":{\"@type\":\"EntryPoint\",\"urlTemplate\":\"https:\/\/iberoid-shop.com\/?s={search_term_string}\"},\"query-input\":{\"@type\":\"PropertyValueSpecification\",\"valueRequired\":true,\"valueName\":\"search_term_string\"}}],\"inLanguage\":\"pt-PT\"}]}<\/script>\n<meta property=\"product:brand\" content=\"Muscle Pharm\" \/>\n<meta property=\"product:price:amount\" content=\"30.00\" \/>\n<meta property=\"product:price:currency\" content=\"EUR\" \/>\n<meta property=\"og:availability\" content=\"instock\" \/>\n<meta property=\"product:availability\" content=\"instock\" \/>\n<meta property=\"product:condition\" content=\"new\" \/>\n<!-- \/ Yoast SEO Premium plugin. -->","yoast_head_json":{"title":"B-JECT 200 10ml - Boldenone undecylenate - Ester\u00f3ides Online","description":"B-JECT 200 (Undecilenato de Boldenona) \u00e9 um esteroide de a\u00e7\u00e3o prolongada que aumenta massa muscular, resist\u00eancia, gl\u00f3bulos vermelhos e tem baixos efeitos estrog\u00eanicos.","robots":{"index":"index","follow":"follow","max-snippet":"max-snippet:-1","max-image-preview":"max-image-preview:large","max-video-preview":"max-video-preview:-1"},"canonical":"https:\/\/iberoid.com\/pt\/product\/b-ject-200-10ml-boldenone-undecylenate-1ml-200mg\/","og_locale":"pt_PT","og_type":"article","og_title":"B-JECT 200 10ml - Boldenone undecylenate","og_description":"B-JECT 200 (Undecilenato de Boldenona) \u00e9 um esteroide de a\u00e7\u00e3o prolongada que aumenta massa muscular, resist\u00eancia, gl\u00f3bulos vermelhos e tem baixos efeitos estrog\u00eanicos.","og_url":"https:\/\/iberoid.com\/pt\/product\/b-ject-200-10ml-boldenone-undecylenate-1ml-200mg\/","og_site_name":"Ester\u00f3ides Online","article_modified_time":"2026-02-08T12:20:47+00:00","og_image":[{"width":2560,"height":2058,"url":"https:\/\/iberoid.com\/wp-content\/uploads\/2021\/04\/bject-scaled.jpg?v=1767984011","type":"image\/jpeg"}],"twitter_card":"summary_large_image","twitter_misc":{"pre\u00e7o":"&euro;30.00","Disponibilidade":"Em stock"},"schema":{"@context":"https:\/\/schema.org","@graph":[{"@type":"WebPage","@id":"https:\/\/iberoid.com\/pt\/product\/b-ject-200-10ml-boldenone-undecylenate-1ml-200mg\/","url":"https:\/\/iberoid.com\/pt\/product\/b-ject-200-10ml-boldenone-undecylenate-1ml-200mg\/","name":"B-JECT 200 10ml - Boldenone undecylenate - Ester\u00f3ides Online","isPartOf":{"@id":"https:\/\/iberoid-shop.com\/#website"},"primaryImageOfPage":{"@id":"https:\/\/iberoid.com\/pt\/product\/b-ject-200-10ml-boldenone-undecylenate-1ml-200mg\/#primaryimage"},"image":{"@id":"https:\/\/iberoid.com\/pt\/product\/b-ject-200-10ml-boldenone-undecylenate-1ml-200mg\/#primaryimage"},"thumbnailUrl":"https:\/\/iberoid.com\/wp-content\/uploads\/2021\/04\/bject-scaled.jpg?v=1767984011","datePublished":"2021-04-10T16:09:22+00:00","dateModified":"2026-02-08T12:20:47+00:00","description":"B-JECT 200 (Undecilenato de Boldenona) \u00e9 um esteroide de a\u00e7\u00e3o prolongada que aumenta massa muscular, resist\u00eancia, gl\u00f3bulos vermelhos e tem baixos efeitos estrog\u00eanicos.","breadcrumb":{"@id":"https:\/\/iberoid.com\/pt\/product\/b-ject-200-10ml-boldenone-undecylenate-1ml-200mg\/#breadcrumb"},"inLanguage":"pt-PT","potentialAction":[{"@type":"ReadAction","target":[["https:\/\/iberoid.com\/pt\/product\/b-ject-200-10ml-boldenone-undecylenate-1ml-200mg\/"]]}]},{"@type":"ImageObject","inLanguage":"pt-PT","@id":"https:\/\/iberoid.com\/pt\/product\/b-ject-200-10ml-boldenone-undecylenate-1ml-200mg\/#primaryimage","url":"https:\/\/iberoid.com\/wp-content\/uploads\/2021\/04\/bject-scaled.jpg?v=1767984011","contentUrl":"https:\/\/iberoid.com\/wp-content\/uploads\/2021\/04\/bject-scaled.jpg?v=1767984011","width":2560,"height":2058},{"@type":"BreadcrumbList","@id":"https:\/\/iberoid.com\/pt\/product\/b-ject-200-10ml-boldenone-undecylenate-1ml-200mg\/#breadcrumb","itemListElement":[{"@type":"ListItem","position":1,"name":"Portada","item":"https:\/\/iberoid.com\/pt\/"},{"@type":"ListItem","position":2,"name":"Loja","item":"https:\/\/iberoid.com\/pt\/shop\/"},{"@type":"ListItem","position":3,"name":"B-JECT 200 10ml &#8211; Boldenone undecylenate"}]},{"@type":"WebSite","@id":"https:\/\/iberoid-shop.com\/#website","url":"https:\/\/iberoid-shop.com\/","name":"Ester\u00f3ides Online","description":"Compre ester\u00f3ides online hoje em Espanha e Portugal. Temos o melhor servi\u00e7o ao cliente do setor e produtos da mais alta qualidade","potentialAction":[{"@type":"SearchAction","target":{"@type":"EntryPoint","urlTemplate":"https:\/\/iberoid-shop.com\/?s={search_term_string}"},"query-input":{"@type":"PropertyValueSpecification","valueRequired":true,"valueName":"search_term_string"}}],"inLanguage":"pt-PT"}]},"product_brand":"Muscle Pharm","product_price_amount":"30.00","product_price_currency":"EUR","og_availability":"instock","product_availability":"instock","product_condition":"new"},"_links":{"self":[{"href":"https:\/\/iberoid.com\/pt\/wp-json\/wp\/v2\/product\/5974","targetHints":{"allow":["GET"]}}],"collection":[{"href":"https:\/\/iberoid.com\/pt\/wp-json\/wp\/v2\/product"}],"about":[{"href":"https:\/\/iberoid.com\/pt\/wp-json\/wp\/v2\/types\/product"}],"replies":[{"embeddable":true,"href":"https:\/\/iberoid.com\/pt\/wp-json\/wp\/v2\/comments?post=5974"}],"wp:featuredmedia":[{"embeddable":true,"href":"https:\/\/iberoid.com\/pt\/wp-json\/wp\/v2\/media\/5975"}],"wp:attachment":[{"href":"https:\/\/iberoid.com\/pt\/wp-json\/wp\/v2\/media?parent=5974"}],"wp:term":[{"taxonomy":"product_brand","embeddable":true,"href":"https:\/\/iberoid.com\/pt\/wp-json\/wp\/v2\/product_brand?post=5974"},{"taxonomy":"product_cat","embeddable":true,"href":"https:\/\/iberoid.com\/pt\/wp-json\/wp\/v2\/product_cat?post=5974"},{"taxonomy":"product_tag","embeddable":true,"href":"https:\/\/iberoid.com\/pt\/wp-json\/wp\/v2\/product_tag?post=5974"}],"curies":[{"name":"wp","href":"https:\/\/api.w.org\/{rel}","templated":true}]}}