{"id":5999,"date":"2021-04-18T19:39:49","date_gmt":"2021-04-18T19:39:49","guid":{"rendered":"https:\/\/iberoid.com\/?post_type=product&#038;p=5999"},"modified":"2025-11-12T09:39:40","modified_gmt":"2025-11-12T09:39:40","slug":"nandroged-ph-nandrolon-phenyl","status":"publish","type":"product","link":"https:\/\/iberoid.com\/pt\/product\/nandroged-ph-nandrolon-phenyl\/","title":{"rendered":"NANDROGED PH &#8211; NANDROLON PHENY"},"content":{"rendered":"<p>O fenilpropionato de nandrolona \u00e9 um medicamento ester\u00f3ide amplamente utilizado na comunidade de fisiculturistas. A EPF fabrica essa prepara\u00e7\u00e3o sob o nome comercial de Nandroged-Ph, que chega ao mercado farmac\u00eautico na forma injet\u00e1vel.<\/p>\n<p>Quimicamente, este produto \u00e9 muito semelhante ao Deca, mas tem uma forma mais curta de \u00e9ster. O \u00e9ster fenilpropionato permite que esta droga ester\u00f3ide seja liberada mais rapidamente na corrente sangu\u00ednea de um esportista. No entanto, sendo uma forma de \u00e9ster mais curta, o Nandroged-Ph requer que as inje\u00e7\u00f5es sejam feitas com mais frequ\u00eancia. Muitos fisiculturistas acham esse fato positivo, porque as inje\u00e7\u00f5es frequentes permitem que eles controlem seus n\u00edveis hormonais com mais facilidade. Para adquirir este medicamento eficaz agora, visite nossa loja online em stero-market.com.<\/p>\n<p>Muitos fisiculturistas do sexo masculino consideram o Nandroged-Ph a melhor droga ester\u00f3ide para seu ciclo. Esse ponto de vista pode ser explicado pela taxa potencial de efeitos colaterais e resultados positivos. Normalmente, a subst\u00e2ncia \u00e9 injetada 4-5 vezes por semana, o que minimiza a convers\u00e3o de estrog\u00eanio e um problema t\u00e3o popular como a ginecomastia. Alguns problemas com press\u00e3o alta, enzimas hep\u00e1ticas ou n\u00edveis de colesterol s\u00e3o algumas vezes relatados, embora n\u00e3o com muita frequ\u00eancia.<\/p>\n<p>Junto com isso, todos os fisiculturistas ativos devem se lembrar que altas dosagens de Nandroged-Ph podem aumentar a probabilidade de efeitos indesej\u00e1veis. Em geral, o fenilpropionato de nandrolona \u00e9 considerado um medicamento ester\u00f3ide bem tolerado.<\/p>\n<p>Fisiculturistas podem usar Nandroged-Ph nas fases de corte e volume. A prepara\u00e7\u00e3o \u00e9 frequentemente combinada com medicamentos conhecidos como Oxymetholone, Methandienone ou Sustanon. Uma desvantagem que pode ser importante para muitos desportistas \u00e9 que a nandrolona pode ser detectada at\u00e9 um ano ap\u00f3s a \u00faltima utiliza\u00e7\u00e3o. Em muitos casos, esse recurso limita o uso deste medicamento ester\u00f3ide por fisiculturistas competitivos.<\/p>\n<p>Dosagem<\/p>\n<p>Se a dura\u00e7\u00e3o do seu ciclo de ester\u00f3ides n\u00e3o for superior a 10 semanas, voc\u00ea pode optar por combinar Nandroged-Ph com outras formas curtas de \u00e9ster. A combina\u00e7\u00e3o deste medicamento com a forma propionato de testosterona \u00e9 considerada uma solu\u00e7\u00e3o quase perfeita para muitos fisiculturistas. O \u00faltimo geralmente decide tomar cerca de 300 mg de Nandroged-Ph e propionato de testosterona semanalmente. A dura\u00e7\u00e3o do ciclo, neste caso, \u00e9 de cerca de 10 semanas. Ao mesmo tempo, os fisiculturistas nunca devem se esquecer de adicionar alguns inibidores de aromatiza\u00e7\u00e3o ao seu ciclo.<\/p>\n<p>Efeitos colaterais<\/p>\n<p>\u00c0s vezes, os fisiculturistas relatam algum grau de depress\u00e3o ap\u00f3s o uso de nandrolona. Em casos raros, este medicamento tamb\u00e9m pode causar alguns problemas de disfun\u00e7\u00e3o er\u00e9til e desejo sexual. No entanto, eles geralmente ocorrem apenas quando Nandroged-Ph \u00e9 usado em doses de 200-400 mg semanais e quando o fisiculturista n\u00e3o incorpora nenhuma suplementa\u00e7\u00e3o de testosterona em seu ciclo.<\/p>\n<p>A nandrolona pode ser administrada por qualquer desportista. Este \u00e9 um produto ester\u00f3ide muito eficaz, que fornece resultados positivos significativos e poucas a\u00e7\u00f5es indesej\u00e1veis. Nandroged-Ph pode ajudar um atleta a reduzir a gordura corporal e aumentar o tamanho e a for\u00e7a muscular.<\/p>\n<p>Muitos fisiculturistas relatam que este medicamento pode tornar a dor nos tend\u00f5es e nas articula\u00e7\u00f5es menos percept\u00edvel.<\/p>","protected":false},"excerpt":{"rendered":"<p>O fenilpropionato de nandrolona \u00e9 um medicamento ester\u00f3ide amplamente utilizado na comunidade de fisiculturistas. A EPF fabrica essa prepara\u00e7\u00e3o sob<\/p>\n","protected":false},"featured_media":6000,"comment_status":"open","ping_status":"closed","template":"","meta":[],"product_brand":[],"product_cat":[69],"product_tag":[],"class_list":{"0":"post-5999","1":"product","2":"type-product","3":"status-publish","4":"has-post-thumbnail","6":"product_cat-esteroides_inyectables","8":"first","9":"outofstock","10":"sale","11":"shipping-taxable","12":"purchasable","13":"product-type-simple"},"yoast_head":"<!-- This site is optimized with the Yoast SEO Premium plugin v24.4 (Yoast SEO v27.0) - https:\/\/yoast.com\/product\/yoast-seo-premium-wordpress\/ -->\n<title>NANDROGED PH - NANDROLON PHENY - Ester\u00f3ides Online<\/title>\n<meta name=\"description\" content=\"NANDROGED-PH (Fenilpropionato de Nandrolona) aumenta m\u00fasculos, for\u00e7a e perda de gordura com efeitos colaterais m\u00ednimos.\" \/>\n<meta name=\"robots\" content=\"index, follow, max-snippet:-1, max-image-preview:large, max-video-preview:-1\" \/>\n<link rel=\"canonical\" href=\"https:\/\/iberoid.com\/pt\/product\/nandroged-ph-nandrolon-phenyl\/\" \/>\n<meta property=\"og:locale\" content=\"pt_PT\" \/>\n<meta property=\"og:type\" content=\"article\" \/>\n<meta property=\"og:title\" content=\"NANDROGED PH - NANDROLON PHENY\" \/>\n<meta property=\"og:description\" content=\"NANDROGED-PH (Fenilpropionato de Nandrolona) aumenta m\u00fasculos, for\u00e7a e perda de gordura com efeitos colaterais m\u00ednimos.\" \/>\n<meta property=\"og:url\" content=\"https:\/\/iberoid.com\/pt\/product\/nandroged-ph-nandrolon-phenyl\/\" \/>\n<meta property=\"og:site_name\" content=\"Ester\u00f3ides Online\" \/>\n<meta property=\"article:modified_time\" content=\"2025-11-12T09:39:40+00:00\" \/>\n<meta property=\"og:image\" content=\"https:\/\/iberoid.com\/wp-content\/uploads\/2021\/04\/DECA-FENIL.jpg?v=1697732452\" \/>\n\t<meta property=\"og:image:width\" content=\"600\" \/>\n\t<meta property=\"og:image:height\" content=\"400\" \/>\n\t<meta property=\"og:image:type\" content=\"image\/jpeg\" \/>\n<meta name=\"twitter:card\" content=\"summary_large_image\" \/>\n<meta name=\"twitter:label1\" content=\"pre\u00e7o\" \/>\n\t<meta name=\"twitter:data1\" content=\"&euro;40.00\" \/>\n\t<meta name=\"twitter:label2\" content=\"Disponibilidade\" \/>\n\t<meta name=\"twitter:data2\" content=\"Esgotado\" \/>\n<script type=\"application\/ld+json\" class=\"yoast-schema-graph\">{\"@context\":\"https:\/\/schema.org\",\"@graph\":[{\"@type\":\"WebPage\",\"@id\":\"https:\/\/iberoid.com\/pt\/product\/nandroged-ph-nandrolon-phenyl\/\",\"url\":\"https:\/\/iberoid.com\/pt\/product\/nandroged-ph-nandrolon-phenyl\/\",\"name\":\"NANDROGED PH - NANDROLON PHENY - Ester\u00f3ides Online\",\"isPartOf\":{\"@id\":\"https:\/\/iberoid-shop.com\/#website\"},\"primaryImageOfPage\":{\"@id\":\"https:\/\/iberoid.com\/pt\/product\/nandroged-ph-nandrolon-phenyl\/#primaryimage\"},\"image\":{\"@id\":\"https:\/\/iberoid.com\/pt\/product\/nandroged-ph-nandrolon-phenyl\/#primaryimage\"},\"thumbnailUrl\":\"https:\/\/iberoid.com\/wp-content\/uploads\/2021\/04\/DECA-FENIL.jpg?v=1697732452\",\"datePublished\":\"2021-04-18T19:39:49+00:00\",\"dateModified\":\"2025-11-12T09:39:40+00:00\",\"description\":\"NANDROGED-PH (Fenilpropionato de Nandrolona) aumenta m\u00fasculos, for\u00e7a e perda de gordura com efeitos colaterais m\u00ednimos.\",\"breadcrumb\":{\"@id\":\"https:\/\/iberoid.com\/pt\/product\/nandroged-ph-nandrolon-phenyl\/#breadcrumb\"},\"inLanguage\":\"pt-PT\",\"potentialAction\":[{\"@type\":\"ReadAction\",\"target\":[[\"https:\/\/iberoid.com\/pt\/product\/nandroged-ph-nandrolon-phenyl\/\"]]}]},{\"@type\":\"ImageObject\",\"inLanguage\":\"pt-PT\",\"@id\":\"https:\/\/iberoid.com\/pt\/product\/nandroged-ph-nandrolon-phenyl\/#primaryimage\",\"url\":\"https:\/\/iberoid.com\/wp-content\/uploads\/2021\/04\/DECA-FENIL.jpg?v=1697732452\",\"contentUrl\":\"https:\/\/iberoid.com\/wp-content\/uploads\/2021\/04\/DECA-FENIL.jpg?v=1697732452\",\"width\":600,\"height\":400},{\"@type\":\"BreadcrumbList\",\"@id\":\"https:\/\/iberoid.com\/pt\/product\/nandroged-ph-nandrolon-phenyl\/#breadcrumb\",\"itemListElement\":[{\"@type\":\"ListItem\",\"position\":1,\"name\":\"Portada\",\"item\":\"https:\/\/iberoid.com\/pt\/\"},{\"@type\":\"ListItem\",\"position\":2,\"name\":\"Loja\",\"item\":\"https:\/\/iberoid.com\/pt\/shop\/\"},{\"@type\":\"ListItem\",\"position\":3,\"name\":\"NANDROGED PH &#8211; NANDROLON PHENY\"}]},{\"@type\":\"WebSite\",\"@id\":\"https:\/\/iberoid-shop.com\/#website\",\"url\":\"https:\/\/iberoid-shop.com\/\",\"name\":\"Ester\u00f3ides Online\",\"description\":\"Compre ester\u00f3ides online hoje em Espanha e Portugal. Temos o melhor servi\u00e7o ao cliente do setor e produtos da mais alta qualidade\",\"potentialAction\":[{\"@type\":\"SearchAction\",\"target\":{\"@type\":\"EntryPoint\",\"urlTemplate\":\"https:\/\/iberoid-shop.com\/?s={search_term_string}\"},\"query-input\":{\"@type\":\"PropertyValueSpecification\",\"valueRequired\":true,\"valueName\":\"search_term_string\"}}],\"inLanguage\":\"pt-PT\"}]}<\/script>\n<meta property=\"product:brand\" content=\"Euro Prime Pharmaceuticals (EPF)\" \/>\n<meta property=\"product:price:amount\" content=\"40.00\" \/>\n<meta property=\"product:price:currency\" content=\"EUR\" \/>\n<meta property=\"og:availability\" content=\"out of stock\" \/>\n<meta property=\"product:availability\" content=\"out of stock\" \/>\n<meta property=\"product:condition\" content=\"new\" \/>\n<!-- \/ Yoast SEO Premium plugin. -->","yoast_head_json":{"title":"NANDROGED PH - NANDROLON PHENY - Ester\u00f3ides Online","description":"NANDROGED-PH (Fenilpropionato de Nandrolona) aumenta m\u00fasculos, for\u00e7a e perda de gordura com efeitos colaterais m\u00ednimos.","robots":{"index":"index","follow":"follow","max-snippet":"max-snippet:-1","max-image-preview":"max-image-preview:large","max-video-preview":"max-video-preview:-1"},"canonical":"https:\/\/iberoid.com\/pt\/product\/nandroged-ph-nandrolon-phenyl\/","og_locale":"pt_PT","og_type":"article","og_title":"NANDROGED PH - NANDROLON PHENY","og_description":"NANDROGED-PH (Fenilpropionato de Nandrolona) aumenta m\u00fasculos, for\u00e7a e perda de gordura com efeitos colaterais m\u00ednimos.","og_url":"https:\/\/iberoid.com\/pt\/product\/nandroged-ph-nandrolon-phenyl\/","og_site_name":"Ester\u00f3ides Online","article_modified_time":"2025-11-12T09:39:40+00:00","og_image":[{"width":600,"height":400,"url":"https:\/\/iberoid.com\/wp-content\/uploads\/2021\/04\/DECA-FENIL.jpg?v=1697732452","type":"image\/jpeg"}],"twitter_card":"summary_large_image","twitter_misc":{"pre\u00e7o":"&euro;40.00","Disponibilidade":"Esgotado"},"schema":{"@context":"https:\/\/schema.org","@graph":[{"@type":"WebPage","@id":"https:\/\/iberoid.com\/pt\/product\/nandroged-ph-nandrolon-phenyl\/","url":"https:\/\/iberoid.com\/pt\/product\/nandroged-ph-nandrolon-phenyl\/","name":"NANDROGED PH - NANDROLON PHENY - Ester\u00f3ides Online","isPartOf":{"@id":"https:\/\/iberoid-shop.com\/#website"},"primaryImageOfPage":{"@id":"https:\/\/iberoid.com\/pt\/product\/nandroged-ph-nandrolon-phenyl\/#primaryimage"},"image":{"@id":"https:\/\/iberoid.com\/pt\/product\/nandroged-ph-nandrolon-phenyl\/#primaryimage"},"thumbnailUrl":"https:\/\/iberoid.com\/wp-content\/uploads\/2021\/04\/DECA-FENIL.jpg?v=1697732452","datePublished":"2021-04-18T19:39:49+00:00","dateModified":"2025-11-12T09:39:40+00:00","description":"NANDROGED-PH (Fenilpropionato de Nandrolona) aumenta m\u00fasculos, for\u00e7a e perda de gordura com efeitos colaterais m\u00ednimos.","breadcrumb":{"@id":"https:\/\/iberoid.com\/pt\/product\/nandroged-ph-nandrolon-phenyl\/#breadcrumb"},"inLanguage":"pt-PT","potentialAction":[{"@type":"ReadAction","target":[["https:\/\/iberoid.com\/pt\/product\/nandroged-ph-nandrolon-phenyl\/"]]}]},{"@type":"ImageObject","inLanguage":"pt-PT","@id":"https:\/\/iberoid.com\/pt\/product\/nandroged-ph-nandrolon-phenyl\/#primaryimage","url":"https:\/\/iberoid.com\/wp-content\/uploads\/2021\/04\/DECA-FENIL.jpg?v=1697732452","contentUrl":"https:\/\/iberoid.com\/wp-content\/uploads\/2021\/04\/DECA-FENIL.jpg?v=1697732452","width":600,"height":400},{"@type":"BreadcrumbList","@id":"https:\/\/iberoid.com\/pt\/product\/nandroged-ph-nandrolon-phenyl\/#breadcrumb","itemListElement":[{"@type":"ListItem","position":1,"name":"Portada","item":"https:\/\/iberoid.com\/pt\/"},{"@type":"ListItem","position":2,"name":"Loja","item":"https:\/\/iberoid.com\/pt\/shop\/"},{"@type":"ListItem","position":3,"name":"NANDROGED PH &#8211; NANDROLON PHENY"}]},{"@type":"WebSite","@id":"https:\/\/iberoid-shop.com\/#website","url":"https:\/\/iberoid-shop.com\/","name":"Ester\u00f3ides Online","description":"Compre ester\u00f3ides online hoje em Espanha e Portugal. Temos o melhor servi\u00e7o ao cliente do setor e produtos da mais alta qualidade","potentialAction":[{"@type":"SearchAction","target":{"@type":"EntryPoint","urlTemplate":"https:\/\/iberoid-shop.com\/?s={search_term_string}"},"query-input":{"@type":"PropertyValueSpecification","valueRequired":true,"valueName":"search_term_string"}}],"inLanguage":"pt-PT"}]},"product_brand":"Euro Prime Pharmaceuticals (EPF)","product_price_amount":"40.00","product_price_currency":"EUR","og_availability":"out of stock","product_availability":"out of stock","product_condition":"new"},"_links":{"self":[{"href":"https:\/\/iberoid.com\/pt\/wp-json\/wp\/v2\/product\/5999","targetHints":{"allow":["GET"]}}],"collection":[{"href":"https:\/\/iberoid.com\/pt\/wp-json\/wp\/v2\/product"}],"about":[{"href":"https:\/\/iberoid.com\/pt\/wp-json\/wp\/v2\/types\/product"}],"replies":[{"embeddable":true,"href":"https:\/\/iberoid.com\/pt\/wp-json\/wp\/v2\/comments?post=5999"}],"wp:featuredmedia":[{"embeddable":true,"href":"https:\/\/iberoid.com\/pt\/wp-json\/wp\/v2\/media\/6000"}],"wp:attachment":[{"href":"https:\/\/iberoid.com\/pt\/wp-json\/wp\/v2\/media?parent=5999"}],"wp:term":[{"taxonomy":"product_brand","embeddable":true,"href":"https:\/\/iberoid.com\/pt\/wp-json\/wp\/v2\/product_brand?post=5999"},{"taxonomy":"product_cat","embeddable":true,"href":"https:\/\/iberoid.com\/pt\/wp-json\/wp\/v2\/product_cat?post=5999"},{"taxonomy":"product_tag","embeddable":true,"href":"https:\/\/iberoid.com\/pt\/wp-json\/wp\/v2\/product_tag?post=5999"}],"curies":[{"name":"wp","href":"https:\/\/api.w.org\/{rel}","templated":true}]}}