{"id":6352,"date":"2021-06-17T09:45:45","date_gmt":"2021-06-17T09:45:45","guid":{"rendered":"https:\/\/iberoid.com\/?post_type=product&#038;p=6352"},"modified":"2023-12-15T23:49:42","modified_gmt":"2023-12-15T23:49:42","slug":"sp-cypionat","status":"publish","type":"product","link":"https:\/\/iberoid.com\/pt\/product\/sp-cypionat\/","title":{"rendered":"SP CYPIONATE"},"content":{"rendered":"<p><span>O cipionato de testosterona \u00e9 um dos \u00e9steres de testosterona ativos mais antigos conhecidos at\u00e9 hoje. Sua caracter\u00edstica: a droga \u00e9 excretada do corpo por duas semanas. Por esse motivo, tem a propriedade de reten\u00e7\u00e3o prolongada de l\u00edquidos no corpo, cuja porcentagem pode chegar a 30%, valor muito superior ao de outros anabolizantes. Via de regra, a droga \u00e9 combinada com o uso de outros ester\u00f3ides, o que d\u00e1 um efeito tang\u00edvel no recrutamento de massa muscular. O efeito no corpo \u00e9 semelhante ao do horm\u00f4nio natural testosterona, respons\u00e1vel por muitas fun\u00e7\u00f5es do corpo masculino.<\/span><\/p>\n<p><span>Como qualquer inje\u00e7\u00e3o de cipionato de testosterona d\u00e1 um ganho significativo de for\u00e7a e for\u00e7a muscular, mas as desvantagens s\u00e3o que o cipionato de testosterona \u00e9 facilmente aromatizado, o que pode ser um ac\u00famulo de \u00e1gua muito significativo no corpo do atleta.\u00a0Portanto, este medicamento n\u00e3o deve ser usado durante o per\u00edodo de secagem.<\/span><\/p>\n<p><span>Tamb\u00e9m cipionato de testosterona leva \u00e0 ginecomastia, neste caso \u00e9 necess\u00e1rio usar Provimed, o que ajudar\u00e1 a evitar efeitos colaterais.<\/span><\/p>\n<h1><strong><span>A\u00c7\u00c3O M\u00c9DICA<\/span><\/strong><\/h1>\n<p><span>Cipandrol cont\u00e9m como subst\u00e2ncia ativa cipionato de testosterona, uma hormona masculina.<\/span><\/p>\n<p><span>Cipandrol \u00e9 injetado no m\u00fasculo.<\/span><\/p>\n<p><span>O cipionato de testosterona \u00e9 uma forma fabricada do horm\u00f4nio sexual masculino, a testosterona, que \u00e9 secretada naturalmente.\u00a0\u00c9 usado em homens para substituir a testosterona no tratamento de v\u00e1rios problemas de sa\u00fade causados \u200b\u200bpela falta de testosterona (hipogonadismo masculino).<\/span><\/p>\n<p><span>O seu m\u00e9dico ir\u00e1 medir periodicamente a sua concentra\u00e7\u00e3o plasm\u00e1tica de testosterona no final de um intervalo de inje\u00e7\u00e3o.\u00a0Se o n\u00edvel for muito baixo, o seu m\u00e9dico pode decidir dar-lhe inje\u00e7\u00f5es com mais frequ\u00eancia.\u00a0As concentra\u00e7\u00f5es plasm\u00e1ticas abaixo do intervalo normal indicam a necessidade de encurtar o intervalo entre as inje\u00e7\u00f5es.\u00a0No caso de concentra\u00e7\u00f5es plasm\u00e1ticas elevadas, o seu m\u00e9dico pode considerar um aumento do intervalo entre as injec\u00e7\u00f5es.\u00a0N\u00e3o perca o cronograma de inje\u00e7\u00f5es porque ele n\u00e3o manter\u00e1 seu n\u00edvel ideal de testosterona.<\/span><\/p>\n<p><span>Cipandrol solu\u00e7\u00e3o injet\u00e1vel em frascos para injet\u00e1veis \u200b\u200bpode ser usado v\u00e1rias vezes ap\u00f3s a primeira inje\u00e7\u00e3o, desde que a tampa do frasco n\u00e3o tenha sido removida e o conte\u00fado remanescente permane\u00e7a hermeticamente fechado.<\/span><\/p>\n<p><span>Como todos os medicamentos, Cipandrol pode causar efeitos colaterais, embora nem todas as pessoas os tenham.\u00a0Se algum dos efeitos secund\u00e1rios se agravar ou se detectar quaisquer efeitos secund\u00e1rios n\u00e3o mencionados neste folheto, informe o seu m\u00e9dico ou farmac\u00eautico.\u00a0Os efeitos colaterais mais comuns (podem afetar at\u00e9 1 em cada 10 pessoas) s\u00e3o acne, contagens anormais de gl\u00f3bulos vermelhos anormalmente altas, ganho de peso, ondas de calor, aumento do ant\u00edgeno espec\u00edfico da pr\u00f3stata (aumento de um \u00edndice bioqu\u00edmico no sangue), aumento da pr\u00f3stata tamanho e problemas associados, aumento das ere\u00e7\u00f5es e dor no local da administra\u00e7\u00e3o.<\/span><\/p>\n<p><strong><span>DOSAGEM<\/span><\/strong><\/p>\n<p><span>Doses preferidas Testosterona Cypionate 200-400 mg por semana.\u00a0A melhor op\u00e7\u00e3o \u00e9 a introdu\u00e7\u00e3o do Cipandrol 2 vezes por semana.\u00a0Se voc\u00ea usar 800 a 1000 mg por semana, o principal aumento de peso ser\u00e1 devido \u00e0 \u00e1gua, e n\u00e3o \u00e0 custa da massa seca.\u00a0Tamb\u00e9m deve ser notado que o uso desta droga suprime rapidamente a produ\u00e7\u00e3o de sua pr\u00f3pria testosterona.\u00a0Assim, ap\u00f3s um curso de \u00e9steres de testosterona, a terapia p\u00f3s-curso (gonadotrofina) \u00e9 necess\u00e1ria.\u00a0Isso ajudar\u00e1 a evitar a perda de resultados ap\u00f3s o final do curso.<\/span><\/p>","protected":false},"excerpt":{"rendered":"<p>O cipionato de testosterona \u00e9 um dos \u00e9steres de testosterona ativos mais antigos conhecidos at\u00e9 hoje. Sua caracter\u00edstica: a droga<\/p>\n","protected":false},"featured_media":6353,"comment_status":"open","ping_status":"closed","template":"","meta":[],"product_brand":[],"product_cat":[69],"product_tag":[],"class_list":{"0":"post-6352","1":"product","2":"type-product","3":"status-publish","4":"has-post-thumbnail","6":"product_cat-esteroides_inyectables","8":"first","9":"outofstock","10":"sale","11":"shipping-taxable","12":"purchasable","13":"product-type-simple"},"yoast_head":"<!-- This site is optimized with the Yoast SEO Premium plugin v24.4 (Yoast SEO v27.3) - https:\/\/yoast.com\/product\/yoast-seo-premium-wordpress\/ -->\n<title>SP CYPIONATE - Ester\u00f3ides Online<\/title>\n<meta name=\"robots\" content=\"index, follow, max-snippet:-1, max-image-preview:large, max-video-preview:-1\" \/>\n<link rel=\"canonical\" href=\"https:\/\/iberoid.com\/pt\/product\/sp-cypionat\/\" \/>\n<meta property=\"og:locale\" content=\"pt_PT\" \/>\n<meta property=\"og:type\" content=\"article\" \/>\n<meta property=\"og:title\" content=\"SP CYPIONATE\" \/>\n<meta property=\"og:description\" content=\"O cipionato de testosterona \u00e9 um dos \u00e9steres de testosterona ativos mais antigos conhecidos at\u00e9 hoje. Sua caracter\u00edstica: a droga\" \/>\n<meta property=\"og:url\" content=\"https:\/\/iberoid.com\/pt\/product\/sp-cypionat\/\" \/>\n<meta property=\"og:site_name\" content=\"Ester\u00f3ides Online\" \/>\n<meta property=\"article:modified_time\" content=\"2023-12-15T23:49:42+00:00\" \/>\n<meta property=\"og:image\" content=\"https:\/\/iberoid.com\/wp-content\/uploads\/2021\/06\/cypy.jpg?v=1678119989\" \/>\n\t<meta property=\"og:image:width\" content=\"388\" \/>\n\t<meta property=\"og:image:height\" content=\"388\" \/>\n\t<meta property=\"og:image:type\" content=\"image\/jpeg\" \/>\n<meta name=\"twitter:card\" content=\"summary_large_image\" \/>\n<meta name=\"twitter:label1\" content=\"pre\u00e7o\" \/>\n\t<meta name=\"twitter:data1\" content=\"&euro;45.00\" \/>\n\t<meta name=\"twitter:label2\" content=\"Disponibilidade\" \/>\n\t<meta name=\"twitter:data2\" content=\"Esgotado\" \/>\n<script type=\"application\/ld+json\" class=\"yoast-schema-graph\">{\"@context\":\"https:\\\/\\\/schema.org\",\"@graph\":[{\"@type\":\"WebPage\",\"@id\":\"https:\\\/\\\/iberoid.com\\\/pt\\\/product\\\/sp-cypionat\\\/\",\"url\":\"https:\\\/\\\/iberoid.com\\\/pt\\\/product\\\/sp-cypionat\\\/\",\"name\":\"SP CYPIONATE - Ester\u00f3ides Online\",\"isPartOf\":{\"@id\":\"https:\\\/\\\/iberoid.com\\\/pt\\\/#website\"},\"primaryImageOfPage\":{\"@id\":\"https:\\\/\\\/iberoid.com\\\/pt\\\/product\\\/sp-cypionat\\\/#primaryimage\"},\"image\":{\"@id\":\"https:\\\/\\\/iberoid.com\\\/pt\\\/product\\\/sp-cypionat\\\/#primaryimage\"},\"thumbnailUrl\":\"https:\\\/\\\/iberoid.com\\\/wp-content\\\/uploads\\\/2021\\\/06\\\/cypy.jpg?v=1678119989\",\"datePublished\":\"2021-06-17T09:45:45+00:00\",\"dateModified\":\"2023-12-15T23:49:42+00:00\",\"breadcrumb\":{\"@id\":\"https:\\\/\\\/iberoid.com\\\/pt\\\/product\\\/sp-cypionat\\\/#breadcrumb\"},\"inLanguage\":\"pt-PT\",\"potentialAction\":[{\"@type\":\"ReadAction\",\"target\":[[\"https:\\\/\\\/iberoid.com\\\/pt\\\/product\\\/sp-cypionat\\\/\"]]}]},{\"@type\":\"ImageObject\",\"inLanguage\":\"pt-PT\",\"@id\":\"https:\\\/\\\/iberoid.com\\\/pt\\\/product\\\/sp-cypionat\\\/#primaryimage\",\"url\":\"https:\\\/\\\/iberoid.com\\\/wp-content\\\/uploads\\\/2021\\\/06\\\/cypy.jpg?v=1678119989\",\"contentUrl\":\"https:\\\/\\\/iberoid.com\\\/wp-content\\\/uploads\\\/2021\\\/06\\\/cypy.jpg?v=1678119989\",\"width\":388,\"height\":388},{\"@type\":\"BreadcrumbList\",\"@id\":\"https:\\\/\\\/iberoid.com\\\/pt\\\/product\\\/sp-cypionat\\\/#breadcrumb\",\"itemListElement\":[{\"@type\":\"ListItem\",\"position\":1,\"name\":\"Portada\",\"item\":\"https:\\\/\\\/iberoid.com\\\/pt\\\/\"},{\"@type\":\"ListItem\",\"position\":2,\"name\":\"Loja\",\"item\":\"https:\\\/\\\/iberoid.com\\\/pt\\\/shop\\\/\"},{\"@type\":\"ListItem\",\"position\":3,\"name\":\"SP CYPIONATE\"}]},{\"@type\":\"WebSite\",\"@id\":\"https:\\\/\\\/iberoid.com\\\/pt\\\/#website\",\"url\":\"https:\\\/\\\/iberoid.com\\\/pt\\\/\",\"name\":\"Ester\u00f3ides Online\",\"description\":\"Compre ester\u00f3ides online hoje em Espanha e Portugal. Temos o melhor servi\u00e7o ao cliente do setor e produtos da mais alta qualidade\",\"potentialAction\":[{\"@type\":\"SearchAction\",\"target\":{\"@type\":\"EntryPoint\",\"urlTemplate\":\"https:\\\/\\\/iberoid.com\\\/pt\\\/?s={search_term_string}\"},\"query-input\":{\"@type\":\"PropertyValueSpecification\",\"valueRequired\":true,\"valueName\":\"search_term_string\"}}],\"inLanguage\":\"pt-PT\"}]}<\/script>\n<meta property=\"product:brand\" content=\"SP Laboratories\" \/>\n<meta property=\"product:price:amount\" content=\"45.00\" \/>\n<meta property=\"product:price:currency\" content=\"EUR\" \/>\n<meta property=\"og:availability\" content=\"out of stock\" \/>\n<meta property=\"product:availability\" content=\"out of stock\" \/>\n<meta property=\"product:condition\" content=\"new\" \/>\n<!-- \/ Yoast SEO Premium plugin. -->","yoast_head_json":{"title":"SP CYPIONATE - Ester\u00f3ides Online","robots":{"index":"index","follow":"follow","max-snippet":"max-snippet:-1","max-image-preview":"max-image-preview:large","max-video-preview":"max-video-preview:-1"},"canonical":"https:\/\/iberoid.com\/pt\/product\/sp-cypionat\/","og_locale":"pt_PT","og_type":"article","og_title":"SP CYPIONATE","og_description":"O cipionato de testosterona \u00e9 um dos \u00e9steres de testosterona ativos mais antigos conhecidos at\u00e9 hoje. Sua caracter\u00edstica: a droga","og_url":"https:\/\/iberoid.com\/pt\/product\/sp-cypionat\/","og_site_name":"Ester\u00f3ides Online","article_modified_time":"2023-12-15T23:49:42+00:00","og_image":[{"width":388,"height":388,"url":"https:\/\/iberoid.com\/wp-content\/uploads\/2021\/06\/cypy.jpg?v=1678119989","type":"image\/jpeg"}],"twitter_card":"summary_large_image","twitter_misc":{"pre\u00e7o":"&euro;45.00","Disponibilidade":"Esgotado"},"schema":{"@context":"https:\/\/schema.org","@graph":[{"@type":"WebPage","@id":"https:\/\/iberoid.com\/pt\/product\/sp-cypionat\/","url":"https:\/\/iberoid.com\/pt\/product\/sp-cypionat\/","name":"SP CYPIONATE - Ester\u00f3ides Online","isPartOf":{"@id":"https:\/\/iberoid.com\/pt\/#website"},"primaryImageOfPage":{"@id":"https:\/\/iberoid.com\/pt\/product\/sp-cypionat\/#primaryimage"},"image":{"@id":"https:\/\/iberoid.com\/pt\/product\/sp-cypionat\/#primaryimage"},"thumbnailUrl":"https:\/\/iberoid.com\/wp-content\/uploads\/2021\/06\/cypy.jpg?v=1678119989","datePublished":"2021-06-17T09:45:45+00:00","dateModified":"2023-12-15T23:49:42+00:00","breadcrumb":{"@id":"https:\/\/iberoid.com\/pt\/product\/sp-cypionat\/#breadcrumb"},"inLanguage":"pt-PT","potentialAction":[{"@type":"ReadAction","target":[["https:\/\/iberoid.com\/pt\/product\/sp-cypionat\/"]]}]},{"@type":"ImageObject","inLanguage":"pt-PT","@id":"https:\/\/iberoid.com\/pt\/product\/sp-cypionat\/#primaryimage","url":"https:\/\/iberoid.com\/wp-content\/uploads\/2021\/06\/cypy.jpg?v=1678119989","contentUrl":"https:\/\/iberoid.com\/wp-content\/uploads\/2021\/06\/cypy.jpg?v=1678119989","width":388,"height":388},{"@type":"BreadcrumbList","@id":"https:\/\/iberoid.com\/pt\/product\/sp-cypionat\/#breadcrumb","itemListElement":[{"@type":"ListItem","position":1,"name":"Portada","item":"https:\/\/iberoid.com\/pt\/"},{"@type":"ListItem","position":2,"name":"Loja","item":"https:\/\/iberoid.com\/pt\/shop\/"},{"@type":"ListItem","position":3,"name":"SP CYPIONATE"}]},{"@type":"WebSite","@id":"https:\/\/iberoid.com\/pt\/#website","url":"https:\/\/iberoid.com\/pt\/","name":"Ester\u00f3ides Online","description":"Compre ester\u00f3ides online hoje em Espanha e Portugal. Temos o melhor servi\u00e7o ao cliente do setor e produtos da mais alta qualidade","potentialAction":[{"@type":"SearchAction","target":{"@type":"EntryPoint","urlTemplate":"https:\/\/iberoid.com\/pt\/?s={search_term_string}"},"query-input":{"@type":"PropertyValueSpecification","valueRequired":true,"valueName":"search_term_string"}}],"inLanguage":"pt-PT"}]},"product_brand":"SP Laboratories","product_price_amount":"45.00","product_price_currency":"EUR","og_availability":"out of stock","product_availability":"out of stock","product_condition":"new"},"_links":{"self":[{"href":"https:\/\/iberoid.com\/pt\/wp-json\/wp\/v2\/product\/6352","targetHints":{"allow":["GET"]}}],"collection":[{"href":"https:\/\/iberoid.com\/pt\/wp-json\/wp\/v2\/product"}],"about":[{"href":"https:\/\/iberoid.com\/pt\/wp-json\/wp\/v2\/types\/product"}],"replies":[{"embeddable":true,"href":"https:\/\/iberoid.com\/pt\/wp-json\/wp\/v2\/comments?post=6352"}],"wp:featuredmedia":[{"embeddable":true,"href":"https:\/\/iberoid.com\/pt\/wp-json\/wp\/v2\/media\/6353"}],"wp:attachment":[{"href":"https:\/\/iberoid.com\/pt\/wp-json\/wp\/v2\/media?parent=6352"}],"wp:term":[{"taxonomy":"product_brand","embeddable":true,"href":"https:\/\/iberoid.com\/pt\/wp-json\/wp\/v2\/product_brand?post=6352"},{"taxonomy":"product_cat","embeddable":true,"href":"https:\/\/iberoid.com\/pt\/wp-json\/wp\/v2\/product_cat?post=6352"},{"taxonomy":"product_tag","embeddable":true,"href":"https:\/\/iberoid.com\/pt\/wp-json\/wp\/v2\/product_tag?post=6352"}],"curies":[{"name":"wp","href":"https:\/\/api.w.org\/{rel}","templated":true}]}}