{"id":6464,"date":"2021-07-11T11:35:05","date_gmt":"2021-07-11T11:35:05","guid":{"rendered":"https:\/\/iberoid.com\/?post_type=product&#038;p=6464"},"modified":"2022-07-19T11:38:53","modified_gmt":"2022-07-19T11:38:53","slug":"boldenoneundecyclenate-euro-prime-epf","status":"publish","type":"product","link":"https:\/\/iberoid.com\/pt\/product\/boldenoneundecyclenate-euro-prime-epf\/","title":{"rendered":"BOLDENONE UNDECYCLENATE"},"content":{"rendered":"<p>O Undecilenato de boldenona \u00e9 considerado um anabolizante de longa a\u00e7\u00e3o, com efeito persistente por at\u00e9 8 semanas. Tem meia-vida muito longa, podendo aparecer no teste de ester\u00f3ides por at\u00e9 1,5 anos, devido ao longo undecilenato; \u00e9ster ligado ao ester\u00f3ide parental. Trace amou. do medicamento pode ser facilmente detectado por meses ap\u00f3s o uso interrompido.<\/p>\n<p>Dosagem e Administra\u00e7\u00e3o<\/p>\n<p>As inje\u00e7\u00f5es de undecilenato de boldenona devem ser administradas apenas por via intramuscular. Para manter os n\u00edveis sangu\u00edneos est\u00e1veis, BOLDENONE deve ser injetada pelo menos uma vez por semana. \u00c9 mais comumente usado na dosagem de 400-600mg por semana para homens e 50-250mg por semana para mulheres.<\/p>","protected":false},"excerpt":{"rendered":"<p>O Undecilenato de boldenona \u00e9 considerado um anabolizante de longa a\u00e7\u00e3o, com efeito persistente por at\u00e9 8 semanas. Tem meia-vida<\/p>\n","protected":false},"featured_media":6465,"comment_status":"open","ping_status":"closed","template":"","meta":[],"product_brand":[],"product_cat":[69],"product_tag":[3459],"class_list":{"0":"post-6464","1":"product","2":"type-product","3":"status-publish","4":"has-post-thumbnail","6":"product_cat-esteroides_inyectables","7":"product_tag-boldenona-undecyclenate-de-euro-prime-pharm-epf","9":"first","10":"outofstock","11":"sale","12":"shipping-taxable","13":"purchasable","14":"product-type-simple"},"yoast_head":"<!-- This site is optimized with the Yoast SEO Premium plugin v24.4 (Yoast SEO v27.3) - https:\/\/yoast.com\/product\/yoast-seo-premium-wordpress\/ -->\n<title>BOLDENONE UNDECYCLENATE - Ester\u00f3ides Online<\/title>\n<meta name=\"robots\" content=\"index, follow, max-snippet:-1, max-image-preview:large, max-video-preview:-1\" \/>\n<link rel=\"canonical\" href=\"https:\/\/iberoid.com\/pt\/product\/boldenoneundecyclenate-euro-prime-epf\/\" \/>\n<meta property=\"og:locale\" content=\"pt_PT\" \/>\n<meta property=\"og:type\" content=\"article\" \/>\n<meta property=\"og:title\" content=\"BOLDENONE UNDECYCLENATE\" \/>\n<meta property=\"og:description\" content=\"O Undecilenato de boldenona \u00e9 considerado um anabolizante de longa a\u00e7\u00e3o, com efeito persistente por at\u00e9 8 semanas. Tem meia-vida\" \/>\n<meta property=\"og:url\" content=\"https:\/\/iberoid.com\/pt\/product\/boldenoneundecyclenate-euro-prime-epf\/\" \/>\n<meta property=\"og:site_name\" content=\"Ester\u00f3ides Online\" \/>\n<meta property=\"article:modified_time\" content=\"2022-07-19T11:38:53+00:00\" \/>\n<meta property=\"og:image\" content=\"https:\/\/iberoid.com\/wp-content\/uploads\/2021\/07\/image_6483441.jpg?v=1678119982\" \/>\n\t<meta property=\"og:image:width\" content=\"1024\" \/>\n\t<meta property=\"og:image:height\" content=\"835\" \/>\n\t<meta property=\"og:image:type\" content=\"image\/jpeg\" \/>\n<meta name=\"twitter:card\" content=\"summary_large_image\" \/>\n<meta name=\"twitter:label1\" content=\"pre\u00e7o\" \/>\n\t<meta name=\"twitter:data1\" content=\"&euro;45.00\" \/>\n\t<meta name=\"twitter:label2\" content=\"Disponibilidade\" \/>\n\t<meta name=\"twitter:data2\" content=\"Esgotado\" \/>\n<script type=\"application\/ld+json\" class=\"yoast-schema-graph\">{\"@context\":\"https:\\\/\\\/schema.org\",\"@graph\":[{\"@type\":\"WebPage\",\"@id\":\"https:\\\/\\\/iberoid.com\\\/pt\\\/product\\\/boldenoneundecyclenate-euro-prime-epf\\\/\",\"url\":\"https:\\\/\\\/iberoid.com\\\/pt\\\/product\\\/boldenoneundecyclenate-euro-prime-epf\\\/\",\"name\":\"BOLDENONE UNDECYCLENATE - Ester\u00f3ides Online\",\"isPartOf\":{\"@id\":\"https:\\\/\\\/iberoid.com\\\/pt\\\/#website\"},\"primaryImageOfPage\":{\"@id\":\"https:\\\/\\\/iberoid.com\\\/pt\\\/product\\\/boldenoneundecyclenate-euro-prime-epf\\\/#primaryimage\"},\"image\":{\"@id\":\"https:\\\/\\\/iberoid.com\\\/pt\\\/product\\\/boldenoneundecyclenate-euro-prime-epf\\\/#primaryimage\"},\"thumbnailUrl\":\"https:\\\/\\\/iberoid.com\\\/wp-content\\\/uploads\\\/2021\\\/07\\\/image_6483441.jpg?v=1678119982\",\"datePublished\":\"2021-07-11T11:35:05+00:00\",\"dateModified\":\"2022-07-19T11:38:53+00:00\",\"breadcrumb\":{\"@id\":\"https:\\\/\\\/iberoid.com\\\/pt\\\/product\\\/boldenoneundecyclenate-euro-prime-epf\\\/#breadcrumb\"},\"inLanguage\":\"pt-PT\",\"potentialAction\":[{\"@type\":\"ReadAction\",\"target\":[[\"https:\\\/\\\/iberoid.com\\\/pt\\\/product\\\/boldenoneundecyclenate-euro-prime-epf\\\/\"]]}]},{\"@type\":\"ImageObject\",\"inLanguage\":\"pt-PT\",\"@id\":\"https:\\\/\\\/iberoid.com\\\/pt\\\/product\\\/boldenoneundecyclenate-euro-prime-epf\\\/#primaryimage\",\"url\":\"https:\\\/\\\/iberoid.com\\\/wp-content\\\/uploads\\\/2021\\\/07\\\/image_6483441.jpg?v=1678119982\",\"contentUrl\":\"https:\\\/\\\/iberoid.com\\\/wp-content\\\/uploads\\\/2021\\\/07\\\/image_6483441.jpg?v=1678119982\",\"width\":1024,\"height\":835},{\"@type\":\"BreadcrumbList\",\"@id\":\"https:\\\/\\\/iberoid.com\\\/pt\\\/product\\\/boldenoneundecyclenate-euro-prime-epf\\\/#breadcrumb\",\"itemListElement\":[{\"@type\":\"ListItem\",\"position\":1,\"name\":\"Portada\",\"item\":\"https:\\\/\\\/iberoid.com\\\/pt\\\/\"},{\"@type\":\"ListItem\",\"position\":2,\"name\":\"Loja\",\"item\":\"https:\\\/\\\/iberoid.com\\\/pt\\\/shop\\\/\"},{\"@type\":\"ListItem\",\"position\":3,\"name\":\"BOLDENONE UNDECYCLENATE\"}]},{\"@type\":\"WebSite\",\"@id\":\"https:\\\/\\\/iberoid.com\\\/pt\\\/#website\",\"url\":\"https:\\\/\\\/iberoid.com\\\/pt\\\/\",\"name\":\"Ester\u00f3ides Online\",\"description\":\"Compre ester\u00f3ides online hoje em Espanha e Portugal. Temos o melhor servi\u00e7o ao cliente do setor e produtos da mais alta qualidade\",\"potentialAction\":[{\"@type\":\"SearchAction\",\"target\":{\"@type\":\"EntryPoint\",\"urlTemplate\":\"https:\\\/\\\/iberoid.com\\\/pt\\\/?s={search_term_string}\"},\"query-input\":{\"@type\":\"PropertyValueSpecification\",\"valueRequired\":true,\"valueName\":\"search_term_string\"}}],\"inLanguage\":\"pt-PT\"}]}<\/script>\n<meta property=\"product:brand\" content=\"Euro Prime Pharmaceuticals (EPF)\" \/>\n<meta property=\"product:price:amount\" content=\"45.00\" \/>\n<meta property=\"product:price:currency\" content=\"EUR\" \/>\n<meta property=\"og:availability\" content=\"out of stock\" \/>\n<meta property=\"product:availability\" content=\"out of stock\" \/>\n<meta property=\"product:condition\" content=\"new\" \/>\n<!-- \/ Yoast SEO Premium plugin. -->","yoast_head_json":{"title":"BOLDENONE UNDECYCLENATE - Ester\u00f3ides Online","robots":{"index":"index","follow":"follow","max-snippet":"max-snippet:-1","max-image-preview":"max-image-preview:large","max-video-preview":"max-video-preview:-1"},"canonical":"https:\/\/iberoid.com\/pt\/product\/boldenoneundecyclenate-euro-prime-epf\/","og_locale":"pt_PT","og_type":"article","og_title":"BOLDENONE UNDECYCLENATE","og_description":"O Undecilenato de boldenona \u00e9 considerado um anabolizante de longa a\u00e7\u00e3o, com efeito persistente por at\u00e9 8 semanas. Tem meia-vida","og_url":"https:\/\/iberoid.com\/pt\/product\/boldenoneundecyclenate-euro-prime-epf\/","og_site_name":"Ester\u00f3ides Online","article_modified_time":"2022-07-19T11:38:53+00:00","og_image":[{"width":1024,"height":835,"url":"https:\/\/iberoid.com\/wp-content\/uploads\/2021\/07\/image_6483441.jpg?v=1678119982","type":"image\/jpeg"}],"twitter_card":"summary_large_image","twitter_misc":{"pre\u00e7o":"&euro;45.00","Disponibilidade":"Esgotado"},"schema":{"@context":"https:\/\/schema.org","@graph":[{"@type":"WebPage","@id":"https:\/\/iberoid.com\/pt\/product\/boldenoneundecyclenate-euro-prime-epf\/","url":"https:\/\/iberoid.com\/pt\/product\/boldenoneundecyclenate-euro-prime-epf\/","name":"BOLDENONE UNDECYCLENATE - Ester\u00f3ides Online","isPartOf":{"@id":"https:\/\/iberoid.com\/pt\/#website"},"primaryImageOfPage":{"@id":"https:\/\/iberoid.com\/pt\/product\/boldenoneundecyclenate-euro-prime-epf\/#primaryimage"},"image":{"@id":"https:\/\/iberoid.com\/pt\/product\/boldenoneundecyclenate-euro-prime-epf\/#primaryimage"},"thumbnailUrl":"https:\/\/iberoid.com\/wp-content\/uploads\/2021\/07\/image_6483441.jpg?v=1678119982","datePublished":"2021-07-11T11:35:05+00:00","dateModified":"2022-07-19T11:38:53+00:00","breadcrumb":{"@id":"https:\/\/iberoid.com\/pt\/product\/boldenoneundecyclenate-euro-prime-epf\/#breadcrumb"},"inLanguage":"pt-PT","potentialAction":[{"@type":"ReadAction","target":[["https:\/\/iberoid.com\/pt\/product\/boldenoneundecyclenate-euro-prime-epf\/"]]}]},{"@type":"ImageObject","inLanguage":"pt-PT","@id":"https:\/\/iberoid.com\/pt\/product\/boldenoneundecyclenate-euro-prime-epf\/#primaryimage","url":"https:\/\/iberoid.com\/wp-content\/uploads\/2021\/07\/image_6483441.jpg?v=1678119982","contentUrl":"https:\/\/iberoid.com\/wp-content\/uploads\/2021\/07\/image_6483441.jpg?v=1678119982","width":1024,"height":835},{"@type":"BreadcrumbList","@id":"https:\/\/iberoid.com\/pt\/product\/boldenoneundecyclenate-euro-prime-epf\/#breadcrumb","itemListElement":[{"@type":"ListItem","position":1,"name":"Portada","item":"https:\/\/iberoid.com\/pt\/"},{"@type":"ListItem","position":2,"name":"Loja","item":"https:\/\/iberoid.com\/pt\/shop\/"},{"@type":"ListItem","position":3,"name":"BOLDENONE UNDECYCLENATE"}]},{"@type":"WebSite","@id":"https:\/\/iberoid.com\/pt\/#website","url":"https:\/\/iberoid.com\/pt\/","name":"Ester\u00f3ides Online","description":"Compre ester\u00f3ides online hoje em Espanha e Portugal. Temos o melhor servi\u00e7o ao cliente do setor e produtos da mais alta qualidade","potentialAction":[{"@type":"SearchAction","target":{"@type":"EntryPoint","urlTemplate":"https:\/\/iberoid.com\/pt\/?s={search_term_string}"},"query-input":{"@type":"PropertyValueSpecification","valueRequired":true,"valueName":"search_term_string"}}],"inLanguage":"pt-PT"}]},"product_brand":"Euro Prime Pharmaceuticals (EPF)","product_price_amount":"45.00","product_price_currency":"EUR","og_availability":"out of stock","product_availability":"out of stock","product_condition":"new"},"_links":{"self":[{"href":"https:\/\/iberoid.com\/pt\/wp-json\/wp\/v2\/product\/6464","targetHints":{"allow":["GET"]}}],"collection":[{"href":"https:\/\/iberoid.com\/pt\/wp-json\/wp\/v2\/product"}],"about":[{"href":"https:\/\/iberoid.com\/pt\/wp-json\/wp\/v2\/types\/product"}],"replies":[{"embeddable":true,"href":"https:\/\/iberoid.com\/pt\/wp-json\/wp\/v2\/comments?post=6464"}],"wp:featuredmedia":[{"embeddable":true,"href":"https:\/\/iberoid.com\/pt\/wp-json\/wp\/v2\/media\/6465"}],"wp:attachment":[{"href":"https:\/\/iberoid.com\/pt\/wp-json\/wp\/v2\/media?parent=6464"}],"wp:term":[{"taxonomy":"product_brand","embeddable":true,"href":"https:\/\/iberoid.com\/pt\/wp-json\/wp\/v2\/product_brand?post=6464"},{"taxonomy":"product_cat","embeddable":true,"href":"https:\/\/iberoid.com\/pt\/wp-json\/wp\/v2\/product_cat?post=6464"},{"taxonomy":"product_tag","embeddable":true,"href":"https:\/\/iberoid.com\/pt\/wp-json\/wp\/v2\/product_tag?post=6464"}],"curies":[{"name":"wp","href":"https:\/\/api.w.org\/{rel}","templated":true}]}}