{"id":6759,"date":"2021-09-19T13:42:52","date_gmt":"2021-09-19T13:42:52","guid":{"rendered":"https:\/\/iberoid.com\/?post_type=product&#038;p=6759"},"modified":"2026-03-24T21:11:14","modified_gmt":"2026-03-24T21:11:14","slug":"pack-3-cajas-somatropin100-ui-canada-biotech-300-ui","status":"publish","type":"product","link":"https:\/\/iberoid.com\/pt\/product\/pack-3-cajas-somatropin100-ui-canada-biotech-300-ui\/","title":{"rendered":"PACK 3 Somatropin 191aa 100 UI\/300 ui"},"content":{"rendered":"<p>Pept\u00eddeos canadenses A somatropina, ou horm\u00f4nio do crescimento humano, \u00e9 um dos horm\u00f4nios b\u00e1sicos do organismo, sem o qual muitos fatores n\u00e3o ser\u00e3o capazes de funcionar adequadamente. Entre eles est\u00e3o: redu\u00e7\u00e3o de gordura, tamanho e propriedade da massa muscular, for\u00e7a e recupera\u00e7\u00e3o corporal, sa\u00fade, apar\u00eancia energ\u00e9tica, imunidade, produtividade, resist\u00eancia, capacidade de sobreviv\u00eancia e outros.<\/p>\n<p>Ap\u00f3s a recombina\u00e7\u00e3o gen\u00e9tica, o laborat\u00f3rio criou o rhGH, semelhante ao HGH, que \u00e9 secretado pelo organismo e possui 191 amino\u00e1cidos. Dentro do f\u00edgado, a transforma\u00e7\u00e3o do HGH no principal metab\u00f3lito IGF-1 est\u00e1 ocorrendo muito rapidamente e isso ap\u00f3ia a alta efici\u00eancia e adi\u00e7\u00e3o de benef\u00edcios.<\/p>\n<p>Cada pessoa, aproximadamente at\u00e9 o limite de trinta anos, est\u00e1 tendo HGH suficiente no organismo. Depois desse limite, a produ\u00e7\u00e3o do horm\u00f4nio do crescimento, que representa o efeito antienvelhecimento, diminui. As pesquisas mostraram que as caracter\u00edsticas biol\u00f3gicas do envelhecimento (juntamente com as rugas) podem ser retardadas pelo tratamento com GH. Al\u00e9m disso, o frasco de Peptides Somatropina 191aa 10 UI do Canad\u00e1 tem forte efeito anab\u00f3lico. Voc\u00ea pode determinar por si mesmo se ele \u00e9 capaz de ganhar uma musculatura nova e qualificada, ap\u00f3s solicitar o pept\u00eddeo em steromarket.com.<\/p>\n<p>Existem ainda mais vantagens do uso de rHGH: ele suporta o desenvolvimento de novas c\u00e9lulas da musculatura; aumentar o \u00edndice de colesterol; diminui a possibilidade de doen\u00e7a card\u00edaca coron\u00e1ria e doen\u00e7a cardiovascular; apoia a recupera\u00e7\u00e3o de v\u00e1rios \u00f3rg\u00e3os internos; fortalece os ossos; elevou a educabilidade, devido ao aumento da atividade cerebral.<\/p>\n<p>As faixas de dosagem da Somatropina (por dia): para efeito anti-envelhecimento &#8211; 2 UI; para redu\u00e7\u00e3o de peso, muscula\u00e7\u00e3o e prepara\u00e7\u00e3o f\u00edsica &#8211; 4-6 UI; para terapia de queimaduras graves e reabilita\u00e7\u00e3o de les\u00f5es &#8211; 8-16 IU (nesse caso, n\u00e3o \u00e9 usado por muito tempo). Se precisar de 4 UI e mais, \u00e9 recomend\u00e1vel dividir a dose di\u00e1ria em 2 inje\u00e7\u00f5es (a primeira pela manh\u00e3 e a segunda ao final da tarde). \u00c9 melhor n\u00e3o tomar o medicamento tarde da noite, pois ele pode interferir na secre\u00e7\u00e3o end\u00f3gena de HGH do organismo enquanto o usu\u00e1rio est\u00e1 dormindo. Se voc\u00ea tiver d\u00favidas sobre a administra\u00e7\u00e3o do pept\u00eddeo, pode perguntar aos nossos consultores, ap\u00f3s fazer um pedido no steromarket.com.<\/p>\n<p>Os poss\u00edveis efeitos colaterais da Somatropina 191aa s\u00e3o: glicos\u00faria, dores na musculatura, eleva\u00e7\u00e3o do a\u00e7\u00facar no sangue, dores de cabe\u00e7a, rigidez das articula\u00e7\u00f5es. O local da inje\u00e7\u00e3o pode ficar vermelho e coceira. Via de regra, ao tomar menos de 3 UI por dia, os efeitos colaterais n\u00e3o aparecer\u00e3o e a condi\u00e7\u00e3o da pele e do sono aumentar\u00e1. Mas, ao tomar 4IU (um dia) e mais, por algumas semanas, alguns efeitos negativos podem ser mostrados. Podem ocorrer casos de reten\u00e7\u00e3o leve de \u00e1gua nos dedos dos p\u00e9s, dedos e rosto. Existe um efeito colateral que traz muitos inconvenientes &#8211; a s\u00edndrome do t\u00fanel do carpo. Essa sensa\u00e7\u00e3o de picada nas palmas das m\u00e3os e dedos geralmente \u00e9 ignorada pelos usu\u00e1rios, mas para tirar esse efeito, \u00e9 recomendado diminuir a dose ou parar de tomar o medicamento por cerca de 2 a 3 semanas, at\u00e9 que os sintomas desapare\u00e7am.<\/p>","protected":false},"excerpt":{"rendered":"<p>Pept\u00eddeos canadenses A somatropina, ou horm\u00f4nio do crescimento humano, \u00e9 um dos horm\u00f4nios b\u00e1sicos do organismo, sem o qual muitos<\/p>\n","protected":false},"featured_media":8836,"comment_status":"open","ping_status":"closed","template":"","meta":[],"product_brand":[],"product_cat":[76,3474],"product_tag":[3450],"class_list":{"0":"post-6759","1":"product","2":"type-product","3":"status-publish","4":"has-post-thumbnail","6":"product_cat-hgh_peptido","7":"product_cat-packs","8":"product_tag-pack3-cajas","10":"first","11":"instock","12":"sale","13":"shipping-taxable","14":"purchasable","15":"product-type-simple"},"yoast_head":"<!-- This site is optimized with the Yoast SEO Premium plugin v24.4 (Yoast SEO v27.0) - https:\/\/yoast.com\/product\/yoast-seo-premium-wordpress\/ -->\n<title>PACK 3 Somatropin 191aa 100 UI\/300 ui<\/title>\n<meta name=\"description\" content=\"Somatropina da Canada Peptides (rhGH 191aa) \u00e9 um horm\u00f4nio de crescimento humano para ganho muscular, perda de gordura, recupera\u00e7\u00e3o e efeitos antienvelhecimento.\" \/>\n<meta name=\"robots\" content=\"index, follow, max-snippet:-1, max-image-preview:large, max-video-preview:-1\" \/>\n<link rel=\"canonical\" href=\"https:\/\/iberoid.com\/pt\/product\/pack-3-cajas-somatropin100-ui-canada-biotech-300-ui\/\" \/>\n<meta property=\"og:locale\" content=\"pt_PT\" \/>\n<meta property=\"og:type\" content=\"article\" \/>\n<meta property=\"og:title\" content=\"PACK 3 Somatropin 191aa 100 UI\/300 ui\" \/>\n<meta property=\"og:description\" content=\"Somatropina da Canada Peptides (rhGH 191aa) \u00e9 um horm\u00f4nio de crescimento humano para ganho muscular, perda de gordura, recupera\u00e7\u00e3o e efeitos antienvelhecimento.\" \/>\n<meta property=\"og:url\" content=\"https:\/\/iberoid.com\/pt\/product\/pack-3-cajas-somatropin100-ui-canada-biotech-300-ui\/\" \/>\n<meta property=\"og:site_name\" content=\"Ester\u00f3ides Online\" \/>\n<meta property=\"article:modified_time\" content=\"2026-03-24T21:11:14+00:00\" \/>\n<meta property=\"og:image\" content=\"https:\/\/iberoid.com\/wp-content\/uploads\/2021\/09\/3-somna.jpg?v=1699083340\" \/>\n\t<meta property=\"og:image:width\" content=\"1024\" \/>\n\t<meta property=\"og:image:height\" content=\"660\" \/>\n\t<meta property=\"og:image:type\" content=\"image\/jpeg\" \/>\n<meta name=\"twitter:card\" content=\"summary_large_image\" \/>\n<meta name=\"twitter:label1\" content=\"pre\u00e7o\" \/>\n\t<meta name=\"twitter:data1\" content=\"&euro;200.00\" \/>\n\t<meta name=\"twitter:label2\" content=\"Disponibilidade\" \/>\n\t<meta name=\"twitter:data2\" content=\"Em stock\" \/>\n<script type=\"application\/ld+json\" class=\"yoast-schema-graph\">{\"@context\":\"https:\/\/schema.org\",\"@graph\":[{\"@type\":\"WebPage\",\"@id\":\"https:\/\/iberoid.com\/pt\/product\/pack-3-cajas-somatropin100-ui-canada-biotech-300-ui\/\",\"url\":\"https:\/\/iberoid.com\/pt\/product\/pack-3-cajas-somatropin100-ui-canada-biotech-300-ui\/\",\"name\":\"PACK 3 Somatropin 191aa 100 UI\/300 ui\",\"isPartOf\":{\"@id\":\"https:\/\/iberoid-shop.com\/#website\"},\"primaryImageOfPage\":{\"@id\":\"https:\/\/iberoid.com\/pt\/product\/pack-3-cajas-somatropin100-ui-canada-biotech-300-ui\/#primaryimage\"},\"image\":{\"@id\":\"https:\/\/iberoid.com\/pt\/product\/pack-3-cajas-somatropin100-ui-canada-biotech-300-ui\/#primaryimage\"},\"thumbnailUrl\":\"https:\/\/iberoid.com\/wp-content\/uploads\/2021\/09\/3-somna.jpg?v=1699083340\",\"datePublished\":\"2021-09-19T13:42:52+00:00\",\"dateModified\":\"2026-03-24T21:11:14+00:00\",\"description\":\"Somatropina da Canada Peptides (rhGH 191aa) \u00e9 um horm\u00f4nio de crescimento humano para ganho muscular, perda de gordura, recupera\u00e7\u00e3o e efeitos antienvelhecimento.\",\"breadcrumb\":{\"@id\":\"https:\/\/iberoid.com\/pt\/product\/pack-3-cajas-somatropin100-ui-canada-biotech-300-ui\/#breadcrumb\"},\"inLanguage\":\"pt-PT\",\"potentialAction\":[{\"@type\":\"ReadAction\",\"target\":[[\"https:\/\/iberoid.com\/pt\/product\/pack-3-cajas-somatropin100-ui-canada-biotech-300-ui\/\"]]}]},{\"@type\":\"ImageObject\",\"inLanguage\":\"pt-PT\",\"@id\":\"https:\/\/iberoid.com\/pt\/product\/pack-3-cajas-somatropin100-ui-canada-biotech-300-ui\/#primaryimage\",\"url\":\"https:\/\/iberoid.com\/wp-content\/uploads\/2021\/09\/3-somna.jpg?v=1699083340\",\"contentUrl\":\"https:\/\/iberoid.com\/wp-content\/uploads\/2021\/09\/3-somna.jpg?v=1699083340\",\"width\":1024,\"height\":660},{\"@type\":\"BreadcrumbList\",\"@id\":\"https:\/\/iberoid.com\/pt\/product\/pack-3-cajas-somatropin100-ui-canada-biotech-300-ui\/#breadcrumb\",\"itemListElement\":[{\"@type\":\"ListItem\",\"position\":1,\"name\":\"Portada\",\"item\":\"https:\/\/iberoid.com\/pt\/\"},{\"@type\":\"ListItem\",\"position\":2,\"name\":\"Loja\",\"item\":\"https:\/\/iberoid.com\/pt\/shop\/\"},{\"@type\":\"ListItem\",\"position\":3,\"name\":\"PACK 3 Somatropin 191aa 100 UI\/300 ui\"}]},{\"@type\":\"WebSite\",\"@id\":\"https:\/\/iberoid-shop.com\/#website\",\"url\":\"https:\/\/iberoid-shop.com\/\",\"name\":\"Ester\u00f3ides Online\",\"description\":\"Compre ester\u00f3ides online hoje em Espanha e Portugal. Temos o melhor servi\u00e7o ao cliente do setor e produtos da mais alta qualidade\",\"potentialAction\":[{\"@type\":\"SearchAction\",\"target\":{\"@type\":\"EntryPoint\",\"urlTemplate\":\"https:\/\/iberoid-shop.com\/?s={search_term_string}\"},\"query-input\":{\"@type\":\"PropertyValueSpecification\",\"valueRequired\":true,\"valueName\":\"search_term_string\"}}],\"inLanguage\":\"pt-PT\"}]}<\/script>\n<meta property=\"product:brand\" content=\"Canada Biotech Peptides\" \/>\n<meta property=\"product:price:amount\" content=\"200.00\" \/>\n<meta property=\"product:price:currency\" content=\"EUR\" \/>\n<meta property=\"og:availability\" content=\"instock\" \/>\n<meta property=\"product:availability\" content=\"instock\" \/>\n<meta property=\"product:condition\" content=\"new\" \/>\n<!-- \/ Yoast SEO Premium plugin. -->","yoast_head_json":{"title":"PACK 3 Somatropin 191aa 100 UI\/300 ui","description":"Somatropina da Canada Peptides (rhGH 191aa) \u00e9 um horm\u00f4nio de crescimento humano para ganho muscular, perda de gordura, recupera\u00e7\u00e3o e efeitos antienvelhecimento.","robots":{"index":"index","follow":"follow","max-snippet":"max-snippet:-1","max-image-preview":"max-image-preview:large","max-video-preview":"max-video-preview:-1"},"canonical":"https:\/\/iberoid.com\/pt\/product\/pack-3-cajas-somatropin100-ui-canada-biotech-300-ui\/","og_locale":"pt_PT","og_type":"article","og_title":"PACK 3 Somatropin 191aa 100 UI\/300 ui","og_description":"Somatropina da Canada Peptides (rhGH 191aa) \u00e9 um horm\u00f4nio de crescimento humano para ganho muscular, perda de gordura, recupera\u00e7\u00e3o e efeitos antienvelhecimento.","og_url":"https:\/\/iberoid.com\/pt\/product\/pack-3-cajas-somatropin100-ui-canada-biotech-300-ui\/","og_site_name":"Ester\u00f3ides Online","article_modified_time":"2026-03-24T21:11:14+00:00","og_image":[{"width":1024,"height":660,"url":"https:\/\/iberoid.com\/wp-content\/uploads\/2021\/09\/3-somna.jpg?v=1699083340","type":"image\/jpeg"}],"twitter_card":"summary_large_image","twitter_misc":{"pre\u00e7o":"&euro;200.00","Disponibilidade":"Em stock"},"schema":{"@context":"https:\/\/schema.org","@graph":[{"@type":"WebPage","@id":"https:\/\/iberoid.com\/pt\/product\/pack-3-cajas-somatropin100-ui-canada-biotech-300-ui\/","url":"https:\/\/iberoid.com\/pt\/product\/pack-3-cajas-somatropin100-ui-canada-biotech-300-ui\/","name":"PACK 3 Somatropin 191aa 100 UI\/300 ui","isPartOf":{"@id":"https:\/\/iberoid-shop.com\/#website"},"primaryImageOfPage":{"@id":"https:\/\/iberoid.com\/pt\/product\/pack-3-cajas-somatropin100-ui-canada-biotech-300-ui\/#primaryimage"},"image":{"@id":"https:\/\/iberoid.com\/pt\/product\/pack-3-cajas-somatropin100-ui-canada-biotech-300-ui\/#primaryimage"},"thumbnailUrl":"https:\/\/iberoid.com\/wp-content\/uploads\/2021\/09\/3-somna.jpg?v=1699083340","datePublished":"2021-09-19T13:42:52+00:00","dateModified":"2026-03-24T21:11:14+00:00","description":"Somatropina da Canada Peptides (rhGH 191aa) \u00e9 um horm\u00f4nio de crescimento humano para ganho muscular, perda de gordura, recupera\u00e7\u00e3o e efeitos antienvelhecimento.","breadcrumb":{"@id":"https:\/\/iberoid.com\/pt\/product\/pack-3-cajas-somatropin100-ui-canada-biotech-300-ui\/#breadcrumb"},"inLanguage":"pt-PT","potentialAction":[{"@type":"ReadAction","target":[["https:\/\/iberoid.com\/pt\/product\/pack-3-cajas-somatropin100-ui-canada-biotech-300-ui\/"]]}]},{"@type":"ImageObject","inLanguage":"pt-PT","@id":"https:\/\/iberoid.com\/pt\/product\/pack-3-cajas-somatropin100-ui-canada-biotech-300-ui\/#primaryimage","url":"https:\/\/iberoid.com\/wp-content\/uploads\/2021\/09\/3-somna.jpg?v=1699083340","contentUrl":"https:\/\/iberoid.com\/wp-content\/uploads\/2021\/09\/3-somna.jpg?v=1699083340","width":1024,"height":660},{"@type":"BreadcrumbList","@id":"https:\/\/iberoid.com\/pt\/product\/pack-3-cajas-somatropin100-ui-canada-biotech-300-ui\/#breadcrumb","itemListElement":[{"@type":"ListItem","position":1,"name":"Portada","item":"https:\/\/iberoid.com\/pt\/"},{"@type":"ListItem","position":2,"name":"Loja","item":"https:\/\/iberoid.com\/pt\/shop\/"},{"@type":"ListItem","position":3,"name":"PACK 3 Somatropin 191aa 100 UI\/300 ui"}]},{"@type":"WebSite","@id":"https:\/\/iberoid-shop.com\/#website","url":"https:\/\/iberoid-shop.com\/","name":"Ester\u00f3ides Online","description":"Compre ester\u00f3ides online hoje em Espanha e Portugal. Temos o melhor servi\u00e7o ao cliente do setor e produtos da mais alta qualidade","potentialAction":[{"@type":"SearchAction","target":{"@type":"EntryPoint","urlTemplate":"https:\/\/iberoid-shop.com\/?s={search_term_string}"},"query-input":{"@type":"PropertyValueSpecification","valueRequired":true,"valueName":"search_term_string"}}],"inLanguage":"pt-PT"}]},"product_brand":"Canada Biotech Peptides","product_price_amount":"200.00","product_price_currency":"EUR","og_availability":"instock","product_availability":"instock","product_condition":"new"},"_links":{"self":[{"href":"https:\/\/iberoid.com\/pt\/wp-json\/wp\/v2\/product\/6759","targetHints":{"allow":["GET"]}}],"collection":[{"href":"https:\/\/iberoid.com\/pt\/wp-json\/wp\/v2\/product"}],"about":[{"href":"https:\/\/iberoid.com\/pt\/wp-json\/wp\/v2\/types\/product"}],"replies":[{"embeddable":true,"href":"https:\/\/iberoid.com\/pt\/wp-json\/wp\/v2\/comments?post=6759"}],"wp:featuredmedia":[{"embeddable":true,"href":"https:\/\/iberoid.com\/pt\/wp-json\/wp\/v2\/media\/8836"}],"wp:attachment":[{"href":"https:\/\/iberoid.com\/pt\/wp-json\/wp\/v2\/media?parent=6759"}],"wp:term":[{"taxonomy":"product_brand","embeddable":true,"href":"https:\/\/iberoid.com\/pt\/wp-json\/wp\/v2\/product_brand?post=6759"},{"taxonomy":"product_cat","embeddable":true,"href":"https:\/\/iberoid.com\/pt\/wp-json\/wp\/v2\/product_cat?post=6759"},{"taxonomy":"product_tag","embeddable":true,"href":"https:\/\/iberoid.com\/pt\/wp-json\/wp\/v2\/product_tag?post=6759"}],"curies":[{"name":"wp","href":"https:\/\/api.w.org\/{rel}","templated":true}]}}