{"id":6994,"date":"2021-12-04T21:32:57","date_gmt":"2021-12-04T21:32:57","guid":{"rendered":"https:\/\/iberoid.com\/?post_type=product&#038;p=6994"},"modified":"2023-10-08T13:09:00","modified_gmt":"2023-10-08T13:09:00","slug":"t3-t4-50mcg-pharmagen","status":"publish","type":"product","link":"https:\/\/iberoid.com\/pt\/product\/t3-t4-50mcg-pharmagen\/","title":{"rendered":"T3 + T4 50mcg"},"content":{"rendered":"<p>Os medicamentos hormonais da tireoide s\u00e3o prepara\u00e7\u00f5es naturais ou sint\u00e9ticas contendo tetraiodotironina (T4, levotiroxina) s\u00f3dica ou triiodotironina (T3, liotironina) s\u00f3dica ou ambos. T4 e T3 s\u00e3o produzidos na gl\u00e2ndula tireoide humana pela ioda\u00e7\u00e3o e acoplamento do amino\u00e1cido tirosina. T4\u00a0cont\u00e9m quatro \u00e1tomos de iodo e \u00e9 formado pelo acoplamento de duas mol\u00e9culas de diiodotirosina (DIT). T3\u00a0cont\u00e9m tr\u00eas \u00e1tomos de iodo e \u00e9 formado pelo acoplamento de uma mol\u00e9cula de DIT com uma mol\u00e9cula de monoiodotirosina (MIT). Ambos os horm\u00f4nios s\u00e3o armazenados no coloide da tireoide como tireoglobulina e liberados na circula\u00e7\u00e3o. A principal fonte de T3\u00a0demonstrou ser a desioda\u00e7\u00e3o perif\u00e9rica de T4. O T3\u00a0est\u00e1 ligado com menos firmeza do que o T4\u00a0no soro, entra nos tecidos perif\u00e9ricos mais prontamente e se liga a receptores nucleares espec\u00edficos para iniciar os efeitos hormonais e metab\u00f3licos. T4\u00a0\u00e9 o pr\u00f3-horm\u00f4nio que \u00e9 desiodado em T3\u00a0para atividade hormonal.<\/p>\n<p>As prepara\u00e7\u00f5es de horm\u00f4nios tireoidianos pertencem a duas categorias: (1) prepara\u00e7\u00f5es hormonais naturais derivadas da tireoide animal e (2) prepara\u00e7\u00f5es sint\u00e9ticas. As prepara\u00e7\u00f5es naturais incluem tire\u00f3ide e tireoglobulina desidratadas. A tireoide desidratada \u00e9 derivada de animais domesticados que s\u00e3o usados \u200b\u200bpara alimenta\u00e7\u00e3o pelo homem (tanto tireoide bovina quanto su\u00edna), e a tireoglobulina \u00e9 derivada das gl\u00e2ndulas tireoides do porco.<\/p>\n<p>A inje\u00e7\u00e3o de liotironina s\u00f3dica (T3) cont\u00e9m liotironina (L-triiodotironina ou L-T3), uma forma sint\u00e9tica de um horm\u00f4nio natural da tireoide, como o sal de s\u00f3dio.<\/p>","protected":false},"excerpt":{"rendered":"<p>Os medicamentos hormonais da tireoide s\u00e3o prepara\u00e7\u00f5es naturais ou sint\u00e9ticas contendo tetraiodotironina (T4, levotiroxina) s\u00f3dica ou triiodotironina (T3, liotironina) s\u00f3dica<\/p>\n","protected":false},"featured_media":6995,"comment_status":"open","ping_status":"closed","template":"","meta":[],"product_brand":[],"product_cat":[73],"product_tag":[],"class_list":{"0":"post-6994","1":"product","2":"type-product","3":"status-publish","4":"has-post-thumbnail","6":"product_cat-ssteroides_orales","8":"first","9":"outofstock","10":"sale","11":"shipping-taxable","12":"purchasable","13":"product-type-simple"},"yoast_head":"<!-- This site is optimized with the Yoast SEO Premium plugin v24.4 (Yoast SEO v27.0) - https:\/\/yoast.com\/product\/yoast-seo-premium-wordpress\/ -->\n<title>T3 + T4 50mcg - Ester\u00f3ides Online<\/title>\n<meta name=\"robots\" content=\"index, follow, max-snippet:-1, max-image-preview:large, max-video-preview:-1\" \/>\n<link rel=\"canonical\" href=\"https:\/\/iberoid.com\/pt\/product\/t3-t4-50mcg-pharmagen\/\" \/>\n<meta property=\"og:locale\" content=\"pt_PT\" \/>\n<meta property=\"og:type\" content=\"article\" \/>\n<meta property=\"og:title\" content=\"T3 + T4 50mcg\" \/>\n<meta property=\"og:description\" content=\"Os medicamentos hormonais da tireoide s\u00e3o prepara\u00e7\u00f5es naturais ou sint\u00e9ticas contendo tetraiodotironina (T4, levotiroxina) s\u00f3dica ou triiodotironina (T3, liotironina) s\u00f3dica\" \/>\n<meta property=\"og:url\" content=\"https:\/\/iberoid.com\/pt\/product\/t3-t4-50mcg-pharmagen\/\" \/>\n<meta property=\"og:site_name\" content=\"Ester\u00f3ides Online\" \/>\n<meta property=\"article:modified_time\" content=\"2023-10-08T13:09:00+00:00\" \/>\n<meta property=\"og:image\" content=\"https:\/\/iberoid.com\/wp-content\/uploads\/2021\/12\/T3-T4.jpeg?v=1695687300\" \/>\n\t<meta property=\"og:image:width\" content=\"600\" \/>\n\t<meta property=\"og:image:height\" content=\"400\" \/>\n\t<meta property=\"og:image:type\" content=\"image\/jpeg\" \/>\n<meta name=\"twitter:card\" content=\"summary_large_image\" \/>\n<meta name=\"twitter:label1\" content=\"pre\u00e7o\" \/>\n\t<meta name=\"twitter:data1\" content=\"&euro;35.00\" \/>\n\t<meta name=\"twitter:label2\" content=\"Disponibilidade\" \/>\n\t<meta name=\"twitter:data2\" content=\"Esgotado\" \/>\n<script type=\"application\/ld+json\" class=\"yoast-schema-graph\">{\"@context\":\"https:\/\/schema.org\",\"@graph\":[{\"@type\":\"WebPage\",\"@id\":\"https:\/\/iberoid.com\/pt\/product\/t3-t4-50mcg-pharmagen\/\",\"url\":\"https:\/\/iberoid.com\/pt\/product\/t3-t4-50mcg-pharmagen\/\",\"name\":\"T3 + T4 50mcg - Ester\u00f3ides Online\",\"isPartOf\":{\"@id\":\"https:\/\/iberoid.com\/pt\/#website\"},\"primaryImageOfPage\":{\"@id\":\"https:\/\/iberoid.com\/pt\/product\/t3-t4-50mcg-pharmagen\/#primaryimage\"},\"image\":{\"@id\":\"https:\/\/iberoid.com\/pt\/product\/t3-t4-50mcg-pharmagen\/#primaryimage\"},\"thumbnailUrl\":\"https:\/\/iberoid.com\/wp-content\/uploads\/2021\/12\/T3-T4.jpeg?v=1695687300\",\"datePublished\":\"2021-12-04T21:32:57+00:00\",\"dateModified\":\"2023-10-08T13:09:00+00:00\",\"breadcrumb\":{\"@id\":\"https:\/\/iberoid.com\/pt\/product\/t3-t4-50mcg-pharmagen\/#breadcrumb\"},\"inLanguage\":\"pt-PT\",\"potentialAction\":[{\"@type\":\"ReadAction\",\"target\":[[\"https:\/\/iberoid.com\/pt\/product\/t3-t4-50mcg-pharmagen\/\"]]}]},{\"@type\":\"ImageObject\",\"inLanguage\":\"pt-PT\",\"@id\":\"https:\/\/iberoid.com\/pt\/product\/t3-t4-50mcg-pharmagen\/#primaryimage\",\"url\":\"https:\/\/iberoid.com\/wp-content\/uploads\/2021\/12\/T3-T4.jpeg?v=1695687300\",\"contentUrl\":\"https:\/\/iberoid.com\/wp-content\/uploads\/2021\/12\/T3-T4.jpeg?v=1695687300\",\"width\":600,\"height\":400},{\"@type\":\"BreadcrumbList\",\"@id\":\"https:\/\/iberoid.com\/pt\/product\/t3-t4-50mcg-pharmagen\/#breadcrumb\",\"itemListElement\":[{\"@type\":\"ListItem\",\"position\":1,\"name\":\"Portada\",\"item\":\"https:\/\/iberoid.com\/pt\/\"},{\"@type\":\"ListItem\",\"position\":2,\"name\":\"Loja\",\"item\":\"https:\/\/iberoid.com\/pt\/shop\/\"},{\"@type\":\"ListItem\",\"position\":3,\"name\":\"T3 + T4 50mcg\"}]},{\"@type\":\"WebSite\",\"@id\":\"https:\/\/iberoid.com\/pt\/#website\",\"url\":\"https:\/\/iberoid.com\/pt\/\",\"name\":\"Ester\u00f3ides Online\",\"description\":\"Compre ester\u00f3ides online hoje em Espanha e Portugal. Temos o melhor servi\u00e7o ao cliente do setor e produtos da mais alta qualidade\",\"potentialAction\":[{\"@type\":\"SearchAction\",\"target\":{\"@type\":\"EntryPoint\",\"urlTemplate\":\"https:\/\/iberoid.com\/pt\/?s={search_term_string}\"},\"query-input\":{\"@type\":\"PropertyValueSpecification\",\"valueRequired\":true,\"valueName\":\"search_term_string\"}}],\"inLanguage\":\"pt-PT\"}]}<\/script>\n<meta property=\"product:brand\" content=\"Pharma Gen\" \/>\n<meta property=\"product:price:amount\" content=\"35.00\" \/>\n<meta property=\"product:price:currency\" content=\"EUR\" \/>\n<meta property=\"og:availability\" content=\"out of stock\" \/>\n<meta property=\"product:availability\" content=\"out of stock\" \/>\n<meta property=\"product:condition\" content=\"new\" \/>\n<!-- \/ Yoast SEO Premium plugin. -->","yoast_head_json":{"title":"T3 + T4 50mcg - Ester\u00f3ides Online","robots":{"index":"index","follow":"follow","max-snippet":"max-snippet:-1","max-image-preview":"max-image-preview:large","max-video-preview":"max-video-preview:-1"},"canonical":"https:\/\/iberoid.com\/pt\/product\/t3-t4-50mcg-pharmagen\/","og_locale":"pt_PT","og_type":"article","og_title":"T3 + T4 50mcg","og_description":"Os medicamentos hormonais da tireoide s\u00e3o prepara\u00e7\u00f5es naturais ou sint\u00e9ticas contendo tetraiodotironina (T4, levotiroxina) s\u00f3dica ou triiodotironina (T3, liotironina) s\u00f3dica","og_url":"https:\/\/iberoid.com\/pt\/product\/t3-t4-50mcg-pharmagen\/","og_site_name":"Ester\u00f3ides Online","article_modified_time":"2023-10-08T13:09:00+00:00","og_image":[{"width":600,"height":400,"url":"https:\/\/iberoid.com\/wp-content\/uploads\/2021\/12\/T3-T4.jpeg?v=1695687300","type":"image\/jpeg"}],"twitter_card":"summary_large_image","twitter_misc":{"pre\u00e7o":"&euro;35.00","Disponibilidade":"Esgotado"},"schema":{"@context":"https:\/\/schema.org","@graph":[{"@type":"WebPage","@id":"https:\/\/iberoid.com\/pt\/product\/t3-t4-50mcg-pharmagen\/","url":"https:\/\/iberoid.com\/pt\/product\/t3-t4-50mcg-pharmagen\/","name":"T3 + T4 50mcg - Ester\u00f3ides Online","isPartOf":{"@id":"https:\/\/iberoid.com\/pt\/#website"},"primaryImageOfPage":{"@id":"https:\/\/iberoid.com\/pt\/product\/t3-t4-50mcg-pharmagen\/#primaryimage"},"image":{"@id":"https:\/\/iberoid.com\/pt\/product\/t3-t4-50mcg-pharmagen\/#primaryimage"},"thumbnailUrl":"https:\/\/iberoid.com\/wp-content\/uploads\/2021\/12\/T3-T4.jpeg?v=1695687300","datePublished":"2021-12-04T21:32:57+00:00","dateModified":"2023-10-08T13:09:00+00:00","breadcrumb":{"@id":"https:\/\/iberoid.com\/pt\/product\/t3-t4-50mcg-pharmagen\/#breadcrumb"},"inLanguage":"pt-PT","potentialAction":[{"@type":"ReadAction","target":[["https:\/\/iberoid.com\/pt\/product\/t3-t4-50mcg-pharmagen\/"]]}]},{"@type":"ImageObject","inLanguage":"pt-PT","@id":"https:\/\/iberoid.com\/pt\/product\/t3-t4-50mcg-pharmagen\/#primaryimage","url":"https:\/\/iberoid.com\/wp-content\/uploads\/2021\/12\/T3-T4.jpeg?v=1695687300","contentUrl":"https:\/\/iberoid.com\/wp-content\/uploads\/2021\/12\/T3-T4.jpeg?v=1695687300","width":600,"height":400},{"@type":"BreadcrumbList","@id":"https:\/\/iberoid.com\/pt\/product\/t3-t4-50mcg-pharmagen\/#breadcrumb","itemListElement":[{"@type":"ListItem","position":1,"name":"Portada","item":"https:\/\/iberoid.com\/pt\/"},{"@type":"ListItem","position":2,"name":"Loja","item":"https:\/\/iberoid.com\/pt\/shop\/"},{"@type":"ListItem","position":3,"name":"T3 + T4 50mcg"}]},{"@type":"WebSite","@id":"https:\/\/iberoid.com\/pt\/#website","url":"https:\/\/iberoid.com\/pt\/","name":"Ester\u00f3ides Online","description":"Compre ester\u00f3ides online hoje em Espanha e Portugal. Temos o melhor servi\u00e7o ao cliente do setor e produtos da mais alta qualidade","potentialAction":[{"@type":"SearchAction","target":{"@type":"EntryPoint","urlTemplate":"https:\/\/iberoid.com\/pt\/?s={search_term_string}"},"query-input":{"@type":"PropertyValueSpecification","valueRequired":true,"valueName":"search_term_string"}}],"inLanguage":"pt-PT"}]},"product_brand":"Pharma Gen","product_price_amount":"35.00","product_price_currency":"EUR","og_availability":"out of stock","product_availability":"out of stock","product_condition":"new"},"_links":{"self":[{"href":"https:\/\/iberoid.com\/pt\/wp-json\/wp\/v2\/product\/6994","targetHints":{"allow":["GET"]}}],"collection":[{"href":"https:\/\/iberoid.com\/pt\/wp-json\/wp\/v2\/product"}],"about":[{"href":"https:\/\/iberoid.com\/pt\/wp-json\/wp\/v2\/types\/product"}],"replies":[{"embeddable":true,"href":"https:\/\/iberoid.com\/pt\/wp-json\/wp\/v2\/comments?post=6994"}],"wp:featuredmedia":[{"embeddable":true,"href":"https:\/\/iberoid.com\/pt\/wp-json\/wp\/v2\/media\/6995"}],"wp:attachment":[{"href":"https:\/\/iberoid.com\/pt\/wp-json\/wp\/v2\/media?parent=6994"}],"wp:term":[{"taxonomy":"product_brand","embeddable":true,"href":"https:\/\/iberoid.com\/pt\/wp-json\/wp\/v2\/product_brand?post=6994"},{"taxonomy":"product_cat","embeddable":true,"href":"https:\/\/iberoid.com\/pt\/wp-json\/wp\/v2\/product_cat?post=6994"},{"taxonomy":"product_tag","embeddable":true,"href":"https:\/\/iberoid.com\/pt\/wp-json\/wp\/v2\/product_tag?post=6994"}],"curies":[{"name":"wp","href":"https:\/\/api.w.org\/{rel}","templated":true}]}}