{"id":7047,"date":"2021-12-16T11:49:38","date_gmt":"2021-12-16T11:49:38","guid":{"rendered":"https:\/\/iberoid.com\/?post_type=product&#038;p=7047"},"modified":"2025-08-17T11:45:12","modified_gmt":"2025-08-17T11:45:12","slug":"testoged-e-250-testosterone-enanthate-250-golden","status":"publish","type":"product","link":"https:\/\/iberoid.com\/pt\/product\/testoged-e-250-testosterone-enanthate-250-golden\/","title":{"rendered":"TESTOGED E 250 \/ TESTOSTERONE ENANTHATE 250\/10 ampollas"},"content":{"rendered":"<p>Enantato de testosterona \u00e9 um \u00fanico composto de testosterona \u00e0 base de \u00e9ster grande. Este \u00e9 um horm\u00f4nio de testosterona sint\u00e9tico puro que possui um \u00e9ster de \u00e1cido carbox\u00edlico ligado ao Enantato (\u00e1cido enantoico). O pr\u00f3prio \u00e9ster est\u00e1 ligado ao horm\u00f4nio no grupo hidroxila 17-beta. Ao anexar o \u00e9ster Enantato, isso permite um controle da dura\u00e7\u00e3o ativa dos horm\u00f4nios e do tempo total de libera\u00e7\u00e3o. Uma vez injetada, a testosterona n\u00e3o se torna ativa at\u00e9 que o \u00e9ster comece a se desprender do horm\u00f4nio. O desprendimento total n\u00e3o acontece de uma s\u00f3 vez, mas permite uma libera\u00e7\u00e3o lenta e constante do horm\u00f4nio ativo no corpo. Uma vez injetado, haver\u00e1 um pico acentuado de testosterona nas primeiras 24-48 horas ap\u00f3s a inje\u00e7\u00e3o. A partir daqui, o horm\u00f4nio se separar\u00e1 continuamente e se dissipar\u00e1 pelo corpo. Por seu per\u00edodo de tempo, o Enantato de Testosterona carrega uma meia-vida de aproximadamente 8 dias, o que permitir\u00e1 apenas uma inje\u00e7\u00e3o a cada 2 semanas em um ambiente terap\u00eautico. No entanto, a cada 7-10 dias ser\u00e1 muito mais eficaz na manuten\u00e7\u00e3o da estabilidade.<\/p>\n<p>Como acontece com todos os horm\u00f4nios de testosterona, o Enantato de Testosterona carrega uma classifica\u00e7\u00e3o anab\u00f3lica de 100 e uma classifica\u00e7\u00e3o androg\u00eanica de 100. O horm\u00f4nio testosterona \u00e9 a base pela qual todas as classifica\u00e7\u00f5es de todos os ester\u00f3ides anabolizantes s\u00e3o medidas. E ao contr\u00e1rio das classifica\u00e7\u00f5es de alguns ester\u00f3ides, a testosterona traduz perfeitamente sua natureza estrutural para a base funcional. Este horm\u00f4nio apresentar\u00e1 altos n\u00edveis de atividade anab\u00f3lica e androg\u00eanica.<\/p>\n<p>Em uma base funcional, o Enantato de Testosterona \u00e9 o rem\u00e9dio perfeito para tratar a baixa testosterona. Se voc\u00ea sofre de baixa testosterona, isso significa simplesmente que seu corpo n\u00e3o est\u00e1 mais produzindo o suficiente desse andr\u00f3geno prim\u00e1rio por conta pr\u00f3pria. Como o Enantato de Testosterona \u00e9 simplesmente isso, testosterona, ele remediar\u00e1 a condi\u00e7\u00e3o de baixo n\u00edvel. Milh\u00f5es e milh\u00f5es de homens em todo o mundo sofrem de algum tipo de defici\u00eancia androg\u00eanica de baixo n\u00edvel. S\u00f3 nos EUA, estima-se que mais de 20 milh\u00f5es de homens sofrem de defici\u00eancia androg\u00eanica. As mulheres tamb\u00e9m podem sofrer de baixa testosterona e o Enantato de Testosterona pode trat\u00e1-lo. No entanto, a maioria das mulheres ser\u00e1 melhor atendida com formas alternativas de tratamento com testosterona, como g\u00e9is que cont\u00eam uma mistura de testosterona e progesterona ou pequenas p\u00edlulas de implante de testosterona como Testopel.<\/p>","protected":false},"excerpt":{"rendered":"<p>Enantato de testosterona \u00e9 um \u00fanico composto de testosterona \u00e0 base de \u00e9ster grande. Este \u00e9 um horm\u00f4nio de testosterona<\/p>\n","protected":false},"featured_media":7048,"comment_status":"open","ping_status":"closed","template":"","meta":[],"product_brand":[],"product_cat":[69],"product_tag":[],"class_list":{"0":"post-7047","1":"product","2":"type-product","3":"status-publish","4":"has-post-thumbnail","6":"product_cat-esteroides_inyectables","8":"first","9":"outofstock","10":"sale","11":"shipping-taxable","12":"purchasable","13":"product-type-simple"},"yoast_head":"<!-- This site is optimized with the Yoast SEO Premium plugin v24.4 (Yoast SEO v27.0) - https:\/\/yoast.com\/product\/yoast-seo-premium-wordpress\/ -->\n<title>TESTOGED E 250 \/ TESTOSTERONE ENANTHATE 250\/10 ampollas - Ester\u00f3ides Online<\/title>\n<meta name=\"robots\" content=\"index, follow, max-snippet:-1, max-image-preview:large, max-video-preview:-1\" \/>\n<link rel=\"canonical\" href=\"https:\/\/iberoid.com\/pt\/product\/testoged-e-250-testosterone-enanthate-250-golden\/\" \/>\n<meta property=\"og:locale\" content=\"pt_PT\" \/>\n<meta property=\"og:type\" content=\"article\" \/>\n<meta property=\"og:title\" content=\"TESTOGED E 250 \/ TESTOSTERONE ENANTHATE 250\/10 ampollas\" \/>\n<meta property=\"og:description\" content=\"Enantato de testosterona \u00e9 um \u00fanico composto de testosterona \u00e0 base de \u00e9ster grande. Este \u00e9 um horm\u00f4nio de testosterona\" \/>\n<meta property=\"og:url\" content=\"https:\/\/iberoid.com\/pt\/product\/testoged-e-250-testosterone-enanthate-250-golden\/\" \/>\n<meta property=\"og:site_name\" content=\"Ester\u00f3ides Online\" \/>\n<meta property=\"article:modified_time\" content=\"2025-08-17T11:45:12+00:00\" \/>\n<meta property=\"og:image\" content=\"https:\/\/iberoid.com\/wp-content\/uploads\/2021\/12\/gd-te.jpg?v=1737173315\" \/>\n\t<meta property=\"og:image:width\" content=\"1100\" \/>\n\t<meta property=\"og:image:height\" content=\"1422\" \/>\n\t<meta property=\"og:image:type\" content=\"image\/jpeg\" \/>\n<meta name=\"twitter:card\" content=\"summary_large_image\" \/>\n<meta name=\"twitter:label1\" content=\"pre\u00e7o\" \/>\n\t<meta name=\"twitter:data1\" content=\"&euro;40.00\" \/>\n\t<meta name=\"twitter:label2\" content=\"Disponibilidade\" \/>\n\t<meta name=\"twitter:data2\" content=\"Esgotado\" \/>\n<script type=\"application\/ld+json\" class=\"yoast-schema-graph\">{\"@context\":\"https:\/\/schema.org\",\"@graph\":[{\"@type\":\"WebPage\",\"@id\":\"https:\/\/iberoid.com\/pt\/product\/testoged-e-250-testosterone-enanthate-250-golden\/\",\"url\":\"https:\/\/iberoid.com\/pt\/product\/testoged-e-250-testosterone-enanthate-250-golden\/\",\"name\":\"TESTOGED E 250 \/ TESTOSTERONE ENANTHATE 250\/10 ampollas - Ester\u00f3ides Online\",\"isPartOf\":{\"@id\":\"https:\/\/iberoid-shop.com\/#website\"},\"primaryImageOfPage\":{\"@id\":\"https:\/\/iberoid.com\/pt\/product\/testoged-e-250-testosterone-enanthate-250-golden\/#primaryimage\"},\"image\":{\"@id\":\"https:\/\/iberoid.com\/pt\/product\/testoged-e-250-testosterone-enanthate-250-golden\/#primaryimage\"},\"thumbnailUrl\":\"https:\/\/iberoid.com\/wp-content\/uploads\/2021\/12\/gd-te.jpg?v=1737173315\",\"datePublished\":\"2021-12-16T11:49:38+00:00\",\"dateModified\":\"2025-08-17T11:45:12+00:00\",\"breadcrumb\":{\"@id\":\"https:\/\/iberoid.com\/pt\/product\/testoged-e-250-testosterone-enanthate-250-golden\/#breadcrumb\"},\"inLanguage\":\"pt-PT\",\"potentialAction\":[{\"@type\":\"ReadAction\",\"target\":[[\"https:\/\/iberoid.com\/pt\/product\/testoged-e-250-testosterone-enanthate-250-golden\/\"]]}]},{\"@type\":\"ImageObject\",\"inLanguage\":\"pt-PT\",\"@id\":\"https:\/\/iberoid.com\/pt\/product\/testoged-e-250-testosterone-enanthate-250-golden\/#primaryimage\",\"url\":\"https:\/\/iberoid.com\/wp-content\/uploads\/2021\/12\/gd-te.jpg?v=1737173315\",\"contentUrl\":\"https:\/\/iberoid.com\/wp-content\/uploads\/2021\/12\/gd-te.jpg?v=1737173315\",\"width\":1100,\"height\":1422},{\"@type\":\"BreadcrumbList\",\"@id\":\"https:\/\/iberoid.com\/pt\/product\/testoged-e-250-testosterone-enanthate-250-golden\/#breadcrumb\",\"itemListElement\":[{\"@type\":\"ListItem\",\"position\":1,\"name\":\"Portada\",\"item\":\"https:\/\/iberoid.com\/pt\/\"},{\"@type\":\"ListItem\",\"position\":2,\"name\":\"Loja\",\"item\":\"https:\/\/iberoid.com\/pt\/shop\/\"},{\"@type\":\"ListItem\",\"position\":3,\"name\":\"TESTOGED E 250 \/ TESTOSTERONE ENANTHATE 250\/10 ampollas\"}]},{\"@type\":\"WebSite\",\"@id\":\"https:\/\/iberoid-shop.com\/#website\",\"url\":\"https:\/\/iberoid-shop.com\/\",\"name\":\"Ester\u00f3ides Online\",\"description\":\"Compre ester\u00f3ides online hoje em Espanha e Portugal. Temos o melhor servi\u00e7o ao cliente do setor e produtos da mais alta qualidade\",\"potentialAction\":[{\"@type\":\"SearchAction\",\"target\":{\"@type\":\"EntryPoint\",\"urlTemplate\":\"https:\/\/iberoid-shop.com\/?s={search_term_string}\"},\"query-input\":{\"@type\":\"PropertyValueSpecification\",\"valueRequired\":true,\"valueName\":\"search_term_string\"}}],\"inLanguage\":\"pt-PT\"}]}<\/script>\n<meta property=\"product:brand\" content=\"Golden Dragon\" \/>\n<meta property=\"product:price:amount\" content=\"40.00\" \/>\n<meta property=\"product:price:currency\" content=\"EUR\" \/>\n<meta property=\"og:availability\" content=\"out of stock\" \/>\n<meta property=\"product:availability\" content=\"out of stock\" \/>\n<meta property=\"product:condition\" content=\"new\" \/>\n<!-- \/ Yoast SEO Premium plugin. -->","yoast_head_json":{"title":"TESTOGED E 250 \/ TESTOSTERONE ENANTHATE 250\/10 ampollas - Ester\u00f3ides Online","robots":{"index":"index","follow":"follow","max-snippet":"max-snippet:-1","max-image-preview":"max-image-preview:large","max-video-preview":"max-video-preview:-1"},"canonical":"https:\/\/iberoid.com\/pt\/product\/testoged-e-250-testosterone-enanthate-250-golden\/","og_locale":"pt_PT","og_type":"article","og_title":"TESTOGED E 250 \/ TESTOSTERONE ENANTHATE 250\/10 ampollas","og_description":"Enantato de testosterona \u00e9 um \u00fanico composto de testosterona \u00e0 base de \u00e9ster grande. Este \u00e9 um horm\u00f4nio de testosterona","og_url":"https:\/\/iberoid.com\/pt\/product\/testoged-e-250-testosterone-enanthate-250-golden\/","og_site_name":"Ester\u00f3ides Online","article_modified_time":"2025-08-17T11:45:12+00:00","og_image":[{"width":1100,"height":1422,"url":"https:\/\/iberoid.com\/wp-content\/uploads\/2021\/12\/gd-te.jpg?v=1737173315","type":"image\/jpeg"}],"twitter_card":"summary_large_image","twitter_misc":{"pre\u00e7o":"&euro;40.00","Disponibilidade":"Esgotado"},"schema":{"@context":"https:\/\/schema.org","@graph":[{"@type":"WebPage","@id":"https:\/\/iberoid.com\/pt\/product\/testoged-e-250-testosterone-enanthate-250-golden\/","url":"https:\/\/iberoid.com\/pt\/product\/testoged-e-250-testosterone-enanthate-250-golden\/","name":"TESTOGED E 250 \/ TESTOSTERONE ENANTHATE 250\/10 ampollas - Ester\u00f3ides Online","isPartOf":{"@id":"https:\/\/iberoid-shop.com\/#website"},"primaryImageOfPage":{"@id":"https:\/\/iberoid.com\/pt\/product\/testoged-e-250-testosterone-enanthate-250-golden\/#primaryimage"},"image":{"@id":"https:\/\/iberoid.com\/pt\/product\/testoged-e-250-testosterone-enanthate-250-golden\/#primaryimage"},"thumbnailUrl":"https:\/\/iberoid.com\/wp-content\/uploads\/2021\/12\/gd-te.jpg?v=1737173315","datePublished":"2021-12-16T11:49:38+00:00","dateModified":"2025-08-17T11:45:12+00:00","breadcrumb":{"@id":"https:\/\/iberoid.com\/pt\/product\/testoged-e-250-testosterone-enanthate-250-golden\/#breadcrumb"},"inLanguage":"pt-PT","potentialAction":[{"@type":"ReadAction","target":[["https:\/\/iberoid.com\/pt\/product\/testoged-e-250-testosterone-enanthate-250-golden\/"]]}]},{"@type":"ImageObject","inLanguage":"pt-PT","@id":"https:\/\/iberoid.com\/pt\/product\/testoged-e-250-testosterone-enanthate-250-golden\/#primaryimage","url":"https:\/\/iberoid.com\/wp-content\/uploads\/2021\/12\/gd-te.jpg?v=1737173315","contentUrl":"https:\/\/iberoid.com\/wp-content\/uploads\/2021\/12\/gd-te.jpg?v=1737173315","width":1100,"height":1422},{"@type":"BreadcrumbList","@id":"https:\/\/iberoid.com\/pt\/product\/testoged-e-250-testosterone-enanthate-250-golden\/#breadcrumb","itemListElement":[{"@type":"ListItem","position":1,"name":"Portada","item":"https:\/\/iberoid.com\/pt\/"},{"@type":"ListItem","position":2,"name":"Loja","item":"https:\/\/iberoid.com\/pt\/shop\/"},{"@type":"ListItem","position":3,"name":"TESTOGED E 250 \/ TESTOSTERONE ENANTHATE 250\/10 ampollas"}]},{"@type":"WebSite","@id":"https:\/\/iberoid-shop.com\/#website","url":"https:\/\/iberoid-shop.com\/","name":"Ester\u00f3ides Online","description":"Compre ester\u00f3ides online hoje em Espanha e Portugal. Temos o melhor servi\u00e7o ao cliente do setor e produtos da mais alta qualidade","potentialAction":[{"@type":"SearchAction","target":{"@type":"EntryPoint","urlTemplate":"https:\/\/iberoid-shop.com\/?s={search_term_string}"},"query-input":{"@type":"PropertyValueSpecification","valueRequired":true,"valueName":"search_term_string"}}],"inLanguage":"pt-PT"}]},"product_brand":"Golden Dragon","product_price_amount":"40.00","product_price_currency":"EUR","og_availability":"out of stock","product_availability":"out of stock","product_condition":"new"},"_links":{"self":[{"href":"https:\/\/iberoid.com\/pt\/wp-json\/wp\/v2\/product\/7047","targetHints":{"allow":["GET"]}}],"collection":[{"href":"https:\/\/iberoid.com\/pt\/wp-json\/wp\/v2\/product"}],"about":[{"href":"https:\/\/iberoid.com\/pt\/wp-json\/wp\/v2\/types\/product"}],"replies":[{"embeddable":true,"href":"https:\/\/iberoid.com\/pt\/wp-json\/wp\/v2\/comments?post=7047"}],"wp:featuredmedia":[{"embeddable":true,"href":"https:\/\/iberoid.com\/pt\/wp-json\/wp\/v2\/media\/7048"}],"wp:attachment":[{"href":"https:\/\/iberoid.com\/pt\/wp-json\/wp\/v2\/media?parent=7047"}],"wp:term":[{"taxonomy":"product_brand","embeddable":true,"href":"https:\/\/iberoid.com\/pt\/wp-json\/wp\/v2\/product_brand?post=7047"},{"taxonomy":"product_cat","embeddable":true,"href":"https:\/\/iberoid.com\/pt\/wp-json\/wp\/v2\/product_cat?post=7047"},{"taxonomy":"product_tag","embeddable":true,"href":"https:\/\/iberoid.com\/pt\/wp-json\/wp\/v2\/product_tag?post=7047"}],"curies":[{"name":"wp","href":"https:\/\/api.w.org\/{rel}","templated":true}]}}