{"id":7071,"date":"2021-12-24T13:20:16","date_gmt":"2021-12-24T13:20:16","guid":{"rendered":"https:\/\/iberoid.com\/?post_type=product&#038;p=7071"},"modified":"2026-02-18T09:19:56","modified_gmt":"2026-02-18T09:19:56","slug":"pack5-blisters-sildenafil-cenforce-100mg","status":"publish","type":"product","link":"https:\/\/iberoid.com\/pt\/product\/pack5-blisters-sildenafil-cenforce-100mg\/","title":{"rendered":"PACK5 \/BLISTERS Sildenafil &#8211; Cenforce 100mg"},"content":{"rendered":"<p>Os comprimidos Cenforce 100 mg s\u00e3o a combina\u00e7\u00e3o perfeita para muitos homens que procuram viagra para tratar a disfun\u00e7\u00e3o er\u00e9til. Muitas pessoas compram viagra online para as melhores ofertas e compras f\u00e1ceis, tamb\u00e9m as compras online s\u00e3o seguras e f\u00e1ceis de comprar com muitas op\u00e7\u00f5es.<\/p>\n<p>O que s\u00e3o os comprimidos Cenforce 100 mg?<br \/>\nO medicamento Cenforce 100 mg \u00e9 \u00fatil no tratamento da disfun\u00e7\u00e3o er\u00e9til, pr\u00e9-ejacula\u00e7\u00e3o e impot\u00eancia em homens.<br \/>\nPossui\u00a0Citrato de Sildenafil\u00a0como seu ingrediente ativo. Ingrediente ativo refere-se ao principal constituinte do medicamento respons\u00e1vel pela rea\u00e7\u00e3o do medicamento.<br \/>\nA droga \u00e9 distribu\u00edda e fabricada pela Centurion Laboratories, no estado indiano de Gujarat.<br \/>\nPertence \u00e0 classe dos inibidores da PDE5, o que significa que o Citrato de Sildenafil n\u00e3o permite que a PDE5 funcione porque a PDE5 \u00e9 respons\u00e1vel pela perda de ere\u00e7\u00e3o do p\u00eanis.<br \/>\nDepois de usar este medicamento, a ere\u00e7\u00e3o durar\u00e1 mesmo ap\u00f3s a rela\u00e7\u00e3o sexual. Isso ir\u00e1 convid\u00e1-lo a ir para a segunda rodada de divers\u00e3o.<br \/>\nAt\u00e9 hoje, erigiu muitos p\u00eanis e ajudou a atingir o orgasmo de muitos casais, levando a uma vida de casado feliz.<br \/>\nCenforce 100 mg \u00e9 um medicamento t\u00e3o conhecido que est\u00e1 dispon\u00edvel em quase todas as lojas locais e, se voc\u00ea preferir privacidade, tamb\u00e9m est\u00e1 dispon\u00edvel em sites farmac\u00eauticos on-line.<\/p>","protected":false},"excerpt":{"rendered":"<p>Os comprimidos Cenforce 100 mg s\u00e3o a combina\u00e7\u00e3o perfeita para muitos homens que procuram viagra para tratar a disfun\u00e7\u00e3o er\u00e9til.<\/p>\n","protected":false},"featured_media":7072,"comment_status":"open","ping_status":"closed","template":"","meta":[],"product_brand":[],"product_cat":[73,3474,3412],"product_tag":[3463],"class_list":{"0":"post-7071","1":"product","2":"type-product","3":"status-publish","4":"has-post-thumbnail","6":"product_cat-ssteroides_orales","7":"product_cat-packs","8":"product_cat-varios","9":"product_tag-pack5blisters-sidenafil-100-mgx10-pastillas","11":"first","12":"instock","13":"sale","14":"shipping-taxable","15":"purchasable","16":"product-type-simple"},"yoast_head":"<!-- This site is optimized with the Yoast SEO Premium plugin v24.4 (Yoast SEO v27.3) - https:\/\/yoast.com\/product\/yoast-seo-premium-wordpress\/ -->\n<title>PACK5 \/BLISTERS Sildenafil - Cenforce 100mg - Ester\u00f3ides Online<\/title>\n<meta name=\"description\" content=\"Cenforce 100 mg (Sildenafil) ajuda a tratar a disfun\u00e7\u00e3o er\u00e9til, melhorar o desempenho e manter ere\u00e7\u00f5es duradouras.\" \/>\n<meta name=\"robots\" content=\"index, follow, max-snippet:-1, max-image-preview:large, max-video-preview:-1\" \/>\n<link rel=\"canonical\" href=\"https:\/\/iberoid.com\/pt\/product\/pack5-blisters-sildenafil-cenforce-100mg\/\" \/>\n<meta property=\"og:locale\" content=\"pt_PT\" \/>\n<meta property=\"og:type\" content=\"article\" \/>\n<meta property=\"og:title\" content=\"PACK5 \/BLISTERS Sildenafil - Cenforce 100mg\" \/>\n<meta property=\"og:description\" content=\"Cenforce 100 mg (Sildenafil) ajuda a tratar a disfun\u00e7\u00e3o er\u00e9til, melhorar o desempenho e manter ere\u00e7\u00f5es duradouras.\" \/>\n<meta property=\"og:url\" content=\"https:\/\/iberoid.com\/pt\/product\/pack5-blisters-sildenafil-cenforce-100mg\/\" \/>\n<meta property=\"og:site_name\" content=\"Ester\u00f3ides Online\" \/>\n<meta property=\"article:modified_time\" content=\"2026-02-18T09:19:56+00:00\" \/>\n<meta property=\"og:image\" content=\"https:\/\/iberoid.com\/wp-content\/uploads\/2021\/12\/cenforce5.png?v=1702425759\" \/>\n\t<meta property=\"og:image:width\" content=\"1000\" \/>\n\t<meta property=\"og:image:height\" content=\"613\" \/>\n\t<meta property=\"og:image:type\" content=\"image\/png\" \/>\n<meta name=\"twitter:card\" content=\"summary_large_image\" \/>\n<meta name=\"twitter:label1\" content=\"pre\u00e7o\" \/>\n\t<meta name=\"twitter:data1\" content=\"&euro;45.00\" \/>\n\t<meta name=\"twitter:label2\" content=\"Disponibilidade\" \/>\n\t<meta name=\"twitter:data2\" content=\"Em stock\" \/>\n<script type=\"application\/ld+json\" class=\"yoast-schema-graph\">{\"@context\":\"https:\\\/\\\/schema.org\",\"@graph\":[{\"@type\":\"WebPage\",\"@id\":\"https:\\\/\\\/iberoid.com\\\/pt\\\/product\\\/pack5-blisters-sildenafil-cenforce-100mg\\\/\",\"url\":\"https:\\\/\\\/iberoid.com\\\/pt\\\/product\\\/pack5-blisters-sildenafil-cenforce-100mg\\\/\",\"name\":\"PACK5 \\\/BLISTERS Sildenafil - Cenforce 100mg - Ester\u00f3ides Online\",\"isPartOf\":{\"@id\":\"https:\\\/\\\/iberoid-shop.com\\\/#website\"},\"primaryImageOfPage\":{\"@id\":\"https:\\\/\\\/iberoid.com\\\/pt\\\/product\\\/pack5-blisters-sildenafil-cenforce-100mg\\\/#primaryimage\"},\"image\":{\"@id\":\"https:\\\/\\\/iberoid.com\\\/pt\\\/product\\\/pack5-blisters-sildenafil-cenforce-100mg\\\/#primaryimage\"},\"thumbnailUrl\":\"https:\\\/\\\/iberoid.com\\\/wp-content\\\/uploads\\\/2021\\\/12\\\/cenforce5.png?v=1702425759\",\"datePublished\":\"2021-12-24T13:20:16+00:00\",\"dateModified\":\"2026-02-18T09:19:56+00:00\",\"description\":\"Cenforce 100 mg (Sildenafil) ajuda a tratar a disfun\u00e7\u00e3o er\u00e9til, melhorar o desempenho e manter ere\u00e7\u00f5es duradouras.\",\"breadcrumb\":{\"@id\":\"https:\\\/\\\/iberoid.com\\\/pt\\\/product\\\/pack5-blisters-sildenafil-cenforce-100mg\\\/#breadcrumb\"},\"inLanguage\":\"pt-PT\",\"potentialAction\":[{\"@type\":\"ReadAction\",\"target\":[[\"https:\\\/\\\/iberoid.com\\\/pt\\\/product\\\/pack5-blisters-sildenafil-cenforce-100mg\\\/\"]]}]},{\"@type\":\"ImageObject\",\"inLanguage\":\"pt-PT\",\"@id\":\"https:\\\/\\\/iberoid.com\\\/pt\\\/product\\\/pack5-blisters-sildenafil-cenforce-100mg\\\/#primaryimage\",\"url\":\"https:\\\/\\\/iberoid.com\\\/wp-content\\\/uploads\\\/2021\\\/12\\\/cenforce5.png?v=1702425759\",\"contentUrl\":\"https:\\\/\\\/iberoid.com\\\/wp-content\\\/uploads\\\/2021\\\/12\\\/cenforce5.png?v=1702425759\",\"width\":1000,\"height\":613},{\"@type\":\"BreadcrumbList\",\"@id\":\"https:\\\/\\\/iberoid.com\\\/pt\\\/product\\\/pack5-blisters-sildenafil-cenforce-100mg\\\/#breadcrumb\",\"itemListElement\":[{\"@type\":\"ListItem\",\"position\":1,\"name\":\"Portada\",\"item\":\"https:\\\/\\\/iberoid.com\\\/pt\\\/\"},{\"@type\":\"ListItem\",\"position\":2,\"name\":\"Loja\",\"item\":\"https:\\\/\\\/iberoid.com\\\/pt\\\/shop\\\/\"},{\"@type\":\"ListItem\",\"position\":3,\"name\":\"PACK5 \\\/BLISTERS Sildenafil &#8211; Cenforce 100mg\"}]},{\"@type\":\"WebSite\",\"@id\":\"https:\\\/\\\/iberoid-shop.com\\\/#website\",\"url\":\"https:\\\/\\\/iberoid-shop.com\\\/\",\"name\":\"Ester\u00f3ides Online\",\"description\":\"Compre ester\u00f3ides online hoje em Espanha e Portugal. Temos o melhor servi\u00e7o ao cliente do setor e produtos da mais alta qualidade\",\"potentialAction\":[{\"@type\":\"SearchAction\",\"target\":{\"@type\":\"EntryPoint\",\"urlTemplate\":\"https:\\\/\\\/iberoid-shop.com\\\/?s={search_term_string}\"},\"query-input\":{\"@type\":\"PropertyValueSpecification\",\"valueRequired\":true,\"valueName\":\"search_term_string\"}}],\"inLanguage\":\"pt-PT\"}]}<\/script>\n<meta property=\"product:brand\" content=\"Cenforce\" \/>\n<meta property=\"product:price:amount\" content=\"45.00\" \/>\n<meta property=\"product:price:currency\" content=\"EUR\" \/>\n<meta property=\"og:availability\" content=\"instock\" \/>\n<meta property=\"product:availability\" content=\"instock\" \/>\n<meta property=\"product:condition\" content=\"new\" \/>\n<!-- \/ Yoast SEO Premium plugin. -->","yoast_head_json":{"title":"PACK5 \/BLISTERS Sildenafil - Cenforce 100mg - Ester\u00f3ides Online","description":"Cenforce 100 mg (Sildenafil) ajuda a tratar a disfun\u00e7\u00e3o er\u00e9til, melhorar o desempenho e manter ere\u00e7\u00f5es duradouras.","robots":{"index":"index","follow":"follow","max-snippet":"max-snippet:-1","max-image-preview":"max-image-preview:large","max-video-preview":"max-video-preview:-1"},"canonical":"https:\/\/iberoid.com\/pt\/product\/pack5-blisters-sildenafil-cenforce-100mg\/","og_locale":"pt_PT","og_type":"article","og_title":"PACK5 \/BLISTERS Sildenafil - Cenforce 100mg","og_description":"Cenforce 100 mg (Sildenafil) ajuda a tratar a disfun\u00e7\u00e3o er\u00e9til, melhorar o desempenho e manter ere\u00e7\u00f5es duradouras.","og_url":"https:\/\/iberoid.com\/pt\/product\/pack5-blisters-sildenafil-cenforce-100mg\/","og_site_name":"Ester\u00f3ides Online","article_modified_time":"2026-02-18T09:19:56+00:00","og_image":[{"width":1000,"height":613,"url":"https:\/\/iberoid.com\/wp-content\/uploads\/2021\/12\/cenforce5.png?v=1702425759","type":"image\/png"}],"twitter_card":"summary_large_image","twitter_misc":{"pre\u00e7o":"&euro;45.00","Disponibilidade":"Em stock"},"schema":{"@context":"https:\/\/schema.org","@graph":[{"@type":"WebPage","@id":"https:\/\/iberoid.com\/pt\/product\/pack5-blisters-sildenafil-cenforce-100mg\/","url":"https:\/\/iberoid.com\/pt\/product\/pack5-blisters-sildenafil-cenforce-100mg\/","name":"PACK5 \/BLISTERS Sildenafil - Cenforce 100mg - Ester\u00f3ides Online","isPartOf":{"@id":"https:\/\/iberoid-shop.com\/#website"},"primaryImageOfPage":{"@id":"https:\/\/iberoid.com\/pt\/product\/pack5-blisters-sildenafil-cenforce-100mg\/#primaryimage"},"image":{"@id":"https:\/\/iberoid.com\/pt\/product\/pack5-blisters-sildenafil-cenforce-100mg\/#primaryimage"},"thumbnailUrl":"https:\/\/iberoid.com\/wp-content\/uploads\/2021\/12\/cenforce5.png?v=1702425759","datePublished":"2021-12-24T13:20:16+00:00","dateModified":"2026-02-18T09:19:56+00:00","description":"Cenforce 100 mg (Sildenafil) ajuda a tratar a disfun\u00e7\u00e3o er\u00e9til, melhorar o desempenho e manter ere\u00e7\u00f5es duradouras.","breadcrumb":{"@id":"https:\/\/iberoid.com\/pt\/product\/pack5-blisters-sildenafil-cenforce-100mg\/#breadcrumb"},"inLanguage":"pt-PT","potentialAction":[{"@type":"ReadAction","target":[["https:\/\/iberoid.com\/pt\/product\/pack5-blisters-sildenafil-cenforce-100mg\/"]]}]},{"@type":"ImageObject","inLanguage":"pt-PT","@id":"https:\/\/iberoid.com\/pt\/product\/pack5-blisters-sildenafil-cenforce-100mg\/#primaryimage","url":"https:\/\/iberoid.com\/wp-content\/uploads\/2021\/12\/cenforce5.png?v=1702425759","contentUrl":"https:\/\/iberoid.com\/wp-content\/uploads\/2021\/12\/cenforce5.png?v=1702425759","width":1000,"height":613},{"@type":"BreadcrumbList","@id":"https:\/\/iberoid.com\/pt\/product\/pack5-blisters-sildenafil-cenforce-100mg\/#breadcrumb","itemListElement":[{"@type":"ListItem","position":1,"name":"Portada","item":"https:\/\/iberoid.com\/pt\/"},{"@type":"ListItem","position":2,"name":"Loja","item":"https:\/\/iberoid.com\/pt\/shop\/"},{"@type":"ListItem","position":3,"name":"PACK5 \/BLISTERS Sildenafil &#8211; Cenforce 100mg"}]},{"@type":"WebSite","@id":"https:\/\/iberoid-shop.com\/#website","url":"https:\/\/iberoid-shop.com\/","name":"Ester\u00f3ides Online","description":"Compre ester\u00f3ides online hoje em Espanha e Portugal. Temos o melhor servi\u00e7o ao cliente do setor e produtos da mais alta qualidade","potentialAction":[{"@type":"SearchAction","target":{"@type":"EntryPoint","urlTemplate":"https:\/\/iberoid-shop.com\/?s={search_term_string}"},"query-input":{"@type":"PropertyValueSpecification","valueRequired":true,"valueName":"search_term_string"}}],"inLanguage":"pt-PT"}]},"product_brand":"Cenforce","product_price_amount":"45.00","product_price_currency":"EUR","og_availability":"instock","product_availability":"instock","product_condition":"new"},"_links":{"self":[{"href":"https:\/\/iberoid.com\/pt\/wp-json\/wp\/v2\/product\/7071","targetHints":{"allow":["GET"]}}],"collection":[{"href":"https:\/\/iberoid.com\/pt\/wp-json\/wp\/v2\/product"}],"about":[{"href":"https:\/\/iberoid.com\/pt\/wp-json\/wp\/v2\/types\/product"}],"replies":[{"embeddable":true,"href":"https:\/\/iberoid.com\/pt\/wp-json\/wp\/v2\/comments?post=7071"}],"wp:featuredmedia":[{"embeddable":true,"href":"https:\/\/iberoid.com\/pt\/wp-json\/wp\/v2\/media\/7072"}],"wp:attachment":[{"href":"https:\/\/iberoid.com\/pt\/wp-json\/wp\/v2\/media?parent=7071"}],"wp:term":[{"taxonomy":"product_brand","embeddable":true,"href":"https:\/\/iberoid.com\/pt\/wp-json\/wp\/v2\/product_brand?post=7071"},{"taxonomy":"product_cat","embeddable":true,"href":"https:\/\/iberoid.com\/pt\/wp-json\/wp\/v2\/product_cat?post=7071"},{"taxonomy":"product_tag","embeddable":true,"href":"https:\/\/iberoid.com\/pt\/wp-json\/wp\/v2\/product_tag?post=7071"}],"curies":[{"name":"wp","href":"https:\/\/api.w.org\/{rel}","templated":true}]}}