{"id":7078,"date":"2021-12-25T13:20:04","date_gmt":"2021-12-25T13:20:04","guid":{"rendered":"https:\/\/iberoid.com\/?post_type=product&#038;p=7078"},"modified":"2026-01-21T10:22:16","modified_gmt":"2026-01-21T10:22:16","slug":"dnp-100mg-pharmagen","status":"publish","type":"product","link":"https:\/\/iberoid.com\/pt\/product\/dnp-100mg-pharmagen\/","title":{"rendered":"DNP 100mg"},"content":{"rendered":"<p>O DNP exerce seus efeitos dentro da c\u00e9lula, mais especificamente dentro da membrana da mitoc\u00f4ndria. A vantagem de mecanismos de a\u00e7\u00e3o intracelular como este \u00e9 que uma toler\u00e2ncia ao DNP n\u00e3o pode se desenvolver. Para encurtar a hist\u00f3ria, o DNP torna o processo de forma\u00e7\u00e3o de ATP muito ineficiente. Por que isso \u00e9 importante? Porque o ATP \u00e9 a unidade de energia necess\u00e1ria para conduzir todas as nossas rea\u00e7\u00f5es bioqu\u00edmicas em nosso corpo que s\u00e3o necess\u00e1rias para nos manter vivos. As c\u00e9lulas do nosso corpo precisam constantemente de energia (ATP) para se manterem vivas. A quantidade de ATP necess\u00e1ria para manter uma pessoa viva depende de sua taxa metab\u00f3lica basal. Ao tornar a forma\u00e7\u00e3o de ATP ineficiente, a taxa metab\u00f3lica basal de uma pessoa pode aumentar indefinidamente, mas para usos pr\u00e1ticos, a taxa metab\u00f3lica basal pode aumentar com seguran\u00e7a em 30-50% sem colocar a vida em perigo. N\u00e3o \u00e9 in\u00e9dito que as pessoas percam at\u00e9 um quilo de gordura pura por dia enquanto tomam DNP.<\/p>\n<p>Se voc\u00ea n\u00e3o est\u00e1 familiarizado com o ATP, \u00e9 no que as calorias armazenadas em carboidratos, gorduras e prote\u00ednas s\u00e3o eventualmente transformadas. Em outras palavras, a energia armazenada nas macromol\u00e9culas \u00e9 transferida para a mol\u00e9cula de ATP, mas o DNP interrompe esse processo. Em vez de produzir ATP a partir de macromol\u00e9culas na presen\u00e7a de DNP, a energia potencial \u00e9 apenas transformada em calor. Isso \u00e9 muito significativo porque os n\u00edveis de ATP no corpo diminuir\u00e3o rapidamente e as c\u00e9lulas querem reabastecer esse armazenamento quebrando mais gorduras, carboidratos, etc. estar\u00e1 sempre tentando queimar mais gorduras, carboidratos e prote\u00ednas para ajudar a repor os n\u00edveis de ATP. Isso n\u00e3o \u00e9 diferente de fazer exerc\u00edcios aer\u00f3bicos, como correr, andar de bicicleta, etc., exceto enquanto no DNP, o corpo est\u00e1 fazendo o aer\u00f3bico. A dosagem \u00e9 de 2-6mg\/1 quilo de peso corporal. Um medicamento antial\u00e9rgico deve ser adicionado ao ciclo.<\/p>","protected":false},"excerpt":{"rendered":"<p>O DNP exerce seus efeitos dentro da c\u00e9lula, mais especificamente dentro da membrana da mitoc\u00f4ndria. A vantagem de mecanismos de<\/p>\n","protected":false},"featured_media":7079,"comment_status":"open","ping_status":"closed","template":"","meta":[],"product_brand":[],"product_cat":[73],"product_tag":[],"class_list":{"0":"post-7078","1":"product","2":"type-product","3":"status-publish","4":"has-post-thumbnail","6":"product_cat-ssteroides_orales","8":"first","9":"outofstock","10":"shipping-taxable","11":"purchasable","12":"product-type-simple"},"yoast_head":"<!-- This site is optimized with the Yoast SEO Premium plugin v24.4 (Yoast SEO v27.3) - https:\/\/yoast.com\/product\/yoast-seo-premium-wordpress\/ -->\n<title>DNP 100mg - Ester\u00f3ides Online<\/title>\n<meta name=\"robots\" content=\"index, follow, max-snippet:-1, max-image-preview:large, max-video-preview:-1\" \/>\n<link rel=\"canonical\" href=\"https:\/\/iberoid.com\/pt\/product\/dnp-100mg-pharmagen\/\" \/>\n<meta property=\"og:locale\" content=\"pt_PT\" \/>\n<meta property=\"og:type\" content=\"article\" \/>\n<meta property=\"og:title\" content=\"DNP 100mg\" \/>\n<meta property=\"og:description\" content=\"O DNP exerce seus efeitos dentro da c\u00e9lula, mais especificamente dentro da membrana da mitoc\u00f4ndria. A vantagem de mecanismos de\" \/>\n<meta property=\"og:url\" content=\"https:\/\/iberoid.com\/pt\/product\/dnp-100mg-pharmagen\/\" \/>\n<meta property=\"og:site_name\" content=\"Ester\u00f3ides Online\" \/>\n<meta property=\"article:modified_time\" content=\"2026-01-21T10:22:16+00:00\" \/>\n<meta property=\"og:image\" content=\"https:\/\/iberoid.com\/wp-content\/uploads\/2021\/12\/DNP.jpeg?v=1678119941\" \/>\n\t<meta property=\"og:image:width\" content=\"1600\" \/>\n\t<meta property=\"og:image:height\" content=\"1066\" \/>\n\t<meta property=\"og:image:type\" content=\"image\/jpeg\" \/>\n<meta name=\"twitter:card\" content=\"summary_large_image\" \/>\n<meta name=\"twitter:label1\" content=\"pre\u00e7o\" \/>\n\t<meta name=\"twitter:data1\" content=\"&euro;75.00\" \/>\n\t<meta name=\"twitter:label2\" content=\"Disponibilidade\" \/>\n\t<meta name=\"twitter:data2\" content=\"Esgotado\" \/>\n<script type=\"application\/ld+json\" class=\"yoast-schema-graph\">{\"@context\":\"https:\\\/\\\/schema.org\",\"@graph\":[{\"@type\":\"WebPage\",\"@id\":\"https:\\\/\\\/iberoid.com\\\/pt\\\/product\\\/dnp-100mg-pharmagen\\\/\",\"url\":\"https:\\\/\\\/iberoid.com\\\/pt\\\/product\\\/dnp-100mg-pharmagen\\\/\",\"name\":\"DNP 100mg - Ester\u00f3ides Online\",\"isPartOf\":{\"@id\":\"https:\\\/\\\/iberoid.com\\\/pt\\\/#website\"},\"primaryImageOfPage\":{\"@id\":\"https:\\\/\\\/iberoid.com\\\/pt\\\/product\\\/dnp-100mg-pharmagen\\\/#primaryimage\"},\"image\":{\"@id\":\"https:\\\/\\\/iberoid.com\\\/pt\\\/product\\\/dnp-100mg-pharmagen\\\/#primaryimage\"},\"thumbnailUrl\":\"https:\\\/\\\/iberoid.com\\\/wp-content\\\/uploads\\\/2021\\\/12\\\/DNP.jpeg?v=1678119941\",\"datePublished\":\"2021-12-25T13:20:04+00:00\",\"dateModified\":\"2026-01-21T10:22:16+00:00\",\"breadcrumb\":{\"@id\":\"https:\\\/\\\/iberoid.com\\\/pt\\\/product\\\/dnp-100mg-pharmagen\\\/#breadcrumb\"},\"inLanguage\":\"pt-PT\",\"potentialAction\":[{\"@type\":\"ReadAction\",\"target\":[[\"https:\\\/\\\/iberoid.com\\\/pt\\\/product\\\/dnp-100mg-pharmagen\\\/\"]]}]},{\"@type\":\"ImageObject\",\"inLanguage\":\"pt-PT\",\"@id\":\"https:\\\/\\\/iberoid.com\\\/pt\\\/product\\\/dnp-100mg-pharmagen\\\/#primaryimage\",\"url\":\"https:\\\/\\\/iberoid.com\\\/wp-content\\\/uploads\\\/2021\\\/12\\\/DNP.jpeg?v=1678119941\",\"contentUrl\":\"https:\\\/\\\/iberoid.com\\\/wp-content\\\/uploads\\\/2021\\\/12\\\/DNP.jpeg?v=1678119941\",\"width\":1600,\"height\":1066},{\"@type\":\"BreadcrumbList\",\"@id\":\"https:\\\/\\\/iberoid.com\\\/pt\\\/product\\\/dnp-100mg-pharmagen\\\/#breadcrumb\",\"itemListElement\":[{\"@type\":\"ListItem\",\"position\":1,\"name\":\"Portada\",\"item\":\"https:\\\/\\\/iberoid.com\\\/pt\\\/\"},{\"@type\":\"ListItem\",\"position\":2,\"name\":\"Loja\",\"item\":\"https:\\\/\\\/iberoid.com\\\/pt\\\/shop\\\/\"},{\"@type\":\"ListItem\",\"position\":3,\"name\":\"DNP 100mg\"}]},{\"@type\":\"WebSite\",\"@id\":\"https:\\\/\\\/iberoid.com\\\/pt\\\/#website\",\"url\":\"https:\\\/\\\/iberoid.com\\\/pt\\\/\",\"name\":\"Ester\u00f3ides Online\",\"description\":\"Compre ester\u00f3ides online hoje em Espanha e Portugal. Temos o melhor servi\u00e7o ao cliente do setor e produtos da mais alta qualidade\",\"potentialAction\":[{\"@type\":\"SearchAction\",\"target\":{\"@type\":\"EntryPoint\",\"urlTemplate\":\"https:\\\/\\\/iberoid.com\\\/pt\\\/?s={search_term_string}\"},\"query-input\":{\"@type\":\"PropertyValueSpecification\",\"valueRequired\":true,\"valueName\":\"search_term_string\"}}],\"inLanguage\":\"pt-PT\"}]}<\/script>\n<meta property=\"product:brand\" content=\"Pharma Gen\" \/>\n<meta property=\"product:price:amount\" content=\"75.00\" \/>\n<meta property=\"product:price:currency\" content=\"EUR\" \/>\n<meta property=\"og:availability\" content=\"out of stock\" \/>\n<meta property=\"product:availability\" content=\"out of stock\" \/>\n<meta property=\"product:condition\" content=\"new\" \/>\n<!-- \/ Yoast SEO Premium plugin. -->","yoast_head_json":{"title":"DNP 100mg - Ester\u00f3ides Online","robots":{"index":"index","follow":"follow","max-snippet":"max-snippet:-1","max-image-preview":"max-image-preview:large","max-video-preview":"max-video-preview:-1"},"canonical":"https:\/\/iberoid.com\/pt\/product\/dnp-100mg-pharmagen\/","og_locale":"pt_PT","og_type":"article","og_title":"DNP 100mg","og_description":"O DNP exerce seus efeitos dentro da c\u00e9lula, mais especificamente dentro da membrana da mitoc\u00f4ndria. A vantagem de mecanismos de","og_url":"https:\/\/iberoid.com\/pt\/product\/dnp-100mg-pharmagen\/","og_site_name":"Ester\u00f3ides Online","article_modified_time":"2026-01-21T10:22:16+00:00","og_image":[{"width":1600,"height":1066,"url":"https:\/\/iberoid.com\/wp-content\/uploads\/2021\/12\/DNP.jpeg?v=1678119941","type":"image\/jpeg"}],"twitter_card":"summary_large_image","twitter_misc":{"pre\u00e7o":"&euro;75.00","Disponibilidade":"Esgotado"},"schema":{"@context":"https:\/\/schema.org","@graph":[{"@type":"WebPage","@id":"https:\/\/iberoid.com\/pt\/product\/dnp-100mg-pharmagen\/","url":"https:\/\/iberoid.com\/pt\/product\/dnp-100mg-pharmagen\/","name":"DNP 100mg - Ester\u00f3ides Online","isPartOf":{"@id":"https:\/\/iberoid.com\/pt\/#website"},"primaryImageOfPage":{"@id":"https:\/\/iberoid.com\/pt\/product\/dnp-100mg-pharmagen\/#primaryimage"},"image":{"@id":"https:\/\/iberoid.com\/pt\/product\/dnp-100mg-pharmagen\/#primaryimage"},"thumbnailUrl":"https:\/\/iberoid.com\/wp-content\/uploads\/2021\/12\/DNP.jpeg?v=1678119941","datePublished":"2021-12-25T13:20:04+00:00","dateModified":"2026-01-21T10:22:16+00:00","breadcrumb":{"@id":"https:\/\/iberoid.com\/pt\/product\/dnp-100mg-pharmagen\/#breadcrumb"},"inLanguage":"pt-PT","potentialAction":[{"@type":"ReadAction","target":[["https:\/\/iberoid.com\/pt\/product\/dnp-100mg-pharmagen\/"]]}]},{"@type":"ImageObject","inLanguage":"pt-PT","@id":"https:\/\/iberoid.com\/pt\/product\/dnp-100mg-pharmagen\/#primaryimage","url":"https:\/\/iberoid.com\/wp-content\/uploads\/2021\/12\/DNP.jpeg?v=1678119941","contentUrl":"https:\/\/iberoid.com\/wp-content\/uploads\/2021\/12\/DNP.jpeg?v=1678119941","width":1600,"height":1066},{"@type":"BreadcrumbList","@id":"https:\/\/iberoid.com\/pt\/product\/dnp-100mg-pharmagen\/#breadcrumb","itemListElement":[{"@type":"ListItem","position":1,"name":"Portada","item":"https:\/\/iberoid.com\/pt\/"},{"@type":"ListItem","position":2,"name":"Loja","item":"https:\/\/iberoid.com\/pt\/shop\/"},{"@type":"ListItem","position":3,"name":"DNP 100mg"}]},{"@type":"WebSite","@id":"https:\/\/iberoid.com\/pt\/#website","url":"https:\/\/iberoid.com\/pt\/","name":"Ester\u00f3ides Online","description":"Compre ester\u00f3ides online hoje em Espanha e Portugal. Temos o melhor servi\u00e7o ao cliente do setor e produtos da mais alta qualidade","potentialAction":[{"@type":"SearchAction","target":{"@type":"EntryPoint","urlTemplate":"https:\/\/iberoid.com\/pt\/?s={search_term_string}"},"query-input":{"@type":"PropertyValueSpecification","valueRequired":true,"valueName":"search_term_string"}}],"inLanguage":"pt-PT"}]},"product_brand":"Pharma Gen","product_price_amount":"75.00","product_price_currency":"EUR","og_availability":"out of stock","product_availability":"out of stock","product_condition":"new"},"_links":{"self":[{"href":"https:\/\/iberoid.com\/pt\/wp-json\/wp\/v2\/product\/7078","targetHints":{"allow":["GET"]}}],"collection":[{"href":"https:\/\/iberoid.com\/pt\/wp-json\/wp\/v2\/product"}],"about":[{"href":"https:\/\/iberoid.com\/pt\/wp-json\/wp\/v2\/types\/product"}],"replies":[{"embeddable":true,"href":"https:\/\/iberoid.com\/pt\/wp-json\/wp\/v2\/comments?post=7078"}],"wp:featuredmedia":[{"embeddable":true,"href":"https:\/\/iberoid.com\/pt\/wp-json\/wp\/v2\/media\/7079"}],"wp:attachment":[{"href":"https:\/\/iberoid.com\/pt\/wp-json\/wp\/v2\/media?parent=7078"}],"wp:term":[{"taxonomy":"product_brand","embeddable":true,"href":"https:\/\/iberoid.com\/pt\/wp-json\/wp\/v2\/product_brand?post=7078"},{"taxonomy":"product_cat","embeddable":true,"href":"https:\/\/iberoid.com\/pt\/wp-json\/wp\/v2\/product_cat?post=7078"},{"taxonomy":"product_tag","embeddable":true,"href":"https:\/\/iberoid.com\/pt\/wp-json\/wp\/v2\/product_tag?post=7078"}],"curies":[{"name":"wp","href":"https:\/\/api.w.org\/{rel}","templated":true}]}}